{"id":24401,"date":"2023-01-02T10:07:32","date_gmt":"2023-01-02T10:07:32","guid":{"rendered":"https:\/\/www.upjs.sk\/pracoviska\/univerzitna-kniznica\/?page_id=24401"},"modified":"2024-03-07T11:07:18","modified_gmt":"2024-03-07T11:07:18","slug":"upravit-stranku","status":"publish","type":"page","link":"https:\/\/www.upjs.sk\/pracoviska\/univerzitna-kniznica\/upravit-stranku\/","title":{"rendered":"Cita\u010dn\u00e9 mana\u017e\u00e9ry &#8211; \u0161t\u00fadium"},"content":{"rendered":"\n<p><\/p>\n\n\n\n<h1 class=\"wp-block-heading\"><\/h1>\n\n\n\n<p id=\"block-efcca43c-66ac-475e-b41c-57d28a8b5b1c\"><\/p>\n\n\n\n<p id=\"block-1785705e-198c-4522-a6aa-0b2f31a94b5a\"><\/p>\n\n\n\n<p class=\"editorskit-no-desktop editorskit-no-tablet editorskit-no-mobile\"><a href=\"https:\/\/www.upjs.sk\/pracoviska\/univerzitna-kniznica\/sluzby\/citacepro\/\" class=\"ek-link\"><strong>Citace PRO<\/strong><\/a><\/p>\n\n\n\n<p><a href=\"https:\/\/www.zotero.org\/\" class=\"ek-link\"><strong>Zotero<\/strong><\/a><\/p>\n\n\n\n<p><a href=\"https:\/\/www.mendeley.com\/reference-management\/mendeley-cite\" class=\"ek-link\"><strong>Mendeley<\/strong><\/a><\/p>\n\n\n\n<p><\/p>\n\n\n\n<p><strong>Videon\u00e1vody:<\/strong><\/p>\n\n\n\n<p>Zotero &#8211; <a href=\"http:\/\/web.uk.upjs.sk\/WP2022\/Zotero%20%20-%20MS%20Word%20-%20%20vkladanie%20cit%C3%A1ci%C3%AD%20a%20bibliografie.mp4\" class=\"ek-link\"><strong>MS Word &#8211; vkladanie cit\u00e1ci\u00ed a bibliografie<\/strong><\/a><\/p>\n\n\n\n<p>Zotero &#8211; <a href=\"http:\/\/web.uk.upjs.sk\/WP2022\/Zotero%20-%20Ako%20prid%C3%A1m%20dokumenty%20do%20cita%C4%8Dn%C3%A9ho%20mana%C5%BE%C3%A9ra%20(002).mp4\" class=\"ek-link\"><strong>Ako prid\u00e1m dokumenty do cita\u010dn\u00e9ho mana\u017e\u00e9ra<\/strong><\/a><\/p>\n\n\n\n<p>Zotero &#8211; <a href=\"http:\/\/web.uk.upjs.sk\/WP2022\/Zotero%20-%20Ako%20vytvor%C3%AD%C5%A5%20%20zlo%C5%BEky%20a%20pracova%C5%A5%20s%20dokumentmi.mp4\" class=\"ek-link\"><strong>Ako vytvori\u0165 zlo\u017eky a pracova\u0165 s dokumentmi<\/strong><\/a><\/p>\n\n\n\n<p><\/p>\n\n\n\n<p><\/p>\n\n\n\n<p> <strong>Pom\u00f4cka pri tvorbe cit\u00e1ci\u00ed<\/strong>:<\/p>\n\n\n\n<ul class=\"wp-block-list\">\n<li><a href=\"https:\/\/www.upjs.sk\/app\/uploads\/sites\/16\/2024\/02\/10-22_Lichnerova_Bellerova-1.pdf\" class=\"ek-link\"><strong>LICHNEROV\u00c1, L., BELL\u00c9ROV\u00c1, B. <em>Nov\u00e9 pravidl\u00e1 citovania pod\u013ea ISO 690 z&nbsp;roku 2021<\/em>. In: ITlib, 2023, &nbsp;\u010d. 3-4\/2023<\/strong><\/a><\/li>\n\n\n\n<li> <a href=\"https:\/\/www.upjs.sk\/app\/uploads\/sites\/16\/2024\/02\/Vyklad-CSN-ISO-690-2022-1.pdf\" class=\"ek-link\"><strong>V\u00fdklad normy \u010cSN ISO 690:2022 (01 0197) \u00fa\u010dinn\u00e9 od 1.12.2022<\/strong><\/a><\/li>\n\n\n\n<li><strong><a href=\"https:\/\/www.upjs.sk\/app\/uploads\/sites\/16\/2024\/03\/CITOVANIE-PODLA-NORMY-ISO-690_odporucanie.pdf\" class=\"ek-link\">Citovanie pod\u013ea Normy ISO 690 &#8211; odpor\u00fa\u010danie<\/a><\/strong><\/li>\n<\/ul>\n","protected":false},"excerpt":{"rendered":"<p>Citace PRO Zotero Mendeley Videon\u00e1vody: Zotero &#8211; MS Word &#8211; vkladanie cit\u00e1ci\u00ed a bibliografie Zotero &#8211; Ako prid\u00e1m dokumenty do cita\u010dn\u00e9ho mana\u017e\u00e9ra Zotero &#8211; Ako vytvori\u0165 zlo\u017eky a pracova\u0165 s dokumentmi Pom\u00f4cka pri tvorbe cit\u00e1ci\u00ed:<\/p>\n","protected":false},"author":23,"featured_media":0,"parent":0,"menu_order":0,"comment_status":"closed","ping_status":"closed","template":"","meta":{"_acf_changed":false,"_editorskit_title_hidden":false,"_editorskit_reading_time":1,"_editorskit_is_block_options_detached":false,"_editorskit_block_options_position":"{}","footnotes":""},"categories":[],"tags":[],"class_list":["post-24401","page","type-page","status-publish","hentry"],"acf":{"acf_link_na_externy_obsah":""},"yoast_head":"<!-- This site is optimized with the Yoast SEO plugin v27.2 - https:\/\/yoast.com\/product\/yoast-seo-wordpress\/ -->\n<title>Cita\u010dn\u00e9 mana\u017e\u00e9ry - \u0161t\u00fadium - Univerzitn\u00e1 kni\u017enica | UPJ\u0160<\/title>\n<meta name=\"robots\" content=\"index, follow, max-snippet:-1, max-image-preview:large, max-video-preview:-1\" \/>\n<link rel=\"canonical\" href=\"https:\/\/www.upjs.sk\/pracoviska\/univerzitna-kniznica\/upravit-stranku\/\" \/>\n<meta property=\"og:locale\" content=\"sk_SK\" \/>\n<meta property=\"og:type\" content=\"article\" \/>\n<meta property=\"og:title\" content=\"Cita\u010dn\u00e9 mana\u017e\u00e9ry - \u0161t\u00fadium - Univerzitn\u00e1 kni\u017enica | UPJ\u0160\" \/>\n<meta property=\"og:description\" content=\"Citace PRO Zotero Mendeley Videon\u00e1vody: Zotero &#8211; MS Word &#8211; vkladanie cit\u00e1ci\u00ed a bibliografie Zotero &#8211; Ako prid\u00e1m dokumenty do cita\u010dn\u00e9ho mana\u017e\u00e9ra Zotero &#8211; Ako vytvori\u0165 zlo\u017eky a pracova\u0165 s dokumentmi Pom\u00f4cka pri tvorbe cit\u00e1ci\u00ed:\" \/>\n<meta property=\"og:url\" content=\"https:\/\/www.upjs.sk\/pracoviska\/univerzitna-kniznica\/upravit-stranku\/\" \/>\n<meta property=\"og:site_name\" content=\"Univerzitn\u00e1 kni\u017enica | UPJ\u0160\" \/>\n<meta property=\"article:modified_time\" content=\"2024-03-07T11:07:18+00:00\" \/>\n<meta name=\"twitter:card\" content=\"summary_large_image\" \/>\n<meta name=\"twitter:label1\" content=\"Predpokladan\u00fd \u010das \u010d\u00edtania\" \/>\n\t<meta name=\"twitter:data1\" content=\"1 min\u00fata\" \/>\n<script type=\"application\/ld+json\" class=\"yoast-schema-graph\">{\"@context\":\"https:\/\/schema.org\",\"@graph\":[{\"@type\":\"WebPage\",\"@id\":\"https:\/\/www.upjs.sk\/pracoviska\/univerzitna-kniznica\/upravit-stranku\/\",\"url\":\"https:\/\/www.upjs.sk\/pracoviska\/univerzitna-kniznica\/upravit-stranku\/\",\"name\":\"Cita\u010dn\u00e9 mana\u017e\u00e9ry - \u0161t\u00fadium - Univerzitn\u00e1 kni\u017enica | UPJ\u0160\",\"isPartOf\":{\"@id\":\"https:\/\/www.upjs.sk\/pracoviska\/univerzitna-kniznica\/#website\"},\"datePublished\":\"2023-01-02T10:07:32+00:00\",\"dateModified\":\"2024-03-07T11:07:18+00:00\",\"breadcrumb\":{\"@id\":\"https:\/\/www.upjs.sk\/pracoviska\/univerzitna-kniznica\/upravit-stranku\/#breadcrumb\"},\"inLanguage\":\"sk-SK\",\"potentialAction\":[{\"@type\":\"ReadAction\",\"target\":[\"https:\/\/www.upjs.sk\/pracoviska\/univerzitna-kniznica\/upravit-stranku\/\"]}]},{\"@type\":\"BreadcrumbList\",\"@id\":\"https:\/\/www.upjs.sk\/pracoviska\/univerzitna-kniznica\/upravit-stranku\/#breadcrumb\",\"itemListElement\":[{\"@type\":\"ListItem\",\"position\":1,\"name\":\"Home\",\"item\":\"https:\/\/www.upjs.sk\/pracoviska\/univerzitna-kniznica\/\"},{\"@type\":\"ListItem\",\"position\":2,\"name\":\"Cita\u010dn\u00e9 mana\u017e\u00e9ry &#8211; \u0161t\u00fadium\"}]},{\"@type\":\"WebSite\",\"@id\":\"https:\/\/www.upjs.sk\/pracoviska\/univerzitna-kniznica\/#website\",\"url\":\"https:\/\/www.upjs.sk\/pracoviska\/univerzitna-kniznica\/\",\"name\":\"Univerzitn\u00e1 kni\u017enica | UPJ\u0160\",\"description\":\"Dr\u017e\u00edme v\u00e1s nad vodou v mori inform\u00e1ci\u00ed\",\"publisher\":{\"@id\":\"https:\/\/www.upjs.sk\/pracoviska\/univerzitna-kniznica\/#organization\"},\"potentialAction\":[{\"@type\":\"SearchAction\",\"target\":{\"@type\":\"EntryPoint\",\"urlTemplate\":\"https:\/\/www.upjs.sk\/pracoviska\/univerzitna-kniznica\/?s={search_term_string}\"},\"query-input\":{\"@type\":\"PropertyValueSpecification\",\"valueRequired\":true,\"valueName\":\"search_term_string\"}}],\"inLanguage\":\"sk-SK\"},{\"@type\":\"Organization\",\"@id\":\"https:\/\/www.upjs.sk\/pracoviska\/univerzitna-kniznica\/#organization\",\"name\":\"Univerzitn\u00e1 kni\u017enica | UPJ\u0160\",\"url\":\"https:\/\/www.upjs.sk\/pracoviska\/univerzitna-kniznica\/\",\"logo\":{\"@type\":\"ImageObject\",\"inLanguage\":\"sk-SK\",\"@id\":\"https:\/\/www.upjs.sk\/pracoviska\/univerzitna-kniznica\/#\/schema\/logo\/image\/\",\"url\":\"https:\/\/www.upjs.sk\/app\/uploads\/sites\/16\/2023\/01\/UK-1.svg\",\"contentUrl\":\"https:\/\/www.upjs.sk\/app\/uploads\/sites\/16\/2023\/01\/UK-1.svg\",\"width\":500,\"height\":138,\"caption\":\"Univerzitn\u00e1 kni\u017enica | UPJ\u0160\"},\"image\":{\"@id\":\"https:\/\/www.upjs.sk\/pracoviska\/univerzitna-kniznica\/#\/schema\/logo\/image\/\"}}]}<\/script>\n<!-- \/ Yoast SEO plugin. -->","yoast_head_json":{"title":"Cita\u010dn\u00e9 mana\u017e\u00e9ry - \u0161t\u00fadium - Univerzitn\u00e1 kni\u017enica | UPJ\u0160","robots":{"index":"index","follow":"follow","max-snippet":"max-snippet:-1","max-image-preview":"max-image-preview:large","max-video-preview":"max-video-preview:-1"},"canonical":"https:\/\/www.upjs.sk\/pracoviska\/univerzitna-kniznica\/upravit-stranku\/","og_locale":"sk_SK","og_type":"article","og_title":"Cita\u010dn\u00e9 mana\u017e\u00e9ry - \u0161t\u00fadium - Univerzitn\u00e1 kni\u017enica | UPJ\u0160","og_description":"Citace PRO Zotero Mendeley Videon\u00e1vody: Zotero &#8211; MS Word &#8211; vkladanie cit\u00e1ci\u00ed a bibliografie Zotero &#8211; Ako prid\u00e1m dokumenty do cita\u010dn\u00e9ho mana\u017e\u00e9ra Zotero &#8211; Ako vytvori\u0165 zlo\u017eky a pracova\u0165 s dokumentmi Pom\u00f4cka pri tvorbe cit\u00e1ci\u00ed:","og_url":"https:\/\/www.upjs.sk\/pracoviska\/univerzitna-kniznica\/upravit-stranku\/","og_site_name":"Univerzitn\u00e1 kni\u017enica | UPJ\u0160","article_modified_time":"2024-03-07T11:07:18+00:00","twitter_card":"summary_large_image","twitter_misc":{"Predpokladan\u00fd \u010das \u010d\u00edtania":"1 min\u00fata"},"schema":{"@context":"https:\/\/schema.org","@graph":[{"@type":"WebPage","@id":"https:\/\/www.upjs.sk\/pracoviska\/univerzitna-kniznica\/upravit-stranku\/","url":"https:\/\/www.upjs.sk\/pracoviska\/univerzitna-kniznica\/upravit-stranku\/","name":"Cita\u010dn\u00e9 mana\u017e\u00e9ry - \u0161t\u00fadium - Univerzitn\u00e1 kni\u017enica | UPJ\u0160","isPartOf":{"@id":"https:\/\/www.upjs.sk\/pracoviska\/univerzitna-kniznica\/#website"},"datePublished":"2023-01-02T10:07:32+00:00","dateModified":"2024-03-07T11:07:18+00:00","breadcrumb":{"@id":"https:\/\/www.upjs.sk\/pracoviska\/univerzitna-kniznica\/upravit-stranku\/#breadcrumb"},"inLanguage":"sk-SK","potentialAction":[{"@type":"ReadAction","target":["https:\/\/www.upjs.sk\/pracoviska\/univerzitna-kniznica\/upravit-stranku\/"]}]},{"@type":"BreadcrumbList","@id":"https:\/\/www.upjs.sk\/pracoviska\/univerzitna-kniznica\/upravit-stranku\/#breadcrumb","itemListElement":[{"@type":"ListItem","position":1,"name":"Home","item":"https:\/\/www.upjs.sk\/pracoviska\/univerzitna-kniznica\/"},{"@type":"ListItem","position":2,"name":"Cita\u010dn\u00e9 mana\u017e\u00e9ry &#8211; \u0161t\u00fadium"}]},{"@type":"WebSite","@id":"https:\/\/www.upjs.sk\/pracoviska\/univerzitna-kniznica\/#website","url":"https:\/\/www.upjs.sk\/pracoviska\/univerzitna-kniznica\/","name":"Univerzitn\u00e1 kni\u017enica | UPJ\u0160","description":"Dr\u017e\u00edme v\u00e1s nad vodou v mori inform\u00e1ci\u00ed","publisher":{"@id":"https:\/\/www.upjs.sk\/pracoviska\/univerzitna-kniznica\/#organization"},"potentialAction":[{"@type":"SearchAction","target":{"@type":"EntryPoint","urlTemplate":"https:\/\/www.upjs.sk\/pracoviska\/univerzitna-kniznica\/?s={search_term_string}"},"query-input":{"@type":"PropertyValueSpecification","valueRequired":true,"valueName":"search_term_string"}}],"inLanguage":"sk-SK"},{"@type":"Organization","@id":"https:\/\/www.upjs.sk\/pracoviska\/univerzitna-kniznica\/#organization","name":"Univerzitn\u00e1 kni\u017enica | UPJ\u0160","url":"https:\/\/www.upjs.sk\/pracoviska\/univerzitna-kniznica\/","logo":{"@type":"ImageObject","inLanguage":"sk-SK","@id":"https:\/\/www.upjs.sk\/pracoviska\/univerzitna-kniznica\/#\/schema\/logo\/image\/","url":"https:\/\/www.upjs.sk\/app\/uploads\/sites\/16\/2023\/01\/UK-1.svg","contentUrl":"https:\/\/www.upjs.sk\/app\/uploads\/sites\/16\/2023\/01\/UK-1.svg","width":500,"height":138,"caption":"Univerzitn\u00e1 kni\u017enica | UPJ\u0160"},"image":{"@id":"https:\/\/www.upjs.sk\/pracoviska\/univerzitna-kniznica\/#\/schema\/logo\/image\/"}}]}},"_links":{"self":[{"href":"https:\/\/www.upjs.sk\/pracoviska\/univerzitna-kniznica\/wp-json\/wp\/v2\/pages\/24401","targetHints":{"allow":["GET"]}}],"collection":[{"href":"https:\/\/www.upjs.sk\/pracoviska\/univerzitna-kniznica\/wp-json\/wp\/v2\/pages"}],"about":[{"href":"https:\/\/www.upjs.sk\/pracoviska\/univerzitna-kniznica\/wp-json\/wp\/v2\/types\/page"}],"author":[{"embeddable":true,"href":"https:\/\/www.upjs.sk\/pracoviska\/univerzitna-kniznica\/wp-json\/wp\/v2\/users\/23"}],"replies":[{"embeddable":true,"href":"https:\/\/www.upjs.sk\/pracoviska\/univerzitna-kniznica\/wp-json\/wp\/v2\/comments?post=24401"}],"version-history":[{"count":20,"href":"https:\/\/www.upjs.sk\/pracoviska\/univerzitna-kniznica\/wp-json\/wp\/v2\/pages\/24401\/revisions"}],"predecessor-version":[{"id":33349,"href":"https:\/\/www.upjs.sk\/pracoviska\/univerzitna-kniznica\/wp-json\/wp\/v2\/pages\/24401\/revisions\/33349"}],"wp:attachment":[{"href":"https:\/\/www.upjs.sk\/pracoviska\/univerzitna-kniznica\/wp-json\/wp\/v2\/media?parent=24401"}],"wp:term":[{"taxonomy":"category","embeddable":true,"href":"https:\/\/www.upjs.sk\/pracoviska\/univerzitna-kniznica\/wp-json\/wp\/v2\/categories?post=24401"},{"taxonomy":"post_tag","embeddable":true,"href":"https:\/\/www.upjs.sk\/pracoviska\/univerzitna-kniznica\/wp-json\/wp\/v2\/tags?post=24401"}],"curies":[{"name":"wp","href":"https:\/\/api.w.org\/{rel}","templated":true}]}}