{"id":27550,"date":"2023-01-24T11:37:35","date_gmt":"2023-01-24T11:37:35","guid":{"rendered":"https:\/\/www.upjs.sk\/pracoviska\/univerzitna-kniznica\/kontakt-na-nas-2\/"},"modified":"2026-03-05T12:32:08","modified_gmt":"2026-03-05T12:32:08","slug":"kontakt-na-nas-2","status":"publish","type":"page","link":"https:\/\/www.upjs.sk\/pracoviska\/univerzitna-kniznica\/kontakt-na-nas-2\/","title":{"rendered":"Kontakt"},"content":{"rendered":"\n<div class=\"wp-block-columns is-layout-flex wp-container-core-columns-is-layout-9d6595d7 wp-block-columns-is-layout-flex\">\n<div class=\"wp-block-column is-layout-flow wp-block-column-is-layout-flow\"><\/div>\n\n\n\n<div class=\"wp-block-column is-layout-flow wp-block-column-is-layout-flow\"><\/div>\n\n\n\n<div class=\"wp-block-column is-layout-flow wp-block-column-is-layout-flow\"><\/div>\n<\/div>\n\n\n\n<div class=\"wp-block-columns is-layout-flex wp-container-core-columns-is-layout-9d6595d7 wp-block-columns-is-layout-flex\">\n<div class=\"wp-block-column is-layout-flow wp-block-column-is-layout-flow\" style=\"flex-basis:33.33%\">\n<figure class=\"wp-block-image size-large\"><img loading=\"lazy\" decoding=\"async\" width=\"1024\" height=\"576\" src=\"https:\/\/www.upjs.sk\/app\/uploads\/sites\/16\/2023\/01\/UK_riaditelstvo-1-1024x576.jpg\" alt=\"Fotografia vstupu do budovy Univerzitnej kni\u017enice UPJ\u0160\" class=\"wp-image-26738\" srcset=\"https:\/\/www.upjs.sk\/app\/uploads\/sites\/16\/2023\/01\/UK_riaditelstvo-1-1024x576.jpg 1024w, https:\/\/www.upjs.sk\/app\/uploads\/sites\/16\/2023\/01\/UK_riaditelstvo-1-300x169.jpg 300w, https:\/\/www.upjs.sk\/app\/uploads\/sites\/16\/2023\/01\/UK_riaditelstvo-1-768x432.jpg 768w, https:\/\/www.upjs.sk\/app\/uploads\/sites\/16\/2023\/01\/UK_riaditelstvo-1-1536x864.jpg 1536w, https:\/\/www.upjs.sk\/app\/uploads\/sites\/16\/2023\/01\/UK_riaditelstvo-1-2048x1152.jpg 2048w\" sizes=\"auto, (max-width: 1024px) 100vw, 1024px\" \/><\/figure>\n<\/div>\n\n\n\n<div class=\"wp-block-column is-layout-flow wp-block-column-is-layout-flow\" style=\"flex-basis:66.66%\">\n<figure class=\"wp-block-table\"><table class=\"has-fixed-layout\"><tbody><tr><td><strong>Pracovisk\u00e1<\/strong><\/td><td><strong>Kontakt<\/strong><\/td><\/tr><tr><td><strong>Lek\u00e1rska kni\u017enica<\/strong>, Tr. SNP 1<\/td><td>+ 421 55 234 1619<\/td><\/tr><tr><td><strong>Pr\u00edrodovedeck\u00e1 kni\u017enica<\/strong>, Medick\u00e1 6<\/td><td>+ 421 55 234 1618<\/td><\/tr><tr><td><strong>Pr\u00e1vnick\u00e1 kni\u017enica<\/strong>, Kov\u00e1\u010dska 26<\/td><td>+ 421 55 234 1651, 1653<\/td><\/tr><tr><td><strong>Kni\u017enica na FVS<\/strong>, Popradsk\u00e1 66<\/td><td>+ 421 55 234 1640<\/td><\/tr><tr><td><strong>Filozofick\u00e1 kni\u017enica<\/strong>, Moyzesova 9<\/td><td>+ 421 55 234 1613<\/td><\/tr><tr><td><strong>Rak\u00faska kni\u017enica<\/strong>, Moyzesova 9<\/td><td>+ 421 55 234 1613<\/td><\/tr><\/tbody><\/table><\/figure>\n<\/div>\n<\/div>\n\n\n<hr \/>\n\n\n<hr class=\"wp-block-separator has-alpha-channel-opacity is-style-wide\"\/>\n\n\n\n<p><\/p>\n\n\n\n<p><strong><a href=\"https:\/\/www.upjs.sk\/pracoviska\/univerzitna-kniznica\/kontakt-na-nas\/13679-2-2\/\">Telefonick\u00e9 a e-mailov\u00e9 kontakty<\/a> <\/strong>n\u00e1jdete na str\u00e1nke zamestnancov UK UPJ\u0160<\/p>\n\n\n\n<hr class=\"wp-block-separator has-alpha-channel-opacity is-style-wide\"\/>\n\n\n\n<p><\/p>\n\n\n\n<div class=\"wp-block-columns is-layout-flex wp-container-core-columns-is-layout-9d6595d7 wp-block-columns-is-layout-flex\">\n<div class=\"wp-block-column is-layout-flow wp-block-column-is-layout-flow\">\n<p><\/p>\n\n\n\n<p>Kore\u0161ponden\u010dn\u00e1 adresa:<\/p>\n\n\n\n<p><strong>Univerzita Pavla Jozefa \u0160af\u00e1rika v Ko\u0161iciach<\/strong><\/p>\n\n\n\n<p><strong>Univerzitn\u00e1 kni\u017enica<\/strong><\/p>\n\n\n\n<p>Moyzesova 9, 040 01 Ko\u0161ice<\/p>\n\n\n\n<p><a href=\"mailto:kniznica@upjs.sk\">kniznica@upjs.sk<\/a><\/p>\n\n\n\n<p><\/p>\n\n\n\n<p>ISIL SK-3KADAA00280<\/p>\n<\/div>\n\n\n\n<div class=\"wp-block-column is-layout-flow wp-block-column-is-layout-flow\">\n<p><\/p>\n\n\n\n<p><\/p>\n\n\n\n<p><\/p>\n\n\n\n<p><\/p>\n<\/div>\n<\/div>\n\n\n\n<p><\/p>\n\n\n\n<p><\/p>\n\n\n\n<hr class=\"wp-block-separator has-alpha-channel-opacity is-style-wide\"\/>\n\n\n\n<div class=\"wp-block-columns is-layout-flex wp-container-core-columns-is-layout-9d6595d7 wp-block-columns-is-layout-flex\">\n<div class=\"wp-block-column is-layout-flow wp-block-column-is-layout-flow\">\n<figure class=\"wp-block-image alignleft size-large is-resized is-style-editorskit-rounded\"><a href=\"https:\/\/upjs-kosice.tematickemapy.sk\/mapa\/mapa.html\"><img loading=\"lazy\" decoding=\"async\" width=\"1024\" height=\"616\" src=\"https:\/\/www.upjs.sk\/app\/uploads\/sites\/16\/2023\/03\/banner_virtualneprehliadky-01-2-1024x616.jpg\" alt=\"\" class=\"wp-image-29326\" style=\"width:512px;height:308px\" srcset=\"https:\/\/www.upjs.sk\/app\/uploads\/sites\/16\/2023\/03\/banner_virtualneprehliadky-01-2-1024x616.jpg 1024w, https:\/\/www.upjs.sk\/app\/uploads\/sites\/16\/2023\/03\/banner_virtualneprehliadky-01-2-300x181.jpg 300w, https:\/\/www.upjs.sk\/app\/uploads\/sites\/16\/2023\/03\/banner_virtualneprehliadky-01-2-768x462.jpg 768w, https:\/\/www.upjs.sk\/app\/uploads\/sites\/16\/2023\/03\/banner_virtualneprehliadky-01-2.jpg 1042w\" sizes=\"auto, (max-width: 1024px) 100vw, 1024px\" \/><\/a><\/figure>\n<\/div>\n\n\n\n<div class=\"wp-block-column is-layout-flow wp-block-column-is-layout-flow\">\n<figure class=\"wp-block-image alignright size-large is-resized is-style-editorskit-rounded\"><a href=\"https:\/\/upjs-kosice.tematickemapy.sk\/prezentacia\/index.html\"><img loading=\"lazy\" decoding=\"async\" width=\"1024\" height=\"615\" src=\"https:\/\/www.upjs.sk\/app\/uploads\/sites\/16\/2023\/03\/banner_TEMATICKA-01-1-1024x615.jpg\" alt=\"\" class=\"wp-image-29329\" style=\"width:512px;height:308px\" srcset=\"https:\/\/www.upjs.sk\/app\/uploads\/sites\/16\/2023\/03\/banner_TEMATICKA-01-1-1024x615.jpg 1024w, https:\/\/www.upjs.sk\/app\/uploads\/sites\/16\/2023\/03\/banner_TEMATICKA-01-1-300x180.jpg 300w, https:\/\/www.upjs.sk\/app\/uploads\/sites\/16\/2023\/03\/banner_TEMATICKA-01-1-768x461.jpg 768w, https:\/\/www.upjs.sk\/app\/uploads\/sites\/16\/2023\/03\/banner_TEMATICKA-01-1.jpg 1042w\" sizes=\"auto, (max-width: 1024px) 100vw, 1024px\" \/><\/a><\/figure>\n<\/div>\n<\/div>\n","protected":false},"excerpt":{"rendered":"<p>Pracovisk\u00e1 Kontakt Lek\u00e1rska kni\u017enica, Tr. SNP 1 + 421 55 234 1619 Pr\u00edrodovedeck\u00e1 kni\u017enica, Medick\u00e1 6 + 421 55 234 1618 Pr\u00e1vnick\u00e1 kni\u017enica, Kov\u00e1\u010dska 26 + 421 55 234 1651, 1653 Kni\u017enica na FVS, Popradsk\u00e1 66 + 421 55 234 1640 Filozofick\u00e1 kni\u017enica, Moyzesova 9 + 421 55 234 1613 Rak\u00faska kni\u017enica, Moyzesova 9 + &hellip; <a href=\"https:\/\/www.upjs.sk\/pracoviska\/univerzitna-kniznica\/kontakt-na-nas-2\/\">\u010c\u00edta\u0165 \u010falej<\/a><\/p>\n","protected":false},"author":1,"featured_media":0,"parent":0,"menu_order":0,"comment_status":"closed","ping_status":"closed","template":"","meta":{"_acf_changed":false,"_editorskit_title_hidden":false,"_editorskit_reading_time":1,"_editorskit_is_block_options_detached":false,"_editorskit_block_options_position":"{}","footnotes":""},"categories":[],"tags":[],"class_list":["post-27550","page","type-page","status-publish","hentry"],"acf":{"acf_link_na_externy_obsah":""},"yoast_head":"<!-- This site is optimized with the Yoast SEO plugin v27.2 - https:\/\/yoast.com\/product\/yoast-seo-wordpress\/ -->\n<title>Kontakt - Univerzitn\u00e1 kni\u017enica | UPJ\u0160<\/title>\n<meta name=\"robots\" content=\"index, follow, max-snippet:-1, max-image-preview:large, max-video-preview:-1\" \/>\n<link rel=\"canonical\" href=\"https:\/\/www.upjs.sk\/pracoviska\/univerzitna-kniznica\/kontakt-na-nas-2\/\" \/>\n<meta property=\"og:locale\" content=\"sk_SK\" \/>\n<meta property=\"og:type\" content=\"article\" \/>\n<meta property=\"og:title\" content=\"Kontakt - Univerzitn\u00e1 kni\u017enica | UPJ\u0160\" \/>\n<meta property=\"og:description\" content=\"Pracovisk\u00e1 Kontakt Lek\u00e1rska kni\u017enica, Tr. SNP 1 + 421 55 234 1619 Pr\u00edrodovedeck\u00e1 kni\u017enica, Medick\u00e1 6 + 421 55 234 1618 Pr\u00e1vnick\u00e1 kni\u017enica, Kov\u00e1\u010dska 26 + 421 55 234 1651, 1653 Kni\u017enica na FVS, Popradsk\u00e1 66 + 421 55 234 1640 Filozofick\u00e1 kni\u017enica, Moyzesova 9 + 421 55 234 1613 Rak\u00faska kni\u017enica, Moyzesova 9 + &hellip; \u010c\u00edta\u0165 \u010falej\" \/>\n<meta property=\"og:url\" content=\"https:\/\/www.upjs.sk\/pracoviska\/univerzitna-kniznica\/kontakt-na-nas-2\/\" \/>\n<meta property=\"og:site_name\" content=\"Univerzitn\u00e1 kni\u017enica | UPJ\u0160\" \/>\n<meta property=\"article:modified_time\" content=\"2026-03-05T12:32:08+00:00\" \/>\n<meta property=\"og:image\" content=\"https:\/\/www.upjs.sk\/app\/uploads\/sites\/16\/2023\/01\/UK_riaditelstvo-1.jpg\" \/>\n\t<meta property=\"og:image:width\" content=\"2362\" \/>\n\t<meta property=\"og:image:height\" content=\"1329\" \/>\n\t<meta property=\"og:image:type\" content=\"image\/jpeg\" \/>\n<meta name=\"twitter:card\" content=\"summary_large_image\" \/>\n<meta name=\"twitter:label1\" content=\"Predpokladan\u00fd \u010das \u010d\u00edtania\" \/>\n\t<meta name=\"twitter:data1\" content=\"2 min\u00faty\" \/>\n<script type=\"application\/ld+json\" class=\"yoast-schema-graph\">{\"@context\":\"https:\/\/schema.org\",\"@graph\":[{\"@type\":\"WebPage\",\"@id\":\"https:\/\/www.upjs.sk\/pracoviska\/univerzitna-kniznica\/kontakt-na-nas-2\/\",\"url\":\"https:\/\/www.upjs.sk\/pracoviska\/univerzitna-kniznica\/kontakt-na-nas-2\/\",\"name\":\"Kontakt - Univerzitn\u00e1 kni\u017enica | UPJ\u0160\",\"isPartOf\":{\"@id\":\"https:\/\/www.upjs.sk\/pracoviska\/univerzitna-kniznica\/#website\"},\"primaryImageOfPage\":{\"@id\":\"https:\/\/www.upjs.sk\/pracoviska\/univerzitna-kniznica\/kontakt-na-nas-2\/#primaryimage\"},\"image\":{\"@id\":\"https:\/\/www.upjs.sk\/pracoviska\/univerzitna-kniznica\/kontakt-na-nas-2\/#primaryimage\"},\"thumbnailUrl\":\"https:\/\/www.upjs.sk\/app\/uploads\/sites\/16\/2023\/01\/UK_riaditelstvo-1-1024x576.jpg\",\"datePublished\":\"2023-01-24T11:37:35+00:00\",\"dateModified\":\"2026-03-05T12:32:08+00:00\",\"breadcrumb\":{\"@id\":\"https:\/\/www.upjs.sk\/pracoviska\/univerzitna-kniznica\/kontakt-na-nas-2\/#breadcrumb\"},\"inLanguage\":\"sk-SK\",\"potentialAction\":[{\"@type\":\"ReadAction\",\"target\":[\"https:\/\/www.upjs.sk\/pracoviska\/univerzitna-kniznica\/kontakt-na-nas-2\/\"]}]},{\"@type\":\"ImageObject\",\"inLanguage\":\"sk-SK\",\"@id\":\"https:\/\/www.upjs.sk\/pracoviska\/univerzitna-kniznica\/kontakt-na-nas-2\/#primaryimage\",\"url\":\"https:\/\/www.upjs.sk\/app\/uploads\/sites\/16\/2023\/01\/UK_riaditelstvo-1-1024x576.jpg\",\"contentUrl\":\"https:\/\/www.upjs.sk\/app\/uploads\/sites\/16\/2023\/01\/UK_riaditelstvo-1-1024x576.jpg\"},{\"@type\":\"BreadcrumbList\",\"@id\":\"https:\/\/www.upjs.sk\/pracoviska\/univerzitna-kniznica\/kontakt-na-nas-2\/#breadcrumb\",\"itemListElement\":[{\"@type\":\"ListItem\",\"position\":1,\"name\":\"Home\",\"item\":\"https:\/\/www.upjs.sk\/pracoviska\/univerzitna-kniznica\/\"},{\"@type\":\"ListItem\",\"position\":2,\"name\":\"Kontakt\"}]},{\"@type\":\"WebSite\",\"@id\":\"https:\/\/www.upjs.sk\/pracoviska\/univerzitna-kniznica\/#website\",\"url\":\"https:\/\/www.upjs.sk\/pracoviska\/univerzitna-kniznica\/\",\"name\":\"Univerzitn\u00e1 kni\u017enica | UPJ\u0160\",\"description\":\"Dr\u017e\u00edme v\u00e1s nad vodou v mori inform\u00e1ci\u00ed\",\"publisher\":{\"@id\":\"https:\/\/www.upjs.sk\/pracoviska\/univerzitna-kniznica\/#organization\"},\"potentialAction\":[{\"@type\":\"SearchAction\",\"target\":{\"@type\":\"EntryPoint\",\"urlTemplate\":\"https:\/\/www.upjs.sk\/pracoviska\/univerzitna-kniznica\/?s={search_term_string}\"},\"query-input\":{\"@type\":\"PropertyValueSpecification\",\"valueRequired\":true,\"valueName\":\"search_term_string\"}}],\"inLanguage\":\"sk-SK\"},{\"@type\":\"Organization\",\"@id\":\"https:\/\/www.upjs.sk\/pracoviska\/univerzitna-kniznica\/#organization\",\"name\":\"Univerzitn\u00e1 kni\u017enica | UPJ\u0160\",\"url\":\"https:\/\/www.upjs.sk\/pracoviska\/univerzitna-kniznica\/\",\"logo\":{\"@type\":\"ImageObject\",\"inLanguage\":\"sk-SK\",\"@id\":\"https:\/\/www.upjs.sk\/pracoviska\/univerzitna-kniznica\/#\/schema\/logo\/image\/\",\"url\":\"https:\/\/www.upjs.sk\/app\/uploads\/sites\/16\/2023\/01\/UK-1.svg\",\"contentUrl\":\"https:\/\/www.upjs.sk\/app\/uploads\/sites\/16\/2023\/01\/UK-1.svg\",\"width\":500,\"height\":138,\"caption\":\"Univerzitn\u00e1 kni\u017enica | UPJ\u0160\"},\"image\":{\"@id\":\"https:\/\/www.upjs.sk\/pracoviska\/univerzitna-kniznica\/#\/schema\/logo\/image\/\"}}]}<\/script>\n<!-- \/ Yoast SEO plugin. -->","yoast_head_json":{"title":"Kontakt - Univerzitn\u00e1 kni\u017enica | UPJ\u0160","robots":{"index":"index","follow":"follow","max-snippet":"max-snippet:-1","max-image-preview":"max-image-preview:large","max-video-preview":"max-video-preview:-1"},"canonical":"https:\/\/www.upjs.sk\/pracoviska\/univerzitna-kniznica\/kontakt-na-nas-2\/","og_locale":"sk_SK","og_type":"article","og_title":"Kontakt - Univerzitn\u00e1 kni\u017enica | UPJ\u0160","og_description":"Pracovisk\u00e1 Kontakt Lek\u00e1rska kni\u017enica, Tr. SNP 1 + 421 55 234 1619 Pr\u00edrodovedeck\u00e1 kni\u017enica, Medick\u00e1 6 + 421 55 234 1618 Pr\u00e1vnick\u00e1 kni\u017enica, Kov\u00e1\u010dska 26 + 421 55 234 1651, 1653 Kni\u017enica na FVS, Popradsk\u00e1 66 + 421 55 234 1640 Filozofick\u00e1 kni\u017enica, Moyzesova 9 + 421 55 234 1613 Rak\u00faska kni\u017enica, Moyzesova 9 + &hellip; \u010c\u00edta\u0165 \u010falej","og_url":"https:\/\/www.upjs.sk\/pracoviska\/univerzitna-kniznica\/kontakt-na-nas-2\/","og_site_name":"Univerzitn\u00e1 kni\u017enica | UPJ\u0160","article_modified_time":"2026-03-05T12:32:08+00:00","og_image":[{"width":2362,"height":1329,"url":"https:\/\/www.upjs.sk\/app\/uploads\/sites\/16\/2023\/01\/UK_riaditelstvo-1.jpg","type":"image\/jpeg"}],"twitter_card":"summary_large_image","twitter_misc":{"Predpokladan\u00fd \u010das \u010d\u00edtania":"2 min\u00faty"},"schema":{"@context":"https:\/\/schema.org","@graph":[{"@type":"WebPage","@id":"https:\/\/www.upjs.sk\/pracoviska\/univerzitna-kniznica\/kontakt-na-nas-2\/","url":"https:\/\/www.upjs.sk\/pracoviska\/univerzitna-kniznica\/kontakt-na-nas-2\/","name":"Kontakt - Univerzitn\u00e1 kni\u017enica | UPJ\u0160","isPartOf":{"@id":"https:\/\/www.upjs.sk\/pracoviska\/univerzitna-kniznica\/#website"},"primaryImageOfPage":{"@id":"https:\/\/www.upjs.sk\/pracoviska\/univerzitna-kniznica\/kontakt-na-nas-2\/#primaryimage"},"image":{"@id":"https:\/\/www.upjs.sk\/pracoviska\/univerzitna-kniznica\/kontakt-na-nas-2\/#primaryimage"},"thumbnailUrl":"https:\/\/www.upjs.sk\/app\/uploads\/sites\/16\/2023\/01\/UK_riaditelstvo-1-1024x576.jpg","datePublished":"2023-01-24T11:37:35+00:00","dateModified":"2026-03-05T12:32:08+00:00","breadcrumb":{"@id":"https:\/\/www.upjs.sk\/pracoviska\/univerzitna-kniznica\/kontakt-na-nas-2\/#breadcrumb"},"inLanguage":"sk-SK","potentialAction":[{"@type":"ReadAction","target":["https:\/\/www.upjs.sk\/pracoviska\/univerzitna-kniznica\/kontakt-na-nas-2\/"]}]},{"@type":"ImageObject","inLanguage":"sk-SK","@id":"https:\/\/www.upjs.sk\/pracoviska\/univerzitna-kniznica\/kontakt-na-nas-2\/#primaryimage","url":"https:\/\/www.upjs.sk\/app\/uploads\/sites\/16\/2023\/01\/UK_riaditelstvo-1-1024x576.jpg","contentUrl":"https:\/\/www.upjs.sk\/app\/uploads\/sites\/16\/2023\/01\/UK_riaditelstvo-1-1024x576.jpg"},{"@type":"BreadcrumbList","@id":"https:\/\/www.upjs.sk\/pracoviska\/univerzitna-kniznica\/kontakt-na-nas-2\/#breadcrumb","itemListElement":[{"@type":"ListItem","position":1,"name":"Home","item":"https:\/\/www.upjs.sk\/pracoviska\/univerzitna-kniznica\/"},{"@type":"ListItem","position":2,"name":"Kontakt"}]},{"@type":"WebSite","@id":"https:\/\/www.upjs.sk\/pracoviska\/univerzitna-kniznica\/#website","url":"https:\/\/www.upjs.sk\/pracoviska\/univerzitna-kniznica\/","name":"Univerzitn\u00e1 kni\u017enica | UPJ\u0160","description":"Dr\u017e\u00edme v\u00e1s nad vodou v mori inform\u00e1ci\u00ed","publisher":{"@id":"https:\/\/www.upjs.sk\/pracoviska\/univerzitna-kniznica\/#organization"},"potentialAction":[{"@type":"SearchAction","target":{"@type":"EntryPoint","urlTemplate":"https:\/\/www.upjs.sk\/pracoviska\/univerzitna-kniznica\/?s={search_term_string}"},"query-input":{"@type":"PropertyValueSpecification","valueRequired":true,"valueName":"search_term_string"}}],"inLanguage":"sk-SK"},{"@type":"Organization","@id":"https:\/\/www.upjs.sk\/pracoviska\/univerzitna-kniznica\/#organization","name":"Univerzitn\u00e1 kni\u017enica | UPJ\u0160","url":"https:\/\/www.upjs.sk\/pracoviska\/univerzitna-kniznica\/","logo":{"@type":"ImageObject","inLanguage":"sk-SK","@id":"https:\/\/www.upjs.sk\/pracoviska\/univerzitna-kniznica\/#\/schema\/logo\/image\/","url":"https:\/\/www.upjs.sk\/app\/uploads\/sites\/16\/2023\/01\/UK-1.svg","contentUrl":"https:\/\/www.upjs.sk\/app\/uploads\/sites\/16\/2023\/01\/UK-1.svg","width":500,"height":138,"caption":"Univerzitn\u00e1 kni\u017enica | UPJ\u0160"},"image":{"@id":"https:\/\/www.upjs.sk\/pracoviska\/univerzitna-kniznica\/#\/schema\/logo\/image\/"}}]}},"_links":{"self":[{"href":"https:\/\/www.upjs.sk\/pracoviska\/univerzitna-kniznica\/wp-json\/wp\/v2\/pages\/27550","targetHints":{"allow":["GET"]}}],"collection":[{"href":"https:\/\/www.upjs.sk\/pracoviska\/univerzitna-kniznica\/wp-json\/wp\/v2\/pages"}],"about":[{"href":"https:\/\/www.upjs.sk\/pracoviska\/univerzitna-kniznica\/wp-json\/wp\/v2\/types\/page"}],"author":[{"embeddable":true,"href":"https:\/\/www.upjs.sk\/pracoviska\/univerzitna-kniznica\/wp-json\/wp\/v2\/users\/1"}],"replies":[{"embeddable":true,"href":"https:\/\/www.upjs.sk\/pracoviska\/univerzitna-kniznica\/wp-json\/wp\/v2\/comments?post=27550"}],"version-history":[{"count":20,"href":"https:\/\/www.upjs.sk\/pracoviska\/univerzitna-kniznica\/wp-json\/wp\/v2\/pages\/27550\/revisions"}],"predecessor-version":[{"id":39605,"href":"https:\/\/www.upjs.sk\/pracoviska\/univerzitna-kniznica\/wp-json\/wp\/v2\/pages\/27550\/revisions\/39605"}],"wp:attachment":[{"href":"https:\/\/www.upjs.sk\/pracoviska\/univerzitna-kniznica\/wp-json\/wp\/v2\/media?parent=27550"}],"wp:term":[{"taxonomy":"category","embeddable":true,"href":"https:\/\/www.upjs.sk\/pracoviska\/univerzitna-kniznica\/wp-json\/wp\/v2\/categories?post=27550"},{"taxonomy":"post_tag","embeddable":true,"href":"https:\/\/www.upjs.sk\/pracoviska\/univerzitna-kniznica\/wp-json\/wp\/v2\/tags?post=27550"}],"curies":[{"name":"wp","href":"https:\/\/api.w.org\/{rel}","templated":true}]}}