{"id":32728,"date":"2024-01-09T09:12:58","date_gmt":"2024-01-09T09:12:58","guid":{"rendered":"https:\/\/www.upjs.sk\/pracoviska\/univerzitna-kniznica\/?page_id=32728"},"modified":"2024-01-09T09:28:49","modified_gmt":"2024-01-09T09:28:49","slug":"pracoviska-univerzitnej-kniznice-upjs","status":"publish","type":"page","link":"https:\/\/www.upjs.sk\/pracoviska\/univerzitna-kniznica\/pracoviska-univerzitnej-kniznice-upjs\/","title":{"rendered":"Pracovisk\u00e1 Univerzitnej kni\u017enice UPJ\u0160"},"content":{"rendered":"\n<figure class=\"wp-block-image size-large\"><img loading=\"lazy\" decoding=\"async\" width=\"1024\" height=\"819\" src=\"https:\/\/www.upjs.sk\/app\/uploads\/sites\/16\/2024\/01\/uk-pracoviska-1024x819.jpg\" alt=\"\" class=\"wp-image-32729\" srcset=\"https:\/\/www.upjs.sk\/app\/uploads\/sites\/16\/2024\/01\/uk-pracoviska-1024x819.jpg 1024w, https:\/\/www.upjs.sk\/app\/uploads\/sites\/16\/2024\/01\/uk-pracoviska-300x240.jpg 300w, https:\/\/www.upjs.sk\/app\/uploads\/sites\/16\/2024\/01\/uk-pracoviska-768x614.jpg 768w, https:\/\/www.upjs.sk\/app\/uploads\/sites\/16\/2024\/01\/uk-pracoviska-1536x1229.jpg 1536w, https:\/\/www.upjs.sk\/app\/uploads\/sites\/16\/2024\/01\/uk-pracoviska.jpg 2000w\" sizes=\"auto, (max-width: 1024px) 100vw, 1024px\" \/><\/figure>\n\n\n\n<p><strong>Mil\u00ed \u0161tudenti!<\/strong><\/p>\n\n\n\n<p><strong><br><\/strong><strong>Ak m\u00e1te zaplaten\u00e9 <\/strong><strong>\u010d<\/strong><strong>lenstvo v Univerzitnej kni\u017enici, m\u00e1te mo\u017enos<\/strong><strong>\u0165<\/strong><strong> nav\u0161t\u00edvi<\/strong><strong>\u0165<\/strong><strong> a venova<\/strong><strong>\u0165<\/strong><strong> sa \u0161t\u00fadiu aj na inom pracovisku UK UPJ\u0160.&nbsp;<\/strong><strong><br><br><\/strong><strong>H<\/strong><strong>\u013e<\/strong><strong>ad\u00e1te tich\u00e9 a pokojn\u00e9 miesto na u<\/strong><strong>\u010d<\/strong><strong>enie? Odpor\u00fa<\/strong><strong>\u010d<\/strong><strong>ame v\u00e1m pr\u00eds<\/strong><strong>\u0165<\/strong><strong> na niektor\u00e9 z nasleduj\u00facich pracov\u00edsk:<\/strong><strong><br><br><\/strong><strong>Filozofick\u00e1 kni\u017enica (Moyzesova 9),<\/strong><strong><br><\/strong><strong>Pr\u00e1vnick\u00e1 kni\u017enica (Kov\u00e1<\/strong><strong>\u010d<\/strong><strong>ska 26),<\/strong><strong><br><\/strong><strong>Kni\u017enica na FVS (Popradsk\u00e1 66),<\/strong><strong><br><\/strong><strong>Pr\u00edrodovedeck\u00e1 kni\u017enica (Medick\u00e1 6 a Park Angelinum 9) a<\/strong><strong><br><\/strong><strong>Lek\u00e1rska kni\u017enica (Trieda SNP 1).<\/strong><\/p>\n\n\n\n<p><strong>Nev\u00e1hajte nav\u0161t\u00edvi<\/strong><strong>\u0165<\/strong><strong> Va\u0161u Univerzitn\u00fa kni\u017enicu. Te\u0161\u00edme sa na V\u00e1s!<\/strong><\/p>\n","protected":false},"excerpt":{"rendered":"<p>Mil\u00ed \u0161tudenti! Ak m\u00e1te zaplaten\u00e9 \u010dlenstvo v Univerzitnej kni\u017enici, m\u00e1te mo\u017enos\u0165 nav\u0161t\u00edvi\u0165 a venova\u0165 sa \u0161t\u00fadiu aj na inom pracovisku UK UPJ\u0160.&nbsp; H\u013ead\u00e1te tich\u00e9 a pokojn\u00e9 miesto na u\u010denie? Odpor\u00fa\u010dame v\u00e1m pr\u00eds\u0165 na niektor\u00e9 z nasleduj\u00facich pracov\u00edsk: Filozofick\u00e1 kni\u017enica (Moyzesova 9),Pr\u00e1vnick\u00e1 kni\u017enica (Kov\u00e1\u010dska 26),Kni\u017enica na FVS (Popradsk\u00e1 66),Pr\u00edrodovedeck\u00e1 kni\u017enica (Medick\u00e1 6 a Park Angelinum 9) &hellip; <a href=\"https:\/\/www.upjs.sk\/pracoviska\/univerzitna-kniznica\/pracoviska-univerzitnej-kniznice-upjs\/\">\u010c\u00edta\u0165 \u010falej<\/a><\/p>\n","protected":false},"author":23,"featured_media":0,"parent":0,"menu_order":0,"comment_status":"closed","ping_status":"closed","template":"","meta":{"_acf_changed":false,"_editorskit_title_hidden":false,"_editorskit_reading_time":0,"_editorskit_is_block_options_detached":false,"_editorskit_block_options_position":"{}","footnotes":""},"categories":[],"tags":[],"class_list":["post-32728","page","type-page","status-publish","hentry"],"acf":{"acf_link_na_externy_obsah":""},"yoast_head":"<!-- This site is optimized with the Yoast SEO plugin v27.4 - https:\/\/yoast.com\/product\/yoast-seo-wordpress\/ -->\n<title>Pracovisk\u00e1 Univerzitnej kni\u017enice UPJ\u0160 - Univerzitn\u00e1 kni\u017enica | UPJ\u0160<\/title>\n<meta name=\"robots\" content=\"index, follow, max-snippet:-1, max-image-preview:large, max-video-preview:-1\" \/>\n<link rel=\"canonical\" href=\"https:\/\/www.upjs.sk\/pracoviska\/univerzitna-kniznica\/pracoviska-univerzitnej-kniznice-upjs\/\" \/>\n<meta property=\"og:locale\" content=\"sk_SK\" \/>\n<meta property=\"og:type\" content=\"article\" \/>\n<meta property=\"og:title\" content=\"Pracovisk\u00e1 Univerzitnej kni\u017enice UPJ\u0160 - Univerzitn\u00e1 kni\u017enica | UPJ\u0160\" \/>\n<meta property=\"og:description\" content=\"Mil\u00ed \u0161tudenti! Ak m\u00e1te zaplaten\u00e9 \u010dlenstvo v Univerzitnej kni\u017enici, m\u00e1te mo\u017enos\u0165 nav\u0161t\u00edvi\u0165 a venova\u0165 sa \u0161t\u00fadiu aj na inom pracovisku UK UPJ\u0160.&nbsp; H\u013ead\u00e1te tich\u00e9 a pokojn\u00e9 miesto na u\u010denie? Odpor\u00fa\u010dame v\u00e1m pr\u00eds\u0165 na niektor\u00e9 z nasleduj\u00facich pracov\u00edsk: Filozofick\u00e1 kni\u017enica (Moyzesova 9),Pr\u00e1vnick\u00e1 kni\u017enica (Kov\u00e1\u010dska 26),Kni\u017enica na FVS (Popradsk\u00e1 66),Pr\u00edrodovedeck\u00e1 kni\u017enica (Medick\u00e1 6 a Park Angelinum 9) &hellip; \u010c\u00edta\u0165 \u010falej\" \/>\n<meta property=\"og:url\" content=\"https:\/\/www.upjs.sk\/pracoviska\/univerzitna-kniznica\/pracoviska-univerzitnej-kniznice-upjs\/\" \/>\n<meta property=\"og:site_name\" content=\"Univerzitn\u00e1 kni\u017enica | UPJ\u0160\" \/>\n<meta property=\"article:modified_time\" content=\"2024-01-09T09:28:49+00:00\" \/>\n<meta property=\"og:image\" content=\"https:\/\/www.upjs.sk\/app\/uploads\/sites\/16\/2024\/01\/uk-pracoviska-1024x819.jpg\" \/>\n<meta name=\"twitter:card\" content=\"summary_large_image\" \/>\n<meta name=\"twitter:label1\" content=\"Predpokladan\u00fd \u010das \u010d\u00edtania\" \/>\n\t<meta name=\"twitter:data1\" content=\"1 min\u00fata\" \/>\n<script type=\"application\/ld+json\" class=\"yoast-schema-graph\">{\"@context\":\"https:\\\/\\\/schema.org\",\"@graph\":[{\"@type\":\"WebPage\",\"@id\":\"https:\\\/\\\/www.upjs.sk\\\/pracoviska\\\/univerzitna-kniznica\\\/pracoviska-univerzitnej-kniznice-upjs\\\/\",\"url\":\"https:\\\/\\\/www.upjs.sk\\\/pracoviska\\\/univerzitna-kniznica\\\/pracoviska-univerzitnej-kniznice-upjs\\\/\",\"name\":\"Pracovisk\u00e1 Univerzitnej kni\u017enice UPJ\u0160 - Univerzitn\u00e1 kni\u017enica | UPJ\u0160\",\"isPartOf\":{\"@id\":\"https:\\\/\\\/www.upjs.sk\\\/pracoviska\\\/univerzitna-kniznica\\\/#website\"},\"primaryImageOfPage\":{\"@id\":\"https:\\\/\\\/www.upjs.sk\\\/pracoviska\\\/univerzitna-kniznica\\\/pracoviska-univerzitnej-kniznice-upjs\\\/#primaryimage\"},\"image\":{\"@id\":\"https:\\\/\\\/www.upjs.sk\\\/pracoviska\\\/univerzitna-kniznica\\\/pracoviska-univerzitnej-kniznice-upjs\\\/#primaryimage\"},\"thumbnailUrl\":\"https:\\\/\\\/www.upjs.sk\\\/app\\\/uploads\\\/sites\\\/16\\\/2024\\\/01\\\/uk-pracoviska-1024x819.jpg\",\"datePublished\":\"2024-01-09T09:12:58+00:00\",\"dateModified\":\"2024-01-09T09:28:49+00:00\",\"breadcrumb\":{\"@id\":\"https:\\\/\\\/www.upjs.sk\\\/pracoviska\\\/univerzitna-kniznica\\\/pracoviska-univerzitnej-kniznice-upjs\\\/#breadcrumb\"},\"inLanguage\":\"sk-SK\",\"potentialAction\":[{\"@type\":\"ReadAction\",\"target\":[\"https:\\\/\\\/www.upjs.sk\\\/pracoviska\\\/univerzitna-kniznica\\\/pracoviska-univerzitnej-kniznice-upjs\\\/\"]}]},{\"@type\":\"ImageObject\",\"inLanguage\":\"sk-SK\",\"@id\":\"https:\\\/\\\/www.upjs.sk\\\/pracoviska\\\/univerzitna-kniznica\\\/pracoviska-univerzitnej-kniznice-upjs\\\/#primaryimage\",\"url\":\"https:\\\/\\\/www.upjs.sk\\\/app\\\/uploads\\\/sites\\\/16\\\/2024\\\/01\\\/uk-pracoviska-1024x819.jpg\",\"contentUrl\":\"https:\\\/\\\/www.upjs.sk\\\/app\\\/uploads\\\/sites\\\/16\\\/2024\\\/01\\\/uk-pracoviska-1024x819.jpg\"},{\"@type\":\"BreadcrumbList\",\"@id\":\"https:\\\/\\\/www.upjs.sk\\\/pracoviska\\\/univerzitna-kniznica\\\/pracoviska-univerzitnej-kniznice-upjs\\\/#breadcrumb\",\"itemListElement\":[{\"@type\":\"ListItem\",\"position\":1,\"name\":\"Home\",\"item\":\"https:\\\/\\\/www.upjs.sk\\\/pracoviska\\\/univerzitna-kniznica\\\/\"},{\"@type\":\"ListItem\",\"position\":2,\"name\":\"Pracovisk\u00e1 Univerzitnej kni\u017enice UPJ\u0160\"}]},{\"@type\":\"WebSite\",\"@id\":\"https:\\\/\\\/www.upjs.sk\\\/pracoviska\\\/univerzitna-kniznica\\\/#website\",\"url\":\"https:\\\/\\\/www.upjs.sk\\\/pracoviska\\\/univerzitna-kniznica\\\/\",\"name\":\"Univerzitn\u00e1 kni\u017enica | UPJ\u0160\",\"description\":\"Dr\u017e\u00edme v\u00e1s nad vodou v mori inform\u00e1ci\u00ed\",\"publisher\":{\"@id\":\"https:\\\/\\\/www.upjs.sk\\\/pracoviska\\\/univerzitna-kniznica\\\/#organization\"},\"potentialAction\":[{\"@type\":\"SearchAction\",\"target\":{\"@type\":\"EntryPoint\",\"urlTemplate\":\"https:\\\/\\\/www.upjs.sk\\\/pracoviska\\\/univerzitna-kniznica\\\/?s={search_term_string}\"},\"query-input\":{\"@type\":\"PropertyValueSpecification\",\"valueRequired\":true,\"valueName\":\"search_term_string\"}}],\"inLanguage\":\"sk-SK\"},{\"@type\":\"Organization\",\"@id\":\"https:\\\/\\\/www.upjs.sk\\\/pracoviska\\\/univerzitna-kniznica\\\/#organization\",\"name\":\"Univerzitn\u00e1 kni\u017enica | UPJ\u0160\",\"url\":\"https:\\\/\\\/www.upjs.sk\\\/pracoviska\\\/univerzitna-kniznica\\\/\",\"logo\":{\"@type\":\"ImageObject\",\"inLanguage\":\"sk-SK\",\"@id\":\"https:\\\/\\\/www.upjs.sk\\\/pracoviska\\\/univerzitna-kniznica\\\/#\\\/schema\\\/logo\\\/image\\\/\",\"url\":\"https:\\\/\\\/www.upjs.sk\\\/app\\\/uploads\\\/sites\\\/16\\\/2023\\\/01\\\/UK-1.svg\",\"contentUrl\":\"https:\\\/\\\/www.upjs.sk\\\/app\\\/uploads\\\/sites\\\/16\\\/2023\\\/01\\\/UK-1.svg\",\"width\":500,\"height\":138,\"caption\":\"Univerzitn\u00e1 kni\u017enica | UPJ\u0160\"},\"image\":{\"@id\":\"https:\\\/\\\/www.upjs.sk\\\/pracoviska\\\/univerzitna-kniznica\\\/#\\\/schema\\\/logo\\\/image\\\/\"}}]}<\/script>\n<!-- \/ Yoast SEO plugin. -->","yoast_head_json":{"title":"Pracovisk\u00e1 Univerzitnej kni\u017enice UPJ\u0160 - Univerzitn\u00e1 kni\u017enica | UPJ\u0160","robots":{"index":"index","follow":"follow","max-snippet":"max-snippet:-1","max-image-preview":"max-image-preview:large","max-video-preview":"max-video-preview:-1"},"canonical":"https:\/\/www.upjs.sk\/pracoviska\/univerzitna-kniznica\/pracoviska-univerzitnej-kniznice-upjs\/","og_locale":"sk_SK","og_type":"article","og_title":"Pracovisk\u00e1 Univerzitnej kni\u017enice UPJ\u0160 - Univerzitn\u00e1 kni\u017enica | UPJ\u0160","og_description":"Mil\u00ed \u0161tudenti! Ak m\u00e1te zaplaten\u00e9 \u010dlenstvo v Univerzitnej kni\u017enici, m\u00e1te mo\u017enos\u0165 nav\u0161t\u00edvi\u0165 a venova\u0165 sa \u0161t\u00fadiu aj na inom pracovisku UK UPJ\u0160.&nbsp; H\u013ead\u00e1te tich\u00e9 a pokojn\u00e9 miesto na u\u010denie? Odpor\u00fa\u010dame v\u00e1m pr\u00eds\u0165 na niektor\u00e9 z nasleduj\u00facich pracov\u00edsk: Filozofick\u00e1 kni\u017enica (Moyzesova 9),Pr\u00e1vnick\u00e1 kni\u017enica (Kov\u00e1\u010dska 26),Kni\u017enica na FVS (Popradsk\u00e1 66),Pr\u00edrodovedeck\u00e1 kni\u017enica (Medick\u00e1 6 a Park Angelinum 9) &hellip; \u010c\u00edta\u0165 \u010falej","og_url":"https:\/\/www.upjs.sk\/pracoviska\/univerzitna-kniznica\/pracoviska-univerzitnej-kniznice-upjs\/","og_site_name":"Univerzitn\u00e1 kni\u017enica | UPJ\u0160","article_modified_time":"2024-01-09T09:28:49+00:00","og_image":[{"url":"https:\/\/www.upjs.sk\/app\/uploads\/sites\/16\/2024\/01\/uk-pracoviska-1024x819.jpg","type":"","width":"","height":""}],"twitter_card":"summary_large_image","twitter_misc":{"Predpokladan\u00fd \u010das \u010d\u00edtania":"1 min\u00fata"},"schema":{"@context":"https:\/\/schema.org","@graph":[{"@type":"WebPage","@id":"https:\/\/www.upjs.sk\/pracoviska\/univerzitna-kniznica\/pracoviska-univerzitnej-kniznice-upjs\/","url":"https:\/\/www.upjs.sk\/pracoviska\/univerzitna-kniznica\/pracoviska-univerzitnej-kniznice-upjs\/","name":"Pracovisk\u00e1 Univerzitnej kni\u017enice UPJ\u0160 - Univerzitn\u00e1 kni\u017enica | UPJ\u0160","isPartOf":{"@id":"https:\/\/www.upjs.sk\/pracoviska\/univerzitna-kniznica\/#website"},"primaryImageOfPage":{"@id":"https:\/\/www.upjs.sk\/pracoviska\/univerzitna-kniznica\/pracoviska-univerzitnej-kniznice-upjs\/#primaryimage"},"image":{"@id":"https:\/\/www.upjs.sk\/pracoviska\/univerzitna-kniznica\/pracoviska-univerzitnej-kniznice-upjs\/#primaryimage"},"thumbnailUrl":"https:\/\/www.upjs.sk\/app\/uploads\/sites\/16\/2024\/01\/uk-pracoviska-1024x819.jpg","datePublished":"2024-01-09T09:12:58+00:00","dateModified":"2024-01-09T09:28:49+00:00","breadcrumb":{"@id":"https:\/\/www.upjs.sk\/pracoviska\/univerzitna-kniznica\/pracoviska-univerzitnej-kniznice-upjs\/#breadcrumb"},"inLanguage":"sk-SK","potentialAction":[{"@type":"ReadAction","target":["https:\/\/www.upjs.sk\/pracoviska\/univerzitna-kniznica\/pracoviska-univerzitnej-kniznice-upjs\/"]}]},{"@type":"ImageObject","inLanguage":"sk-SK","@id":"https:\/\/www.upjs.sk\/pracoviska\/univerzitna-kniznica\/pracoviska-univerzitnej-kniznice-upjs\/#primaryimage","url":"https:\/\/www.upjs.sk\/app\/uploads\/sites\/16\/2024\/01\/uk-pracoviska-1024x819.jpg","contentUrl":"https:\/\/www.upjs.sk\/app\/uploads\/sites\/16\/2024\/01\/uk-pracoviska-1024x819.jpg"},{"@type":"BreadcrumbList","@id":"https:\/\/www.upjs.sk\/pracoviska\/univerzitna-kniznica\/pracoviska-univerzitnej-kniznice-upjs\/#breadcrumb","itemListElement":[{"@type":"ListItem","position":1,"name":"Home","item":"https:\/\/www.upjs.sk\/pracoviska\/univerzitna-kniznica\/"},{"@type":"ListItem","position":2,"name":"Pracovisk\u00e1 Univerzitnej kni\u017enice UPJ\u0160"}]},{"@type":"WebSite","@id":"https:\/\/www.upjs.sk\/pracoviska\/univerzitna-kniznica\/#website","url":"https:\/\/www.upjs.sk\/pracoviska\/univerzitna-kniznica\/","name":"Univerzitn\u00e1 kni\u017enica | UPJ\u0160","description":"Dr\u017e\u00edme v\u00e1s nad vodou v mori inform\u00e1ci\u00ed","publisher":{"@id":"https:\/\/www.upjs.sk\/pracoviska\/univerzitna-kniznica\/#organization"},"potentialAction":[{"@type":"SearchAction","target":{"@type":"EntryPoint","urlTemplate":"https:\/\/www.upjs.sk\/pracoviska\/univerzitna-kniznica\/?s={search_term_string}"},"query-input":{"@type":"PropertyValueSpecification","valueRequired":true,"valueName":"search_term_string"}}],"inLanguage":"sk-SK"},{"@type":"Organization","@id":"https:\/\/www.upjs.sk\/pracoviska\/univerzitna-kniznica\/#organization","name":"Univerzitn\u00e1 kni\u017enica | UPJ\u0160","url":"https:\/\/www.upjs.sk\/pracoviska\/univerzitna-kniznica\/","logo":{"@type":"ImageObject","inLanguage":"sk-SK","@id":"https:\/\/www.upjs.sk\/pracoviska\/univerzitna-kniznica\/#\/schema\/logo\/image\/","url":"https:\/\/www.upjs.sk\/app\/uploads\/sites\/16\/2023\/01\/UK-1.svg","contentUrl":"https:\/\/www.upjs.sk\/app\/uploads\/sites\/16\/2023\/01\/UK-1.svg","width":500,"height":138,"caption":"Univerzitn\u00e1 kni\u017enica | UPJ\u0160"},"image":{"@id":"https:\/\/www.upjs.sk\/pracoviska\/univerzitna-kniznica\/#\/schema\/logo\/image\/"}}]}},"_links":{"self":[{"href":"https:\/\/www.upjs.sk\/pracoviska\/univerzitna-kniznica\/wp-json\/wp\/v2\/pages\/32728","targetHints":{"allow":["GET"]}}],"collection":[{"href":"https:\/\/www.upjs.sk\/pracoviska\/univerzitna-kniznica\/wp-json\/wp\/v2\/pages"}],"about":[{"href":"https:\/\/www.upjs.sk\/pracoviska\/univerzitna-kniznica\/wp-json\/wp\/v2\/types\/page"}],"author":[{"embeddable":true,"href":"https:\/\/www.upjs.sk\/pracoviska\/univerzitna-kniznica\/wp-json\/wp\/v2\/users\/23"}],"replies":[{"embeddable":true,"href":"https:\/\/www.upjs.sk\/pracoviska\/univerzitna-kniznica\/wp-json\/wp\/v2\/comments?post=32728"}],"version-history":[{"count":2,"href":"https:\/\/www.upjs.sk\/pracoviska\/univerzitna-kniznica\/wp-json\/wp\/v2\/pages\/32728\/revisions"}],"predecessor-version":[{"id":32733,"href":"https:\/\/www.upjs.sk\/pracoviska\/univerzitna-kniznica\/wp-json\/wp\/v2\/pages\/32728\/revisions\/32733"}],"wp:attachment":[{"href":"https:\/\/www.upjs.sk\/pracoviska\/univerzitna-kniznica\/wp-json\/wp\/v2\/media?parent=32728"}],"wp:term":[{"taxonomy":"category","embeddable":true,"href":"https:\/\/www.upjs.sk\/pracoviska\/univerzitna-kniznica\/wp-json\/wp\/v2\/categories?post=32728"},{"taxonomy":"post_tag","embeddable":true,"href":"https:\/\/www.upjs.sk\/pracoviska\/univerzitna-kniznica\/wp-json\/wp\/v2\/tags?post=32728"}],"curies":[{"name":"wp","href":"https:\/\/api.w.org\/{rel}","templated":true}]}}