{"id":40052,"date":"2026-05-06T08:54:34","date_gmt":"2026-05-06T08:54:34","guid":{"rendered":"https:\/\/www.upjs.sk\/pracoviska\/univerzitna-kniznica\/?page_id=40052"},"modified":"2026-05-06T08:54:36","modified_gmt":"2026-05-06T08:54:36","slug":"epc-kontakty","status":"publish","type":"page","link":"https:\/\/www.upjs.sk\/pracoviska\/univerzitna-kniznica\/epc-kontakty\/","title":{"rendered":"EP\u010c kontakty"},"content":{"rendered":"\n<figure class=\"wp-block-table\"><table class=\"has-fixed-layout\"><tbody><tr><td>Mo\u017enos\u0165 prihl\u00e1senia  na konzult\u00e1c\u00ede :  <a href=\"https:\/\/outlook.office.com\/book\/UK_UPJ@upjs.sk\/?ismsaljsauthenabled=true\">https:\/\/outlook.office.com\/book\/UK_UPJ@upjs.sk\/?ismsaljsauthenabled=true<\/a><\/td><\/tr><tr><td><strong>EPC UPJ\u0160 PF<\/strong><br><a href=\"mailto:romana.brutovska@upjs.sk\"><strong>Bc. Romana Brutovsk\u00e1<\/strong><\/a>,&nbsp;VOIP&nbsp;1648, e-mail: romana.brutovska@upjs.sk<br>Univerzitn\u00e1 kni\u017enica &#8211; budova Gutenberg&nbsp; (Moyzesova 9, 040 01 Ko\u0161ice)<\/td><\/tr><tr><td><strong>EPC UPJ\u0160 LF<\/strong><br><strong><a href=\"mailto:zuzana.contofalska@upjs.sk\">Mgr. Zuzana \u010contofalsk\u00e1<\/a><\/strong>, VOIP 1621, e-mail: zuzana.contofalska@upjs.sk<br>Lek\u00e1rska kni\u017enica (Trieda SNP 1, 040 11 Ko\u0161ice) <br>Konzulta\u010dn\u00e9 hodiny pre zamestnancov UPJ\u0160 LF v Ko\u0161iciach Po: 09:00-12:00 St:&nbsp; 13:00-15:00 \u0160t:&nbsp; 09:00-12:00<\/td><\/tr><tr><td><strong>EPC UPJ\u0160 LF<\/strong><br><strong><a href=\"mailto:andra.morovska.turonova@upjs.sk\">RNDr. Andrea Morovsk\u00e1 Turo\u0148ov\u00e1, PhD<\/a><u>.<\/u><\/strong>, VOIP 1610, e-mail: andrea.morovska.turonova@upjs.sk<br>Lek\u00e1rska kni\u017enica (Trieda SNP 1, 040 11 Ko\u0161ice)<\/td><\/tr><tr><td><strong>EPC UPJ\u0160 FF, FVS, &nbsp;univerzitn\u00e9 pracovisk\u00e1<\/strong><br><strong><u><a href=\"mailto:slavka.capekova@upjs.sk\">Mgr. Slavka Capekov\u00e1<\/a><\/u><\/strong>, VoIP&nbsp;1616, e-mail: slavka.capekova@upjs.sk<br>Univerzitn\u00e1 kni\u017enica &#8211; budova Gutenberg&nbsp; (Moyzesova 9, 040 01 Ko\u0161ice)<\/td><\/tr><tr><td><strong>EPC UPJ\u0160 Pr\u00e1vF<\/strong><br><a href=\"mailto:lubica.cipakova@upjs.sk\"><strong>Mgr. \u013dubica \u010cip\u00e1kov\u00e1<\/strong><\/a>,&nbsp;VOIP&nbsp;1662, e-mail: lubica.cipakova@upjs.sk<br>Univerzitn\u00e1 kni\u017enica &#8211; budova Gutenberg&nbsp; (Moyzesova 9, 040 01 Ko\u0161ice)<\/td><\/tr><tr><td><strong>Poradenstvo a podpora pre EPC a EUC<\/strong><br><a href=\"mailto: zuzana.babicova@upjs.sk\"><strong>PhDr. Zuzana Babicov\u00e1<\/strong>,<\/a> VOIP 1612, e-mail: zuzana.babicova@upjs.sk <br>Univerzitn\u00e1 kni\u017enica na FVS (Popradsk\u00e1 66, 040 01 Ko\u0161ice)<\/td><\/tr><\/tbody><\/table><\/figure>\n","protected":false},"excerpt":{"rendered":"<p>Mo\u017enos\u0165 prihl\u00e1senia na konzult\u00e1c\u00ede : https:\/\/outlook.office.com\/book\/UK_UPJ@upjs.sk\/?ismsaljsauthenabled=true EPC UPJ\u0160 PFBc. Romana Brutovsk\u00e1,&nbsp;VOIP&nbsp;1648, e-mail: romana.brutovska@upjs.skUniverzitn\u00e1 kni\u017enica &#8211; budova Gutenberg&nbsp; (Moyzesova 9, 040 01 Ko\u0161ice) EPC UPJ\u0160 LFMgr. Zuzana \u010contofalsk\u00e1, VOIP 1621, e-mail: zuzana.contofalska@upjs.skLek\u00e1rska kni\u017enica (Trieda SNP 1, 040 11 Ko\u0161ice) Konzulta\u010dn\u00e9 hodiny pre zamestnancov UPJ\u0160 LF v Ko\u0161iciach Po: 09:00-12:00 St:&nbsp; 13:00-15:00 \u0160t:&nbsp; 09:00-12:00 EPC UPJ\u0160 LFRNDr. &hellip; <a href=\"https:\/\/www.upjs.sk\/pracoviska\/univerzitna-kniznica\/epc-kontakty\/\">\u010c\u00edta\u0165 \u010falej<\/a><\/p>\n","protected":false},"author":23,"featured_media":0,"parent":0,"menu_order":0,"comment_status":"closed","ping_status":"closed","template":"","meta":{"_acf_changed":false,"_editorskit_title_hidden":false,"_editorskit_reading_time":0,"_editorskit_is_block_options_detached":false,"_editorskit_block_options_position":"{}","footnotes":""},"categories":[],"tags":[],"class_list":["post-40052","page","type-page","status-publish","hentry"],"acf":{"acf_link_na_externy_obsah":""},"yoast_head":"<!-- This site is optimized with the Yoast SEO plugin v27.5 - https:\/\/yoast.com\/product\/yoast-seo-wordpress\/ -->\n<title>EP\u010c kontakty - Univerzitn\u00e1 kni\u017enica | UPJ\u0160<\/title>\n<meta name=\"robots\" content=\"index, follow, max-snippet:-1, max-image-preview:large, max-video-preview:-1\" \/>\n<link rel=\"canonical\" href=\"https:\/\/www.upjs.sk\/pracoviska\/univerzitna-kniznica\/epc-kontakty\/\" \/>\n<meta property=\"og:locale\" content=\"sk_SK\" \/>\n<meta property=\"og:type\" content=\"article\" \/>\n<meta property=\"og:title\" content=\"EP\u010c kontakty - Univerzitn\u00e1 kni\u017enica | UPJ\u0160\" \/>\n<meta property=\"og:description\" content=\"Mo\u017enos\u0165 prihl\u00e1senia na konzult\u00e1c\u00ede : https:\/\/outlook.office.com\/book\/UK_UPJ@upjs.sk\/?ismsaljsauthenabled=true EPC UPJ\u0160 PFBc. Romana Brutovsk\u00e1,&nbsp;VOIP&nbsp;1648, e-mail: romana.brutovska@upjs.skUniverzitn\u00e1 kni\u017enica &#8211; budova Gutenberg&nbsp; (Moyzesova 9, 040 01 Ko\u0161ice) EPC UPJ\u0160 LFMgr. Zuzana \u010contofalsk\u00e1, VOIP 1621, e-mail: zuzana.contofalska@upjs.skLek\u00e1rska kni\u017enica (Trieda SNP 1, 040 11 Ko\u0161ice) Konzulta\u010dn\u00e9 hodiny pre zamestnancov UPJ\u0160 LF v Ko\u0161iciach Po: 09:00-12:00 St:&nbsp; 13:00-15:00 \u0160t:&nbsp; 09:00-12:00 EPC UPJ\u0160 LFRNDr. &hellip; \u010c\u00edta\u0165 \u010falej\" \/>\n<meta property=\"og:url\" content=\"https:\/\/www.upjs.sk\/pracoviska\/univerzitna-kniznica\/epc-kontakty\/\" \/>\n<meta property=\"og:site_name\" content=\"Univerzitn\u00e1 kni\u017enica | UPJ\u0160\" \/>\n<meta property=\"article:modified_time\" content=\"2026-05-06T08:54:36+00:00\" \/>\n<meta name=\"twitter:card\" content=\"summary_large_image\" \/>\n<meta name=\"twitter:label1\" content=\"Predpokladan\u00fd \u010das \u010d\u00edtania\" \/>\n\t<meta name=\"twitter:data1\" content=\"1 min\u00fata\" \/>\n<script type=\"application\/ld+json\" class=\"yoast-schema-graph\">{\"@context\":\"https:\\\/\\\/schema.org\",\"@graph\":[{\"@type\":\"WebPage\",\"@id\":\"https:\\\/\\\/www.upjs.sk\\\/pracoviska\\\/univerzitna-kniznica\\\/epc-kontakty\\\/\",\"url\":\"https:\\\/\\\/www.upjs.sk\\\/pracoviska\\\/univerzitna-kniznica\\\/epc-kontakty\\\/\",\"name\":\"EP\u010c kontakty - Univerzitn\u00e1 kni\u017enica | UPJ\u0160\",\"isPartOf\":{\"@id\":\"https:\\\/\\\/www.upjs.sk\\\/pracoviska\\\/univerzitna-kniznica\\\/#website\"},\"datePublished\":\"2026-05-06T08:54:34+00:00\",\"dateModified\":\"2026-05-06T08:54:36+00:00\",\"breadcrumb\":{\"@id\":\"https:\\\/\\\/www.upjs.sk\\\/pracoviska\\\/univerzitna-kniznica\\\/epc-kontakty\\\/#breadcrumb\"},\"inLanguage\":\"sk-SK\",\"potentialAction\":[{\"@type\":\"ReadAction\",\"target\":[\"https:\\\/\\\/www.upjs.sk\\\/pracoviska\\\/univerzitna-kniznica\\\/epc-kontakty\\\/\"]}]},{\"@type\":\"BreadcrumbList\",\"@id\":\"https:\\\/\\\/www.upjs.sk\\\/pracoviska\\\/univerzitna-kniznica\\\/epc-kontakty\\\/#breadcrumb\",\"itemListElement\":[{\"@type\":\"ListItem\",\"position\":1,\"name\":\"Home\",\"item\":\"https:\\\/\\\/www.upjs.sk\\\/pracoviska\\\/univerzitna-kniznica\\\/\"},{\"@type\":\"ListItem\",\"position\":2,\"name\":\"EP\u010c kontakty\"}]},{\"@type\":\"WebSite\",\"@id\":\"https:\\\/\\\/www.upjs.sk\\\/pracoviska\\\/univerzitna-kniznica\\\/#website\",\"url\":\"https:\\\/\\\/www.upjs.sk\\\/pracoviska\\\/univerzitna-kniznica\\\/\",\"name\":\"Univerzitn\u00e1 kni\u017enica | UPJ\u0160\",\"description\":\"Dr\u017e\u00edme v\u00e1s nad vodou v mori inform\u00e1ci\u00ed\",\"publisher\":{\"@id\":\"https:\\\/\\\/www.upjs.sk\\\/pracoviska\\\/univerzitna-kniznica\\\/#organization\"},\"potentialAction\":[{\"@type\":\"SearchAction\",\"target\":{\"@type\":\"EntryPoint\",\"urlTemplate\":\"https:\\\/\\\/www.upjs.sk\\\/pracoviska\\\/univerzitna-kniznica\\\/?s={search_term_string}\"},\"query-input\":{\"@type\":\"PropertyValueSpecification\",\"valueRequired\":true,\"valueName\":\"search_term_string\"}}],\"inLanguage\":\"sk-SK\"},{\"@type\":\"Organization\",\"@id\":\"https:\\\/\\\/www.upjs.sk\\\/pracoviska\\\/univerzitna-kniznica\\\/#organization\",\"name\":\"Univerzitn\u00e1 kni\u017enica | UPJ\u0160\",\"url\":\"https:\\\/\\\/www.upjs.sk\\\/pracoviska\\\/univerzitna-kniznica\\\/\",\"logo\":{\"@type\":\"ImageObject\",\"inLanguage\":\"sk-SK\",\"@id\":\"https:\\\/\\\/www.upjs.sk\\\/pracoviska\\\/univerzitna-kniznica\\\/#\\\/schema\\\/logo\\\/image\\\/\",\"url\":\"https:\\\/\\\/www.upjs.sk\\\/app\\\/uploads\\\/sites\\\/16\\\/2023\\\/01\\\/UK-1.svg\",\"contentUrl\":\"https:\\\/\\\/www.upjs.sk\\\/app\\\/uploads\\\/sites\\\/16\\\/2023\\\/01\\\/UK-1.svg\",\"width\":500,\"height\":138,\"caption\":\"Univerzitn\u00e1 kni\u017enica | UPJ\u0160\"},\"image\":{\"@id\":\"https:\\\/\\\/www.upjs.sk\\\/pracoviska\\\/univerzitna-kniznica\\\/#\\\/schema\\\/logo\\\/image\\\/\"}}]}<\/script>\n<!-- \/ Yoast SEO plugin. -->","yoast_head_json":{"title":"EP\u010c kontakty - Univerzitn\u00e1 kni\u017enica | UPJ\u0160","robots":{"index":"index","follow":"follow","max-snippet":"max-snippet:-1","max-image-preview":"max-image-preview:large","max-video-preview":"max-video-preview:-1"},"canonical":"https:\/\/www.upjs.sk\/pracoviska\/univerzitna-kniznica\/epc-kontakty\/","og_locale":"sk_SK","og_type":"article","og_title":"EP\u010c kontakty - Univerzitn\u00e1 kni\u017enica | UPJ\u0160","og_description":"Mo\u017enos\u0165 prihl\u00e1senia na konzult\u00e1c\u00ede : https:\/\/outlook.office.com\/book\/UK_UPJ@upjs.sk\/?ismsaljsauthenabled=true EPC UPJ\u0160 PFBc. Romana Brutovsk\u00e1,&nbsp;VOIP&nbsp;1648, e-mail: romana.brutovska@upjs.skUniverzitn\u00e1 kni\u017enica &#8211; budova Gutenberg&nbsp; (Moyzesova 9, 040 01 Ko\u0161ice) EPC UPJ\u0160 LFMgr. Zuzana \u010contofalsk\u00e1, VOIP 1621, e-mail: zuzana.contofalska@upjs.skLek\u00e1rska kni\u017enica (Trieda SNP 1, 040 11 Ko\u0161ice) Konzulta\u010dn\u00e9 hodiny pre zamestnancov UPJ\u0160 LF v Ko\u0161iciach Po: 09:00-12:00 St:&nbsp; 13:00-15:00 \u0160t:&nbsp; 09:00-12:00 EPC UPJ\u0160 LFRNDr. &hellip; \u010c\u00edta\u0165 \u010falej","og_url":"https:\/\/www.upjs.sk\/pracoviska\/univerzitna-kniznica\/epc-kontakty\/","og_site_name":"Univerzitn\u00e1 kni\u017enica | UPJ\u0160","article_modified_time":"2026-05-06T08:54:36+00:00","twitter_card":"summary_large_image","twitter_misc":{"Predpokladan\u00fd \u010das \u010d\u00edtania":"1 min\u00fata"},"schema":{"@context":"https:\/\/schema.org","@graph":[{"@type":"WebPage","@id":"https:\/\/www.upjs.sk\/pracoviska\/univerzitna-kniznica\/epc-kontakty\/","url":"https:\/\/www.upjs.sk\/pracoviska\/univerzitna-kniznica\/epc-kontakty\/","name":"EP\u010c kontakty - Univerzitn\u00e1 kni\u017enica | UPJ\u0160","isPartOf":{"@id":"https:\/\/www.upjs.sk\/pracoviska\/univerzitna-kniznica\/#website"},"datePublished":"2026-05-06T08:54:34+00:00","dateModified":"2026-05-06T08:54:36+00:00","breadcrumb":{"@id":"https:\/\/www.upjs.sk\/pracoviska\/univerzitna-kniznica\/epc-kontakty\/#breadcrumb"},"inLanguage":"sk-SK","potentialAction":[{"@type":"ReadAction","target":["https:\/\/www.upjs.sk\/pracoviska\/univerzitna-kniznica\/epc-kontakty\/"]}]},{"@type":"BreadcrumbList","@id":"https:\/\/www.upjs.sk\/pracoviska\/univerzitna-kniznica\/epc-kontakty\/#breadcrumb","itemListElement":[{"@type":"ListItem","position":1,"name":"Home","item":"https:\/\/www.upjs.sk\/pracoviska\/univerzitna-kniznica\/"},{"@type":"ListItem","position":2,"name":"EP\u010c kontakty"}]},{"@type":"WebSite","@id":"https:\/\/www.upjs.sk\/pracoviska\/univerzitna-kniznica\/#website","url":"https:\/\/www.upjs.sk\/pracoviska\/univerzitna-kniznica\/","name":"Univerzitn\u00e1 kni\u017enica | UPJ\u0160","description":"Dr\u017e\u00edme v\u00e1s nad vodou v mori inform\u00e1ci\u00ed","publisher":{"@id":"https:\/\/www.upjs.sk\/pracoviska\/univerzitna-kniznica\/#organization"},"potentialAction":[{"@type":"SearchAction","target":{"@type":"EntryPoint","urlTemplate":"https:\/\/www.upjs.sk\/pracoviska\/univerzitna-kniznica\/?s={search_term_string}"},"query-input":{"@type":"PropertyValueSpecification","valueRequired":true,"valueName":"search_term_string"}}],"inLanguage":"sk-SK"},{"@type":"Organization","@id":"https:\/\/www.upjs.sk\/pracoviska\/univerzitna-kniznica\/#organization","name":"Univerzitn\u00e1 kni\u017enica | UPJ\u0160","url":"https:\/\/www.upjs.sk\/pracoviska\/univerzitna-kniznica\/","logo":{"@type":"ImageObject","inLanguage":"sk-SK","@id":"https:\/\/www.upjs.sk\/pracoviska\/univerzitna-kniznica\/#\/schema\/logo\/image\/","url":"https:\/\/www.upjs.sk\/app\/uploads\/sites\/16\/2023\/01\/UK-1.svg","contentUrl":"https:\/\/www.upjs.sk\/app\/uploads\/sites\/16\/2023\/01\/UK-1.svg","width":500,"height":138,"caption":"Univerzitn\u00e1 kni\u017enica | UPJ\u0160"},"image":{"@id":"https:\/\/www.upjs.sk\/pracoviska\/univerzitna-kniznica\/#\/schema\/logo\/image\/"}}]}},"_links":{"self":[{"href":"https:\/\/www.upjs.sk\/pracoviska\/univerzitna-kniznica\/wp-json\/wp\/v2\/pages\/40052","targetHints":{"allow":["GET"]}}],"collection":[{"href":"https:\/\/www.upjs.sk\/pracoviska\/univerzitna-kniznica\/wp-json\/wp\/v2\/pages"}],"about":[{"href":"https:\/\/www.upjs.sk\/pracoviska\/univerzitna-kniznica\/wp-json\/wp\/v2\/types\/page"}],"author":[{"embeddable":true,"href":"https:\/\/www.upjs.sk\/pracoviska\/univerzitna-kniznica\/wp-json\/wp\/v2\/users\/23"}],"replies":[{"embeddable":true,"href":"https:\/\/www.upjs.sk\/pracoviska\/univerzitna-kniznica\/wp-json\/wp\/v2\/comments?post=40052"}],"version-history":[{"count":1,"href":"https:\/\/www.upjs.sk\/pracoviska\/univerzitna-kniznica\/wp-json\/wp\/v2\/pages\/40052\/revisions"}],"predecessor-version":[{"id":40053,"href":"https:\/\/www.upjs.sk\/pracoviska\/univerzitna-kniznica\/wp-json\/wp\/v2\/pages\/40052\/revisions\/40053"}],"wp:attachment":[{"href":"https:\/\/www.upjs.sk\/pracoviska\/univerzitna-kniznica\/wp-json\/wp\/v2\/media?parent=40052"}],"wp:term":[{"taxonomy":"category","embeddable":true,"href":"https:\/\/www.upjs.sk\/pracoviska\/univerzitna-kniznica\/wp-json\/wp\/v2\/categories?post=40052"},{"taxonomy":"post_tag","embeddable":true,"href":"https:\/\/www.upjs.sk\/pracoviska\/univerzitna-kniznica\/wp-json\/wp\/v2\/tags?post=40052"}],"curies":[{"name":"wp","href":"https:\/\/api.w.org\/{rel}","templated":true}]}}