{"id":18146,"date":"2022-07-06T11:36:22","date_gmt":"2022-07-06T10:36:22","guid":{"rendered":"https:\/\/www.upjs.sk\/pracoviska\/ustav-telesnej-vychovy\/academic-staff-profiles\/"},"modified":"2025-10-03T10:38:19","modified_gmt":"2025-10-03T09:38:19","slug":"academic-staff-profiles","status":"publish","type":"page","link":"https:\/\/www.upjs.sk\/pracoviska\/ustav-telesnej-vychovy\/en\/academic-staff-profiles\/","title":{"rendered":"Academic staff profiles"},"content":{"rendered":"\n<p class=\"has-text-align-center\">The working team of the Institute of Physical Education and Sports at P. J. \u0160afarik University<\/p>\n\n\n\n<figure class=\"wp-block-table is-style-stripes\"><table class=\"has-fixed-layout\"><tbody><tr><td><strong>Director of Institute:<\/strong><\/td><td><strong><a href=\"https:\/\/www.upjs.sk\/en\/UPJS\/employee\/alena.bukova\/\" class=\"ek-link\">Mgr. Alena Bukov\u00e1, PhD., university associate professor<\/a><\/strong><br>e-mail: <a href=\"mailto:alena.bukova@upjs.sk\">alena.bukova@upjs.sk<\/a><br>tel.: 055 234 1624<\/td><\/tr><tr><td><strong>Secretary:<\/strong><\/td><td>Lenka Sopkov\u00e1<br><a href=\"mailto:lenka.sopkova@upjs.sk\" class=\"ek-link\">lenka.sopkova@upjs.sk<\/a><br>tel.: 055 234 1604<\/td><\/tr><tr><td><strong>Department of Student Affairs:<\/strong><\/td><td>Mgr. Romana Mar\u010di\u0161inov\u00e1<br>e-mail: <a href=\"mailto:romana.marcisinova@upjs.sk\">romana.marcisinova@upjs.sk<\/a><br>tel.: 055&nbsp;234 1631<\/td><\/tr><\/tbody><\/table><\/figure>\n\n\n\n<p class=\"has-text-align-center\">&nbsp;<\/p>\n\n\n\n<figure class=\"wp-block-table is-style-stripes\"><table class=\"has-fixed-layout\"><thead><tr><th><strong><mark style=\"background-color:rgba(0, 0, 0, 0)\" class=\"has-inline-color has-zakladna-modra-color\">Heads of Departments<\/mark><\/strong><\/th><\/tr><\/thead><tbody><tr><td><strong>Faculty of Medicine:<\/strong><\/td><td>Mgr. Ladislav Kru\u010danica, PhD.<br>e-mail:&nbsp;<a href=\"mailto:ladislav.krucanica@upjs.sk\">ladislav.krucanica@upjs.sk<\/a><br>tel.: 055 234 1629<\/td><\/tr><tr><td><strong>Faculty of Science:<\/strong><\/td><td>Mgr. Marcel \u010curgali<br>e-mail:&nbsp;<a href=\"mailto:marcel.curgali@upjs.sk\">marcel.curgali@upjs.sk<\/a><br>tel.: 055 234 1627<\/td><\/tr><tr><td><strong>Faculty of Law:<\/strong><\/td><td>Mgr. D\u00e1vid Ka\u0161ko<br>e-mail: <a href=\"mailto:david.kasko@upjs.sk\">david.kasko@upjs.sk<\/a><br>tel.: 055 234 1627<\/td><\/tr><tr><td><strong>Faculty of Public Administration:<\/strong><\/td><td>Mgr. Patrik Berta<br>e-mail:&nbsp;<a href=\"mailto:patrik.berta@upjs.sk\">patrik.berta@upjs.sk<\/a><br>tel.: 055 234 1629<\/td><\/tr><tr><td><strong>Faculty of Arts:<\/strong><\/td><td>Mgr. Agata Horbacz, PhD.<br>e-mail: <a href=\"mailto:agata.horbacz@upjs.sk\">agata.horbacz@upjs.sk<\/a><br>tel.: 055 234 1558<\/td><\/tr><\/tbody><\/table><\/figure>\n\n\n\n<div style=\"height:55px\" aria-hidden=\"true\" class=\"wp-block-spacer\"><\/div>\n\n\n\n<p><\/p>\n\n\n\n<p class=\"has-text-align-center\"><strong><mark style=\"background-color:rgba(0, 0, 0, 0)\" class=\"has-inline-color has-utvas-color\">CONSULTATION HOURS, WINTER TERM 2024\/2025<\/mark><\/strong><\/p>\n\n\n\n<figure class=\"wp-block-table caption-align-center is-style-regular has-ek-indent\" style=\"--ek-indent:20px\"><table class=\"has-fixed-layout\"><thead><tr><th><\/th><th class=\"has-text-align-left\" data-align=\"left\"><strong><mark style=\"background-color:rgba(0, 0, 0, 0)\" class=\"has-inline-color has-zakladna-modra-color\">Professors<\/mark><\/strong><\/th><th class=\"has-text-align-left\" data-align=\"left\"><strong><mark style=\"background-color:rgba(0, 0, 0, 0)\" class=\"has-inline-color has-zakladna-modra-color\">Consultation Hours<\/mark><\/strong><\/th><\/tr><\/thead><tbody><tr><td><img decoding=\"async\" class=\"aligncenter\" style=\"width: 160px;\" src=\"https:\/\/www.upjs.sk\/app\/uploads\/sites\/14\/2022\/10\/profJunger.jpg\" alt=\"\" height=\"182\"><\/td><td class=\"has-text-align-left\" data-align=\"left\"><a href=\"https:\/\/www.upjs.sk\/UPJS\/zamestnanec\/jan.junger\/\">prof. PaedDr. J\u00e1n Junger, CSc.<\/a><br><a href=\"mailto:jan.junger@upjs.sk\">jan.junger@upjs.sk<\/a><br>tel.: 055 234 1628<\/td><td class=\"has-text-align-left\" data-align=\"left\">Monday:\u00a0\u00a0\u00a0    11:00 \u2013 11:45<br>Wednesday:\u00a0\u00a0 9:30 \u2013 11:00<\/td><\/tr><tr><td><img decoding=\"async\" class=\"aligncenter\" style=\"width: 160px;\" src=\"https:\/\/www.upjs.sk\/app\/uploads\/sites\/14\/2025\/10\/Kalanin.jpg\" alt=\"\" height=\"182\"><\/td><td class=\"has-text-align-left\" data-align=\"left\"><a href=\"https:\/\/www.upjs.sk\/LF\/zamestnanec\/peter.kalanin\">prof. MUDr. PhDr. Peter Kalanin, PhD., PhD., MHA<\/a><br><a href=\"mailto:peter.kalanin@upjs.sk\">peter.kalanin@upjs.sk<\/a><br>tel.: 055 234 1628<\/td><td class=\"has-text-align-left\" data-align=\"left\"><\/td><\/tr><tr><td>&nbsp;<\/td><td class=\"has-text-align-left\" data-align=\"left\"><strong><strong><mark style=\"background-color:rgba(0, 0, 0, 0)\" class=\"has-inline-color has-zakladna-modra-color\">Associate<\/mark><\/strong><\/strong><\/td><td class=\"has-text-align-left\" data-align=\"left\">&nbsp;<\/td><\/tr><tr><td><img decoding=\"async\" class=\"aligncenter\" style=\"width: 160px;\" src=\"https:\/\/www.upjs.sk\/app\/uploads\/sites\/14\/2022\/10\/Cimbolakova.jpg\" alt=\"\" height=\"198\"><\/td><td class=\"has-text-align-left\" data-align=\"left\"><a href=\"https:\/\/www.upjs.sk\/UPJS\/zamestnanec\/iveta.cimbolakova\">doc. Ing. Iveta Cimbol\u00e1kov\u00e1, PhD.<\/a><br><a href=\"mailto:iveta.cimbolakova@upjs.sk\">iveta.cimbolakova@upjs.sk<\/a><br>tel.: 055 234 1559<\/td><td class=\"has-text-align-left\" data-align=\"left\">Monday:&nbsp;&nbsp;&nbsp;&nbsp; 11:00 \u2013 12:00<br>Tuesday:&nbsp;&nbsp;&nbsp;&nbsp;&nbsp;10:00 \u2013 11:00<\/td><\/tr><tr><td><img decoding=\"async\" class=\"aligncenter\" style=\"width: 160px;\" src=\"https:\/\/www.upjs.sk\/app\/uploads\/sites\/14\/2022\/10\/Uher.jpg\" alt=\"\" height=\"208\"><\/td><td class=\"has-text-align-left\" data-align=\"left\"><a class=\"ek-link\" href=\"https:\/\/www.upjs.sk\/UPJS\/zamestnanec\/ivan.uher\">doc. PaedDr. Ivan Uher, PhD., MPH<\/a><br><a href=\"mailto:ivan.uher@upjs.sk\">ivan.uher@upjs.sk<\/a><br>tel.: 055 234 1559<\/td><td class=\"has-text-align-left\" data-align=\"left\">Monday:\u00a0\u00a0\u00a0\u00a0\u00a0 11:00 \u2013 12:00<br>Tuesday:      12:00 \u2013 13:00<\/td><\/tr><tr><td><\/td><td class=\"has-text-align-left\" data-align=\"left\"><strong><mark style=\"background-color:rgba(0, 0, 0, 0)\" class=\"has-inline-color has-zakladna-modra-color\">University associate professors<\/mark><\/strong><\/td><td class=\"has-text-align-left\" data-align=\"left\"><\/td><\/tr><tr><td>&nbsp;<img decoding=\"async\" class=\"aligncenter\" style=\"width: 160px;\" src=\"https:\/\/www.upjs.sk\/app\/uploads\/sites\/14\/2022\/10\/Bukova.jpg\" alt=\"\"><\/td><td class=\"has-text-align-left\" data-align=\"left\"><a href=\"https:\/\/www.upjs.sk\/UPJS\/zamestnanec\/alena.bukova\/\" class=\"ek-link\">Mgr. Alena Bukov\u00e1, PhD., university associate professor<\/a><br><a href=\"mailto:alena.bukova@upjs.sk\" class=\"ek-link\">alena.bukova@upjs.sk<\/a><br>tel.: 055 234 1624<\/td><td class=\"has-text-align-left\" data-align=\"left\">Monday:\u00a0\u00a0\u00a0\u00a0      9:30 \u2013 11:30<br>Wednesday:\u00a0 \u00a0\u00a0\u00a09:30 \u2013 11:30<br>Thursday:\u00a0\u00a0\u00a0\u00a0\u00a0\u00a0\u00a0 9:30 \u2013 11:30<\/td><\/tr><tr><td><img decoding=\"async\" class=\"aligncenter\" style=\"width: 160px;\" src=\"https:\/\/www.upjs.sk\/app\/uploads\/sites\/14\/2022\/10\/Horbacz.jpg\" alt=\"\" height=\"189\"><\/td><td class=\"has-text-align-left\" data-align=\"left\"><a href=\"https:\/\/www.upjs.sk\/UPJS\/zamestnanec\/agata.horbacz\">Mgr. Agata Horbacz, PhD., university associate professor<\/a><br><a href=\"mailto:agata.horbacz@upjs.sk\">agata.horbacz@upjs.sk<\/a><br>tel.: 055 234 1558<\/td><td class=\"has-text-align-left\" data-align=\"left\">Tuesday:&nbsp;&nbsp;&nbsp;&nbsp;&nbsp;&nbsp;&nbsp; 12:00 &#8211; 13:00<br>Friday:&nbsp; &nbsp;&nbsp;&nbsp;&nbsp;&nbsp;&nbsp;&nbsp;&nbsp;&nbsp;12:30 &#8211; 13:30<\/td><\/tr><tr><td><\/td><td class=\"has-text-align-left\" data-align=\"left\"><strong><strong><mark style=\"background-color:rgba(0, 0, 0, 0)\" class=\"has-inline-color has-zakladna-modra-color\">Assistant professors<\/mark><\/strong><\/strong><\/td><td class=\"has-text-align-left\" data-align=\"left\"><\/td><\/tr><tr><td><img decoding=\"async\" class=\"aligncenter\" style=\"width: 160px;\" src=\"https:\/\/www.upjs.sk\/app\/uploads\/sites\/14\/2022\/10\/Kasko.jpg\" alt=\"\" height=\"200\"><\/td><td class=\"has-text-align-left\" data-align=\"left\"><a href=\"https:\/\/www.upjs.sk\/UPJS\/zamestnanec\/david.kasko\">Mgr. D\u00e1vid Ka\u0161ko, PhD.<\/a><br><a href=\"mailto:david.kasko@upjs.sk\">david.kasko@upjs.sk<\/a><br>tel.: 055 234 1627<\/td><td class=\"has-text-align-left\" data-align=\"left\">Wednesday:&nbsp;&nbsp;&nbsp;&nbsp;&nbsp;13:00 \u2013 14:00<br>Thursday:&nbsp;&nbsp; &nbsp;&nbsp;&nbsp;&nbsp;&nbsp;12:00 \u2013 13:00<\/td><\/tr><tr><td><img decoding=\"async\" class=\"aligncenter\" style=\"width: 160px;\" src=\"https:\/\/www.upjs.sk\/app\/uploads\/sites\/14\/2022\/10\/Krucanica-L.jpg\" alt=\"\" height=\"180\"><\/td><td class=\"has-text-align-left\" data-align=\"left\"><a href=\"https:\/\/www.upjs.sk\/UPJS\/zamestnanec\/ladislav.krucanica\">Mgr. Ladislav Kru\u010danica, PhD.<\/a><br><a href=\"mailto:ladislav.krucanica@upjs.sk\">ladislav.krucanica@upjs.sk<\/a><br>tel.: 055 234 1629<\/td><td class=\"has-text-align-left\" data-align=\"left\">Monday:\u00a0\u00a0      10:00 \u2013 11:30<br>Wednesday:\u00a0  13:00 \u2013 14:30<\/td><\/tr><tr><td><img decoding=\"async\" class=\"aligncenter\" style=\"width: 160px;\" src=\"https:\/\/www.upjs.sk\/app\/uploads\/sites\/14\/2025\/10\/Salonna.jpg\" alt=\"\" height=\"180\"><\/td><td class=\"has-text-align-left\" data-align=\"left\"><a href=\"https:\/\/studijne-programy.upjs.sk\/ucitel\/ferdinand.salonna?phd=\">Mgr. Ferdinand Salonna, PhD.<\/a><br><a href=\"mailto:ferdinand.salonna@upjs.sk\">ferdinand.salonna@upjs.sk<\/a><br>tel.: 055 234 1623<\/td><td class=\"has-text-align-left\" data-align=\"left\">Tuesday:\u00a0\u00a0\u00a0\u00a0\u00a0\u00a0\u00a0\u00a0  8:30 \u2013 9:30<br>Wednesday:\u00a0\u00a0\u00a0\u00a0 8:30 \u2013 9:30<br><\/td><\/tr><tr><td><img decoding=\"async\" class=\"aligncenter\" style=\"width: 160px;\" src=\"https:\/\/www.upjs.sk\/app\/uploads\/sites\/14\/2022\/10\/Kuchelova.jpg\" alt=\"\" height=\"199\"><\/td><td class=\"has-text-align-left\" data-align=\"left\"><a href=\"https:\/\/www.upjs.sk\/UPJS\/zamestnanec\/zuzana.kuchelova\">Mgr. Zuzana K\u00fcchelov\u00e1, PhD.<\/a><br><a href=\"mailto:zuzana.kuchelova@upjs.sk\">zuzana.kuchelova@upjs.sk<\/a><br>tel.: 055 234 1623<\/td><td class=\"has-text-align-left\" data-align=\"left\">Monday:&nbsp;&nbsp;&nbsp; 10:00 \u2013 11:30<br>Tuesday:&nbsp;&nbsp;&nbsp;&nbsp;13:30 \u2013 15:00<\/td><\/tr><tr><td><img decoding=\"async\" class=\"aligncenter\" style=\"width: 160px;\" src=\"https:\/\/www.upjs.sk\/app\/uploads\/sites\/14\/2022\/10\/Tomkova-P.jpg\" alt=\"\" height=\"182\"><\/td><td class=\"has-text-align-left\" data-align=\"left\"><a href=\"https:\/\/www.upjs.sk\/UPJS\/zamestnanec\/petra.tomkova\">Mgr. Petra Tomkov\u00e1, PhD.<\/a><br><a href=\"mailto:petra.tomkova@upjs.sk\">petra.tomkova@upjs.sk<\/a><br>tel.: 055 234 1558<\/td><td class=\"has-text-align-left\" data-align=\"left\">Monday:&nbsp;&nbsp;&nbsp; 12:30 \u2013 13:30<br>Tuesday:&nbsp;&nbsp;&nbsp;&nbsp;12:30 \u2013 13:30<\/td><\/tr><tr><td>&nbsp;<\/td><td class=\"has-text-align-left\" data-align=\"left\"><strong><mark style=\"background-color:rgba(0, 0, 0, 0)\" class=\"has-inline-color has-zakladna-modra-color\">Asistent<\/mark><\/strong><\/td><td class=\"has-text-align-left\" data-align=\"left\">&nbsp;<\/td><\/tr><tr><td><img decoding=\"async\" class=\"aligncenter\" style=\"width: 160px;\" src=\"https:\/\/www.upjs.sk\/app\/uploads\/sites\/14\/2022\/10\/Curgali.jpg\" alt=\"\" height=\"194\"><\/td><td class=\"has-text-align-left\" data-align=\"left\"><a href=\"https:\/\/www.upjs.sk\/UPJS\/zamestnanec\/marcel.curgali\">Mgr. Marcel \u010curgali<\/a><br><a href=\"mailto:marcel.curgali@upjs.sk\">marcel.curgali@upjs.sk<\/a><br>tel.: 055 234 1627<\/td><td class=\"has-text-align-left\" data-align=\"left\">Tuesday:&nbsp;&nbsp;&nbsp; &nbsp;&nbsp;&nbsp;&nbsp;12:30 \u2013 13:30<br>Thursday&nbsp; :&nbsp;&nbsp;&nbsp; 12:30 \u2013 13:30<\/td><\/tr><tr><td>&nbsp;<\/td><td class=\"has-text-align-left\" data-align=\"left\"><strong><strong><mark style=\"background-color:rgba(0, 0, 0, 0)\" class=\"has-inline-color has-zakladna-modra-color\">Lecturers<\/mark><\/strong><\/strong><\/td><td class=\"has-text-align-left\" data-align=\"left\">&nbsp;<\/td><\/tr><tr><td><img decoding=\"async\" class=\"aligncenter\" style=\"width: 160px;\" src=\"https:\/\/www.upjs.sk\/app\/uploads\/sites\/14\/2022\/10\/Berta.jpg\" alt=\"\" height=\"198\"><\/td><td class=\"has-text-align-left\" data-align=\"left\"><a href=\"https:\/\/www.upjs.sk\/UPJS\/zamestnanec\/patrik.berta\">Mgr. Patrik Berta<\/a><br><a href=\"mailto:patrik.berta@upjs.sk\">patrik.berta@upjs.sk<\/a><br>tel.: 055 234 1629<\/td><td class=\"has-text-align-left\" data-align=\"left\">Pondelok :&nbsp;&nbsp;&nbsp;&nbsp;&nbsp; 10:00 \u2013 11:00<br>Wednesday :&nbsp;&nbsp;&nbsp;&nbsp;9:00 \u2013 10:00<\/td><\/tr><tr><td><img decoding=\"async\" class=\"aligncenter\" style=\"width: 160px;\" src=\"https:\/\/www.upjs.sk\/app\/uploads\/sites\/14\/2022\/10\/Melichar-R.jpg\" alt=\"\" height=\"182\"><\/td><td class=\"has-text-align-left\" data-align=\"left\"><a href=\"https:\/\/www.upjs.sk\/UPJS\/zamestnanec\/richard.melichar\">Mgr. Richard Melichar<\/a><br><a href=\"mailto:richard.melichar@upjs.sk\">richard.melichar@upjs.sk<\/a><br>tel.: 055 234 1627<\/td><td class=\"has-text-align-left\" data-align=\"left\">Monday:&nbsp;&nbsp; 10:00 \u2013 11:00<br>Tuesday:&nbsp;&nbsp; 14:15 \u2013 15:15<\/td><\/tr><tr><td><img decoding=\"async\" class=\"aligncenter\" style=\"width: 160px;\" src=\"https:\/\/www.upjs.sk\/app\/uploads\/sites\/14\/2025\/10\/Evelley.jpg\" alt=\"\" height=\"182\"><\/td><td class=\"has-text-align-left\" data-align=\"left\"><a href=\"https:\/\/www.upjs.sk\/en\/UPJS\/employee\/julius.evelley\/\">Mgr.&nbsp;J\u00falius Evelley<\/a><br><a href=\"mailto:julius.evelley@upjs.sk\">julius.evelley@upjs.sk<\/a><br>tel.:055 234 1628<\/td><td class=\"has-text-align-left\" data-align=\"left\">Friday:    9:00 &#8211; 10:30<\/td><\/tr><\/tbody><\/table><\/figure>\n\n\n\n<p><\/p>\n","protected":false},"excerpt":{"rendered":"<p>The working team of the Institute of Physical Education and Sports at P. J. \u0160afarik University Director of Institute: Mgr. Alena Bukov\u00e1, PhD., university associate professore-mail: alena.bukova@upjs.sktel.: 055 234 1624 Secretary: Lenka Sopkov\u00e1lenka.sopkova@upjs.sktel.: 055 234 1604 Department of Student Affairs: Mgr. Romana Mar\u010di\u0161inov\u00e1e-mail: romana.marcisinova@upjs.sktel.: 055&nbsp;234 1631 &nbsp; Heads of Departments Faculty of Medicine: Mgr. Ladislav &hellip; <a href=\"https:\/\/www.upjs.sk\/pracoviska\/ustav-telesnej-vychovy\/en\/academic-staff-profiles\/\">Continued<\/a><\/p>\n","protected":false},"author":1,"featured_media":0,"parent":0,"menu_order":4,"comment_status":"closed","ping_status":"closed","template":"","meta":{"_acf_changed":false,"_editorskit_title_hidden":false,"_editorskit_reading_time":1,"_editorskit_is_block_options_detached":false,"_editorskit_block_options_position":"{}","footnotes":""},"categories":[],"tags":[],"class_list":["post-18146","page","type-page","status-publish","hentry"],"acf":{"acf_link_na_externy_obsah":""},"yoast_head":"<!-- This site is optimized with the Yoast SEO plugin v27.4 - https:\/\/yoast.com\/product\/yoast-seo-wordpress\/ -->\n<title>Academic staff profiles - \u00dastav telesnej v\u00fdchovy a \u0161portu | UPJ\u0160<\/title>\n<meta name=\"robots\" content=\"index, follow, max-snippet:-1, max-image-preview:large, max-video-preview:-1\" \/>\n<link rel=\"canonical\" href=\"https:\/\/www.upjs.sk\/pracoviska\/ustav-telesnej-vychovy\/en\/academic-staff-profiles\/\" \/>\n<meta property=\"og:locale\" content=\"en_US\" \/>\n<meta property=\"og:type\" content=\"article\" \/>\n<meta property=\"og:title\" content=\"Academic staff profiles - \u00dastav telesnej v\u00fdchovy a \u0161portu | UPJ\u0160\" \/>\n<meta property=\"og:description\" content=\"The working team of the Institute of Physical Education and Sports at P. J. \u0160afarik University Director of Institute: Mgr. Alena Bukov\u00e1, PhD., university associate professore-mail: alena.bukova@upjs.sktel.: 055 234 1624 Secretary: Lenka Sopkov\u00e1lenka.sopkova@upjs.sktel.: 055 234 1604 Department of Student Affairs: Mgr. Romana Mar\u010di\u0161inov\u00e1e-mail: romana.marcisinova@upjs.sktel.: 055&nbsp;234 1631 &nbsp; Heads of Departments Faculty of Medicine: Mgr. Ladislav &hellip; Continued\" \/>\n<meta property=\"og:url\" content=\"https:\/\/www.upjs.sk\/pracoviska\/ustav-telesnej-vychovy\/en\/academic-staff-profiles\/\" \/>\n<meta property=\"og:site_name\" content=\"\u00dastav telesnej v\u00fdchovy a \u0161portu | UPJ\u0160\" \/>\n<meta property=\"article:modified_time\" content=\"2025-10-03T09:38:19+00:00\" \/>\n<meta property=\"og:image\" content=\"https:\/\/www.upjs.sk\/app\/uploads\/sites\/14\/2022\/10\/profJunger.jpg\" \/>\n<meta name=\"twitter:card\" content=\"summary_large_image\" \/>\n<meta name=\"twitter:label1\" content=\"Est. reading time\" \/>\n\t<meta name=\"twitter:data1\" content=\"5 minutes\" \/>\n<script type=\"application\/ld+json\" class=\"yoast-schema-graph\">{\"@context\":\"https:\\\/\\\/schema.org\",\"@graph\":[{\"@type\":\"WebPage\",\"@id\":\"https:\\\/\\\/www.upjs.sk\\\/pracoviska\\\/ustav-telesnej-vychovy\\\/en\\\/academic-staff-profiles\\\/\",\"url\":\"https:\\\/\\\/www.upjs.sk\\\/pracoviska\\\/ustav-telesnej-vychovy\\\/en\\\/academic-staff-profiles\\\/\",\"name\":\"Academic staff profiles - \u00dastav telesnej v\u00fdchovy a \u0161portu | UPJ\u0160\",\"isPartOf\":{\"@id\":\"https:\\\/\\\/www.upjs.sk\\\/pracoviska\\\/ustav-telesnej-vychovy\\\/en\\\/#website\"},\"primaryImageOfPage\":{\"@id\":\"https:\\\/\\\/www.upjs.sk\\\/pracoviska\\\/ustav-telesnej-vychovy\\\/en\\\/academic-staff-profiles\\\/#primaryimage\"},\"image\":{\"@id\":\"https:\\\/\\\/www.upjs.sk\\\/pracoviska\\\/ustav-telesnej-vychovy\\\/en\\\/academic-staff-profiles\\\/#primaryimage\"},\"thumbnailUrl\":\"https:\\\/\\\/www.upjs.sk\\\/app\\\/uploads\\\/sites\\\/14\\\/2022\\\/10\\\/profJunger.jpg\",\"datePublished\":\"2022-07-06T10:36:22+00:00\",\"dateModified\":\"2025-10-03T09:38:19+00:00\",\"breadcrumb\":{\"@id\":\"https:\\\/\\\/www.upjs.sk\\\/pracoviska\\\/ustav-telesnej-vychovy\\\/en\\\/academic-staff-profiles\\\/#breadcrumb\"},\"inLanguage\":\"en-US\",\"potentialAction\":[{\"@type\":\"ReadAction\",\"target\":[\"https:\\\/\\\/www.upjs.sk\\\/pracoviska\\\/ustav-telesnej-vychovy\\\/en\\\/academic-staff-profiles\\\/\"]}]},{\"@type\":\"ImageObject\",\"inLanguage\":\"en-US\",\"@id\":\"https:\\\/\\\/www.upjs.sk\\\/pracoviska\\\/ustav-telesnej-vychovy\\\/en\\\/academic-staff-profiles\\\/#primaryimage\",\"url\":\"https:\\\/\\\/www.upjs.sk\\\/app\\\/uploads\\\/sites\\\/14\\\/2022\\\/10\\\/profJunger.jpg\",\"contentUrl\":\"https:\\\/\\\/www.upjs.sk\\\/app\\\/uploads\\\/sites\\\/14\\\/2022\\\/10\\\/profJunger.jpg\"},{\"@type\":\"BreadcrumbList\",\"@id\":\"https:\\\/\\\/www.upjs.sk\\\/pracoviska\\\/ustav-telesnej-vychovy\\\/en\\\/academic-staff-profiles\\\/#breadcrumb\",\"itemListElement\":[{\"@type\":\"ListItem\",\"position\":1,\"name\":\"Home\",\"item\":\"https:\\\/\\\/www.upjs.sk\\\/pracoviska\\\/ustav-telesnej-vychovy\\\/en\\\/\"},{\"@type\":\"ListItem\",\"position\":2,\"name\":\"Academic staff profiles\"}]},{\"@type\":\"WebSite\",\"@id\":\"https:\\\/\\\/www.upjs.sk\\\/pracoviska\\\/ustav-telesnej-vychovy\\\/en\\\/#website\",\"url\":\"https:\\\/\\\/www.upjs.sk\\\/pracoviska\\\/ustav-telesnej-vychovy\\\/en\\\/\",\"name\":\"\u00dastav telesnej v\u00fdchovy a \u0161portu | UPJ\u0160\",\"description\":\"\",\"publisher\":{\"@id\":\"https:\\\/\\\/www.upjs.sk\\\/pracoviska\\\/ustav-telesnej-vychovy\\\/en\\\/#organization\"},\"potentialAction\":[{\"@type\":\"SearchAction\",\"target\":{\"@type\":\"EntryPoint\",\"urlTemplate\":\"https:\\\/\\\/www.upjs.sk\\\/pracoviska\\\/ustav-telesnej-vychovy\\\/en\\\/?s={search_term_string}\"},\"query-input\":{\"@type\":\"PropertyValueSpecification\",\"valueRequired\":true,\"valueName\":\"search_term_string\"}}],\"inLanguage\":\"en-US\"},{\"@type\":\"Organization\",\"@id\":\"https:\\\/\\\/www.upjs.sk\\\/pracoviska\\\/ustav-telesnej-vychovy\\\/en\\\/#organization\",\"name\":\"\u00dastav telesnej v\u00fdchovy a \u0161portu | UPJ\u0160\",\"url\":\"https:\\\/\\\/www.upjs.sk\\\/pracoviska\\\/ustav-telesnej-vychovy\\\/en\\\/\",\"logo\":{\"@type\":\"ImageObject\",\"inLanguage\":\"en-US\",\"@id\":\"https:\\\/\\\/www.upjs.sk\\\/pracoviska\\\/ustav-telesnej-vychovy\\\/en\\\/#\\\/schema\\\/logo\\\/image\\\/\",\"url\":\"https:\\\/\\\/www.upjs.sk\\\/app\\\/uploads\\\/sites\\\/14\\\/2023\\\/01\\\/UTVS_ENG.svg\",\"contentUrl\":\"https:\\\/\\\/www.upjs.sk\\\/app\\\/uploads\\\/sites\\\/14\\\/2023\\\/01\\\/UTVS_ENG.svg\",\"width\":500,\"height\":138,\"caption\":\"\u00dastav telesnej v\u00fdchovy a \u0161portu | UPJ\u0160\"},\"image\":{\"@id\":\"https:\\\/\\\/www.upjs.sk\\\/pracoviska\\\/ustav-telesnej-vychovy\\\/en\\\/#\\\/schema\\\/logo\\\/image\\\/\"}}]}<\/script>\n<!-- \/ Yoast SEO plugin. -->","yoast_head_json":{"title":"Academic staff profiles - \u00dastav telesnej v\u00fdchovy a \u0161portu | UPJ\u0160","robots":{"index":"index","follow":"follow","max-snippet":"max-snippet:-1","max-image-preview":"max-image-preview:large","max-video-preview":"max-video-preview:-1"},"canonical":"https:\/\/www.upjs.sk\/pracoviska\/ustav-telesnej-vychovy\/en\/academic-staff-profiles\/","og_locale":"en_US","og_type":"article","og_title":"Academic staff profiles - \u00dastav telesnej v\u00fdchovy a \u0161portu | UPJ\u0160","og_description":"The working team of the Institute of Physical Education and Sports at P. J. \u0160afarik University Director of Institute: Mgr. Alena Bukov\u00e1, PhD., university associate professore-mail: alena.bukova@upjs.sktel.: 055 234 1624 Secretary: Lenka Sopkov\u00e1lenka.sopkova@upjs.sktel.: 055 234 1604 Department of Student Affairs: Mgr. Romana Mar\u010di\u0161inov\u00e1e-mail: romana.marcisinova@upjs.sktel.: 055&nbsp;234 1631 &nbsp; Heads of Departments Faculty of Medicine: Mgr. Ladislav &hellip; Continued","og_url":"https:\/\/www.upjs.sk\/pracoviska\/ustav-telesnej-vychovy\/en\/academic-staff-profiles\/","og_site_name":"\u00dastav telesnej v\u00fdchovy a \u0161portu | UPJ\u0160","article_modified_time":"2025-10-03T09:38:19+00:00","og_image":[{"url":"https:\/\/www.upjs.sk\/app\/uploads\/sites\/14\/2022\/10\/profJunger.jpg","type":"","width":"","height":""}],"twitter_card":"summary_large_image","twitter_misc":{"Est. reading time":"5 minutes"},"schema":{"@context":"https:\/\/schema.org","@graph":[{"@type":"WebPage","@id":"https:\/\/www.upjs.sk\/pracoviska\/ustav-telesnej-vychovy\/en\/academic-staff-profiles\/","url":"https:\/\/www.upjs.sk\/pracoviska\/ustav-telesnej-vychovy\/en\/academic-staff-profiles\/","name":"Academic staff profiles - \u00dastav telesnej v\u00fdchovy a \u0161portu | UPJ\u0160","isPartOf":{"@id":"https:\/\/www.upjs.sk\/pracoviska\/ustav-telesnej-vychovy\/en\/#website"},"primaryImageOfPage":{"@id":"https:\/\/www.upjs.sk\/pracoviska\/ustav-telesnej-vychovy\/en\/academic-staff-profiles\/#primaryimage"},"image":{"@id":"https:\/\/www.upjs.sk\/pracoviska\/ustav-telesnej-vychovy\/en\/academic-staff-profiles\/#primaryimage"},"thumbnailUrl":"https:\/\/www.upjs.sk\/app\/uploads\/sites\/14\/2022\/10\/profJunger.jpg","datePublished":"2022-07-06T10:36:22+00:00","dateModified":"2025-10-03T09:38:19+00:00","breadcrumb":{"@id":"https:\/\/www.upjs.sk\/pracoviska\/ustav-telesnej-vychovy\/en\/academic-staff-profiles\/#breadcrumb"},"inLanguage":"en-US","potentialAction":[{"@type":"ReadAction","target":["https:\/\/www.upjs.sk\/pracoviska\/ustav-telesnej-vychovy\/en\/academic-staff-profiles\/"]}]},{"@type":"ImageObject","inLanguage":"en-US","@id":"https:\/\/www.upjs.sk\/pracoviska\/ustav-telesnej-vychovy\/en\/academic-staff-profiles\/#primaryimage","url":"https:\/\/www.upjs.sk\/app\/uploads\/sites\/14\/2022\/10\/profJunger.jpg","contentUrl":"https:\/\/www.upjs.sk\/app\/uploads\/sites\/14\/2022\/10\/profJunger.jpg"},{"@type":"BreadcrumbList","@id":"https:\/\/www.upjs.sk\/pracoviska\/ustav-telesnej-vychovy\/en\/academic-staff-profiles\/#breadcrumb","itemListElement":[{"@type":"ListItem","position":1,"name":"Home","item":"https:\/\/www.upjs.sk\/pracoviska\/ustav-telesnej-vychovy\/en\/"},{"@type":"ListItem","position":2,"name":"Academic staff profiles"}]},{"@type":"WebSite","@id":"https:\/\/www.upjs.sk\/pracoviska\/ustav-telesnej-vychovy\/en\/#website","url":"https:\/\/www.upjs.sk\/pracoviska\/ustav-telesnej-vychovy\/en\/","name":"\u00dastav telesnej v\u00fdchovy a \u0161portu | UPJ\u0160","description":"","publisher":{"@id":"https:\/\/www.upjs.sk\/pracoviska\/ustav-telesnej-vychovy\/en\/#organization"},"potentialAction":[{"@type":"SearchAction","target":{"@type":"EntryPoint","urlTemplate":"https:\/\/www.upjs.sk\/pracoviska\/ustav-telesnej-vychovy\/en\/?s={search_term_string}"},"query-input":{"@type":"PropertyValueSpecification","valueRequired":true,"valueName":"search_term_string"}}],"inLanguage":"en-US"},{"@type":"Organization","@id":"https:\/\/www.upjs.sk\/pracoviska\/ustav-telesnej-vychovy\/en\/#organization","name":"\u00dastav telesnej v\u00fdchovy a \u0161portu | UPJ\u0160","url":"https:\/\/www.upjs.sk\/pracoviska\/ustav-telesnej-vychovy\/en\/","logo":{"@type":"ImageObject","inLanguage":"en-US","@id":"https:\/\/www.upjs.sk\/pracoviska\/ustav-telesnej-vychovy\/en\/#\/schema\/logo\/image\/","url":"https:\/\/www.upjs.sk\/app\/uploads\/sites\/14\/2023\/01\/UTVS_ENG.svg","contentUrl":"https:\/\/www.upjs.sk\/app\/uploads\/sites\/14\/2023\/01\/UTVS_ENG.svg","width":500,"height":138,"caption":"\u00dastav telesnej v\u00fdchovy a \u0161portu | UPJ\u0160"},"image":{"@id":"https:\/\/www.upjs.sk\/pracoviska\/ustav-telesnej-vychovy\/en\/#\/schema\/logo\/image\/"}}]}},"_links":{"self":[{"href":"https:\/\/www.upjs.sk\/pracoviska\/ustav-telesnej-vychovy\/en\/wp-json\/wp\/v2\/pages\/18146","targetHints":{"allow":["GET"]}}],"collection":[{"href":"https:\/\/www.upjs.sk\/pracoviska\/ustav-telesnej-vychovy\/en\/wp-json\/wp\/v2\/pages"}],"about":[{"href":"https:\/\/www.upjs.sk\/pracoviska\/ustav-telesnej-vychovy\/en\/wp-json\/wp\/v2\/types\/page"}],"author":[{"embeddable":true,"href":"https:\/\/www.upjs.sk\/pracoviska\/ustav-telesnej-vychovy\/en\/wp-json\/wp\/v2\/users\/1"}],"replies":[{"embeddable":true,"href":"https:\/\/www.upjs.sk\/pracoviska\/ustav-telesnej-vychovy\/en\/wp-json\/wp\/v2\/comments?post=18146"}],"version-history":[{"count":20,"href":"https:\/\/www.upjs.sk\/pracoviska\/ustav-telesnej-vychovy\/en\/wp-json\/wp\/v2\/pages\/18146\/revisions"}],"predecessor-version":[{"id":22941,"href":"https:\/\/www.upjs.sk\/pracoviska\/ustav-telesnej-vychovy\/en\/wp-json\/wp\/v2\/pages\/18146\/revisions\/22941"}],"wp:attachment":[{"href":"https:\/\/www.upjs.sk\/pracoviska\/ustav-telesnej-vychovy\/en\/wp-json\/wp\/v2\/media?parent=18146"}],"wp:term":[{"taxonomy":"category","embeddable":true,"href":"https:\/\/www.upjs.sk\/pracoviska\/ustav-telesnej-vychovy\/en\/wp-json\/wp\/v2\/categories?post=18146"},{"taxonomy":"post_tag","embeddable":true,"href":"https:\/\/www.upjs.sk\/pracoviska\/ustav-telesnej-vychovy\/en\/wp-json\/wp\/v2\/tags?post=18146"}],"curies":[{"name":"wp","href":"https:\/\/api.w.org\/{rel}","templated":true}]}}