{"id":20853,"date":"2024-02-05T14:54:01","date_gmt":"2024-02-05T13:54:01","guid":{"rendered":"https:\/\/www.upjs.sk\/pracoviska\/ustav-telesnej-vychovy\/?page_id=20853"},"modified":"2024-02-15T15:49:54","modified_gmt":"2024-02-15T14:49:54","slug":"key-dates-and-venue","status":"publish","type":"page","link":"https:\/\/www.upjs.sk\/pracoviska\/ustav-telesnej-vychovy\/en\/conference-2024\/key-dates-and-venue\/","title":{"rendered":"Key Dates and Venue"},"content":{"rendered":"<style>.kb-image20853_babe38-c9.kb-image-is-ratio-size, .kb-image20853_babe38-c9 .kb-image-is-ratio-size{max-width:-3px;width:100%;}.wp-block-kadence-column > .kt-inside-inner-col > .kb-image20853_babe38-c9.kb-image-is-ratio-size, .wp-block-kadence-column > .kt-inside-inner-col > .kb-image20853_babe38-c9 .kb-image-is-ratio-size{align-self:unset;}.kb-image20853_babe38-c9 figure{max-width:-3px;}.kb-image20853_babe38-c9 .image-is-svg, .kb-image20853_babe38-c9 .image-is-svg img{width:100%;}.kb-image20853_babe38-c9 .kb-image-has-overlay:after{opacity:0.3;border-top-left-radius:15px;border-top-right-radius:15px;border-bottom-right-radius:15px;border-bottom-left-radius:15px;}.kb-image20853_babe38-c9 img.kb-img, .kb-image20853_babe38-c9 .kb-img img{border-top-left-radius:15px;border-top-right-radius:15px;border-bottom-right-radius:15px;border-bottom-left-radius:15px;}<\/style>\n<div class=\"wp-block-kadence-image kb-image20853_babe38-c9\"><figure class=\"aligncenter\"><img loading=\"lazy\" decoding=\"async\" width=\"1024\" height=\"201\" src=\"https:\/\/www.upjs.sk\/app\/uploads\/sites\/14\/2024\/02\/Conference-EN.jpg\" alt=\"\" class=\"kb-img wp-image-20912\" srcset=\"https:\/\/www.upjs.sk\/app\/uploads\/sites\/14\/2024\/02\/Conference-EN.jpg 1024w, https:\/\/www.upjs.sk\/app\/uploads\/sites\/14\/2024\/02\/Conference-EN-300x59.jpg 300w, https:\/\/www.upjs.sk\/app\/uploads\/sites\/14\/2024\/02\/Conference-EN-768x151.jpg 768w\" sizes=\"auto, (max-width: 1024px) 100vw, 1024px\" \/><\/figure><\/div>\n\n\n\n<p><a href=\"https:\/\/www.facebook.com\/events\/1798298617353239\/?acontext=%7B%22ref%22%3A%2252%22%2C%22action_history%22%3A%22[%7B%5C%22surface%5C%22%3A%5C%22share_link%5C%22%2C%5C%22mechanism%5C%22%3A%5C%22share_link%5C%22%2C%5C%22extra_data%5C%22%3A%7B%5C%22invite_link_id%5C%22%3A701754625401314%7D%7D]%22%7D\" target=\"_blank\" aria-label=\"Facebook  (opens in a new tab)\" rel=\"noreferrer noopener\" class=\"ek-link\"><strong>Facebook<\/strong> <\/a><\/p>\n\n\n\n<p class=\"has-medium-font-size\"><strong><mark style=\"background-color:rgba(0, 0, 0, 0)\" class=\"has-inline-color has-zakladna-zlata-color\">Key dates:<\/mark><\/strong><\/p>\n\n\n\n<ul class=\"wp-block-list\">\n<li><strong><\/strong><strong>Registration from: 1.2.2024<\/strong><strong><\/strong><\/li>\n\n\n\n<li><strong>Deadline for registration: 25.03.2024 <\/strong>(12:00 AM)<\/li>\n\n\n\n<li><strong><\/strong><strong>Deadline for abstract submission:<\/strong>&nbsp;<strong>1.4.2024 <\/strong><strong>\u2013 in section \u201eRegistration\u201c<\/strong><strong><\/strong><\/li>\n\n\n\n<li><strong>Deadline for payment:<\/strong>&nbsp;<strong>1.4.2024<\/strong><\/li>\n<\/ul>\n\n\n\n<p><\/p>\n\n\n\n<p class=\"has-medium-font-size\"><strong><mark style=\"background-color:rgba(0, 0, 0, 0)\" class=\"has-inline-color has-zakladna-zlata-color\">Venue:<\/mark><\/strong><\/p>\n\n\n\n<p><a href=\"http:\/\/www.hotel-lesanka.sk\/en\/\" target=\"_blank\" aria-label=\"Hotel LESANKA (opens in a new tab)\" rel=\"noreferrer noopener\" class=\"ek-link\">Hotel LESANKA<\/a><br>Ko\u0161ick\u00e1 Bel\u00e1 1160<br>044 65 Ko\u0161ick\u00e1 Bel\u00e1<br>Ko\u0161ice &#8211; okolie<\/p>\n\n\n\n<p class=\"has-medium-font-size\"><strong><mark style=\"background-color:rgba(0, 0, 0, 0)\" class=\"has-inline-color has-zakladna-zlata-color\"><strong>Accommodation<\/strong>:<\/mark><\/strong><\/p>\n\n\n\n<p><strong><a href=\"https:\/\/www.hotel-lesanka.sk\/en\/\">LESANKA hotel<\/a><\/strong><br><strong><a href=\"http:\/\/www.penzionsivec.sk\/\" class=\"ek-link\">SIVEC hotel<\/a><\/strong><\/p>\n\n\n\n<p><a href=\"https:\/\/www.upjs.sk\/app\/uploads\/sites\/14\/2024\/02\/doprava_EN.pdf\" class=\"ek-link\"><strong>Transportation form Ko\u0161ice to the conference location<\/strong><\/a><\/p>\n\n\n<style>.kb-image20853_05d49f-8b.kb-image-is-ratio-size, .kb-image20853_05d49f-8b .kb-image-is-ratio-size{max-width:558px;width:100%;}.wp-block-kadence-column > .kt-inside-inner-col > .kb-image20853_05d49f-8b.kb-image-is-ratio-size, .wp-block-kadence-column > .kt-inside-inner-col > .kb-image20853_05d49f-8b .kb-image-is-ratio-size{align-self:unset;}.kb-image20853_05d49f-8b{max-width:558px;}.image-is-svg.kb-image20853_05d49f-8b{-webkit-flex:0 1 100%;flex:0 1 100%;}.image-is-svg.kb-image20853_05d49f-8b img{width:100%;}.kb-image20853_05d49f-8b .kb-image-has-overlay:after{opacity:0.3;}<\/style>\n<figure class=\"wp-block-kadence-image kb-image20853_05d49f-8b size-full\"><img loading=\"lazy\" decoding=\"async\" width=\"800\" height=\"370\" src=\"https:\/\/www.upjs.sk\/app\/uploads\/sites\/14\/2024\/01\/hotel-Lesanka.jpg\" alt=\"\" class=\"kb-img wp-image-20761\" srcset=\"https:\/\/www.upjs.sk\/app\/uploads\/sites\/14\/2024\/01\/hotel-Lesanka.jpg 800w, https:\/\/www.upjs.sk\/app\/uploads\/sites\/14\/2024\/01\/hotel-Lesanka-300x139.jpg 300w, https:\/\/www.upjs.sk\/app\/uploads\/sites\/14\/2024\/01\/hotel-Lesanka-768x355.jpg 768w\" sizes=\"auto, (max-width: 800px) 100vw, 800px\" \/><\/figure>\n","protected":false},"excerpt":{"rendered":"<p>Facebook Key dates: Venue: Hotel LESANKAKo\u0161ick\u00e1 Bel\u00e1 1160044 65 Ko\u0161ick\u00e1 Bel\u00e1Ko\u0161ice &#8211; okolie Accommodation: LESANKA hotelSIVEC hotel Transportation form Ko\u0161ice to the conference location<\/p>\n","protected":false},"author":16,"featured_media":0,"parent":20820,"menu_order":3,"comment_status":"closed","ping_status":"closed","template":"","meta":{"_acf_changed":false,"_editorskit_title_hidden":false,"_editorskit_reading_time":0,"_editorskit_is_block_options_detached":false,"_editorskit_block_options_position":"{}","footnotes":""},"categories":[],"tags":[],"class_list":["post-20853","page","type-page","status-publish","hentry"],"acf":{"acf_link_na_externy_obsah":""},"yoast_head":"<!-- This site is optimized with the Yoast SEO plugin v27.4 - https:\/\/yoast.com\/product\/yoast-seo-wordpress\/ -->\n<title>Key Dates and Venue - \u00dastav telesnej v\u00fdchovy a \u0161portu | UPJ\u0160<\/title>\n<meta name=\"robots\" content=\"index, follow, max-snippet:-1, max-image-preview:large, max-video-preview:-1\" \/>\n<link rel=\"canonical\" href=\"https:\/\/www.upjs.sk\/pracoviska\/ustav-telesnej-vychovy\/en\/conference-2024\/key-dates-and-venue\/\" \/>\n<meta property=\"og:locale\" content=\"en_US\" \/>\n<meta property=\"og:type\" content=\"article\" \/>\n<meta property=\"og:title\" content=\"Key Dates and Venue - \u00dastav telesnej v\u00fdchovy a \u0161portu | UPJ\u0160\" \/>\n<meta property=\"og:description\" content=\"Facebook Key dates: Venue: Hotel LESANKAKo\u0161ick\u00e1 Bel\u00e1 1160044 65 Ko\u0161ick\u00e1 Bel\u00e1Ko\u0161ice &#8211; okolie Accommodation: LESANKA hotelSIVEC hotel Transportation form Ko\u0161ice to the conference location\" \/>\n<meta property=\"og:url\" content=\"https:\/\/www.upjs.sk\/pracoviska\/ustav-telesnej-vychovy\/en\/conference-2024\/key-dates-and-venue\/\" \/>\n<meta property=\"og:site_name\" content=\"\u00dastav telesnej v\u00fdchovy a \u0161portu | UPJ\u0160\" \/>\n<meta property=\"article:modified_time\" content=\"2024-02-15T14:49:54+00:00\" \/>\n<meta property=\"og:image\" content=\"https:\/\/www.upjs.sk\/app\/uploads\/sites\/14\/2024\/02\/Conference-EN.jpg\" \/>\n<meta name=\"twitter:card\" content=\"summary_large_image\" \/>\n<meta name=\"twitter:label1\" content=\"Est. reading time\" \/>\n\t<meta name=\"twitter:data1\" content=\"1 minute\" \/>\n<script type=\"application\/ld+json\" class=\"yoast-schema-graph\">{\"@context\":\"https:\\\/\\\/schema.org\",\"@graph\":[{\"@type\":\"WebPage\",\"@id\":\"https:\\\/\\\/www.upjs.sk\\\/pracoviska\\\/ustav-telesnej-vychovy\\\/en\\\/conference-2024\\\/key-dates-and-venue\\\/\",\"url\":\"https:\\\/\\\/www.upjs.sk\\\/pracoviska\\\/ustav-telesnej-vychovy\\\/en\\\/conference-2024\\\/key-dates-and-venue\\\/\",\"name\":\"Key Dates and Venue - \u00dastav telesnej v\u00fdchovy a \u0161portu | UPJ\u0160\",\"isPartOf\":{\"@id\":\"https:\\\/\\\/www.upjs.sk\\\/pracoviska\\\/ustav-telesnej-vychovy\\\/en\\\/#website\"},\"primaryImageOfPage\":{\"@id\":\"https:\\\/\\\/www.upjs.sk\\\/pracoviska\\\/ustav-telesnej-vychovy\\\/en\\\/conference-2024\\\/key-dates-and-venue\\\/#primaryimage\"},\"image\":{\"@id\":\"https:\\\/\\\/www.upjs.sk\\\/pracoviska\\\/ustav-telesnej-vychovy\\\/en\\\/conference-2024\\\/key-dates-and-venue\\\/#primaryimage\"},\"thumbnailUrl\":\"https:\\\/\\\/www.upjs.sk\\\/app\\\/uploads\\\/sites\\\/14\\\/2024\\\/02\\\/Conference-EN.jpg\",\"datePublished\":\"2024-02-05T13:54:01+00:00\",\"dateModified\":\"2024-02-15T14:49:54+00:00\",\"breadcrumb\":{\"@id\":\"https:\\\/\\\/www.upjs.sk\\\/pracoviska\\\/ustav-telesnej-vychovy\\\/en\\\/conference-2024\\\/key-dates-and-venue\\\/#breadcrumb\"},\"inLanguage\":\"en-US\",\"potentialAction\":[{\"@type\":\"ReadAction\",\"target\":[\"https:\\\/\\\/www.upjs.sk\\\/pracoviska\\\/ustav-telesnej-vychovy\\\/en\\\/conference-2024\\\/key-dates-and-venue\\\/\"]}]},{\"@type\":\"ImageObject\",\"inLanguage\":\"en-US\",\"@id\":\"https:\\\/\\\/www.upjs.sk\\\/pracoviska\\\/ustav-telesnej-vychovy\\\/en\\\/conference-2024\\\/key-dates-and-venue\\\/#primaryimage\",\"url\":\"https:\\\/\\\/www.upjs.sk\\\/app\\\/uploads\\\/sites\\\/14\\\/2024\\\/02\\\/Conference-EN.jpg\",\"contentUrl\":\"https:\\\/\\\/www.upjs.sk\\\/app\\\/uploads\\\/sites\\\/14\\\/2024\\\/02\\\/Conference-EN.jpg\"},{\"@type\":\"BreadcrumbList\",\"@id\":\"https:\\\/\\\/www.upjs.sk\\\/pracoviska\\\/ustav-telesnej-vychovy\\\/en\\\/conference-2024\\\/key-dates-and-venue\\\/#breadcrumb\",\"itemListElement\":[{\"@type\":\"ListItem\",\"position\":1,\"name\":\"Home\",\"item\":\"https:\\\/\\\/www.upjs.sk\\\/pracoviska\\\/ustav-telesnej-vychovy\\\/en\\\/\"},{\"@type\":\"ListItem\",\"position\":2,\"name\":\"PHYSICAL ACTIVITY, HEALTH AND QUALITY OF LIFE 2024\",\"item\":\"https:\\\/\\\/www.upjs.sk\\\/pracoviska\\\/ustav-telesnej-vychovy\\\/en\\\/conference-2024\\\/\"},{\"@type\":\"ListItem\",\"position\":3,\"name\":\"Key Dates and Venue\"}]},{\"@type\":\"WebSite\",\"@id\":\"https:\\\/\\\/www.upjs.sk\\\/pracoviska\\\/ustav-telesnej-vychovy\\\/en\\\/#website\",\"url\":\"https:\\\/\\\/www.upjs.sk\\\/pracoviska\\\/ustav-telesnej-vychovy\\\/en\\\/\",\"name\":\"\u00dastav telesnej v\u00fdchovy a \u0161portu | UPJ\u0160\",\"description\":\"\",\"publisher\":{\"@id\":\"https:\\\/\\\/www.upjs.sk\\\/pracoviska\\\/ustav-telesnej-vychovy\\\/en\\\/#organization\"},\"potentialAction\":[{\"@type\":\"SearchAction\",\"target\":{\"@type\":\"EntryPoint\",\"urlTemplate\":\"https:\\\/\\\/www.upjs.sk\\\/pracoviska\\\/ustav-telesnej-vychovy\\\/en\\\/?s={search_term_string}\"},\"query-input\":{\"@type\":\"PropertyValueSpecification\",\"valueRequired\":true,\"valueName\":\"search_term_string\"}}],\"inLanguage\":\"en-US\"},{\"@type\":\"Organization\",\"@id\":\"https:\\\/\\\/www.upjs.sk\\\/pracoviska\\\/ustav-telesnej-vychovy\\\/en\\\/#organization\",\"name\":\"\u00dastav telesnej v\u00fdchovy a \u0161portu | UPJ\u0160\",\"url\":\"https:\\\/\\\/www.upjs.sk\\\/pracoviska\\\/ustav-telesnej-vychovy\\\/en\\\/\",\"logo\":{\"@type\":\"ImageObject\",\"inLanguage\":\"en-US\",\"@id\":\"https:\\\/\\\/www.upjs.sk\\\/pracoviska\\\/ustav-telesnej-vychovy\\\/en\\\/#\\\/schema\\\/logo\\\/image\\\/\",\"url\":\"https:\\\/\\\/www.upjs.sk\\\/app\\\/uploads\\\/sites\\\/14\\\/2023\\\/01\\\/UTVS_ENG.svg\",\"contentUrl\":\"https:\\\/\\\/www.upjs.sk\\\/app\\\/uploads\\\/sites\\\/14\\\/2023\\\/01\\\/UTVS_ENG.svg\",\"width\":500,\"height\":138,\"caption\":\"\u00dastav telesnej v\u00fdchovy a \u0161portu | UPJ\u0160\"},\"image\":{\"@id\":\"https:\\\/\\\/www.upjs.sk\\\/pracoviska\\\/ustav-telesnej-vychovy\\\/en\\\/#\\\/schema\\\/logo\\\/image\\\/\"}}]}<\/script>\n<!-- \/ Yoast SEO plugin. -->","yoast_head_json":{"title":"Key Dates and Venue - \u00dastav telesnej v\u00fdchovy a \u0161portu | UPJ\u0160","robots":{"index":"index","follow":"follow","max-snippet":"max-snippet:-1","max-image-preview":"max-image-preview:large","max-video-preview":"max-video-preview:-1"},"canonical":"https:\/\/www.upjs.sk\/pracoviska\/ustav-telesnej-vychovy\/en\/conference-2024\/key-dates-and-venue\/","og_locale":"en_US","og_type":"article","og_title":"Key Dates and Venue - \u00dastav telesnej v\u00fdchovy a \u0161portu | UPJ\u0160","og_description":"Facebook Key dates: Venue: Hotel LESANKAKo\u0161ick\u00e1 Bel\u00e1 1160044 65 Ko\u0161ick\u00e1 Bel\u00e1Ko\u0161ice &#8211; okolie Accommodation: LESANKA hotelSIVEC hotel Transportation form Ko\u0161ice to the conference location","og_url":"https:\/\/www.upjs.sk\/pracoviska\/ustav-telesnej-vychovy\/en\/conference-2024\/key-dates-and-venue\/","og_site_name":"\u00dastav telesnej v\u00fdchovy a \u0161portu | UPJ\u0160","article_modified_time":"2024-02-15T14:49:54+00:00","og_image":[{"url":"https:\/\/www.upjs.sk\/app\/uploads\/sites\/14\/2024\/02\/Conference-EN.jpg","type":"","width":"","height":""}],"twitter_card":"summary_large_image","twitter_misc":{"Est. reading time":"1 minute"},"schema":{"@context":"https:\/\/schema.org","@graph":[{"@type":"WebPage","@id":"https:\/\/www.upjs.sk\/pracoviska\/ustav-telesnej-vychovy\/en\/conference-2024\/key-dates-and-venue\/","url":"https:\/\/www.upjs.sk\/pracoviska\/ustav-telesnej-vychovy\/en\/conference-2024\/key-dates-and-venue\/","name":"Key Dates and Venue - \u00dastav telesnej v\u00fdchovy a \u0161portu | UPJ\u0160","isPartOf":{"@id":"https:\/\/www.upjs.sk\/pracoviska\/ustav-telesnej-vychovy\/en\/#website"},"primaryImageOfPage":{"@id":"https:\/\/www.upjs.sk\/pracoviska\/ustav-telesnej-vychovy\/en\/conference-2024\/key-dates-and-venue\/#primaryimage"},"image":{"@id":"https:\/\/www.upjs.sk\/pracoviska\/ustav-telesnej-vychovy\/en\/conference-2024\/key-dates-and-venue\/#primaryimage"},"thumbnailUrl":"https:\/\/www.upjs.sk\/app\/uploads\/sites\/14\/2024\/02\/Conference-EN.jpg","datePublished":"2024-02-05T13:54:01+00:00","dateModified":"2024-02-15T14:49:54+00:00","breadcrumb":{"@id":"https:\/\/www.upjs.sk\/pracoviska\/ustav-telesnej-vychovy\/en\/conference-2024\/key-dates-and-venue\/#breadcrumb"},"inLanguage":"en-US","potentialAction":[{"@type":"ReadAction","target":["https:\/\/www.upjs.sk\/pracoviska\/ustav-telesnej-vychovy\/en\/conference-2024\/key-dates-and-venue\/"]}]},{"@type":"ImageObject","inLanguage":"en-US","@id":"https:\/\/www.upjs.sk\/pracoviska\/ustav-telesnej-vychovy\/en\/conference-2024\/key-dates-and-venue\/#primaryimage","url":"https:\/\/www.upjs.sk\/app\/uploads\/sites\/14\/2024\/02\/Conference-EN.jpg","contentUrl":"https:\/\/www.upjs.sk\/app\/uploads\/sites\/14\/2024\/02\/Conference-EN.jpg"},{"@type":"BreadcrumbList","@id":"https:\/\/www.upjs.sk\/pracoviska\/ustav-telesnej-vychovy\/en\/conference-2024\/key-dates-and-venue\/#breadcrumb","itemListElement":[{"@type":"ListItem","position":1,"name":"Home","item":"https:\/\/www.upjs.sk\/pracoviska\/ustav-telesnej-vychovy\/en\/"},{"@type":"ListItem","position":2,"name":"PHYSICAL ACTIVITY, HEALTH AND QUALITY OF LIFE 2024","item":"https:\/\/www.upjs.sk\/pracoviska\/ustav-telesnej-vychovy\/en\/conference-2024\/"},{"@type":"ListItem","position":3,"name":"Key Dates and Venue"}]},{"@type":"WebSite","@id":"https:\/\/www.upjs.sk\/pracoviska\/ustav-telesnej-vychovy\/en\/#website","url":"https:\/\/www.upjs.sk\/pracoviska\/ustav-telesnej-vychovy\/en\/","name":"\u00dastav telesnej v\u00fdchovy a \u0161portu | UPJ\u0160","description":"","publisher":{"@id":"https:\/\/www.upjs.sk\/pracoviska\/ustav-telesnej-vychovy\/en\/#organization"},"potentialAction":[{"@type":"SearchAction","target":{"@type":"EntryPoint","urlTemplate":"https:\/\/www.upjs.sk\/pracoviska\/ustav-telesnej-vychovy\/en\/?s={search_term_string}"},"query-input":{"@type":"PropertyValueSpecification","valueRequired":true,"valueName":"search_term_string"}}],"inLanguage":"en-US"},{"@type":"Organization","@id":"https:\/\/www.upjs.sk\/pracoviska\/ustav-telesnej-vychovy\/en\/#organization","name":"\u00dastav telesnej v\u00fdchovy a \u0161portu | UPJ\u0160","url":"https:\/\/www.upjs.sk\/pracoviska\/ustav-telesnej-vychovy\/en\/","logo":{"@type":"ImageObject","inLanguage":"en-US","@id":"https:\/\/www.upjs.sk\/pracoviska\/ustav-telesnej-vychovy\/en\/#\/schema\/logo\/image\/","url":"https:\/\/www.upjs.sk\/app\/uploads\/sites\/14\/2023\/01\/UTVS_ENG.svg","contentUrl":"https:\/\/www.upjs.sk\/app\/uploads\/sites\/14\/2023\/01\/UTVS_ENG.svg","width":500,"height":138,"caption":"\u00dastav telesnej v\u00fdchovy a \u0161portu | UPJ\u0160"},"image":{"@id":"https:\/\/www.upjs.sk\/pracoviska\/ustav-telesnej-vychovy\/en\/#\/schema\/logo\/image\/"}}]}},"_links":{"self":[{"href":"https:\/\/www.upjs.sk\/pracoviska\/ustav-telesnej-vychovy\/en\/wp-json\/wp\/v2\/pages\/20853","targetHints":{"allow":["GET"]}}],"collection":[{"href":"https:\/\/www.upjs.sk\/pracoviska\/ustav-telesnej-vychovy\/en\/wp-json\/wp\/v2\/pages"}],"about":[{"href":"https:\/\/www.upjs.sk\/pracoviska\/ustav-telesnej-vychovy\/en\/wp-json\/wp\/v2\/types\/page"}],"author":[{"embeddable":true,"href":"https:\/\/www.upjs.sk\/pracoviska\/ustav-telesnej-vychovy\/en\/wp-json\/wp\/v2\/users\/16"}],"replies":[{"embeddable":true,"href":"https:\/\/www.upjs.sk\/pracoviska\/ustav-telesnej-vychovy\/en\/wp-json\/wp\/v2\/comments?post=20853"}],"version-history":[{"count":9,"href":"https:\/\/www.upjs.sk\/pracoviska\/ustav-telesnej-vychovy\/en\/wp-json\/wp\/v2\/pages\/20853\/revisions"}],"predecessor-version":[{"id":21098,"href":"https:\/\/www.upjs.sk\/pracoviska\/ustav-telesnej-vychovy\/en\/wp-json\/wp\/v2\/pages\/20853\/revisions\/21098"}],"up":[{"embeddable":true,"href":"https:\/\/www.upjs.sk\/pracoviska\/ustav-telesnej-vychovy\/en\/wp-json\/wp\/v2\/pages\/20820"}],"wp:attachment":[{"href":"https:\/\/www.upjs.sk\/pracoviska\/ustav-telesnej-vychovy\/en\/wp-json\/wp\/v2\/media?parent=20853"}],"wp:term":[{"taxonomy":"category","embeddable":true,"href":"https:\/\/www.upjs.sk\/pracoviska\/ustav-telesnej-vychovy\/en\/wp-json\/wp\/v2\/categories?post=20853"},{"taxonomy":"post_tag","embeddable":true,"href":"https:\/\/www.upjs.sk\/pracoviska\/ustav-telesnej-vychovy\/en\/wp-json\/wp\/v2\/tags?post=20853"}],"curies":[{"name":"wp","href":"https:\/\/api.w.org\/{rel}","templated":true}]}}