{"id":23468,"date":"2026-02-02T11:27:33","date_gmt":"2026-02-02T10:27:33","guid":{"rendered":"https:\/\/www.upjs.sk\/pracoviska\/ustav-telesnej-vychovy\/konferencia-2026\/uvod-2026\/"},"modified":"2026-02-14T16:26:51","modified_gmt":"2026-02-14T15:26:51","slug":"uvod-2026","status":"publish","type":"page","link":"https:\/\/www.upjs.sk\/pracoviska\/ustav-telesnej-vychovy\/en\/conference-2026\/uvod-2026\/","title":{"rendered":"INTRODUCTION"},"content":{"rendered":"<style>.kb-image23468_27bf7f-26.kb-image-is-ratio-size, .kb-image23468_27bf7f-26 .kb-image-is-ratio-size{max-width:910px;width:100%;}.wp-block-kadence-column > .kt-inside-inner-col > .kb-image23468_27bf7f-26.kb-image-is-ratio-size, .wp-block-kadence-column > .kt-inside-inner-col > .kb-image23468_27bf7f-26 .kb-image-is-ratio-size{align-self:unset;}.kb-image23468_27bf7f-26 figure{max-width:910px;}.kb-image23468_27bf7f-26 .image-is-svg, .kb-image23468_27bf7f-26 .image-is-svg img{width:100%;}.kb-image23468_27bf7f-26 .kb-image-has-overlay:after{opacity:0.3;border-top-left-radius:15px;border-top-right-radius:15px;border-bottom-right-radius:15px;border-bottom-left-radius:15px;}.kb-image23468_27bf7f-26 img.kb-img, .kb-image23468_27bf7f-26 .kb-img img{border-top-left-radius:15px;border-top-right-radius:15px;border-bottom-right-radius:15px;border-bottom-left-radius:15px;}<\/style>\n<div class=\"wp-block-kadence-image kb-image23468_27bf7f-26\"><figure class=\"aligncenter\"><img loading=\"lazy\" decoding=\"async\" width=\"1024\" height=\"201\" src=\"https:\/\/www.upjs.sk\/app\/uploads\/sites\/14\/2026\/02\/UTVS-konferencia2026-MB-EN.jpg\" class=\"kb-img wp-image-23613\" srcset=\"https:\/\/www.upjs.sk\/app\/uploads\/sites\/14\/2026\/02\/UTVS-konferencia2026-MB-EN.jpg 1024w, https:\/\/www.upjs.sk\/app\/uploads\/sites\/14\/2026\/02\/UTVS-konferencia2026-MB-EN-300x59.jpg 300w, https:\/\/www.upjs.sk\/app\/uploads\/sites\/14\/2026\/02\/UTVS-konferencia2026-MB-EN-768x151.jpg 768w\" sizes=\"auto, (max-width: 1024px) 100vw, 1024px\" \/><\/figure><\/div>\n\n\n<style>.kb-row-layout-id23468_839e28-62 > .kt-row-column-wrap{align-content:start;}:where(.kb-row-layout-id23468_839e28-62 > .kt-row-column-wrap) > .wp-block-kadence-column{justify-content:start;}.kb-row-layout-id23468_839e28-62 > .kt-row-column-wrap{column-gap:var(--global-kb-gap-md, 2rem);row-gap:var(--global-kb-gap-md, 2rem);padding-top:var(--global-kb-spacing-sm, 1.5rem);padding-bottom:var(--global-kb-spacing-sm, 1.5rem);grid-template-columns:minmax(0, 1fr);}.kb-row-layout-id23468_839e28-62 > .kt-row-layout-overlay{opacity:0.30;}@media all and (max-width: 1024px){.kb-row-layout-id23468_839e28-62 > .kt-row-column-wrap{grid-template-columns:minmax(0, 1fr);}}@media all and (max-width: 767px){.kb-row-layout-id23468_839e28-62 > .kt-row-column-wrap{grid-template-columns:minmax(0, 1fr);}}<\/style><div class=\"kb-row-layout-wrap kb-row-layout-id23468_839e28-62 alignnone wp-block-kadence-rowlayout\"><div class=\"kt-row-column-wrap kt-has-1-columns kt-row-layout-equal kt-tab-layout-inherit kt-mobile-layout-row kt-row-valign-top\">\n<style>.kadence-column23468_7fe1c9-70 > .kt-inside-inner-col,.kadence-column23468_7fe1c9-70 > .kt-inside-inner-col:before{border-top-left-radius:0px;border-top-right-radius:0px;border-bottom-right-radius:0px;border-bottom-left-radius:0px;}.kadence-column23468_7fe1c9-70 > .kt-inside-inner-col{column-gap:var(--global-kb-gap-sm, 1rem);}.kadence-column23468_7fe1c9-70 > .kt-inside-inner-col{flex-direction:column;}.kadence-column23468_7fe1c9-70 > .kt-inside-inner-col > .aligncenter{width:100%;}.kadence-column23468_7fe1c9-70 > .kt-inside-inner-col:before{opacity:0.3;}.kadence-column23468_7fe1c9-70{position:relative;}@media all and (max-width: 1024px){.kadence-column23468_7fe1c9-70 > .kt-inside-inner-col{flex-direction:column;justify-content:center;}}@media all and (max-width: 767px){.kadence-column23468_7fe1c9-70 > .kt-inside-inner-col{flex-direction:column;justify-content:center;}}<\/style>\n<div class=\"wp-block-kadence-column kadence-column23468_7fe1c9-70\"><div class=\"kt-inside-inner-col\"><style>.kb-image23468_06fa97-b2.kb-image-is-ratio-size, .kb-image23468_06fa97-b2 .kb-image-is-ratio-size{max-width:270px;width:100%;}.wp-block-kadence-column > .kt-inside-inner-col > .kb-image23468_06fa97-b2.kb-image-is-ratio-size, .wp-block-kadence-column > .kt-inside-inner-col > .kb-image23468_06fa97-b2 .kb-image-is-ratio-size{align-self:unset;}.kb-image23468_06fa97-b2 figure{max-width:270px;}.kb-image23468_06fa97-b2 .image-is-svg, .kb-image23468_06fa97-b2 .image-is-svg img{width:100%;}.kb-image23468_06fa97-b2 .kb-image-has-overlay:after{opacity:0.3;}<\/style>\n<div class=\"wp-block-kadence-image kb-image23468_06fa97-b2\"><figure class=\"aligncenter size-full\"><img loading=\"lazy\" decoding=\"async\" width=\"351\" height=\"150\" src=\"https:\/\/www.upjs.sk\/app\/uploads\/sites\/14\/2024\/03\/logo-UPJS-UTVS.jpg\" alt=\"\" class=\"kb-img wp-image-21131\" srcset=\"https:\/\/www.upjs.sk\/app\/uploads\/sites\/14\/2024\/03\/logo-UPJS-UTVS.jpg 351w, https:\/\/www.upjs.sk\/app\/uploads\/sites\/14\/2024\/03\/logo-UPJS-UTVS-300x128.jpg 300w\" sizes=\"auto, (max-width: 351px) 100vw, 351px\" \/><\/figure><\/div>\n<\/div><\/div>\n\n<\/div><\/div>\n\n\n<p class=\"has-text-align-center\"><strong>Dear Colleagues,<\/strong><\/p>\n\n\n\n<p>we are pleased to invite you to<strong> the 6th International Scientific Conference<\/strong> <strong>\u201cPhysical Activity, Health, and Quality of Life,\u201d<\/strong> which will take place after a longer break in the city of Ko\u0161ice. Building on previous editions, the conference continues to develop a well-established academic platform for the exchange of current knowledge and research findings in the fields of physical activity, health, and quality of life.<\/p>\n\n\n\n<p>Through its thematic focus, the conference provides an opportunity for scholars from various disciplines to meet and discuss physical activity in relation to physical, mental, and social health at the level of individuals, communities, and society as a whole. Particular emphasis is placed on interdisciplinary knowledge exchange, the integration of research and practice, and discussion of contemporary challenges associated with modern lifestyles.<\/p>\n\n\n\n<p>We believe that, as in previous years, the conference will offer a valuable forum for scholarly dialogue and collaborative reflection on strategies aimed at promoting healthier and higher-quality lives. Physical activity, including sport, represents a key determinant of health and an important means of enhancing quality of life in the context of increasing physical, psychological, and social demands of contemporary society.<\/p>\n\n\n\n<p class=\"has-text-align-left\"><strong><em>We look forward to seeing you in Ko\u0161ice<\/em><\/strong>.<\/p>\n\n\n<style>.kb-row-layout-id23468_14c621-f6 > .kt-row-column-wrap{align-content:start;}:where(.kb-row-layout-id23468_14c621-f6 > .kt-row-column-wrap) > .wp-block-kadence-column{justify-content:start;}.kb-row-layout-id23468_14c621-f6 > .kt-row-column-wrap{column-gap:var(--global-kb-gap-md, 2rem);row-gap:var(--global-kb-gap-md, 2rem);padding-top:var(--global-kb-spacing-xs, 1rem);padding-bottom:var(--global-kb-spacing-xxs, 0.5rem);grid-template-columns:minmax(0, calc(30% - ((var(--global-kb-gap-md, 2rem) * 1 )\/2)))minmax(0, calc(70% - ((var(--global-kb-gap-md, 2rem) * 1 )\/2)));}.kb-row-layout-id23468_14c621-f6 > .kt-row-layout-overlay{opacity:0.30;}@media all and (max-width: 1024px){.kb-row-layout-id23468_14c621-f6 > .kt-row-column-wrap{grid-template-columns:minmax(0, 1fr) minmax(0, 2fr);}}@media all and (max-width: 767px){.kb-row-layout-id23468_14c621-f6 > .kt-row-column-wrap{grid-template-columns:minmax(0, 1fr);}}<\/style><div class=\"kb-row-layout-wrap kb-row-layout-id23468_14c621-f6 alignnone wp-block-kadence-rowlayout\"><div class=\"kt-row-column-wrap kt-has-2-columns kt-row-layout-right-golden kt-tab-layout-inherit kt-mobile-layout-row kt-row-valign-top\">\n<style>.kadence-column23468_80eb34-d3 > .kt-inside-inner-col,.kadence-column23468_80eb34-d3 > .kt-inside-inner-col:before{border-top-left-radius:0px;border-top-right-radius:0px;border-bottom-right-radius:0px;border-bottom-left-radius:0px;}.kadence-column23468_80eb34-d3 > .kt-inside-inner-col{column-gap:var(--global-kb-gap-sm, 1rem);}.kadence-column23468_80eb34-d3 > .kt-inside-inner-col{flex-direction:column;}.kadence-column23468_80eb34-d3 > .kt-inside-inner-col > .aligncenter{width:100%;}.kadence-column23468_80eb34-d3 > .kt-inside-inner-col:before{opacity:0.3;}.kadence-column23468_80eb34-d3{position:relative;}@media all and (max-width: 1024px){.kadence-column23468_80eb34-d3 > .kt-inside-inner-col{flex-direction:column;justify-content:center;}}@media all and (max-width: 767px){.kadence-column23468_80eb34-d3 > .kt-inside-inner-col{flex-direction:column;justify-content:center;}}<\/style>\n<div class=\"wp-block-kadence-column kadence-column23468_80eb34-d3\"><div class=\"kt-inside-inner-col\"><style>.kb-image23468_9b21ba-64.kb-image-is-ratio-size, .kb-image23468_9b21ba-64 .kb-image-is-ratio-size{max-width:120px;width:100%;}.wp-block-kadence-column > .kt-inside-inner-col > .kb-image23468_9b21ba-64.kb-image-is-ratio-size, .wp-block-kadence-column > .kt-inside-inner-col > .kb-image23468_9b21ba-64 .kb-image-is-ratio-size{align-self:unset;}.kb-image23468_9b21ba-64 figure{max-width:120px;}.kb-image23468_9b21ba-64 .image-is-svg, .kb-image23468_9b21ba-64 .image-is-svg img{width:100%;}.kb-image23468_9b21ba-64 .kb-image-has-overlay:after{opacity:0.3;border-top-left-radius:7px;border-top-right-radius:7px;border-bottom-right-radius:7px;border-bottom-left-radius:7px;}.kb-image23468_9b21ba-64 img.kb-img, .kb-image23468_9b21ba-64 .kb-img img{border-top-left-radius:7px;border-top-right-radius:7px;border-bottom-right-radius:7px;border-bottom-left-radius:7px;}<\/style>\n<div class=\"wp-block-kadence-image kb-image23468_9b21ba-64\"><figure class=\"aligncenter size-full\"><img loading=\"lazy\" decoding=\"async\" width=\"168\" height=\"234\" src=\"https:\/\/www.upjs.sk\/app\/uploads\/sites\/14\/2024\/02\/Bukova-foto.jpg\" alt=\"\" class=\"kb-img wp-image-20827\"\/><\/figure><\/div>\n<\/div><\/div>\n\n\n<style>.kadence-column23468_d1b33e-5d > .kt-inside-inner-col,.kadence-column23468_d1b33e-5d > .kt-inside-inner-col:before{border-top-left-radius:0px;border-top-right-radius:0px;border-bottom-right-radius:0px;border-bottom-left-radius:0px;}.kadence-column23468_d1b33e-5d > .kt-inside-inner-col{column-gap:var(--global-kb-gap-sm, 1rem);}.kadence-column23468_d1b33e-5d > .kt-inside-inner-col{flex-direction:column;}.kadence-column23468_d1b33e-5d > .kt-inside-inner-col > .aligncenter{width:100%;}.kadence-column23468_d1b33e-5d > .kt-inside-inner-col:before{opacity:0.3;}.kadence-column23468_d1b33e-5d{position:relative;}@media all and (max-width: 1024px){.kadence-column23468_d1b33e-5d > .kt-inside-inner-col{flex-direction:column;justify-content:center;}}@media all and (max-width: 767px){.kadence-column23468_d1b33e-5d > .kt-inside-inner-col{flex-direction:column;justify-content:center;}}<\/style>\n<div class=\"wp-block-kadence-column kadence-column23468_d1b33e-5d\"><div class=\"kt-inside-inner-col\">\n<p><\/p>\n\n\n\n<p><a href=\"https:\/\/www.upjs.sk\/en\/UPJS\/zamestnanec\/alena.bukova\"><strong>Mgr. Alena Bukov\u00e1, PhD., university associate professor<\/strong><\/a>.<br>The head of the Institute of physical Education and Sport, and the organisational committee.<\/p>\n<\/div><\/div>\n\n<\/div><\/div>","protected":false},"excerpt":{"rendered":"<p>Dear Colleagues, we are pleased to invite you to the 6th International Scientific Conference \u201cPhysical Activity, Health, and Quality of Life,\u201d which will take place after a longer break in the city of Ko\u0161ice. Building on previous editions, the conference continues to develop a well-established academic platform for the exchange of current knowledge and research &hellip; <a href=\"https:\/\/www.upjs.sk\/pracoviska\/ustav-telesnej-vychovy\/en\/conference-2026\/uvod-2026\/\">Continued<\/a><\/p>\n","protected":false},"author":1,"featured_media":0,"parent":23454,"menu_order":0,"comment_status":"closed","ping_status":"closed","template":"","meta":{"_acf_changed":false,"_editorskit_title_hidden":false,"_editorskit_reading_time":0,"_editorskit_is_block_options_detached":false,"_editorskit_block_options_position":"{}","footnotes":""},"categories":[],"tags":[],"class_list":["post-23468","page","type-page","status-publish","hentry"],"acf":{"acf_link_na_externy_obsah":""},"yoast_head":"<!-- This site is optimized with the Yoast SEO plugin v27.2 - https:\/\/yoast.com\/product\/yoast-seo-wordpress\/ -->\n<title>INTRODUCTION - \u00dastav telesnej v\u00fdchovy a \u0161portu | UPJ\u0160<\/title>\n<meta name=\"robots\" content=\"index, follow, max-snippet:-1, max-image-preview:large, max-video-preview:-1\" \/>\n<link rel=\"canonical\" href=\"https:\/\/www.upjs.sk\/pracoviska\/ustav-telesnej-vychovy\/en\/conference-2026\/uvod-2026\/\" \/>\n<meta property=\"og:locale\" content=\"en_US\" \/>\n<meta property=\"og:type\" content=\"article\" \/>\n<meta property=\"og:title\" content=\"INTRODUCTION - \u00dastav telesnej v\u00fdchovy a \u0161portu | UPJ\u0160\" \/>\n<meta property=\"og:description\" content=\"Dear Colleagues, we are pleased to invite you to the 6th International Scientific Conference \u201cPhysical Activity, Health, and Quality of Life,\u201d which will take place after a longer break in the city of Ko\u0161ice. Building on previous editions, the conference continues to develop a well-established academic platform for the exchange of current knowledge and research &hellip; Continued\" \/>\n<meta property=\"og:url\" content=\"https:\/\/www.upjs.sk\/pracoviska\/ustav-telesnej-vychovy\/en\/conference-2026\/uvod-2026\/\" \/>\n<meta property=\"og:site_name\" content=\"\u00dastav telesnej v\u00fdchovy a \u0161portu | UPJ\u0160\" \/>\n<meta property=\"article:modified_time\" content=\"2026-02-14T15:26:51+00:00\" \/>\n<meta property=\"og:image\" content=\"https:\/\/www.upjs.sk\/app\/uploads\/sites\/14\/2026\/02\/UTVS-konferencia2026-MB-EN.jpg\" \/>\n\t<meta property=\"og:image:width\" content=\"1024\" \/>\n\t<meta property=\"og:image:height\" content=\"201\" \/>\n\t<meta property=\"og:image:type\" content=\"image\/jpeg\" \/>\n<meta name=\"twitter:card\" content=\"summary_large_image\" \/>\n<meta name=\"twitter:label1\" content=\"Est. reading time\" \/>\n\t<meta name=\"twitter:data1\" content=\"2 minutes\" \/>\n<script type=\"application\/ld+json\" class=\"yoast-schema-graph\">{\"@context\":\"https:\/\/schema.org\",\"@graph\":[{\"@type\":\"WebPage\",\"@id\":\"https:\/\/www.upjs.sk\/pracoviska\/ustav-telesnej-vychovy\/en\/conference-2026\/uvod-2026\/\",\"url\":\"https:\/\/www.upjs.sk\/pracoviska\/ustav-telesnej-vychovy\/en\/conference-2026\/uvod-2026\/\",\"name\":\"INTRODUCTION - \u00dastav telesnej v\u00fdchovy a \u0161portu | UPJ\u0160\",\"isPartOf\":{\"@id\":\"https:\/\/www.upjs.sk\/pracoviska\/ustav-telesnej-vychovy\/en\/#website\"},\"primaryImageOfPage\":{\"@id\":\"https:\/\/www.upjs.sk\/pracoviska\/ustav-telesnej-vychovy\/en\/conference-2026\/uvod-2026\/#primaryimage\"},\"image\":{\"@id\":\"https:\/\/www.upjs.sk\/pracoviska\/ustav-telesnej-vychovy\/en\/conference-2026\/uvod-2026\/#primaryimage\"},\"thumbnailUrl\":\"https:\/\/www.upjs.sk\/app\/uploads\/sites\/14\/2026\/02\/UTVS-konferencia2026-MB-EN.jpg\",\"datePublished\":\"2026-02-02T10:27:33+00:00\",\"dateModified\":\"2026-02-14T15:26:51+00:00\",\"breadcrumb\":{\"@id\":\"https:\/\/www.upjs.sk\/pracoviska\/ustav-telesnej-vychovy\/en\/conference-2026\/uvod-2026\/#breadcrumb\"},\"inLanguage\":\"en-US\",\"potentialAction\":[{\"@type\":\"ReadAction\",\"target\":[\"https:\/\/www.upjs.sk\/pracoviska\/ustav-telesnej-vychovy\/en\/conference-2026\/uvod-2026\/\"]}]},{\"@type\":\"ImageObject\",\"inLanguage\":\"en-US\",\"@id\":\"https:\/\/www.upjs.sk\/pracoviska\/ustav-telesnej-vychovy\/en\/conference-2026\/uvod-2026\/#primaryimage\",\"url\":\"https:\/\/www.upjs.sk\/app\/uploads\/sites\/14\/2026\/02\/UTVS-konferencia2026-MB-EN.jpg\",\"contentUrl\":\"https:\/\/www.upjs.sk\/app\/uploads\/sites\/14\/2026\/02\/UTVS-konferencia2026-MB-EN.jpg\"},{\"@type\":\"BreadcrumbList\",\"@id\":\"https:\/\/www.upjs.sk\/pracoviska\/ustav-telesnej-vychovy\/en\/conference-2026\/uvod-2026\/#breadcrumb\",\"itemListElement\":[{\"@type\":\"ListItem\",\"position\":1,\"name\":\"Home\",\"item\":\"https:\/\/www.upjs.sk\/pracoviska\/ustav-telesnej-vychovy\/en\/\"},{\"@type\":\"ListItem\",\"position\":2,\"name\":\"PHYSICAL ACTIVITY, HEALTH AND QUALITY OF LIFE 2026\",\"item\":\"https:\/\/www.upjs.sk\/pracoviska\/ustav-telesnej-vychovy\/en\/conference-2026\/\"},{\"@type\":\"ListItem\",\"position\":3,\"name\":\"INTRODUCTION\"}]},{\"@type\":\"WebSite\",\"@id\":\"https:\/\/www.upjs.sk\/pracoviska\/ustav-telesnej-vychovy\/en\/#website\",\"url\":\"https:\/\/www.upjs.sk\/pracoviska\/ustav-telesnej-vychovy\/en\/\",\"name\":\"\u00dastav telesnej v\u00fdchovy a \u0161portu | UPJ\u0160\",\"description\":\"\",\"publisher\":{\"@id\":\"https:\/\/www.upjs.sk\/pracoviska\/ustav-telesnej-vychovy\/en\/#organization\"},\"potentialAction\":[{\"@type\":\"SearchAction\",\"target\":{\"@type\":\"EntryPoint\",\"urlTemplate\":\"https:\/\/www.upjs.sk\/pracoviska\/ustav-telesnej-vychovy\/en\/?s={search_term_string}\"},\"query-input\":{\"@type\":\"PropertyValueSpecification\",\"valueRequired\":true,\"valueName\":\"search_term_string\"}}],\"inLanguage\":\"en-US\"},{\"@type\":\"Organization\",\"@id\":\"https:\/\/www.upjs.sk\/pracoviska\/ustav-telesnej-vychovy\/en\/#organization\",\"name\":\"\u00dastav telesnej v\u00fdchovy a \u0161portu | UPJ\u0160\",\"url\":\"https:\/\/www.upjs.sk\/pracoviska\/ustav-telesnej-vychovy\/en\/\",\"logo\":{\"@type\":\"ImageObject\",\"inLanguage\":\"en-US\",\"@id\":\"https:\/\/www.upjs.sk\/pracoviska\/ustav-telesnej-vychovy\/en\/#\/schema\/logo\/image\/\",\"url\":\"https:\/\/www.upjs.sk\/app\/uploads\/sites\/14\/2023\/01\/UTVS_ENG.svg\",\"contentUrl\":\"https:\/\/www.upjs.sk\/app\/uploads\/sites\/14\/2023\/01\/UTVS_ENG.svg\",\"width\":500,\"height\":138,\"caption\":\"\u00dastav telesnej v\u00fdchovy a \u0161portu | UPJ\u0160\"},\"image\":{\"@id\":\"https:\/\/www.upjs.sk\/pracoviska\/ustav-telesnej-vychovy\/en\/#\/schema\/logo\/image\/\"}}]}<\/script>\n<!-- \/ Yoast SEO plugin. -->","yoast_head_json":{"title":"INTRODUCTION - \u00dastav telesnej v\u00fdchovy a \u0161portu | UPJ\u0160","robots":{"index":"index","follow":"follow","max-snippet":"max-snippet:-1","max-image-preview":"max-image-preview:large","max-video-preview":"max-video-preview:-1"},"canonical":"https:\/\/www.upjs.sk\/pracoviska\/ustav-telesnej-vychovy\/en\/conference-2026\/uvod-2026\/","og_locale":"en_US","og_type":"article","og_title":"INTRODUCTION - \u00dastav telesnej v\u00fdchovy a \u0161portu | UPJ\u0160","og_description":"Dear Colleagues, we are pleased to invite you to the 6th International Scientific Conference \u201cPhysical Activity, Health, and Quality of Life,\u201d which will take place after a longer break in the city of Ko\u0161ice. Building on previous editions, the conference continues to develop a well-established academic platform for the exchange of current knowledge and research &hellip; Continued","og_url":"https:\/\/www.upjs.sk\/pracoviska\/ustav-telesnej-vychovy\/en\/conference-2026\/uvod-2026\/","og_site_name":"\u00dastav telesnej v\u00fdchovy a \u0161portu | UPJ\u0160","article_modified_time":"2026-02-14T15:26:51+00:00","og_image":[{"width":1024,"height":201,"url":"https:\/\/www.upjs.sk\/app\/uploads\/sites\/14\/2026\/02\/UTVS-konferencia2026-MB-EN.jpg","type":"image\/jpeg"}],"twitter_card":"summary_large_image","twitter_misc":{"Est. reading time":"2 minutes"},"schema":{"@context":"https:\/\/schema.org","@graph":[{"@type":"WebPage","@id":"https:\/\/www.upjs.sk\/pracoviska\/ustav-telesnej-vychovy\/en\/conference-2026\/uvod-2026\/","url":"https:\/\/www.upjs.sk\/pracoviska\/ustav-telesnej-vychovy\/en\/conference-2026\/uvod-2026\/","name":"INTRODUCTION - \u00dastav telesnej v\u00fdchovy a \u0161portu | UPJ\u0160","isPartOf":{"@id":"https:\/\/www.upjs.sk\/pracoviska\/ustav-telesnej-vychovy\/en\/#website"},"primaryImageOfPage":{"@id":"https:\/\/www.upjs.sk\/pracoviska\/ustav-telesnej-vychovy\/en\/conference-2026\/uvod-2026\/#primaryimage"},"image":{"@id":"https:\/\/www.upjs.sk\/pracoviska\/ustav-telesnej-vychovy\/en\/conference-2026\/uvod-2026\/#primaryimage"},"thumbnailUrl":"https:\/\/www.upjs.sk\/app\/uploads\/sites\/14\/2026\/02\/UTVS-konferencia2026-MB-EN.jpg","datePublished":"2026-02-02T10:27:33+00:00","dateModified":"2026-02-14T15:26:51+00:00","breadcrumb":{"@id":"https:\/\/www.upjs.sk\/pracoviska\/ustav-telesnej-vychovy\/en\/conference-2026\/uvod-2026\/#breadcrumb"},"inLanguage":"en-US","potentialAction":[{"@type":"ReadAction","target":["https:\/\/www.upjs.sk\/pracoviska\/ustav-telesnej-vychovy\/en\/conference-2026\/uvod-2026\/"]}]},{"@type":"ImageObject","inLanguage":"en-US","@id":"https:\/\/www.upjs.sk\/pracoviska\/ustav-telesnej-vychovy\/en\/conference-2026\/uvod-2026\/#primaryimage","url":"https:\/\/www.upjs.sk\/app\/uploads\/sites\/14\/2026\/02\/UTVS-konferencia2026-MB-EN.jpg","contentUrl":"https:\/\/www.upjs.sk\/app\/uploads\/sites\/14\/2026\/02\/UTVS-konferencia2026-MB-EN.jpg"},{"@type":"BreadcrumbList","@id":"https:\/\/www.upjs.sk\/pracoviska\/ustav-telesnej-vychovy\/en\/conference-2026\/uvod-2026\/#breadcrumb","itemListElement":[{"@type":"ListItem","position":1,"name":"Home","item":"https:\/\/www.upjs.sk\/pracoviska\/ustav-telesnej-vychovy\/en\/"},{"@type":"ListItem","position":2,"name":"PHYSICAL ACTIVITY, HEALTH AND QUALITY OF LIFE 2026","item":"https:\/\/www.upjs.sk\/pracoviska\/ustav-telesnej-vychovy\/en\/conference-2026\/"},{"@type":"ListItem","position":3,"name":"INTRODUCTION"}]},{"@type":"WebSite","@id":"https:\/\/www.upjs.sk\/pracoviska\/ustav-telesnej-vychovy\/en\/#website","url":"https:\/\/www.upjs.sk\/pracoviska\/ustav-telesnej-vychovy\/en\/","name":"\u00dastav telesnej v\u00fdchovy a \u0161portu | UPJ\u0160","description":"","publisher":{"@id":"https:\/\/www.upjs.sk\/pracoviska\/ustav-telesnej-vychovy\/en\/#organization"},"potentialAction":[{"@type":"SearchAction","target":{"@type":"EntryPoint","urlTemplate":"https:\/\/www.upjs.sk\/pracoviska\/ustav-telesnej-vychovy\/en\/?s={search_term_string}"},"query-input":{"@type":"PropertyValueSpecification","valueRequired":true,"valueName":"search_term_string"}}],"inLanguage":"en-US"},{"@type":"Organization","@id":"https:\/\/www.upjs.sk\/pracoviska\/ustav-telesnej-vychovy\/en\/#organization","name":"\u00dastav telesnej v\u00fdchovy a \u0161portu | UPJ\u0160","url":"https:\/\/www.upjs.sk\/pracoviska\/ustav-telesnej-vychovy\/en\/","logo":{"@type":"ImageObject","inLanguage":"en-US","@id":"https:\/\/www.upjs.sk\/pracoviska\/ustav-telesnej-vychovy\/en\/#\/schema\/logo\/image\/","url":"https:\/\/www.upjs.sk\/app\/uploads\/sites\/14\/2023\/01\/UTVS_ENG.svg","contentUrl":"https:\/\/www.upjs.sk\/app\/uploads\/sites\/14\/2023\/01\/UTVS_ENG.svg","width":500,"height":138,"caption":"\u00dastav telesnej v\u00fdchovy a \u0161portu | UPJ\u0160"},"image":{"@id":"https:\/\/www.upjs.sk\/pracoviska\/ustav-telesnej-vychovy\/en\/#\/schema\/logo\/image\/"}}]}},"_links":{"self":[{"href":"https:\/\/www.upjs.sk\/pracoviska\/ustav-telesnej-vychovy\/en\/wp-json\/wp\/v2\/pages\/23468","targetHints":{"allow":["GET"]}}],"collection":[{"href":"https:\/\/www.upjs.sk\/pracoviska\/ustav-telesnej-vychovy\/en\/wp-json\/wp\/v2\/pages"}],"about":[{"href":"https:\/\/www.upjs.sk\/pracoviska\/ustav-telesnej-vychovy\/en\/wp-json\/wp\/v2\/types\/page"}],"author":[{"embeddable":true,"href":"https:\/\/www.upjs.sk\/pracoviska\/ustav-telesnej-vychovy\/en\/wp-json\/wp\/v2\/users\/1"}],"replies":[{"embeddable":true,"href":"https:\/\/www.upjs.sk\/pracoviska\/ustav-telesnej-vychovy\/en\/wp-json\/wp\/v2\/comments?post=23468"}],"version-history":[{"count":2,"href":"https:\/\/www.upjs.sk\/pracoviska\/ustav-telesnej-vychovy\/en\/wp-json\/wp\/v2\/pages\/23468\/revisions"}],"predecessor-version":[{"id":23625,"href":"https:\/\/www.upjs.sk\/pracoviska\/ustav-telesnej-vychovy\/en\/wp-json\/wp\/v2\/pages\/23468\/revisions\/23625"}],"up":[{"embeddable":true,"href":"https:\/\/www.upjs.sk\/pracoviska\/ustav-telesnej-vychovy\/en\/wp-json\/wp\/v2\/pages\/23454"}],"wp:attachment":[{"href":"https:\/\/www.upjs.sk\/pracoviska\/ustav-telesnej-vychovy\/en\/wp-json\/wp\/v2\/media?parent=23468"}],"wp:term":[{"taxonomy":"category","embeddable":true,"href":"https:\/\/www.upjs.sk\/pracoviska\/ustav-telesnej-vychovy\/en\/wp-json\/wp\/v2\/categories?post=23468"},{"taxonomy":"post_tag","embeddable":true,"href":"https:\/\/www.upjs.sk\/pracoviska\/ustav-telesnej-vychovy\/en\/wp-json\/wp\/v2\/tags?post=23468"}],"curies":[{"name":"wp","href":"https:\/\/api.w.org\/{rel}","templated":true}]}}