{"id":23475,"date":"2026-02-03T09:33:29","date_gmt":"2026-02-03T08:33:29","guid":{"rendered":"https:\/\/www.upjs.sk\/pracoviska\/ustav-telesnej-vychovy\/conference-2026\/registracia-a-abstrakty\/"},"modified":"2026-02-17T15:59:31","modified_gmt":"2026-02-17T14:59:31","slug":"registracia-a-abstrakty","status":"publish","type":"page","link":"https:\/\/www.upjs.sk\/pracoviska\/ustav-telesnej-vychovy\/en\/conference-2026\/registracia-a-abstrakty\/","title":{"rendered":"REGISTRATION and ABSTRACTS"},"content":{"rendered":"<style>.kb-image23475_b84690-3d.kb-image-is-ratio-size, .kb-image23475_b84690-3d .kb-image-is-ratio-size{max-width:828px;width:100%;}.wp-block-kadence-column > .kt-inside-inner-col > .kb-image23475_b84690-3d.kb-image-is-ratio-size, .wp-block-kadence-column > .kt-inside-inner-col > .kb-image23475_b84690-3d .kb-image-is-ratio-size{align-self:unset;}.kb-image23475_b84690-3d figure{max-width:828px;}.kb-image23475_b84690-3d .image-is-svg, .kb-image23475_b84690-3d .image-is-svg img{width:100%;}.kb-image23475_b84690-3d .kb-image-has-overlay:after{opacity:0.3;border-top-left-radius:15px;border-top-right-radius:15px;border-bottom-right-radius:15px;border-bottom-left-radius:15px;}.kb-image23475_b84690-3d img.kb-img, .kb-image23475_b84690-3d .kb-img img{border-top-left-radius:15px;border-top-right-radius:15px;border-bottom-right-radius:15px;border-bottom-left-radius:15px;}<\/style>\n<div class=\"wp-block-kadence-image kb-image23475_b84690-3d\"><figure class=\"aligncenter\"><img loading=\"lazy\" decoding=\"async\" width=\"1024\" height=\"201\" src=\"https:\/\/www.upjs.sk\/app\/uploads\/sites\/14\/2026\/02\/UTVS-konferencia2026-MB-EN.jpg\" alt=\"\" class=\"kb-img wp-image-23613\" srcset=\"https:\/\/www.upjs.sk\/app\/uploads\/sites\/14\/2026\/02\/UTVS-konferencia2026-MB-EN.jpg 1024w, https:\/\/www.upjs.sk\/app\/uploads\/sites\/14\/2026\/02\/UTVS-konferencia2026-MB-EN-300x59.jpg 300w, https:\/\/www.upjs.sk\/app\/uploads\/sites\/14\/2026\/02\/UTVS-konferencia2026-MB-EN-768x151.jpg 768w\" sizes=\"auto, (max-width: 1024px) 100vw, 1024px\" \/><\/figure><\/div>\n\n\n\n<p><a aria-label=\"Information obligation when obtaining personal data (opens in a new tab)\" href=\"https:\/\/www.upjs.sk\/app\/uploads\/sites\/14\/2024\/02\/EN-Informacna-povinnost-UTVS.pdf\" target=\"_blank\" rel=\"noreferrer noopener\" class=\"ek-link\"><strong>Information obligation when obtaining personal data<\/strong><\/a><\/p>\n\n\n\n<p><strong><mark style=\"background-color:rgba(0, 0, 0, 0)\" class=\"has-inline-color has-zakladna-modra-color\"><a href=\"https:\/\/docs.google.com\/forms\/d\/e\/1FAIpQLSc1OdT_JQwCCaHEvtialhkehJCAlie8jUFgSIsO8pBx7Ls46Q\/viewform\">Online registration <\/a><\/mark><mark style=\"background-color:rgba(0, 0, 0, 0)\" class=\"has-inline-color has-zakladna-zlata-color\"><\/mark><\/strong><\/p>\n\n\n\n<p><strong><a href=\"https:\/\/www.upjs.sk\/app\/uploads\/sites\/14\/2024\/02\/Abstract_example.docx\" class=\"ek-link\">Abstract template <\/a><\/strong><\/p>\n\n\n\n<p><strong><a href=\"https:\/\/docs.google.com\/forms\/d\/e\/1FAIpQLSd-mehX_MYlOKWJa2iOaJHXjtCJQLNvoGy9j1J4Q9T6N8iDNg\/viewform?usp=header\" target=\"_blank\" rel=\"noreferrer noopener\">Abstract submission<\/a><\/strong><\/p>\n\n\n\n<p><strong><mark style=\"background-color:rgba(0, 0, 0, 0)\" class=\"has-inline-color has-utvas-color\">Deadline for abstract submission: <\/mark><\/strong>August 30, 2026<\/p>\n\n\n\n<p><strong><mark style=\"background-color:rgba(0, 0, 0, 0)\" class=\"has-inline-color has-utvas-color\">General structure of abstract<\/mark><\/strong><mark style=\"background-color:rgba(0, 0, 0, 0)\" class=\"has-inline-color has-zakladna-zlata-color\">&nbsp;<\/mark>\u2013 MS Word editor (.doc or .docx), font \u2013 Times New Roman, 12-point type, all margins \u2013 2 cm, interline \u2013 1, text alignment \u2013 justified, words division turned off, standard division into paragraphs (each new paragraph should be indented), type only one space following the end of a sentence. Consists of the authors\u2019 names, affiliations, title (bold), abstract and 3-5 keywords. The maximum is 350 words.<\/p>\n\n\n\n<p><strong><strong><mark style=\"background-color:rgba(0, 0, 0, 0)\" class=\"has-inline-color has-utvas-color\">Contact person:<\/mark><\/strong><\/strong><br>Mgr. J\u00falius Evelley PhD.:\u00a0<a href=\"mailto:julius.evelley@upjs.sk\" target=\"_blank\" rel=\"noreferrer noopener\">julius.evelley@upjs.sk<\/a><br>Mgr. Agata Dorota Horbacz PhD.:\u00a0<a href=\"mailto:agata.horbacz@upjs.sk\" target=\"_blank\" rel=\"noreferrer noopener\">agata.horbacz@upjs.sk<\/a>\u00a0(polish language)<\/p>\n\n\n\n<p><\/p>\n","protected":false},"excerpt":{"rendered":"<p>Information obligation when obtaining personal data Online registration Abstract template Abstract submission Deadline for abstract submission: August 30, 2026 General structure of abstract&nbsp;\u2013 MS Word editor (.doc or .docx), font \u2013 Times New Roman, 12-point type, all margins \u2013 2 cm, interline \u2013 1, text alignment \u2013 justified, words division turned off, standard division into &hellip; <a href=\"https:\/\/www.upjs.sk\/pracoviska\/ustav-telesnej-vychovy\/en\/conference-2026\/registracia-a-abstrakty\/\">Continued<\/a><\/p>\n","protected":false},"author":1,"featured_media":0,"parent":23454,"menu_order":2,"comment_status":"closed","ping_status":"closed","template":"","meta":{"_acf_changed":false,"_editorskit_title_hidden":false,"_editorskit_reading_time":0,"_editorskit_is_block_options_detached":false,"_editorskit_block_options_position":"{}","footnotes":""},"categories":[],"tags":[],"class_list":["post-23475","page","type-page","status-publish","hentry"],"acf":{"acf_link_na_externy_obsah":""},"yoast_head":"<!-- This site is optimized with the Yoast SEO plugin v27.4 - https:\/\/yoast.com\/product\/yoast-seo-wordpress\/ -->\n<title>REGISTRATION and ABSTRACTS - \u00dastav telesnej v\u00fdchovy a \u0161portu | UPJ\u0160<\/title>\n<meta name=\"robots\" content=\"index, follow, max-snippet:-1, max-image-preview:large, max-video-preview:-1\" \/>\n<link rel=\"canonical\" href=\"https:\/\/www.upjs.sk\/pracoviska\/ustav-telesnej-vychovy\/en\/conference-2026\/registracia-a-abstrakty\/\" \/>\n<meta property=\"og:locale\" content=\"en_US\" \/>\n<meta property=\"og:type\" content=\"article\" \/>\n<meta property=\"og:title\" content=\"REGISTRATION and ABSTRACTS - \u00dastav telesnej v\u00fdchovy a \u0161portu | UPJ\u0160\" \/>\n<meta property=\"og:description\" content=\"Information obligation when obtaining personal data Online registration Abstract template Abstract submission Deadline for abstract submission: August 30, 2026 General structure of abstract&nbsp;\u2013 MS Word editor (.doc or .docx), font \u2013 Times New Roman, 12-point type, all margins \u2013 2 cm, interline \u2013 1, text alignment \u2013 justified, words division turned off, standard division into &hellip; Continued\" \/>\n<meta property=\"og:url\" content=\"https:\/\/www.upjs.sk\/pracoviska\/ustav-telesnej-vychovy\/en\/conference-2026\/registracia-a-abstrakty\/\" \/>\n<meta property=\"og:site_name\" content=\"\u00dastav telesnej v\u00fdchovy a \u0161portu | UPJ\u0160\" \/>\n<meta property=\"article:modified_time\" content=\"2026-02-17T14:59:31+00:00\" \/>\n<meta property=\"og:image\" content=\"https:\/\/www.upjs.sk\/app\/uploads\/sites\/14\/2026\/02\/UTVS-konferencia2026-MB-EN.jpg\" \/>\n\t<meta property=\"og:image:width\" content=\"1024\" \/>\n\t<meta property=\"og:image:height\" content=\"201\" \/>\n\t<meta property=\"og:image:type\" content=\"image\/jpeg\" \/>\n<meta name=\"twitter:card\" content=\"summary_large_image\" \/>\n<meta name=\"twitter:label1\" content=\"Est. reading time\" \/>\n\t<meta name=\"twitter:data1\" content=\"1 minute\" \/>\n<script type=\"application\/ld+json\" class=\"yoast-schema-graph\">{\"@context\":\"https:\\\/\\\/schema.org\",\"@graph\":[{\"@type\":\"WebPage\",\"@id\":\"https:\\\/\\\/www.upjs.sk\\\/pracoviska\\\/ustav-telesnej-vychovy\\\/en\\\/conference-2026\\\/registracia-a-abstrakty\\\/\",\"url\":\"https:\\\/\\\/www.upjs.sk\\\/pracoviska\\\/ustav-telesnej-vychovy\\\/en\\\/conference-2026\\\/registracia-a-abstrakty\\\/\",\"name\":\"REGISTRATION and ABSTRACTS - \u00dastav telesnej v\u00fdchovy a \u0161portu | UPJ\u0160\",\"isPartOf\":{\"@id\":\"https:\\\/\\\/www.upjs.sk\\\/pracoviska\\\/ustav-telesnej-vychovy\\\/en\\\/#website\"},\"primaryImageOfPage\":{\"@id\":\"https:\\\/\\\/www.upjs.sk\\\/pracoviska\\\/ustav-telesnej-vychovy\\\/en\\\/conference-2026\\\/registracia-a-abstrakty\\\/#primaryimage\"},\"image\":{\"@id\":\"https:\\\/\\\/www.upjs.sk\\\/pracoviska\\\/ustav-telesnej-vychovy\\\/en\\\/conference-2026\\\/registracia-a-abstrakty\\\/#primaryimage\"},\"thumbnailUrl\":\"https:\\\/\\\/www.upjs.sk\\\/app\\\/uploads\\\/sites\\\/14\\\/2026\\\/02\\\/UTVS-konferencia2026-MB-EN.jpg\",\"datePublished\":\"2026-02-03T08:33:29+00:00\",\"dateModified\":\"2026-02-17T14:59:31+00:00\",\"breadcrumb\":{\"@id\":\"https:\\\/\\\/www.upjs.sk\\\/pracoviska\\\/ustav-telesnej-vychovy\\\/en\\\/conference-2026\\\/registracia-a-abstrakty\\\/#breadcrumb\"},\"inLanguage\":\"en-US\",\"potentialAction\":[{\"@type\":\"ReadAction\",\"target\":[\"https:\\\/\\\/www.upjs.sk\\\/pracoviska\\\/ustav-telesnej-vychovy\\\/en\\\/conference-2026\\\/registracia-a-abstrakty\\\/\"]}]},{\"@type\":\"ImageObject\",\"inLanguage\":\"en-US\",\"@id\":\"https:\\\/\\\/www.upjs.sk\\\/pracoviska\\\/ustav-telesnej-vychovy\\\/en\\\/conference-2026\\\/registracia-a-abstrakty\\\/#primaryimage\",\"url\":\"https:\\\/\\\/www.upjs.sk\\\/app\\\/uploads\\\/sites\\\/14\\\/2026\\\/02\\\/UTVS-konferencia2026-MB-EN.jpg\",\"contentUrl\":\"https:\\\/\\\/www.upjs.sk\\\/app\\\/uploads\\\/sites\\\/14\\\/2026\\\/02\\\/UTVS-konferencia2026-MB-EN.jpg\"},{\"@type\":\"BreadcrumbList\",\"@id\":\"https:\\\/\\\/www.upjs.sk\\\/pracoviska\\\/ustav-telesnej-vychovy\\\/en\\\/conference-2026\\\/registracia-a-abstrakty\\\/#breadcrumb\",\"itemListElement\":[{\"@type\":\"ListItem\",\"position\":1,\"name\":\"Home\",\"item\":\"https:\\\/\\\/www.upjs.sk\\\/pracoviska\\\/ustav-telesnej-vychovy\\\/en\\\/\"},{\"@type\":\"ListItem\",\"position\":2,\"name\":\"PHYSICAL ACTIVITY, HEALTH AND QUALITY OF LIFE 2026\",\"item\":\"https:\\\/\\\/www.upjs.sk\\\/pracoviska\\\/ustav-telesnej-vychovy\\\/en\\\/conference-2026\\\/\"},{\"@type\":\"ListItem\",\"position\":3,\"name\":\"REGISTRATION and ABSTRACTS\"}]},{\"@type\":\"WebSite\",\"@id\":\"https:\\\/\\\/www.upjs.sk\\\/pracoviska\\\/ustav-telesnej-vychovy\\\/en\\\/#website\",\"url\":\"https:\\\/\\\/www.upjs.sk\\\/pracoviska\\\/ustav-telesnej-vychovy\\\/en\\\/\",\"name\":\"\u00dastav telesnej v\u00fdchovy a \u0161portu | UPJ\u0160\",\"description\":\"\",\"publisher\":{\"@id\":\"https:\\\/\\\/www.upjs.sk\\\/pracoviska\\\/ustav-telesnej-vychovy\\\/en\\\/#organization\"},\"potentialAction\":[{\"@type\":\"SearchAction\",\"target\":{\"@type\":\"EntryPoint\",\"urlTemplate\":\"https:\\\/\\\/www.upjs.sk\\\/pracoviska\\\/ustav-telesnej-vychovy\\\/en\\\/?s={search_term_string}\"},\"query-input\":{\"@type\":\"PropertyValueSpecification\",\"valueRequired\":true,\"valueName\":\"search_term_string\"}}],\"inLanguage\":\"en-US\"},{\"@type\":\"Organization\",\"@id\":\"https:\\\/\\\/www.upjs.sk\\\/pracoviska\\\/ustav-telesnej-vychovy\\\/en\\\/#organization\",\"name\":\"\u00dastav telesnej v\u00fdchovy a \u0161portu | UPJ\u0160\",\"url\":\"https:\\\/\\\/www.upjs.sk\\\/pracoviska\\\/ustav-telesnej-vychovy\\\/en\\\/\",\"logo\":{\"@type\":\"ImageObject\",\"inLanguage\":\"en-US\",\"@id\":\"https:\\\/\\\/www.upjs.sk\\\/pracoviska\\\/ustav-telesnej-vychovy\\\/en\\\/#\\\/schema\\\/logo\\\/image\\\/\",\"url\":\"https:\\\/\\\/www.upjs.sk\\\/app\\\/uploads\\\/sites\\\/14\\\/2023\\\/01\\\/UTVS_ENG.svg\",\"contentUrl\":\"https:\\\/\\\/www.upjs.sk\\\/app\\\/uploads\\\/sites\\\/14\\\/2023\\\/01\\\/UTVS_ENG.svg\",\"width\":500,\"height\":138,\"caption\":\"\u00dastav telesnej v\u00fdchovy a \u0161portu | UPJ\u0160\"},\"image\":{\"@id\":\"https:\\\/\\\/www.upjs.sk\\\/pracoviska\\\/ustav-telesnej-vychovy\\\/en\\\/#\\\/schema\\\/logo\\\/image\\\/\"}}]}<\/script>\n<!-- \/ Yoast SEO plugin. -->","yoast_head_json":{"title":"REGISTRATION and ABSTRACTS - \u00dastav telesnej v\u00fdchovy a \u0161portu | UPJ\u0160","robots":{"index":"index","follow":"follow","max-snippet":"max-snippet:-1","max-image-preview":"max-image-preview:large","max-video-preview":"max-video-preview:-1"},"canonical":"https:\/\/www.upjs.sk\/pracoviska\/ustav-telesnej-vychovy\/en\/conference-2026\/registracia-a-abstrakty\/","og_locale":"en_US","og_type":"article","og_title":"REGISTRATION and ABSTRACTS - \u00dastav telesnej v\u00fdchovy a \u0161portu | UPJ\u0160","og_description":"Information obligation when obtaining personal data Online registration Abstract template Abstract submission Deadline for abstract submission: August 30, 2026 General structure of abstract&nbsp;\u2013 MS Word editor (.doc or .docx), font \u2013 Times New Roman, 12-point type, all margins \u2013 2 cm, interline \u2013 1, text alignment \u2013 justified, words division turned off, standard division into &hellip; Continued","og_url":"https:\/\/www.upjs.sk\/pracoviska\/ustav-telesnej-vychovy\/en\/conference-2026\/registracia-a-abstrakty\/","og_site_name":"\u00dastav telesnej v\u00fdchovy a \u0161portu | UPJ\u0160","article_modified_time":"2026-02-17T14:59:31+00:00","og_image":[{"width":1024,"height":201,"url":"https:\/\/www.upjs.sk\/app\/uploads\/sites\/14\/2026\/02\/UTVS-konferencia2026-MB-EN.jpg","type":"image\/jpeg"}],"twitter_card":"summary_large_image","twitter_misc":{"Est. reading time":"1 minute"},"schema":{"@context":"https:\/\/schema.org","@graph":[{"@type":"WebPage","@id":"https:\/\/www.upjs.sk\/pracoviska\/ustav-telesnej-vychovy\/en\/conference-2026\/registracia-a-abstrakty\/","url":"https:\/\/www.upjs.sk\/pracoviska\/ustav-telesnej-vychovy\/en\/conference-2026\/registracia-a-abstrakty\/","name":"REGISTRATION and ABSTRACTS - \u00dastav telesnej v\u00fdchovy a \u0161portu | UPJ\u0160","isPartOf":{"@id":"https:\/\/www.upjs.sk\/pracoviska\/ustav-telesnej-vychovy\/en\/#website"},"primaryImageOfPage":{"@id":"https:\/\/www.upjs.sk\/pracoviska\/ustav-telesnej-vychovy\/en\/conference-2026\/registracia-a-abstrakty\/#primaryimage"},"image":{"@id":"https:\/\/www.upjs.sk\/pracoviska\/ustav-telesnej-vychovy\/en\/conference-2026\/registracia-a-abstrakty\/#primaryimage"},"thumbnailUrl":"https:\/\/www.upjs.sk\/app\/uploads\/sites\/14\/2026\/02\/UTVS-konferencia2026-MB-EN.jpg","datePublished":"2026-02-03T08:33:29+00:00","dateModified":"2026-02-17T14:59:31+00:00","breadcrumb":{"@id":"https:\/\/www.upjs.sk\/pracoviska\/ustav-telesnej-vychovy\/en\/conference-2026\/registracia-a-abstrakty\/#breadcrumb"},"inLanguage":"en-US","potentialAction":[{"@type":"ReadAction","target":["https:\/\/www.upjs.sk\/pracoviska\/ustav-telesnej-vychovy\/en\/conference-2026\/registracia-a-abstrakty\/"]}]},{"@type":"ImageObject","inLanguage":"en-US","@id":"https:\/\/www.upjs.sk\/pracoviska\/ustav-telesnej-vychovy\/en\/conference-2026\/registracia-a-abstrakty\/#primaryimage","url":"https:\/\/www.upjs.sk\/app\/uploads\/sites\/14\/2026\/02\/UTVS-konferencia2026-MB-EN.jpg","contentUrl":"https:\/\/www.upjs.sk\/app\/uploads\/sites\/14\/2026\/02\/UTVS-konferencia2026-MB-EN.jpg"},{"@type":"BreadcrumbList","@id":"https:\/\/www.upjs.sk\/pracoviska\/ustav-telesnej-vychovy\/en\/conference-2026\/registracia-a-abstrakty\/#breadcrumb","itemListElement":[{"@type":"ListItem","position":1,"name":"Home","item":"https:\/\/www.upjs.sk\/pracoviska\/ustav-telesnej-vychovy\/en\/"},{"@type":"ListItem","position":2,"name":"PHYSICAL ACTIVITY, HEALTH AND QUALITY OF LIFE 2026","item":"https:\/\/www.upjs.sk\/pracoviska\/ustav-telesnej-vychovy\/en\/conference-2026\/"},{"@type":"ListItem","position":3,"name":"REGISTRATION and ABSTRACTS"}]},{"@type":"WebSite","@id":"https:\/\/www.upjs.sk\/pracoviska\/ustav-telesnej-vychovy\/en\/#website","url":"https:\/\/www.upjs.sk\/pracoviska\/ustav-telesnej-vychovy\/en\/","name":"\u00dastav telesnej v\u00fdchovy a \u0161portu | UPJ\u0160","description":"","publisher":{"@id":"https:\/\/www.upjs.sk\/pracoviska\/ustav-telesnej-vychovy\/en\/#organization"},"potentialAction":[{"@type":"SearchAction","target":{"@type":"EntryPoint","urlTemplate":"https:\/\/www.upjs.sk\/pracoviska\/ustav-telesnej-vychovy\/en\/?s={search_term_string}"},"query-input":{"@type":"PropertyValueSpecification","valueRequired":true,"valueName":"search_term_string"}}],"inLanguage":"en-US"},{"@type":"Organization","@id":"https:\/\/www.upjs.sk\/pracoviska\/ustav-telesnej-vychovy\/en\/#organization","name":"\u00dastav telesnej v\u00fdchovy a \u0161portu | UPJ\u0160","url":"https:\/\/www.upjs.sk\/pracoviska\/ustav-telesnej-vychovy\/en\/","logo":{"@type":"ImageObject","inLanguage":"en-US","@id":"https:\/\/www.upjs.sk\/pracoviska\/ustav-telesnej-vychovy\/en\/#\/schema\/logo\/image\/","url":"https:\/\/www.upjs.sk\/app\/uploads\/sites\/14\/2023\/01\/UTVS_ENG.svg","contentUrl":"https:\/\/www.upjs.sk\/app\/uploads\/sites\/14\/2023\/01\/UTVS_ENG.svg","width":500,"height":138,"caption":"\u00dastav telesnej v\u00fdchovy a \u0161portu | UPJ\u0160"},"image":{"@id":"https:\/\/www.upjs.sk\/pracoviska\/ustav-telesnej-vychovy\/en\/#\/schema\/logo\/image\/"}}]}},"_links":{"self":[{"href":"https:\/\/www.upjs.sk\/pracoviska\/ustav-telesnej-vychovy\/en\/wp-json\/wp\/v2\/pages\/23475","targetHints":{"allow":["GET"]}}],"collection":[{"href":"https:\/\/www.upjs.sk\/pracoviska\/ustav-telesnej-vychovy\/en\/wp-json\/wp\/v2\/pages"}],"about":[{"href":"https:\/\/www.upjs.sk\/pracoviska\/ustav-telesnej-vychovy\/en\/wp-json\/wp\/v2\/types\/page"}],"author":[{"embeddable":true,"href":"https:\/\/www.upjs.sk\/pracoviska\/ustav-telesnej-vychovy\/en\/wp-json\/wp\/v2\/users\/1"}],"replies":[{"embeddable":true,"href":"https:\/\/www.upjs.sk\/pracoviska\/ustav-telesnej-vychovy\/en\/wp-json\/wp\/v2\/comments?post=23475"}],"version-history":[{"count":11,"href":"https:\/\/www.upjs.sk\/pracoviska\/ustav-telesnej-vychovy\/en\/wp-json\/wp\/v2\/pages\/23475\/revisions"}],"predecessor-version":[{"id":23721,"href":"https:\/\/www.upjs.sk\/pracoviska\/ustav-telesnej-vychovy\/en\/wp-json\/wp\/v2\/pages\/23475\/revisions\/23721"}],"up":[{"embeddable":true,"href":"https:\/\/www.upjs.sk\/pracoviska\/ustav-telesnej-vychovy\/en\/wp-json\/wp\/v2\/pages\/23454"}],"wp:attachment":[{"href":"https:\/\/www.upjs.sk\/pracoviska\/ustav-telesnej-vychovy\/en\/wp-json\/wp\/v2\/media?parent=23475"}],"wp:term":[{"taxonomy":"category","embeddable":true,"href":"https:\/\/www.upjs.sk\/pracoviska\/ustav-telesnej-vychovy\/en\/wp-json\/wp\/v2\/categories?post=23475"},{"taxonomy":"post_tag","embeddable":true,"href":"https:\/\/www.upjs.sk\/pracoviska\/ustav-telesnej-vychovy\/en\/wp-json\/wp\/v2\/tags?post=23475"}],"curies":[{"name":"wp","href":"https:\/\/api.w.org\/{rel}","templated":true}]}}