{"id":23476,"date":"2026-02-02T14:34:20","date_gmt":"2026-02-02T13:34:20","guid":{"rendered":"https:\/\/www.upjs.sk\/pracoviska\/ustav-telesnej-vychovy\/conference-2026\/program-misto-konania\/"},"modified":"2026-02-17T16:00:39","modified_gmt":"2026-02-17T15:00:39","slug":"program-misto-konania","status":"publish","type":"page","link":"https:\/\/www.upjs.sk\/pracoviska\/ustav-telesnej-vychovy\/en\/conference-2026\/program-misto-konania\/","title":{"rendered":"PROGRAMME and VENUE"},"content":{"rendered":"<style>.kb-image23476_de88fd-d4.kb-image-is-ratio-size, .kb-image23476_de88fd-d4 .kb-image-is-ratio-size{max-width:877px;width:100%;}.wp-block-kadence-column > .kt-inside-inner-col > .kb-image23476_de88fd-d4.kb-image-is-ratio-size, .wp-block-kadence-column > .kt-inside-inner-col > .kb-image23476_de88fd-d4 .kb-image-is-ratio-size{align-self:unset;}.kb-image23476_de88fd-d4 figure{max-width:877px;}.kb-image23476_de88fd-d4 .image-is-svg, .kb-image23476_de88fd-d4 .image-is-svg img{width:100%;}.kb-image23476_de88fd-d4 .kb-image-has-overlay:after{opacity:0.3;border-top-left-radius:15px;border-top-right-radius:15px;border-bottom-right-radius:15px;border-bottom-left-radius:15px;}.kb-image23476_de88fd-d4 img.kb-img, .kb-image23476_de88fd-d4 .kb-img img{border-top-left-radius:15px;border-top-right-radius:15px;border-bottom-right-radius:15px;border-bottom-left-radius:15px;}<\/style>\n<div class=\"wp-block-kadence-image kb-image23476_de88fd-d4\"><figure class=\"aligncenter\"><img loading=\"lazy\" decoding=\"async\" width=\"1024\" height=\"201\" src=\"https:\/\/www.upjs.sk\/app\/uploads\/sites\/14\/2026\/02\/UTVS-konferencia2026-MB-EN.jpg\" alt=\"\" class=\"kb-img wp-image-23613\" srcset=\"https:\/\/www.upjs.sk\/app\/uploads\/sites\/14\/2026\/02\/UTVS-konferencia2026-MB-EN.jpg 1024w, https:\/\/www.upjs.sk\/app\/uploads\/sites\/14\/2026\/02\/UTVS-konferencia2026-MB-EN-300x59.jpg 300w, https:\/\/www.upjs.sk\/app\/uploads\/sites\/14\/2026\/02\/UTVS-konferencia2026-MB-EN-768x151.jpg 768w\" sizes=\"auto, (max-width: 1024px) 100vw, 1024px\" \/><\/figure><\/div>\n\n\n\n<p><\/p>\n\n\n\n<p class=\"has-medium-font-size\"><strong><mark style=\"background-color:rgba(0, 0, 0, 0)\" class=\"has-inline-color has-zakladna-zlata-color\"><strong><mark style=\"background-color:rgba(0, 0, 0, 0)\" class=\"has-inline-color has-zakladna-zlata-color\">P<strong>ROGRAMME:<\/strong><\/mark>&nbsp; <\/strong><\/mark><\/strong>The conference program will be finalized after the registration period closes.<\/p>\n\n\n\n<p class=\"has-medium-font-size\"><strong><mark style=\"background-color:rgba(0, 0, 0, 0)\" class=\"has-inline-color has-zakladna-zlata-color\"><strong><mark style=\"background-color:rgba(0, 0, 0, 0)\" class=\"has-inline-color has-zakladna-zlata-color\"><strong><strong>VENUE<\/strong>:<\/strong><\/mark><\/strong><\/mark><\/strong><\/p>\n\n\n\n<p><a href=\"https:\/\/www.upjs.sk\/en\/\" target=\"_blank\" rel=\"noreferrer noopener\">PAVOL JOZEF \u0160AF\u00c1RIK UNIVERSITY IN KO\u0160ICE<\/a><br><br>Ko\u0161ice, \u0160rob\u00e1rova 2<br>040 11, Ko\u0161ice<\/p>\n\n\n\n<p>Map: <a href=\"https:\/\/www.google.com\/maps\/place\/Univerzita+Pavla+Jozefa+%C5%A0af%C3%A1rika\/@48.7199629,21.2480903,16z\/data=!4m6!3m5!1s0x473ee042424efac3:0x760e93fdfa0f5429!8m2!3d48.7196409!4d21.2511279!16zL20vMGRjeDNi?entry=ttu&amp;g_ep=EgoyMDI2MDEyNy4wIKXMDSoASAFQAw%3D%3D\">mapa-Ko\u0161ice-UPJ\u0160<\/a><\/p>\n\n\n\n<p><strong><strong><mark style=\"background-color:rgba(0, 0, 0, 0)\" class=\"has-inline-color has-zakladna-zlata-color\">Contact person:<\/mark><\/strong><\/strong><br>Mgr. J\u00falius Evelley PhD.:\u00a0<a href=\"mailto:julius.evelley@upjs.sk\" target=\"_blank\" rel=\"noreferrer noopener\">julius.evelley@upjs.sk<\/a><br>Mgr. Agata Dorota Horbacz PhD.:\u00a0<a href=\"mailto:agata.horbacz@upjs.sk\" target=\"_blank\" rel=\"noreferrer noopener\">agata.horbacz@upjs.sk<\/a>\u00a0(polish language)<\/p>\n\n\n\n<p><\/p>\n","protected":false},"excerpt":{"rendered":"<p>PROGRAMME:&nbsp; The conference program will be finalized after the registration period closes. VENUE: PAVOL JOZEF \u0160AF\u00c1RIK UNIVERSITY IN KO\u0160ICE Ko\u0161ice, \u0160rob\u00e1rova 2040 11, Ko\u0161ice Map: mapa-Ko\u0161ice-UPJ\u0160 Contact person:Mgr. J\u00falius Evelley PhD.:\u00a0julius.evelley@upjs.skMgr. Agata Dorota Horbacz PhD.:\u00a0agata.horbacz@upjs.sk\u00a0(polish language)<\/p>\n","protected":false},"author":1,"featured_media":0,"parent":23454,"menu_order":3,"comment_status":"closed","ping_status":"closed","template":"","meta":{"_acf_changed":false,"_editorskit_title_hidden":false,"_editorskit_reading_time":0,"_editorskit_is_block_options_detached":false,"_editorskit_block_options_position":"{}","footnotes":""},"categories":[],"tags":[],"class_list":["post-23476","page","type-page","status-publish","hentry"],"acf":{"acf_link_na_externy_obsah":""},"yoast_head":"<!-- This site is optimized with the Yoast SEO plugin v27.2 - https:\/\/yoast.com\/product\/yoast-seo-wordpress\/ -->\n<title>PROGRAMME and VENUE - \u00dastav telesnej v\u00fdchovy a \u0161portu | UPJ\u0160<\/title>\n<meta name=\"robots\" content=\"index, follow, max-snippet:-1, max-image-preview:large, max-video-preview:-1\" \/>\n<link rel=\"canonical\" href=\"https:\/\/www.upjs.sk\/pracoviska\/ustav-telesnej-vychovy\/en\/conference-2026\/program-misto-konania\/\" \/>\n<meta property=\"og:locale\" content=\"en_US\" \/>\n<meta property=\"og:type\" content=\"article\" \/>\n<meta property=\"og:title\" content=\"PROGRAMME and VENUE - \u00dastav telesnej v\u00fdchovy a \u0161portu | UPJ\u0160\" \/>\n<meta property=\"og:description\" content=\"PROGRAMME:&nbsp; The conference program will be finalized after the registration period closes. VENUE: PAVOL JOZEF \u0160AF\u00c1RIK UNIVERSITY IN KO\u0160ICE Ko\u0161ice, \u0160rob\u00e1rova 2040 11, Ko\u0161ice Map: mapa-Ko\u0161ice-UPJ\u0160 Contact person:Mgr. J\u00falius Evelley PhD.:\u00a0julius.evelley@upjs.skMgr. Agata Dorota Horbacz PhD.:\u00a0agata.horbacz@upjs.sk\u00a0(polish language)\" \/>\n<meta property=\"og:url\" content=\"https:\/\/www.upjs.sk\/pracoviska\/ustav-telesnej-vychovy\/en\/conference-2026\/program-misto-konania\/\" \/>\n<meta property=\"og:site_name\" content=\"\u00dastav telesnej v\u00fdchovy a \u0161portu | UPJ\u0160\" \/>\n<meta property=\"article:modified_time\" content=\"2026-02-17T15:00:39+00:00\" \/>\n<meta property=\"og:image\" content=\"https:\/\/www.upjs.sk\/app\/uploads\/sites\/14\/2026\/02\/UTVS-konferencia2026-MB-EN.jpg\" \/>\n\t<meta property=\"og:image:width\" content=\"1024\" \/>\n\t<meta property=\"og:image:height\" content=\"201\" \/>\n\t<meta property=\"og:image:type\" content=\"image\/jpeg\" \/>\n<meta name=\"twitter:card\" content=\"summary_large_image\" \/>\n<meta name=\"twitter:label1\" content=\"Est. reading time\" \/>\n\t<meta name=\"twitter:data1\" content=\"1 minute\" \/>\n<script type=\"application\/ld+json\" class=\"yoast-schema-graph\">{\"@context\":\"https:\/\/schema.org\",\"@graph\":[{\"@type\":\"WebPage\",\"@id\":\"https:\/\/www.upjs.sk\/pracoviska\/ustav-telesnej-vychovy\/en\/conference-2026\/program-misto-konania\/\",\"url\":\"https:\/\/www.upjs.sk\/pracoviska\/ustav-telesnej-vychovy\/en\/conference-2026\/program-misto-konania\/\",\"name\":\"PROGRAMME and VENUE - \u00dastav telesnej v\u00fdchovy a \u0161portu | UPJ\u0160\",\"isPartOf\":{\"@id\":\"https:\/\/www.upjs.sk\/pracoviska\/ustav-telesnej-vychovy\/en\/#website\"},\"primaryImageOfPage\":{\"@id\":\"https:\/\/www.upjs.sk\/pracoviska\/ustav-telesnej-vychovy\/en\/conference-2026\/program-misto-konania\/#primaryimage\"},\"image\":{\"@id\":\"https:\/\/www.upjs.sk\/pracoviska\/ustav-telesnej-vychovy\/en\/conference-2026\/program-misto-konania\/#primaryimage\"},\"thumbnailUrl\":\"https:\/\/www.upjs.sk\/app\/uploads\/sites\/14\/2026\/02\/UTVS-konferencia2026-MB-EN.jpg\",\"datePublished\":\"2026-02-02T13:34:20+00:00\",\"dateModified\":\"2026-02-17T15:00:39+00:00\",\"breadcrumb\":{\"@id\":\"https:\/\/www.upjs.sk\/pracoviska\/ustav-telesnej-vychovy\/en\/conference-2026\/program-misto-konania\/#breadcrumb\"},\"inLanguage\":\"en-US\",\"potentialAction\":[{\"@type\":\"ReadAction\",\"target\":[\"https:\/\/www.upjs.sk\/pracoviska\/ustav-telesnej-vychovy\/en\/conference-2026\/program-misto-konania\/\"]}]},{\"@type\":\"ImageObject\",\"inLanguage\":\"en-US\",\"@id\":\"https:\/\/www.upjs.sk\/pracoviska\/ustav-telesnej-vychovy\/en\/conference-2026\/program-misto-konania\/#primaryimage\",\"url\":\"https:\/\/www.upjs.sk\/app\/uploads\/sites\/14\/2026\/02\/UTVS-konferencia2026-MB-EN.jpg\",\"contentUrl\":\"https:\/\/www.upjs.sk\/app\/uploads\/sites\/14\/2026\/02\/UTVS-konferencia2026-MB-EN.jpg\"},{\"@type\":\"BreadcrumbList\",\"@id\":\"https:\/\/www.upjs.sk\/pracoviska\/ustav-telesnej-vychovy\/en\/conference-2026\/program-misto-konania\/#breadcrumb\",\"itemListElement\":[{\"@type\":\"ListItem\",\"position\":1,\"name\":\"Home\",\"item\":\"https:\/\/www.upjs.sk\/pracoviska\/ustav-telesnej-vychovy\/en\/\"},{\"@type\":\"ListItem\",\"position\":2,\"name\":\"PHYSICAL ACTIVITY, HEALTH AND QUALITY OF LIFE 2026\",\"item\":\"https:\/\/www.upjs.sk\/pracoviska\/ustav-telesnej-vychovy\/en\/conference-2026\/\"},{\"@type\":\"ListItem\",\"position\":3,\"name\":\"PROGRAMME and VENUE\"}]},{\"@type\":\"WebSite\",\"@id\":\"https:\/\/www.upjs.sk\/pracoviska\/ustav-telesnej-vychovy\/en\/#website\",\"url\":\"https:\/\/www.upjs.sk\/pracoviska\/ustav-telesnej-vychovy\/en\/\",\"name\":\"\u00dastav telesnej v\u00fdchovy a \u0161portu | UPJ\u0160\",\"description\":\"\",\"publisher\":{\"@id\":\"https:\/\/www.upjs.sk\/pracoviska\/ustav-telesnej-vychovy\/en\/#organization\"},\"potentialAction\":[{\"@type\":\"SearchAction\",\"target\":{\"@type\":\"EntryPoint\",\"urlTemplate\":\"https:\/\/www.upjs.sk\/pracoviska\/ustav-telesnej-vychovy\/en\/?s={search_term_string}\"},\"query-input\":{\"@type\":\"PropertyValueSpecification\",\"valueRequired\":true,\"valueName\":\"search_term_string\"}}],\"inLanguage\":\"en-US\"},{\"@type\":\"Organization\",\"@id\":\"https:\/\/www.upjs.sk\/pracoviska\/ustav-telesnej-vychovy\/en\/#organization\",\"name\":\"\u00dastav telesnej v\u00fdchovy a \u0161portu | UPJ\u0160\",\"url\":\"https:\/\/www.upjs.sk\/pracoviska\/ustav-telesnej-vychovy\/en\/\",\"logo\":{\"@type\":\"ImageObject\",\"inLanguage\":\"en-US\",\"@id\":\"https:\/\/www.upjs.sk\/pracoviska\/ustav-telesnej-vychovy\/en\/#\/schema\/logo\/image\/\",\"url\":\"https:\/\/www.upjs.sk\/app\/uploads\/sites\/14\/2023\/01\/UTVS_ENG.svg\",\"contentUrl\":\"https:\/\/www.upjs.sk\/app\/uploads\/sites\/14\/2023\/01\/UTVS_ENG.svg\",\"width\":500,\"height\":138,\"caption\":\"\u00dastav telesnej v\u00fdchovy a \u0161portu | UPJ\u0160\"},\"image\":{\"@id\":\"https:\/\/www.upjs.sk\/pracoviska\/ustav-telesnej-vychovy\/en\/#\/schema\/logo\/image\/\"}}]}<\/script>\n<!-- \/ Yoast SEO plugin. -->","yoast_head_json":{"title":"PROGRAMME and VENUE - \u00dastav telesnej v\u00fdchovy a \u0161portu | UPJ\u0160","robots":{"index":"index","follow":"follow","max-snippet":"max-snippet:-1","max-image-preview":"max-image-preview:large","max-video-preview":"max-video-preview:-1"},"canonical":"https:\/\/www.upjs.sk\/pracoviska\/ustav-telesnej-vychovy\/en\/conference-2026\/program-misto-konania\/","og_locale":"en_US","og_type":"article","og_title":"PROGRAMME and VENUE - \u00dastav telesnej v\u00fdchovy a \u0161portu | UPJ\u0160","og_description":"PROGRAMME:&nbsp; The conference program will be finalized after the registration period closes. VENUE: PAVOL JOZEF \u0160AF\u00c1RIK UNIVERSITY IN KO\u0160ICE Ko\u0161ice, \u0160rob\u00e1rova 2040 11, Ko\u0161ice Map: mapa-Ko\u0161ice-UPJ\u0160 Contact person:Mgr. J\u00falius Evelley PhD.:\u00a0julius.evelley@upjs.skMgr. Agata Dorota Horbacz PhD.:\u00a0agata.horbacz@upjs.sk\u00a0(polish language)","og_url":"https:\/\/www.upjs.sk\/pracoviska\/ustav-telesnej-vychovy\/en\/conference-2026\/program-misto-konania\/","og_site_name":"\u00dastav telesnej v\u00fdchovy a \u0161portu | UPJ\u0160","article_modified_time":"2026-02-17T15:00:39+00:00","og_image":[{"width":1024,"height":201,"url":"https:\/\/www.upjs.sk\/app\/uploads\/sites\/14\/2026\/02\/UTVS-konferencia2026-MB-EN.jpg","type":"image\/jpeg"}],"twitter_card":"summary_large_image","twitter_misc":{"Est. reading time":"1 minute"},"schema":{"@context":"https:\/\/schema.org","@graph":[{"@type":"WebPage","@id":"https:\/\/www.upjs.sk\/pracoviska\/ustav-telesnej-vychovy\/en\/conference-2026\/program-misto-konania\/","url":"https:\/\/www.upjs.sk\/pracoviska\/ustav-telesnej-vychovy\/en\/conference-2026\/program-misto-konania\/","name":"PROGRAMME and VENUE - \u00dastav telesnej v\u00fdchovy a \u0161portu | UPJ\u0160","isPartOf":{"@id":"https:\/\/www.upjs.sk\/pracoviska\/ustav-telesnej-vychovy\/en\/#website"},"primaryImageOfPage":{"@id":"https:\/\/www.upjs.sk\/pracoviska\/ustav-telesnej-vychovy\/en\/conference-2026\/program-misto-konania\/#primaryimage"},"image":{"@id":"https:\/\/www.upjs.sk\/pracoviska\/ustav-telesnej-vychovy\/en\/conference-2026\/program-misto-konania\/#primaryimage"},"thumbnailUrl":"https:\/\/www.upjs.sk\/app\/uploads\/sites\/14\/2026\/02\/UTVS-konferencia2026-MB-EN.jpg","datePublished":"2026-02-02T13:34:20+00:00","dateModified":"2026-02-17T15:00:39+00:00","breadcrumb":{"@id":"https:\/\/www.upjs.sk\/pracoviska\/ustav-telesnej-vychovy\/en\/conference-2026\/program-misto-konania\/#breadcrumb"},"inLanguage":"en-US","potentialAction":[{"@type":"ReadAction","target":["https:\/\/www.upjs.sk\/pracoviska\/ustav-telesnej-vychovy\/en\/conference-2026\/program-misto-konania\/"]}]},{"@type":"ImageObject","inLanguage":"en-US","@id":"https:\/\/www.upjs.sk\/pracoviska\/ustav-telesnej-vychovy\/en\/conference-2026\/program-misto-konania\/#primaryimage","url":"https:\/\/www.upjs.sk\/app\/uploads\/sites\/14\/2026\/02\/UTVS-konferencia2026-MB-EN.jpg","contentUrl":"https:\/\/www.upjs.sk\/app\/uploads\/sites\/14\/2026\/02\/UTVS-konferencia2026-MB-EN.jpg"},{"@type":"BreadcrumbList","@id":"https:\/\/www.upjs.sk\/pracoviska\/ustav-telesnej-vychovy\/en\/conference-2026\/program-misto-konania\/#breadcrumb","itemListElement":[{"@type":"ListItem","position":1,"name":"Home","item":"https:\/\/www.upjs.sk\/pracoviska\/ustav-telesnej-vychovy\/en\/"},{"@type":"ListItem","position":2,"name":"PHYSICAL ACTIVITY, HEALTH AND QUALITY OF LIFE 2026","item":"https:\/\/www.upjs.sk\/pracoviska\/ustav-telesnej-vychovy\/en\/conference-2026\/"},{"@type":"ListItem","position":3,"name":"PROGRAMME and VENUE"}]},{"@type":"WebSite","@id":"https:\/\/www.upjs.sk\/pracoviska\/ustav-telesnej-vychovy\/en\/#website","url":"https:\/\/www.upjs.sk\/pracoviska\/ustav-telesnej-vychovy\/en\/","name":"\u00dastav telesnej v\u00fdchovy a \u0161portu | UPJ\u0160","description":"","publisher":{"@id":"https:\/\/www.upjs.sk\/pracoviska\/ustav-telesnej-vychovy\/en\/#organization"},"potentialAction":[{"@type":"SearchAction","target":{"@type":"EntryPoint","urlTemplate":"https:\/\/www.upjs.sk\/pracoviska\/ustav-telesnej-vychovy\/en\/?s={search_term_string}"},"query-input":{"@type":"PropertyValueSpecification","valueRequired":true,"valueName":"search_term_string"}}],"inLanguage":"en-US"},{"@type":"Organization","@id":"https:\/\/www.upjs.sk\/pracoviska\/ustav-telesnej-vychovy\/en\/#organization","name":"\u00dastav telesnej v\u00fdchovy a \u0161portu | UPJ\u0160","url":"https:\/\/www.upjs.sk\/pracoviska\/ustav-telesnej-vychovy\/en\/","logo":{"@type":"ImageObject","inLanguage":"en-US","@id":"https:\/\/www.upjs.sk\/pracoviska\/ustav-telesnej-vychovy\/en\/#\/schema\/logo\/image\/","url":"https:\/\/www.upjs.sk\/app\/uploads\/sites\/14\/2023\/01\/UTVS_ENG.svg","contentUrl":"https:\/\/www.upjs.sk\/app\/uploads\/sites\/14\/2023\/01\/UTVS_ENG.svg","width":500,"height":138,"caption":"\u00dastav telesnej v\u00fdchovy a \u0161portu | UPJ\u0160"},"image":{"@id":"https:\/\/www.upjs.sk\/pracoviska\/ustav-telesnej-vychovy\/en\/#\/schema\/logo\/image\/"}}]}},"_links":{"self":[{"href":"https:\/\/www.upjs.sk\/pracoviska\/ustav-telesnej-vychovy\/en\/wp-json\/wp\/v2\/pages\/23476","targetHints":{"allow":["GET"]}}],"collection":[{"href":"https:\/\/www.upjs.sk\/pracoviska\/ustav-telesnej-vychovy\/en\/wp-json\/wp\/v2\/pages"}],"about":[{"href":"https:\/\/www.upjs.sk\/pracoviska\/ustav-telesnej-vychovy\/en\/wp-json\/wp\/v2\/types\/page"}],"author":[{"embeddable":true,"href":"https:\/\/www.upjs.sk\/pracoviska\/ustav-telesnej-vychovy\/en\/wp-json\/wp\/v2\/users\/1"}],"replies":[{"embeddable":true,"href":"https:\/\/www.upjs.sk\/pracoviska\/ustav-telesnej-vychovy\/en\/wp-json\/wp\/v2\/comments?post=23476"}],"version-history":[{"count":5,"href":"https:\/\/www.upjs.sk\/pracoviska\/ustav-telesnej-vychovy\/en\/wp-json\/wp\/v2\/pages\/23476\/revisions"}],"predecessor-version":[{"id":23722,"href":"https:\/\/www.upjs.sk\/pracoviska\/ustav-telesnej-vychovy\/en\/wp-json\/wp\/v2\/pages\/23476\/revisions\/23722"}],"up":[{"embeddable":true,"href":"https:\/\/www.upjs.sk\/pracoviska\/ustav-telesnej-vychovy\/en\/wp-json\/wp\/v2\/pages\/23454"}],"wp:attachment":[{"href":"https:\/\/www.upjs.sk\/pracoviska\/ustav-telesnej-vychovy\/en\/wp-json\/wp\/v2\/media?parent=23476"}],"wp:term":[{"taxonomy":"category","embeddable":true,"href":"https:\/\/www.upjs.sk\/pracoviska\/ustav-telesnej-vychovy\/en\/wp-json\/wp\/v2\/categories?post=23476"},{"taxonomy":"post_tag","embeddable":true,"href":"https:\/\/www.upjs.sk\/pracoviska\/ustav-telesnej-vychovy\/en\/wp-json\/wp\/v2\/tags?post=23476"}],"curies":[{"name":"wp","href":"https:\/\/api.w.org\/{rel}","templated":true}]}}