{"id":23922,"date":"2026-04-14T20:11:34","date_gmt":"2026-04-14T19:11:34","guid":{"rendered":"https:\/\/www.upjs.sk\/pracoviska\/ustav-telesnej-vychovy\/prednasajuci-3-mgr-jaroslaw-herbert-phd-assistant-professor\/"},"modified":"2026-04-14T20:31:40","modified_gmt":"2026-04-14T19:31:40","slug":"prednasajuci-3-mgr-jaroslaw-herbert-phd-assistant-professor","status":"publish","type":"page","link":"https:\/\/www.upjs.sk\/pracoviska\/ustav-telesnej-vychovy\/en\/conference-2026\/information-2\/prednasajuci-3-mgr-jaroslaw-herbert-phd-assistant-professor\/","title":{"rendered":"Mgr. Jaros\u0142aw Herbert, Ph.D., Assistant Professor"},"content":{"rendered":"\n<p><strong><mark style=\"background-color:rgba(0, 0, 0, 0)\" class=\"has-inline-color has-zakladna-modra-color\">Mgr. Jaros\u0142aw Herbert, Ph.D., Assistant Professor<\/mark><\/strong><\/p>\n\n\n\n<p><strong>Institution:<\/strong><br>\u2022 University of Rzesz\u00f3w, Faculty of Physical Culture Sciences, Poland<\/p>\n\n\n\n<p><strong>ORCID:<\/strong><br><a href=\"https:\/\/orcid.org\/0000-0003-0434-6263\" type=\"link\" id=\"https:\/\/orcid.org\/0000-0003-0434-6263\" target=\"_blank\" rel=\"noreferrer noopener\">0000-0003-0434-6263<\/a><\/p>\n\n\n\n<p><strong><strong>Lecture topic:<\/strong><\/strong><br>Exercise as the first medicine \u2013 why should physical activity precede pharmacotherapy from an early age?<\/p>\n\n\n\n<p><strong>Professional profile:<\/strong><br>Jaros\u0142aw Herbert is a researcher specializing in physical activity, healthy lifestyles, and the objective measurement of movement (accelerometry), with a particular focus on children and adolescents. His scientific output includes over 100 publications in journals such as Sports Medicine \u2013 Open, Journal of Sleep Research, BMJ Open, and International Journal of Environmental Research and Public Health. He is a member of HEPA Europe and the International Society for Physical Activity and Health, and serves as Deputy Editor-in-Chief of Scientific Review of Physical Culture. He was a Subject Editor for The European Journal of Clinical and Experimental Medicine (2017\u20132020) and a Guest Editor for Healthcare journal (2025\u20132026). He was the only representative from Poland in an international expert panel developing global indicators for 24-hour movement behaviours in early childhood (Sports Medicine \u2013Open, Q1), involving researchers from nearly 40 countries. He co-authored strategic reports for the city of Rzesz\u00f3w and participated in Erasmus+ (PROPELLERS project) and research on standing desks in schools across Poland, Slovakia, Spain, and Ukraine. He was awarded the Medal of the National Education Commission (2022) for outstanding contributions to education. He currently serves as regional coordinator of WF with AWF \u2013 Active Today for Health Tomorrow, responsible for physical fitness diagnosis in preschool children.<\/p>\n\n\n\n<p><\/p>\n","protected":false},"excerpt":{"rendered":"<p>Mgr. Jaros\u0142aw Herbert, Ph.D., Assistant Professor Institution:\u2022 University of Rzesz\u00f3w, Faculty of Physical Culture Sciences, Poland ORCID:0000-0003-0434-6263 Lecture topic:Exercise as the first medicine \u2013 why should physical activity precede pharmacotherapy from an early age? Professional profile:Jaros\u0142aw Herbert is a researcher specializing in physical activity, healthy lifestyles, and the objective measurement of movement (accelerometry), with a &hellip; <a href=\"https:\/\/www.upjs.sk\/pracoviska\/ustav-telesnej-vychovy\/en\/conference-2026\/information-2\/prednasajuci-3-mgr-jaroslaw-herbert-phd-assistant-professor\/\">Continued<\/a><\/p>\n","protected":false},"author":16,"featured_media":0,"parent":23479,"menu_order":2,"comment_status":"closed","ping_status":"closed","template":"","meta":{"_acf_changed":false,"_editorskit_title_hidden":false,"_editorskit_reading_time":0,"_editorskit_is_block_options_detached":false,"_editorskit_block_options_position":"{}","footnotes":""},"categories":[],"tags":[],"class_list":["post-23922","page","type-page","status-publish","hentry"],"acf":{"acf_link_na_externy_obsah":""},"yoast_head":"<!-- This site is optimized with the Yoast SEO plugin v27.2 - https:\/\/yoast.com\/product\/yoast-seo-wordpress\/ -->\n<title>Mgr. Jaros\u0142aw Herbert, Ph.D., Assistant Professor - \u00dastav telesnej v\u00fdchovy a \u0161portu | UPJ\u0160<\/title>\n<meta name=\"robots\" content=\"index, follow, max-snippet:-1, max-image-preview:large, max-video-preview:-1\" \/>\n<link rel=\"canonical\" href=\"https:\/\/www.upjs.sk\/pracoviska\/ustav-telesnej-vychovy\/en\/conference-2026\/information-2\/prednasajuci-3-mgr-jaroslaw-herbert-phd-assistant-professor\/\" \/>\n<meta property=\"og:locale\" content=\"en_US\" \/>\n<meta property=\"og:type\" content=\"article\" \/>\n<meta property=\"og:title\" content=\"Mgr. Jaros\u0142aw Herbert, Ph.D., Assistant Professor - \u00dastav telesnej v\u00fdchovy a \u0161portu | UPJ\u0160\" \/>\n<meta property=\"og:description\" content=\"Mgr. Jaros\u0142aw Herbert, Ph.D., Assistant Professor Institution:\u2022 University of Rzesz\u00f3w, Faculty of Physical Culture Sciences, Poland ORCID:0000-0003-0434-6263 Lecture topic:Exercise as the first medicine \u2013 why should physical activity precede pharmacotherapy from an early age? Professional profile:Jaros\u0142aw Herbert is a researcher specializing in physical activity, healthy lifestyles, and the objective measurement of movement (accelerometry), with a &hellip; Continued\" \/>\n<meta property=\"og:url\" content=\"https:\/\/www.upjs.sk\/pracoviska\/ustav-telesnej-vychovy\/en\/conference-2026\/information-2\/prednasajuci-3-mgr-jaroslaw-herbert-phd-assistant-professor\/\" \/>\n<meta property=\"og:site_name\" content=\"\u00dastav telesnej v\u00fdchovy a \u0161portu | UPJ\u0160\" \/>\n<meta property=\"article:modified_time\" content=\"2026-04-14T19:31:40+00:00\" \/>\n<meta name=\"twitter:card\" content=\"summary_large_image\" \/>\n<meta name=\"twitter:label1\" content=\"Est. reading time\" \/>\n\t<meta name=\"twitter:data1\" content=\"2 minutes\" \/>\n<script type=\"application\/ld+json\" class=\"yoast-schema-graph\">{\"@context\":\"https:\/\/schema.org\",\"@graph\":[{\"@type\":\"WebPage\",\"@id\":\"https:\/\/www.upjs.sk\/pracoviska\/ustav-telesnej-vychovy\/en\/conference-2026\/information-2\/prednasajuci-3-mgr-jaroslaw-herbert-phd-assistant-professor\/\",\"url\":\"https:\/\/www.upjs.sk\/pracoviska\/ustav-telesnej-vychovy\/en\/conference-2026\/information-2\/prednasajuci-3-mgr-jaroslaw-herbert-phd-assistant-professor\/\",\"name\":\"Mgr. Jaros\u0142aw Herbert, Ph.D., Assistant Professor - \u00dastav telesnej v\u00fdchovy a \u0161portu | UPJ\u0160\",\"isPartOf\":{\"@id\":\"https:\/\/www.upjs.sk\/pracoviska\/ustav-telesnej-vychovy\/en\/#website\"},\"datePublished\":\"2026-04-14T19:11:34+00:00\",\"dateModified\":\"2026-04-14T19:31:40+00:00\",\"breadcrumb\":{\"@id\":\"https:\/\/www.upjs.sk\/pracoviska\/ustav-telesnej-vychovy\/en\/conference-2026\/information-2\/prednasajuci-3-mgr-jaroslaw-herbert-phd-assistant-professor\/#breadcrumb\"},\"inLanguage\":\"en-US\",\"potentialAction\":[{\"@type\":\"ReadAction\",\"target\":[\"https:\/\/www.upjs.sk\/pracoviska\/ustav-telesnej-vychovy\/en\/conference-2026\/information-2\/prednasajuci-3-mgr-jaroslaw-herbert-phd-assistant-professor\/\"]}]},{\"@type\":\"BreadcrumbList\",\"@id\":\"https:\/\/www.upjs.sk\/pracoviska\/ustav-telesnej-vychovy\/en\/conference-2026\/information-2\/prednasajuci-3-mgr-jaroslaw-herbert-phd-assistant-professor\/#breadcrumb\",\"itemListElement\":[{\"@type\":\"ListItem\",\"position\":1,\"name\":\"Home\",\"item\":\"https:\/\/www.upjs.sk\/pracoviska\/ustav-telesnej-vychovy\/en\/\"},{\"@type\":\"ListItem\",\"position\":2,\"name\":\"Mgr. Jaros\u0142aw Herbert, Ph.D., Assistant Professor\"}]},{\"@type\":\"WebSite\",\"@id\":\"https:\/\/www.upjs.sk\/pracoviska\/ustav-telesnej-vychovy\/en\/#website\",\"url\":\"https:\/\/www.upjs.sk\/pracoviska\/ustav-telesnej-vychovy\/en\/\",\"name\":\"\u00dastav telesnej v\u00fdchovy a \u0161portu | UPJ\u0160\",\"description\":\"\",\"publisher\":{\"@id\":\"https:\/\/www.upjs.sk\/pracoviska\/ustav-telesnej-vychovy\/en\/#organization\"},\"potentialAction\":[{\"@type\":\"SearchAction\",\"target\":{\"@type\":\"EntryPoint\",\"urlTemplate\":\"https:\/\/www.upjs.sk\/pracoviska\/ustav-telesnej-vychovy\/en\/?s={search_term_string}\"},\"query-input\":{\"@type\":\"PropertyValueSpecification\",\"valueRequired\":true,\"valueName\":\"search_term_string\"}}],\"inLanguage\":\"en-US\"},{\"@type\":\"Organization\",\"@id\":\"https:\/\/www.upjs.sk\/pracoviska\/ustav-telesnej-vychovy\/en\/#organization\",\"name\":\"\u00dastav telesnej v\u00fdchovy a \u0161portu | UPJ\u0160\",\"url\":\"https:\/\/www.upjs.sk\/pracoviska\/ustav-telesnej-vychovy\/en\/\",\"logo\":{\"@type\":\"ImageObject\",\"inLanguage\":\"en-US\",\"@id\":\"https:\/\/www.upjs.sk\/pracoviska\/ustav-telesnej-vychovy\/en\/#\/schema\/logo\/image\/\",\"url\":\"https:\/\/www.upjs.sk\/app\/uploads\/sites\/14\/2023\/01\/UTVS_ENG.svg\",\"contentUrl\":\"https:\/\/www.upjs.sk\/app\/uploads\/sites\/14\/2023\/01\/UTVS_ENG.svg\",\"width\":500,\"height\":138,\"caption\":\"\u00dastav telesnej v\u00fdchovy a \u0161portu | UPJ\u0160\"},\"image\":{\"@id\":\"https:\/\/www.upjs.sk\/pracoviska\/ustav-telesnej-vychovy\/en\/#\/schema\/logo\/image\/\"}}]}<\/script>\n<!-- \/ Yoast SEO plugin. -->","yoast_head_json":{"title":"Mgr. Jaros\u0142aw Herbert, Ph.D., Assistant Professor - \u00dastav telesnej v\u00fdchovy a \u0161portu | UPJ\u0160","robots":{"index":"index","follow":"follow","max-snippet":"max-snippet:-1","max-image-preview":"max-image-preview:large","max-video-preview":"max-video-preview:-1"},"canonical":"https:\/\/www.upjs.sk\/pracoviska\/ustav-telesnej-vychovy\/en\/conference-2026\/information-2\/prednasajuci-3-mgr-jaroslaw-herbert-phd-assistant-professor\/","og_locale":"en_US","og_type":"article","og_title":"Mgr. Jaros\u0142aw Herbert, Ph.D., Assistant Professor - \u00dastav telesnej v\u00fdchovy a \u0161portu | UPJ\u0160","og_description":"Mgr. Jaros\u0142aw Herbert, Ph.D., Assistant Professor Institution:\u2022 University of Rzesz\u00f3w, Faculty of Physical Culture Sciences, Poland ORCID:0000-0003-0434-6263 Lecture topic:Exercise as the first medicine \u2013 why should physical activity precede pharmacotherapy from an early age? Professional profile:Jaros\u0142aw Herbert is a researcher specializing in physical activity, healthy lifestyles, and the objective measurement of movement (accelerometry), with a &hellip; Continued","og_url":"https:\/\/www.upjs.sk\/pracoviska\/ustav-telesnej-vychovy\/en\/conference-2026\/information-2\/prednasajuci-3-mgr-jaroslaw-herbert-phd-assistant-professor\/","og_site_name":"\u00dastav telesnej v\u00fdchovy a \u0161portu | UPJ\u0160","article_modified_time":"2026-04-14T19:31:40+00:00","twitter_card":"summary_large_image","twitter_misc":{"Est. reading time":"2 minutes"},"schema":{"@context":"https:\/\/schema.org","@graph":[{"@type":"WebPage","@id":"https:\/\/www.upjs.sk\/pracoviska\/ustav-telesnej-vychovy\/en\/conference-2026\/information-2\/prednasajuci-3-mgr-jaroslaw-herbert-phd-assistant-professor\/","url":"https:\/\/www.upjs.sk\/pracoviska\/ustav-telesnej-vychovy\/en\/conference-2026\/information-2\/prednasajuci-3-mgr-jaroslaw-herbert-phd-assistant-professor\/","name":"Mgr. Jaros\u0142aw Herbert, Ph.D., Assistant Professor - \u00dastav telesnej v\u00fdchovy a \u0161portu | UPJ\u0160","isPartOf":{"@id":"https:\/\/www.upjs.sk\/pracoviska\/ustav-telesnej-vychovy\/en\/#website"},"datePublished":"2026-04-14T19:11:34+00:00","dateModified":"2026-04-14T19:31:40+00:00","breadcrumb":{"@id":"https:\/\/www.upjs.sk\/pracoviska\/ustav-telesnej-vychovy\/en\/conference-2026\/information-2\/prednasajuci-3-mgr-jaroslaw-herbert-phd-assistant-professor\/#breadcrumb"},"inLanguage":"en-US","potentialAction":[{"@type":"ReadAction","target":["https:\/\/www.upjs.sk\/pracoviska\/ustav-telesnej-vychovy\/en\/conference-2026\/information-2\/prednasajuci-3-mgr-jaroslaw-herbert-phd-assistant-professor\/"]}]},{"@type":"BreadcrumbList","@id":"https:\/\/www.upjs.sk\/pracoviska\/ustav-telesnej-vychovy\/en\/conference-2026\/information-2\/prednasajuci-3-mgr-jaroslaw-herbert-phd-assistant-professor\/#breadcrumb","itemListElement":[{"@type":"ListItem","position":1,"name":"Home","item":"https:\/\/www.upjs.sk\/pracoviska\/ustav-telesnej-vychovy\/en\/"},{"@type":"ListItem","position":2,"name":"Mgr. Jaros\u0142aw Herbert, Ph.D., Assistant Professor"}]},{"@type":"WebSite","@id":"https:\/\/www.upjs.sk\/pracoviska\/ustav-telesnej-vychovy\/en\/#website","url":"https:\/\/www.upjs.sk\/pracoviska\/ustav-telesnej-vychovy\/en\/","name":"\u00dastav telesnej v\u00fdchovy a \u0161portu | UPJ\u0160","description":"","publisher":{"@id":"https:\/\/www.upjs.sk\/pracoviska\/ustav-telesnej-vychovy\/en\/#organization"},"potentialAction":[{"@type":"SearchAction","target":{"@type":"EntryPoint","urlTemplate":"https:\/\/www.upjs.sk\/pracoviska\/ustav-telesnej-vychovy\/en\/?s={search_term_string}"},"query-input":{"@type":"PropertyValueSpecification","valueRequired":true,"valueName":"search_term_string"}}],"inLanguage":"en-US"},{"@type":"Organization","@id":"https:\/\/www.upjs.sk\/pracoviska\/ustav-telesnej-vychovy\/en\/#organization","name":"\u00dastav telesnej v\u00fdchovy a \u0161portu | UPJ\u0160","url":"https:\/\/www.upjs.sk\/pracoviska\/ustav-telesnej-vychovy\/en\/","logo":{"@type":"ImageObject","inLanguage":"en-US","@id":"https:\/\/www.upjs.sk\/pracoviska\/ustav-telesnej-vychovy\/en\/#\/schema\/logo\/image\/","url":"https:\/\/www.upjs.sk\/app\/uploads\/sites\/14\/2023\/01\/UTVS_ENG.svg","contentUrl":"https:\/\/www.upjs.sk\/app\/uploads\/sites\/14\/2023\/01\/UTVS_ENG.svg","width":500,"height":138,"caption":"\u00dastav telesnej v\u00fdchovy a \u0161portu | UPJ\u0160"},"image":{"@id":"https:\/\/www.upjs.sk\/pracoviska\/ustav-telesnej-vychovy\/en\/#\/schema\/logo\/image\/"}}]}},"_links":{"self":[{"href":"https:\/\/www.upjs.sk\/pracoviska\/ustav-telesnej-vychovy\/en\/wp-json\/wp\/v2\/pages\/23922","targetHints":{"allow":["GET"]}}],"collection":[{"href":"https:\/\/www.upjs.sk\/pracoviska\/ustav-telesnej-vychovy\/en\/wp-json\/wp\/v2\/pages"}],"about":[{"href":"https:\/\/www.upjs.sk\/pracoviska\/ustav-telesnej-vychovy\/en\/wp-json\/wp\/v2\/types\/page"}],"author":[{"embeddable":true,"href":"https:\/\/www.upjs.sk\/pracoviska\/ustav-telesnej-vychovy\/en\/wp-json\/wp\/v2\/users\/16"}],"replies":[{"embeddable":true,"href":"https:\/\/www.upjs.sk\/pracoviska\/ustav-telesnej-vychovy\/en\/wp-json\/wp\/v2\/comments?post=23922"}],"version-history":[{"count":1,"href":"https:\/\/www.upjs.sk\/pracoviska\/ustav-telesnej-vychovy\/en\/wp-json\/wp\/v2\/pages\/23922\/revisions"}],"predecessor-version":[{"id":23938,"href":"https:\/\/www.upjs.sk\/pracoviska\/ustav-telesnej-vychovy\/en\/wp-json\/wp\/v2\/pages\/23922\/revisions\/23938"}],"up":[{"embeddable":true,"href":"https:\/\/www.upjs.sk\/pracoviska\/ustav-telesnej-vychovy\/en\/wp-json\/wp\/v2\/pages\/23479"}],"wp:attachment":[{"href":"https:\/\/www.upjs.sk\/pracoviska\/ustav-telesnej-vychovy\/en\/wp-json\/wp\/v2\/media?parent=23922"}],"wp:term":[{"taxonomy":"category","embeddable":true,"href":"https:\/\/www.upjs.sk\/pracoviska\/ustav-telesnej-vychovy\/en\/wp-json\/wp\/v2\/categories?post=23922"},{"taxonomy":"post_tag","embeddable":true,"href":"https:\/\/www.upjs.sk\/pracoviska\/ustav-telesnej-vychovy\/en\/wp-json\/wp\/v2\/tags?post=23922"}],"curies":[{"name":"wp","href":"https:\/\/api.w.org\/{rel}","templated":true}]}}