{"id":13333,"date":"2022-05-10T20:11:51","date_gmt":"2022-05-10T20:11:51","guid":{"rendered":"https:\/\/www.upjs.sk\/pracoviska\/ustav-telesnej-vychovy\/cassovia-open-2022\/"},"modified":"2023-12-14T10:08:57","modified_gmt":"2023-12-14T09:08:57","slug":"cassovia-open-2022","status":"publish","type":"page","link":"https:\/\/www.upjs.sk\/pracoviska\/ustav-telesnej-vychovy\/verejnost\/tj-slavia-upjs-kosice\/cassovia-open-2022\/","title":{"rendered":"Medzin\u00e1rodn\u00fd turnaj v taekwonde \u2013 CASSOVIA OPEN 2022"},"content":{"rendered":"\n<p>&nbsp;&nbsp;&nbsp;&nbsp;&nbsp;&nbsp; Koryo Taekwondo klub UPJ\u0160 Ko\u0161ice usporiadal 7. m\u00e1ja 2022 u\u017e IX. ro\u010dn\u00edk Medzin\u00e1rodn\u00e9ho turnaja v taekwonde za \u00fa\u010dasti 5 kraj\u00edn \u2013 \u0160panielsko, Ukrajina, Po\u013esko, Ma\u010farsko a Slovensko.<br>Medzi akt\u00edvnymi \u00fa\u010dastn\u00edkmi, ktor\u00fdch po\u010det bol okolo 200, boli deti od 4 rokov a\u017e po viacer\u00fdch reprezentantov svojich kraj\u00edn. V\u00e1\u017enos\u0165 tohto turnaja potvrdila aj \u00fa\u010das\u0165 prim\u00e1tora mesta Ko\u0161\u00edc Jaroslava Pola\u010deka, ktor\u00fd s\u00fa\u0165a\u017e sl\u00e1vnostne otvoril.<br>&nbsp;&nbsp;&nbsp;&nbsp;&nbsp; Turnaj bol organiza\u010dne a aj spolo\u010densky v\u00fdborne zorganizovan\u00fd v\u010faka obetav\u00fdm dobrovo\u013en\u00edkom a v\u00fdborne riaden\u00fd kvalifikovan\u00fdmi rozhodcami zo Slovenska a zahrani\u010dia. Na \u010dele t\u00fdchto nad\u0161encov st\u00e1l predseda klubu Koryo Taekwondo UPJ\u0160 Ko\u0161ice Mgr. M\u00e1rio \u0160vec, ktor\u00fd je z\u00e1rove\u0148 aj klubov\u00fdm tr\u00e9nerom.<br>&nbsp;&nbsp;&nbsp;&nbsp;&nbsp; Te\u0161i\u0165 n\u00e1s m\u00f4\u017ee \u00fa\u010das\u0165 \u0161pi\u010dkov\u00fdch \u0161portovcov n\u00e1\u0161ho klubu \u2013 Gabriely Bri\u0161k\u00e1rovej, ktor\u00e1 je zaraden\u00e1 v Slovenskom olympijskom TOP t\u00edme a spolu s Miroslavom Frgolcom s\u00fa zaraden\u00ed aj v podpore N\u00e1rodn\u00e9ho \u0161portov\u00e9ho centra.<\/p>\n","protected":false},"excerpt":{"rendered":"<p>&nbsp;&nbsp;&nbsp;&nbsp;&nbsp;&nbsp; Koryo Taekwondo klub UPJ\u0160 Ko\u0161ice usporiadal 7. m\u00e1ja 2022 u\u017e IX. ro\u010dn\u00edk Medzin\u00e1rodn\u00e9ho turnaja v taekwonde za \u00fa\u010dasti 5 kraj\u00edn \u2013 \u0160panielsko, Ukrajina, Po\u013esko, Ma\u010farsko a Slovensko.Medzi akt\u00edvnymi \u00fa\u010dastn\u00edkmi, ktor\u00fdch po\u010det bol okolo 200, boli deti od 4 rokov a\u017e po viacer\u00fdch reprezentantov svojich kraj\u00edn. V\u00e1\u017enos\u0165 tohto turnaja potvrdila aj \u00fa\u010das\u0165 prim\u00e1tora mesta Ko\u0161\u00edc &hellip; <a href=\"https:\/\/www.upjs.sk\/pracoviska\/ustav-telesnej-vychovy\/verejnost\/tj-slavia-upjs-kosice\/cassovia-open-2022\/\">\u010c\u00edta\u0165 \u010falej<\/a><\/p>\n","protected":false},"author":1,"featured_media":13334,"parent":13468,"menu_order":0,"comment_status":"closed","ping_status":"closed","template":"","meta":{"_acf_changed":false,"_editorskit_title_hidden":false,"_editorskit_reading_time":0,"_editorskit_is_block_options_detached":false,"_editorskit_block_options_position":"{}","footnotes":""},"categories":[],"tags":[],"class_list":["post-13333","page","type-page","status-publish","has-post-thumbnail","hentry"],"acf":{"acf_link_na_externy_obsah":""},"yoast_head":"<!-- This site is optimized with the Yoast SEO plugin v27.4 - https:\/\/yoast.com\/product\/yoast-seo-wordpress\/ -->\n<title>Medzin\u00e1rodn\u00fd turnaj v taekwonde \u2013 CASSOVIA OPEN 2022 - \u00dastav telesnej v\u00fdchovy a \u0161portu | UPJ\u0160<\/title>\n<meta name=\"robots\" content=\"index, follow, max-snippet:-1, max-image-preview:large, max-video-preview:-1\" \/>\n<link rel=\"canonical\" href=\"https:\/\/www.upjs.sk\/pracoviska\/ustav-telesnej-vychovy\/verejnost\/tj-slavia-upjs-kosice\/cassovia-open-2022\/\" \/>\n<meta property=\"og:locale\" content=\"sk_SK\" \/>\n<meta property=\"og:type\" content=\"article\" \/>\n<meta property=\"og:title\" content=\"Medzin\u00e1rodn\u00fd turnaj v taekwonde \u2013 CASSOVIA OPEN 2022 - \u00dastav telesnej v\u00fdchovy a \u0161portu | UPJ\u0160\" \/>\n<meta property=\"og:description\" content=\"&nbsp;&nbsp;&nbsp;&nbsp;&nbsp;&nbsp; Koryo Taekwondo klub UPJ\u0160 Ko\u0161ice usporiadal 7. m\u00e1ja 2022 u\u017e IX. ro\u010dn\u00edk Medzin\u00e1rodn\u00e9ho turnaja v taekwonde za \u00fa\u010dasti 5 kraj\u00edn \u2013 \u0160panielsko, Ukrajina, Po\u013esko, Ma\u010farsko a Slovensko.Medzi akt\u00edvnymi \u00fa\u010dastn\u00edkmi, ktor\u00fdch po\u010det bol okolo 200, boli deti od 4 rokov a\u017e po viacer\u00fdch reprezentantov svojich kraj\u00edn. V\u00e1\u017enos\u0165 tohto turnaja potvrdila aj \u00fa\u010das\u0165 prim\u00e1tora mesta Ko\u0161\u00edc &hellip; \u010c\u00edta\u0165 \u010falej\" \/>\n<meta property=\"og:url\" content=\"https:\/\/www.upjs.sk\/pracoviska\/ustav-telesnej-vychovy\/verejnost\/tj-slavia-upjs-kosice\/cassovia-open-2022\/\" \/>\n<meta property=\"og:site_name\" content=\"\u00dastav telesnej v\u00fdchovy a \u0161portu | UPJ\u0160\" \/>\n<meta property=\"article:modified_time\" content=\"2023-12-14T09:08:57+00:00\" \/>\n<meta property=\"og:image\" content=\"https:\/\/www.upjs.sk\/app\/uploads\/sites\/14\/2022\/10\/CassoviaOpen2022a.jpg\" \/>\n\t<meta property=\"og:image:width\" content=\"600\" \/>\n\t<meta property=\"og:image:height\" content=\"450\" \/>\n\t<meta property=\"og:image:type\" content=\"image\/jpeg\" \/>\n<meta name=\"twitter:card\" content=\"summary_large_image\" \/>\n<meta name=\"twitter:label1\" content=\"Predpokladan\u00fd \u010das \u010d\u00edtania\" \/>\n\t<meta name=\"twitter:data1\" content=\"1 min\u00fata\" \/>\n<script type=\"application\/ld+json\" class=\"yoast-schema-graph\">{\"@context\":\"https:\\\/\\\/schema.org\",\"@graph\":[{\"@type\":\"WebPage\",\"@id\":\"https:\\\/\\\/www.upjs.sk\\\/pracoviska\\\/ustav-telesnej-vychovy\\\/verejnost\\\/tj-slavia-upjs-kosice\\\/cassovia-open-2022\\\/\",\"url\":\"https:\\\/\\\/www.upjs.sk\\\/pracoviska\\\/ustav-telesnej-vychovy\\\/verejnost\\\/tj-slavia-upjs-kosice\\\/cassovia-open-2022\\\/\",\"name\":\"Medzin\u00e1rodn\u00fd turnaj v taekwonde \u2013 CASSOVIA OPEN 2022 - \u00dastav telesnej v\u00fdchovy a \u0161portu | UPJ\u0160\",\"isPartOf\":{\"@id\":\"https:\\\/\\\/www.upjs.sk\\\/pracoviska\\\/ustav-telesnej-vychovy\\\/#website\"},\"primaryImageOfPage\":{\"@id\":\"https:\\\/\\\/www.upjs.sk\\\/pracoviska\\\/ustav-telesnej-vychovy\\\/verejnost\\\/tj-slavia-upjs-kosice\\\/cassovia-open-2022\\\/#primaryimage\"},\"image\":{\"@id\":\"https:\\\/\\\/www.upjs.sk\\\/pracoviska\\\/ustav-telesnej-vychovy\\\/verejnost\\\/tj-slavia-upjs-kosice\\\/cassovia-open-2022\\\/#primaryimage\"},\"thumbnailUrl\":\"https:\\\/\\\/www.upjs.sk\\\/app\\\/uploads\\\/sites\\\/14\\\/2022\\\/10\\\/CassoviaOpen2022a.jpg\",\"datePublished\":\"2022-05-10T20:11:51+00:00\",\"dateModified\":\"2023-12-14T09:08:57+00:00\",\"breadcrumb\":{\"@id\":\"https:\\\/\\\/www.upjs.sk\\\/pracoviska\\\/ustav-telesnej-vychovy\\\/verejnost\\\/tj-slavia-upjs-kosice\\\/cassovia-open-2022\\\/#breadcrumb\"},\"inLanguage\":\"sk-SK\",\"potentialAction\":[{\"@type\":\"ReadAction\",\"target\":[\"https:\\\/\\\/www.upjs.sk\\\/pracoviska\\\/ustav-telesnej-vychovy\\\/verejnost\\\/tj-slavia-upjs-kosice\\\/cassovia-open-2022\\\/\"]}]},{\"@type\":\"ImageObject\",\"inLanguage\":\"sk-SK\",\"@id\":\"https:\\\/\\\/www.upjs.sk\\\/pracoviska\\\/ustav-telesnej-vychovy\\\/verejnost\\\/tj-slavia-upjs-kosice\\\/cassovia-open-2022\\\/#primaryimage\",\"url\":\"https:\\\/\\\/www.upjs.sk\\\/app\\\/uploads\\\/sites\\\/14\\\/2022\\\/10\\\/CassoviaOpen2022a.jpg\",\"contentUrl\":\"https:\\\/\\\/www.upjs.sk\\\/app\\\/uploads\\\/sites\\\/14\\\/2022\\\/10\\\/CassoviaOpen2022a.jpg\",\"width\":600,\"height\":450,\"caption\":\"cassovia-open-2022\"},{\"@type\":\"BreadcrumbList\",\"@id\":\"https:\\\/\\\/www.upjs.sk\\\/pracoviska\\\/ustav-telesnej-vychovy\\\/verejnost\\\/tj-slavia-upjs-kosice\\\/cassovia-open-2022\\\/#breadcrumb\",\"itemListElement\":[{\"@type\":\"ListItem\",\"position\":1,\"name\":\"Home\",\"item\":\"https:\\\/\\\/www.upjs.sk\\\/pracoviska\\\/ustav-telesnej-vychovy\\\/\"},{\"@type\":\"ListItem\",\"position\":2,\"name\":\"Inform\u00e1cie pre verejnos\u0165 a m\u00e9di\u00e1\",\"item\":\"https:\\\/\\\/www.upjs.sk\\\/pracoviska\\\/ustav-telesnej-vychovy\\\/verejnost\\\/\"},{\"@type\":\"ListItem\",\"position\":3,\"name\":\"Telov\u00fdchovn\u00e1 jednota Sl\u00e1via UPJ\u0160 Ko\u0161ice\",\"item\":\"https:\\\/\\\/www.upjs.sk\\\/pracoviska\\\/ustav-telesnej-vychovy\\\/verejnost\\\/tj-slavia-upjs-kosice\\\/\"},{\"@type\":\"ListItem\",\"position\":4,\"name\":\"Medzin\u00e1rodn\u00fd turnaj v taekwonde \u2013 CASSOVIA OPEN 2022\"}]},{\"@type\":\"WebSite\",\"@id\":\"https:\\\/\\\/www.upjs.sk\\\/pracoviska\\\/ustav-telesnej-vychovy\\\/#website\",\"url\":\"https:\\\/\\\/www.upjs.sk\\\/pracoviska\\\/ustav-telesnej-vychovy\\\/\",\"name\":\"\u00dastav telesnej v\u00fdchovy a \u0161portu | UPJ\u0160\",\"description\":\"\",\"publisher\":{\"@id\":\"https:\\\/\\\/www.upjs.sk\\\/pracoviska\\\/ustav-telesnej-vychovy\\\/#organization\"},\"potentialAction\":[{\"@type\":\"SearchAction\",\"target\":{\"@type\":\"EntryPoint\",\"urlTemplate\":\"https:\\\/\\\/www.upjs.sk\\\/pracoviska\\\/ustav-telesnej-vychovy\\\/?s={search_term_string}\"},\"query-input\":{\"@type\":\"PropertyValueSpecification\",\"valueRequired\":true,\"valueName\":\"search_term_string\"}}],\"inLanguage\":\"sk-SK\"},{\"@type\":\"Organization\",\"@id\":\"https:\\\/\\\/www.upjs.sk\\\/pracoviska\\\/ustav-telesnej-vychovy\\\/#organization\",\"name\":\"\u00dastav telesnej v\u00fdchovy a \u0161portu | UPJ\u0160\",\"url\":\"https:\\\/\\\/www.upjs.sk\\\/pracoviska\\\/ustav-telesnej-vychovy\\\/\",\"logo\":{\"@type\":\"ImageObject\",\"inLanguage\":\"sk-SK\",\"@id\":\"https:\\\/\\\/www.upjs.sk\\\/pracoviska\\\/ustav-telesnej-vychovy\\\/#\\\/schema\\\/logo\\\/image\\\/\",\"url\":\"https:\\\/\\\/www.upjs.sk\\\/app\\\/uploads\\\/sites\\\/14\\\/2023\\\/01\\\/UTVS.svg\",\"contentUrl\":\"https:\\\/\\\/www.upjs.sk\\\/app\\\/uploads\\\/sites\\\/14\\\/2023\\\/01\\\/UTVS.svg\",\"width\":500,\"height\":138,\"caption\":\"\u00dastav telesnej v\u00fdchovy a \u0161portu | UPJ\u0160\"},\"image\":{\"@id\":\"https:\\\/\\\/www.upjs.sk\\\/pracoviska\\\/ustav-telesnej-vychovy\\\/#\\\/schema\\\/logo\\\/image\\\/\"}}]}<\/script>\n<!-- \/ Yoast SEO plugin. -->","yoast_head_json":{"title":"Medzin\u00e1rodn\u00fd turnaj v taekwonde \u2013 CASSOVIA OPEN 2022 - \u00dastav telesnej v\u00fdchovy a \u0161portu | UPJ\u0160","robots":{"index":"index","follow":"follow","max-snippet":"max-snippet:-1","max-image-preview":"max-image-preview:large","max-video-preview":"max-video-preview:-1"},"canonical":"https:\/\/www.upjs.sk\/pracoviska\/ustav-telesnej-vychovy\/verejnost\/tj-slavia-upjs-kosice\/cassovia-open-2022\/","og_locale":"sk_SK","og_type":"article","og_title":"Medzin\u00e1rodn\u00fd turnaj v taekwonde \u2013 CASSOVIA OPEN 2022 - \u00dastav telesnej v\u00fdchovy a \u0161portu | UPJ\u0160","og_description":"&nbsp;&nbsp;&nbsp;&nbsp;&nbsp;&nbsp; Koryo Taekwondo klub UPJ\u0160 Ko\u0161ice usporiadal 7. m\u00e1ja 2022 u\u017e IX. ro\u010dn\u00edk Medzin\u00e1rodn\u00e9ho turnaja v taekwonde za \u00fa\u010dasti 5 kraj\u00edn \u2013 \u0160panielsko, Ukrajina, Po\u013esko, Ma\u010farsko a Slovensko.Medzi akt\u00edvnymi \u00fa\u010dastn\u00edkmi, ktor\u00fdch po\u010det bol okolo 200, boli deti od 4 rokov a\u017e po viacer\u00fdch reprezentantov svojich kraj\u00edn. V\u00e1\u017enos\u0165 tohto turnaja potvrdila aj \u00fa\u010das\u0165 prim\u00e1tora mesta Ko\u0161\u00edc &hellip; \u010c\u00edta\u0165 \u010falej","og_url":"https:\/\/www.upjs.sk\/pracoviska\/ustav-telesnej-vychovy\/verejnost\/tj-slavia-upjs-kosice\/cassovia-open-2022\/","og_site_name":"\u00dastav telesnej v\u00fdchovy a \u0161portu | UPJ\u0160","article_modified_time":"2023-12-14T09:08:57+00:00","og_image":[{"width":600,"height":450,"url":"https:\/\/www.upjs.sk\/app\/uploads\/sites\/14\/2022\/10\/CassoviaOpen2022a.jpg","type":"image\/jpeg"}],"twitter_card":"summary_large_image","twitter_misc":{"Predpokladan\u00fd \u010das \u010d\u00edtania":"1 min\u00fata"},"schema":{"@context":"https:\/\/schema.org","@graph":[{"@type":"WebPage","@id":"https:\/\/www.upjs.sk\/pracoviska\/ustav-telesnej-vychovy\/verejnost\/tj-slavia-upjs-kosice\/cassovia-open-2022\/","url":"https:\/\/www.upjs.sk\/pracoviska\/ustav-telesnej-vychovy\/verejnost\/tj-slavia-upjs-kosice\/cassovia-open-2022\/","name":"Medzin\u00e1rodn\u00fd turnaj v taekwonde \u2013 CASSOVIA OPEN 2022 - \u00dastav telesnej v\u00fdchovy a \u0161portu | UPJ\u0160","isPartOf":{"@id":"https:\/\/www.upjs.sk\/pracoviska\/ustav-telesnej-vychovy\/#website"},"primaryImageOfPage":{"@id":"https:\/\/www.upjs.sk\/pracoviska\/ustav-telesnej-vychovy\/verejnost\/tj-slavia-upjs-kosice\/cassovia-open-2022\/#primaryimage"},"image":{"@id":"https:\/\/www.upjs.sk\/pracoviska\/ustav-telesnej-vychovy\/verejnost\/tj-slavia-upjs-kosice\/cassovia-open-2022\/#primaryimage"},"thumbnailUrl":"https:\/\/www.upjs.sk\/app\/uploads\/sites\/14\/2022\/10\/CassoviaOpen2022a.jpg","datePublished":"2022-05-10T20:11:51+00:00","dateModified":"2023-12-14T09:08:57+00:00","breadcrumb":{"@id":"https:\/\/www.upjs.sk\/pracoviska\/ustav-telesnej-vychovy\/verejnost\/tj-slavia-upjs-kosice\/cassovia-open-2022\/#breadcrumb"},"inLanguage":"sk-SK","potentialAction":[{"@type":"ReadAction","target":["https:\/\/www.upjs.sk\/pracoviska\/ustav-telesnej-vychovy\/verejnost\/tj-slavia-upjs-kosice\/cassovia-open-2022\/"]}]},{"@type":"ImageObject","inLanguage":"sk-SK","@id":"https:\/\/www.upjs.sk\/pracoviska\/ustav-telesnej-vychovy\/verejnost\/tj-slavia-upjs-kosice\/cassovia-open-2022\/#primaryimage","url":"https:\/\/www.upjs.sk\/app\/uploads\/sites\/14\/2022\/10\/CassoviaOpen2022a.jpg","contentUrl":"https:\/\/www.upjs.sk\/app\/uploads\/sites\/14\/2022\/10\/CassoviaOpen2022a.jpg","width":600,"height":450,"caption":"cassovia-open-2022"},{"@type":"BreadcrumbList","@id":"https:\/\/www.upjs.sk\/pracoviska\/ustav-telesnej-vychovy\/verejnost\/tj-slavia-upjs-kosice\/cassovia-open-2022\/#breadcrumb","itemListElement":[{"@type":"ListItem","position":1,"name":"Home","item":"https:\/\/www.upjs.sk\/pracoviska\/ustav-telesnej-vychovy\/"},{"@type":"ListItem","position":2,"name":"Inform\u00e1cie pre verejnos\u0165 a m\u00e9di\u00e1","item":"https:\/\/www.upjs.sk\/pracoviska\/ustav-telesnej-vychovy\/verejnost\/"},{"@type":"ListItem","position":3,"name":"Telov\u00fdchovn\u00e1 jednota Sl\u00e1via UPJ\u0160 Ko\u0161ice","item":"https:\/\/www.upjs.sk\/pracoviska\/ustav-telesnej-vychovy\/verejnost\/tj-slavia-upjs-kosice\/"},{"@type":"ListItem","position":4,"name":"Medzin\u00e1rodn\u00fd turnaj v taekwonde \u2013 CASSOVIA OPEN 2022"}]},{"@type":"WebSite","@id":"https:\/\/www.upjs.sk\/pracoviska\/ustav-telesnej-vychovy\/#website","url":"https:\/\/www.upjs.sk\/pracoviska\/ustav-telesnej-vychovy\/","name":"\u00dastav telesnej v\u00fdchovy a \u0161portu | UPJ\u0160","description":"","publisher":{"@id":"https:\/\/www.upjs.sk\/pracoviska\/ustav-telesnej-vychovy\/#organization"},"potentialAction":[{"@type":"SearchAction","target":{"@type":"EntryPoint","urlTemplate":"https:\/\/www.upjs.sk\/pracoviska\/ustav-telesnej-vychovy\/?s={search_term_string}"},"query-input":{"@type":"PropertyValueSpecification","valueRequired":true,"valueName":"search_term_string"}}],"inLanguage":"sk-SK"},{"@type":"Organization","@id":"https:\/\/www.upjs.sk\/pracoviska\/ustav-telesnej-vychovy\/#organization","name":"\u00dastav telesnej v\u00fdchovy a \u0161portu | UPJ\u0160","url":"https:\/\/www.upjs.sk\/pracoviska\/ustav-telesnej-vychovy\/","logo":{"@type":"ImageObject","inLanguage":"sk-SK","@id":"https:\/\/www.upjs.sk\/pracoviska\/ustav-telesnej-vychovy\/#\/schema\/logo\/image\/","url":"https:\/\/www.upjs.sk\/app\/uploads\/sites\/14\/2023\/01\/UTVS.svg","contentUrl":"https:\/\/www.upjs.sk\/app\/uploads\/sites\/14\/2023\/01\/UTVS.svg","width":500,"height":138,"caption":"\u00dastav telesnej v\u00fdchovy a \u0161portu | UPJ\u0160"},"image":{"@id":"https:\/\/www.upjs.sk\/pracoviska\/ustav-telesnej-vychovy\/#\/schema\/logo\/image\/"}}]}},"_links":{"self":[{"href":"https:\/\/www.upjs.sk\/pracoviska\/ustav-telesnej-vychovy\/wp-json\/wp\/v2\/pages\/13333","targetHints":{"allow":["GET"]}}],"collection":[{"href":"https:\/\/www.upjs.sk\/pracoviska\/ustav-telesnej-vychovy\/wp-json\/wp\/v2\/pages"}],"about":[{"href":"https:\/\/www.upjs.sk\/pracoviska\/ustav-telesnej-vychovy\/wp-json\/wp\/v2\/types\/page"}],"author":[{"embeddable":true,"href":"https:\/\/www.upjs.sk\/pracoviska\/ustav-telesnej-vychovy\/wp-json\/wp\/v2\/users\/1"}],"replies":[{"embeddable":true,"href":"https:\/\/www.upjs.sk\/pracoviska\/ustav-telesnej-vychovy\/wp-json\/wp\/v2\/comments?post=13333"}],"version-history":[{"count":3,"href":"https:\/\/www.upjs.sk\/pracoviska\/ustav-telesnej-vychovy\/wp-json\/wp\/v2\/pages\/13333\/revisions"}],"predecessor-version":[{"id":20519,"href":"https:\/\/www.upjs.sk\/pracoviska\/ustav-telesnej-vychovy\/wp-json\/wp\/v2\/pages\/13333\/revisions\/20519"}],"up":[{"embeddable":true,"href":"https:\/\/www.upjs.sk\/pracoviska\/ustav-telesnej-vychovy\/wp-json\/wp\/v2\/pages\/13468"}],"wp:featuredmedia":[{"embeddable":true,"href":"https:\/\/www.upjs.sk\/pracoviska\/ustav-telesnej-vychovy\/wp-json\/wp\/v2\/media\/13334"}],"wp:attachment":[{"href":"https:\/\/www.upjs.sk\/pracoviska\/ustav-telesnej-vychovy\/wp-json\/wp\/v2\/media?parent=13333"}],"wp:term":[{"taxonomy":"category","embeddable":true,"href":"https:\/\/www.upjs.sk\/pracoviska\/ustav-telesnej-vychovy\/wp-json\/wp\/v2\/categories?post=13333"},{"taxonomy":"post_tag","embeddable":true,"href":"https:\/\/www.upjs.sk\/pracoviska\/ustav-telesnej-vychovy\/wp-json\/wp\/v2\/tags?post=13333"}],"curies":[{"name":"wp","href":"https:\/\/api.w.org\/{rel}","templated":true}]}}