{"id":13343,"date":"2022-05-10T19:48:26","date_gmt":"2022-05-10T19:48:26","guid":{"rendered":"https:\/\/www.upjs.sk\/pracoviska\/ustav-telesnej-vychovy\/referenti-fakult\/"},"modified":"2023-02-20T22:14:46","modified_gmt":"2023-02-20T21:14:46","slug":"referenti-fakult","status":"publish","type":"page","link":"https:\/\/www.upjs.sk\/pracoviska\/ustav-telesnej-vychovy\/o-nas-utvs\/referenti-fakult\/","title":{"rendered":"Referenti pre pr\u00edslu\u0161n\u00fa fakultu"},"content":{"rendered":"\n<figure class=\"wp-block-table aligncenter caption-align-center is-style-regular\"><table><thead><tr><th><strong>Referenti pre pr\u00edslu\u0161n\u00fa fakultu<\/strong><\/th><th><\/th><\/tr><\/thead><tbody><tr><td><strong>Lek\u00e1rska fakulta:<\/strong><\/td><td>Mgr. Ladislav Kru\u010danica, PhD.<br>e-mail: <a href=\"mailto:ladislav.krucanica@upjs.sk\">ladislav.krucanica@upjs.sk<\/a><br>tel.: 055 234 1629<\/td><\/tr><tr><td><strong>Pr\u00edrodovedeck\u00e1 fakulta:<\/strong><\/td><td>Mgr. Marcel \u010curgali<br>e-mail: <a href=\"mailto:marcel.curgali@upjs.sk\">marcel.curgali@upjs.sk<\/a><br>tel.: 055 234 1627<\/td><\/tr><tr><td><strong>Pr\u00e1vnick\u00e1 fakulta:<\/strong><\/td><td>Mgr. D\u00e1vid Ka\u0161ko, PhD.<br>e-mail: <a href=\"mailto:david.kasko@upjs.sk\">david.kasko@upjs.sk<\/a><br>tel.: 055 234 1627<\/td><\/tr><tr><td><strong>Fakulta verejnej spr\u00e1vy:<\/strong><\/td><td>Mgr. Patrik Berta<br>e-mail: <a href=\"mailto:patrik.berta@upjs.sk\">patrik.berta@upjs.sk<\/a><br>tel.: 055 234 1629<\/td><\/tr><tr><td><strong>Filozofick\u00e1 fakulta:<\/strong><\/td><td>Mgr. Agata Horbacz, PhD.<br>e-mail: <a href=\"mailto:agata.horbacz@upjs.sk\">agata.horbacz@upjs.sk<\/a><br>tel.: 055 234 1558<\/td><\/tr><\/tbody><\/table><\/figure>\n","protected":false},"excerpt":{"rendered":"<p>Referenti pre pr\u00edslu\u0161n\u00fa fakultu Lek\u00e1rska fakulta: Mgr. Ladislav Kru\u010danica, PhD.e-mail: ladislav.krucanica@upjs.sktel.: 055 234 1629 Pr\u00edrodovedeck\u00e1 fakulta: Mgr. Marcel \u010curgalie-mail: marcel.curgali@upjs.sktel.: 055 234 1627 Pr\u00e1vnick\u00e1 fakulta: Mgr. D\u00e1vid Ka\u0161ko, PhD.e-mail: david.kasko@upjs.sktel.: 055 234 1627 Fakulta verejnej spr\u00e1vy: Mgr. Patrik Bertae-mail: patrik.berta@upjs.sktel.: 055 234 1629 Filozofick\u00e1 fakulta: Mgr. Agata Horbacz, PhD.e-mail: agata.horbacz@upjs.sktel.: 055 234 1558<\/p>\n","protected":false},"author":1,"featured_media":0,"parent":13621,"menu_order":0,"comment_status":"closed","ping_status":"closed","template":"","meta":{"_acf_changed":false,"_editorskit_title_hidden":false,"_editorskit_reading_time":1,"_editorskit_is_block_options_detached":false,"_editorskit_block_options_position":"{}","footnotes":""},"categories":[],"tags":[],"class_list":["post-13343","page","type-page","status-publish","hentry"],"acf":{"acf_link_na_externy_obsah":""},"yoast_head":"<!-- This site is optimized with the Yoast SEO plugin v27.4 - https:\/\/yoast.com\/product\/yoast-seo-wordpress\/ -->\n<title>Referenti pre pr\u00edslu\u0161n\u00fa fakultu - \u00dastav telesnej v\u00fdchovy a \u0161portu | UPJ\u0160<\/title>\n<meta name=\"robots\" content=\"index, follow, max-snippet:-1, max-image-preview:large, max-video-preview:-1\" \/>\n<link rel=\"canonical\" href=\"https:\/\/www.upjs.sk\/pracoviska\/ustav-telesnej-vychovy\/o-nas-utvs\/referenti-fakult\/\" \/>\n<meta property=\"og:locale\" content=\"sk_SK\" \/>\n<meta property=\"og:type\" content=\"article\" \/>\n<meta property=\"og:title\" content=\"Referenti pre pr\u00edslu\u0161n\u00fa fakultu - \u00dastav telesnej v\u00fdchovy a \u0161portu | UPJ\u0160\" \/>\n<meta property=\"og:description\" content=\"Referenti pre pr\u00edslu\u0161n\u00fa fakultu Lek\u00e1rska fakulta: Mgr. Ladislav Kru\u010danica, PhD.e-mail: ladislav.krucanica@upjs.sktel.: 055 234 1629 Pr\u00edrodovedeck\u00e1 fakulta: Mgr. Marcel \u010curgalie-mail: marcel.curgali@upjs.sktel.: 055 234 1627 Pr\u00e1vnick\u00e1 fakulta: Mgr. D\u00e1vid Ka\u0161ko, PhD.e-mail: david.kasko@upjs.sktel.: 055 234 1627 Fakulta verejnej spr\u00e1vy: Mgr. Patrik Bertae-mail: patrik.berta@upjs.sktel.: 055 234 1629 Filozofick\u00e1 fakulta: Mgr. Agata Horbacz, PhD.e-mail: agata.horbacz@upjs.sktel.: 055 234 1558\" \/>\n<meta property=\"og:url\" content=\"https:\/\/www.upjs.sk\/pracoviska\/ustav-telesnej-vychovy\/o-nas-utvs\/referenti-fakult\/\" \/>\n<meta property=\"og:site_name\" content=\"\u00dastav telesnej v\u00fdchovy a \u0161portu | UPJ\u0160\" \/>\n<meta property=\"article:modified_time\" content=\"2023-02-20T21:14:46+00:00\" \/>\n<meta name=\"twitter:card\" content=\"summary_large_image\" \/>\n<meta name=\"twitter:label1\" content=\"Predpokladan\u00fd \u010das \u010d\u00edtania\" \/>\n\t<meta name=\"twitter:data1\" content=\"1 min\u00fata\" \/>\n<script type=\"application\/ld+json\" class=\"yoast-schema-graph\">{\"@context\":\"https:\\\/\\\/schema.org\",\"@graph\":[{\"@type\":\"WebPage\",\"@id\":\"https:\\\/\\\/www.upjs.sk\\\/pracoviska\\\/ustav-telesnej-vychovy\\\/o-nas-utvs\\\/referenti-fakult\\\/\",\"url\":\"https:\\\/\\\/www.upjs.sk\\\/pracoviska\\\/ustav-telesnej-vychovy\\\/o-nas-utvs\\\/referenti-fakult\\\/\",\"name\":\"Referenti pre pr\u00edslu\u0161n\u00fa fakultu - \u00dastav telesnej v\u00fdchovy a \u0161portu | UPJ\u0160\",\"isPartOf\":{\"@id\":\"https:\\\/\\\/www.upjs.sk\\\/pracoviska\\\/ustav-telesnej-vychovy\\\/#website\"},\"datePublished\":\"2022-05-10T19:48:26+00:00\",\"dateModified\":\"2023-02-20T21:14:46+00:00\",\"breadcrumb\":{\"@id\":\"https:\\\/\\\/www.upjs.sk\\\/pracoviska\\\/ustav-telesnej-vychovy\\\/o-nas-utvs\\\/referenti-fakult\\\/#breadcrumb\"},\"inLanguage\":\"sk-SK\",\"potentialAction\":[{\"@type\":\"ReadAction\",\"target\":[\"https:\\\/\\\/www.upjs.sk\\\/pracoviska\\\/ustav-telesnej-vychovy\\\/o-nas-utvs\\\/referenti-fakult\\\/\"]}]},{\"@type\":\"BreadcrumbList\",\"@id\":\"https:\\\/\\\/www.upjs.sk\\\/pracoviska\\\/ustav-telesnej-vychovy\\\/o-nas-utvs\\\/referenti-fakult\\\/#breadcrumb\",\"itemListElement\":[{\"@type\":\"ListItem\",\"position\":1,\"name\":\"Home\",\"item\":\"https:\\\/\\\/www.upjs.sk\\\/pracoviska\\\/ustav-telesnej-vychovy\\\/\"},{\"@type\":\"ListItem\",\"position\":2,\"name\":\"O n\u00e1s\",\"item\":\"https:\\\/\\\/www.upjs.sk\\\/pracoviska\\\/ustav-telesnej-vychovy\\\/o-nas-utvs\\\/\"},{\"@type\":\"ListItem\",\"position\":3,\"name\":\"Referenti pre pr\u00edslu\u0161n\u00fa fakultu\"}]},{\"@type\":\"WebSite\",\"@id\":\"https:\\\/\\\/www.upjs.sk\\\/pracoviska\\\/ustav-telesnej-vychovy\\\/#website\",\"url\":\"https:\\\/\\\/www.upjs.sk\\\/pracoviska\\\/ustav-telesnej-vychovy\\\/\",\"name\":\"\u00dastav telesnej v\u00fdchovy a \u0161portu | UPJ\u0160\",\"description\":\"\",\"publisher\":{\"@id\":\"https:\\\/\\\/www.upjs.sk\\\/pracoviska\\\/ustav-telesnej-vychovy\\\/#organization\"},\"potentialAction\":[{\"@type\":\"SearchAction\",\"target\":{\"@type\":\"EntryPoint\",\"urlTemplate\":\"https:\\\/\\\/www.upjs.sk\\\/pracoviska\\\/ustav-telesnej-vychovy\\\/?s={search_term_string}\"},\"query-input\":{\"@type\":\"PropertyValueSpecification\",\"valueRequired\":true,\"valueName\":\"search_term_string\"}}],\"inLanguage\":\"sk-SK\"},{\"@type\":\"Organization\",\"@id\":\"https:\\\/\\\/www.upjs.sk\\\/pracoviska\\\/ustav-telesnej-vychovy\\\/#organization\",\"name\":\"\u00dastav telesnej v\u00fdchovy a \u0161portu | UPJ\u0160\",\"url\":\"https:\\\/\\\/www.upjs.sk\\\/pracoviska\\\/ustav-telesnej-vychovy\\\/\",\"logo\":{\"@type\":\"ImageObject\",\"inLanguage\":\"sk-SK\",\"@id\":\"https:\\\/\\\/www.upjs.sk\\\/pracoviska\\\/ustav-telesnej-vychovy\\\/#\\\/schema\\\/logo\\\/image\\\/\",\"url\":\"https:\\\/\\\/www.upjs.sk\\\/app\\\/uploads\\\/sites\\\/14\\\/2023\\\/01\\\/UTVS.svg\",\"contentUrl\":\"https:\\\/\\\/www.upjs.sk\\\/app\\\/uploads\\\/sites\\\/14\\\/2023\\\/01\\\/UTVS.svg\",\"width\":500,\"height\":138,\"caption\":\"\u00dastav telesnej v\u00fdchovy a \u0161portu | UPJ\u0160\"},\"image\":{\"@id\":\"https:\\\/\\\/www.upjs.sk\\\/pracoviska\\\/ustav-telesnej-vychovy\\\/#\\\/schema\\\/logo\\\/image\\\/\"}}]}<\/script>\n<!-- \/ Yoast SEO plugin. -->","yoast_head_json":{"title":"Referenti pre pr\u00edslu\u0161n\u00fa fakultu - \u00dastav telesnej v\u00fdchovy a \u0161portu | UPJ\u0160","robots":{"index":"index","follow":"follow","max-snippet":"max-snippet:-1","max-image-preview":"max-image-preview:large","max-video-preview":"max-video-preview:-1"},"canonical":"https:\/\/www.upjs.sk\/pracoviska\/ustav-telesnej-vychovy\/o-nas-utvs\/referenti-fakult\/","og_locale":"sk_SK","og_type":"article","og_title":"Referenti pre pr\u00edslu\u0161n\u00fa fakultu - \u00dastav telesnej v\u00fdchovy a \u0161portu | UPJ\u0160","og_description":"Referenti pre pr\u00edslu\u0161n\u00fa fakultu Lek\u00e1rska fakulta: Mgr. Ladislav Kru\u010danica, PhD.e-mail: ladislav.krucanica@upjs.sktel.: 055 234 1629 Pr\u00edrodovedeck\u00e1 fakulta: Mgr. Marcel \u010curgalie-mail: marcel.curgali@upjs.sktel.: 055 234 1627 Pr\u00e1vnick\u00e1 fakulta: Mgr. D\u00e1vid Ka\u0161ko, PhD.e-mail: david.kasko@upjs.sktel.: 055 234 1627 Fakulta verejnej spr\u00e1vy: Mgr. Patrik Bertae-mail: patrik.berta@upjs.sktel.: 055 234 1629 Filozofick\u00e1 fakulta: Mgr. Agata Horbacz, PhD.e-mail: agata.horbacz@upjs.sktel.: 055 234 1558","og_url":"https:\/\/www.upjs.sk\/pracoviska\/ustav-telesnej-vychovy\/o-nas-utvs\/referenti-fakult\/","og_site_name":"\u00dastav telesnej v\u00fdchovy a \u0161portu | UPJ\u0160","article_modified_time":"2023-02-20T21:14:46+00:00","twitter_card":"summary_large_image","twitter_misc":{"Predpokladan\u00fd \u010das \u010d\u00edtania":"1 min\u00fata"},"schema":{"@context":"https:\/\/schema.org","@graph":[{"@type":"WebPage","@id":"https:\/\/www.upjs.sk\/pracoviska\/ustav-telesnej-vychovy\/o-nas-utvs\/referenti-fakult\/","url":"https:\/\/www.upjs.sk\/pracoviska\/ustav-telesnej-vychovy\/o-nas-utvs\/referenti-fakult\/","name":"Referenti pre pr\u00edslu\u0161n\u00fa fakultu - \u00dastav telesnej v\u00fdchovy a \u0161portu | UPJ\u0160","isPartOf":{"@id":"https:\/\/www.upjs.sk\/pracoviska\/ustav-telesnej-vychovy\/#website"},"datePublished":"2022-05-10T19:48:26+00:00","dateModified":"2023-02-20T21:14:46+00:00","breadcrumb":{"@id":"https:\/\/www.upjs.sk\/pracoviska\/ustav-telesnej-vychovy\/o-nas-utvs\/referenti-fakult\/#breadcrumb"},"inLanguage":"sk-SK","potentialAction":[{"@type":"ReadAction","target":["https:\/\/www.upjs.sk\/pracoviska\/ustav-telesnej-vychovy\/o-nas-utvs\/referenti-fakult\/"]}]},{"@type":"BreadcrumbList","@id":"https:\/\/www.upjs.sk\/pracoviska\/ustav-telesnej-vychovy\/o-nas-utvs\/referenti-fakult\/#breadcrumb","itemListElement":[{"@type":"ListItem","position":1,"name":"Home","item":"https:\/\/www.upjs.sk\/pracoviska\/ustav-telesnej-vychovy\/"},{"@type":"ListItem","position":2,"name":"O n\u00e1s","item":"https:\/\/www.upjs.sk\/pracoviska\/ustav-telesnej-vychovy\/o-nas-utvs\/"},{"@type":"ListItem","position":3,"name":"Referenti pre pr\u00edslu\u0161n\u00fa fakultu"}]},{"@type":"WebSite","@id":"https:\/\/www.upjs.sk\/pracoviska\/ustav-telesnej-vychovy\/#website","url":"https:\/\/www.upjs.sk\/pracoviska\/ustav-telesnej-vychovy\/","name":"\u00dastav telesnej v\u00fdchovy a \u0161portu | UPJ\u0160","description":"","publisher":{"@id":"https:\/\/www.upjs.sk\/pracoviska\/ustav-telesnej-vychovy\/#organization"},"potentialAction":[{"@type":"SearchAction","target":{"@type":"EntryPoint","urlTemplate":"https:\/\/www.upjs.sk\/pracoviska\/ustav-telesnej-vychovy\/?s={search_term_string}"},"query-input":{"@type":"PropertyValueSpecification","valueRequired":true,"valueName":"search_term_string"}}],"inLanguage":"sk-SK"},{"@type":"Organization","@id":"https:\/\/www.upjs.sk\/pracoviska\/ustav-telesnej-vychovy\/#organization","name":"\u00dastav telesnej v\u00fdchovy a \u0161portu | UPJ\u0160","url":"https:\/\/www.upjs.sk\/pracoviska\/ustav-telesnej-vychovy\/","logo":{"@type":"ImageObject","inLanguage":"sk-SK","@id":"https:\/\/www.upjs.sk\/pracoviska\/ustav-telesnej-vychovy\/#\/schema\/logo\/image\/","url":"https:\/\/www.upjs.sk\/app\/uploads\/sites\/14\/2023\/01\/UTVS.svg","contentUrl":"https:\/\/www.upjs.sk\/app\/uploads\/sites\/14\/2023\/01\/UTVS.svg","width":500,"height":138,"caption":"\u00dastav telesnej v\u00fdchovy a \u0161portu | UPJ\u0160"},"image":{"@id":"https:\/\/www.upjs.sk\/pracoviska\/ustav-telesnej-vychovy\/#\/schema\/logo\/image\/"}}]}},"_links":{"self":[{"href":"https:\/\/www.upjs.sk\/pracoviska\/ustav-telesnej-vychovy\/wp-json\/wp\/v2\/pages\/13343","targetHints":{"allow":["GET"]}}],"collection":[{"href":"https:\/\/www.upjs.sk\/pracoviska\/ustav-telesnej-vychovy\/wp-json\/wp\/v2\/pages"}],"about":[{"href":"https:\/\/www.upjs.sk\/pracoviska\/ustav-telesnej-vychovy\/wp-json\/wp\/v2\/types\/page"}],"author":[{"embeddable":true,"href":"https:\/\/www.upjs.sk\/pracoviska\/ustav-telesnej-vychovy\/wp-json\/wp\/v2\/users\/1"}],"replies":[{"embeddable":true,"href":"https:\/\/www.upjs.sk\/pracoviska\/ustav-telesnej-vychovy\/wp-json\/wp\/v2\/comments?post=13343"}],"version-history":[{"count":3,"href":"https:\/\/www.upjs.sk\/pracoviska\/ustav-telesnej-vychovy\/wp-json\/wp\/v2\/pages\/13343\/revisions"}],"predecessor-version":[{"id":18812,"href":"https:\/\/www.upjs.sk\/pracoviska\/ustav-telesnej-vychovy\/wp-json\/wp\/v2\/pages\/13343\/revisions\/18812"}],"up":[{"embeddable":true,"href":"https:\/\/www.upjs.sk\/pracoviska\/ustav-telesnej-vychovy\/wp-json\/wp\/v2\/pages\/13621"}],"wp:attachment":[{"href":"https:\/\/www.upjs.sk\/pracoviska\/ustav-telesnej-vychovy\/wp-json\/wp\/v2\/media?parent=13343"}],"wp:term":[{"taxonomy":"category","embeddable":true,"href":"https:\/\/www.upjs.sk\/pracoviska\/ustav-telesnej-vychovy\/wp-json\/wp\/v2\/categories?post=13343"},{"taxonomy":"post_tag","embeddable":true,"href":"https:\/\/www.upjs.sk\/pracoviska\/ustav-telesnej-vychovy\/wp-json\/wp\/v2\/tags?post=13343"}],"curies":[{"name":"wp","href":"https:\/\/api.w.org\/{rel}","templated":true}]}}