{"id":13368,"date":"2022-09-07T15:01:06","date_gmt":"2022-09-07T15:01:06","guid":{"rendered":"https:\/\/www.upjs.sk\/pracoviska\/ustav-telesnej-vychovy\/vyberove-konania-ucitelia\/"},"modified":"2026-02-04T12:28:20","modified_gmt":"2026-02-04T11:28:20","slug":"vyberove-konania-ucitelia","status":"publish","type":"page","link":"https:\/\/www.upjs.sk\/pracoviska\/ustav-telesnej-vychovy\/verejnost\/vyberove-konania-ucitelia\/","title":{"rendered":"V\u00fdberov\u00e9 konania na obsadzovanie miest vysoko\u0161kolsk\u00fdch u\u010dite\u013eov na \u00daTV\u0160 UPJ\u0160"},"content":{"rendered":"\n<p><a href=\"https:\/\/www.upjs.sk\/app\/uploads\/2022\/09\/informacia-cl-13-povinnost-eu-parlamentu-a-rady-eu-2016.pdf\" target=\"_blank\" rel=\"noopener\" class=\"ek-link\">Inform\u00e1cia pod\u013ea \u010cl. 13 Nariadenia Eur\u00f3pskeho parlamentu a Rady E\u00da \u010d. 2016\/679 z 27. apr\u00edla 2016 o ochrane fyzick\u00fdch os\u00f4b pri sprac\u00favan\u00ed osobn\u00fdch \u00fadajov a o vo\u013enom pohybe tak\u00fdchto \u00fadajov, ktor\u00fdm sa zru\u0161uje smernica \u010d. 95\/46\/ES (v\u0161eobecn\u00e9 nariadenie o ochrane \u00fadajov)<\/a><\/p>\n\n\n<style>.wp-block-kadence-spacer.kt-block-spacer-13368_ddfa90-a1 .kt-block-spacer{height:6px;}.wp-block-kadence-spacer.kt-block-spacer-13368_ddfa90-a1 .kt-divider{border-top-width:1px;height:1px;border-top-color:#eee;width:100%;border-top-style:solid;}<\/style>\n<div class=\"wp-block-kadence-spacer aligncenter kt-block-spacer-13368_ddfa90-a1\"><div class=\"kt-block-spacer kt-block-spacer-halign-center\"><hr class=\"kt-divider\"\/><\/div><\/div>\n\n\n\n<p><a href=\"https:\/\/www.upjs.sk\/app\/uploads\/sites\/14\/2026\/02\/zverejnenie_udajov_po_VK_UTVS_januar_2026.pdf\" target=\"_blank\" rel=\"noreferrer noopener\">Zverejnenie na \u00fa\u010dely overenia v\u00fdsledku v\u00fdberov\u00e9ho konania<\/a><\/p>\n\n\n<style>.wp-block-kadence-spacer.kt-block-spacer-13368_bed2d6-4d .kt-block-spacer{height:6px;}.wp-block-kadence-spacer.kt-block-spacer-13368_bed2d6-4d .kt-divider{border-top-width:1px;height:1px;border-top-color:#eee;width:100%;border-top-style:solid;}<\/style>\n<div class=\"wp-block-kadence-spacer aligncenter kt-block-spacer-13368_bed2d6-4d\"><div class=\"kt-block-spacer kt-block-spacer-halign-center\"><hr class=\"kt-divider\"\/><\/div><\/div>\n\n\n\n<p>Rektor UPJ\u0160 v Ko\u0161iciach vyhlasuje v\u00fdberov\u00e9 konanie na obsadenie&nbsp;<strong>funk\u010dn\u00e9ho miesta<\/strong>&nbsp;na poz\u00edciu:<\/p>\n\n\n\n<div style=\"height:4px\" aria-hidden=\"true\" class=\"wp-block-spacer\"><\/div>\n\n\n<style>.wp-block-kadence-iconlist.kt-svg-icon-list-items13368_0a766f-52:not(.this-stops-third-party-issues){margin-top:0px;margin-bottom:0px;}.wp-block-kadence-iconlist.kt-svg-icon-list-items13368_0a766f-52 ul.kt-svg-icon-list:not(.this-prevents-issues):not(.this-stops-third-party-issues):not(.tijsloc){margin-top:0px;margin-right:0px;margin-bottom:var(--global-kb-spacing-sm, 1.5rem);margin-left:0px;}.wp-block-kadence-iconlist.kt-svg-icon-list-items13368_0a766f-52 ul.kt-svg-icon-list{grid-row-gap:5px;}.wp-block-kadence-iconlist.kt-svg-icon-list-items13368_0a766f-52 ul.kt-svg-icon-list .kt-svg-icon-list-item-wrap .kt-svg-icon-list-single{margin-right:10px;}.kt-svg-icon-list-items13368_0a766f-52 ul.kt-svg-icon-list .kt-svg-icon-list-level-0 .kt-svg-icon-list-single svg{font-size:20px;}<\/style>\n<div class=\"wp-block-kadence-iconlist kt-svg-icon-list-items kt-svg-icon-list-items13368_0a766f-52 kt-svg-icon-list-columns-1 alignnone\"><ul class=\"kt-svg-icon-list\"><style>.kt-svg-icon-list-item-13368_928d0f-8c .kt-svg-icon-list-text mark.kt-highlight{background-color:unset;font-style:normal;color:#f76a0c;-webkit-box-decoration-break:clone;box-decoration-break:clone;padding-top:0px;padding-right:0px;padding-bottom:0px;padding-left:0px;}<\/style>\n<li class=\"wp-block-kadence-listitem kt-svg-icon-list-item-wrap kt-svg-icon-list-item-13368_928d0f-8c\"><span class=\"kb-svg-icon-wrap kb-svg-icon-fe_checkCircle kt-svg-icon-list-single\"><svg viewBox=\"0 0 24 24\"  fill=\"none\" stroke=\"currentColor\" stroke-width=\"2\" stroke-linecap=\"round\" stroke-linejoin=\"round\" xmlns=\"http:\/\/www.w3.org\/2000\/svg\"  aria-hidden=\"true\"><path d=\"M22 11.08V12a10 10 0 1 1-5.93-9.14\"\/><polyline points=\"22 4 12 14.01 9 11.01\"\/><\/svg><\/span><span class=\"kt-svg-icon-list-text\"><\/span><\/li>\n<\/ul><\/div>\n","protected":false},"excerpt":{"rendered":"<p>Inform\u00e1cia pod\u013ea \u010cl. 13 Nariadenia Eur\u00f3pskeho parlamentu a Rady E\u00da \u010d. 2016\/679 z 27. apr\u00edla 2016 o ochrane fyzick\u00fdch os\u00f4b pri sprac\u00favan\u00ed osobn\u00fdch \u00fadajov a o vo\u013enom pohybe tak\u00fdchto \u00fadajov, ktor\u00fdm sa zru\u0161uje smernica \u010d. 95\/46\/ES (v\u0161eobecn\u00e9 nariadenie o ochrane \u00fadajov) Zverejnenie na \u00fa\u010dely overenia v\u00fdsledku v\u00fdberov\u00e9ho konania Rektor UPJ\u0160 v Ko\u0161iciach vyhlasuje v\u00fdberov\u00e9 konanie &hellip; <a href=\"https:\/\/www.upjs.sk\/pracoviska\/ustav-telesnej-vychovy\/verejnost\/vyberove-konania-ucitelia\/\">\u010c\u00edta\u0165 \u010falej<\/a><\/p>\n","protected":false},"author":1,"featured_media":0,"parent":13642,"menu_order":3,"comment_status":"closed","ping_status":"closed","template":"","meta":{"_acf_changed":false,"_editorskit_title_hidden":false,"_editorskit_reading_time":1,"_editorskit_is_block_options_detached":false,"_editorskit_block_options_position":"{}","footnotes":""},"categories":[],"tags":[],"class_list":["post-13368","page","type-page","status-publish","hentry"],"acf":{"acf_link_na_externy_obsah":""},"yoast_head":"<!-- This site is optimized with the Yoast SEO plugin v27.2 - https:\/\/yoast.com\/product\/yoast-seo-wordpress\/ -->\n<title>V\u00fdberov\u00e9 konania na obsadzovanie miest vysoko\u0161kolsk\u00fdch u\u010dite\u013eov na \u00daTV\u0160 UPJ\u0160 - \u00dastav telesnej v\u00fdchovy a \u0161portu | UPJ\u0160<\/title>\n<meta name=\"robots\" content=\"index, follow, max-snippet:-1, max-image-preview:large, max-video-preview:-1\" \/>\n<link rel=\"canonical\" href=\"https:\/\/www.upjs.sk\/pracoviska\/ustav-telesnej-vychovy\/verejnost\/vyberove-konania-ucitelia\/\" \/>\n<meta property=\"og:locale\" content=\"sk_SK\" \/>\n<meta property=\"og:type\" content=\"article\" \/>\n<meta property=\"og:title\" content=\"V\u00fdberov\u00e9 konania na obsadzovanie miest vysoko\u0161kolsk\u00fdch u\u010dite\u013eov na \u00daTV\u0160 UPJ\u0160 - \u00dastav telesnej v\u00fdchovy a \u0161portu | UPJ\u0160\" \/>\n<meta property=\"og:description\" content=\"Inform\u00e1cia pod\u013ea \u010cl. 13 Nariadenia Eur\u00f3pskeho parlamentu a Rady E\u00da \u010d. 2016\/679 z 27. apr\u00edla 2016 o ochrane fyzick\u00fdch os\u00f4b pri sprac\u00favan\u00ed osobn\u00fdch \u00fadajov a o vo\u013enom pohybe tak\u00fdchto \u00fadajov, ktor\u00fdm sa zru\u0161uje smernica \u010d. 95\/46\/ES (v\u0161eobecn\u00e9 nariadenie o ochrane \u00fadajov) Zverejnenie na \u00fa\u010dely overenia v\u00fdsledku v\u00fdberov\u00e9ho konania Rektor UPJ\u0160 v Ko\u0161iciach vyhlasuje v\u00fdberov\u00e9 konanie &hellip; \u010c\u00edta\u0165 \u010falej\" \/>\n<meta property=\"og:url\" content=\"https:\/\/www.upjs.sk\/pracoviska\/ustav-telesnej-vychovy\/verejnost\/vyberove-konania-ucitelia\/\" \/>\n<meta property=\"og:site_name\" content=\"\u00dastav telesnej v\u00fdchovy a \u0161portu | UPJ\u0160\" \/>\n<meta property=\"article:modified_time\" content=\"2026-02-04T11:28:20+00:00\" \/>\n<meta name=\"twitter:card\" content=\"summary_large_image\" \/>\n<meta name=\"twitter:label1\" content=\"Predpokladan\u00fd \u010das \u010d\u00edtania\" \/>\n\t<meta name=\"twitter:data1\" content=\"1 min\u00fata\" \/>\n<script type=\"application\/ld+json\" class=\"yoast-schema-graph\">{\"@context\":\"https:\/\/schema.org\",\"@graph\":[{\"@type\":\"WebPage\",\"@id\":\"https:\/\/www.upjs.sk\/pracoviska\/ustav-telesnej-vychovy\/verejnost\/vyberove-konania-ucitelia\/\",\"url\":\"https:\/\/www.upjs.sk\/pracoviska\/ustav-telesnej-vychovy\/verejnost\/vyberove-konania-ucitelia\/\",\"name\":\"V\u00fdberov\u00e9 konania na obsadzovanie miest vysoko\u0161kolsk\u00fdch u\u010dite\u013eov na \u00daTV\u0160 UPJ\u0160 - \u00dastav telesnej v\u00fdchovy a \u0161portu | UPJ\u0160\",\"isPartOf\":{\"@id\":\"https:\/\/www.upjs.sk\/pracoviska\/ustav-telesnej-vychovy\/#website\"},\"datePublished\":\"2022-09-07T15:01:06+00:00\",\"dateModified\":\"2026-02-04T11:28:20+00:00\",\"breadcrumb\":{\"@id\":\"https:\/\/www.upjs.sk\/pracoviska\/ustav-telesnej-vychovy\/verejnost\/vyberove-konania-ucitelia\/#breadcrumb\"},\"inLanguage\":\"sk-SK\",\"potentialAction\":[{\"@type\":\"ReadAction\",\"target\":[\"https:\/\/www.upjs.sk\/pracoviska\/ustav-telesnej-vychovy\/verejnost\/vyberove-konania-ucitelia\/\"]}]},{\"@type\":\"BreadcrumbList\",\"@id\":\"https:\/\/www.upjs.sk\/pracoviska\/ustav-telesnej-vychovy\/verejnost\/vyberove-konania-ucitelia\/#breadcrumb\",\"itemListElement\":[{\"@type\":\"ListItem\",\"position\":1,\"name\":\"Home\",\"item\":\"https:\/\/www.upjs.sk\/pracoviska\/ustav-telesnej-vychovy\/\"},{\"@type\":\"ListItem\",\"position\":2,\"name\":\"Inform\u00e1cie pre verejnos\u0165 a m\u00e9di\u00e1\",\"item\":\"https:\/\/www.upjs.sk\/pracoviska\/ustav-telesnej-vychovy\/verejnost\/\"},{\"@type\":\"ListItem\",\"position\":3,\"name\":\"V\u00fdberov\u00e9 konania na obsadzovanie miest vysoko\u0161kolsk\u00fdch u\u010dite\u013eov na \u00daTV\u0160 UPJ\u0160\"}]},{\"@type\":\"WebSite\",\"@id\":\"https:\/\/www.upjs.sk\/pracoviska\/ustav-telesnej-vychovy\/#website\",\"url\":\"https:\/\/www.upjs.sk\/pracoviska\/ustav-telesnej-vychovy\/\",\"name\":\"\u00dastav telesnej v\u00fdchovy a \u0161portu | UPJ\u0160\",\"description\":\"\",\"publisher\":{\"@id\":\"https:\/\/www.upjs.sk\/pracoviska\/ustav-telesnej-vychovy\/#organization\"},\"potentialAction\":[{\"@type\":\"SearchAction\",\"target\":{\"@type\":\"EntryPoint\",\"urlTemplate\":\"https:\/\/www.upjs.sk\/pracoviska\/ustav-telesnej-vychovy\/?s={search_term_string}\"},\"query-input\":{\"@type\":\"PropertyValueSpecification\",\"valueRequired\":true,\"valueName\":\"search_term_string\"}}],\"inLanguage\":\"sk-SK\"},{\"@type\":\"Organization\",\"@id\":\"https:\/\/www.upjs.sk\/pracoviska\/ustav-telesnej-vychovy\/#organization\",\"name\":\"\u00dastav telesnej v\u00fdchovy a \u0161portu | UPJ\u0160\",\"url\":\"https:\/\/www.upjs.sk\/pracoviska\/ustav-telesnej-vychovy\/\",\"logo\":{\"@type\":\"ImageObject\",\"inLanguage\":\"sk-SK\",\"@id\":\"https:\/\/www.upjs.sk\/pracoviska\/ustav-telesnej-vychovy\/#\/schema\/logo\/image\/\",\"url\":\"https:\/\/www.upjs.sk\/app\/uploads\/sites\/14\/2023\/01\/UTVS.svg\",\"contentUrl\":\"https:\/\/www.upjs.sk\/app\/uploads\/sites\/14\/2023\/01\/UTVS.svg\",\"width\":500,\"height\":138,\"caption\":\"\u00dastav telesnej v\u00fdchovy a \u0161portu | UPJ\u0160\"},\"image\":{\"@id\":\"https:\/\/www.upjs.sk\/pracoviska\/ustav-telesnej-vychovy\/#\/schema\/logo\/image\/\"}}]}<\/script>\n<!-- \/ Yoast SEO plugin. -->","yoast_head_json":{"title":"V\u00fdberov\u00e9 konania na obsadzovanie miest vysoko\u0161kolsk\u00fdch u\u010dite\u013eov na \u00daTV\u0160 UPJ\u0160 - \u00dastav telesnej v\u00fdchovy a \u0161portu | UPJ\u0160","robots":{"index":"index","follow":"follow","max-snippet":"max-snippet:-1","max-image-preview":"max-image-preview:large","max-video-preview":"max-video-preview:-1"},"canonical":"https:\/\/www.upjs.sk\/pracoviska\/ustav-telesnej-vychovy\/verejnost\/vyberove-konania-ucitelia\/","og_locale":"sk_SK","og_type":"article","og_title":"V\u00fdberov\u00e9 konania na obsadzovanie miest vysoko\u0161kolsk\u00fdch u\u010dite\u013eov na \u00daTV\u0160 UPJ\u0160 - \u00dastav telesnej v\u00fdchovy a \u0161portu | UPJ\u0160","og_description":"Inform\u00e1cia pod\u013ea \u010cl. 13 Nariadenia Eur\u00f3pskeho parlamentu a Rady E\u00da \u010d. 2016\/679 z 27. apr\u00edla 2016 o ochrane fyzick\u00fdch os\u00f4b pri sprac\u00favan\u00ed osobn\u00fdch \u00fadajov a o vo\u013enom pohybe tak\u00fdchto \u00fadajov, ktor\u00fdm sa zru\u0161uje smernica \u010d. 95\/46\/ES (v\u0161eobecn\u00e9 nariadenie o ochrane \u00fadajov) Zverejnenie na \u00fa\u010dely overenia v\u00fdsledku v\u00fdberov\u00e9ho konania Rektor UPJ\u0160 v Ko\u0161iciach vyhlasuje v\u00fdberov\u00e9 konanie &hellip; \u010c\u00edta\u0165 \u010falej","og_url":"https:\/\/www.upjs.sk\/pracoviska\/ustav-telesnej-vychovy\/verejnost\/vyberove-konania-ucitelia\/","og_site_name":"\u00dastav telesnej v\u00fdchovy a \u0161portu | UPJ\u0160","article_modified_time":"2026-02-04T11:28:20+00:00","twitter_card":"summary_large_image","twitter_misc":{"Predpokladan\u00fd \u010das \u010d\u00edtania":"1 min\u00fata"},"schema":{"@context":"https:\/\/schema.org","@graph":[{"@type":"WebPage","@id":"https:\/\/www.upjs.sk\/pracoviska\/ustav-telesnej-vychovy\/verejnost\/vyberove-konania-ucitelia\/","url":"https:\/\/www.upjs.sk\/pracoviska\/ustav-telesnej-vychovy\/verejnost\/vyberove-konania-ucitelia\/","name":"V\u00fdberov\u00e9 konania na obsadzovanie miest vysoko\u0161kolsk\u00fdch u\u010dite\u013eov na \u00daTV\u0160 UPJ\u0160 - \u00dastav telesnej v\u00fdchovy a \u0161portu | UPJ\u0160","isPartOf":{"@id":"https:\/\/www.upjs.sk\/pracoviska\/ustav-telesnej-vychovy\/#website"},"datePublished":"2022-09-07T15:01:06+00:00","dateModified":"2026-02-04T11:28:20+00:00","breadcrumb":{"@id":"https:\/\/www.upjs.sk\/pracoviska\/ustav-telesnej-vychovy\/verejnost\/vyberove-konania-ucitelia\/#breadcrumb"},"inLanguage":"sk-SK","potentialAction":[{"@type":"ReadAction","target":["https:\/\/www.upjs.sk\/pracoviska\/ustav-telesnej-vychovy\/verejnost\/vyberove-konania-ucitelia\/"]}]},{"@type":"BreadcrumbList","@id":"https:\/\/www.upjs.sk\/pracoviska\/ustav-telesnej-vychovy\/verejnost\/vyberove-konania-ucitelia\/#breadcrumb","itemListElement":[{"@type":"ListItem","position":1,"name":"Home","item":"https:\/\/www.upjs.sk\/pracoviska\/ustav-telesnej-vychovy\/"},{"@type":"ListItem","position":2,"name":"Inform\u00e1cie pre verejnos\u0165 a m\u00e9di\u00e1","item":"https:\/\/www.upjs.sk\/pracoviska\/ustav-telesnej-vychovy\/verejnost\/"},{"@type":"ListItem","position":3,"name":"V\u00fdberov\u00e9 konania na obsadzovanie miest vysoko\u0161kolsk\u00fdch u\u010dite\u013eov na \u00daTV\u0160 UPJ\u0160"}]},{"@type":"WebSite","@id":"https:\/\/www.upjs.sk\/pracoviska\/ustav-telesnej-vychovy\/#website","url":"https:\/\/www.upjs.sk\/pracoviska\/ustav-telesnej-vychovy\/","name":"\u00dastav telesnej v\u00fdchovy a \u0161portu | UPJ\u0160","description":"","publisher":{"@id":"https:\/\/www.upjs.sk\/pracoviska\/ustav-telesnej-vychovy\/#organization"},"potentialAction":[{"@type":"SearchAction","target":{"@type":"EntryPoint","urlTemplate":"https:\/\/www.upjs.sk\/pracoviska\/ustav-telesnej-vychovy\/?s={search_term_string}"},"query-input":{"@type":"PropertyValueSpecification","valueRequired":true,"valueName":"search_term_string"}}],"inLanguage":"sk-SK"},{"@type":"Organization","@id":"https:\/\/www.upjs.sk\/pracoviska\/ustav-telesnej-vychovy\/#organization","name":"\u00dastav telesnej v\u00fdchovy a \u0161portu | UPJ\u0160","url":"https:\/\/www.upjs.sk\/pracoviska\/ustav-telesnej-vychovy\/","logo":{"@type":"ImageObject","inLanguage":"sk-SK","@id":"https:\/\/www.upjs.sk\/pracoviska\/ustav-telesnej-vychovy\/#\/schema\/logo\/image\/","url":"https:\/\/www.upjs.sk\/app\/uploads\/sites\/14\/2023\/01\/UTVS.svg","contentUrl":"https:\/\/www.upjs.sk\/app\/uploads\/sites\/14\/2023\/01\/UTVS.svg","width":500,"height":138,"caption":"\u00dastav telesnej v\u00fdchovy a \u0161portu | UPJ\u0160"},"image":{"@id":"https:\/\/www.upjs.sk\/pracoviska\/ustav-telesnej-vychovy\/#\/schema\/logo\/image\/"}}]}},"_links":{"self":[{"href":"https:\/\/www.upjs.sk\/pracoviska\/ustav-telesnej-vychovy\/wp-json\/wp\/v2\/pages\/13368","targetHints":{"allow":["GET"]}}],"collection":[{"href":"https:\/\/www.upjs.sk\/pracoviska\/ustav-telesnej-vychovy\/wp-json\/wp\/v2\/pages"}],"about":[{"href":"https:\/\/www.upjs.sk\/pracoviska\/ustav-telesnej-vychovy\/wp-json\/wp\/v2\/types\/page"}],"author":[{"embeddable":true,"href":"https:\/\/www.upjs.sk\/pracoviska\/ustav-telesnej-vychovy\/wp-json\/wp\/v2\/users\/1"}],"replies":[{"embeddable":true,"href":"https:\/\/www.upjs.sk\/pracoviska\/ustav-telesnej-vychovy\/wp-json\/wp\/v2\/comments?post=13368"}],"version-history":[{"count":20,"href":"https:\/\/www.upjs.sk\/pracoviska\/ustav-telesnej-vychovy\/wp-json\/wp\/v2\/pages\/13368\/revisions"}],"predecessor-version":[{"id":23496,"href":"https:\/\/www.upjs.sk\/pracoviska\/ustav-telesnej-vychovy\/wp-json\/wp\/v2\/pages\/13368\/revisions\/23496"}],"up":[{"embeddable":true,"href":"https:\/\/www.upjs.sk\/pracoviska\/ustav-telesnej-vychovy\/wp-json\/wp\/v2\/pages\/13642"}],"wp:attachment":[{"href":"https:\/\/www.upjs.sk\/pracoviska\/ustav-telesnej-vychovy\/wp-json\/wp\/v2\/media?parent=13368"}],"wp:term":[{"taxonomy":"category","embeddable":true,"href":"https:\/\/www.upjs.sk\/pracoviska\/ustav-telesnej-vychovy\/wp-json\/wp\/v2\/categories?post=13368"},{"taxonomy":"post_tag","embeddable":true,"href":"https:\/\/www.upjs.sk\/pracoviska\/ustav-telesnej-vychovy\/wp-json\/wp\/v2\/tags?post=13368"}],"curies":[{"name":"wp","href":"https:\/\/api.w.org\/{rel}","templated":true}]}}