{"id":13372,"date":"2022-05-10T19:48:26","date_gmt":"2022-05-10T19:48:26","guid":{"rendered":"https:\/\/www.upjs.sk\/pracoviska\/ustav-telesnej-vychovy\/zamestnanci\/"},"modified":"2025-03-06T15:51:46","modified_gmt":"2025-03-06T14:51:46","slug":"zamestnanci","status":"publish","type":"page","link":"https:\/\/www.upjs.sk\/pracoviska\/ustav-telesnej-vychovy\/o-nas-utvs\/zamestnanci\/","title":{"rendered":"Zamestnanci \u00daTV\u0160 UPJ\u0160 v Ko\u0161iciach"},"content":{"rendered":"<style>.kadence-column13372_c600a0-4b > .kt-inside-inner-col,.kadence-column13372_c600a0-4b > .kt-inside-inner-col:before{border-top-left-radius:5px;border-top-right-radius:5px;border-bottom-right-radius:5px;border-bottom-left-radius:5px;}.kadence-column13372_c600a0-4b > .kt-inside-inner-col{column-gap:var(--global-kb-gap-sm, 1rem);}.kadence-column13372_c600a0-4b > .kt-inside-inner-col{flex-direction:column;}.kadence-column13372_c600a0-4b > .kt-inside-inner-col > .aligncenter{width:100%;}.kadence-column13372_c600a0-4b > .kt-inside-inner-col{background-color:#f4f4f4;}.kadence-column13372_c600a0-4b > .kt-inside-inner-col:before{opacity:0.3;}.kadence-column13372_c600a0-4b{position:relative;}@media all and (max-width: 1024px){.kadence-column13372_c600a0-4b > .kt-inside-inner-col{flex-direction:column;justify-content:center;}}@media all and (max-width: 767px){.kadence-column13372_c600a0-4b > .kt-inside-inner-col{flex-direction:column;justify-content:center;}}<\/style>\n<div class=\"wp-block-kadence-column kadence-column13372_c600a0-4b inner-column-1\"><div class=\"kt-inside-inner-col\"><style>.kt-accordion-id13372_30ef34-fe .kt-accordion-inner-wrap{column-gap:var(--global-kb-gap-md, 2rem);row-gap:10px;}.kt-accordion-id13372_30ef34-fe .kt-accordion-panel-inner{border-top:0px solid #f4f4f4;border-right:1px solid #f4f4f4;border-bottom:1px solid #f4f4f4;border-left:1px solid #f4f4f4;border-top-left-radius:5px;border-top-right-radius:5px;border-bottom-right-radius:5px;border-bottom-left-radius:5px;background:#f4f4f4;padding-top:var(--global-kb-spacing-sm, 1.5rem);padding-right:var(--global-kb-spacing-sm, 1.5rem);padding-bottom:var(--global-kb-spacing-sm, 1.5rem);padding-left:var(--global-kb-spacing-sm, 1.5rem);}.kt-accordion-id13372_30ef34-fe .wp-block-kadence-pane .kt-accordion-header-wrap .kt-blocks-accordion-header{border-top:1px solid #f4f4f4;border-right:1px solid #f4f4f4;border-bottom:1px solid #f4f4f4;border-left:2px solid #f4f4f4;border-top-left-radius:0px;border-top-right-radius:0px;border-bottom-right-radius:0px;border-bottom-left-radius:0px;background:#f4f4f4;font-size:18px;line-height:24px;color:#C19152;padding-top:14px;padding-right:16px;padding-bottom:14px;padding-left:16px;}.kt-accordion-id13372_30ef34-fe:not( .kt-accodion-icon-style-basiccircle ):not( .kt-accodion-icon-style-xclosecircle ):not( .kt-accodion-icon-style-arrowcircle ) .kt-blocks-accordion-icon-trigger:after, .kt-accordion-id13372_30ef34-fe:not( .kt-accodion-icon-style-basiccircle ):not( .kt-accodion-icon-style-xclosecircle ):not( .kt-accodion-icon-style-arrowcircle ) .kt-blocks-accordion-icon-trigger:before{background:#C19152;}.kt-accordion-id13372_30ef34-fe:not( .kt-accodion-icon-style-basic ):not( .kt-accodion-icon-style-xclose ):not( .kt-accodion-icon-style-arrow ) .kt-blocks-accordion-icon-trigger{background:#C19152;}.kt-accordion-id13372_30ef34-fe:not( .kt-accodion-icon-style-basic ):not( .kt-accodion-icon-style-xclose ):not( .kt-accodion-icon-style-arrow ) .kt-blocks-accordion-icon-trigger:after, .kt-accordion-id13372_30ef34-fe:not( .kt-accodion-icon-style-basic ):not( .kt-accodion-icon-style-xclose ):not( .kt-accodion-icon-style-arrow ) .kt-blocks-accordion-icon-trigger:before{background:#f4f4f4;}.kt-accordion-id13372_30ef34-fe .kt-accordion-header-wrap .kt-blocks-accordion-header:hover, body:not(.hide-focus-outline) .kt-accordion-id13372_30ef34-fe .kt-accordion-header-wrap .kt-blocks-accordion-header:focus-visible{color:#444444;background:#f4f4f4;border-top:1px solid #f4f4f4;border-right:1px solid #f4f4f4;border-bottom:1px solid #f4f4f4;border-left:2px solid #f4f4f4;}.kt-accordion-id13372_30ef34-fe:not( .kt-accodion-icon-style-basiccircle ):not( .kt-accodion-icon-style-xclosecircle ):not( .kt-accodion-icon-style-arrowcircle ) .kt-blocks-accordion-header:hover .kt-blocks-accordion-icon-trigger:after, .kt-accordion-id13372_30ef34-fe:not( .kt-accodion-icon-style-basiccircle ):not( .kt-accodion-icon-style-xclosecircle ):not( .kt-accodion-icon-style-arrowcircle ) .kt-blocks-accordion-header:hover .kt-blocks-accordion-icon-trigger:before, body:not(.hide-focus-outline) .kt-accordion-id13372_30ef34-fe:not( .kt-accodion-icon-style-basiccircle ):not( .kt-accodion-icon-style-xclosecircle ):not( .kt-accodion-icon-style-arrowcircle ) .kt-blocks-accordion--visible .kt-blocks-accordion-icon-trigger:after, body:not(.hide-focus-outline) .kt-accordion-id13372_30ef34-fe:not( .kt-accodion-icon-style-basiccircle ):not( .kt-accodion-icon-style-xclosecircle ):not( .kt-accodion-icon-style-arrowcircle ) .kt-blocks-accordion-header:focus-visible .kt-blocks-accordion-icon-trigger:before{background:#444444;}.kt-accordion-id13372_30ef34-fe:not( .kt-accodion-icon-style-basic ):not( .kt-accodion-icon-style-xclose ):not( .kt-accodion-icon-style-arrow ) .kt-blocks-accordion-header:hover .kt-blocks-accordion-icon-trigger, body:not(.hide-focus-outline) .kt-accordion-id13372_30ef34-fe:not( .kt-accodion-icon-style-basic ):not( .kt-accodion-icon-style-xclose ):not( .kt-accodion-icon-style-arrow ) .kt-blocks-accordion-header:focus-visible .kt-blocks-accordion-icon-trigger{background:#444444;}.kt-accordion-id13372_30ef34-fe:not( .kt-accodion-icon-style-basic ):not( .kt-accodion-icon-style-xclose ):not( .kt-accodion-icon-style-arrow ) .kt-blocks-accordion-header:hover .kt-blocks-accordion-icon-trigger:after, .kt-accordion-id13372_30ef34-fe:not( .kt-accodion-icon-style-basic ):not( .kt-accodion-icon-style-xclose ):not( .kt-accodion-icon-style-arrow ) .kt-blocks-accordion-header:hover .kt-blocks-accordion-icon-trigger:before, body:not(.hide-focus-outline) .kt-accordion-id13372_30ef34-fe:not( .kt-accodion-icon-style-basic ):not( .kt-accodion-icon-style-xclose ):not( .kt-accodion-icon-style-arrow ) .kt-blocks-accordion-header:focus-visible .kt-blocks-accordion-icon-trigger:after, body:not(.hide-focus-outline) .kt-accordion-id13372_30ef34-fe:not( .kt-accodion-icon-style-basic ):not( .kt-accodion-icon-style-xclose ):not( .kt-accodion-icon-style-arrow ) .kt-blocks-accordion-header:focus-visible .kt-blocks-accordion-icon-trigger:before{background:#f4f4f4;}.kt-accordion-id13372_30ef34-fe .kt-accordion-header-wrap .kt-blocks-accordion-header:focus-visible, .kt-accordion-id13372_30ef34-fe .kt-accordion-header-wrap .kt-blocks-accordion-header.kt-accordion-panel-active{color:#444444;background:#f4f4f4;border-top:1px solid #f4f4f4;border-right:1px solid #f4f4f4;border-bottom:1px solid #f4f4f4;border-left:2px solid #f4f4f4;}.kt-accordion-id13372_30ef34-fe:not( .kt-accodion-icon-style-basiccircle ):not( .kt-accodion-icon-style-xclosecircle ):not( .kt-accodion-icon-style-arrowcircle ) .kt-blocks-accordion-header.kt-accordion-panel-active .kt-blocks-accordion-icon-trigger:after, .kt-accordion-id13372_30ef34-fe:not( .kt-accodion-icon-style-basiccircle ):not( .kt-accodion-icon-style-xclosecircle ):not( .kt-accodion-icon-style-arrowcircle ) .kt-blocks-accordion-header.kt-accordion-panel-active .kt-blocks-accordion-icon-trigger:before{background:#444444;}.kt-accordion-id13372_30ef34-fe:not( .kt-accodion-icon-style-basic ):not( .kt-accodion-icon-style-xclose ):not( .kt-accodion-icon-style-arrow ) .kt-blocks-accordion-header.kt-accordion-panel-active .kt-blocks-accordion-icon-trigger{background:#444444;}.kt-accordion-id13372_30ef34-fe:not( .kt-accodion-icon-style-basic ):not( .kt-accodion-icon-style-xclose ):not( .kt-accodion-icon-style-arrow ) .kt-blocks-accordion-header.kt-accordion-panel-active .kt-blocks-accordion-icon-trigger:after, .kt-accordion-id13372_30ef34-fe:not( .kt-accodion-icon-style-basic ):not( .kt-accodion-icon-style-xclose ):not( .kt-accodion-icon-style-arrow ) .kt-blocks-accordion-header.kt-accordion-panel-active .kt-blocks-accordion-icon-trigger:before{background:#f4f4f4;}@media all and (max-width: 1024px){.kt-accordion-id13372_30ef34-fe .kt-accordion-panel-inner{border-top:0px solid #f4f4f4;border-right:1px solid #f4f4f4;border-bottom:1px solid #f4f4f4;border-left:1px solid #f4f4f4;}}@media all and (max-width: 1024px){.kt-accordion-id13372_30ef34-fe .wp-block-kadence-pane .kt-accordion-header-wrap .kt-blocks-accordion-header{border-top:1px solid #f4f4f4;border-right:1px solid #f4f4f4;border-bottom:1px solid #f4f4f4;border-left:2px solid #f4f4f4;}}@media all and (max-width: 1024px){.kt-accordion-id13372_30ef34-fe .kt-accordion-header-wrap .kt-blocks-accordion-header:hover, body:not(.hide-focus-outline) .kt-accordion-id13372_30ef34-fe .kt-accordion-header-wrap .kt-blocks-accordion-header:focus-visible{border-top:1px solid #f4f4f4;border-right:1px solid #f4f4f4;border-bottom:1px solid #f4f4f4;border-left:2px solid #f4f4f4;}}@media all and (max-width: 1024px){.kt-accordion-id13372_30ef34-fe .kt-accordion-header-wrap .kt-blocks-accordion-header:focus-visible, .kt-accordion-id13372_30ef34-fe .kt-accordion-header-wrap .kt-blocks-accordion-header.kt-accordion-panel-active{border-top:1px solid #f4f4f4;border-right:1px solid #f4f4f4;border-bottom:1px solid #f4f4f4;border-left:2px solid #f4f4f4;}}@media all and (max-width: 767px){.kt-accordion-id13372_30ef34-fe .kt-accordion-inner-wrap{display:block;}.kt-accordion-id13372_30ef34-fe .kt-accordion-inner-wrap .kt-accordion-pane:not(:first-child){margin-top:10px;}.kt-accordion-id13372_30ef34-fe .kt-accordion-panel-inner{border-top:0px solid #f4f4f4;border-right:1px solid #f4f4f4;border-bottom:1px solid #f4f4f4;border-left:1px solid #f4f4f4;}.kt-accordion-id13372_30ef34-fe .wp-block-kadence-pane .kt-accordion-header-wrap .kt-blocks-accordion-header{border-top:1px solid #f4f4f4;border-right:1px solid #f4f4f4;border-bottom:1px solid #f4f4f4;border-left:2px solid #f4f4f4;}.kt-accordion-id13372_30ef34-fe .kt-accordion-header-wrap .kt-blocks-accordion-header:hover, body:not(.hide-focus-outline) .kt-accordion-id13372_30ef34-fe .kt-accordion-header-wrap .kt-blocks-accordion-header:focus-visible{border-top:1px solid #f4f4f4;border-right:1px solid #f4f4f4;border-bottom:1px solid #f4f4f4;border-left:2px solid #f4f4f4;}.kt-accordion-id13372_30ef34-fe .kt-accordion-header-wrap .kt-blocks-accordion-header:focus-visible, .kt-accordion-id13372_30ef34-fe .kt-accordion-header-wrap .kt-blocks-accordion-header.kt-accordion-panel-active{border-top:1px solid #f4f4f4;border-right:1px solid #f4f4f4;border-bottom:1px solid #f4f4f4;border-left:2px solid #f4f4f4;}}<\/style>\n<div class=\"wp-block-kadence-accordion alignnone\"><div class=\"kt-accordion-wrap kt-accordion-id13372_30ef34-fe kt-accordion-has-3-panes kt-active-pane-0 kt-accordion-block kt-pane-header-alignment-left kt-accodion-icon-style-arrow kt-accodion-icon-side-left\" style=\"max-width:none\"><div class=\"kt-accordion-inner-wrap\" data-allow-multiple-open=\"false\" data-start-open=\"none\">\n<div class=\"wp-block-kadence-pane kt-accordion-pane kt-accordion-pane-1 kt-pane13372_67cfac-db\"><div class=\"kt-accordion-header-wrap\"><button class=\"kt-blocks-accordion-header kt-acccordion-button-label-show\" type=\"button\"><span class=\"kt-blocks-accordion-title-wrap\"><span class=\"kt-blocks-accordion-title\">Person\u00e1lna charakteristika<\/span><\/span><span class=\"kt-blocks-accordion-icon-trigger\"><\/span><\/button><\/div><div class=\"kt-accordion-panel kt-accordion-panel-hidden\"><div class=\"kt-accordion-panel-inner\">\n<figure class=\"wp-block-table is-style-regular\"><table class=\"has-fixed-layout\"><tbody><tr><td><strong>Riadite\u013eka&nbsp;\u00fastavu:<\/strong><\/td><td><a href=\"https:\/\/www.upjs.sk\/UPJS\/zamestnanec\/alena.bukova\/\" class=\"ek-link\"><strong>Mgr. Alena Bukov\u00e1, PhD., univerzitn\u00e1 docentka<\/strong><\/a><br>e-mail: <a href=\"mailto:alena.bukova@upjs.sk\">alena.bukova@upjs.sk<\/a><br>tel.: 055 234 1624<\/td><\/tr><tr><td><strong>Sekret\u00e1rka:<\/strong><\/td><td>Lenka Sopkov\u00e1<br>e-mail: <a href=\"mailto:lenka.sopkova@upjs.sk\" class=\"ek-link\">lenka.sopkova@upjs.sk<\/a><br>tel.: 055 234 1604<\/td><\/tr><tr><td><strong>\u0160tudijn\u00e1 referentka:<\/strong><\/td><td>Mgr. Romana Mar\u010di\u0161inov\u00e1<br>e-mail: <a href=\"mailto:romana.marcisinova@upjs.sk\">romana.marcisinova@upjs.sk<\/a><br>tel.: 055&nbsp;234 1631<\/td><\/tr><\/tbody><\/table><\/figure>\n\n\n\n<figure class=\"wp-block-table is-style-regular\"><table class=\"has-fixed-layout\"><thead><tr><th>Z\u00e1stupcovia<\/th><th><\/th><\/tr><\/thead><tbody><tr><td>Z\u00e1stupca pre pedagogick\u00fa \u010dinnos\u0165<\/td><td>Mgr. Zuzana K\u00fcchelov\u00e1, PhD.<br>e-mail: <a href=\"mailto:zuzana.kuchelova@upjs.sk\">zuzana.kuchelova@upjs.sk<\/a><\/td><\/tr><tr><td>Z\u00e1stupca pre vedecko v\u00fdskumn\u00fa \u010dinnos\u0165<\/td><td><\/td><\/tr><tr><td>Z\u00e1stupca programu Erasmus<\/td><td>Mgr. Patrik Berta<br>e-mail: <a href=\"mailto:patrik.berta@upjs.sk\">patrik.berta@upjs.sk<\/a><\/td><\/tr><tr><td>\u0160tudijn\u00fd poradca \u0161tudijn\u00e9ho programu<\/td><td>Mgr. Zuzana K\u00fcchelov\u00e1, PhD.<br>e-mail: <a href=\"mailto:zuzana.kuchelova@upjs.sk\">zuzana.kuchelova@upjs.sk<\/a><\/td><\/tr><\/tbody><\/table><\/figure>\n<\/div><\/div><\/div>\n\n\n\n<div class=\"wp-block-kadence-pane kt-accordion-pane kt-accordion-pane-2 kt-pane13372_6b9b6f-89\"><div class=\"kt-accordion-header-wrap\"><button class=\"kt-blocks-accordion-header kt-acccordion-button-label-show\" type=\"button\"><span class=\"kt-blocks-accordion-title-wrap\"><span class=\"kt-blocks-accordion-title\">Konzulta\u010dn\u00e9 hodiny u\u010dite\u013eov<\/span><\/span><span class=\"kt-blocks-accordion-icon-trigger\"><\/span><\/button><\/div><div class=\"kt-accordion-panel kt-accordion-panel-hidden\"><div class=\"kt-accordion-panel-inner\">\n<p><strong>\u25bb<\/strong> <a href=\"https:\/\/www.upjs.sk\/pracoviska\/ustav-telesnej-vychovy\/o-nas-utvs\/konzultacne-hod\/\" class=\"ek-link\">Konzulta\u010dn\u00e9 hodiny u\u010dite\u013eov<\/a><\/p>\n<\/div><\/div><\/div>\n\n\n\n<div class=\"wp-block-kadence-pane kt-accordion-pane kt-accordion-pane-3 kt-pane13372_c27eba-ec\"><div class=\"kt-accordion-header-wrap\"><button class=\"kt-blocks-accordion-header kt-acccordion-button-label-show\" type=\"button\"><span class=\"kt-blocks-accordion-title-wrap\"><span class=\"kt-blocks-accordion-title\">Referenti pre pr\u00edslu\u0161n\u00fa fakultu<\/span><\/span><span class=\"kt-blocks-accordion-icon-trigger\"><\/span><\/button><\/div><div class=\"kt-accordion-panel kt-accordion-panel-hidden\"><div class=\"kt-accordion-panel-inner\">\n<p><strong>\u25bb<\/strong> <a href=\"https:\/\/www.upjs.sk\/pracoviska\/ustav-telesnej-vychovy\/o-nas-utvs\/referenti-fakult\/\" class=\"ek-link\">Referenti pre pr\u00edslu\u0161n\u00fa fakultu<\/a><\/p>\n<\/div><\/div><\/div>\n<\/div><\/div><\/div>\n<\/div><\/div>\n","protected":false},"excerpt":{"rendered":"","protected":false},"author":1,"featured_media":0,"parent":13621,"menu_order":2,"comment_status":"closed","ping_status":"closed","template":"","meta":{"_acf_changed":false,"_editorskit_title_hidden":false,"_editorskit_reading_time":1,"_editorskit_is_block_options_detached":false,"_editorskit_block_options_position":"{}","footnotes":""},"categories":[],"tags":[],"class_list":["post-13372","page","type-page","status-publish","hentry"],"acf":{"acf_link_na_externy_obsah":""},"yoast_head":"<!-- This site is optimized with the Yoast SEO plugin v27.2 - https:\/\/yoast.com\/product\/yoast-seo-wordpress\/ -->\n<title>Zamestnanci \u00daTV\u0160 UPJ\u0160 v Ko\u0161iciach - \u00dastav telesnej v\u00fdchovy a \u0161portu | UPJ\u0160<\/title>\n<meta name=\"robots\" content=\"index, follow, max-snippet:-1, max-image-preview:large, max-video-preview:-1\" \/>\n<link rel=\"canonical\" href=\"https:\/\/www.upjs.sk\/pracoviska\/ustav-telesnej-vychovy\/o-nas-utvs\/zamestnanci\/\" \/>\n<meta property=\"og:locale\" content=\"sk_SK\" \/>\n<meta property=\"og:type\" content=\"article\" \/>\n<meta property=\"og:title\" content=\"Zamestnanci \u00daTV\u0160 UPJ\u0160 v Ko\u0161iciach - \u00dastav telesnej v\u00fdchovy a \u0161portu | UPJ\u0160\" \/>\n<meta property=\"og:url\" content=\"https:\/\/www.upjs.sk\/pracoviska\/ustav-telesnej-vychovy\/o-nas-utvs\/zamestnanci\/\" \/>\n<meta property=\"og:site_name\" content=\"\u00dastav telesnej v\u00fdchovy a \u0161portu | UPJ\u0160\" \/>\n<meta property=\"article:modified_time\" content=\"2025-03-06T14:51:46+00:00\" \/>\n<meta name=\"twitter:card\" content=\"summary_large_image\" \/>\n<meta name=\"twitter:label1\" content=\"Predpokladan\u00fd \u010das \u010d\u00edtania\" \/>\n\t<meta name=\"twitter:data1\" content=\"1 min\u00fata\" \/>\n<script type=\"application\/ld+json\" class=\"yoast-schema-graph\">{\"@context\":\"https:\/\/schema.org\",\"@graph\":[{\"@type\":\"WebPage\",\"@id\":\"https:\/\/www.upjs.sk\/pracoviska\/ustav-telesnej-vychovy\/o-nas-utvs\/zamestnanci\/\",\"url\":\"https:\/\/www.upjs.sk\/pracoviska\/ustav-telesnej-vychovy\/o-nas-utvs\/zamestnanci\/\",\"name\":\"Zamestnanci \u00daTV\u0160 UPJ\u0160 v Ko\u0161iciach - \u00dastav telesnej v\u00fdchovy a \u0161portu | UPJ\u0160\",\"isPartOf\":{\"@id\":\"https:\/\/www.upjs.sk\/pracoviska\/ustav-telesnej-vychovy\/#website\"},\"datePublished\":\"2022-05-10T19:48:26+00:00\",\"dateModified\":\"2025-03-06T14:51:46+00:00\",\"breadcrumb\":{\"@id\":\"https:\/\/www.upjs.sk\/pracoviska\/ustav-telesnej-vychovy\/o-nas-utvs\/zamestnanci\/#breadcrumb\"},\"inLanguage\":\"sk-SK\",\"potentialAction\":[{\"@type\":\"ReadAction\",\"target\":[\"https:\/\/www.upjs.sk\/pracoviska\/ustav-telesnej-vychovy\/o-nas-utvs\/zamestnanci\/\"]}]},{\"@type\":\"BreadcrumbList\",\"@id\":\"https:\/\/www.upjs.sk\/pracoviska\/ustav-telesnej-vychovy\/o-nas-utvs\/zamestnanci\/#breadcrumb\",\"itemListElement\":[{\"@type\":\"ListItem\",\"position\":1,\"name\":\"Home\",\"item\":\"https:\/\/www.upjs.sk\/pracoviska\/ustav-telesnej-vychovy\/\"},{\"@type\":\"ListItem\",\"position\":2,\"name\":\"O n\u00e1s\",\"item\":\"https:\/\/www.upjs.sk\/pracoviska\/ustav-telesnej-vychovy\/o-nas-utvs\/\"},{\"@type\":\"ListItem\",\"position\":3,\"name\":\"Zamestnanci \u00daTV\u0160 UPJ\u0160 v Ko\u0161iciach\"}]},{\"@type\":\"WebSite\",\"@id\":\"https:\/\/www.upjs.sk\/pracoviska\/ustav-telesnej-vychovy\/#website\",\"url\":\"https:\/\/www.upjs.sk\/pracoviska\/ustav-telesnej-vychovy\/\",\"name\":\"\u00dastav telesnej v\u00fdchovy a \u0161portu | UPJ\u0160\",\"description\":\"\",\"publisher\":{\"@id\":\"https:\/\/www.upjs.sk\/pracoviska\/ustav-telesnej-vychovy\/#organization\"},\"potentialAction\":[{\"@type\":\"SearchAction\",\"target\":{\"@type\":\"EntryPoint\",\"urlTemplate\":\"https:\/\/www.upjs.sk\/pracoviska\/ustav-telesnej-vychovy\/?s={search_term_string}\"},\"query-input\":{\"@type\":\"PropertyValueSpecification\",\"valueRequired\":true,\"valueName\":\"search_term_string\"}}],\"inLanguage\":\"sk-SK\"},{\"@type\":\"Organization\",\"@id\":\"https:\/\/www.upjs.sk\/pracoviska\/ustav-telesnej-vychovy\/#organization\",\"name\":\"\u00dastav telesnej v\u00fdchovy a \u0161portu | UPJ\u0160\",\"url\":\"https:\/\/www.upjs.sk\/pracoviska\/ustav-telesnej-vychovy\/\",\"logo\":{\"@type\":\"ImageObject\",\"inLanguage\":\"sk-SK\",\"@id\":\"https:\/\/www.upjs.sk\/pracoviska\/ustav-telesnej-vychovy\/#\/schema\/logo\/image\/\",\"url\":\"https:\/\/www.upjs.sk\/app\/uploads\/sites\/14\/2023\/01\/UTVS.svg\",\"contentUrl\":\"https:\/\/www.upjs.sk\/app\/uploads\/sites\/14\/2023\/01\/UTVS.svg\",\"width\":500,\"height\":138,\"caption\":\"\u00dastav telesnej v\u00fdchovy a \u0161portu | UPJ\u0160\"},\"image\":{\"@id\":\"https:\/\/www.upjs.sk\/pracoviska\/ustav-telesnej-vychovy\/#\/schema\/logo\/image\/\"}}]}<\/script>\n<!-- \/ Yoast SEO plugin. -->","yoast_head_json":{"title":"Zamestnanci \u00daTV\u0160 UPJ\u0160 v Ko\u0161iciach - \u00dastav telesnej v\u00fdchovy a \u0161portu | UPJ\u0160","robots":{"index":"index","follow":"follow","max-snippet":"max-snippet:-1","max-image-preview":"max-image-preview:large","max-video-preview":"max-video-preview:-1"},"canonical":"https:\/\/www.upjs.sk\/pracoviska\/ustav-telesnej-vychovy\/o-nas-utvs\/zamestnanci\/","og_locale":"sk_SK","og_type":"article","og_title":"Zamestnanci \u00daTV\u0160 UPJ\u0160 v Ko\u0161iciach - \u00dastav telesnej v\u00fdchovy a \u0161portu | UPJ\u0160","og_url":"https:\/\/www.upjs.sk\/pracoviska\/ustav-telesnej-vychovy\/o-nas-utvs\/zamestnanci\/","og_site_name":"\u00dastav telesnej v\u00fdchovy a \u0161portu | UPJ\u0160","article_modified_time":"2025-03-06T14:51:46+00:00","twitter_card":"summary_large_image","twitter_misc":{"Predpokladan\u00fd \u010das \u010d\u00edtania":"1 min\u00fata"},"schema":{"@context":"https:\/\/schema.org","@graph":[{"@type":"WebPage","@id":"https:\/\/www.upjs.sk\/pracoviska\/ustav-telesnej-vychovy\/o-nas-utvs\/zamestnanci\/","url":"https:\/\/www.upjs.sk\/pracoviska\/ustav-telesnej-vychovy\/o-nas-utvs\/zamestnanci\/","name":"Zamestnanci \u00daTV\u0160 UPJ\u0160 v Ko\u0161iciach - \u00dastav telesnej v\u00fdchovy a \u0161portu | UPJ\u0160","isPartOf":{"@id":"https:\/\/www.upjs.sk\/pracoviska\/ustav-telesnej-vychovy\/#website"},"datePublished":"2022-05-10T19:48:26+00:00","dateModified":"2025-03-06T14:51:46+00:00","breadcrumb":{"@id":"https:\/\/www.upjs.sk\/pracoviska\/ustav-telesnej-vychovy\/o-nas-utvs\/zamestnanci\/#breadcrumb"},"inLanguage":"sk-SK","potentialAction":[{"@type":"ReadAction","target":["https:\/\/www.upjs.sk\/pracoviska\/ustav-telesnej-vychovy\/o-nas-utvs\/zamestnanci\/"]}]},{"@type":"BreadcrumbList","@id":"https:\/\/www.upjs.sk\/pracoviska\/ustav-telesnej-vychovy\/o-nas-utvs\/zamestnanci\/#breadcrumb","itemListElement":[{"@type":"ListItem","position":1,"name":"Home","item":"https:\/\/www.upjs.sk\/pracoviska\/ustav-telesnej-vychovy\/"},{"@type":"ListItem","position":2,"name":"O n\u00e1s","item":"https:\/\/www.upjs.sk\/pracoviska\/ustav-telesnej-vychovy\/o-nas-utvs\/"},{"@type":"ListItem","position":3,"name":"Zamestnanci \u00daTV\u0160 UPJ\u0160 v Ko\u0161iciach"}]},{"@type":"WebSite","@id":"https:\/\/www.upjs.sk\/pracoviska\/ustav-telesnej-vychovy\/#website","url":"https:\/\/www.upjs.sk\/pracoviska\/ustav-telesnej-vychovy\/","name":"\u00dastav telesnej v\u00fdchovy a \u0161portu | UPJ\u0160","description":"","publisher":{"@id":"https:\/\/www.upjs.sk\/pracoviska\/ustav-telesnej-vychovy\/#organization"},"potentialAction":[{"@type":"SearchAction","target":{"@type":"EntryPoint","urlTemplate":"https:\/\/www.upjs.sk\/pracoviska\/ustav-telesnej-vychovy\/?s={search_term_string}"},"query-input":{"@type":"PropertyValueSpecification","valueRequired":true,"valueName":"search_term_string"}}],"inLanguage":"sk-SK"},{"@type":"Organization","@id":"https:\/\/www.upjs.sk\/pracoviska\/ustav-telesnej-vychovy\/#organization","name":"\u00dastav telesnej v\u00fdchovy a \u0161portu | UPJ\u0160","url":"https:\/\/www.upjs.sk\/pracoviska\/ustav-telesnej-vychovy\/","logo":{"@type":"ImageObject","inLanguage":"sk-SK","@id":"https:\/\/www.upjs.sk\/pracoviska\/ustav-telesnej-vychovy\/#\/schema\/logo\/image\/","url":"https:\/\/www.upjs.sk\/app\/uploads\/sites\/14\/2023\/01\/UTVS.svg","contentUrl":"https:\/\/www.upjs.sk\/app\/uploads\/sites\/14\/2023\/01\/UTVS.svg","width":500,"height":138,"caption":"\u00dastav telesnej v\u00fdchovy a \u0161portu | UPJ\u0160"},"image":{"@id":"https:\/\/www.upjs.sk\/pracoviska\/ustav-telesnej-vychovy\/#\/schema\/logo\/image\/"}}]}},"_links":{"self":[{"href":"https:\/\/www.upjs.sk\/pracoviska\/ustav-telesnej-vychovy\/wp-json\/wp\/v2\/pages\/13372","targetHints":{"allow":["GET"]}}],"collection":[{"href":"https:\/\/www.upjs.sk\/pracoviska\/ustav-telesnej-vychovy\/wp-json\/wp\/v2\/pages"}],"about":[{"href":"https:\/\/www.upjs.sk\/pracoviska\/ustav-telesnej-vychovy\/wp-json\/wp\/v2\/types\/page"}],"author":[{"embeddable":true,"href":"https:\/\/www.upjs.sk\/pracoviska\/ustav-telesnej-vychovy\/wp-json\/wp\/v2\/users\/1"}],"replies":[{"embeddable":true,"href":"https:\/\/www.upjs.sk\/pracoviska\/ustav-telesnej-vychovy\/wp-json\/wp\/v2\/comments?post=13372"}],"version-history":[{"count":19,"href":"https:\/\/www.upjs.sk\/pracoviska\/ustav-telesnej-vychovy\/wp-json\/wp\/v2\/pages\/13372\/revisions"}],"predecessor-version":[{"id":22346,"href":"https:\/\/www.upjs.sk\/pracoviska\/ustav-telesnej-vychovy\/wp-json\/wp\/v2\/pages\/13372\/revisions\/22346"}],"up":[{"embeddable":true,"href":"https:\/\/www.upjs.sk\/pracoviska\/ustav-telesnej-vychovy\/wp-json\/wp\/v2\/pages\/13621"}],"wp:attachment":[{"href":"https:\/\/www.upjs.sk\/pracoviska\/ustav-telesnej-vychovy\/wp-json\/wp\/v2\/media?parent=13372"}],"wp:term":[{"taxonomy":"category","embeddable":true,"href":"https:\/\/www.upjs.sk\/pracoviska\/ustav-telesnej-vychovy\/wp-json\/wp\/v2\/categories?post=13372"},{"taxonomy":"post_tag","embeddable":true,"href":"https:\/\/www.upjs.sk\/pracoviska\/ustav-telesnej-vychovy\/wp-json\/wp\/v2\/tags?post=13372"}],"curies":[{"name":"wp","href":"https:\/\/api.w.org\/{rel}","templated":true}]}}