{"id":13441,"date":"2022-05-10T19:48:26","date_gmt":"2022-05-10T19:48:26","guid":{"rendered":"https:\/\/www.upjs.sk\/pracoviska\/ustav-telesnej-vychovy\/partneri\/"},"modified":"2025-12-01T15:38:40","modified_gmt":"2025-12-01T14:38:40","slug":"partneri","status":"publish","type":"page","link":"https:\/\/www.upjs.sk\/pracoviska\/ustav-telesnej-vychovy\/verejnost\/partneri\/","title":{"rendered":"Partneri"},"content":{"rendered":"\n<p><strong><mark style=\"background-color:rgba(0, 0, 0, 0)\" class=\"has-inline-color has-zakladna-modra-color\">Partneri vysokej \u0161koly pri zabezpe\u010dovan\u00ed vzdel\u00e1vac\u00edch \u010dinnost\u00ed \u0161tudijn\u00e9ho programu a charakteristika ich particip\u00e1cie<\/mark><\/strong><\/p>\n\n\n\n<figure class=\"wp-block-table aligncenter\"><table class=\"has-fixed-layout\"><tbody><tr><td class=\"has-text-align-center\" data-align=\"center\"><a href=\"http:\/\/www.saus.sk\/\"><img decoding=\"async\" style=\"\" src=\"https:\/\/www.upjs.sk\/app\/uploads\/2025\/12\/image.png\" alt=\"\"><\/a> &nbsp;<\/td><td><strong>Slovensk\u00e1 asoci\u00e1cia univerzitn\u00e9ho \u0161portu<\/strong> Spolupr\u00e1ca umo\u017e\u0148uje, \u017ee sme ako pracovisko a univerzita zap\u00e1jan\u00ed do organiz\u00e1cie univerzi\u00e1d a akademick\u00fdch majstrovstiev. Podporujeme \u0161portov\u00e9 aktivity \u0161tudentov prostredn\u00edctvom univerzitn\u00fdch \u0161portov\u00fdch klubov, vytv\u00e1rame podmienky pre rozvoj \u0161portov\u00fdch talentov a ich harmoniz\u00e1ciu \u0161t\u00fadia so \u0161portovou pr\u00edpravou. Podie\u013eame sa na vzdel\u00e1vac\u00edch projektoch zameran\u00fdch na podporu zdrav\u00e9ho \u017eivotn\u00e9ho \u0161t\u00fdlu a z\u00e1rove\u0148 zabezpe\u010dujeme \u00fa\u010das\u0165 a pr\u00edpravu \u0161tudentov na medzin\u00e1rodn\u00fdch univerzitn\u00fdch \u0161portov\u00fdch podujatiach v r\u00e1mci syst\u00e9mu SAU\u0160.<\/td><\/tr><tr><td class=\"has-text-align-center\" data-align=\"center\"><img decoding=\"async\" src=\"https:\/\/www.upjs.sk\/app\/uploads\/sites\/14\/2025\/12\/image.png\" alt=\"\"><\/td><td><strong>Refer\u00e1t \u0161portu a ml\u00e1de\u017ee Magistr\u00e1tu mesta Ko\u0161ice<\/strong> Umo\u017e\u0148uje \u0161tudentom participova\u0165 na organizovan\u00ed \u0161portov\u00fdch a rekrea\u010dn\u00fdch podujat\u00ed a z\u00e1rove\u0148 sa zap\u00e1ja do realiz\u00e1cie mestsk\u00fdch dota\u010dn\u00fdch polit\u00edk v oblasti \u0161portu. Spolupr\u00e1ca zah\u0155\u0148a aj \u00fa\u010das\u0165 na tvorbe projektov, grantov a partnerstiev so \u0161portov\u00fdmi organiz\u00e1ciami a ob\u010dianskymi zdru\u017eeniami.<\/td><\/tr><tr><td class=\"has-text-align-center\" data-align=\"center\"><img decoding=\"async\" src=\"https:\/\/www.upjs.sk\/app\/uploads\/sites\/14\/2025\/12\/image-1.png\" alt=\"\"><\/td><td><strong>ACES Europe<\/strong> Spolupr\u00e1ca vysokej \u0161koly a ACES Europe umo\u017e\u0148uje, aby \u0161kola participovala pri ude\u013eovan\u00ed titulov \u201emesto\/komunita \u0161portu\u201c, \u010d\u00edm sa zap\u00e1ja do podpory \u0161portu, zdravia a komunitnej pohody vo svojom regi\u00f3ne.<\/td><\/tr><tr><td class=\"has-text-align-center\" data-align=\"center\"><img decoding=\"async\" src=\"https:\/\/www.upjs.sk\/app\/uploads\/sites\/14\/2025\/12\/image-2.png\" alt=\"\"> &nbsp;<\/td><td><strong>Progress Promotion, s. r. o.<\/strong>, organiz\u00e1tor <strong>Medzin\u00e1rodn\u00e9ho marat\u00f3nu mieru v Ko\u0161iciach (MMM)<\/strong> Predstavuje v\u00fdznamn\u00e9ho partnera v oblasti \u0161portov\u00e9ho event mana\u017ementu. \u0160tudenti sa pravidelne zap\u00e1jaj\u00fa do pr\u00edpravy a realiz\u00e1cie podujatia, \u010d\u00edm z\u00edskavaj\u00fa cenn\u00e9 sk\u00fasenosti s organiz\u00e1ciou ve\u013ek\u00fdch \u0161portov\u00fdch akci\u00ed na medzin\u00e1rodnej \u00farovni.<\/td><\/tr><tr><td class=\"has-text-align-center\" data-align=\"center\"><img decoding=\"async\" src=\"https:\/\/www.upjs.sk\/app\/uploads\/sites\/14\/2025\/12\/image-3.png\" alt=\"\">&nbsp;<\/td><td><strong>Stredn\u00e1 \u0161portov\u00e1 \u0161kola v Ko\u0161iciach<\/strong>&nbsp; P\u00f4sob\u00ed ako v\u00fdznamn\u00fd partner s prepojen\u00edm na \u0161portov\u00fa prax. Spoluorganizuje \u0161portov\u00e9 a odborn\u00e9 podujatia, poskytuje priestor na zber d\u00e1t pre \u0161tudentsk\u00e9 v\u00fdskumn\u00e9 pr\u00e1ce a umo\u017e\u0148uje \u0161tudentom z\u00edskava\u0165 sk\u00fasenosti v r\u00f4znych \u0161portov\u00fdch odvetviach pod veden\u00edm odborn\u00edkov z praxe.<\/td><\/tr><tr><td class=\"has-text-align-center\" data-align=\"center\"><img decoding=\"async\" src=\"https:\/\/www.upjs.sk\/app\/uploads\/sites\/14\/2025\/12\/image-4.png\" alt=\"\">\u00a0<\/td><td><strong>Spojen\u00e1 \u0161kola na Vojenskej ulici v Ko\u0161iciach<\/strong> a partnersk\u00e9 matersk\u00e9 \u0161koly <em>Z\u00e1sielka<\/em>, <em>Hrn\u010diarska<\/em> a <em>Vil\u00f4\u010dka<\/em>&nbsp; Umo\u017e\u0148uj\u00fa \u0161tudentom realizova\u0165 praktick\u00e9 zadania s diferencovan\u00fdmi skupinami cvi\u010dencov vr\u00e1tane det\u00ed s autizmom, \u010d\u00edm rozv\u00edjaj\u00fa ich odborn\u00e9 a pedagogick\u00e9 kompetencie. &nbsp;<\/td><\/tr><tr><td class=\"has-text-align-center\" data-align=\"center\"><img decoding=\"async\" src=\"https:\/\/www.upjs.sk\/app\/uploads\/sites\/14\/2025\/12\/image-5.png\" alt=\"\"><\/td><td><strong>Telov\u00fdchovn\u00e1 jednota Sl\u00e1via UPJ\u0160<\/strong>&nbsp; Predstavuje k\u013e\u00fa\u010dov\u00e9ho partnera pracoviska. Poskytuje priestor na odborn\u00fa prax, v\u00fdskum a realiz\u00e1ciu z\u00e1vere\u010dn\u00fdch pr\u00e1c, pri\u010dom \u0161tudentom umo\u017e\u0148uje participova\u0165 na organizovan\u00ed \u0161portov\u00fdch a rekrea\u010dn\u00fdch aktiv\u00edt univerzity. &nbsp;<\/td><\/tr><tr><td class=\"has-text-align-center\" data-align=\"center\"> &nbsp;<img decoding=\"async\" src=\"https:\/\/www.upjs.sk\/app\/uploads\/sites\/14\/2025\/12\/image-6.png\" alt=\"\"><\/td><td><strong>Futbalov\u00fd klub FC Ko\u0161ice<\/strong> Extraligov\u00fd klub, ktor\u00fd patr\u00ed medzi \u0161pi\u010dku \u0161portovej pr\u00edpravy. \u0160tudenti s\u00fa zapojen\u00ed ako asistenti tr\u00e9nerov, nesk\u00f4r, po doplnen\u00ed tr\u00e9nerskej licencie ich zv\u00e4z zamestn\u00e1va ako kvalifikovan\u00fdch tr\u00e9nerov.<\/td><\/tr><tr><td class=\"has-text-align-center\" data-align=\"center\"><img decoding=\"async\" src=\"https:\/\/www.upjs.sk\/app\/uploads\/sites\/14\/2025\/12\/image-7.png\" alt=\"\"> &nbsp;<\/td><td><strong>Centrum vo\u013en\u00e9ho \u010dasu v Ko\u0161iciach<\/strong>&nbsp; Spolupracuje pri zabezpe\u010den\u00ed priebe\u017en\u00fdch pedagogick\u00fdch prax\u00ed a rozv\u00edja praktick\u00e9 sk\u00fasenosti \u0161tudentov v pr\u00e1ci s ml\u00e1de\u017eou. &nbsp;<\/td><\/tr><tr><td class=\"has-text-align-center\" data-align=\"center\"> &nbsp;<img decoding=\"async\" src=\"https:\/\/www.upjs.sk\/app\/uploads\/sites\/14\/2025\/12\/image-8.png\" alt=\"\"><\/td><td><strong>Slovensk\u00e1 asoci\u00e1cia jogy, fitnes, aerobiku a kondi\u010dn\u00fdch tr\u00e9nerov (SAJFAKT)<\/strong>&nbsp; Umo\u017e\u0148uje \u0161tudentom roz\u0161\u00edri\u0165 si vedomosti a zru\u010dnosti v oblasti fitness, jogy a kondi\u010dn\u00e9ho tr\u00e9ningu prostredn\u00edctvom kurzov a odborn\u00fdch \u0161kolen\u00ed.<\/td><\/tr><tr><td class=\"has-text-align-center\" data-align=\"center\"><img decoding=\"async\" src=\"https:\/\/www.upjs.sk\/app\/uploads\/sites\/14\/2025\/12\/image-9.png\" alt=\"\"> &nbsp;<\/td><td><strong>Family Gym O\u00e1za<\/strong> Je komer\u010dn\u00fdm partnerom, ktor\u00fd umo\u017e\u0148uje realiz\u00e1ciu odborn\u00fdch prax\u00ed a zap\u00e1janie \u0161tudentov do organiz\u00e1cie podujat\u00ed zameran\u00fdch na pohybov\u00fa rekre\u00e1ciu a zdrav\u00fd \u017eivotn\u00fd \u0161t\u00fdl.<\/td><\/tr><tr><td class=\"has-text-align-center\" data-align=\"center\"> <img decoding=\"async\" src=\"https:\/\/www.upjs.sk\/app\/uploads\/sites\/14\/2025\/12\/image-10.png\" alt=\"\"><\/td><td><strong>Premium FIT<\/strong>&nbsp; Zastre\u0161uje prev\u00e1dzku fitness centier <em>Golem Club<\/em> v Ko\u0161iciach a poskytuje \u0161tudentom priestor pre praktick\u00e9 st\u00e1\u017ee a odborn\u00e9 \u0161kolenia v oblasti fitness mana\u017ementu.<\/td><\/tr><tr><td class=\"has-text-align-center\" data-align=\"center\"><img decoding=\"async\" src=\"https:\/\/www.upjs.sk\/app\/uploads\/sites\/14\/2025\/12\/image-11.png\" alt=\"\"> &nbsp;<\/td><td><strong>EfectFit Academy<\/strong>&nbsp; Je partnerom v oblasti odborn\u00e9ho vzdel\u00e1vania, diagnostiky a tr\u00e9ningovej praxe. \u0160tudenti tu absolvuj\u00fa \u0161kolenia pre osobn\u00fdch tr\u00e9nerov a z\u00fa\u010dast\u0148uj\u00fa sa workshopov zameran\u00fdch na modern\u00e9 trendy v \u0161porte.<\/td><\/tr><tr><td class=\"has-text-align-center\" data-align=\"center\"><img decoding=\"async\" src=\"https:\/\/www.upjs.sk\/app\/uploads\/sites\/14\/2025\/12\/image-12.png\" alt=\"\"> &nbsp;<\/td><td><strong>Red Ram CrossFit<\/strong>&nbsp; Poskytuje priestory a tr\u00e9nerov z praxe, ktor\u00ed \u0161tudentom sprostredk\u00favaj\u00fa sk\u00fasenosti z komer\u010dn\u00e9ho prostredia modern\u00e9ho kondi\u010dn\u00e9ho tr\u00e9ningu.<\/td><\/tr><tr><td class=\"has-text-align-center\" data-align=\"center\"> &nbsp;<img decoding=\"async\" src=\"https:\/\/www.upjs.sk\/app\/uploads\/sites\/14\/2025\/12\/image-14.png\" alt=\"\"><\/td><td><strong>Davaj Makaj<\/strong>&nbsp; Je partnersk\u00e9 fitness centrum s filozofiou zameranou na komplexn\u00fd rozvoj fyzick\u00e9ho aj ment\u00e1lneho zdravia. Spolupr\u00e1ca zah\u0155\u0148a organiz\u00e1ciu prax\u00ed, \u0161kolen\u00ed a komunitn\u00fdch podujat\u00ed v oblasti zdrav\u00e9ho \u017eivotn\u00e9ho \u0161t\u00fdlu.<\/td><\/tr><tr><td class=\"has-text-align-center\" data-align=\"center\"><img decoding=\"async\" src=\"https:\/\/www.upjs.sk\/app\/uploads\/sites\/14\/2025\/12\/image-15.png\" alt=\"\"><\/td><td><strong>OZ Splash International Ko\u0161ice<\/strong>&nbsp; Poskytuje priestor na eduk\u00e1ciu \u0161tudentov v pr\u00e1ci s de\u0165mi v matersk\u00fdch a z\u00e1kladn\u00fdch \u0161kol\u00e1ch a zap\u00e1ja ich do anima\u010dn\u00fdch a pohybov\u00fdch aktiv\u00edt.<\/td><\/tr><\/tbody><\/table><\/figure>\n\n\n\n<p><\/p>\n\n\n\n<p><strong><mark style=\"background-color:rgba(0, 0, 0, 0)\" class=\"has-inline-color has-zakladna-modra-color\">Partnerstv\u00e1 so zahrani\u010dn\u00fdmi vysok\u00fdmi \u0161kolami<\/mark><\/strong><\/p>\n\n\n\n<figure class=\"wp-block-table\"><table class=\"has-fixed-layout\"><tbody><tr><td>          <img decoding=\"async\" src=\"https:\/\/www.upjs.sk\/app\/uploads\/sites\/14\/2025\/12\/image-16.png\" alt=\"\"><\/td><td><a href=\"http:\/\/www.ajd.czest.pl\">Akademia im. Jana D\u0142ugosza w Cz\u0119stochowie<\/a><\/td><\/tr><tr><td><br><img decoding=\"async\" src=\"https:\/\/www.upjs.sk\/app\/uploads\/sites\/14\/2022\/10\/LesyaUkrainkaEasternEuropeanNationalUniversity-150x150.jpg\" alt=\"\"><br> &nbsp;<\/td><td><a href=\"https:\/\/vnu.edu.ua\/en\">Lesya Ukrainka Eastern European National University<\/a><\/td><\/tr><tr><td><img decoding=\"async\" src=\"https:\/\/www.upjs.sk\/app\/uploads\/sites\/14\/2025\/12\/image-18.png\" alt=\"\"><\/td><td><a href=\"https:\/\/www.ujep.cz\/en\">Jan Evangelista Purkyn\u011b University in \u00dast\u00ed nad Labem<\/a><\/td><\/tr><tr><td><img decoding=\"async\" src=\"https:\/\/www.upjs.sk\/app\/uploads\/sites\/14\/2025\/12\/image-19.png\" alt=\"\"><\/td><td><a href=\"http:\/\/studyinsilesia.pl\/en\/universities\/academy-physical-education\">Jerzy Kukuczka Academy of Physical Education in Katowice, Poland<\/a><\/td><\/tr><tr><td> &nbsp;<img decoding=\"async\" src=\"https:\/\/www.upjs.sk\/app\/uploads\/sites\/14\/2025\/12\/image-20.png\" alt=\"\"><\/td><td>&nbsp; <a href=\"https:\/\/akademiarac.edu.pl\">Akademia Nauk Stosowanych w Raciborzu<\/a><a href=\"https:\/\/akademiarac.edu.pl\">\u2028<br><\/a>&nbsp;<\/td><\/tr><\/tbody><\/table><\/figure>\n","protected":false},"excerpt":{"rendered":"<p>Partneri vysokej \u0161koly pri zabezpe\u010dovan\u00ed vzdel\u00e1vac\u00edch \u010dinnost\u00ed \u0161tudijn\u00e9ho programu a charakteristika ich particip\u00e1cie &nbsp; Slovensk\u00e1 asoci\u00e1cia univerzitn\u00e9ho \u0161portu Spolupr\u00e1ca umo\u017e\u0148uje, \u017ee sme ako pracovisko a univerzita zap\u00e1jan\u00ed do organiz\u00e1cie univerzi\u00e1d a akademick\u00fdch majstrovstiev. Podporujeme \u0161portov\u00e9 aktivity \u0161tudentov prostredn\u00edctvom univerzitn\u00fdch \u0161portov\u00fdch klubov, vytv\u00e1rame podmienky pre rozvoj \u0161portov\u00fdch talentov a ich harmoniz\u00e1ciu \u0161t\u00fadia so \u0161portovou pr\u00edpravou. Podie\u013eame &hellip; <a href=\"https:\/\/www.upjs.sk\/pracoviska\/ustav-telesnej-vychovy\/verejnost\/partneri\/\">\u010c\u00edta\u0165 \u010falej<\/a><\/p>\n","protected":false},"author":1,"featured_media":13450,"parent":13642,"menu_order":2,"comment_status":"closed","ping_status":"closed","template":"","meta":{"_acf_changed":false,"_editorskit_title_hidden":false,"_editorskit_reading_time":0,"_editorskit_is_block_options_detached":false,"_editorskit_block_options_position":"{}","footnotes":""},"categories":[],"tags":[],"class_list":["post-13441","page","type-page","status-publish","has-post-thumbnail","hentry"],"acf":{"acf_link_na_externy_obsah":""},"yoast_head":"<!-- This site is optimized with the Yoast SEO plugin v27.5 - https:\/\/yoast.com\/product\/yoast-seo-wordpress\/ -->\n<title>Partneri - \u00dastav telesnej v\u00fdchovy a \u0161portu | UPJ\u0160<\/title>\n<meta name=\"robots\" content=\"index, follow, max-snippet:-1, max-image-preview:large, max-video-preview:-1\" \/>\n<link rel=\"canonical\" href=\"https:\/\/www.upjs.sk\/pracoviska\/ustav-telesnej-vychovy\/verejnost\/partneri\/\" \/>\n<meta property=\"og:locale\" content=\"sk_SK\" \/>\n<meta property=\"og:type\" content=\"article\" \/>\n<meta property=\"og:title\" content=\"Partneri - \u00dastav telesnej v\u00fdchovy a \u0161portu | UPJ\u0160\" \/>\n<meta property=\"og:description\" content=\"Partneri vysokej \u0161koly pri zabezpe\u010dovan\u00ed vzdel\u00e1vac\u00edch \u010dinnost\u00ed \u0161tudijn\u00e9ho programu a charakteristika ich particip\u00e1cie &nbsp; Slovensk\u00e1 asoci\u00e1cia univerzitn\u00e9ho \u0161portu Spolupr\u00e1ca umo\u017e\u0148uje, \u017ee sme ako pracovisko a univerzita zap\u00e1jan\u00ed do organiz\u00e1cie univerzi\u00e1d a akademick\u00fdch majstrovstiev. Podporujeme \u0161portov\u00e9 aktivity \u0161tudentov prostredn\u00edctvom univerzitn\u00fdch \u0161portov\u00fdch klubov, vytv\u00e1rame podmienky pre rozvoj \u0161portov\u00fdch talentov a ich harmoniz\u00e1ciu \u0161t\u00fadia so \u0161portovou pr\u00edpravou. Podie\u013eame &hellip; \u010c\u00edta\u0165 \u010falej\" \/>\n<meta property=\"og:url\" content=\"https:\/\/www.upjs.sk\/pracoviska\/ustav-telesnej-vychovy\/verejnost\/partneri\/\" \/>\n<meta property=\"og:site_name\" content=\"\u00dastav telesnej v\u00fdchovy a \u0161portu | UPJ\u0160\" \/>\n<meta property=\"article:modified_time\" content=\"2025-12-01T14:38:40+00:00\" \/>\n<meta property=\"og:image\" content=\"https:\/\/www.upjs.sk\/app\/uploads\/sites\/14\/2022\/10\/usmej-sa-logo.jpg\" \/>\n\t<meta property=\"og:image:width\" content=\"110\" \/>\n\t<meta property=\"og:image:height\" content=\"139\" \/>\n\t<meta property=\"og:image:type\" content=\"image\/jpeg\" \/>\n<meta name=\"twitter:card\" content=\"summary_large_image\" \/>\n<meta name=\"twitter:label1\" content=\"Predpokladan\u00fd \u010das \u010d\u00edtania\" \/>\n\t<meta name=\"twitter:data1\" content=\"8 min\u00fat\" \/>\n<script type=\"application\/ld+json\" class=\"yoast-schema-graph\">{\"@context\":\"https:\\\/\\\/schema.org\",\"@graph\":[{\"@type\":\"WebPage\",\"@id\":\"https:\\\/\\\/www.upjs.sk\\\/pracoviska\\\/ustav-telesnej-vychovy\\\/verejnost\\\/partneri\\\/\",\"url\":\"https:\\\/\\\/www.upjs.sk\\\/pracoviska\\\/ustav-telesnej-vychovy\\\/verejnost\\\/partneri\\\/\",\"name\":\"Partneri - \u00dastav telesnej v\u00fdchovy a \u0161portu | UPJ\u0160\",\"isPartOf\":{\"@id\":\"https:\\\/\\\/www.upjs.sk\\\/pracoviska\\\/ustav-telesnej-vychovy\\\/#website\"},\"primaryImageOfPage\":{\"@id\":\"https:\\\/\\\/www.upjs.sk\\\/pracoviska\\\/ustav-telesnej-vychovy\\\/verejnost\\\/partneri\\\/#primaryimage\"},\"image\":{\"@id\":\"https:\\\/\\\/www.upjs.sk\\\/pracoviska\\\/ustav-telesnej-vychovy\\\/verejnost\\\/partneri\\\/#primaryimage\"},\"thumbnailUrl\":\"https:\\\/\\\/www.upjs.sk\\\/app\\\/uploads\\\/sites\\\/14\\\/2022\\\/10\\\/usmej-sa-logo.jpg\",\"datePublished\":\"2022-05-10T19:48:26+00:00\",\"dateModified\":\"2025-12-01T14:38:40+00:00\",\"breadcrumb\":{\"@id\":\"https:\\\/\\\/www.upjs.sk\\\/pracoviska\\\/ustav-telesnej-vychovy\\\/verejnost\\\/partneri\\\/#breadcrumb\"},\"inLanguage\":\"sk-SK\",\"potentialAction\":[{\"@type\":\"ReadAction\",\"target\":[\"https:\\\/\\\/www.upjs.sk\\\/pracoviska\\\/ustav-telesnej-vychovy\\\/verejnost\\\/partneri\\\/\"]}]},{\"@type\":\"ImageObject\",\"inLanguage\":\"sk-SK\",\"@id\":\"https:\\\/\\\/www.upjs.sk\\\/pracoviska\\\/ustav-telesnej-vychovy\\\/verejnost\\\/partneri\\\/#primaryimage\",\"url\":\"https:\\\/\\\/www.upjs.sk\\\/app\\\/uploads\\\/sites\\\/14\\\/2022\\\/10\\\/usmej-sa-logo.jpg\",\"contentUrl\":\"https:\\\/\\\/www.upjs.sk\\\/app\\\/uploads\\\/sites\\\/14\\\/2022\\\/10\\\/usmej-sa-logo.jpg\",\"width\":110,\"height\":139,\"caption\":\"partneri\"},{\"@type\":\"BreadcrumbList\",\"@id\":\"https:\\\/\\\/www.upjs.sk\\\/pracoviska\\\/ustav-telesnej-vychovy\\\/verejnost\\\/partneri\\\/#breadcrumb\",\"itemListElement\":[{\"@type\":\"ListItem\",\"position\":1,\"name\":\"Home\",\"item\":\"https:\\\/\\\/www.upjs.sk\\\/pracoviska\\\/ustav-telesnej-vychovy\\\/\"},{\"@type\":\"ListItem\",\"position\":2,\"name\":\"Inform\u00e1cie pre verejnos\u0165 a m\u00e9di\u00e1\",\"item\":\"https:\\\/\\\/www.upjs.sk\\\/pracoviska\\\/ustav-telesnej-vychovy\\\/verejnost\\\/\"},{\"@type\":\"ListItem\",\"position\":3,\"name\":\"Partneri\"}]},{\"@type\":\"WebSite\",\"@id\":\"https:\\\/\\\/www.upjs.sk\\\/pracoviska\\\/ustav-telesnej-vychovy\\\/#website\",\"url\":\"https:\\\/\\\/www.upjs.sk\\\/pracoviska\\\/ustav-telesnej-vychovy\\\/\",\"name\":\"\u00dastav telesnej v\u00fdchovy a \u0161portu | UPJ\u0160\",\"description\":\"\",\"publisher\":{\"@id\":\"https:\\\/\\\/www.upjs.sk\\\/pracoviska\\\/ustav-telesnej-vychovy\\\/#organization\"},\"potentialAction\":[{\"@type\":\"SearchAction\",\"target\":{\"@type\":\"EntryPoint\",\"urlTemplate\":\"https:\\\/\\\/www.upjs.sk\\\/pracoviska\\\/ustav-telesnej-vychovy\\\/?s={search_term_string}\"},\"query-input\":{\"@type\":\"PropertyValueSpecification\",\"valueRequired\":true,\"valueName\":\"search_term_string\"}}],\"inLanguage\":\"sk-SK\"},{\"@type\":\"Organization\",\"@id\":\"https:\\\/\\\/www.upjs.sk\\\/pracoviska\\\/ustav-telesnej-vychovy\\\/#organization\",\"name\":\"\u00dastav telesnej v\u00fdchovy a \u0161portu | UPJ\u0160\",\"url\":\"https:\\\/\\\/www.upjs.sk\\\/pracoviska\\\/ustav-telesnej-vychovy\\\/\",\"logo\":{\"@type\":\"ImageObject\",\"inLanguage\":\"sk-SK\",\"@id\":\"https:\\\/\\\/www.upjs.sk\\\/pracoviska\\\/ustav-telesnej-vychovy\\\/#\\\/schema\\\/logo\\\/image\\\/\",\"url\":\"https:\\\/\\\/www.upjs.sk\\\/app\\\/uploads\\\/sites\\\/14\\\/2023\\\/01\\\/UTVS.svg\",\"contentUrl\":\"https:\\\/\\\/www.upjs.sk\\\/app\\\/uploads\\\/sites\\\/14\\\/2023\\\/01\\\/UTVS.svg\",\"width\":500,\"height\":138,\"caption\":\"\u00dastav telesnej v\u00fdchovy a \u0161portu | UPJ\u0160\"},\"image\":{\"@id\":\"https:\\\/\\\/www.upjs.sk\\\/pracoviska\\\/ustav-telesnej-vychovy\\\/#\\\/schema\\\/logo\\\/image\\\/\"}}]}<\/script>\n<!-- \/ Yoast SEO plugin. -->","yoast_head_json":{"title":"Partneri - \u00dastav telesnej v\u00fdchovy a \u0161portu | UPJ\u0160","robots":{"index":"index","follow":"follow","max-snippet":"max-snippet:-1","max-image-preview":"max-image-preview:large","max-video-preview":"max-video-preview:-1"},"canonical":"https:\/\/www.upjs.sk\/pracoviska\/ustav-telesnej-vychovy\/verejnost\/partneri\/","og_locale":"sk_SK","og_type":"article","og_title":"Partneri - \u00dastav telesnej v\u00fdchovy a \u0161portu | UPJ\u0160","og_description":"Partneri vysokej \u0161koly pri zabezpe\u010dovan\u00ed vzdel\u00e1vac\u00edch \u010dinnost\u00ed \u0161tudijn\u00e9ho programu a charakteristika ich particip\u00e1cie &nbsp; Slovensk\u00e1 asoci\u00e1cia univerzitn\u00e9ho \u0161portu Spolupr\u00e1ca umo\u017e\u0148uje, \u017ee sme ako pracovisko a univerzita zap\u00e1jan\u00ed do organiz\u00e1cie univerzi\u00e1d a akademick\u00fdch majstrovstiev. Podporujeme \u0161portov\u00e9 aktivity \u0161tudentov prostredn\u00edctvom univerzitn\u00fdch \u0161portov\u00fdch klubov, vytv\u00e1rame podmienky pre rozvoj \u0161portov\u00fdch talentov a ich harmoniz\u00e1ciu \u0161t\u00fadia so \u0161portovou pr\u00edpravou. Podie\u013eame &hellip; \u010c\u00edta\u0165 \u010falej","og_url":"https:\/\/www.upjs.sk\/pracoviska\/ustav-telesnej-vychovy\/verejnost\/partneri\/","og_site_name":"\u00dastav telesnej v\u00fdchovy a \u0161portu | UPJ\u0160","article_modified_time":"2025-12-01T14:38:40+00:00","og_image":[{"width":110,"height":139,"url":"https:\/\/www.upjs.sk\/app\/uploads\/sites\/14\/2022\/10\/usmej-sa-logo.jpg","type":"image\/jpeg"}],"twitter_card":"summary_large_image","twitter_misc":{"Predpokladan\u00fd \u010das \u010d\u00edtania":"8 min\u00fat"},"schema":{"@context":"https:\/\/schema.org","@graph":[{"@type":"WebPage","@id":"https:\/\/www.upjs.sk\/pracoviska\/ustav-telesnej-vychovy\/verejnost\/partneri\/","url":"https:\/\/www.upjs.sk\/pracoviska\/ustav-telesnej-vychovy\/verejnost\/partneri\/","name":"Partneri - \u00dastav telesnej v\u00fdchovy a \u0161portu | UPJ\u0160","isPartOf":{"@id":"https:\/\/www.upjs.sk\/pracoviska\/ustav-telesnej-vychovy\/#website"},"primaryImageOfPage":{"@id":"https:\/\/www.upjs.sk\/pracoviska\/ustav-telesnej-vychovy\/verejnost\/partneri\/#primaryimage"},"image":{"@id":"https:\/\/www.upjs.sk\/pracoviska\/ustav-telesnej-vychovy\/verejnost\/partneri\/#primaryimage"},"thumbnailUrl":"https:\/\/www.upjs.sk\/app\/uploads\/sites\/14\/2022\/10\/usmej-sa-logo.jpg","datePublished":"2022-05-10T19:48:26+00:00","dateModified":"2025-12-01T14:38:40+00:00","breadcrumb":{"@id":"https:\/\/www.upjs.sk\/pracoviska\/ustav-telesnej-vychovy\/verejnost\/partneri\/#breadcrumb"},"inLanguage":"sk-SK","potentialAction":[{"@type":"ReadAction","target":["https:\/\/www.upjs.sk\/pracoviska\/ustav-telesnej-vychovy\/verejnost\/partneri\/"]}]},{"@type":"ImageObject","inLanguage":"sk-SK","@id":"https:\/\/www.upjs.sk\/pracoviska\/ustav-telesnej-vychovy\/verejnost\/partneri\/#primaryimage","url":"https:\/\/www.upjs.sk\/app\/uploads\/sites\/14\/2022\/10\/usmej-sa-logo.jpg","contentUrl":"https:\/\/www.upjs.sk\/app\/uploads\/sites\/14\/2022\/10\/usmej-sa-logo.jpg","width":110,"height":139,"caption":"partneri"},{"@type":"BreadcrumbList","@id":"https:\/\/www.upjs.sk\/pracoviska\/ustav-telesnej-vychovy\/verejnost\/partneri\/#breadcrumb","itemListElement":[{"@type":"ListItem","position":1,"name":"Home","item":"https:\/\/www.upjs.sk\/pracoviska\/ustav-telesnej-vychovy\/"},{"@type":"ListItem","position":2,"name":"Inform\u00e1cie pre verejnos\u0165 a m\u00e9di\u00e1","item":"https:\/\/www.upjs.sk\/pracoviska\/ustav-telesnej-vychovy\/verejnost\/"},{"@type":"ListItem","position":3,"name":"Partneri"}]},{"@type":"WebSite","@id":"https:\/\/www.upjs.sk\/pracoviska\/ustav-telesnej-vychovy\/#website","url":"https:\/\/www.upjs.sk\/pracoviska\/ustav-telesnej-vychovy\/","name":"\u00dastav telesnej v\u00fdchovy a \u0161portu | UPJ\u0160","description":"","publisher":{"@id":"https:\/\/www.upjs.sk\/pracoviska\/ustav-telesnej-vychovy\/#organization"},"potentialAction":[{"@type":"SearchAction","target":{"@type":"EntryPoint","urlTemplate":"https:\/\/www.upjs.sk\/pracoviska\/ustav-telesnej-vychovy\/?s={search_term_string}"},"query-input":{"@type":"PropertyValueSpecification","valueRequired":true,"valueName":"search_term_string"}}],"inLanguage":"sk-SK"},{"@type":"Organization","@id":"https:\/\/www.upjs.sk\/pracoviska\/ustav-telesnej-vychovy\/#organization","name":"\u00dastav telesnej v\u00fdchovy a \u0161portu | UPJ\u0160","url":"https:\/\/www.upjs.sk\/pracoviska\/ustav-telesnej-vychovy\/","logo":{"@type":"ImageObject","inLanguage":"sk-SK","@id":"https:\/\/www.upjs.sk\/pracoviska\/ustav-telesnej-vychovy\/#\/schema\/logo\/image\/","url":"https:\/\/www.upjs.sk\/app\/uploads\/sites\/14\/2023\/01\/UTVS.svg","contentUrl":"https:\/\/www.upjs.sk\/app\/uploads\/sites\/14\/2023\/01\/UTVS.svg","width":500,"height":138,"caption":"\u00dastav telesnej v\u00fdchovy a \u0161portu | UPJ\u0160"},"image":{"@id":"https:\/\/www.upjs.sk\/pracoviska\/ustav-telesnej-vychovy\/#\/schema\/logo\/image\/"}}]}},"_links":{"self":[{"href":"https:\/\/www.upjs.sk\/pracoviska\/ustav-telesnej-vychovy\/wp-json\/wp\/v2\/pages\/13441","targetHints":{"allow":["GET"]}}],"collection":[{"href":"https:\/\/www.upjs.sk\/pracoviska\/ustav-telesnej-vychovy\/wp-json\/wp\/v2\/pages"}],"about":[{"href":"https:\/\/www.upjs.sk\/pracoviska\/ustav-telesnej-vychovy\/wp-json\/wp\/v2\/types\/page"}],"author":[{"embeddable":true,"href":"https:\/\/www.upjs.sk\/pracoviska\/ustav-telesnej-vychovy\/wp-json\/wp\/v2\/users\/1"}],"replies":[{"embeddable":true,"href":"https:\/\/www.upjs.sk\/pracoviska\/ustav-telesnej-vychovy\/wp-json\/wp\/v2\/comments?post=13441"}],"version-history":[{"count":43,"href":"https:\/\/www.upjs.sk\/pracoviska\/ustav-telesnej-vychovy\/wp-json\/wp\/v2\/pages\/13441\/revisions"}],"predecessor-version":[{"id":23208,"href":"https:\/\/www.upjs.sk\/pracoviska\/ustav-telesnej-vychovy\/wp-json\/wp\/v2\/pages\/13441\/revisions\/23208"}],"up":[{"embeddable":true,"href":"https:\/\/www.upjs.sk\/pracoviska\/ustav-telesnej-vychovy\/wp-json\/wp\/v2\/pages\/13642"}],"wp:featuredmedia":[{"embeddable":true,"href":"https:\/\/www.upjs.sk\/pracoviska\/ustav-telesnej-vychovy\/wp-json\/wp\/v2\/media\/13450"}],"wp:attachment":[{"href":"https:\/\/www.upjs.sk\/pracoviska\/ustav-telesnej-vychovy\/wp-json\/wp\/v2\/media?parent=13441"}],"wp:term":[{"taxonomy":"category","embeddable":true,"href":"https:\/\/www.upjs.sk\/pracoviska\/ustav-telesnej-vychovy\/wp-json\/wp\/v2\/categories?post=13441"},{"taxonomy":"post_tag","embeddable":true,"href":"https:\/\/www.upjs.sk\/pracoviska\/ustav-telesnej-vychovy\/wp-json\/wp\/v2\/tags?post=13441"}],"curies":[{"name":"wp","href":"https:\/\/api.w.org\/{rel}","templated":true}]}}