{"id":13529,"date":"2021-06-09T09:35:03","date_gmt":"2021-06-09T09:35:03","guid":{"rendered":"https:\/\/www.upjs.sk\/pracoviska\/ustav-telesnej-vychovy\/orientacny-plan\/"},"modified":"2025-01-20T11:57:14","modified_gmt":"2025-01-20T10:57:14","slug":"prehlad-clenskej-zakladne-od-2010","status":"publish","type":"page","link":"https:\/\/www.upjs.sk\/pracoviska\/ustav-telesnej-vychovy\/verejnost\/tj-slavia-upjs-kosice\/prehlad-clenskej-zakladne-od-2010\/","title":{"rendered":"Preh\u013ead \u010dlenskej z\u00e1kladne od roku 2010"},"content":{"rendered":"\n<figure class=\"wp-block-table is-style-stripes\"><table class=\"has-fixed-layout\"><thead><tr><th class=\"has-text-align-left\" data-align=\"left\"><strong><mark style=\"background-color:rgba(0, 0, 0, 0)\" class=\"has-inline-color has-zakladna-modra-color\">Rok<\/mark><\/strong><\/th><th class=\"has-text-align-left\" data-align=\"left\"><strong><mark style=\"background-color:rgba(0, 0, 0, 0)\" class=\"has-inline-color has-zakladna-modra-color\">Do 18 rokov<\/mark><\/strong><\/th><th class=\"has-text-align-left\" data-align=\"left\"><mark style=\"background-color:rgba(0, 0, 0, 0)\" class=\"has-inline-color has-zakladna-modra-color\">V\u0160<\/mark><\/th><th class=\"has-text-align-left\" data-align=\"left\"><strong><mark style=\"background-color:rgba(0, 0, 0, 0)\" class=\"has-inline-color has-zakladna-modra-color\">Ostatn\u00ed<\/mark><\/strong><\/th><th class=\"has-text-align-left\" data-align=\"left\"><strong><mark style=\"background-color:rgba(0, 0, 0, 0)\" class=\"has-inline-color has-zakladna-modra-color\">Spolu<\/mark><\/strong><\/th><\/tr><\/thead><tbody><tr><td class=\"has-text-align-left\" data-align=\"left\"><strong>2010<\/strong><\/td><td class=\"has-text-align-left\" data-align=\"left\">176<\/td><td class=\"has-text-align-left\" data-align=\"left\">80<\/td><td class=\"has-text-align-left\" data-align=\"left\">217<\/td><td class=\"has-text-align-left\" data-align=\"left\"><strong>473<\/strong><\/td><\/tr><tr><td class=\"has-text-align-left\" data-align=\"left\"><strong>2011<\/strong><\/td><td class=\"has-text-align-left\" data-align=\"left\">233<\/td><td class=\"has-text-align-left\" data-align=\"left\">95<\/td><td class=\"has-text-align-left\" data-align=\"left\">195<\/td><td class=\"has-text-align-left\" data-align=\"left\"><strong>523<\/strong><\/td><\/tr><tr><td class=\"has-text-align-left\" data-align=\"left\"><strong>2012<\/strong><\/td><td class=\"has-text-align-left\" data-align=\"left\">238<\/td><td class=\"has-text-align-left\" data-align=\"left\">322<\/td><td class=\"has-text-align-left\" data-align=\"left\">155<\/td><td class=\"has-text-align-left\" data-align=\"left\"><strong>715<\/strong><\/td><\/tr><tr><td class=\"has-text-align-left\" data-align=\"left\"><strong>2013<\/strong><\/td><td class=\"has-text-align-left\" data-align=\"left\">256<\/td><td class=\"has-text-align-left\" data-align=\"left\">357<\/td><td class=\"has-text-align-left\" data-align=\"left\">122<\/td><td class=\"has-text-align-left\" data-align=\"left\"><strong>735<\/strong><\/td><\/tr><tr><td class=\"has-text-align-left\" data-align=\"left\"><strong>2014<\/strong><\/td><td class=\"has-text-align-left\" data-align=\"left\">246<\/td><td class=\"has-text-align-left\" data-align=\"left\">455<\/td><td class=\"has-text-align-left\" data-align=\"left\">160<\/td><td class=\"has-text-align-left\" data-align=\"left\"><strong>861<\/strong><\/td><\/tr><tr><td class=\"has-text-align-left\" data-align=\"left\"><strong>2015<\/strong><\/td><td class=\"has-text-align-left\" data-align=\"left\">248<\/td><td class=\"has-text-align-left\" data-align=\"left\">457<\/td><td class=\"has-text-align-left\" data-align=\"left\">171<\/td><td class=\"has-text-align-left\" data-align=\"left\"><strong>876<\/strong><\/td><\/tr><tr><td class=\"has-text-align-left\" data-align=\"left\"><strong>2016<\/strong><\/td><td class=\"has-text-align-left\" data-align=\"left\">235<\/td><td class=\"has-text-align-left\" data-align=\"left\">493<\/td><td class=\"has-text-align-left\" data-align=\"left\">210<\/td><td class=\"has-text-align-left\" data-align=\"left\"><strong>938<\/strong><\/td><\/tr><tr><td class=\"has-text-align-left\" data-align=\"left\"><strong>2017<\/strong><\/td><td class=\"has-text-align-left\" data-align=\"left\">215<\/td><td class=\"has-text-align-left\" data-align=\"left\">529<\/td><td class=\"has-text-align-left\" data-align=\"left\">197<\/td><td class=\"has-text-align-left\" data-align=\"left\"><strong>941<\/strong><\/td><\/tr><tr><td class=\"has-text-align-left\" data-align=\"left\"><strong>2018<\/strong><\/td><td class=\"has-text-align-left\" data-align=\"left\">254<\/td><td class=\"has-text-align-left\" data-align=\"left\">524<\/td><td class=\"has-text-align-left\" data-align=\"left\">210<\/td><td class=\"has-text-align-left\" data-align=\"left\"><strong>988<\/strong><\/td><\/tr><tr><td class=\"has-text-align-left\" data-align=\"left\"><strong>2019<\/strong><\/td><td class=\"has-text-align-left\" data-align=\"left\">190<\/td><td class=\"has-text-align-left\" data-align=\"left\">560<\/td><td class=\"has-text-align-left\" data-align=\"left\">204<\/td><td class=\"has-text-align-left\" data-align=\"left\"><strong>954<\/strong><\/td><\/tr><tr><td class=\"has-text-align-left\" data-align=\"left\"><strong>2020<\/strong><\/td><td class=\"has-text-align-left\" data-align=\"left\">234<\/td><td class=\"has-text-align-left\" data-align=\"left\">559<\/td><td class=\"has-text-align-left\" data-align=\"left\">198<\/td><td class=\"has-text-align-left\" data-align=\"left\"><strong>991<\/strong><\/td><\/tr><tr><td class=\"has-text-align-left\" data-align=\"left\"><strong>2021<\/strong><\/td><td class=\"has-text-align-left\" data-align=\"left\">198<\/td><td class=\"has-text-align-left\" data-align=\"left\">546<\/td><td class=\"has-text-align-left\" data-align=\"left\">202<\/td><td class=\"has-text-align-left\" data-align=\"left\"><strong>946<\/strong><\/td><\/tr><tr><td class=\"has-text-align-left\" data-align=\"left\"><strong>2022<\/strong><\/td><td class=\"has-text-align-left\" data-align=\"left\">189<\/td><td class=\"has-text-align-left\" data-align=\"left\">549<\/td><td class=\"has-text-align-left\" data-align=\"left\">195<\/td><td class=\"has-text-align-left\" data-align=\"left\"><strong>933<\/strong><\/td><\/tr><tr><td class=\"has-text-align-left\" data-align=\"left\"><strong>2023<\/strong><\/td><td class=\"has-text-align-left\" data-align=\"left\">209<\/td><td class=\"has-text-align-left\" data-align=\"left\">578<\/td><td class=\"has-text-align-left\" data-align=\"left\">213<\/td><td class=\"has-text-align-left\" data-align=\"left\"><strong>1000<\/strong><\/td><\/tr><tr><td class=\"has-text-align-left\" data-align=\"left\"><strong>2024<\/strong><\/td><td class=\"has-text-align-left\" data-align=\"left\">221<\/td><td class=\"has-text-align-left\" data-align=\"left\">1630<\/td><td class=\"has-text-align-left\" data-align=\"left\">205<\/td><td class=\"has-text-align-left\" data-align=\"left\"><strong>2053<\/strong><\/td><\/tr><\/tbody><\/table><\/figure>\n","protected":false},"excerpt":{"rendered":"<p>Rok Do 18 rokov V\u0160 Ostatn\u00ed Spolu 2010 176 80 217 473 2011 233 95 195 523 2012 238 322 155 715 2013 256 357 122 735 2014 246 455 160 861 2015 248 457 171 876 2016 235 493 210 938 2017 215 529 197 941 2018 254 524 210 988 2019 190 560 &hellip; <a href=\"https:\/\/www.upjs.sk\/pracoviska\/ustav-telesnej-vychovy\/verejnost\/tj-slavia-upjs-kosice\/prehlad-clenskej-zakladne-od-2010\/\">\u010c\u00edta\u0165 \u010falej<\/a><\/p>\n","protected":false},"author":1,"featured_media":0,"parent":13468,"menu_order":3,"comment_status":"closed","ping_status":"closed","template":"","meta":{"_acf_changed":false,"_editorskit_title_hidden":false,"_editorskit_reading_time":0,"_editorskit_is_block_options_detached":false,"_editorskit_block_options_position":"{}","footnotes":""},"categories":[],"tags":[],"class_list":["post-13529","page","type-page","status-publish","hentry"],"acf":{"acf_link_na_externy_obsah":""},"yoast_head":"<!-- This site is optimized with the Yoast SEO plugin v27.4 - https:\/\/yoast.com\/product\/yoast-seo-wordpress\/ -->\n<title>Preh\u013ead \u010dlenskej z\u00e1kladne od roku 2010 - \u00dastav telesnej v\u00fdchovy a \u0161portu | UPJ\u0160<\/title>\n<meta name=\"robots\" content=\"index, follow, max-snippet:-1, max-image-preview:large, max-video-preview:-1\" \/>\n<link rel=\"canonical\" href=\"https:\/\/www.upjs.sk\/pracoviska\/ustav-telesnej-vychovy\/verejnost\/tj-slavia-upjs-kosice\/prehlad-clenskej-zakladne-od-2010\/\" \/>\n<meta property=\"og:locale\" content=\"sk_SK\" \/>\n<meta property=\"og:type\" content=\"article\" \/>\n<meta property=\"og:title\" content=\"Preh\u013ead \u010dlenskej z\u00e1kladne od roku 2010 - \u00dastav telesnej v\u00fdchovy a \u0161portu | UPJ\u0160\" \/>\n<meta property=\"og:description\" content=\"Rok Do 18 rokov V\u0160 Ostatn\u00ed Spolu 2010 176 80 217 473 2011 233 95 195 523 2012 238 322 155 715 2013 256 357 122 735 2014 246 455 160 861 2015 248 457 171 876 2016 235 493 210 938 2017 215 529 197 941 2018 254 524 210 988 2019 190 560 &hellip; \u010c\u00edta\u0165 \u010falej\" \/>\n<meta property=\"og:url\" content=\"https:\/\/www.upjs.sk\/pracoviska\/ustav-telesnej-vychovy\/verejnost\/tj-slavia-upjs-kosice\/prehlad-clenskej-zakladne-od-2010\/\" \/>\n<meta property=\"og:site_name\" content=\"\u00dastav telesnej v\u00fdchovy a \u0161portu | UPJ\u0160\" \/>\n<meta property=\"article:modified_time\" content=\"2025-01-20T10:57:14+00:00\" \/>\n<meta name=\"twitter:card\" content=\"summary_large_image\" \/>\n<meta name=\"twitter:label1\" content=\"Predpokladan\u00fd \u010das \u010d\u00edtania\" \/>\n\t<meta name=\"twitter:data1\" content=\"1 min\u00fata\" \/>\n<script type=\"application\/ld+json\" class=\"yoast-schema-graph\">{\"@context\":\"https:\\\/\\\/schema.org\",\"@graph\":[{\"@type\":\"WebPage\",\"@id\":\"https:\\\/\\\/www.upjs.sk\\\/pracoviska\\\/ustav-telesnej-vychovy\\\/verejnost\\\/tj-slavia-upjs-kosice\\\/prehlad-clenskej-zakladne-od-2010\\\/\",\"url\":\"https:\\\/\\\/www.upjs.sk\\\/pracoviska\\\/ustav-telesnej-vychovy\\\/verejnost\\\/tj-slavia-upjs-kosice\\\/prehlad-clenskej-zakladne-od-2010\\\/\",\"name\":\"Preh\u013ead \u010dlenskej z\u00e1kladne od roku 2010 - \u00dastav telesnej v\u00fdchovy a \u0161portu | UPJ\u0160\",\"isPartOf\":{\"@id\":\"https:\\\/\\\/www.upjs.sk\\\/pracoviska\\\/ustav-telesnej-vychovy\\\/#website\"},\"datePublished\":\"2021-06-09T09:35:03+00:00\",\"dateModified\":\"2025-01-20T10:57:14+00:00\",\"breadcrumb\":{\"@id\":\"https:\\\/\\\/www.upjs.sk\\\/pracoviska\\\/ustav-telesnej-vychovy\\\/verejnost\\\/tj-slavia-upjs-kosice\\\/prehlad-clenskej-zakladne-od-2010\\\/#breadcrumb\"},\"inLanguage\":\"sk-SK\",\"potentialAction\":[{\"@type\":\"ReadAction\",\"target\":[\"https:\\\/\\\/www.upjs.sk\\\/pracoviska\\\/ustav-telesnej-vychovy\\\/verejnost\\\/tj-slavia-upjs-kosice\\\/prehlad-clenskej-zakladne-od-2010\\\/\"]}]},{\"@type\":\"BreadcrumbList\",\"@id\":\"https:\\\/\\\/www.upjs.sk\\\/pracoviska\\\/ustav-telesnej-vychovy\\\/verejnost\\\/tj-slavia-upjs-kosice\\\/prehlad-clenskej-zakladne-od-2010\\\/#breadcrumb\",\"itemListElement\":[{\"@type\":\"ListItem\",\"position\":1,\"name\":\"Home\",\"item\":\"https:\\\/\\\/www.upjs.sk\\\/pracoviska\\\/ustav-telesnej-vychovy\\\/\"},{\"@type\":\"ListItem\",\"position\":2,\"name\":\"Inform\u00e1cie pre verejnos\u0165 a m\u00e9di\u00e1\",\"item\":\"https:\\\/\\\/www.upjs.sk\\\/pracoviska\\\/ustav-telesnej-vychovy\\\/verejnost\\\/\"},{\"@type\":\"ListItem\",\"position\":3,\"name\":\"Telov\u00fdchovn\u00e1 jednota Sl\u00e1via UPJ\u0160 Ko\u0161ice\",\"item\":\"https:\\\/\\\/www.upjs.sk\\\/pracoviska\\\/ustav-telesnej-vychovy\\\/verejnost\\\/tj-slavia-upjs-kosice\\\/\"},{\"@type\":\"ListItem\",\"position\":4,\"name\":\"Preh\u013ead \u010dlenskej z\u00e1kladne od roku 2010\"}]},{\"@type\":\"WebSite\",\"@id\":\"https:\\\/\\\/www.upjs.sk\\\/pracoviska\\\/ustav-telesnej-vychovy\\\/#website\",\"url\":\"https:\\\/\\\/www.upjs.sk\\\/pracoviska\\\/ustav-telesnej-vychovy\\\/\",\"name\":\"\u00dastav telesnej v\u00fdchovy a \u0161portu | UPJ\u0160\",\"description\":\"\",\"publisher\":{\"@id\":\"https:\\\/\\\/www.upjs.sk\\\/pracoviska\\\/ustav-telesnej-vychovy\\\/#organization\"},\"potentialAction\":[{\"@type\":\"SearchAction\",\"target\":{\"@type\":\"EntryPoint\",\"urlTemplate\":\"https:\\\/\\\/www.upjs.sk\\\/pracoviska\\\/ustav-telesnej-vychovy\\\/?s={search_term_string}\"},\"query-input\":{\"@type\":\"PropertyValueSpecification\",\"valueRequired\":true,\"valueName\":\"search_term_string\"}}],\"inLanguage\":\"sk-SK\"},{\"@type\":\"Organization\",\"@id\":\"https:\\\/\\\/www.upjs.sk\\\/pracoviska\\\/ustav-telesnej-vychovy\\\/#organization\",\"name\":\"\u00dastav telesnej v\u00fdchovy a \u0161portu | UPJ\u0160\",\"url\":\"https:\\\/\\\/www.upjs.sk\\\/pracoviska\\\/ustav-telesnej-vychovy\\\/\",\"logo\":{\"@type\":\"ImageObject\",\"inLanguage\":\"sk-SK\",\"@id\":\"https:\\\/\\\/www.upjs.sk\\\/pracoviska\\\/ustav-telesnej-vychovy\\\/#\\\/schema\\\/logo\\\/image\\\/\",\"url\":\"https:\\\/\\\/www.upjs.sk\\\/app\\\/uploads\\\/sites\\\/14\\\/2023\\\/01\\\/UTVS.svg\",\"contentUrl\":\"https:\\\/\\\/www.upjs.sk\\\/app\\\/uploads\\\/sites\\\/14\\\/2023\\\/01\\\/UTVS.svg\",\"width\":500,\"height\":138,\"caption\":\"\u00dastav telesnej v\u00fdchovy a \u0161portu | UPJ\u0160\"},\"image\":{\"@id\":\"https:\\\/\\\/www.upjs.sk\\\/pracoviska\\\/ustav-telesnej-vychovy\\\/#\\\/schema\\\/logo\\\/image\\\/\"}}]}<\/script>\n<!-- \/ Yoast SEO plugin. -->","yoast_head_json":{"title":"Preh\u013ead \u010dlenskej z\u00e1kladne od roku 2010 - \u00dastav telesnej v\u00fdchovy a \u0161portu | UPJ\u0160","robots":{"index":"index","follow":"follow","max-snippet":"max-snippet:-1","max-image-preview":"max-image-preview:large","max-video-preview":"max-video-preview:-1"},"canonical":"https:\/\/www.upjs.sk\/pracoviska\/ustav-telesnej-vychovy\/verejnost\/tj-slavia-upjs-kosice\/prehlad-clenskej-zakladne-od-2010\/","og_locale":"sk_SK","og_type":"article","og_title":"Preh\u013ead \u010dlenskej z\u00e1kladne od roku 2010 - \u00dastav telesnej v\u00fdchovy a \u0161portu | UPJ\u0160","og_description":"Rok Do 18 rokov V\u0160 Ostatn\u00ed Spolu 2010 176 80 217 473 2011 233 95 195 523 2012 238 322 155 715 2013 256 357 122 735 2014 246 455 160 861 2015 248 457 171 876 2016 235 493 210 938 2017 215 529 197 941 2018 254 524 210 988 2019 190 560 &hellip; \u010c\u00edta\u0165 \u010falej","og_url":"https:\/\/www.upjs.sk\/pracoviska\/ustav-telesnej-vychovy\/verejnost\/tj-slavia-upjs-kosice\/prehlad-clenskej-zakladne-od-2010\/","og_site_name":"\u00dastav telesnej v\u00fdchovy a \u0161portu | UPJ\u0160","article_modified_time":"2025-01-20T10:57:14+00:00","twitter_card":"summary_large_image","twitter_misc":{"Predpokladan\u00fd \u010das \u010d\u00edtania":"1 min\u00fata"},"schema":{"@context":"https:\/\/schema.org","@graph":[{"@type":"WebPage","@id":"https:\/\/www.upjs.sk\/pracoviska\/ustav-telesnej-vychovy\/verejnost\/tj-slavia-upjs-kosice\/prehlad-clenskej-zakladne-od-2010\/","url":"https:\/\/www.upjs.sk\/pracoviska\/ustav-telesnej-vychovy\/verejnost\/tj-slavia-upjs-kosice\/prehlad-clenskej-zakladne-od-2010\/","name":"Preh\u013ead \u010dlenskej z\u00e1kladne od roku 2010 - \u00dastav telesnej v\u00fdchovy a \u0161portu | UPJ\u0160","isPartOf":{"@id":"https:\/\/www.upjs.sk\/pracoviska\/ustav-telesnej-vychovy\/#website"},"datePublished":"2021-06-09T09:35:03+00:00","dateModified":"2025-01-20T10:57:14+00:00","breadcrumb":{"@id":"https:\/\/www.upjs.sk\/pracoviska\/ustav-telesnej-vychovy\/verejnost\/tj-slavia-upjs-kosice\/prehlad-clenskej-zakladne-od-2010\/#breadcrumb"},"inLanguage":"sk-SK","potentialAction":[{"@type":"ReadAction","target":["https:\/\/www.upjs.sk\/pracoviska\/ustav-telesnej-vychovy\/verejnost\/tj-slavia-upjs-kosice\/prehlad-clenskej-zakladne-od-2010\/"]}]},{"@type":"BreadcrumbList","@id":"https:\/\/www.upjs.sk\/pracoviska\/ustav-telesnej-vychovy\/verejnost\/tj-slavia-upjs-kosice\/prehlad-clenskej-zakladne-od-2010\/#breadcrumb","itemListElement":[{"@type":"ListItem","position":1,"name":"Home","item":"https:\/\/www.upjs.sk\/pracoviska\/ustav-telesnej-vychovy\/"},{"@type":"ListItem","position":2,"name":"Inform\u00e1cie pre verejnos\u0165 a m\u00e9di\u00e1","item":"https:\/\/www.upjs.sk\/pracoviska\/ustav-telesnej-vychovy\/verejnost\/"},{"@type":"ListItem","position":3,"name":"Telov\u00fdchovn\u00e1 jednota Sl\u00e1via UPJ\u0160 Ko\u0161ice","item":"https:\/\/www.upjs.sk\/pracoviska\/ustav-telesnej-vychovy\/verejnost\/tj-slavia-upjs-kosice\/"},{"@type":"ListItem","position":4,"name":"Preh\u013ead \u010dlenskej z\u00e1kladne od roku 2010"}]},{"@type":"WebSite","@id":"https:\/\/www.upjs.sk\/pracoviska\/ustav-telesnej-vychovy\/#website","url":"https:\/\/www.upjs.sk\/pracoviska\/ustav-telesnej-vychovy\/","name":"\u00dastav telesnej v\u00fdchovy a \u0161portu | UPJ\u0160","description":"","publisher":{"@id":"https:\/\/www.upjs.sk\/pracoviska\/ustav-telesnej-vychovy\/#organization"},"potentialAction":[{"@type":"SearchAction","target":{"@type":"EntryPoint","urlTemplate":"https:\/\/www.upjs.sk\/pracoviska\/ustav-telesnej-vychovy\/?s={search_term_string}"},"query-input":{"@type":"PropertyValueSpecification","valueRequired":true,"valueName":"search_term_string"}}],"inLanguage":"sk-SK"},{"@type":"Organization","@id":"https:\/\/www.upjs.sk\/pracoviska\/ustav-telesnej-vychovy\/#organization","name":"\u00dastav telesnej v\u00fdchovy a \u0161portu | UPJ\u0160","url":"https:\/\/www.upjs.sk\/pracoviska\/ustav-telesnej-vychovy\/","logo":{"@type":"ImageObject","inLanguage":"sk-SK","@id":"https:\/\/www.upjs.sk\/pracoviska\/ustav-telesnej-vychovy\/#\/schema\/logo\/image\/","url":"https:\/\/www.upjs.sk\/app\/uploads\/sites\/14\/2023\/01\/UTVS.svg","contentUrl":"https:\/\/www.upjs.sk\/app\/uploads\/sites\/14\/2023\/01\/UTVS.svg","width":500,"height":138,"caption":"\u00dastav telesnej v\u00fdchovy a \u0161portu | UPJ\u0160"},"image":{"@id":"https:\/\/www.upjs.sk\/pracoviska\/ustav-telesnej-vychovy\/#\/schema\/logo\/image\/"}}]}},"_links":{"self":[{"href":"https:\/\/www.upjs.sk\/pracoviska\/ustav-telesnej-vychovy\/wp-json\/wp\/v2\/pages\/13529","targetHints":{"allow":["GET"]}}],"collection":[{"href":"https:\/\/www.upjs.sk\/pracoviska\/ustav-telesnej-vychovy\/wp-json\/wp\/v2\/pages"}],"about":[{"href":"https:\/\/www.upjs.sk\/pracoviska\/ustav-telesnej-vychovy\/wp-json\/wp\/v2\/types\/page"}],"author":[{"embeddable":true,"href":"https:\/\/www.upjs.sk\/pracoviska\/ustav-telesnej-vychovy\/wp-json\/wp\/v2\/users\/1"}],"replies":[{"embeddable":true,"href":"https:\/\/www.upjs.sk\/pracoviska\/ustav-telesnej-vychovy\/wp-json\/wp\/v2\/comments?post=13529"}],"version-history":[{"count":6,"href":"https:\/\/www.upjs.sk\/pracoviska\/ustav-telesnej-vychovy\/wp-json\/wp\/v2\/pages\/13529\/revisions"}],"predecessor-version":[{"id":22175,"href":"https:\/\/www.upjs.sk\/pracoviska\/ustav-telesnej-vychovy\/wp-json\/wp\/v2\/pages\/13529\/revisions\/22175"}],"up":[{"embeddable":true,"href":"https:\/\/www.upjs.sk\/pracoviska\/ustav-telesnej-vychovy\/wp-json\/wp\/v2\/pages\/13468"}],"wp:attachment":[{"href":"https:\/\/www.upjs.sk\/pracoviska\/ustav-telesnej-vychovy\/wp-json\/wp\/v2\/media?parent=13529"}],"wp:term":[{"taxonomy":"category","embeddable":true,"href":"https:\/\/www.upjs.sk\/pracoviska\/ustav-telesnej-vychovy\/wp-json\/wp\/v2\/categories?post=13529"},{"taxonomy":"post_tag","embeddable":true,"href":"https:\/\/www.upjs.sk\/pracoviska\/ustav-telesnej-vychovy\/wp-json\/wp\/v2\/tags?post=13529"}],"curies":[{"name":"wp","href":"https:\/\/api.w.org\/{rel}","templated":true}]}}