{"id":13598,"date":"2022-09-07T21:40:14","date_gmt":"2022-09-07T21:40:14","guid":{"rendered":"https:\/\/www.upjs.sk\/pracoviska\/ustav-telesnej-vychovy\/root\/studenti-fakult-upjs\/"},"modified":"2026-02-18T14:41:52","modified_gmt":"2026-02-18T13:41:52","slug":"studenti-fakult-upjs","status":"publish","type":"page","link":"https:\/\/www.upjs.sk\/pracoviska\/ustav-telesnej-vychovy\/studenti-fakult-upjs\/","title":{"rendered":"\u0160tudenti fak\u00falt UPJ\u0160"},"content":{"rendered":"<style>.kb-row-layout-id13598_ae3352-00 > .kt-row-column-wrap{align-content:start;}:where(.kb-row-layout-id13598_ae3352-00 > .kt-row-column-wrap) > .wp-block-kadence-column{justify-content:start;}.kb-row-layout-id13598_ae3352-00 > .kt-row-column-wrap{column-gap:var(--global-kb-gap-md, 2rem);row-gap:var(--global-kb-gap-md, 2rem);padding-top:1px;padding-bottom:3px;}.kb-row-layout-id13598_ae3352-00 > .kt-row-column-wrap > div:not(.added-for-specificity){grid-column:initial;}.kb-row-layout-id13598_ae3352-00 > .kt-row-column-wrap{grid-template-columns:repeat(3, minmax(0, 1fr));}.kb-row-layout-id13598_ae3352-00 > .kt-row-layout-overlay{opacity:0.30;}@media all and (max-width: 1024px){.kb-row-layout-id13598_ae3352-00 > .kt-row-column-wrap > div:not(.added-for-specificity){grid-column:initial;}}@media all and (max-width: 1024px){.kb-row-layout-id13598_ae3352-00 > .kt-row-column-wrap{grid-template-columns:repeat(3, minmax(0, 1fr));}}@media all and (max-width: 767px){.kb-row-layout-id13598_ae3352-00 > .kt-row-column-wrap > div:not(.added-for-specificity){grid-column:initial;}.kb-row-layout-id13598_ae3352-00 > .kt-row-column-wrap{grid-template-columns:minmax(0, 1fr);}}<\/style><div class=\"kb-row-layout-wrap kb-row-layout-id13598_ae3352-00 alignnone wp-block-kadence-rowlayout\"><div class=\"kt-row-column-wrap kt-has-3-columns kt-row-layout-equal kt-tab-layout-inherit kt-mobile-layout-row kt-row-valign-top\">\n<style>.kadence-column13598_57b967-90 > .kt-inside-inner-col,.kadence-column13598_57b967-90 > .kt-inside-inner-col:before{border-top-left-radius:0px;border-top-right-radius:0px;border-bottom-right-radius:0px;border-bottom-left-radius:0px;}.kadence-column13598_57b967-90 > .kt-inside-inner-col{column-gap:var(--global-kb-gap-sm, 1rem);}.kadence-column13598_57b967-90 > .kt-inside-inner-col{flex-direction:column;}.kadence-column13598_57b967-90 > .kt-inside-inner-col > .aligncenter{width:100%;}.kadence-column13598_57b967-90 > .kt-inside-inner-col:before{opacity:0.3;}.kadence-column13598_57b967-90{position:relative;}@media all and (max-width: 1024px){.kadence-column13598_57b967-90 > .kt-inside-inner-col{flex-direction:column;justify-content:center;}}@media all and (max-width: 767px){.kadence-column13598_57b967-90 > .kt-inside-inner-col{flex-direction:column;justify-content:center;}}<\/style>\n<div class=\"wp-block-kadence-column kadence-column13598_57b967-90 inner-column-1\"><div class=\"kt-inside-inner-col\">\n<figure class=\"wp-block-image aligncenter size-full\"><img loading=\"lazy\" decoding=\"async\" width=\"300\" height=\"300\" src=\"https:\/\/www.upjs.sk\/app\/uploads\/sites\/14\/2022\/10\/SportoveAktivity.jpg\" alt=\"\" class=\"wp-image-13599\" srcset=\"https:\/\/www.upjs.sk\/app\/uploads\/sites\/14\/2022\/10\/SportoveAktivity.jpg 300w, https:\/\/www.upjs.sk\/app\/uploads\/sites\/14\/2022\/10\/SportoveAktivity-150x150.jpg 150w\" sizes=\"auto, (max-width: 300px) 100vw, 300px\" \/><figcaption class=\"wp-element-caption\"><a href=\"https:\/\/intranet.upjs.sk\/op\/op.Public.php?documentid=8767\" target=\"_blank\" aria-label=\"PREZENT\u00c1CIA PRE \u0160TUDENTOV FAK\u00daLT - INFORM\u00c1CIE (opens in a new tab)\" rel=\"noreferrer noopener\" class=\"ek-link\">PREZENT\u00c1CIA PRE \u0160TUDENTOV FAK\u00daLT &#8211; INFORM\u00c1CIE<\/a><\/figcaption><\/figure>\n<\/div><\/div>\n\n\n<style>.kadence-column13598_c5b842-7f > .kt-inside-inner-col,.kadence-column13598_c5b842-7f > .kt-inside-inner-col:before{border-top-left-radius:0px;border-top-right-radius:0px;border-bottom-right-radius:0px;border-bottom-left-radius:0px;}.kadence-column13598_c5b842-7f > .kt-inside-inner-col{column-gap:var(--global-kb-gap-sm, 1rem);}.kadence-column13598_c5b842-7f > .kt-inside-inner-col{flex-direction:column;}.kadence-column13598_c5b842-7f > .kt-inside-inner-col > .aligncenter{width:100%;}.kadence-column13598_c5b842-7f > .kt-inside-inner-col:before{opacity:0.3;}.kadence-column13598_c5b842-7f{position:relative;}@media all and (max-width: 1024px){.kadence-column13598_c5b842-7f > .kt-inside-inner-col{flex-direction:column;justify-content:center;}}@media all and (max-width: 767px){.kadence-column13598_c5b842-7f > .kt-inside-inner-col{flex-direction:column;justify-content:center;}}<\/style>\n<div class=\"wp-block-kadence-column kadence-column13598_c5b842-7f inner-column-2\"><div class=\"kt-inside-inner-col\">\n<figure class=\"wp-block-image aligncenter size-full\"><a href=\"https:\/\/www.upjs.sk\/pracoviska\/ustav-telesnej-vychovy\/actuality\/sportove-aktivity-letn-semester-2025-2026\/\"><img loading=\"lazy\" decoding=\"async\" width=\"300\" height=\"300\" src=\"https:\/\/www.upjs.sk\/app\/uploads\/sites\/14\/2022\/10\/aktualnaPonukaSA.jpg\" alt=\"\" class=\"wp-image-13600\" srcset=\"https:\/\/www.upjs.sk\/app\/uploads\/sites\/14\/2022\/10\/aktualnaPonukaSA.jpg 300w, https:\/\/www.upjs.sk\/app\/uploads\/sites\/14\/2022\/10\/aktualnaPonukaSA-150x150.jpg 150w\" sizes=\"auto, (max-width: 300px) 100vw, 300px\" \/><\/a><figcaption class=\"wp-element-caption\"><a href=\"https:\/\/www.upjs.sk\/pracoviska\/ustav-telesnej-vychovy\/actuality\/sportove-aktivity-letn-semester-2025-2026\/\" target=\"_blank\" rel=\"noreferrer noopener\">AKTU\u00c1LNA PONUKA \u0160PORTOV\u00ddCH AKTIV\u00cdT<\/a><\/figcaption><\/figure>\n<\/div><\/div>\n\n\n<style>.kadence-column13598_df7d3b-61 > .kt-inside-inner-col,.kadence-column13598_df7d3b-61 > .kt-inside-inner-col:before{border-top-left-radius:0px;border-top-right-radius:0px;border-bottom-right-radius:0px;border-bottom-left-radius:0px;}.kadence-column13598_df7d3b-61 > .kt-inside-inner-col{column-gap:var(--global-kb-gap-sm, 1rem);}.kadence-column13598_df7d3b-61 > .kt-inside-inner-col{flex-direction:column;}.kadence-column13598_df7d3b-61 > .kt-inside-inner-col > .aligncenter{width:100%;}.kadence-column13598_df7d3b-61 > .kt-inside-inner-col:before{opacity:0.3;}.kadence-column13598_df7d3b-61{position:relative;}@media all and (max-width: 1024px){.kadence-column13598_df7d3b-61 > .kt-inside-inner-col{flex-direction:column;justify-content:center;}}@media all and (max-width: 767px){.kadence-column13598_df7d3b-61 > .kt-inside-inner-col{flex-direction:column;justify-content:center;}}<\/style>\n<div class=\"wp-block-kadence-column kadence-column13598_df7d3b-61 inner-column-3\"><div class=\"kt-inside-inner-col\">\n<figure class=\"wp-block-image aligncenter size-full\"><img loading=\"lazy\" decoding=\"async\" width=\"300\" height=\"300\" src=\"https:\/\/www.upjs.sk\/app\/uploads\/sites\/14\/2022\/10\/Oznamy.jpg\" alt=\"\" class=\"wp-image-13601\" srcset=\"https:\/\/www.upjs.sk\/app\/uploads\/sites\/14\/2022\/10\/Oznamy.jpg 300w, https:\/\/www.upjs.sk\/app\/uploads\/sites\/14\/2022\/10\/Oznamy-150x150.jpg 150w\" sizes=\"auto, (max-width: 300px) 100vw, 300px\" \/><figcaption class=\"wp-element-caption\"><a href=\"https:\/\/www.upjs.sk\/pracoviska\/ustav-telesnej-vychovy\/studenti-fakult-upjs\/oznamy\/\">OZNAMY<\/a><\/figcaption><\/figure>\n<\/div><\/div>\n\n<\/div><\/div>\n\n\n<p><\/p>\n","protected":false},"excerpt":{"rendered":"","protected":false},"author":1,"featured_media":0,"parent":0,"menu_order":11,"comment_status":"closed","ping_status":"closed","template":"","meta":{"_acf_changed":false,"_editorskit_title_hidden":false,"_editorskit_reading_time":1,"_editorskit_is_block_options_detached":false,"_editorskit_block_options_position":"{}","footnotes":""},"categories":[],"tags":[],"class_list":["post-13598","page","type-page","status-publish","hentry"],"acf":{"acf_link_na_externy_obsah":""},"yoast_head":"<!-- This site is optimized with the Yoast SEO plugin v27.4 - https:\/\/yoast.com\/product\/yoast-seo-wordpress\/ -->\n<title>\u0160tudenti fak\u00falt UPJ\u0160 - \u00dastav telesnej v\u00fdchovy a \u0161portu | UPJ\u0160<\/title>\n<meta name=\"robots\" content=\"index, follow, max-snippet:-1, max-image-preview:large, max-video-preview:-1\" \/>\n<link rel=\"canonical\" href=\"https:\/\/www.upjs.sk\/pracoviska\/ustav-telesnej-vychovy\/studenti-fakult-upjs\/\" \/>\n<meta property=\"og:locale\" content=\"sk_SK\" \/>\n<meta property=\"og:type\" content=\"article\" \/>\n<meta property=\"og:title\" content=\"\u0160tudenti fak\u00falt UPJ\u0160 - \u00dastav telesnej v\u00fdchovy a \u0161portu | UPJ\u0160\" \/>\n<meta property=\"og:url\" content=\"https:\/\/www.upjs.sk\/pracoviska\/ustav-telesnej-vychovy\/studenti-fakult-upjs\/\" \/>\n<meta property=\"og:site_name\" content=\"\u00dastav telesnej v\u00fdchovy a \u0161portu | UPJ\u0160\" \/>\n<meta property=\"article:modified_time\" content=\"2026-02-18T13:41:52+00:00\" \/>\n<meta property=\"og:image\" content=\"https:\/\/www.upjs.sk\/app\/uploads\/sites\/14\/2022\/10\/SportoveAktivity.jpg\" \/>\n\t<meta property=\"og:image:width\" content=\"300\" \/>\n\t<meta property=\"og:image:height\" content=\"300\" \/>\n\t<meta property=\"og:image:type\" content=\"image\/jpeg\" \/>\n<meta name=\"twitter:card\" content=\"summary_large_image\" \/>\n<meta name=\"twitter:label1\" content=\"Predpokladan\u00fd \u010das \u010d\u00edtania\" \/>\n\t<meta name=\"twitter:data1\" content=\"1 min\u00fata\" \/>\n<script type=\"application\/ld+json\" class=\"yoast-schema-graph\">{\"@context\":\"https:\\\/\\\/schema.org\",\"@graph\":[{\"@type\":\"WebPage\",\"@id\":\"https:\\\/\\\/www.upjs.sk\\\/pracoviska\\\/ustav-telesnej-vychovy\\\/studenti-fakult-upjs\\\/\",\"url\":\"https:\\\/\\\/www.upjs.sk\\\/pracoviska\\\/ustav-telesnej-vychovy\\\/studenti-fakult-upjs\\\/\",\"name\":\"\u0160tudenti fak\u00falt UPJ\u0160 - \u00dastav telesnej v\u00fdchovy a \u0161portu | UPJ\u0160\",\"isPartOf\":{\"@id\":\"https:\\\/\\\/www.upjs.sk\\\/pracoviska\\\/ustav-telesnej-vychovy\\\/#website\"},\"primaryImageOfPage\":{\"@id\":\"https:\\\/\\\/www.upjs.sk\\\/pracoviska\\\/ustav-telesnej-vychovy\\\/studenti-fakult-upjs\\\/#primaryimage\"},\"image\":{\"@id\":\"https:\\\/\\\/www.upjs.sk\\\/pracoviska\\\/ustav-telesnej-vychovy\\\/studenti-fakult-upjs\\\/#primaryimage\"},\"thumbnailUrl\":\"https:\\\/\\\/www.upjs.sk\\\/app\\\/uploads\\\/sites\\\/14\\\/2022\\\/10\\\/SportoveAktivity.jpg\",\"datePublished\":\"2022-09-07T21:40:14+00:00\",\"dateModified\":\"2026-02-18T13:41:52+00:00\",\"breadcrumb\":{\"@id\":\"https:\\\/\\\/www.upjs.sk\\\/pracoviska\\\/ustav-telesnej-vychovy\\\/studenti-fakult-upjs\\\/#breadcrumb\"},\"inLanguage\":\"sk-SK\",\"potentialAction\":[{\"@type\":\"ReadAction\",\"target\":[\"https:\\\/\\\/www.upjs.sk\\\/pracoviska\\\/ustav-telesnej-vychovy\\\/studenti-fakult-upjs\\\/\"]}]},{\"@type\":\"ImageObject\",\"inLanguage\":\"sk-SK\",\"@id\":\"https:\\\/\\\/www.upjs.sk\\\/pracoviska\\\/ustav-telesnej-vychovy\\\/studenti-fakult-upjs\\\/#primaryimage\",\"url\":\"https:\\\/\\\/www.upjs.sk\\\/app\\\/uploads\\\/sites\\\/14\\\/2022\\\/10\\\/SportoveAktivity.jpg\",\"contentUrl\":\"https:\\\/\\\/www.upjs.sk\\\/app\\\/uploads\\\/sites\\\/14\\\/2022\\\/10\\\/SportoveAktivity.jpg\"},{\"@type\":\"BreadcrumbList\",\"@id\":\"https:\\\/\\\/www.upjs.sk\\\/pracoviska\\\/ustav-telesnej-vychovy\\\/studenti-fakult-upjs\\\/#breadcrumb\",\"itemListElement\":[{\"@type\":\"ListItem\",\"position\":1,\"name\":\"Home\",\"item\":\"https:\\\/\\\/www.upjs.sk\\\/pracoviska\\\/ustav-telesnej-vychovy\\\/\"},{\"@type\":\"ListItem\",\"position\":2,\"name\":\"\u0160tudenti fak\u00falt UPJ\u0160\"}]},{\"@type\":\"WebSite\",\"@id\":\"https:\\\/\\\/www.upjs.sk\\\/pracoviska\\\/ustav-telesnej-vychovy\\\/#website\",\"url\":\"https:\\\/\\\/www.upjs.sk\\\/pracoviska\\\/ustav-telesnej-vychovy\\\/\",\"name\":\"\u00dastav telesnej v\u00fdchovy a \u0161portu | UPJ\u0160\",\"description\":\"\",\"publisher\":{\"@id\":\"https:\\\/\\\/www.upjs.sk\\\/pracoviska\\\/ustav-telesnej-vychovy\\\/#organization\"},\"potentialAction\":[{\"@type\":\"SearchAction\",\"target\":{\"@type\":\"EntryPoint\",\"urlTemplate\":\"https:\\\/\\\/www.upjs.sk\\\/pracoviska\\\/ustav-telesnej-vychovy\\\/?s={search_term_string}\"},\"query-input\":{\"@type\":\"PropertyValueSpecification\",\"valueRequired\":true,\"valueName\":\"search_term_string\"}}],\"inLanguage\":\"sk-SK\"},{\"@type\":\"Organization\",\"@id\":\"https:\\\/\\\/www.upjs.sk\\\/pracoviska\\\/ustav-telesnej-vychovy\\\/#organization\",\"name\":\"\u00dastav telesnej v\u00fdchovy a \u0161portu | UPJ\u0160\",\"url\":\"https:\\\/\\\/www.upjs.sk\\\/pracoviska\\\/ustav-telesnej-vychovy\\\/\",\"logo\":{\"@type\":\"ImageObject\",\"inLanguage\":\"sk-SK\",\"@id\":\"https:\\\/\\\/www.upjs.sk\\\/pracoviska\\\/ustav-telesnej-vychovy\\\/#\\\/schema\\\/logo\\\/image\\\/\",\"url\":\"https:\\\/\\\/www.upjs.sk\\\/app\\\/uploads\\\/sites\\\/14\\\/2023\\\/01\\\/UTVS.svg\",\"contentUrl\":\"https:\\\/\\\/www.upjs.sk\\\/app\\\/uploads\\\/sites\\\/14\\\/2023\\\/01\\\/UTVS.svg\",\"width\":500,\"height\":138,\"caption\":\"\u00dastav telesnej v\u00fdchovy a \u0161portu | UPJ\u0160\"},\"image\":{\"@id\":\"https:\\\/\\\/www.upjs.sk\\\/pracoviska\\\/ustav-telesnej-vychovy\\\/#\\\/schema\\\/logo\\\/image\\\/\"}}]}<\/script>\n<!-- \/ Yoast SEO plugin. -->","yoast_head_json":{"title":"\u0160tudenti fak\u00falt UPJ\u0160 - \u00dastav telesnej v\u00fdchovy a \u0161portu | UPJ\u0160","robots":{"index":"index","follow":"follow","max-snippet":"max-snippet:-1","max-image-preview":"max-image-preview:large","max-video-preview":"max-video-preview:-1"},"canonical":"https:\/\/www.upjs.sk\/pracoviska\/ustav-telesnej-vychovy\/studenti-fakult-upjs\/","og_locale":"sk_SK","og_type":"article","og_title":"\u0160tudenti fak\u00falt UPJ\u0160 - \u00dastav telesnej v\u00fdchovy a \u0161portu | UPJ\u0160","og_url":"https:\/\/www.upjs.sk\/pracoviska\/ustav-telesnej-vychovy\/studenti-fakult-upjs\/","og_site_name":"\u00dastav telesnej v\u00fdchovy a \u0161portu | UPJ\u0160","article_modified_time":"2026-02-18T13:41:52+00:00","og_image":[{"width":300,"height":300,"url":"https:\/\/www.upjs.sk\/app\/uploads\/sites\/14\/2022\/10\/SportoveAktivity.jpg","type":"image\/jpeg"}],"twitter_card":"summary_large_image","twitter_misc":{"Predpokladan\u00fd \u010das \u010d\u00edtania":"1 min\u00fata"},"schema":{"@context":"https:\/\/schema.org","@graph":[{"@type":"WebPage","@id":"https:\/\/www.upjs.sk\/pracoviska\/ustav-telesnej-vychovy\/studenti-fakult-upjs\/","url":"https:\/\/www.upjs.sk\/pracoviska\/ustav-telesnej-vychovy\/studenti-fakult-upjs\/","name":"\u0160tudenti fak\u00falt UPJ\u0160 - \u00dastav telesnej v\u00fdchovy a \u0161portu | UPJ\u0160","isPartOf":{"@id":"https:\/\/www.upjs.sk\/pracoviska\/ustav-telesnej-vychovy\/#website"},"primaryImageOfPage":{"@id":"https:\/\/www.upjs.sk\/pracoviska\/ustav-telesnej-vychovy\/studenti-fakult-upjs\/#primaryimage"},"image":{"@id":"https:\/\/www.upjs.sk\/pracoviska\/ustav-telesnej-vychovy\/studenti-fakult-upjs\/#primaryimage"},"thumbnailUrl":"https:\/\/www.upjs.sk\/app\/uploads\/sites\/14\/2022\/10\/SportoveAktivity.jpg","datePublished":"2022-09-07T21:40:14+00:00","dateModified":"2026-02-18T13:41:52+00:00","breadcrumb":{"@id":"https:\/\/www.upjs.sk\/pracoviska\/ustav-telesnej-vychovy\/studenti-fakult-upjs\/#breadcrumb"},"inLanguage":"sk-SK","potentialAction":[{"@type":"ReadAction","target":["https:\/\/www.upjs.sk\/pracoviska\/ustav-telesnej-vychovy\/studenti-fakult-upjs\/"]}]},{"@type":"ImageObject","inLanguage":"sk-SK","@id":"https:\/\/www.upjs.sk\/pracoviska\/ustav-telesnej-vychovy\/studenti-fakult-upjs\/#primaryimage","url":"https:\/\/www.upjs.sk\/app\/uploads\/sites\/14\/2022\/10\/SportoveAktivity.jpg","contentUrl":"https:\/\/www.upjs.sk\/app\/uploads\/sites\/14\/2022\/10\/SportoveAktivity.jpg"},{"@type":"BreadcrumbList","@id":"https:\/\/www.upjs.sk\/pracoviska\/ustav-telesnej-vychovy\/studenti-fakult-upjs\/#breadcrumb","itemListElement":[{"@type":"ListItem","position":1,"name":"Home","item":"https:\/\/www.upjs.sk\/pracoviska\/ustav-telesnej-vychovy\/"},{"@type":"ListItem","position":2,"name":"\u0160tudenti fak\u00falt UPJ\u0160"}]},{"@type":"WebSite","@id":"https:\/\/www.upjs.sk\/pracoviska\/ustav-telesnej-vychovy\/#website","url":"https:\/\/www.upjs.sk\/pracoviska\/ustav-telesnej-vychovy\/","name":"\u00dastav telesnej v\u00fdchovy a \u0161portu | UPJ\u0160","description":"","publisher":{"@id":"https:\/\/www.upjs.sk\/pracoviska\/ustav-telesnej-vychovy\/#organization"},"potentialAction":[{"@type":"SearchAction","target":{"@type":"EntryPoint","urlTemplate":"https:\/\/www.upjs.sk\/pracoviska\/ustav-telesnej-vychovy\/?s={search_term_string}"},"query-input":{"@type":"PropertyValueSpecification","valueRequired":true,"valueName":"search_term_string"}}],"inLanguage":"sk-SK"},{"@type":"Organization","@id":"https:\/\/www.upjs.sk\/pracoviska\/ustav-telesnej-vychovy\/#organization","name":"\u00dastav telesnej v\u00fdchovy a \u0161portu | UPJ\u0160","url":"https:\/\/www.upjs.sk\/pracoviska\/ustav-telesnej-vychovy\/","logo":{"@type":"ImageObject","inLanguage":"sk-SK","@id":"https:\/\/www.upjs.sk\/pracoviska\/ustav-telesnej-vychovy\/#\/schema\/logo\/image\/","url":"https:\/\/www.upjs.sk\/app\/uploads\/sites\/14\/2023\/01\/UTVS.svg","contentUrl":"https:\/\/www.upjs.sk\/app\/uploads\/sites\/14\/2023\/01\/UTVS.svg","width":500,"height":138,"caption":"\u00dastav telesnej v\u00fdchovy a \u0161portu | UPJ\u0160"},"image":{"@id":"https:\/\/www.upjs.sk\/pracoviska\/ustav-telesnej-vychovy\/#\/schema\/logo\/image\/"}}]}},"_links":{"self":[{"href":"https:\/\/www.upjs.sk\/pracoviska\/ustav-telesnej-vychovy\/wp-json\/wp\/v2\/pages\/13598","targetHints":{"allow":["GET"]}}],"collection":[{"href":"https:\/\/www.upjs.sk\/pracoviska\/ustav-telesnej-vychovy\/wp-json\/wp\/v2\/pages"}],"about":[{"href":"https:\/\/www.upjs.sk\/pracoviska\/ustav-telesnej-vychovy\/wp-json\/wp\/v2\/types\/page"}],"author":[{"embeddable":true,"href":"https:\/\/www.upjs.sk\/pracoviska\/ustav-telesnej-vychovy\/wp-json\/wp\/v2\/users\/1"}],"replies":[{"embeddable":true,"href":"https:\/\/www.upjs.sk\/pracoviska\/ustav-telesnej-vychovy\/wp-json\/wp\/v2\/comments?post=13598"}],"version-history":[{"count":14,"href":"https:\/\/www.upjs.sk\/pracoviska\/ustav-telesnej-vychovy\/wp-json\/wp\/v2\/pages\/13598\/revisions"}],"predecessor-version":[{"id":23735,"href":"https:\/\/www.upjs.sk\/pracoviska\/ustav-telesnej-vychovy\/wp-json\/wp\/v2\/pages\/13598\/revisions\/23735"}],"wp:attachment":[{"href":"https:\/\/www.upjs.sk\/pracoviska\/ustav-telesnej-vychovy\/wp-json\/wp\/v2\/media?parent=13598"}],"wp:term":[{"taxonomy":"category","embeddable":true,"href":"https:\/\/www.upjs.sk\/pracoviska\/ustav-telesnej-vychovy\/wp-json\/wp\/v2\/categories?post=13598"},{"taxonomy":"post_tag","embeddable":true,"href":"https:\/\/www.upjs.sk\/pracoviska\/ustav-telesnej-vychovy\/wp-json\/wp\/v2\/tags?post=13598"}],"curies":[{"name":"wp","href":"https:\/\/api.w.org\/{rel}","templated":true}]}}