{"id":13642,"date":"2022-08-18T08:52:08","date_gmt":"2022-08-18T08:52:08","guid":{"rendered":"https:\/\/www.upjs.sk\/pracoviska\/ustav-telesnej-vychovy\/root\/verejnost\/"},"modified":"2023-02-26T17:50:51","modified_gmt":"2023-02-26T16:50:51","slug":"verejnost","status":"publish","type":"page","link":"https:\/\/www.upjs.sk\/pracoviska\/ustav-telesnej-vychovy\/verejnost\/","title":{"rendered":"Inform\u00e1cie pre verejnos\u0165 a m\u00e9di\u00e1"},"content":{"rendered":"<div class=\"btgrid\">\n<div class=\"row row-1\">\n<div class=\"col col-md-3\">\n<div class=\"content\">\n<p style=\"text-align: center;\"><a href=\"\/pracoviska\/ustav-telesnej-vychovy\/verejnost\/uspesni-studenti\/\"><img decoding=\"async\" class=\"aligncenter\" style=\"width: 30%;\" src=\"http:\/\/www.upjs.sk\/\/app\/uploads\/sites\/14\/2022\/10\/uspesni.jpg\" alt=\"\" \/><\/a><br \/>\n<a href=\"\/pracoviska\/ustav-telesnej-vychovy\/verejnost\/uspesni-studenti\/\">NA\u0160I \u00daSPE\u0160N\u00cd<br \/>\n\u0160TUDENTI<\/a><\/p>\n<\/div>\n<\/div>\n<div class=\"col col-md-3\">\n<div class=\"content\">\n<p style=\"text-align: center;\"><a href=\"\/pracoviska\/ustav-telesnej-vychovy\/verejnost\/uspesni-absolventi\/\"><img decoding=\"async\" class=\"aligncenter\" style=\"width: 30%;\" src=\"http:\/\/www.upjs.sk\/\/app\/uploads\/sites\/14\/2022\/10\/studenti.jpg\" alt=\"\" \/><\/a><br \/>\n<a href=\"\/pracoviska\/ustav-telesnej-vychovy\/verejnost\/uspesni-absolventi\/\">NA\u0160I \u00daSPE\u0160N\u00cd<br \/>\nABSOLVENTI<\/a><\/p>\n<\/div>\n<\/div>\n<div class=\"col col-md-3\">\n<div class=\"content\">\n<p style=\"text-align: center;\"><a href=\"https:\/\/www.upjs.sk\/pracoviska\/ustav-telesnej-vychovy\/o-nas-utvs\/partneri\/\"><img decoding=\"async\" class=\"aligncenter\" style=\"width: 30%;\" src=\"http:\/\/www.upjs.sk\/\/app\/uploads\/sites\/14\/2022\/10\/partneri.jpg\" alt=\"\" \/><br \/>\nNA\u0160I PARTNERI<\/a><\/p>\n<\/div>\n<\/div>\n<div class=\"col col-md-3\">\n<div class=\"content\">\n<p style=\"text-align: center;\"><a href=\"https:\/\/www.upjs.sk\/pracoviska\/ustav-telesnej-vychovy\/o-nas-utvs\/tj-slavia-upjs-kosice\"><img decoding=\"async\" class=\"aligncenter\" style=\"width: 30%;\" src=\"http:\/\/www.upjs.sk\/\/app\/uploads\/sites\/14\/2022\/10\/SlaviaTJ.jpg\" alt=\"\" \/><br \/>\nSL\u00c1VIA TJ<\/a><\/p>\n<\/div>\n<\/div>\n<\/div>\n<\/div>\n<p style=\"text-align: center;\"><span style=\"color: #e67e22;\">SLEDUJ N\u00c1S NA SOCI\u00c1LNYCH SIE\u0164ACH<\/span><\/p>\n<div class=\"btgrid\">\n<div class=\"row row-1\">\n<div class=\"col col-md-3\">\n<div class=\"content\">\n<p style=\"text-align: center;\"><img decoding=\"async\" class=\"aligncenter\" style=\"width: 30%;\" src=\"http:\/\/www.upjs.sk\/\/app\/uploads\/sites\/14\/2022\/10\/mobil.jpg\" alt=\"\" \/><\/p>\n<\/div>\n<\/div>\n<div class=\"col col-md-3\">\n<div class=\"content\">\n<p style=\"text-align: center;\"><a href=\"https:\/\/www.facebook.com\/UTVS.UPJS\" target=\"_blank\" rel=\"noopener\"><img decoding=\"async\" class=\"aligncenter\" style=\"width: 30%;\" src=\"http:\/\/www.upjs.sk\/\/app\/uploads\/sites\/14\/2022\/10\/FBpage.jpg\" alt=\"\" \/><\/a><br \/>\n<a href=\"https:\/\/www.facebook.com\/UTVS.UPJS\" target=\"_blank\" rel=\"noopener\">FB PAGE<\/a><\/p>\n<\/div>\n<\/div>\n<div class=\"col col-md-3\">\n<div class=\"content\">\n<p style=\"text-align: center;\"><a href=\"https:\/\/www.instagram.com\/utvs_upjs_kosice\/\" target=\"_blank\" rel=\"noopener\"><img decoding=\"async\" class=\"aligncenter\" style=\"width: 30%;\" src=\"http:\/\/www.upjs.sk\/\/app\/uploads\/sites\/14\/2022\/10\/Instagram.jpg\" alt=\"\" \/><\/a><br \/>\n<a href=\"https:\/\/www.instagram.com\/utvs_upjs_kosice\/\" target=\"_blank\" rel=\"noopener\">INSTAPROFIL<\/a><\/p>\n<\/div>\n<\/div>\n<div class=\"col col-md-3\">\n<div class=\"content\">\n<p style=\"text-align: center;\"><a href=\"https:\/\/www.youtube.com\/channel\/UC4B5JqZ1tRbXhuP8LsyasMQ\" target=\"_blank\" rel=\"noopener\"><img decoding=\"async\" class=\"aligncenter\" style=\"width: 30%;\" src=\"http:\/\/www.upjs.sk\/\/app\/uploads\/sites\/14\/2022\/10\/Youtube.jpg\" alt=\"\" \/><\/a><br \/>\n<a href=\"https:\/\/www.youtube.com\/channel\/UC4B5JqZ1tRbXhuP8LsyasMQ\" target=\"_blank\" rel=\"noopener\">YOUTUBE KAN\u00c1L<\/a><\/p>\n<\/div>\n<\/div>\n<\/div>\n<\/div>\n<ul>\n<li><a href=\"https:\/\/youtu.be\/0iF0AGr7AMY\" target=\"_blank\" rel=\"noopener\">PREZENT\u00c1CIA \u0160TUDIJN\u00c9HO PROGRAMU \u0160AR<\/a><\/li>\n<li><a href=\"https:\/\/youtu.be\/RbKcSLN_tRE\" target=\"_blank\" rel=\"noopener\">PROMO VIDEO<\/a><\/li>\n<li>PROMO VIDEO PROMISEO<\/li>\n<li>FOTOGAL\u00c9RIA<\/li>\n<li><a href=\"https:\/\/www.upjs.sk\/pracoviska\/ustav-telesnej-vychovy\/upjs-life\/\">ZO \u017dIVOTA \u00daTV\u0160<\/a><\/li>\n<\/ul>\n","protected":false},"excerpt":{"rendered":"<p>NA\u0160I \u00daSPE\u0160N\u00cd \u0160TUDENTI NA\u0160I \u00daSPE\u0160N\u00cd ABSOLVENTI NA\u0160I PARTNERI SL\u00c1VIA TJ SLEDUJ N\u00c1S NA SOCI\u00c1LNYCH SIE\u0164ACH FB PAGE INSTAPROFIL YOUTUBE KAN\u00c1L PREZENT\u00c1CIA \u0160TUDIJN\u00c9HO PROGRAMU \u0160AR PROMO VIDEO PROMO VIDEO PROMISEO FOTOGAL\u00c9RIA ZO \u017dIVOTA \u00daTV\u0160<\/p>\n","protected":false},"author":1,"featured_media":13648,"parent":0,"menu_order":13,"comment_status":"closed","ping_status":"closed","template":"","meta":{"_acf_changed":false,"_editorskit_title_hidden":false,"_editorskit_reading_time":1,"_editorskit_is_block_options_detached":false,"_editorskit_block_options_position":"{}","footnotes":""},"categories":[],"tags":[],"class_list":["post-13642","page","type-page","status-publish","has-post-thumbnail","hentry"],"acf":{"acf_link_na_externy_obsah":""},"yoast_head":"<!-- This site is optimized with the Yoast SEO plugin v27.2 - https:\/\/yoast.com\/product\/yoast-seo-wordpress\/ -->\n<title>Inform\u00e1cie pre verejnos\u0165 a m\u00e9di\u00e1 - \u00dastav telesnej v\u00fdchovy a \u0161portu | UPJ\u0160<\/title>\n<meta name=\"robots\" content=\"index, follow, max-snippet:-1, max-image-preview:large, max-video-preview:-1\" \/>\n<link rel=\"canonical\" href=\"https:\/\/www.upjs.sk\/pracoviska\/ustav-telesnej-vychovy\/verejnost\/\" \/>\n<meta property=\"og:locale\" content=\"sk_SK\" \/>\n<meta property=\"og:type\" content=\"article\" \/>\n<meta property=\"og:title\" content=\"Inform\u00e1cie pre verejnos\u0165 a m\u00e9di\u00e1 - \u00dastav telesnej v\u00fdchovy a \u0161portu | UPJ\u0160\" \/>\n<meta property=\"og:description\" content=\"NA\u0160I \u00daSPE\u0160N\u00cd \u0160TUDENTI NA\u0160I \u00daSPE\u0160N\u00cd ABSOLVENTI NA\u0160I PARTNERI SL\u00c1VIA TJ SLEDUJ N\u00c1S NA SOCI\u00c1LNYCH SIE\u0164ACH FB PAGE INSTAPROFIL YOUTUBE KAN\u00c1L PREZENT\u00c1CIA \u0160TUDIJN\u00c9HO PROGRAMU \u0160AR PROMO VIDEO PROMO VIDEO PROMISEO FOTOGAL\u00c9RIA ZO \u017dIVOTA \u00daTV\u0160\" \/>\n<meta property=\"og:url\" content=\"https:\/\/www.upjs.sk\/pracoviska\/ustav-telesnej-vychovy\/verejnost\/\" \/>\n<meta property=\"og:site_name\" content=\"\u00dastav telesnej v\u00fdchovy a \u0161portu | UPJ\u0160\" \/>\n<meta property=\"article:modified_time\" content=\"2023-02-26T16:50:51+00:00\" \/>\n<meta property=\"og:image\" content=\"https:\/\/www.upjs.sk\/app\/uploads\/sites\/14\/2022\/10\/FBpage.jpg\" \/>\n\t<meta property=\"og:image:width\" content=\"300\" \/>\n\t<meta property=\"og:image:height\" content=\"300\" \/>\n\t<meta property=\"og:image:type\" content=\"image\/jpeg\" \/>\n<meta name=\"twitter:card\" content=\"summary_large_image\" \/>\n<meta name=\"twitter:label1\" content=\"Predpokladan\u00fd \u010das \u010d\u00edtania\" \/>\n\t<meta name=\"twitter:data1\" content=\"2 min\u00faty\" \/>\n<script type=\"application\/ld+json\" class=\"yoast-schema-graph\">{\"@context\":\"https:\/\/schema.org\",\"@graph\":[{\"@type\":\"WebPage\",\"@id\":\"https:\/\/www.upjs.sk\/pracoviska\/ustav-telesnej-vychovy\/verejnost\/\",\"url\":\"https:\/\/www.upjs.sk\/pracoviska\/ustav-telesnej-vychovy\/verejnost\/\",\"name\":\"Inform\u00e1cie pre verejnos\u0165 a m\u00e9di\u00e1 - \u00dastav telesnej v\u00fdchovy a \u0161portu | UPJ\u0160\",\"isPartOf\":{\"@id\":\"https:\/\/www.upjs.sk\/pracoviska\/ustav-telesnej-vychovy\/#website\"},\"primaryImageOfPage\":{\"@id\":\"https:\/\/www.upjs.sk\/pracoviska\/ustav-telesnej-vychovy\/verejnost\/#primaryimage\"},\"image\":{\"@id\":\"https:\/\/www.upjs.sk\/pracoviska\/ustav-telesnej-vychovy\/verejnost\/#primaryimage\"},\"thumbnailUrl\":\"https:\/\/www.upjs.sk\/app\/uploads\/sites\/14\/2022\/10\/FBpage.jpg\",\"datePublished\":\"2022-08-18T08:52:08+00:00\",\"dateModified\":\"2023-02-26T16:50:51+00:00\",\"breadcrumb\":{\"@id\":\"https:\/\/www.upjs.sk\/pracoviska\/ustav-telesnej-vychovy\/verejnost\/#breadcrumb\"},\"inLanguage\":\"sk-SK\",\"potentialAction\":[{\"@type\":\"ReadAction\",\"target\":[\"https:\/\/www.upjs.sk\/pracoviska\/ustav-telesnej-vychovy\/verejnost\/\"]}]},{\"@type\":\"ImageObject\",\"inLanguage\":\"sk-SK\",\"@id\":\"https:\/\/www.upjs.sk\/pracoviska\/ustav-telesnej-vychovy\/verejnost\/#primaryimage\",\"url\":\"https:\/\/www.upjs.sk\/app\/uploads\/sites\/14\/2022\/10\/FBpage.jpg\",\"contentUrl\":\"https:\/\/www.upjs.sk\/app\/uploads\/sites\/14\/2022\/10\/FBpage.jpg\",\"width\":300,\"height\":300,\"caption\":\"verejnost\"},{\"@type\":\"BreadcrumbList\",\"@id\":\"https:\/\/www.upjs.sk\/pracoviska\/ustav-telesnej-vychovy\/verejnost\/#breadcrumb\",\"itemListElement\":[{\"@type\":\"ListItem\",\"position\":1,\"name\":\"Home\",\"item\":\"https:\/\/www.upjs.sk\/pracoviska\/ustav-telesnej-vychovy\/\"},{\"@type\":\"ListItem\",\"position\":2,\"name\":\"Inform\u00e1cie pre verejnos\u0165 a m\u00e9di\u00e1\"}]},{\"@type\":\"WebSite\",\"@id\":\"https:\/\/www.upjs.sk\/pracoviska\/ustav-telesnej-vychovy\/#website\",\"url\":\"https:\/\/www.upjs.sk\/pracoviska\/ustav-telesnej-vychovy\/\",\"name\":\"\u00dastav telesnej v\u00fdchovy a \u0161portu | UPJ\u0160\",\"description\":\"\",\"publisher\":{\"@id\":\"https:\/\/www.upjs.sk\/pracoviska\/ustav-telesnej-vychovy\/#organization\"},\"potentialAction\":[{\"@type\":\"SearchAction\",\"target\":{\"@type\":\"EntryPoint\",\"urlTemplate\":\"https:\/\/www.upjs.sk\/pracoviska\/ustav-telesnej-vychovy\/?s={search_term_string}\"},\"query-input\":{\"@type\":\"PropertyValueSpecification\",\"valueRequired\":true,\"valueName\":\"search_term_string\"}}],\"inLanguage\":\"sk-SK\"},{\"@type\":\"Organization\",\"@id\":\"https:\/\/www.upjs.sk\/pracoviska\/ustav-telesnej-vychovy\/#organization\",\"name\":\"\u00dastav telesnej v\u00fdchovy a \u0161portu | UPJ\u0160\",\"url\":\"https:\/\/www.upjs.sk\/pracoviska\/ustav-telesnej-vychovy\/\",\"logo\":{\"@type\":\"ImageObject\",\"inLanguage\":\"sk-SK\",\"@id\":\"https:\/\/www.upjs.sk\/pracoviska\/ustav-telesnej-vychovy\/#\/schema\/logo\/image\/\",\"url\":\"https:\/\/www.upjs.sk\/app\/uploads\/sites\/14\/2023\/01\/UTVS.svg\",\"contentUrl\":\"https:\/\/www.upjs.sk\/app\/uploads\/sites\/14\/2023\/01\/UTVS.svg\",\"width\":500,\"height\":138,\"caption\":\"\u00dastav telesnej v\u00fdchovy a \u0161portu | UPJ\u0160\"},\"image\":{\"@id\":\"https:\/\/www.upjs.sk\/pracoviska\/ustav-telesnej-vychovy\/#\/schema\/logo\/image\/\"}}]}<\/script>\n<!-- \/ Yoast SEO plugin. -->","yoast_head_json":{"title":"Inform\u00e1cie pre verejnos\u0165 a m\u00e9di\u00e1 - \u00dastav telesnej v\u00fdchovy a \u0161portu | UPJ\u0160","robots":{"index":"index","follow":"follow","max-snippet":"max-snippet:-1","max-image-preview":"max-image-preview:large","max-video-preview":"max-video-preview:-1"},"canonical":"https:\/\/www.upjs.sk\/pracoviska\/ustav-telesnej-vychovy\/verejnost\/","og_locale":"sk_SK","og_type":"article","og_title":"Inform\u00e1cie pre verejnos\u0165 a m\u00e9di\u00e1 - \u00dastav telesnej v\u00fdchovy a \u0161portu | UPJ\u0160","og_description":"NA\u0160I \u00daSPE\u0160N\u00cd \u0160TUDENTI NA\u0160I \u00daSPE\u0160N\u00cd ABSOLVENTI NA\u0160I PARTNERI SL\u00c1VIA TJ SLEDUJ N\u00c1S NA SOCI\u00c1LNYCH SIE\u0164ACH FB PAGE INSTAPROFIL YOUTUBE KAN\u00c1L PREZENT\u00c1CIA \u0160TUDIJN\u00c9HO PROGRAMU \u0160AR PROMO VIDEO PROMO VIDEO PROMISEO FOTOGAL\u00c9RIA ZO \u017dIVOTA \u00daTV\u0160","og_url":"https:\/\/www.upjs.sk\/pracoviska\/ustav-telesnej-vychovy\/verejnost\/","og_site_name":"\u00dastav telesnej v\u00fdchovy a \u0161portu | UPJ\u0160","article_modified_time":"2023-02-26T16:50:51+00:00","og_image":[{"width":300,"height":300,"url":"https:\/\/www.upjs.sk\/app\/uploads\/sites\/14\/2022\/10\/FBpage.jpg","type":"image\/jpeg"}],"twitter_card":"summary_large_image","twitter_misc":{"Predpokladan\u00fd \u010das \u010d\u00edtania":"2 min\u00faty"},"schema":{"@context":"https:\/\/schema.org","@graph":[{"@type":"WebPage","@id":"https:\/\/www.upjs.sk\/pracoviska\/ustav-telesnej-vychovy\/verejnost\/","url":"https:\/\/www.upjs.sk\/pracoviska\/ustav-telesnej-vychovy\/verejnost\/","name":"Inform\u00e1cie pre verejnos\u0165 a m\u00e9di\u00e1 - \u00dastav telesnej v\u00fdchovy a \u0161portu | UPJ\u0160","isPartOf":{"@id":"https:\/\/www.upjs.sk\/pracoviska\/ustav-telesnej-vychovy\/#website"},"primaryImageOfPage":{"@id":"https:\/\/www.upjs.sk\/pracoviska\/ustav-telesnej-vychovy\/verejnost\/#primaryimage"},"image":{"@id":"https:\/\/www.upjs.sk\/pracoviska\/ustav-telesnej-vychovy\/verejnost\/#primaryimage"},"thumbnailUrl":"https:\/\/www.upjs.sk\/app\/uploads\/sites\/14\/2022\/10\/FBpage.jpg","datePublished":"2022-08-18T08:52:08+00:00","dateModified":"2023-02-26T16:50:51+00:00","breadcrumb":{"@id":"https:\/\/www.upjs.sk\/pracoviska\/ustav-telesnej-vychovy\/verejnost\/#breadcrumb"},"inLanguage":"sk-SK","potentialAction":[{"@type":"ReadAction","target":["https:\/\/www.upjs.sk\/pracoviska\/ustav-telesnej-vychovy\/verejnost\/"]}]},{"@type":"ImageObject","inLanguage":"sk-SK","@id":"https:\/\/www.upjs.sk\/pracoviska\/ustav-telesnej-vychovy\/verejnost\/#primaryimage","url":"https:\/\/www.upjs.sk\/app\/uploads\/sites\/14\/2022\/10\/FBpage.jpg","contentUrl":"https:\/\/www.upjs.sk\/app\/uploads\/sites\/14\/2022\/10\/FBpage.jpg","width":300,"height":300,"caption":"verejnost"},{"@type":"BreadcrumbList","@id":"https:\/\/www.upjs.sk\/pracoviska\/ustav-telesnej-vychovy\/verejnost\/#breadcrumb","itemListElement":[{"@type":"ListItem","position":1,"name":"Home","item":"https:\/\/www.upjs.sk\/pracoviska\/ustav-telesnej-vychovy\/"},{"@type":"ListItem","position":2,"name":"Inform\u00e1cie pre verejnos\u0165 a m\u00e9di\u00e1"}]},{"@type":"WebSite","@id":"https:\/\/www.upjs.sk\/pracoviska\/ustav-telesnej-vychovy\/#website","url":"https:\/\/www.upjs.sk\/pracoviska\/ustav-telesnej-vychovy\/","name":"\u00dastav telesnej v\u00fdchovy a \u0161portu | UPJ\u0160","description":"","publisher":{"@id":"https:\/\/www.upjs.sk\/pracoviska\/ustav-telesnej-vychovy\/#organization"},"potentialAction":[{"@type":"SearchAction","target":{"@type":"EntryPoint","urlTemplate":"https:\/\/www.upjs.sk\/pracoviska\/ustav-telesnej-vychovy\/?s={search_term_string}"},"query-input":{"@type":"PropertyValueSpecification","valueRequired":true,"valueName":"search_term_string"}}],"inLanguage":"sk-SK"},{"@type":"Organization","@id":"https:\/\/www.upjs.sk\/pracoviska\/ustav-telesnej-vychovy\/#organization","name":"\u00dastav telesnej v\u00fdchovy a \u0161portu | UPJ\u0160","url":"https:\/\/www.upjs.sk\/pracoviska\/ustav-telesnej-vychovy\/","logo":{"@type":"ImageObject","inLanguage":"sk-SK","@id":"https:\/\/www.upjs.sk\/pracoviska\/ustav-telesnej-vychovy\/#\/schema\/logo\/image\/","url":"https:\/\/www.upjs.sk\/app\/uploads\/sites\/14\/2023\/01\/UTVS.svg","contentUrl":"https:\/\/www.upjs.sk\/app\/uploads\/sites\/14\/2023\/01\/UTVS.svg","width":500,"height":138,"caption":"\u00dastav telesnej v\u00fdchovy a \u0161portu | UPJ\u0160"},"image":{"@id":"https:\/\/www.upjs.sk\/pracoviska\/ustav-telesnej-vychovy\/#\/schema\/logo\/image\/"}}]}},"_links":{"self":[{"href":"https:\/\/www.upjs.sk\/pracoviska\/ustav-telesnej-vychovy\/wp-json\/wp\/v2\/pages\/13642","targetHints":{"allow":["GET"]}}],"collection":[{"href":"https:\/\/www.upjs.sk\/pracoviska\/ustav-telesnej-vychovy\/wp-json\/wp\/v2\/pages"}],"about":[{"href":"https:\/\/www.upjs.sk\/pracoviska\/ustav-telesnej-vychovy\/wp-json\/wp\/v2\/types\/page"}],"author":[{"embeddable":true,"href":"https:\/\/www.upjs.sk\/pracoviska\/ustav-telesnej-vychovy\/wp-json\/wp\/v2\/users\/1"}],"replies":[{"embeddable":true,"href":"https:\/\/www.upjs.sk\/pracoviska\/ustav-telesnej-vychovy\/wp-json\/wp\/v2\/comments?post=13642"}],"version-history":[{"count":3,"href":"https:\/\/www.upjs.sk\/pracoviska\/ustav-telesnej-vychovy\/wp-json\/wp\/v2\/pages\/13642\/revisions"}],"predecessor-version":[{"id":18958,"href":"https:\/\/www.upjs.sk\/pracoviska\/ustav-telesnej-vychovy\/wp-json\/wp\/v2\/pages\/13642\/revisions\/18958"}],"wp:featuredmedia":[{"embeddable":true,"href":"https:\/\/www.upjs.sk\/pracoviska\/ustav-telesnej-vychovy\/wp-json\/wp\/v2\/media\/13648"}],"wp:attachment":[{"href":"https:\/\/www.upjs.sk\/pracoviska\/ustav-telesnej-vychovy\/wp-json\/wp\/v2\/media?parent=13642"}],"wp:term":[{"taxonomy":"category","embeddable":true,"href":"https:\/\/www.upjs.sk\/pracoviska\/ustav-telesnej-vychovy\/wp-json\/wp\/v2\/categories?post=13642"},{"taxonomy":"post_tag","embeddable":true,"href":"https:\/\/www.upjs.sk\/pracoviska\/ustav-telesnej-vychovy\/wp-json\/wp\/v2\/tags?post=13642"}],"curies":[{"name":"wp","href":"https:\/\/api.w.org\/{rel}","templated":true}]}}