{"id":20239,"date":"2023-11-21T09:49:27","date_gmt":"2023-11-21T08:49:27","guid":{"rendered":"https:\/\/www.upjs.sk\/pracoviska\/ustav-telesnej-vychovy\/?page_id=20239"},"modified":"2023-11-21T10:02:43","modified_gmt":"2023-11-21T09:02:43","slug":"letne-outdoorove-aktivity2023","status":"publish","type":"page","link":"https:\/\/www.upjs.sk\/pracoviska\/ustav-telesnej-vychovy\/o-nas-utvs\/sportove-akcie\/letne-outdoorove-aktivity2023\/","title":{"rendered":"Letn\u00e9 outdoorov\u00e9 aktivity 2023"},"content":{"rendered":"\n<p>\u25aa <a aria-label=\"Letn\u00fd kurz - Cyklistika, Turistika, Splav rieky (opens in a new tab)\" href=\"https:\/\/www.upjs.sk\/app\/uploads\/sites\/14\/2023\/04\/LETNE-OUTDOOROVE-AKTVITY.pdf\" target=\"_blank\" rel=\"noreferrer noopener\" class=\"ek-link\"><strong>Letn\u00fd kurz &#8211; Cyklistika, Turistika, Splav rieky<\/strong><\/a><\/p>\n\n\n<style>.wp-block-kadence-spacer.kt-block-spacer-20239_1e578b-ee .kt-block-spacer{height:6px;}.wp-block-kadence-spacer.kt-block-spacer-20239_1e578b-ee .kt-divider{border-top-width:2px;border-top-color:#eee;width:100%;border-top-style:solid;}<\/style>\n<div class=\"wp-block-kadence-spacer aligncenter kt-block-spacer-20239_1e578b-ee\"><div class=\"kt-block-spacer kt-block-spacer-halign-center\"><hr class=\"kt-divider\"\/><\/div><\/div>\n\n\n\n<p class=\"has-text-align-center\"><strong>Spr\u00e1va z\u00a0kurzu<\/strong><\/p>\n\n\n\n<p><strong><mark style=\"background-color:rgba(0, 0, 0, 0)\" class=\"has-inline-color has-zakladna-modra-color\">V\u00a0d\u0148och 18. a\u017e 23. j\u00fana 2023 sa konal kurz: Letn\u00e9 outdoorov\u00e9 aktivity.<\/mark><\/strong> <br>Kurzu sa z\u00fa\u010dastnilo len 10 \u0161tudentov odboru \u0160AR. Kurz pozost\u00e1val z\u00a0praktickej a\u00a0teoretickej \u010dasti. Praktick\u00e1 \u010das\u0165 pozost\u00e1vala bu\u010f z\u00a0celod\u0148ovej cykloturistiky, turistiky alebo splavu rieky. Teoretick\u00e1 \u010das\u0165 pozost\u00e1vala z\u00a0ve\u010dern\u00fdch predn\u00e1\u0161ok ktor\u00e9 boli ukon\u010den\u00e9 z\u00e1vere\u010dn\u00fdm testom.\u00a0 V\u00a0s\u00fa\u010dte sa odbicyklovalo cez 120 km s\u00a0prev\u00fd\u0161en\u00edm 1200 m a\u00a0pe\u0161i pre\u0161lo cca 20 km s\u00a0prev\u00fd\u0161en\u00edm 700 m. V\u00fdchodiskov\u00fdm bodom pre kurz bola obec Dani\u0161ovce, kde m\u00e1 UPJ\u0160 svoje \u00fa\u010delov\u00e9 zriadenie.<\/p>\n\n\n\n<p>Ved\u00faci kurzu: Mgr. D\u00e1vid Ka\u0161ko, PhD.<\/p>\n","protected":false},"excerpt":{"rendered":"<p>\u25aa Letn\u00fd kurz &#8211; Cyklistika, Turistika, Splav rieky Spr\u00e1va z\u00a0kurzu V\u00a0d\u0148och 18. a\u017e 23. j\u00fana 2023 sa konal kurz: Letn\u00e9 outdoorov\u00e9 aktivity. Kurzu sa z\u00fa\u010dastnilo len 10 \u0161tudentov odboru \u0160AR. Kurz pozost\u00e1val z\u00a0praktickej a\u00a0teoretickej \u010dasti. Praktick\u00e1 \u010das\u0165 pozost\u00e1vala bu\u010f z\u00a0celod\u0148ovej cykloturistiky, turistiky alebo splavu rieky. Teoretick\u00e1 \u010das\u0165 pozost\u00e1vala z\u00a0ve\u010dern\u00fdch predn\u00e1\u0161ok ktor\u00e9 boli ukon\u010den\u00e9 z\u00e1vere\u010dn\u00fdm testom.\u00a0 &hellip; <a href=\"https:\/\/www.upjs.sk\/pracoviska\/ustav-telesnej-vychovy\/o-nas-utvs\/sportove-akcie\/letne-outdoorove-aktivity2023\/\">\u010c\u00edta\u0165 \u010falej<\/a><\/p>\n","protected":false},"author":14,"featured_media":0,"parent":13262,"menu_order":1,"comment_status":"closed","ping_status":"closed","template":"","meta":{"_acf_changed":false,"_editorskit_title_hidden":false,"_editorskit_reading_time":0,"_editorskit_is_block_options_detached":false,"_editorskit_block_options_position":"{}","footnotes":""},"categories":[],"tags":[],"class_list":["post-20239","page","type-page","status-publish","hentry"],"acf":{"acf_link_na_externy_obsah":""},"yoast_head":"<!-- This site is optimized with the Yoast SEO plugin v27.4 - https:\/\/yoast.com\/product\/yoast-seo-wordpress\/ -->\n<title>Letn\u00e9 outdoorov\u00e9 aktivity 2023 - \u00dastav telesnej v\u00fdchovy a \u0161portu | UPJ\u0160<\/title>\n<meta name=\"robots\" content=\"index, follow, max-snippet:-1, max-image-preview:large, max-video-preview:-1\" \/>\n<link rel=\"canonical\" href=\"https:\/\/www.upjs.sk\/pracoviska\/ustav-telesnej-vychovy\/o-nas-utvs\/sportove-akcie\/letne-outdoorove-aktivity2023\/\" \/>\n<meta property=\"og:locale\" content=\"sk_SK\" \/>\n<meta property=\"og:type\" content=\"article\" \/>\n<meta property=\"og:title\" content=\"Letn\u00e9 outdoorov\u00e9 aktivity 2023 - \u00dastav telesnej v\u00fdchovy a \u0161portu | UPJ\u0160\" \/>\n<meta property=\"og:description\" content=\"\u25aa Letn\u00fd kurz &#8211; Cyklistika, Turistika, Splav rieky Spr\u00e1va z\u00a0kurzu V\u00a0d\u0148och 18. a\u017e 23. j\u00fana 2023 sa konal kurz: Letn\u00e9 outdoorov\u00e9 aktivity. Kurzu sa z\u00fa\u010dastnilo len 10 \u0161tudentov odboru \u0160AR. Kurz pozost\u00e1val z\u00a0praktickej a\u00a0teoretickej \u010dasti. Praktick\u00e1 \u010das\u0165 pozost\u00e1vala bu\u010f z\u00a0celod\u0148ovej cykloturistiky, turistiky alebo splavu rieky. Teoretick\u00e1 \u010das\u0165 pozost\u00e1vala z\u00a0ve\u010dern\u00fdch predn\u00e1\u0161ok ktor\u00e9 boli ukon\u010den\u00e9 z\u00e1vere\u010dn\u00fdm testom.\u00a0 &hellip; \u010c\u00edta\u0165 \u010falej\" \/>\n<meta property=\"og:url\" content=\"https:\/\/www.upjs.sk\/pracoviska\/ustav-telesnej-vychovy\/o-nas-utvs\/sportove-akcie\/letne-outdoorove-aktivity2023\/\" \/>\n<meta property=\"og:site_name\" content=\"\u00dastav telesnej v\u00fdchovy a \u0161portu | UPJ\u0160\" \/>\n<meta property=\"article:modified_time\" content=\"2023-11-21T09:02:43+00:00\" \/>\n<meta name=\"twitter:card\" content=\"summary_large_image\" \/>\n<meta name=\"twitter:label1\" content=\"Predpokladan\u00fd \u010das \u010d\u00edtania\" \/>\n\t<meta name=\"twitter:data1\" content=\"1 min\u00fata\" \/>\n<script type=\"application\/ld+json\" class=\"yoast-schema-graph\">{\"@context\":\"https:\\\/\\\/schema.org\",\"@graph\":[{\"@type\":\"WebPage\",\"@id\":\"https:\\\/\\\/www.upjs.sk\\\/pracoviska\\\/ustav-telesnej-vychovy\\\/o-nas-utvs\\\/sportove-akcie\\\/letne-outdoorove-aktivity2023\\\/\",\"url\":\"https:\\\/\\\/www.upjs.sk\\\/pracoviska\\\/ustav-telesnej-vychovy\\\/o-nas-utvs\\\/sportove-akcie\\\/letne-outdoorove-aktivity2023\\\/\",\"name\":\"Letn\u00e9 outdoorov\u00e9 aktivity 2023 - \u00dastav telesnej v\u00fdchovy a \u0161portu | UPJ\u0160\",\"isPartOf\":{\"@id\":\"https:\\\/\\\/www.upjs.sk\\\/pracoviska\\\/ustav-telesnej-vychovy\\\/#website\"},\"datePublished\":\"2023-11-21T08:49:27+00:00\",\"dateModified\":\"2023-11-21T09:02:43+00:00\",\"breadcrumb\":{\"@id\":\"https:\\\/\\\/www.upjs.sk\\\/pracoviska\\\/ustav-telesnej-vychovy\\\/o-nas-utvs\\\/sportove-akcie\\\/letne-outdoorove-aktivity2023\\\/#breadcrumb\"},\"inLanguage\":\"sk-SK\",\"potentialAction\":[{\"@type\":\"ReadAction\",\"target\":[\"https:\\\/\\\/www.upjs.sk\\\/pracoviska\\\/ustav-telesnej-vychovy\\\/o-nas-utvs\\\/sportove-akcie\\\/letne-outdoorove-aktivity2023\\\/\"]}]},{\"@type\":\"BreadcrumbList\",\"@id\":\"https:\\\/\\\/www.upjs.sk\\\/pracoviska\\\/ustav-telesnej-vychovy\\\/o-nas-utvs\\\/sportove-akcie\\\/letne-outdoorove-aktivity2023\\\/#breadcrumb\",\"itemListElement\":[{\"@type\":\"ListItem\",\"position\":1,\"name\":\"Home\",\"item\":\"https:\\\/\\\/www.upjs.sk\\\/pracoviska\\\/ustav-telesnej-vychovy\\\/\"},{\"@type\":\"ListItem\",\"position\":2,\"name\":\"O n\u00e1s\",\"item\":\"https:\\\/\\\/www.upjs.sk\\\/pracoviska\\\/ustav-telesnej-vychovy\\\/o-nas-utvs\\\/\"},{\"@type\":\"ListItem\",\"position\":3,\"name\":\"Udalosti na \u00daTV\u0160\",\"item\":\"https:\\\/\\\/www.upjs.sk\\\/pracoviska\\\/ustav-telesnej-vychovy\\\/o-nas-utvs\\\/sportove-akcie\\\/\"},{\"@type\":\"ListItem\",\"position\":4,\"name\":\"Letn\u00e9 outdoorov\u00e9 aktivity 2023\"}]},{\"@type\":\"WebSite\",\"@id\":\"https:\\\/\\\/www.upjs.sk\\\/pracoviska\\\/ustav-telesnej-vychovy\\\/#website\",\"url\":\"https:\\\/\\\/www.upjs.sk\\\/pracoviska\\\/ustav-telesnej-vychovy\\\/\",\"name\":\"\u00dastav telesnej v\u00fdchovy a \u0161portu | UPJ\u0160\",\"description\":\"\",\"publisher\":{\"@id\":\"https:\\\/\\\/www.upjs.sk\\\/pracoviska\\\/ustav-telesnej-vychovy\\\/#organization\"},\"potentialAction\":[{\"@type\":\"SearchAction\",\"target\":{\"@type\":\"EntryPoint\",\"urlTemplate\":\"https:\\\/\\\/www.upjs.sk\\\/pracoviska\\\/ustav-telesnej-vychovy\\\/?s={search_term_string}\"},\"query-input\":{\"@type\":\"PropertyValueSpecification\",\"valueRequired\":true,\"valueName\":\"search_term_string\"}}],\"inLanguage\":\"sk-SK\"},{\"@type\":\"Organization\",\"@id\":\"https:\\\/\\\/www.upjs.sk\\\/pracoviska\\\/ustav-telesnej-vychovy\\\/#organization\",\"name\":\"\u00dastav telesnej v\u00fdchovy a \u0161portu | UPJ\u0160\",\"url\":\"https:\\\/\\\/www.upjs.sk\\\/pracoviska\\\/ustav-telesnej-vychovy\\\/\",\"logo\":{\"@type\":\"ImageObject\",\"inLanguage\":\"sk-SK\",\"@id\":\"https:\\\/\\\/www.upjs.sk\\\/pracoviska\\\/ustav-telesnej-vychovy\\\/#\\\/schema\\\/logo\\\/image\\\/\",\"url\":\"https:\\\/\\\/www.upjs.sk\\\/app\\\/uploads\\\/sites\\\/14\\\/2023\\\/01\\\/UTVS.svg\",\"contentUrl\":\"https:\\\/\\\/www.upjs.sk\\\/app\\\/uploads\\\/sites\\\/14\\\/2023\\\/01\\\/UTVS.svg\",\"width\":500,\"height\":138,\"caption\":\"\u00dastav telesnej v\u00fdchovy a \u0161portu | UPJ\u0160\"},\"image\":{\"@id\":\"https:\\\/\\\/www.upjs.sk\\\/pracoviska\\\/ustav-telesnej-vychovy\\\/#\\\/schema\\\/logo\\\/image\\\/\"}}]}<\/script>\n<!-- \/ Yoast SEO plugin. -->","yoast_head_json":{"title":"Letn\u00e9 outdoorov\u00e9 aktivity 2023 - \u00dastav telesnej v\u00fdchovy a \u0161portu | UPJ\u0160","robots":{"index":"index","follow":"follow","max-snippet":"max-snippet:-1","max-image-preview":"max-image-preview:large","max-video-preview":"max-video-preview:-1"},"canonical":"https:\/\/www.upjs.sk\/pracoviska\/ustav-telesnej-vychovy\/o-nas-utvs\/sportove-akcie\/letne-outdoorove-aktivity2023\/","og_locale":"sk_SK","og_type":"article","og_title":"Letn\u00e9 outdoorov\u00e9 aktivity 2023 - \u00dastav telesnej v\u00fdchovy a \u0161portu | UPJ\u0160","og_description":"\u25aa Letn\u00fd kurz &#8211; Cyklistika, Turistika, Splav rieky Spr\u00e1va z\u00a0kurzu V\u00a0d\u0148och 18. a\u017e 23. j\u00fana 2023 sa konal kurz: Letn\u00e9 outdoorov\u00e9 aktivity. Kurzu sa z\u00fa\u010dastnilo len 10 \u0161tudentov odboru \u0160AR. Kurz pozost\u00e1val z\u00a0praktickej a\u00a0teoretickej \u010dasti. Praktick\u00e1 \u010das\u0165 pozost\u00e1vala bu\u010f z\u00a0celod\u0148ovej cykloturistiky, turistiky alebo splavu rieky. Teoretick\u00e1 \u010das\u0165 pozost\u00e1vala z\u00a0ve\u010dern\u00fdch predn\u00e1\u0161ok ktor\u00e9 boli ukon\u010den\u00e9 z\u00e1vere\u010dn\u00fdm testom.\u00a0 &hellip; \u010c\u00edta\u0165 \u010falej","og_url":"https:\/\/www.upjs.sk\/pracoviska\/ustav-telesnej-vychovy\/o-nas-utvs\/sportove-akcie\/letne-outdoorove-aktivity2023\/","og_site_name":"\u00dastav telesnej v\u00fdchovy a \u0161portu | UPJ\u0160","article_modified_time":"2023-11-21T09:02:43+00:00","twitter_card":"summary_large_image","twitter_misc":{"Predpokladan\u00fd \u010das \u010d\u00edtania":"1 min\u00fata"},"schema":{"@context":"https:\/\/schema.org","@graph":[{"@type":"WebPage","@id":"https:\/\/www.upjs.sk\/pracoviska\/ustav-telesnej-vychovy\/o-nas-utvs\/sportove-akcie\/letne-outdoorove-aktivity2023\/","url":"https:\/\/www.upjs.sk\/pracoviska\/ustav-telesnej-vychovy\/o-nas-utvs\/sportove-akcie\/letne-outdoorove-aktivity2023\/","name":"Letn\u00e9 outdoorov\u00e9 aktivity 2023 - \u00dastav telesnej v\u00fdchovy a \u0161portu | UPJ\u0160","isPartOf":{"@id":"https:\/\/www.upjs.sk\/pracoviska\/ustav-telesnej-vychovy\/#website"},"datePublished":"2023-11-21T08:49:27+00:00","dateModified":"2023-11-21T09:02:43+00:00","breadcrumb":{"@id":"https:\/\/www.upjs.sk\/pracoviska\/ustav-telesnej-vychovy\/o-nas-utvs\/sportove-akcie\/letne-outdoorove-aktivity2023\/#breadcrumb"},"inLanguage":"sk-SK","potentialAction":[{"@type":"ReadAction","target":["https:\/\/www.upjs.sk\/pracoviska\/ustav-telesnej-vychovy\/o-nas-utvs\/sportove-akcie\/letne-outdoorove-aktivity2023\/"]}]},{"@type":"BreadcrumbList","@id":"https:\/\/www.upjs.sk\/pracoviska\/ustav-telesnej-vychovy\/o-nas-utvs\/sportove-akcie\/letne-outdoorove-aktivity2023\/#breadcrumb","itemListElement":[{"@type":"ListItem","position":1,"name":"Home","item":"https:\/\/www.upjs.sk\/pracoviska\/ustav-telesnej-vychovy\/"},{"@type":"ListItem","position":2,"name":"O n\u00e1s","item":"https:\/\/www.upjs.sk\/pracoviska\/ustav-telesnej-vychovy\/o-nas-utvs\/"},{"@type":"ListItem","position":3,"name":"Udalosti na \u00daTV\u0160","item":"https:\/\/www.upjs.sk\/pracoviska\/ustav-telesnej-vychovy\/o-nas-utvs\/sportove-akcie\/"},{"@type":"ListItem","position":4,"name":"Letn\u00e9 outdoorov\u00e9 aktivity 2023"}]},{"@type":"WebSite","@id":"https:\/\/www.upjs.sk\/pracoviska\/ustav-telesnej-vychovy\/#website","url":"https:\/\/www.upjs.sk\/pracoviska\/ustav-telesnej-vychovy\/","name":"\u00dastav telesnej v\u00fdchovy a \u0161portu | UPJ\u0160","description":"","publisher":{"@id":"https:\/\/www.upjs.sk\/pracoviska\/ustav-telesnej-vychovy\/#organization"},"potentialAction":[{"@type":"SearchAction","target":{"@type":"EntryPoint","urlTemplate":"https:\/\/www.upjs.sk\/pracoviska\/ustav-telesnej-vychovy\/?s={search_term_string}"},"query-input":{"@type":"PropertyValueSpecification","valueRequired":true,"valueName":"search_term_string"}}],"inLanguage":"sk-SK"},{"@type":"Organization","@id":"https:\/\/www.upjs.sk\/pracoviska\/ustav-telesnej-vychovy\/#organization","name":"\u00dastav telesnej v\u00fdchovy a \u0161portu | UPJ\u0160","url":"https:\/\/www.upjs.sk\/pracoviska\/ustav-telesnej-vychovy\/","logo":{"@type":"ImageObject","inLanguage":"sk-SK","@id":"https:\/\/www.upjs.sk\/pracoviska\/ustav-telesnej-vychovy\/#\/schema\/logo\/image\/","url":"https:\/\/www.upjs.sk\/app\/uploads\/sites\/14\/2023\/01\/UTVS.svg","contentUrl":"https:\/\/www.upjs.sk\/app\/uploads\/sites\/14\/2023\/01\/UTVS.svg","width":500,"height":138,"caption":"\u00dastav telesnej v\u00fdchovy a \u0161portu | UPJ\u0160"},"image":{"@id":"https:\/\/www.upjs.sk\/pracoviska\/ustav-telesnej-vychovy\/#\/schema\/logo\/image\/"}}]}},"_links":{"self":[{"href":"https:\/\/www.upjs.sk\/pracoviska\/ustav-telesnej-vychovy\/wp-json\/wp\/v2\/pages\/20239","targetHints":{"allow":["GET"]}}],"collection":[{"href":"https:\/\/www.upjs.sk\/pracoviska\/ustav-telesnej-vychovy\/wp-json\/wp\/v2\/pages"}],"about":[{"href":"https:\/\/www.upjs.sk\/pracoviska\/ustav-telesnej-vychovy\/wp-json\/wp\/v2\/types\/page"}],"author":[{"embeddable":true,"href":"https:\/\/www.upjs.sk\/pracoviska\/ustav-telesnej-vychovy\/wp-json\/wp\/v2\/users\/14"}],"replies":[{"embeddable":true,"href":"https:\/\/www.upjs.sk\/pracoviska\/ustav-telesnej-vychovy\/wp-json\/wp\/v2\/comments?post=20239"}],"version-history":[{"count":7,"href":"https:\/\/www.upjs.sk\/pracoviska\/ustav-telesnej-vychovy\/wp-json\/wp\/v2\/pages\/20239\/revisions"}],"predecessor-version":[{"id":20288,"href":"https:\/\/www.upjs.sk\/pracoviska\/ustav-telesnej-vychovy\/wp-json\/wp\/v2\/pages\/20239\/revisions\/20288"}],"up":[{"embeddable":true,"href":"https:\/\/www.upjs.sk\/pracoviska\/ustav-telesnej-vychovy\/wp-json\/wp\/v2\/pages\/13262"}],"wp:attachment":[{"href":"https:\/\/www.upjs.sk\/pracoviska\/ustav-telesnej-vychovy\/wp-json\/wp\/v2\/media?parent=20239"}],"wp:term":[{"taxonomy":"category","embeddable":true,"href":"https:\/\/www.upjs.sk\/pracoviska\/ustav-telesnej-vychovy\/wp-json\/wp\/v2\/categories?post=20239"},{"taxonomy":"post_tag","embeddable":true,"href":"https:\/\/www.upjs.sk\/pracoviska\/ustav-telesnej-vychovy\/wp-json\/wp\/v2\/tags?post=20239"}],"curies":[{"name":"wp","href":"https:\/\/api.w.org\/{rel}","templated":true}]}}