{"id":20747,"date":"2024-01-25T10:26:18","date_gmt":"2024-01-25T09:26:18","guid":{"rendered":"https:\/\/www.upjs.sk\/pracoviska\/ustav-telesnej-vychovy\/?page_id=20747"},"modified":"2024-01-25T10:26:21","modified_gmt":"2024-01-25T09:26:21","slug":"dod-2024-na-utvs","status":"publish","type":"page","link":"https:\/\/www.upjs.sk\/pracoviska\/ustav-telesnej-vychovy\/dod-2024-na-utvs\/","title":{"rendered":"DE\u0147 OTVOREN\u00ddCH DVER\u00cd 2024 NA \u00daTV\u0160"},"content":{"rendered":"\n<p>Na\u0161i \u0161tudenti a pedag\u00f3govia poskytn\u00fa uch\u00e1dza\u010dom inform\u00e1cie o \u00a0bakal\u00e1rskom stupni \u0161t\u00fadia v \u0161tudijnom programe\u00a0<strong><mark style=\"background-color:rgba(0, 0, 0, 0)\" class=\"has-inline-color has-zakladna-modra-color\"><a href=\"https:\/\/studijne-programy.upjs.sk\/fakulta\/UPJS?prihlasky=\" target=\"_blank\" aria-label=\"\u0160port a\u202frekre\u00e1cia (opens in a new tab)\" rel=\"noreferrer noopener\" class=\"ek-link\">\u0160port a\u202frekre\u00e1cia<\/a><\/mark><\/strong>, realizovanom na \u00daTV\u0160. Z\u00e1ujemcovia z\u00edskaj\u00fa inform\u00e1cie o prij\u00edmacom konan\u00ed,\u00a0d\u00f4le\u017eit\u00fdch term\u00ednoch, ale aj o\u00a0mo\u017en\u00fdch \u0161pecializ\u00e1ci\u00e1ch, ktor\u00e9 m\u00f4\u017eu \u0161tudenti z\u00edska\u0165 po\u010das \u0161t\u00fadia. \u0160tudentov prevedieme v\u00fdu\u010dbov\u00fdmi\u00a0priestormi a po uk\u00e1\u017eke praktick\u00fdch prij\u00edmac\u00edch sk\u00fa\u0161ok bud\u00fa ma\u0165 z\u00e1ujemcovia mo\u017enos\u0165 ich precvi\u010denia s odbornou dopomocou a konzult\u00e1ciou.\u00a0\u00a0<\/p>\n\n\n<style>.kb-image20747_2f9069-90 .kb-image-has-overlay:after{opacity:0.3;}<\/style>\n<div class=\"wp-block-kadence-image kb-image20747_2f9069-90\"><figure class=\"aligncenter size-large\"><img loading=\"lazy\" decoding=\"async\" width=\"1024\" height=\"350\" src=\"https:\/\/www.upjs.sk\/app\/uploads\/sites\/14\/2024\/01\/DOD-090224-plagat-1024x350.jpg\" alt=\"\" class=\"kb-img wp-image-20748\" srcset=\"https:\/\/www.upjs.sk\/app\/uploads\/sites\/14\/2024\/01\/DOD-090224-plagat-1024x350.jpg 1024w, https:\/\/www.upjs.sk\/app\/uploads\/sites\/14\/2024\/01\/DOD-090224-plagat-300x103.jpg 300w, https:\/\/www.upjs.sk\/app\/uploads\/sites\/14\/2024\/01\/DOD-090224-plagat-768x263.jpg 768w, https:\/\/www.upjs.sk\/app\/uploads\/sites\/14\/2024\/01\/DOD-090224-plagat.jpg 1170w\" sizes=\"auto, (max-width: 1024px) 100vw, 1024px\" \/><\/figure><\/div>\n\n\n\n<figure class=\"wp-block-table is-style-stripes\"><table><thead><tr><th class=\"has-text-align-left\" data-align=\"left\"><mark style=\"background-color:rgba(0, 0, 0, 0)\" class=\"has-inline-color has-zakladna-zlata-color\">PROGRAM<\/mark><\/th><th><\/th><\/tr><\/thead><tbody><tr><td class=\"has-text-align-left\" data-align=\"left\">09:00 \u2013 09:45<\/td><td>Priv\u00edtanie, predstavenie \u0161tudijn\u00e9ho programu, mo\u017enosti \u0161portovej realiz\u00e1cie a\u202freprezent\u00e1cie UPJ\u0160.\u00a0<\/td><\/tr><tr><td class=\"has-text-align-left\" data-align=\"left\">09:45 \u2013 10:00<\/td><td>Konzult\u00e1cie k\u202fprij\u00edmaciemu pohovoru\u00a0<strong>teoretick\u00e1 \u010das\u0165<\/strong>.\u00a0<\/td><\/tr><tr><td class=\"has-text-align-left\" data-align=\"left\">10:00 \u2013 10:30<\/td><td>Obozn\u00e1menie sa zo \u0161portoviskami \u00daTV\u0160 UPJ\u0160.\u00a0<\/td><\/tr><tr><td class=\"has-text-align-left\" data-align=\"left\">10:30 \u2013 11:15<\/td><td>Konzult\u00e1cie k\u202fprij\u00edmaciemu pohovoru\u00a0<strong>praktick\u00e1 \u010das\u0165 \u2013<\/strong>\u00a0telocvi\u010d\u0148a.\u00a0<\/td><\/tr><\/tbody><\/table><\/figure>\n\n\n\n<p>Z\u00e1ujemcovia m\u00f4\u017eu vyu\u017ei\u0165 mo\u017enos\u0165 n\u00e1cviku \u00a0gymnastickej zostavy a\u00a0vysk\u00fa\u0161a\u0165 si \u010dlnkov\u00fd beh.<br>Vchod na\u00a0<a href=\"https:\/\/www.google.com\/maps\/place\/%C3%9Astav+telesnej+v%C3%BDchovy+a+%C5%A1portu+UPJS\/@48.7204876,21.2371734,17z\/data=!4m6!3m5!1s0x473ee042560fae37:0xb4cab53e50c04c6b!8m2!3d48.7200028!4d21.2400702!16s%2Fg%2F11hczzwm4p?entry=ttu\" target=\"_blank\" rel=\"noreferrer noopener\">\u00daTV\u0160 UPJ\u0160,<\/a>\u00a0Ondavsk\u00e1 21, Ko\u0161ice.<\/p>\n","protected":false},"excerpt":{"rendered":"<p>Na\u0161i \u0161tudenti a pedag\u00f3govia poskytn\u00fa uch\u00e1dza\u010dom inform\u00e1cie o \u00a0bakal\u00e1rskom stupni \u0161t\u00fadia v \u0161tudijnom programe\u00a0\u0160port a\u202frekre\u00e1cia, realizovanom na \u00daTV\u0160. Z\u00e1ujemcovia z\u00edskaj\u00fa inform\u00e1cie o prij\u00edmacom konan\u00ed,\u00a0d\u00f4le\u017eit\u00fdch term\u00ednoch, ale aj o\u00a0mo\u017en\u00fdch \u0161pecializ\u00e1ci\u00e1ch, ktor\u00e9 m\u00f4\u017eu \u0161tudenti z\u00edska\u0165 po\u010das \u0161t\u00fadia. \u0160tudentov prevedieme v\u00fdu\u010dbov\u00fdmi\u00a0priestormi a po uk\u00e1\u017eke praktick\u00fdch prij\u00edmac\u00edch sk\u00fa\u0161ok bud\u00fa ma\u0165 z\u00e1ujemcovia mo\u017enos\u0165 ich precvi\u010denia s odbornou dopomocou a konzult\u00e1ciou.\u00a0\u00a0 &hellip; <a href=\"https:\/\/www.upjs.sk\/pracoviska\/ustav-telesnej-vychovy\/dod-2024-na-utvs\/\">\u010c\u00edta\u0165 \u010falej<\/a><\/p>\n","protected":false},"author":14,"featured_media":0,"parent":0,"menu_order":8,"comment_status":"closed","ping_status":"closed","template":"","meta":{"_acf_changed":false,"_editorskit_title_hidden":false,"_editorskit_reading_time":0,"_editorskit_is_block_options_detached":false,"_editorskit_block_options_position":"{}","footnotes":""},"categories":[],"tags":[],"class_list":["post-20747","page","type-page","status-publish","hentry"],"acf":{"acf_link_na_externy_obsah":""},"yoast_head":"<!-- This site is optimized with the Yoast SEO plugin v27.4 - https:\/\/yoast.com\/product\/yoast-seo-wordpress\/ -->\n<title>DE\u0147 OTVOREN\u00ddCH DVER\u00cd 2024 NA \u00daTV\u0160 - \u00dastav telesnej v\u00fdchovy a \u0161portu | UPJ\u0160<\/title>\n<meta name=\"robots\" content=\"index, follow, max-snippet:-1, max-image-preview:large, max-video-preview:-1\" \/>\n<link rel=\"canonical\" href=\"https:\/\/www.upjs.sk\/pracoviska\/ustav-telesnej-vychovy\/dod-2024-na-utvs\/\" \/>\n<meta property=\"og:locale\" content=\"sk_SK\" \/>\n<meta property=\"og:type\" content=\"article\" \/>\n<meta property=\"og:title\" content=\"DE\u0147 OTVOREN\u00ddCH DVER\u00cd 2024 NA \u00daTV\u0160 - \u00dastav telesnej v\u00fdchovy a \u0161portu | UPJ\u0160\" \/>\n<meta property=\"og:description\" content=\"Na\u0161i \u0161tudenti a pedag\u00f3govia poskytn\u00fa uch\u00e1dza\u010dom inform\u00e1cie o \u00a0bakal\u00e1rskom stupni \u0161t\u00fadia v \u0161tudijnom programe\u00a0\u0160port a\u202frekre\u00e1cia, realizovanom na \u00daTV\u0160. Z\u00e1ujemcovia z\u00edskaj\u00fa inform\u00e1cie o prij\u00edmacom konan\u00ed,\u00a0d\u00f4le\u017eit\u00fdch term\u00ednoch, ale aj o\u00a0mo\u017en\u00fdch \u0161pecializ\u00e1ci\u00e1ch, ktor\u00e9 m\u00f4\u017eu \u0161tudenti z\u00edska\u0165 po\u010das \u0161t\u00fadia. \u0160tudentov prevedieme v\u00fdu\u010dbov\u00fdmi\u00a0priestormi a po uk\u00e1\u017eke praktick\u00fdch prij\u00edmac\u00edch sk\u00fa\u0161ok bud\u00fa ma\u0165 z\u00e1ujemcovia mo\u017enos\u0165 ich precvi\u010denia s odbornou dopomocou a konzult\u00e1ciou.\u00a0\u00a0 &hellip; \u010c\u00edta\u0165 \u010falej\" \/>\n<meta property=\"og:url\" content=\"https:\/\/www.upjs.sk\/pracoviska\/ustav-telesnej-vychovy\/dod-2024-na-utvs\/\" \/>\n<meta property=\"og:site_name\" content=\"\u00dastav telesnej v\u00fdchovy a \u0161portu | UPJ\u0160\" \/>\n<meta property=\"article:modified_time\" content=\"2024-01-25T09:26:21+00:00\" \/>\n<meta property=\"og:image\" content=\"https:\/\/www.upjs.sk\/app\/uploads\/sites\/14\/2024\/01\/DOD-090224-plagat-1024x350.jpg\" \/>\n<meta name=\"twitter:card\" content=\"summary_large_image\" \/>\n<meta name=\"twitter:label1\" content=\"Predpokladan\u00fd \u010das \u010d\u00edtania\" \/>\n\t<meta name=\"twitter:data1\" content=\"1 min\u00fata\" \/>\n<script type=\"application\/ld+json\" class=\"yoast-schema-graph\">{\"@context\":\"https:\\\/\\\/schema.org\",\"@graph\":[{\"@type\":\"WebPage\",\"@id\":\"https:\\\/\\\/www.upjs.sk\\\/pracoviska\\\/ustav-telesnej-vychovy\\\/dod-2024-na-utvs\\\/\",\"url\":\"https:\\\/\\\/www.upjs.sk\\\/pracoviska\\\/ustav-telesnej-vychovy\\\/dod-2024-na-utvs\\\/\",\"name\":\"DE\u0147 OTVOREN\u00ddCH DVER\u00cd 2024 NA \u00daTV\u0160 - \u00dastav telesnej v\u00fdchovy a \u0161portu | UPJ\u0160\",\"isPartOf\":{\"@id\":\"https:\\\/\\\/www.upjs.sk\\\/pracoviska\\\/ustav-telesnej-vychovy\\\/#website\"},\"primaryImageOfPage\":{\"@id\":\"https:\\\/\\\/www.upjs.sk\\\/pracoviska\\\/ustav-telesnej-vychovy\\\/dod-2024-na-utvs\\\/#primaryimage\"},\"image\":{\"@id\":\"https:\\\/\\\/www.upjs.sk\\\/pracoviska\\\/ustav-telesnej-vychovy\\\/dod-2024-na-utvs\\\/#primaryimage\"},\"thumbnailUrl\":\"https:\\\/\\\/www.upjs.sk\\\/app\\\/uploads\\\/sites\\\/14\\\/2024\\\/01\\\/DOD-090224-plagat-1024x350.jpg\",\"datePublished\":\"2024-01-25T09:26:18+00:00\",\"dateModified\":\"2024-01-25T09:26:21+00:00\",\"breadcrumb\":{\"@id\":\"https:\\\/\\\/www.upjs.sk\\\/pracoviska\\\/ustav-telesnej-vychovy\\\/dod-2024-na-utvs\\\/#breadcrumb\"},\"inLanguage\":\"sk-SK\",\"potentialAction\":[{\"@type\":\"ReadAction\",\"target\":[\"https:\\\/\\\/www.upjs.sk\\\/pracoviska\\\/ustav-telesnej-vychovy\\\/dod-2024-na-utvs\\\/\"]}]},{\"@type\":\"ImageObject\",\"inLanguage\":\"sk-SK\",\"@id\":\"https:\\\/\\\/www.upjs.sk\\\/pracoviska\\\/ustav-telesnej-vychovy\\\/dod-2024-na-utvs\\\/#primaryimage\",\"url\":\"https:\\\/\\\/www.upjs.sk\\\/app\\\/uploads\\\/sites\\\/14\\\/2024\\\/01\\\/DOD-090224-plagat-1024x350.jpg\",\"contentUrl\":\"https:\\\/\\\/www.upjs.sk\\\/app\\\/uploads\\\/sites\\\/14\\\/2024\\\/01\\\/DOD-090224-plagat-1024x350.jpg\"},{\"@type\":\"BreadcrumbList\",\"@id\":\"https:\\\/\\\/www.upjs.sk\\\/pracoviska\\\/ustav-telesnej-vychovy\\\/dod-2024-na-utvs\\\/#breadcrumb\",\"itemListElement\":[{\"@type\":\"ListItem\",\"position\":1,\"name\":\"Home\",\"item\":\"https:\\\/\\\/www.upjs.sk\\\/pracoviska\\\/ustav-telesnej-vychovy\\\/\"},{\"@type\":\"ListItem\",\"position\":2,\"name\":\"DE\u0147 OTVOREN\u00ddCH DVER\u00cd 2024 NA \u00daTV\u0160\"}]},{\"@type\":\"WebSite\",\"@id\":\"https:\\\/\\\/www.upjs.sk\\\/pracoviska\\\/ustav-telesnej-vychovy\\\/#website\",\"url\":\"https:\\\/\\\/www.upjs.sk\\\/pracoviska\\\/ustav-telesnej-vychovy\\\/\",\"name\":\"\u00dastav telesnej v\u00fdchovy a \u0161portu | UPJ\u0160\",\"description\":\"\",\"publisher\":{\"@id\":\"https:\\\/\\\/www.upjs.sk\\\/pracoviska\\\/ustav-telesnej-vychovy\\\/#organization\"},\"potentialAction\":[{\"@type\":\"SearchAction\",\"target\":{\"@type\":\"EntryPoint\",\"urlTemplate\":\"https:\\\/\\\/www.upjs.sk\\\/pracoviska\\\/ustav-telesnej-vychovy\\\/?s={search_term_string}\"},\"query-input\":{\"@type\":\"PropertyValueSpecification\",\"valueRequired\":true,\"valueName\":\"search_term_string\"}}],\"inLanguage\":\"sk-SK\"},{\"@type\":\"Organization\",\"@id\":\"https:\\\/\\\/www.upjs.sk\\\/pracoviska\\\/ustav-telesnej-vychovy\\\/#organization\",\"name\":\"\u00dastav telesnej v\u00fdchovy a \u0161portu | UPJ\u0160\",\"url\":\"https:\\\/\\\/www.upjs.sk\\\/pracoviska\\\/ustav-telesnej-vychovy\\\/\",\"logo\":{\"@type\":\"ImageObject\",\"inLanguage\":\"sk-SK\",\"@id\":\"https:\\\/\\\/www.upjs.sk\\\/pracoviska\\\/ustav-telesnej-vychovy\\\/#\\\/schema\\\/logo\\\/image\\\/\",\"url\":\"https:\\\/\\\/www.upjs.sk\\\/app\\\/uploads\\\/sites\\\/14\\\/2023\\\/01\\\/UTVS.svg\",\"contentUrl\":\"https:\\\/\\\/www.upjs.sk\\\/app\\\/uploads\\\/sites\\\/14\\\/2023\\\/01\\\/UTVS.svg\",\"width\":500,\"height\":138,\"caption\":\"\u00dastav telesnej v\u00fdchovy a \u0161portu | UPJ\u0160\"},\"image\":{\"@id\":\"https:\\\/\\\/www.upjs.sk\\\/pracoviska\\\/ustav-telesnej-vychovy\\\/#\\\/schema\\\/logo\\\/image\\\/\"}}]}<\/script>\n<!-- \/ Yoast SEO plugin. -->","yoast_head_json":{"title":"DE\u0147 OTVOREN\u00ddCH DVER\u00cd 2024 NA \u00daTV\u0160 - \u00dastav telesnej v\u00fdchovy a \u0161portu | UPJ\u0160","robots":{"index":"index","follow":"follow","max-snippet":"max-snippet:-1","max-image-preview":"max-image-preview:large","max-video-preview":"max-video-preview:-1"},"canonical":"https:\/\/www.upjs.sk\/pracoviska\/ustav-telesnej-vychovy\/dod-2024-na-utvs\/","og_locale":"sk_SK","og_type":"article","og_title":"DE\u0147 OTVOREN\u00ddCH DVER\u00cd 2024 NA \u00daTV\u0160 - \u00dastav telesnej v\u00fdchovy a \u0161portu | UPJ\u0160","og_description":"Na\u0161i \u0161tudenti a pedag\u00f3govia poskytn\u00fa uch\u00e1dza\u010dom inform\u00e1cie o \u00a0bakal\u00e1rskom stupni \u0161t\u00fadia v \u0161tudijnom programe\u00a0\u0160port a\u202frekre\u00e1cia, realizovanom na \u00daTV\u0160. Z\u00e1ujemcovia z\u00edskaj\u00fa inform\u00e1cie o prij\u00edmacom konan\u00ed,\u00a0d\u00f4le\u017eit\u00fdch term\u00ednoch, ale aj o\u00a0mo\u017en\u00fdch \u0161pecializ\u00e1ci\u00e1ch, ktor\u00e9 m\u00f4\u017eu \u0161tudenti z\u00edska\u0165 po\u010das \u0161t\u00fadia. \u0160tudentov prevedieme v\u00fdu\u010dbov\u00fdmi\u00a0priestormi a po uk\u00e1\u017eke praktick\u00fdch prij\u00edmac\u00edch sk\u00fa\u0161ok bud\u00fa ma\u0165 z\u00e1ujemcovia mo\u017enos\u0165 ich precvi\u010denia s odbornou dopomocou a konzult\u00e1ciou.\u00a0\u00a0 &hellip; \u010c\u00edta\u0165 \u010falej","og_url":"https:\/\/www.upjs.sk\/pracoviska\/ustav-telesnej-vychovy\/dod-2024-na-utvs\/","og_site_name":"\u00dastav telesnej v\u00fdchovy a \u0161portu | UPJ\u0160","article_modified_time":"2024-01-25T09:26:21+00:00","og_image":[{"url":"https:\/\/www.upjs.sk\/app\/uploads\/sites\/14\/2024\/01\/DOD-090224-plagat-1024x350.jpg","type":"","width":"","height":""}],"twitter_card":"summary_large_image","twitter_misc":{"Predpokladan\u00fd \u010das \u010d\u00edtania":"1 min\u00fata"},"schema":{"@context":"https:\/\/schema.org","@graph":[{"@type":"WebPage","@id":"https:\/\/www.upjs.sk\/pracoviska\/ustav-telesnej-vychovy\/dod-2024-na-utvs\/","url":"https:\/\/www.upjs.sk\/pracoviska\/ustav-telesnej-vychovy\/dod-2024-na-utvs\/","name":"DE\u0147 OTVOREN\u00ddCH DVER\u00cd 2024 NA \u00daTV\u0160 - \u00dastav telesnej v\u00fdchovy a \u0161portu | UPJ\u0160","isPartOf":{"@id":"https:\/\/www.upjs.sk\/pracoviska\/ustav-telesnej-vychovy\/#website"},"primaryImageOfPage":{"@id":"https:\/\/www.upjs.sk\/pracoviska\/ustav-telesnej-vychovy\/dod-2024-na-utvs\/#primaryimage"},"image":{"@id":"https:\/\/www.upjs.sk\/pracoviska\/ustav-telesnej-vychovy\/dod-2024-na-utvs\/#primaryimage"},"thumbnailUrl":"https:\/\/www.upjs.sk\/app\/uploads\/sites\/14\/2024\/01\/DOD-090224-plagat-1024x350.jpg","datePublished":"2024-01-25T09:26:18+00:00","dateModified":"2024-01-25T09:26:21+00:00","breadcrumb":{"@id":"https:\/\/www.upjs.sk\/pracoviska\/ustav-telesnej-vychovy\/dod-2024-na-utvs\/#breadcrumb"},"inLanguage":"sk-SK","potentialAction":[{"@type":"ReadAction","target":["https:\/\/www.upjs.sk\/pracoviska\/ustav-telesnej-vychovy\/dod-2024-na-utvs\/"]}]},{"@type":"ImageObject","inLanguage":"sk-SK","@id":"https:\/\/www.upjs.sk\/pracoviska\/ustav-telesnej-vychovy\/dod-2024-na-utvs\/#primaryimage","url":"https:\/\/www.upjs.sk\/app\/uploads\/sites\/14\/2024\/01\/DOD-090224-plagat-1024x350.jpg","contentUrl":"https:\/\/www.upjs.sk\/app\/uploads\/sites\/14\/2024\/01\/DOD-090224-plagat-1024x350.jpg"},{"@type":"BreadcrumbList","@id":"https:\/\/www.upjs.sk\/pracoviska\/ustav-telesnej-vychovy\/dod-2024-na-utvs\/#breadcrumb","itemListElement":[{"@type":"ListItem","position":1,"name":"Home","item":"https:\/\/www.upjs.sk\/pracoviska\/ustav-telesnej-vychovy\/"},{"@type":"ListItem","position":2,"name":"DE\u0147 OTVOREN\u00ddCH DVER\u00cd 2024 NA \u00daTV\u0160"}]},{"@type":"WebSite","@id":"https:\/\/www.upjs.sk\/pracoviska\/ustav-telesnej-vychovy\/#website","url":"https:\/\/www.upjs.sk\/pracoviska\/ustav-telesnej-vychovy\/","name":"\u00dastav telesnej v\u00fdchovy a \u0161portu | UPJ\u0160","description":"","publisher":{"@id":"https:\/\/www.upjs.sk\/pracoviska\/ustav-telesnej-vychovy\/#organization"},"potentialAction":[{"@type":"SearchAction","target":{"@type":"EntryPoint","urlTemplate":"https:\/\/www.upjs.sk\/pracoviska\/ustav-telesnej-vychovy\/?s={search_term_string}"},"query-input":{"@type":"PropertyValueSpecification","valueRequired":true,"valueName":"search_term_string"}}],"inLanguage":"sk-SK"},{"@type":"Organization","@id":"https:\/\/www.upjs.sk\/pracoviska\/ustav-telesnej-vychovy\/#organization","name":"\u00dastav telesnej v\u00fdchovy a \u0161portu | UPJ\u0160","url":"https:\/\/www.upjs.sk\/pracoviska\/ustav-telesnej-vychovy\/","logo":{"@type":"ImageObject","inLanguage":"sk-SK","@id":"https:\/\/www.upjs.sk\/pracoviska\/ustav-telesnej-vychovy\/#\/schema\/logo\/image\/","url":"https:\/\/www.upjs.sk\/app\/uploads\/sites\/14\/2023\/01\/UTVS.svg","contentUrl":"https:\/\/www.upjs.sk\/app\/uploads\/sites\/14\/2023\/01\/UTVS.svg","width":500,"height":138,"caption":"\u00dastav telesnej v\u00fdchovy a \u0161portu | UPJ\u0160"},"image":{"@id":"https:\/\/www.upjs.sk\/pracoviska\/ustav-telesnej-vychovy\/#\/schema\/logo\/image\/"}}]}},"_links":{"self":[{"href":"https:\/\/www.upjs.sk\/pracoviska\/ustav-telesnej-vychovy\/wp-json\/wp\/v2\/pages\/20747","targetHints":{"allow":["GET"]}}],"collection":[{"href":"https:\/\/www.upjs.sk\/pracoviska\/ustav-telesnej-vychovy\/wp-json\/wp\/v2\/pages"}],"about":[{"href":"https:\/\/www.upjs.sk\/pracoviska\/ustav-telesnej-vychovy\/wp-json\/wp\/v2\/types\/page"}],"author":[{"embeddable":true,"href":"https:\/\/www.upjs.sk\/pracoviska\/ustav-telesnej-vychovy\/wp-json\/wp\/v2\/users\/14"}],"replies":[{"embeddable":true,"href":"https:\/\/www.upjs.sk\/pracoviska\/ustav-telesnej-vychovy\/wp-json\/wp\/v2\/comments?post=20747"}],"version-history":[{"count":3,"href":"https:\/\/www.upjs.sk\/pracoviska\/ustav-telesnej-vychovy\/wp-json\/wp\/v2\/pages\/20747\/revisions"}],"predecessor-version":[{"id":20756,"href":"https:\/\/www.upjs.sk\/pracoviska\/ustav-telesnej-vychovy\/wp-json\/wp\/v2\/pages\/20747\/revisions\/20756"}],"wp:attachment":[{"href":"https:\/\/www.upjs.sk\/pracoviska\/ustav-telesnej-vychovy\/wp-json\/wp\/v2\/media?parent=20747"}],"wp:term":[{"taxonomy":"category","embeddable":true,"href":"https:\/\/www.upjs.sk\/pracoviska\/ustav-telesnej-vychovy\/wp-json\/wp\/v2\/categories?post=20747"},{"taxonomy":"post_tag","embeddable":true,"href":"https:\/\/www.upjs.sk\/pracoviska\/ustav-telesnej-vychovy\/wp-json\/wp\/v2\/tags?post=20747"}],"curies":[{"name":"wp","href":"https:\/\/api.w.org\/{rel}","templated":true}]}}