{"id":21192,"date":"2024-04-03T08:02:21","date_gmt":"2024-04-03T07:02:21","guid":{"rendered":"https:\/\/www.upjs.sk\/pracoviska\/ustav-telesnej-vychovy\/?page_id=21192"},"modified":"2024-04-03T09:53:20","modified_gmt":"2024-04-03T08:53:20","slug":"mgr-rajnicova","status":"publish","type":"page","link":"https:\/\/www.upjs.sk\/pracoviska\/ustav-telesnej-vychovy\/konferencia-2024\/informacie\/mgr-rajnicova\/","title":{"rendered":"Mgr. Iveta Rajni\u010dov\u00e1 Nagyov\u00e1, PhD., FABMR"},"content":{"rendered":"\n<p><mark style=\"background-color:rgba(0, 0, 0, 0)\" class=\"has-inline-color has-zakladna-modra-color\"><strong><a aria-label=\"Univerzita P. J. \u0160af\u00e1rika v\u00a0Ko\u0161iciach (opens in a new tab)\" href=\"https:\/\/www.upjs.sk\/\" target=\"_blank\" rel=\"noreferrer noopener\" class=\"ek-link\">Univerzita P. J. \u0160af\u00e1rika v\u00a0Ko\u0161iciach<\/a><\/strong><br>Lek\u00e1rska fakulta<br>ORCID: <a href=\"https:\/\/orcid.org\/0000-0002-9528-5234\" target=\"_blank\" aria-label=\" (opens in a new tab)\" rel=\"noreferrer noopener\" class=\"ek-link\">0000-0002-9528-5234<\/a><\/mark><\/p>\n\n\n<style>.wp-block-kadence-spacer.kt-block-spacer-21192_fd49cc-03 .kt-block-spacer{height:6px;}.wp-block-kadence-spacer.kt-block-spacer-21192_fd49cc-03 .kt-divider{border-top-width:1px;height:1px;border-top-color:#eee;width:100%;border-top-style:solid;}<\/style>\n<div class=\"wp-block-kadence-spacer aligncenter kt-block-spacer-21192_fd49cc-03\"><div class=\"kt-block-spacer kt-block-spacer-halign-center\"><hr class=\"kt-divider\"\/><\/div><\/div>\n\n\n\n<p><strong><mark style=\"background-color:rgba(0, 0, 0, 0)\" class=\"has-inline-color has-zakladna-zlata-color\">Mgr. Iveta Rajni\u010dov\u00e1 Nagyov\u00e1, PhD., FABMR<\/mark><\/strong><br>\u25aa prednostka Kliniky soci\u00e1lnej a behavior\u00e1lnej medic\u00edny Lek\u00e1rskej fakulty Univerzity Pavla Jozefa \u0160af\u00e1rika (UPJ\u0160) v Ko\u0161iciach<br>\u25aa prezidentka Eur\u00f3pskej asoci\u00e1cie verejn\u00e9ho zdravia (EUPHA).<br>\u25aa prednostka Kliniky soci\u00e1lnej a behavior\u00e1lnej medic\u00edny Lek\u00e1rskej fakulty Univerzity Pavla Jozefa \u0160af\u00e1rika (UPJ\u0160) v Ko\u0161iciach<br>\u25aa prezidentka Eur\u00f3pskej asoci\u00e1cie verejn\u00e9ho zdravia (EUPHA).<\/p>\n\n\n\n<p>P\u00f4sob\u00ed aj ako \u010dlenka nieko\u013ek\u00fdch poradn\u00fdch v\u00fdborov WHO a WHO\/Eur\u00f3pa; vr\u00e1tane Technickej poradnej skupiny WHO pre poznatky o spr\u00e1van\u00ed a vedy pre zdravie, Poradn\u00e9ho zboru region\u00e1lneho riadite\u013ea WHO\/Eur\u00f3py pre inov\u00e1cie pre neprenosn\u00e9 choroby, pracovn\u00fdch skup\u00edn pre behavior\u00e1lne a kult\u00farne poznatky a Eur\u00f3pskeho poradn\u00e9ho v\u00fdboru pre v\u00fdskum zdravia (EACHR). Okrem toho bola spoluzakladate\u013ekou a prezidentkou sekcie EUPHA pre chronick\u00e9 choroby (2006-2019).<\/p>\n","protected":false},"excerpt":{"rendered":"<p>Univerzita P. J. \u0160af\u00e1rika v\u00a0Ko\u0161iciachLek\u00e1rska fakultaORCID: 0000-0002-9528-5234 Mgr. Iveta Rajni\u010dov\u00e1 Nagyov\u00e1, PhD., FABMR\u25aa prednostka Kliniky soci\u00e1lnej a behavior\u00e1lnej medic\u00edny Lek\u00e1rskej fakulty Univerzity Pavla Jozefa \u0160af\u00e1rika (UPJ\u0160) v Ko\u0161iciach\u25aa prezidentka Eur\u00f3pskej asoci\u00e1cie verejn\u00e9ho zdravia (EUPHA).\u25aa prednostka Kliniky soci\u00e1lnej a behavior\u00e1lnej medic\u00edny Lek\u00e1rskej fakulty Univerzity Pavla Jozefa \u0160af\u00e1rika (UPJ\u0160) v Ko\u0161iciach\u25aa prezidentka Eur\u00f3pskej asoci\u00e1cie verejn\u00e9ho zdravia (EUPHA). &hellip; <a href=\"https:\/\/www.upjs.sk\/pracoviska\/ustav-telesnej-vychovy\/konferencia-2024\/informacie\/mgr-rajnicova\/\">\u010c\u00edta\u0165 \u010falej<\/a><\/p>\n","protected":false},"author":14,"featured_media":0,"parent":20666,"menu_order":1,"comment_status":"closed","ping_status":"closed","template":"","meta":{"_acf_changed":false,"_editorskit_title_hidden":false,"_editorskit_reading_time":0,"_editorskit_is_block_options_detached":false,"_editorskit_block_options_position":"{}","footnotes":""},"categories":[],"tags":[],"class_list":["post-21192","page","type-page","status-publish","hentry"],"acf":{"acf_link_na_externy_obsah":""},"yoast_head":"<!-- This site is optimized with the Yoast SEO plugin v27.4 - https:\/\/yoast.com\/product\/yoast-seo-wordpress\/ -->\n<title>Mgr. Iveta Rajni\u010dov\u00e1 Nagyov\u00e1, PhD., FABMR - \u00dastav telesnej v\u00fdchovy a \u0161portu | UPJ\u0160<\/title>\n<meta name=\"robots\" content=\"index, follow, max-snippet:-1, max-image-preview:large, max-video-preview:-1\" \/>\n<link rel=\"canonical\" href=\"https:\/\/www.upjs.sk\/pracoviska\/ustav-telesnej-vychovy\/konferencia-2024\/informacie\/mgr-rajnicova\/\" \/>\n<meta property=\"og:locale\" content=\"sk_SK\" \/>\n<meta property=\"og:type\" content=\"article\" \/>\n<meta property=\"og:title\" content=\"Mgr. Iveta Rajni\u010dov\u00e1 Nagyov\u00e1, PhD., FABMR - \u00dastav telesnej v\u00fdchovy a \u0161portu | UPJ\u0160\" \/>\n<meta property=\"og:description\" content=\"Univerzita P. J. \u0160af\u00e1rika v\u00a0Ko\u0161iciachLek\u00e1rska fakultaORCID: 0000-0002-9528-5234 Mgr. Iveta Rajni\u010dov\u00e1 Nagyov\u00e1, PhD., FABMR\u25aa prednostka Kliniky soci\u00e1lnej a behavior\u00e1lnej medic\u00edny Lek\u00e1rskej fakulty Univerzity Pavla Jozefa \u0160af\u00e1rika (UPJ\u0160) v Ko\u0161iciach\u25aa prezidentka Eur\u00f3pskej asoci\u00e1cie verejn\u00e9ho zdravia (EUPHA).\u25aa prednostka Kliniky soci\u00e1lnej a behavior\u00e1lnej medic\u00edny Lek\u00e1rskej fakulty Univerzity Pavla Jozefa \u0160af\u00e1rika (UPJ\u0160) v Ko\u0161iciach\u25aa prezidentka Eur\u00f3pskej asoci\u00e1cie verejn\u00e9ho zdravia (EUPHA). &hellip; \u010c\u00edta\u0165 \u010falej\" \/>\n<meta property=\"og:url\" content=\"https:\/\/www.upjs.sk\/pracoviska\/ustav-telesnej-vychovy\/konferencia-2024\/informacie\/mgr-rajnicova\/\" \/>\n<meta property=\"og:site_name\" content=\"\u00dastav telesnej v\u00fdchovy a \u0161portu | UPJ\u0160\" \/>\n<meta property=\"article:modified_time\" content=\"2024-04-03T08:53:20+00:00\" \/>\n<meta name=\"twitter:card\" content=\"summary_large_image\" \/>\n<meta name=\"twitter:label1\" content=\"Predpokladan\u00fd \u010das \u010d\u00edtania\" \/>\n\t<meta name=\"twitter:data1\" content=\"1 min\u00fata\" \/>\n<script type=\"application\/ld+json\" class=\"yoast-schema-graph\">{\"@context\":\"https:\\\/\\\/schema.org\",\"@graph\":[{\"@type\":\"WebPage\",\"@id\":\"https:\\\/\\\/www.upjs.sk\\\/pracoviska\\\/ustav-telesnej-vychovy\\\/konferencia-2024\\\/informacie\\\/mgr-rajnicova\\\/\",\"url\":\"https:\\\/\\\/www.upjs.sk\\\/pracoviska\\\/ustav-telesnej-vychovy\\\/konferencia-2024\\\/informacie\\\/mgr-rajnicova\\\/\",\"name\":\"Mgr. Iveta Rajni\u010dov\u00e1 Nagyov\u00e1, PhD., FABMR - \u00dastav telesnej v\u00fdchovy a \u0161portu | UPJ\u0160\",\"isPartOf\":{\"@id\":\"https:\\\/\\\/www.upjs.sk\\\/pracoviska\\\/ustav-telesnej-vychovy\\\/#website\"},\"datePublished\":\"2024-04-03T07:02:21+00:00\",\"dateModified\":\"2024-04-03T08:53:20+00:00\",\"breadcrumb\":{\"@id\":\"https:\\\/\\\/www.upjs.sk\\\/pracoviska\\\/ustav-telesnej-vychovy\\\/konferencia-2024\\\/informacie\\\/mgr-rajnicova\\\/#breadcrumb\"},\"inLanguage\":\"sk-SK\",\"potentialAction\":[{\"@type\":\"ReadAction\",\"target\":[\"https:\\\/\\\/www.upjs.sk\\\/pracoviska\\\/ustav-telesnej-vychovy\\\/konferencia-2024\\\/informacie\\\/mgr-rajnicova\\\/\"]}]},{\"@type\":\"BreadcrumbList\",\"@id\":\"https:\\\/\\\/www.upjs.sk\\\/pracoviska\\\/ustav-telesnej-vychovy\\\/konferencia-2024\\\/informacie\\\/mgr-rajnicova\\\/#breadcrumb\",\"itemListElement\":[{\"@type\":\"ListItem\",\"position\":1,\"name\":\"Home\",\"item\":\"https:\\\/\\\/www.upjs.sk\\\/pracoviska\\\/ustav-telesnej-vychovy\\\/\"},{\"@type\":\"ListItem\",\"position\":2,\"name\":\"Pohybov\u00e1 aktivita, zdravie a kvalita \u017eivota 2024\",\"item\":\"https:\\\/\\\/www.upjs.sk\\\/pracoviska\\\/ustav-telesnej-vychovy\\\/konferencia-2024\\\/\"},{\"@type\":\"ListItem\",\"position\":3,\"name\":\"INFORM\u00c1CIE\u00a0\",\"item\":\"https:\\\/\\\/www.upjs.sk\\\/pracoviska\\\/ustav-telesnej-vychovy\\\/konferencia-2024\\\/informacie\\\/\"},{\"@type\":\"ListItem\",\"position\":4,\"name\":\"Mgr. Iveta Rajni\u010dov\u00e1 Nagyov\u00e1, PhD., FABMR\"}]},{\"@type\":\"WebSite\",\"@id\":\"https:\\\/\\\/www.upjs.sk\\\/pracoviska\\\/ustav-telesnej-vychovy\\\/#website\",\"url\":\"https:\\\/\\\/www.upjs.sk\\\/pracoviska\\\/ustav-telesnej-vychovy\\\/\",\"name\":\"\u00dastav telesnej v\u00fdchovy a \u0161portu | UPJ\u0160\",\"description\":\"\",\"publisher\":{\"@id\":\"https:\\\/\\\/www.upjs.sk\\\/pracoviska\\\/ustav-telesnej-vychovy\\\/#organization\"},\"potentialAction\":[{\"@type\":\"SearchAction\",\"target\":{\"@type\":\"EntryPoint\",\"urlTemplate\":\"https:\\\/\\\/www.upjs.sk\\\/pracoviska\\\/ustav-telesnej-vychovy\\\/?s={search_term_string}\"},\"query-input\":{\"@type\":\"PropertyValueSpecification\",\"valueRequired\":true,\"valueName\":\"search_term_string\"}}],\"inLanguage\":\"sk-SK\"},{\"@type\":\"Organization\",\"@id\":\"https:\\\/\\\/www.upjs.sk\\\/pracoviska\\\/ustav-telesnej-vychovy\\\/#organization\",\"name\":\"\u00dastav telesnej v\u00fdchovy a \u0161portu | UPJ\u0160\",\"url\":\"https:\\\/\\\/www.upjs.sk\\\/pracoviska\\\/ustav-telesnej-vychovy\\\/\",\"logo\":{\"@type\":\"ImageObject\",\"inLanguage\":\"sk-SK\",\"@id\":\"https:\\\/\\\/www.upjs.sk\\\/pracoviska\\\/ustav-telesnej-vychovy\\\/#\\\/schema\\\/logo\\\/image\\\/\",\"url\":\"https:\\\/\\\/www.upjs.sk\\\/app\\\/uploads\\\/sites\\\/14\\\/2023\\\/01\\\/UTVS.svg\",\"contentUrl\":\"https:\\\/\\\/www.upjs.sk\\\/app\\\/uploads\\\/sites\\\/14\\\/2023\\\/01\\\/UTVS.svg\",\"width\":500,\"height\":138,\"caption\":\"\u00dastav telesnej v\u00fdchovy a \u0161portu | UPJ\u0160\"},\"image\":{\"@id\":\"https:\\\/\\\/www.upjs.sk\\\/pracoviska\\\/ustav-telesnej-vychovy\\\/#\\\/schema\\\/logo\\\/image\\\/\"}}]}<\/script>\n<!-- \/ Yoast SEO plugin. -->","yoast_head_json":{"title":"Mgr. Iveta Rajni\u010dov\u00e1 Nagyov\u00e1, PhD., FABMR - \u00dastav telesnej v\u00fdchovy a \u0161portu | UPJ\u0160","robots":{"index":"index","follow":"follow","max-snippet":"max-snippet:-1","max-image-preview":"max-image-preview:large","max-video-preview":"max-video-preview:-1"},"canonical":"https:\/\/www.upjs.sk\/pracoviska\/ustav-telesnej-vychovy\/konferencia-2024\/informacie\/mgr-rajnicova\/","og_locale":"sk_SK","og_type":"article","og_title":"Mgr. Iveta Rajni\u010dov\u00e1 Nagyov\u00e1, PhD., FABMR - \u00dastav telesnej v\u00fdchovy a \u0161portu | UPJ\u0160","og_description":"Univerzita P. J. \u0160af\u00e1rika v\u00a0Ko\u0161iciachLek\u00e1rska fakultaORCID: 0000-0002-9528-5234 Mgr. Iveta Rajni\u010dov\u00e1 Nagyov\u00e1, PhD., FABMR\u25aa prednostka Kliniky soci\u00e1lnej a behavior\u00e1lnej medic\u00edny Lek\u00e1rskej fakulty Univerzity Pavla Jozefa \u0160af\u00e1rika (UPJ\u0160) v Ko\u0161iciach\u25aa prezidentka Eur\u00f3pskej asoci\u00e1cie verejn\u00e9ho zdravia (EUPHA).\u25aa prednostka Kliniky soci\u00e1lnej a behavior\u00e1lnej medic\u00edny Lek\u00e1rskej fakulty Univerzity Pavla Jozefa \u0160af\u00e1rika (UPJ\u0160) v Ko\u0161iciach\u25aa prezidentka Eur\u00f3pskej asoci\u00e1cie verejn\u00e9ho zdravia (EUPHA). &hellip; \u010c\u00edta\u0165 \u010falej","og_url":"https:\/\/www.upjs.sk\/pracoviska\/ustav-telesnej-vychovy\/konferencia-2024\/informacie\/mgr-rajnicova\/","og_site_name":"\u00dastav telesnej v\u00fdchovy a \u0161portu | UPJ\u0160","article_modified_time":"2024-04-03T08:53:20+00:00","twitter_card":"summary_large_image","twitter_misc":{"Predpokladan\u00fd \u010das \u010d\u00edtania":"1 min\u00fata"},"schema":{"@context":"https:\/\/schema.org","@graph":[{"@type":"WebPage","@id":"https:\/\/www.upjs.sk\/pracoviska\/ustav-telesnej-vychovy\/konferencia-2024\/informacie\/mgr-rajnicova\/","url":"https:\/\/www.upjs.sk\/pracoviska\/ustav-telesnej-vychovy\/konferencia-2024\/informacie\/mgr-rajnicova\/","name":"Mgr. Iveta Rajni\u010dov\u00e1 Nagyov\u00e1, PhD., FABMR - \u00dastav telesnej v\u00fdchovy a \u0161portu | UPJ\u0160","isPartOf":{"@id":"https:\/\/www.upjs.sk\/pracoviska\/ustav-telesnej-vychovy\/#website"},"datePublished":"2024-04-03T07:02:21+00:00","dateModified":"2024-04-03T08:53:20+00:00","breadcrumb":{"@id":"https:\/\/www.upjs.sk\/pracoviska\/ustav-telesnej-vychovy\/konferencia-2024\/informacie\/mgr-rajnicova\/#breadcrumb"},"inLanguage":"sk-SK","potentialAction":[{"@type":"ReadAction","target":["https:\/\/www.upjs.sk\/pracoviska\/ustav-telesnej-vychovy\/konferencia-2024\/informacie\/mgr-rajnicova\/"]}]},{"@type":"BreadcrumbList","@id":"https:\/\/www.upjs.sk\/pracoviska\/ustav-telesnej-vychovy\/konferencia-2024\/informacie\/mgr-rajnicova\/#breadcrumb","itemListElement":[{"@type":"ListItem","position":1,"name":"Home","item":"https:\/\/www.upjs.sk\/pracoviska\/ustav-telesnej-vychovy\/"},{"@type":"ListItem","position":2,"name":"Pohybov\u00e1 aktivita, zdravie a kvalita \u017eivota 2024","item":"https:\/\/www.upjs.sk\/pracoviska\/ustav-telesnej-vychovy\/konferencia-2024\/"},{"@type":"ListItem","position":3,"name":"INFORM\u00c1CIE\u00a0","item":"https:\/\/www.upjs.sk\/pracoviska\/ustav-telesnej-vychovy\/konferencia-2024\/informacie\/"},{"@type":"ListItem","position":4,"name":"Mgr. Iveta Rajni\u010dov\u00e1 Nagyov\u00e1, PhD., FABMR"}]},{"@type":"WebSite","@id":"https:\/\/www.upjs.sk\/pracoviska\/ustav-telesnej-vychovy\/#website","url":"https:\/\/www.upjs.sk\/pracoviska\/ustav-telesnej-vychovy\/","name":"\u00dastav telesnej v\u00fdchovy a \u0161portu | UPJ\u0160","description":"","publisher":{"@id":"https:\/\/www.upjs.sk\/pracoviska\/ustav-telesnej-vychovy\/#organization"},"potentialAction":[{"@type":"SearchAction","target":{"@type":"EntryPoint","urlTemplate":"https:\/\/www.upjs.sk\/pracoviska\/ustav-telesnej-vychovy\/?s={search_term_string}"},"query-input":{"@type":"PropertyValueSpecification","valueRequired":true,"valueName":"search_term_string"}}],"inLanguage":"sk-SK"},{"@type":"Organization","@id":"https:\/\/www.upjs.sk\/pracoviska\/ustav-telesnej-vychovy\/#organization","name":"\u00dastav telesnej v\u00fdchovy a \u0161portu | UPJ\u0160","url":"https:\/\/www.upjs.sk\/pracoviska\/ustav-telesnej-vychovy\/","logo":{"@type":"ImageObject","inLanguage":"sk-SK","@id":"https:\/\/www.upjs.sk\/pracoviska\/ustav-telesnej-vychovy\/#\/schema\/logo\/image\/","url":"https:\/\/www.upjs.sk\/app\/uploads\/sites\/14\/2023\/01\/UTVS.svg","contentUrl":"https:\/\/www.upjs.sk\/app\/uploads\/sites\/14\/2023\/01\/UTVS.svg","width":500,"height":138,"caption":"\u00dastav telesnej v\u00fdchovy a \u0161portu | UPJ\u0160"},"image":{"@id":"https:\/\/www.upjs.sk\/pracoviska\/ustav-telesnej-vychovy\/#\/schema\/logo\/image\/"}}]}},"_links":{"self":[{"href":"https:\/\/www.upjs.sk\/pracoviska\/ustav-telesnej-vychovy\/wp-json\/wp\/v2\/pages\/21192","targetHints":{"allow":["GET"]}}],"collection":[{"href":"https:\/\/www.upjs.sk\/pracoviska\/ustav-telesnej-vychovy\/wp-json\/wp\/v2\/pages"}],"about":[{"href":"https:\/\/www.upjs.sk\/pracoviska\/ustav-telesnej-vychovy\/wp-json\/wp\/v2\/types\/page"}],"author":[{"embeddable":true,"href":"https:\/\/www.upjs.sk\/pracoviska\/ustav-telesnej-vychovy\/wp-json\/wp\/v2\/users\/14"}],"replies":[{"embeddable":true,"href":"https:\/\/www.upjs.sk\/pracoviska\/ustav-telesnej-vychovy\/wp-json\/wp\/v2\/comments?post=21192"}],"version-history":[{"count":4,"href":"https:\/\/www.upjs.sk\/pracoviska\/ustav-telesnej-vychovy\/wp-json\/wp\/v2\/pages\/21192\/revisions"}],"predecessor-version":[{"id":21212,"href":"https:\/\/www.upjs.sk\/pracoviska\/ustav-telesnej-vychovy\/wp-json\/wp\/v2\/pages\/21192\/revisions\/21212"}],"up":[{"embeddable":true,"href":"https:\/\/www.upjs.sk\/pracoviska\/ustav-telesnej-vychovy\/wp-json\/wp\/v2\/pages\/20666"}],"wp:attachment":[{"href":"https:\/\/www.upjs.sk\/pracoviska\/ustav-telesnej-vychovy\/wp-json\/wp\/v2\/media?parent=21192"}],"wp:term":[{"taxonomy":"category","embeddable":true,"href":"https:\/\/www.upjs.sk\/pracoviska\/ustav-telesnej-vychovy\/wp-json\/wp\/v2\/categories?post=21192"},{"taxonomy":"post_tag","embeddable":true,"href":"https:\/\/www.upjs.sk\/pracoviska\/ustav-telesnej-vychovy\/wp-json\/wp\/v2\/tags?post=21192"}],"curies":[{"name":"wp","href":"https:\/\/api.w.org\/{rel}","templated":true}]}}