{"id":21194,"date":"2024-04-03T08:04:38","date_gmt":"2024-04-03T07:04:38","guid":{"rendered":"https:\/\/www.upjs.sk\/pracoviska\/ustav-telesnej-vychovy\/?page_id=21194"},"modified":"2024-04-03T09:57:18","modified_gmt":"2024-04-03T08:57:18","slug":"mgr-hamrik","status":"publish","type":"page","link":"https:\/\/www.upjs.sk\/pracoviska\/ustav-telesnej-vychovy\/konferencia-2024\/informacie\/mgr-hamrik\/","title":{"rendered":"Mgr. Zden\u011bk Ham\u0159\u00edk, Ph.D."},"content":{"rendered":"\n<p><mark style=\"background-color:rgba(0, 0, 0, 0)\" class=\"has-inline-color has-zakladna-modra-color\"><strong><a href=\"https:\/\/www.upol.cz\/\" target=\"_blank\" aria-label=\"Univerzita Palack\u00e9ho v Olomouci (opens in a new tab)\" rel=\"noreferrer noopener\" class=\"ek-link\">Univerzita Palack\u00e9ho v Olomouci<\/a><\/strong><br>Fakulta t\u011blesn\u00e9 kultury <br>ORCID: <a aria-label=\" (opens in a new tab)\" href=\"https:\/\/orcid.org\/0000-0002-5551-2033\" target=\"_blank\" rel=\"noreferrer noopener\" class=\"ek-link\">0000-0002-5551-2033<\/a><\/mark><\/p>\n\n\n<style>.wp-block-kadence-spacer.kt-block-spacer-21194_225f47-98 .kt-block-spacer{height:6px;}.wp-block-kadence-spacer.kt-block-spacer-21194_225f47-98 .kt-divider{border-top-width:1px;height:1px;border-top-color:#eee;width:100%;border-top-style:solid;}<\/style>\n<div class=\"wp-block-kadence-spacer aligncenter kt-block-spacer-21194_225f47-98\"><div class=\"kt-block-spacer kt-block-spacer-halign-center\"><hr class=\"kt-divider\"\/><\/div><\/div>\n\n\n\n<p><strong><mark style=\"background-color:rgba(0, 0, 0, 0)\" class=\"has-inline-color has-zakladna-zlata-color\">Mgr. Zden\u011bk Ham\u0159\u00edk, Ph.D.<\/mark><\/strong><br>\u25aa ved\u00faci Katedry rekreologie FTK UP v Olomouci<br>\u25aa ved\u00faci pracovnej skupiny Physical Activity Focus Group v r\u00e1mci HBSC &#8211; Health Behaviour in School-aged Children \u010cR<br>\u25aa \u010dlen International Society for Physical Activity and Health, Sedentary Behaviour Research Network a \u010cesk\u00e9 kinantropologick\u00e9 spole\u010dnosti<\/p>\n\n\n\n<p>Vo svojej odbornej pr\u00e1ci sa zaober\u00e1 problematikou vo\u013en\u00e9ho \u010dasu, zdrav\u00e9ho a akt\u00edvneho \u017eivotn\u00e9ho \u0161t\u00fdlu a tvorbou polit\u00edk a strat\u00e9gii podpory pohybovej aktivity na n\u00e1rodnej a komun\u00e1lnej \u00farovni. Akt\u00edvne spolupracuje s Ministerstvem zdravotnictv\u00ed \u010cR, je gestorom Ak\u010dn\u00e9ho pl\u00e1nu podpory pohybovej aktivity v r\u00e1mci N\u00e1rodnej strat\u00e9gie Zdravia 2020. Pracuje ako \u010dlen expertn\u00e9ho t\u00edmu Miestnej agendy 21 pri N\u00e1rodnej sieti Zdrav\u00fdch miest \u010cR. Na Katedre rekreologie FTK UP v Olomouci je rie\u0161ite\u013eom viacer\u00fdch v\u00fdskumn\u00fdch a rozvojov\u00fdch projektov (Education and Culture DG, ESF, FRV\u0160 a \u010fal\u0161\u00edch).<\/p>\n","protected":false},"excerpt":{"rendered":"<p>Univerzita Palack\u00e9ho v OlomouciFakulta t\u011blesn\u00e9 kultury ORCID: 0000-0002-5551-2033 Mgr. Zden\u011bk Ham\u0159\u00edk, Ph.D.\u25aa ved\u00faci Katedry rekreologie FTK UP v Olomouci\u25aa ved\u00faci pracovnej skupiny Physical Activity Focus Group v r\u00e1mci HBSC &#8211; Health Behaviour in School-aged Children \u010cR\u25aa \u010dlen International Society for Physical Activity and Health, Sedentary Behaviour Research Network a \u010cesk\u00e9 kinantropologick\u00e9 spole\u010dnosti Vo svojej odbornej &hellip; <a href=\"https:\/\/www.upjs.sk\/pracoviska\/ustav-telesnej-vychovy\/konferencia-2024\/informacie\/mgr-hamrik\/\">\u010c\u00edta\u0165 \u010falej<\/a><\/p>\n","protected":false},"author":14,"featured_media":0,"parent":20666,"menu_order":2,"comment_status":"closed","ping_status":"closed","template":"","meta":{"_acf_changed":false,"_editorskit_title_hidden":false,"_editorskit_reading_time":0,"_editorskit_is_block_options_detached":false,"_editorskit_block_options_position":"{}","footnotes":""},"categories":[],"tags":[],"class_list":["post-21194","page","type-page","status-publish","hentry"],"acf":{"acf_link_na_externy_obsah":""},"yoast_head":"<!-- This site is optimized with the Yoast SEO plugin v27.2 - https:\/\/yoast.com\/product\/yoast-seo-wordpress\/ -->\n<title>Mgr. Zden\u011bk Ham\u0159\u00edk, Ph.D. - \u00dastav telesnej v\u00fdchovy a \u0161portu | UPJ\u0160<\/title>\n<meta name=\"robots\" content=\"index, follow, max-snippet:-1, max-image-preview:large, max-video-preview:-1\" \/>\n<link rel=\"canonical\" href=\"https:\/\/www.upjs.sk\/pracoviska\/ustav-telesnej-vychovy\/konferencia-2024\/informacie\/mgr-hamrik\/\" \/>\n<meta property=\"og:locale\" content=\"sk_SK\" \/>\n<meta property=\"og:type\" content=\"article\" \/>\n<meta property=\"og:title\" content=\"Mgr. Zden\u011bk Ham\u0159\u00edk, Ph.D. - \u00dastav telesnej v\u00fdchovy a \u0161portu | UPJ\u0160\" \/>\n<meta property=\"og:description\" content=\"Univerzita Palack\u00e9ho v OlomouciFakulta t\u011blesn\u00e9 kultury ORCID: 0000-0002-5551-2033 Mgr. Zden\u011bk Ham\u0159\u00edk, Ph.D.\u25aa ved\u00faci Katedry rekreologie FTK UP v Olomouci\u25aa ved\u00faci pracovnej skupiny Physical Activity Focus Group v r\u00e1mci HBSC &#8211; Health Behaviour in School-aged Children \u010cR\u25aa \u010dlen International Society for Physical Activity and Health, Sedentary Behaviour Research Network a \u010cesk\u00e9 kinantropologick\u00e9 spole\u010dnosti Vo svojej odbornej &hellip; \u010c\u00edta\u0165 \u010falej\" \/>\n<meta property=\"og:url\" content=\"https:\/\/www.upjs.sk\/pracoviska\/ustav-telesnej-vychovy\/konferencia-2024\/informacie\/mgr-hamrik\/\" \/>\n<meta property=\"og:site_name\" content=\"\u00dastav telesnej v\u00fdchovy a \u0161portu | UPJ\u0160\" \/>\n<meta property=\"article:modified_time\" content=\"2024-04-03T08:57:18+00:00\" \/>\n<meta name=\"twitter:card\" content=\"summary_large_image\" \/>\n<meta name=\"twitter:label1\" content=\"Predpokladan\u00fd \u010das \u010d\u00edtania\" \/>\n\t<meta name=\"twitter:data1\" content=\"1 min\u00fata\" \/>\n<script type=\"application\/ld+json\" class=\"yoast-schema-graph\">{\"@context\":\"https:\/\/schema.org\",\"@graph\":[{\"@type\":\"WebPage\",\"@id\":\"https:\/\/www.upjs.sk\/pracoviska\/ustav-telesnej-vychovy\/konferencia-2024\/informacie\/mgr-hamrik\/\",\"url\":\"https:\/\/www.upjs.sk\/pracoviska\/ustav-telesnej-vychovy\/konferencia-2024\/informacie\/mgr-hamrik\/\",\"name\":\"Mgr. Zden\u011bk Ham\u0159\u00edk, Ph.D. - \u00dastav telesnej v\u00fdchovy a \u0161portu | UPJ\u0160\",\"isPartOf\":{\"@id\":\"https:\/\/www.upjs.sk\/pracoviska\/ustav-telesnej-vychovy\/#website\"},\"datePublished\":\"2024-04-03T07:04:38+00:00\",\"dateModified\":\"2024-04-03T08:57:18+00:00\",\"breadcrumb\":{\"@id\":\"https:\/\/www.upjs.sk\/pracoviska\/ustav-telesnej-vychovy\/konferencia-2024\/informacie\/mgr-hamrik\/#breadcrumb\"},\"inLanguage\":\"sk-SK\",\"potentialAction\":[{\"@type\":\"ReadAction\",\"target\":[\"https:\/\/www.upjs.sk\/pracoviska\/ustav-telesnej-vychovy\/konferencia-2024\/informacie\/mgr-hamrik\/\"]}]},{\"@type\":\"BreadcrumbList\",\"@id\":\"https:\/\/www.upjs.sk\/pracoviska\/ustav-telesnej-vychovy\/konferencia-2024\/informacie\/mgr-hamrik\/#breadcrumb\",\"itemListElement\":[{\"@type\":\"ListItem\",\"position\":1,\"name\":\"Home\",\"item\":\"https:\/\/www.upjs.sk\/pracoviska\/ustav-telesnej-vychovy\/\"},{\"@type\":\"ListItem\",\"position\":2,\"name\":\"Pohybov\u00e1 aktivita, zdravie a kvalita \u017eivota 2024\",\"item\":\"https:\/\/www.upjs.sk\/pracoviska\/ustav-telesnej-vychovy\/konferencia-2024\/\"},{\"@type\":\"ListItem\",\"position\":3,\"name\":\"INFORM\u00c1CIE\u00a0\",\"item\":\"https:\/\/www.upjs.sk\/pracoviska\/ustav-telesnej-vychovy\/konferencia-2024\/informacie\/\"},{\"@type\":\"ListItem\",\"position\":4,\"name\":\"Mgr. Zden\u011bk Ham\u0159\u00edk, Ph.D.\"}]},{\"@type\":\"WebSite\",\"@id\":\"https:\/\/www.upjs.sk\/pracoviska\/ustav-telesnej-vychovy\/#website\",\"url\":\"https:\/\/www.upjs.sk\/pracoviska\/ustav-telesnej-vychovy\/\",\"name\":\"\u00dastav telesnej v\u00fdchovy a \u0161portu | UPJ\u0160\",\"description\":\"\",\"publisher\":{\"@id\":\"https:\/\/www.upjs.sk\/pracoviska\/ustav-telesnej-vychovy\/#organization\"},\"potentialAction\":[{\"@type\":\"SearchAction\",\"target\":{\"@type\":\"EntryPoint\",\"urlTemplate\":\"https:\/\/www.upjs.sk\/pracoviska\/ustav-telesnej-vychovy\/?s={search_term_string}\"},\"query-input\":{\"@type\":\"PropertyValueSpecification\",\"valueRequired\":true,\"valueName\":\"search_term_string\"}}],\"inLanguage\":\"sk-SK\"},{\"@type\":\"Organization\",\"@id\":\"https:\/\/www.upjs.sk\/pracoviska\/ustav-telesnej-vychovy\/#organization\",\"name\":\"\u00dastav telesnej v\u00fdchovy a \u0161portu | UPJ\u0160\",\"url\":\"https:\/\/www.upjs.sk\/pracoviska\/ustav-telesnej-vychovy\/\",\"logo\":{\"@type\":\"ImageObject\",\"inLanguage\":\"sk-SK\",\"@id\":\"https:\/\/www.upjs.sk\/pracoviska\/ustav-telesnej-vychovy\/#\/schema\/logo\/image\/\",\"url\":\"https:\/\/www.upjs.sk\/app\/uploads\/sites\/14\/2023\/01\/UTVS.svg\",\"contentUrl\":\"https:\/\/www.upjs.sk\/app\/uploads\/sites\/14\/2023\/01\/UTVS.svg\",\"width\":500,\"height\":138,\"caption\":\"\u00dastav telesnej v\u00fdchovy a \u0161portu | UPJ\u0160\"},\"image\":{\"@id\":\"https:\/\/www.upjs.sk\/pracoviska\/ustav-telesnej-vychovy\/#\/schema\/logo\/image\/\"}}]}<\/script>\n<!-- \/ Yoast SEO plugin. -->","yoast_head_json":{"title":"Mgr. Zden\u011bk Ham\u0159\u00edk, Ph.D. - \u00dastav telesnej v\u00fdchovy a \u0161portu | UPJ\u0160","robots":{"index":"index","follow":"follow","max-snippet":"max-snippet:-1","max-image-preview":"max-image-preview:large","max-video-preview":"max-video-preview:-1"},"canonical":"https:\/\/www.upjs.sk\/pracoviska\/ustav-telesnej-vychovy\/konferencia-2024\/informacie\/mgr-hamrik\/","og_locale":"sk_SK","og_type":"article","og_title":"Mgr. Zden\u011bk Ham\u0159\u00edk, Ph.D. - \u00dastav telesnej v\u00fdchovy a \u0161portu | UPJ\u0160","og_description":"Univerzita Palack\u00e9ho v OlomouciFakulta t\u011blesn\u00e9 kultury ORCID: 0000-0002-5551-2033 Mgr. Zden\u011bk Ham\u0159\u00edk, Ph.D.\u25aa ved\u00faci Katedry rekreologie FTK UP v Olomouci\u25aa ved\u00faci pracovnej skupiny Physical Activity Focus Group v r\u00e1mci HBSC &#8211; Health Behaviour in School-aged Children \u010cR\u25aa \u010dlen International Society for Physical Activity and Health, Sedentary Behaviour Research Network a \u010cesk\u00e9 kinantropologick\u00e9 spole\u010dnosti Vo svojej odbornej &hellip; \u010c\u00edta\u0165 \u010falej","og_url":"https:\/\/www.upjs.sk\/pracoviska\/ustav-telesnej-vychovy\/konferencia-2024\/informacie\/mgr-hamrik\/","og_site_name":"\u00dastav telesnej v\u00fdchovy a \u0161portu | UPJ\u0160","article_modified_time":"2024-04-03T08:57:18+00:00","twitter_card":"summary_large_image","twitter_misc":{"Predpokladan\u00fd \u010das \u010d\u00edtania":"1 min\u00fata"},"schema":{"@context":"https:\/\/schema.org","@graph":[{"@type":"WebPage","@id":"https:\/\/www.upjs.sk\/pracoviska\/ustav-telesnej-vychovy\/konferencia-2024\/informacie\/mgr-hamrik\/","url":"https:\/\/www.upjs.sk\/pracoviska\/ustav-telesnej-vychovy\/konferencia-2024\/informacie\/mgr-hamrik\/","name":"Mgr. Zden\u011bk Ham\u0159\u00edk, Ph.D. - \u00dastav telesnej v\u00fdchovy a \u0161portu | UPJ\u0160","isPartOf":{"@id":"https:\/\/www.upjs.sk\/pracoviska\/ustav-telesnej-vychovy\/#website"},"datePublished":"2024-04-03T07:04:38+00:00","dateModified":"2024-04-03T08:57:18+00:00","breadcrumb":{"@id":"https:\/\/www.upjs.sk\/pracoviska\/ustav-telesnej-vychovy\/konferencia-2024\/informacie\/mgr-hamrik\/#breadcrumb"},"inLanguage":"sk-SK","potentialAction":[{"@type":"ReadAction","target":["https:\/\/www.upjs.sk\/pracoviska\/ustav-telesnej-vychovy\/konferencia-2024\/informacie\/mgr-hamrik\/"]}]},{"@type":"BreadcrumbList","@id":"https:\/\/www.upjs.sk\/pracoviska\/ustav-telesnej-vychovy\/konferencia-2024\/informacie\/mgr-hamrik\/#breadcrumb","itemListElement":[{"@type":"ListItem","position":1,"name":"Home","item":"https:\/\/www.upjs.sk\/pracoviska\/ustav-telesnej-vychovy\/"},{"@type":"ListItem","position":2,"name":"Pohybov\u00e1 aktivita, zdravie a kvalita \u017eivota 2024","item":"https:\/\/www.upjs.sk\/pracoviska\/ustav-telesnej-vychovy\/konferencia-2024\/"},{"@type":"ListItem","position":3,"name":"INFORM\u00c1CIE\u00a0","item":"https:\/\/www.upjs.sk\/pracoviska\/ustav-telesnej-vychovy\/konferencia-2024\/informacie\/"},{"@type":"ListItem","position":4,"name":"Mgr. Zden\u011bk Ham\u0159\u00edk, Ph.D."}]},{"@type":"WebSite","@id":"https:\/\/www.upjs.sk\/pracoviska\/ustav-telesnej-vychovy\/#website","url":"https:\/\/www.upjs.sk\/pracoviska\/ustav-telesnej-vychovy\/","name":"\u00dastav telesnej v\u00fdchovy a \u0161portu | UPJ\u0160","description":"","publisher":{"@id":"https:\/\/www.upjs.sk\/pracoviska\/ustav-telesnej-vychovy\/#organization"},"potentialAction":[{"@type":"SearchAction","target":{"@type":"EntryPoint","urlTemplate":"https:\/\/www.upjs.sk\/pracoviska\/ustav-telesnej-vychovy\/?s={search_term_string}"},"query-input":{"@type":"PropertyValueSpecification","valueRequired":true,"valueName":"search_term_string"}}],"inLanguage":"sk-SK"},{"@type":"Organization","@id":"https:\/\/www.upjs.sk\/pracoviska\/ustav-telesnej-vychovy\/#organization","name":"\u00dastav telesnej v\u00fdchovy a \u0161portu | UPJ\u0160","url":"https:\/\/www.upjs.sk\/pracoviska\/ustav-telesnej-vychovy\/","logo":{"@type":"ImageObject","inLanguage":"sk-SK","@id":"https:\/\/www.upjs.sk\/pracoviska\/ustav-telesnej-vychovy\/#\/schema\/logo\/image\/","url":"https:\/\/www.upjs.sk\/app\/uploads\/sites\/14\/2023\/01\/UTVS.svg","contentUrl":"https:\/\/www.upjs.sk\/app\/uploads\/sites\/14\/2023\/01\/UTVS.svg","width":500,"height":138,"caption":"\u00dastav telesnej v\u00fdchovy a \u0161portu | UPJ\u0160"},"image":{"@id":"https:\/\/www.upjs.sk\/pracoviska\/ustav-telesnej-vychovy\/#\/schema\/logo\/image\/"}}]}},"_links":{"self":[{"href":"https:\/\/www.upjs.sk\/pracoviska\/ustav-telesnej-vychovy\/wp-json\/wp\/v2\/pages\/21194","targetHints":{"allow":["GET"]}}],"collection":[{"href":"https:\/\/www.upjs.sk\/pracoviska\/ustav-telesnej-vychovy\/wp-json\/wp\/v2\/pages"}],"about":[{"href":"https:\/\/www.upjs.sk\/pracoviska\/ustav-telesnej-vychovy\/wp-json\/wp\/v2\/types\/page"}],"author":[{"embeddable":true,"href":"https:\/\/www.upjs.sk\/pracoviska\/ustav-telesnej-vychovy\/wp-json\/wp\/v2\/users\/14"}],"replies":[{"embeddable":true,"href":"https:\/\/www.upjs.sk\/pracoviska\/ustav-telesnej-vychovy\/wp-json\/wp\/v2\/comments?post=21194"}],"version-history":[{"count":4,"href":"https:\/\/www.upjs.sk\/pracoviska\/ustav-telesnej-vychovy\/wp-json\/wp\/v2\/pages\/21194\/revisions"}],"predecessor-version":[{"id":21214,"href":"https:\/\/www.upjs.sk\/pracoviska\/ustav-telesnej-vychovy\/wp-json\/wp\/v2\/pages\/21194\/revisions\/21214"}],"up":[{"embeddable":true,"href":"https:\/\/www.upjs.sk\/pracoviska\/ustav-telesnej-vychovy\/wp-json\/wp\/v2\/pages\/20666"}],"wp:attachment":[{"href":"https:\/\/www.upjs.sk\/pracoviska\/ustav-telesnej-vychovy\/wp-json\/wp\/v2\/media?parent=21194"}],"wp:term":[{"taxonomy":"category","embeddable":true,"href":"https:\/\/www.upjs.sk\/pracoviska\/ustav-telesnej-vychovy\/wp-json\/wp\/v2\/categories?post=21194"},{"taxonomy":"post_tag","embeddable":true,"href":"https:\/\/www.upjs.sk\/pracoviska\/ustav-telesnej-vychovy\/wp-json\/wp\/v2\/tags?post=21194"}],"curies":[{"name":"wp","href":"https:\/\/api.w.org\/{rel}","templated":true}]}}