{"id":22134,"date":"2025-01-15T12:09:57","date_gmt":"2025-01-15T11:09:57","guid":{"rendered":"https:\/\/www.upjs.sk\/pracoviska\/ustav-telesnej-vychovy\/?page_id=22134"},"modified":"2025-03-17T12:42:08","modified_gmt":"2025-03-17T11:42:08","slug":"interdisciplinarne-predmety","status":"publish","type":"page","link":"https:\/\/www.upjs.sk\/pracoviska\/ustav-telesnej-vychovy\/interdisciplinarne-predmety\/","title":{"rendered":"Interdisciplin\u00e1rne predmety"},"content":{"rendered":"\n<figure class=\"wp-block-table is-style-stripes\"><table><tbody><tr><td><a href=\"https:\/\/www.upjs.sk\/informacie\/studium\/certifikovane-interdisciplinarne-kurzy\/\" target=\"_blank\" rel=\"noreferrer noopener\"><strong>Certifikovan\u00e9 interdisciplin\u00e1rne kurzy na UPJ\u0160<\/strong><\/a><\/td><\/tr><\/tbody><\/table><\/figure>\n\n\n\n<figure class=\"wp-block-table is-style-stripes\"><table><tbody><tr><td><mark style=\"background-color:rgba(0, 0, 0, 0)\" class=\"has-inline-color has-zakladna-zlata-color\"><strong>Certifikovan\u00fd interdisciplin\u00e1rny kurz vyu\u010dovan\u00fd na \u00daTV\u0160:<\/strong><\/mark><\/td><\/tr><\/tbody><\/table><\/figure>\n\n\n\n<p>     <strong><a href=\"https:\/\/www.upjs.sk\/informacie\/studium\/certifikovane-interdisciplinarne-kurzy\/IB1\/\" target=\"_blank\" rel=\"noreferrer noopener\">Psychomotorika (PSM1, PSM2, PSM3)<\/a><\/strong><\/p>\n\n\n\n<p>Od AR 2024\/25 je mo\u017enos\u0165 si zap\u00edsa\u0165&nbsp;<strong>nov\u00fd Interdisciplin\u00e1rny predmet PSM &#8211; Psychomotorika<\/strong>&nbsp;\u2013 z&nbsp;bloku interdisciplin\u00e1rnych predmetov&nbsp;<strong>lB1<\/strong>&nbsp;na UPJ\u0160 v&nbsp;Ko\u0161iciach. Sklad\u00e1 z troch predmetov: Psychomotorika &#8211; PSM1; PSM2 a PSM3 &#8211; 3x4kredity =&nbsp;<strong>spolu 12 kreditov<\/strong>. Vyu\u010duje sa&nbsp;<strong>na p\u00f4de \u00daTV\u0160.<\/strong>&nbsp;<strong>Hravou formou z\u00edskate 12 kreditov za predmet a certifik\u00e1t UPJ\u0160.<\/strong><br><br><em>M\u00f4\u017ee si ho zap\u00edsa\u0165 ka\u017ed\u00fd \u0161tudent \u0161tuduj\u00faci na UPJ\u0160 (bakal\u00e1rskeho, magistersk\u00e9ho, doktorsk\u00e9ho, doktorandsk\u00e9ho denn\u00e9ho a extern\u00e9ho \u0161t\u00fadia) na v\u0161etk\u00fdch fakult\u00e1ch a na \u00dastave telesnej v\u00fdchovy a \u0161portu UPJ\u0160. \u0160tudent si vol\u00ed interdisciplin\u00e1rny kurz pod\u013ea toho, \u010do pova\u017euje za d\u00f4le\u017eit\u00e9 pre svoje bud\u00face uplatnenie. Predp\u00edsan\u00e9 predmety je mo\u017en\u00e9 absolvova\u0165 po\u010das celej d\u013a\u017eky \u0161t\u00fadia bez podmienky, \u017ee predmety je nutn\u00e9 absolvova\u0165 v jednom stupni \u0161t\u00fadia&nbsp;alebo bez dodr\u017eania poradia (1-2-3). Rozdelen\u00fd je do zimn\u00e9ho semestra &#8211; dva predmety a do letn\u00e9ho semestra jeden predmet. Rozdelen\u00fd je do zimn\u00e9ho semestra &#8211; dva predmety a do letn\u00e9ho semestra jeden predmet.. Absolvovan\u00edm predp\u00edsan\u00fdch predmetov z certifikovan\u00e9ho interdisciplin\u00e1rneho kurzu z\u00edskate okrem kreditov aj Certifik\u00e1t UPJ\u0160.<\/em><br><mark style=\"background-color:rgba(0, 0, 0, 0)\" class=\"has-inline-color has-zakladna-modra-color\">Psychomotorika: PSM1 &#8211; zimn\u00fd semester, PSM2&nbsp;&#8211; letn\u00fd semester, PSM3&nbsp;&#8211; zimn\u00fd semester<\/mark><\/p>\n\n\n\n<p><strong>Za\u010d\u00edname v\u00fdu\u010dbu v&nbsp;AR 2024\/25 v stredu 12.02.2025<\/strong>&nbsp;<strong>od 15:00 do 16:30 hod PSM2&nbsp;a&nbsp;<\/strong>prv\u00e1 \u00favodn\u00e1 hodina bude v zasada\u010dke na \u00daTV\u0160,Ondavsk\u00e1 21<\/p>\n\n\n\n<figure class=\"wp-block-table\"><table class=\"has-fixed-layout\"><tbody><tr><td><strong>Kontaktn\u00e1 osoba na zap\u00edsanie predmetu:<\/strong><br>Mgr. Be\u00e1ta Feckov\u00e1<br>Centrum celo\u017eivotn\u00e9ho vzdel\u00e1vania <br>a podpory projektov<br>Oddelenie vzdel\u00e1vania<br>Univerzita Pavla Jozefa \u0160af\u00e1rika v Ko\u0161iciach<br>\u0160rob\u00e1rova 2, 041 80 Ko\u0161ice<br>e-mail: beata.feckova@upjs.sk<\/td><td><strong>Vyu\u010duj\u00faca predmetu:<\/strong><br>Mgr. Zuzana K\u00fcchelov\u00e1, PhD.<br>Univerzita P. J. \u0160af\u00e1rika v Ko\u0161iciach<br>\u00dastav telesnej v\u00fdchovy a&nbsp;\u0161portu<br>Ondavsk\u00e1 21, 040 11 Ko\u0161ice<br>tel.: 55\/2341623 mob.: +421907190905<br>e-mail:&nbsp;<a href=\"mailto:zuzana.kuchelova@upjs.sk\" target=\"_blank\" rel=\"noreferrer noopener\">zuzana.kuchelova@upjs.sk<\/a><\/td><\/tr><\/tbody><\/table><\/figure>\n\n\n\n<p>Ak m\u00e1te z\u00e1ujem a neviete sa prihl\u00e1si\u0165&nbsp;na predmet, kontaktujte n\u00e1s, vyrie\u0161ime to (viem si v\u00e1s prida\u0165 aj osobne ja, ako vyu\u010duj\u00faca&nbsp;\ud83d\ude42)<\/p>\n\n\n\n<figure class=\"wp-block-table is-style-stripes\"><table><tbody><tr><td><mark style=\"background-color:rgba(0, 0, 0, 0)\" class=\"has-inline-color has-zakladna-zlata-color\"><strong>Certifikovan\u00fd interdisciplin\u00e1rny kurz na LF vyu\u010dovan\u00fd v spolupr\u00e1ci s \u00daTV\u0160<mark style=\"background-color:rgba(0, 0, 0, 0)\" class=\"has-inline-color has-zakladna-zlata-color\"><strong>:<\/strong><\/mark><\/strong><\/mark><\/td><\/tr><\/tbody><\/table><\/figure>\n\n\n\n<p><a href=\"https:\/\/www.upjs.sk\/informacie\/studium\/certifikovane-interdisciplinarne-kurzy\/etika_lf_cik\/\">Etika v biomedic\u00ednskych ved\u00e1ch pre zdravotn\u00edcku prax<\/a><\/p>\n\n\n\n<p><a href=\"https:\/\/www.upjs.sk\/app\/uploads\/sites\/14\/2025\/03\/2025-Interdisciplinarne-predmety.pdf\" target=\"_blank\" rel=\"noreferrer noopener\">Viac info o interdisciplin\u00e1rnych predmetoch<\/a><\/p>\n","protected":false},"excerpt":{"rendered":"<p>Certifikovan\u00e9 interdisciplin\u00e1rne kurzy na UPJ\u0160 Certifikovan\u00fd interdisciplin\u00e1rny kurz vyu\u010dovan\u00fd na \u00daTV\u0160: Psychomotorika (PSM1, PSM2, PSM3) Od AR 2024\/25 je mo\u017enos\u0165 si zap\u00edsa\u0165&nbsp;nov\u00fd Interdisciplin\u00e1rny predmet PSM &#8211; Psychomotorika&nbsp;\u2013 z&nbsp;bloku interdisciplin\u00e1rnych predmetov&nbsp;lB1&nbsp;na UPJ\u0160 v&nbsp;Ko\u0161iciach. Sklad\u00e1 z troch predmetov: Psychomotorika &#8211; PSM1; PSM2 a PSM3 &#8211; 3x4kredity =&nbsp;spolu 12 kreditov. Vyu\u010duje sa&nbsp;na p\u00f4de \u00daTV\u0160.&nbsp;Hravou formou z\u00edskate 12 kreditov &hellip; <a href=\"https:\/\/www.upjs.sk\/pracoviska\/ustav-telesnej-vychovy\/interdisciplinarne-predmety\/\">\u010c\u00edta\u0165 \u010falej<\/a><\/p>\n","protected":false},"author":99,"featured_media":0,"parent":0,"menu_order":5,"comment_status":"closed","ping_status":"closed","template":"","meta":{"_acf_changed":false,"_editorskit_title_hidden":false,"_editorskit_reading_time":0,"_editorskit_is_block_options_detached":false,"_editorskit_block_options_position":"{}","footnotes":""},"categories":[],"tags":[],"class_list":["post-22134","page","type-page","status-publish","hentry"],"acf":{"acf_link_na_externy_obsah":""},"yoast_head":"<!-- This site is optimized with the Yoast SEO plugin v27.5 - https:\/\/yoast.com\/product\/yoast-seo-wordpress\/ -->\n<title>Interdisciplin\u00e1rne predmety - \u00dastav telesnej v\u00fdchovy a \u0161portu | UPJ\u0160<\/title>\n<meta name=\"robots\" content=\"index, follow, max-snippet:-1, max-image-preview:large, max-video-preview:-1\" \/>\n<link rel=\"canonical\" href=\"https:\/\/www.upjs.sk\/pracoviska\/ustav-telesnej-vychovy\/interdisciplinarne-predmety\/\" \/>\n<meta property=\"og:locale\" content=\"sk_SK\" \/>\n<meta property=\"og:type\" content=\"article\" \/>\n<meta property=\"og:title\" content=\"Interdisciplin\u00e1rne predmety - \u00dastav telesnej v\u00fdchovy a \u0161portu | UPJ\u0160\" \/>\n<meta property=\"og:description\" content=\"Certifikovan\u00e9 interdisciplin\u00e1rne kurzy na UPJ\u0160 Certifikovan\u00fd interdisciplin\u00e1rny kurz vyu\u010dovan\u00fd na \u00daTV\u0160: Psychomotorika (PSM1, PSM2, PSM3) Od AR 2024\/25 je mo\u017enos\u0165 si zap\u00edsa\u0165&nbsp;nov\u00fd Interdisciplin\u00e1rny predmet PSM &#8211; Psychomotorika&nbsp;\u2013 z&nbsp;bloku interdisciplin\u00e1rnych predmetov&nbsp;lB1&nbsp;na UPJ\u0160 v&nbsp;Ko\u0161iciach. Sklad\u00e1 z troch predmetov: Psychomotorika &#8211; PSM1; PSM2 a PSM3 &#8211; 3x4kredity =&nbsp;spolu 12 kreditov. Vyu\u010duje sa&nbsp;na p\u00f4de \u00daTV\u0160.&nbsp;Hravou formou z\u00edskate 12 kreditov &hellip; \u010c\u00edta\u0165 \u010falej\" \/>\n<meta property=\"og:url\" content=\"https:\/\/www.upjs.sk\/pracoviska\/ustav-telesnej-vychovy\/interdisciplinarne-predmety\/\" \/>\n<meta property=\"og:site_name\" content=\"\u00dastav telesnej v\u00fdchovy a \u0161portu | UPJ\u0160\" \/>\n<meta property=\"article:modified_time\" content=\"2025-03-17T11:42:08+00:00\" \/>\n<meta name=\"twitter:card\" content=\"summary_large_image\" \/>\n<meta name=\"twitter:label1\" content=\"Predpokladan\u00fd \u010das \u010d\u00edtania\" \/>\n\t<meta name=\"twitter:data1\" content=\"2 min\u00faty\" \/>\n<script type=\"application\/ld+json\" class=\"yoast-schema-graph\">{\"@context\":\"https:\\\/\\\/schema.org\",\"@graph\":[{\"@type\":\"WebPage\",\"@id\":\"https:\\\/\\\/www.upjs.sk\\\/pracoviska\\\/ustav-telesnej-vychovy\\\/interdisciplinarne-predmety\\\/\",\"url\":\"https:\\\/\\\/www.upjs.sk\\\/pracoviska\\\/ustav-telesnej-vychovy\\\/interdisciplinarne-predmety\\\/\",\"name\":\"Interdisciplin\u00e1rne predmety - \u00dastav telesnej v\u00fdchovy a \u0161portu | UPJ\u0160\",\"isPartOf\":{\"@id\":\"https:\\\/\\\/www.upjs.sk\\\/pracoviska\\\/ustav-telesnej-vychovy\\\/#website\"},\"datePublished\":\"2025-01-15T11:09:57+00:00\",\"dateModified\":\"2025-03-17T11:42:08+00:00\",\"breadcrumb\":{\"@id\":\"https:\\\/\\\/www.upjs.sk\\\/pracoviska\\\/ustav-telesnej-vychovy\\\/interdisciplinarne-predmety\\\/#breadcrumb\"},\"inLanguage\":\"sk-SK\",\"potentialAction\":[{\"@type\":\"ReadAction\",\"target\":[\"https:\\\/\\\/www.upjs.sk\\\/pracoviska\\\/ustav-telesnej-vychovy\\\/interdisciplinarne-predmety\\\/\"]}]},{\"@type\":\"BreadcrumbList\",\"@id\":\"https:\\\/\\\/www.upjs.sk\\\/pracoviska\\\/ustav-telesnej-vychovy\\\/interdisciplinarne-predmety\\\/#breadcrumb\",\"itemListElement\":[{\"@type\":\"ListItem\",\"position\":1,\"name\":\"Home\",\"item\":\"https:\\\/\\\/www.upjs.sk\\\/pracoviska\\\/ustav-telesnej-vychovy\\\/\"},{\"@type\":\"ListItem\",\"position\":2,\"name\":\"Interdisciplin\u00e1rne predmety\"}]},{\"@type\":\"WebSite\",\"@id\":\"https:\\\/\\\/www.upjs.sk\\\/pracoviska\\\/ustav-telesnej-vychovy\\\/#website\",\"url\":\"https:\\\/\\\/www.upjs.sk\\\/pracoviska\\\/ustav-telesnej-vychovy\\\/\",\"name\":\"\u00dastav telesnej v\u00fdchovy a \u0161portu | UPJ\u0160\",\"description\":\"\",\"publisher\":{\"@id\":\"https:\\\/\\\/www.upjs.sk\\\/pracoviska\\\/ustav-telesnej-vychovy\\\/#organization\"},\"potentialAction\":[{\"@type\":\"SearchAction\",\"target\":{\"@type\":\"EntryPoint\",\"urlTemplate\":\"https:\\\/\\\/www.upjs.sk\\\/pracoviska\\\/ustav-telesnej-vychovy\\\/?s={search_term_string}\"},\"query-input\":{\"@type\":\"PropertyValueSpecification\",\"valueRequired\":true,\"valueName\":\"search_term_string\"}}],\"inLanguage\":\"sk-SK\"},{\"@type\":\"Organization\",\"@id\":\"https:\\\/\\\/www.upjs.sk\\\/pracoviska\\\/ustav-telesnej-vychovy\\\/#organization\",\"name\":\"\u00dastav telesnej v\u00fdchovy a \u0161portu | UPJ\u0160\",\"url\":\"https:\\\/\\\/www.upjs.sk\\\/pracoviska\\\/ustav-telesnej-vychovy\\\/\",\"logo\":{\"@type\":\"ImageObject\",\"inLanguage\":\"sk-SK\",\"@id\":\"https:\\\/\\\/www.upjs.sk\\\/pracoviska\\\/ustav-telesnej-vychovy\\\/#\\\/schema\\\/logo\\\/image\\\/\",\"url\":\"https:\\\/\\\/www.upjs.sk\\\/app\\\/uploads\\\/sites\\\/14\\\/2023\\\/01\\\/UTVS.svg\",\"contentUrl\":\"https:\\\/\\\/www.upjs.sk\\\/app\\\/uploads\\\/sites\\\/14\\\/2023\\\/01\\\/UTVS.svg\",\"width\":500,\"height\":138,\"caption\":\"\u00dastav telesnej v\u00fdchovy a \u0161portu | UPJ\u0160\"},\"image\":{\"@id\":\"https:\\\/\\\/www.upjs.sk\\\/pracoviska\\\/ustav-telesnej-vychovy\\\/#\\\/schema\\\/logo\\\/image\\\/\"}}]}<\/script>\n<!-- \/ Yoast SEO plugin. -->","yoast_head_json":{"title":"Interdisciplin\u00e1rne predmety - \u00dastav telesnej v\u00fdchovy a \u0161portu | UPJ\u0160","robots":{"index":"index","follow":"follow","max-snippet":"max-snippet:-1","max-image-preview":"max-image-preview:large","max-video-preview":"max-video-preview:-1"},"canonical":"https:\/\/www.upjs.sk\/pracoviska\/ustav-telesnej-vychovy\/interdisciplinarne-predmety\/","og_locale":"sk_SK","og_type":"article","og_title":"Interdisciplin\u00e1rne predmety - \u00dastav telesnej v\u00fdchovy a \u0161portu | UPJ\u0160","og_description":"Certifikovan\u00e9 interdisciplin\u00e1rne kurzy na UPJ\u0160 Certifikovan\u00fd interdisciplin\u00e1rny kurz vyu\u010dovan\u00fd na \u00daTV\u0160: Psychomotorika (PSM1, PSM2, PSM3) Od AR 2024\/25 je mo\u017enos\u0165 si zap\u00edsa\u0165&nbsp;nov\u00fd Interdisciplin\u00e1rny predmet PSM &#8211; Psychomotorika&nbsp;\u2013 z&nbsp;bloku interdisciplin\u00e1rnych predmetov&nbsp;lB1&nbsp;na UPJ\u0160 v&nbsp;Ko\u0161iciach. Sklad\u00e1 z troch predmetov: Psychomotorika &#8211; PSM1; PSM2 a PSM3 &#8211; 3x4kredity =&nbsp;spolu 12 kreditov. Vyu\u010duje sa&nbsp;na p\u00f4de \u00daTV\u0160.&nbsp;Hravou formou z\u00edskate 12 kreditov &hellip; \u010c\u00edta\u0165 \u010falej","og_url":"https:\/\/www.upjs.sk\/pracoviska\/ustav-telesnej-vychovy\/interdisciplinarne-predmety\/","og_site_name":"\u00dastav telesnej v\u00fdchovy a \u0161portu | UPJ\u0160","article_modified_time":"2025-03-17T11:42:08+00:00","twitter_card":"summary_large_image","twitter_misc":{"Predpokladan\u00fd \u010das \u010d\u00edtania":"2 min\u00faty"},"schema":{"@context":"https:\/\/schema.org","@graph":[{"@type":"WebPage","@id":"https:\/\/www.upjs.sk\/pracoviska\/ustav-telesnej-vychovy\/interdisciplinarne-predmety\/","url":"https:\/\/www.upjs.sk\/pracoviska\/ustav-telesnej-vychovy\/interdisciplinarne-predmety\/","name":"Interdisciplin\u00e1rne predmety - \u00dastav telesnej v\u00fdchovy a \u0161portu | UPJ\u0160","isPartOf":{"@id":"https:\/\/www.upjs.sk\/pracoviska\/ustav-telesnej-vychovy\/#website"},"datePublished":"2025-01-15T11:09:57+00:00","dateModified":"2025-03-17T11:42:08+00:00","breadcrumb":{"@id":"https:\/\/www.upjs.sk\/pracoviska\/ustav-telesnej-vychovy\/interdisciplinarne-predmety\/#breadcrumb"},"inLanguage":"sk-SK","potentialAction":[{"@type":"ReadAction","target":["https:\/\/www.upjs.sk\/pracoviska\/ustav-telesnej-vychovy\/interdisciplinarne-predmety\/"]}]},{"@type":"BreadcrumbList","@id":"https:\/\/www.upjs.sk\/pracoviska\/ustav-telesnej-vychovy\/interdisciplinarne-predmety\/#breadcrumb","itemListElement":[{"@type":"ListItem","position":1,"name":"Home","item":"https:\/\/www.upjs.sk\/pracoviska\/ustav-telesnej-vychovy\/"},{"@type":"ListItem","position":2,"name":"Interdisciplin\u00e1rne predmety"}]},{"@type":"WebSite","@id":"https:\/\/www.upjs.sk\/pracoviska\/ustav-telesnej-vychovy\/#website","url":"https:\/\/www.upjs.sk\/pracoviska\/ustav-telesnej-vychovy\/","name":"\u00dastav telesnej v\u00fdchovy a \u0161portu | UPJ\u0160","description":"","publisher":{"@id":"https:\/\/www.upjs.sk\/pracoviska\/ustav-telesnej-vychovy\/#organization"},"potentialAction":[{"@type":"SearchAction","target":{"@type":"EntryPoint","urlTemplate":"https:\/\/www.upjs.sk\/pracoviska\/ustav-telesnej-vychovy\/?s={search_term_string}"},"query-input":{"@type":"PropertyValueSpecification","valueRequired":true,"valueName":"search_term_string"}}],"inLanguage":"sk-SK"},{"@type":"Organization","@id":"https:\/\/www.upjs.sk\/pracoviska\/ustav-telesnej-vychovy\/#organization","name":"\u00dastav telesnej v\u00fdchovy a \u0161portu | UPJ\u0160","url":"https:\/\/www.upjs.sk\/pracoviska\/ustav-telesnej-vychovy\/","logo":{"@type":"ImageObject","inLanguage":"sk-SK","@id":"https:\/\/www.upjs.sk\/pracoviska\/ustav-telesnej-vychovy\/#\/schema\/logo\/image\/","url":"https:\/\/www.upjs.sk\/app\/uploads\/sites\/14\/2023\/01\/UTVS.svg","contentUrl":"https:\/\/www.upjs.sk\/app\/uploads\/sites\/14\/2023\/01\/UTVS.svg","width":500,"height":138,"caption":"\u00dastav telesnej v\u00fdchovy a \u0161portu | UPJ\u0160"},"image":{"@id":"https:\/\/www.upjs.sk\/pracoviska\/ustav-telesnej-vychovy\/#\/schema\/logo\/image\/"}}]}},"_links":{"self":[{"href":"https:\/\/www.upjs.sk\/pracoviska\/ustav-telesnej-vychovy\/wp-json\/wp\/v2\/pages\/22134","targetHints":{"allow":["GET"]}}],"collection":[{"href":"https:\/\/www.upjs.sk\/pracoviska\/ustav-telesnej-vychovy\/wp-json\/wp\/v2\/pages"}],"about":[{"href":"https:\/\/www.upjs.sk\/pracoviska\/ustav-telesnej-vychovy\/wp-json\/wp\/v2\/types\/page"}],"author":[{"embeddable":true,"href":"https:\/\/www.upjs.sk\/pracoviska\/ustav-telesnej-vychovy\/wp-json\/wp\/v2\/users\/99"}],"replies":[{"embeddable":true,"href":"https:\/\/www.upjs.sk\/pracoviska\/ustav-telesnej-vychovy\/wp-json\/wp\/v2\/comments?post=22134"}],"version-history":[{"count":19,"href":"https:\/\/www.upjs.sk\/pracoviska\/ustav-telesnej-vychovy\/wp-json\/wp\/v2\/pages\/22134\/revisions"}],"predecessor-version":[{"id":22364,"href":"https:\/\/www.upjs.sk\/pracoviska\/ustav-telesnej-vychovy\/wp-json\/wp\/v2\/pages\/22134\/revisions\/22364"}],"wp:attachment":[{"href":"https:\/\/www.upjs.sk\/pracoviska\/ustav-telesnej-vychovy\/wp-json\/wp\/v2\/media?parent=22134"}],"wp:term":[{"taxonomy":"category","embeddable":true,"href":"https:\/\/www.upjs.sk\/pracoviska\/ustav-telesnej-vychovy\/wp-json\/wp\/v2\/categories?post=22134"},{"taxonomy":"post_tag","embeddable":true,"href":"https:\/\/www.upjs.sk\/pracoviska\/ustav-telesnej-vychovy\/wp-json\/wp\/v2\/tags?post=22134"}],"curies":[{"name":"wp","href":"https:\/\/api.w.org\/{rel}","templated":true}]}}