{"id":23349,"date":"2026-02-02T11:27:33","date_gmt":"2026-02-02T10:27:33","guid":{"rendered":"https:\/\/www.upjs.sk\/pracoviska\/ustav-telesnej-vychovy\/?page_id=23349"},"modified":"2026-02-14T16:17:16","modified_gmt":"2026-02-14T15:17:16","slug":"uvod-2026","status":"publish","type":"page","link":"https:\/\/www.upjs.sk\/pracoviska\/ustav-telesnej-vychovy\/konferencia-2026\/uvod-2026\/","title":{"rendered":"\u00davod"},"content":{"rendered":"<style>.kb-image23349_8088ba-76.kb-image-is-ratio-size, .kb-image23349_8088ba-76 .kb-image-is-ratio-size{max-width:941px;width:100%;}.wp-block-kadence-column > .kt-inside-inner-col > .kb-image23349_8088ba-76.kb-image-is-ratio-size, .wp-block-kadence-column > .kt-inside-inner-col > .kb-image23349_8088ba-76 .kb-image-is-ratio-size{align-self:unset;}.kb-image23349_8088ba-76 figure{max-width:941px;}.kb-image23349_8088ba-76 .image-is-svg, .kb-image23349_8088ba-76 .image-is-svg img{width:100%;}.kb-image23349_8088ba-76 .kb-image-has-overlay:after{opacity:0.3;border-top-left-radius:15px;border-top-right-radius:15px;border-bottom-right-radius:15px;border-bottom-left-radius:15px;}.kb-image23349_8088ba-76 img.kb-img, .kb-image23349_8088ba-76 .kb-img img{border-top-left-radius:15px;border-top-right-radius:15px;border-bottom-right-radius:15px;border-bottom-left-radius:15px;}<\/style>\n<div class=\"wp-block-kadence-image kb-image23349_8088ba-76\"><figure class=\"aligncenter\"><img loading=\"lazy\" decoding=\"async\" width=\"1024\" height=\"201\" src=\"https:\/\/www.upjs.sk\/app\/uploads\/sites\/14\/2026\/02\/UTVS-konferencia2026-MB-SK.jpg\" class=\"kb-img wp-image-23609\" srcset=\"https:\/\/www.upjs.sk\/app\/uploads\/sites\/14\/2026\/02\/UTVS-konferencia2026-MB-SK.jpg 1024w, https:\/\/www.upjs.sk\/app\/uploads\/sites\/14\/2026\/02\/UTVS-konferencia2026-MB-SK-300x59.jpg 300w, https:\/\/www.upjs.sk\/app\/uploads\/sites\/14\/2026\/02\/UTVS-konferencia2026-MB-SK-768x151.jpg 768w\" sizes=\"auto, (max-width: 1024px) 100vw, 1024px\" \/><\/figure><\/div>\n\n\n<style>.kb-row-layout-id23349_9aefa2-9e > .kt-row-column-wrap{align-content:start;}:where(.kb-row-layout-id23349_9aefa2-9e > .kt-row-column-wrap) > .wp-block-kadence-column{justify-content:start;}.kb-row-layout-id23349_9aefa2-9e > .kt-row-column-wrap{column-gap:var(--global-kb-gap-md, 2rem);row-gap:var(--global-kb-gap-md, 2rem);padding-top:var(--global-kb-spacing-sm, 1.5rem);padding-bottom:var(--global-kb-spacing-sm, 1.5rem);grid-template-columns:minmax(0, 1fr);}.kb-row-layout-id23349_9aefa2-9e > .kt-row-layout-overlay{opacity:0.30;}@media all and (max-width: 1024px){.kb-row-layout-id23349_9aefa2-9e > .kt-row-column-wrap{grid-template-columns:minmax(0, 1fr);}}@media all and (max-width: 767px){.kb-row-layout-id23349_9aefa2-9e > .kt-row-column-wrap{grid-template-columns:minmax(0, 1fr);}}<\/style><div class=\"kb-row-layout-wrap kb-row-layout-id23349_9aefa2-9e alignnone wp-block-kadence-rowlayout\"><div class=\"kt-row-column-wrap kt-has-1-columns kt-row-layout-equal kt-tab-layout-inherit kt-mobile-layout-row kt-row-valign-top\">\n<style>.kadence-column23349_bbed9b-d8 > .kt-inside-inner-col,.kadence-column23349_bbed9b-d8 > .kt-inside-inner-col:before{border-top-left-radius:0px;border-top-right-radius:0px;border-bottom-right-radius:0px;border-bottom-left-radius:0px;}.kadence-column23349_bbed9b-d8 > .kt-inside-inner-col{column-gap:var(--global-kb-gap-sm, 1rem);}.kadence-column23349_bbed9b-d8 > .kt-inside-inner-col{flex-direction:column;}.kadence-column23349_bbed9b-d8 > .kt-inside-inner-col > .aligncenter{width:100%;}.kadence-column23349_bbed9b-d8 > .kt-inside-inner-col:before{opacity:0.3;}.kadence-column23349_bbed9b-d8{position:relative;}@media all and (max-width: 1024px){.kadence-column23349_bbed9b-d8 > .kt-inside-inner-col{flex-direction:column;justify-content:center;}}@media all and (max-width: 767px){.kadence-column23349_bbed9b-d8 > .kt-inside-inner-col{flex-direction:column;justify-content:center;}}<\/style>\n<div class=\"wp-block-kadence-column kadence-column23349_bbed9b-d8\"><div class=\"kt-inside-inner-col\"><style>.kb-image23349_682598-f0.kb-image-is-ratio-size, .kb-image23349_682598-f0 .kb-image-is-ratio-size{max-width:270px;width:100%;}.wp-block-kadence-column > .kt-inside-inner-col > .kb-image23349_682598-f0.kb-image-is-ratio-size, .wp-block-kadence-column > .kt-inside-inner-col > .kb-image23349_682598-f0 .kb-image-is-ratio-size{align-self:unset;}.kb-image23349_682598-f0 figure{max-width:270px;}.kb-image23349_682598-f0 .image-is-svg, .kb-image23349_682598-f0 .image-is-svg img{width:100%;}.kb-image23349_682598-f0 .kb-image-has-overlay:after{opacity:0.3;}<\/style>\n<div class=\"wp-block-kadence-image kb-image23349_682598-f0\"><figure class=\"aligncenter size-full\"><img loading=\"lazy\" decoding=\"async\" width=\"351\" height=\"150\" src=\"https:\/\/www.upjs.sk\/app\/uploads\/sites\/14\/2024\/03\/logo-UPJS-UTVS.jpg\" alt=\"\" class=\"kb-img wp-image-21131\" srcset=\"https:\/\/www.upjs.sk\/app\/uploads\/sites\/14\/2024\/03\/logo-UPJS-UTVS.jpg 351w, https:\/\/www.upjs.sk\/app\/uploads\/sites\/14\/2024\/03\/logo-UPJS-UTVS-300x128.jpg 300w\" sizes=\"auto, (max-width: 351px) 100vw, 351px\" \/><\/figure><\/div>\n<\/div><\/div>\n\n<\/div><\/div>\n\n\n<p class=\"has-text-align-center\"><strong>Mil\u00e9 kolegyne, mil\u00ed kolegovia,<\/strong><\/p>\n\n\n\n<p class=\"has-text-align-left\">poz\u00fdvame V\u00e1s na <strong>VI. ro\u010dn\u00edk<\/strong> medzin\u00e1rodnej vedeckej konferencie<strong> \u201ePohybov\u00e1 aktivita, zdravie a kvalita \u017eivota\u201c<\/strong>, ktor\u00e1 sa po dlh\u0161ej prest\u00e1vke op\u00e4\u0165 uskuto\u010dn\u00ed v metropole v\u00fdchodu \u2013 v Ko\u0161iciach. Konferencia nadv\u00e4zuje na predch\u00e1dzaj\u00face ro\u010dn\u00edky a pokra\u010duje v budovan\u00ed odbornej platformy pre v\u00fdmenu aktu\u00e1lnych poznatkov v oblasti pohybovej aktivity, zdravia a kvality \u017eivota.<\/p>\n\n\n\n<p>Svoj\u00edm odborn\u00fdm zameran\u00edm vytv\u00e1ra konferencia priestor na stretnutie odborn\u00edkov z r\u00f4znych vedn\u00fdch discipl\u00edn, ktor\u00ed sa zaoberaj\u00fa pohybovou aktivitou v kontexte telesn\u00e9ho, du\u0161evn\u00e9ho a soci\u00e1lneho zdravia jednotlivcov, komun\u00edt i celej spolo\u010dnosti. Osobitn\u00fd d\u00f4raz je kladen\u00fd na interdisciplin\u00e1rnu v\u00fdmenu poznatkov a sk\u00fasenost\u00ed, prepojenie v\u00fdskumu s praxou a diskusiu o aktu\u00e1lnych v\u00fdzvach s\u00fa\u010dasn\u00e9ho sp\u00f4sobu \u017eivota.<\/p>\n\n\n\n<p>Ver\u00edme, \u017ee konferencia bude \u2013 podobne ako predch\u00e1dzaj\u00face ro\u010dn\u00edky \u2013 vhodnou pr\u00edle\u017eitos\u0165ou na odborn\u00fd dial\u00f3g a spolo\u010dn\u00e9 h\u013eadanie rie\u0161en\u00ed smeruj\u00facich k zdrav\u0161iemu a kvalitnej\u0161iemu \u017eivotu. Pohybov\u00e1 aktivita vr\u00e1tane \u0161portu predstavuje v\u00fdznamn\u00fd n\u00e1stroj podpory zdravia a kvality \u017eivota v podmienkach narastaj\u00facich fyzick\u00fdch, psychick\u00fdch aj soci\u00e1lnych n\u00e1rokov modernej spolo\u010dnosti.<\/p>\n\n\n\n<p class=\"has-text-align-left\"><strong><em>Te\u0161\u00edme sa na stretnutie v Ko\u0161iciach.<\/em><\/strong><\/p>\n\n\n<style>.kb-row-layout-id23349_809df3-9c > .kt-row-column-wrap{align-content:start;}:where(.kb-row-layout-id23349_809df3-9c > .kt-row-column-wrap) > .wp-block-kadence-column{justify-content:start;}.kb-row-layout-id23349_809df3-9c > .kt-row-column-wrap{column-gap:var(--global-kb-gap-md, 2rem);row-gap:var(--global-kb-gap-md, 2rem);padding-top:var(--global-kb-spacing-xs, 1rem);padding-bottom:var(--global-kb-spacing-xxs, 0.5rem);grid-template-columns:minmax(0, calc(30% - ((var(--global-kb-gap-md, 2rem) * 1 )\/2)))minmax(0, calc(70% - ((var(--global-kb-gap-md, 2rem) * 1 )\/2)));}.kb-row-layout-id23349_809df3-9c > .kt-row-layout-overlay{opacity:0.30;}@media all and (max-width: 1024px){.kb-row-layout-id23349_809df3-9c > .kt-row-column-wrap{grid-template-columns:minmax(0, 1fr) minmax(0, 2fr);}}@media all and (max-width: 767px){.kb-row-layout-id23349_809df3-9c > .kt-row-column-wrap{grid-template-columns:minmax(0, 1fr);}}<\/style><div class=\"kb-row-layout-wrap kb-row-layout-id23349_809df3-9c alignnone wp-block-kadence-rowlayout\"><div class=\"kt-row-column-wrap kt-has-2-columns kt-row-layout-right-golden kt-tab-layout-inherit kt-mobile-layout-row kt-row-valign-top\">\n<style>.kadence-column23349_661947-c3 > .kt-inside-inner-col,.kadence-column23349_661947-c3 > .kt-inside-inner-col:before{border-top-left-radius:0px;border-top-right-radius:0px;border-bottom-right-radius:0px;border-bottom-left-radius:0px;}.kadence-column23349_661947-c3 > .kt-inside-inner-col{column-gap:var(--global-kb-gap-sm, 1rem);}.kadence-column23349_661947-c3 > .kt-inside-inner-col{flex-direction:column;}.kadence-column23349_661947-c3 > .kt-inside-inner-col > .aligncenter{width:100%;}.kadence-column23349_661947-c3 > .kt-inside-inner-col:before{opacity:0.3;}.kadence-column23349_661947-c3{position:relative;}@media all and (max-width: 1024px){.kadence-column23349_661947-c3 > .kt-inside-inner-col{flex-direction:column;justify-content:center;}}@media all and (max-width: 767px){.kadence-column23349_661947-c3 > .kt-inside-inner-col{flex-direction:column;justify-content:center;}}<\/style>\n<div class=\"wp-block-kadence-column kadence-column23349_661947-c3\"><div class=\"kt-inside-inner-col\"><style>.kb-image23349_fb5dce-e4.kb-image-is-ratio-size, .kb-image23349_fb5dce-e4 .kb-image-is-ratio-size{max-width:120px;width:100%;}.wp-block-kadence-column > .kt-inside-inner-col > .kb-image23349_fb5dce-e4.kb-image-is-ratio-size, .wp-block-kadence-column > .kt-inside-inner-col > .kb-image23349_fb5dce-e4 .kb-image-is-ratio-size{align-self:unset;}.kb-image23349_fb5dce-e4 figure{max-width:120px;}.kb-image23349_fb5dce-e4 .image-is-svg, .kb-image23349_fb5dce-e4 .image-is-svg img{width:100%;}.kb-image23349_fb5dce-e4 .kb-image-has-overlay:after{opacity:0.3;border-top-left-radius:7px;border-top-right-radius:7px;border-bottom-right-radius:7px;border-bottom-left-radius:7px;}.kb-image23349_fb5dce-e4 img.kb-img, .kb-image23349_fb5dce-e4 .kb-img img{border-top-left-radius:7px;border-top-right-radius:7px;border-bottom-right-radius:7px;border-bottom-left-radius:7px;}<\/style>\n<div class=\"wp-block-kadence-image kb-image23349_fb5dce-e4\"><figure class=\"aligncenter size-full\"><img loading=\"lazy\" decoding=\"async\" width=\"168\" height=\"234\" src=\"https:\/\/www.upjs.sk\/app\/uploads\/sites\/14\/2024\/02\/Bukova-foto.jpg\" alt=\"\" class=\"kb-img wp-image-20827\"\/><\/figure><\/div>\n<\/div><\/div>\n\n\n<style>.kadence-column23349_8890b2-b9 > .kt-inside-inner-col,.kadence-column23349_8890b2-b9 > .kt-inside-inner-col:before{border-top-left-radius:0px;border-top-right-radius:0px;border-bottom-right-radius:0px;border-bottom-left-radius:0px;}.kadence-column23349_8890b2-b9 > .kt-inside-inner-col{column-gap:var(--global-kb-gap-sm, 1rem);}.kadence-column23349_8890b2-b9 > .kt-inside-inner-col{flex-direction:column;}.kadence-column23349_8890b2-b9 > .kt-inside-inner-col > .aligncenter{width:100%;}.kadence-column23349_8890b2-b9 > .kt-inside-inner-col:before{opacity:0.3;}.kadence-column23349_8890b2-b9{position:relative;}@media all and (max-width: 1024px){.kadence-column23349_8890b2-b9 > .kt-inside-inner-col{flex-direction:column;justify-content:center;}}@media all and (max-width: 767px){.kadence-column23349_8890b2-b9 > .kt-inside-inner-col{flex-direction:column;justify-content:center;}}<\/style>\n<div class=\"wp-block-kadence-column kadence-column23349_8890b2-b9\"><div class=\"kt-inside-inner-col\">\n<p><\/p>\n\n\n\n<p><strong><a href=\"https:\/\/www.upjs.sk\/UPJS\/zamestnanec\/alena.bukova\/\" class=\"ek-link\">Mgr. Alena Bukov\u00e1, PhD., univerzitn\u00e1 docentka<\/a><\/strong><br>Riadite\u013eka \u00dastavu telesnej v\u00fdchovy a \u0161portu, spolu s organiza\u010dn\u00fdm v\u00fdborom.<\/p>\n<\/div><\/div>\n\n<\/div><\/div>","protected":false},"excerpt":{"rendered":"<p>Mil\u00e9 kolegyne, mil\u00ed kolegovia, poz\u00fdvame V\u00e1s na VI. ro\u010dn\u00edk medzin\u00e1rodnej vedeckej konferencie \u201ePohybov\u00e1 aktivita, zdravie a kvalita \u017eivota\u201c, ktor\u00e1 sa po dlh\u0161ej prest\u00e1vke op\u00e4\u0165 uskuto\u010dn\u00ed v metropole v\u00fdchodu \u2013 v Ko\u0161iciach. Konferencia nadv\u00e4zuje na predch\u00e1dzaj\u00face ro\u010dn\u00edky a pokra\u010duje v budovan\u00ed odbornej platformy pre v\u00fdmenu aktu\u00e1lnych poznatkov v oblasti pohybovej aktivity, zdravia a kvality \u017eivota. Svoj\u00edm &hellip; <a href=\"https:\/\/www.upjs.sk\/pracoviska\/ustav-telesnej-vychovy\/konferencia-2026\/uvod-2026\/\">\u010c\u00edta\u0165 \u010falej<\/a><\/p>\n","protected":false},"author":1,"featured_media":0,"parent":23347,"menu_order":0,"comment_status":"closed","ping_status":"closed","template":"","meta":{"_acf_changed":false,"_editorskit_title_hidden":false,"_editorskit_reading_time":0,"_editorskit_is_block_options_detached":false,"_editorskit_block_options_position":"{}","footnotes":""},"categories":[],"tags":[],"class_list":["post-23349","page","type-page","status-publish","hentry"],"acf":{"acf_link_na_externy_obsah":""},"yoast_head":"<!-- This site is optimized with the Yoast SEO plugin v27.4 - https:\/\/yoast.com\/product\/yoast-seo-wordpress\/ -->\n<title>\u00davod - \u00dastav telesnej v\u00fdchovy a \u0161portu | UPJ\u0160<\/title>\n<meta name=\"robots\" content=\"index, follow, max-snippet:-1, max-image-preview:large, max-video-preview:-1\" \/>\n<link rel=\"canonical\" href=\"https:\/\/www.upjs.sk\/pracoviska\/ustav-telesnej-vychovy\/konferencia-2026\/uvod-2026\/\" \/>\n<meta property=\"og:locale\" content=\"sk_SK\" \/>\n<meta property=\"og:type\" content=\"article\" \/>\n<meta property=\"og:title\" content=\"\u00davod - \u00dastav telesnej v\u00fdchovy a \u0161portu | UPJ\u0160\" \/>\n<meta property=\"og:description\" content=\"Mil\u00e9 kolegyne, mil\u00ed kolegovia, poz\u00fdvame V\u00e1s na VI. ro\u010dn\u00edk medzin\u00e1rodnej vedeckej konferencie \u201ePohybov\u00e1 aktivita, zdravie a kvalita \u017eivota\u201c, ktor\u00e1 sa po dlh\u0161ej prest\u00e1vke op\u00e4\u0165 uskuto\u010dn\u00ed v metropole v\u00fdchodu \u2013 v Ko\u0161iciach. Konferencia nadv\u00e4zuje na predch\u00e1dzaj\u00face ro\u010dn\u00edky a pokra\u010duje v budovan\u00ed odbornej platformy pre v\u00fdmenu aktu\u00e1lnych poznatkov v oblasti pohybovej aktivity, zdravia a kvality \u017eivota. Svoj\u00edm &hellip; \u010c\u00edta\u0165 \u010falej\" \/>\n<meta property=\"og:url\" content=\"https:\/\/www.upjs.sk\/pracoviska\/ustav-telesnej-vychovy\/konferencia-2026\/uvod-2026\/\" \/>\n<meta property=\"og:site_name\" content=\"\u00dastav telesnej v\u00fdchovy a \u0161portu | UPJ\u0160\" \/>\n<meta property=\"article:modified_time\" content=\"2026-02-14T15:17:16+00:00\" \/>\n<meta property=\"og:image\" content=\"https:\/\/www.upjs.sk\/app\/uploads\/sites\/14\/2026\/02\/UTVS-konferencia2026-MB-SK.jpg\" \/>\n\t<meta property=\"og:image:width\" content=\"1024\" \/>\n\t<meta property=\"og:image:height\" content=\"201\" \/>\n\t<meta property=\"og:image:type\" content=\"image\/jpeg\" \/>\n<meta name=\"twitter:card\" content=\"summary_large_image\" \/>\n<meta name=\"twitter:label1\" content=\"Predpokladan\u00fd \u010das \u010d\u00edtania\" \/>\n\t<meta name=\"twitter:data1\" content=\"2 min\u00faty\" \/>\n<script type=\"application\/ld+json\" class=\"yoast-schema-graph\">{\"@context\":\"https:\\\/\\\/schema.org\",\"@graph\":[{\"@type\":\"WebPage\",\"@id\":\"https:\\\/\\\/www.upjs.sk\\\/pracoviska\\\/ustav-telesnej-vychovy\\\/konferencia-2026\\\/uvod-2026\\\/\",\"url\":\"https:\\\/\\\/www.upjs.sk\\\/pracoviska\\\/ustav-telesnej-vychovy\\\/konferencia-2026\\\/uvod-2026\\\/\",\"name\":\"\u00davod - \u00dastav telesnej v\u00fdchovy a \u0161portu | UPJ\u0160\",\"isPartOf\":{\"@id\":\"https:\\\/\\\/www.upjs.sk\\\/pracoviska\\\/ustav-telesnej-vychovy\\\/#website\"},\"primaryImageOfPage\":{\"@id\":\"https:\\\/\\\/www.upjs.sk\\\/pracoviska\\\/ustav-telesnej-vychovy\\\/konferencia-2026\\\/uvod-2026\\\/#primaryimage\"},\"image\":{\"@id\":\"https:\\\/\\\/www.upjs.sk\\\/pracoviska\\\/ustav-telesnej-vychovy\\\/konferencia-2026\\\/uvod-2026\\\/#primaryimage\"},\"thumbnailUrl\":\"https:\\\/\\\/www.upjs.sk\\\/app\\\/uploads\\\/sites\\\/14\\\/2026\\\/02\\\/UTVS-konferencia2026-MB-SK.jpg\",\"datePublished\":\"2026-02-02T10:27:33+00:00\",\"dateModified\":\"2026-02-14T15:17:16+00:00\",\"breadcrumb\":{\"@id\":\"https:\\\/\\\/www.upjs.sk\\\/pracoviska\\\/ustav-telesnej-vychovy\\\/konferencia-2026\\\/uvod-2026\\\/#breadcrumb\"},\"inLanguage\":\"sk-SK\",\"potentialAction\":[{\"@type\":\"ReadAction\",\"target\":[\"https:\\\/\\\/www.upjs.sk\\\/pracoviska\\\/ustav-telesnej-vychovy\\\/konferencia-2026\\\/uvod-2026\\\/\"]}]},{\"@type\":\"ImageObject\",\"inLanguage\":\"sk-SK\",\"@id\":\"https:\\\/\\\/www.upjs.sk\\\/pracoviska\\\/ustav-telesnej-vychovy\\\/konferencia-2026\\\/uvod-2026\\\/#primaryimage\",\"url\":\"https:\\\/\\\/www.upjs.sk\\\/app\\\/uploads\\\/sites\\\/14\\\/2026\\\/02\\\/UTVS-konferencia2026-MB-SK.jpg\",\"contentUrl\":\"https:\\\/\\\/www.upjs.sk\\\/app\\\/uploads\\\/sites\\\/14\\\/2026\\\/02\\\/UTVS-konferencia2026-MB-SK.jpg\"},{\"@type\":\"BreadcrumbList\",\"@id\":\"https:\\\/\\\/www.upjs.sk\\\/pracoviska\\\/ustav-telesnej-vychovy\\\/konferencia-2026\\\/uvod-2026\\\/#breadcrumb\",\"itemListElement\":[{\"@type\":\"ListItem\",\"position\":1,\"name\":\"Home\",\"item\":\"https:\\\/\\\/www.upjs.sk\\\/pracoviska\\\/ustav-telesnej-vychovy\\\/\"},{\"@type\":\"ListItem\",\"position\":2,\"name\":\"Pohybov\u00e1 aktivita, zdravie a kvalita \u017eivota 2026\",\"item\":\"https:\\\/\\\/www.upjs.sk\\\/pracoviska\\\/ustav-telesnej-vychovy\\\/konferencia-2026\\\/\"},{\"@type\":\"ListItem\",\"position\":3,\"name\":\"\u00davod\"}]},{\"@type\":\"WebSite\",\"@id\":\"https:\\\/\\\/www.upjs.sk\\\/pracoviska\\\/ustav-telesnej-vychovy\\\/#website\",\"url\":\"https:\\\/\\\/www.upjs.sk\\\/pracoviska\\\/ustav-telesnej-vychovy\\\/\",\"name\":\"\u00dastav telesnej v\u00fdchovy a \u0161portu | UPJ\u0160\",\"description\":\"\",\"publisher\":{\"@id\":\"https:\\\/\\\/www.upjs.sk\\\/pracoviska\\\/ustav-telesnej-vychovy\\\/#organization\"},\"potentialAction\":[{\"@type\":\"SearchAction\",\"target\":{\"@type\":\"EntryPoint\",\"urlTemplate\":\"https:\\\/\\\/www.upjs.sk\\\/pracoviska\\\/ustav-telesnej-vychovy\\\/?s={search_term_string}\"},\"query-input\":{\"@type\":\"PropertyValueSpecification\",\"valueRequired\":true,\"valueName\":\"search_term_string\"}}],\"inLanguage\":\"sk-SK\"},{\"@type\":\"Organization\",\"@id\":\"https:\\\/\\\/www.upjs.sk\\\/pracoviska\\\/ustav-telesnej-vychovy\\\/#organization\",\"name\":\"\u00dastav telesnej v\u00fdchovy a \u0161portu | UPJ\u0160\",\"url\":\"https:\\\/\\\/www.upjs.sk\\\/pracoviska\\\/ustav-telesnej-vychovy\\\/\",\"logo\":{\"@type\":\"ImageObject\",\"inLanguage\":\"sk-SK\",\"@id\":\"https:\\\/\\\/www.upjs.sk\\\/pracoviska\\\/ustav-telesnej-vychovy\\\/#\\\/schema\\\/logo\\\/image\\\/\",\"url\":\"https:\\\/\\\/www.upjs.sk\\\/app\\\/uploads\\\/sites\\\/14\\\/2023\\\/01\\\/UTVS.svg\",\"contentUrl\":\"https:\\\/\\\/www.upjs.sk\\\/app\\\/uploads\\\/sites\\\/14\\\/2023\\\/01\\\/UTVS.svg\",\"width\":500,\"height\":138,\"caption\":\"\u00dastav telesnej v\u00fdchovy a \u0161portu | UPJ\u0160\"},\"image\":{\"@id\":\"https:\\\/\\\/www.upjs.sk\\\/pracoviska\\\/ustav-telesnej-vychovy\\\/#\\\/schema\\\/logo\\\/image\\\/\"}}]}<\/script>\n<!-- \/ Yoast SEO plugin. -->","yoast_head_json":{"title":"\u00davod - \u00dastav telesnej v\u00fdchovy a \u0161portu | UPJ\u0160","robots":{"index":"index","follow":"follow","max-snippet":"max-snippet:-1","max-image-preview":"max-image-preview:large","max-video-preview":"max-video-preview:-1"},"canonical":"https:\/\/www.upjs.sk\/pracoviska\/ustav-telesnej-vychovy\/konferencia-2026\/uvod-2026\/","og_locale":"sk_SK","og_type":"article","og_title":"\u00davod - \u00dastav telesnej v\u00fdchovy a \u0161portu | UPJ\u0160","og_description":"Mil\u00e9 kolegyne, mil\u00ed kolegovia, poz\u00fdvame V\u00e1s na VI. ro\u010dn\u00edk medzin\u00e1rodnej vedeckej konferencie \u201ePohybov\u00e1 aktivita, zdravie a kvalita \u017eivota\u201c, ktor\u00e1 sa po dlh\u0161ej prest\u00e1vke op\u00e4\u0165 uskuto\u010dn\u00ed v metropole v\u00fdchodu \u2013 v Ko\u0161iciach. Konferencia nadv\u00e4zuje na predch\u00e1dzaj\u00face ro\u010dn\u00edky a pokra\u010duje v budovan\u00ed odbornej platformy pre v\u00fdmenu aktu\u00e1lnych poznatkov v oblasti pohybovej aktivity, zdravia a kvality \u017eivota. Svoj\u00edm &hellip; \u010c\u00edta\u0165 \u010falej","og_url":"https:\/\/www.upjs.sk\/pracoviska\/ustav-telesnej-vychovy\/konferencia-2026\/uvod-2026\/","og_site_name":"\u00dastav telesnej v\u00fdchovy a \u0161portu | UPJ\u0160","article_modified_time":"2026-02-14T15:17:16+00:00","og_image":[{"width":1024,"height":201,"url":"https:\/\/www.upjs.sk\/app\/uploads\/sites\/14\/2026\/02\/UTVS-konferencia2026-MB-SK.jpg","type":"image\/jpeg"}],"twitter_card":"summary_large_image","twitter_misc":{"Predpokladan\u00fd \u010das \u010d\u00edtania":"2 min\u00faty"},"schema":{"@context":"https:\/\/schema.org","@graph":[{"@type":"WebPage","@id":"https:\/\/www.upjs.sk\/pracoviska\/ustav-telesnej-vychovy\/konferencia-2026\/uvod-2026\/","url":"https:\/\/www.upjs.sk\/pracoviska\/ustav-telesnej-vychovy\/konferencia-2026\/uvod-2026\/","name":"\u00davod - \u00dastav telesnej v\u00fdchovy a \u0161portu | UPJ\u0160","isPartOf":{"@id":"https:\/\/www.upjs.sk\/pracoviska\/ustav-telesnej-vychovy\/#website"},"primaryImageOfPage":{"@id":"https:\/\/www.upjs.sk\/pracoviska\/ustav-telesnej-vychovy\/konferencia-2026\/uvod-2026\/#primaryimage"},"image":{"@id":"https:\/\/www.upjs.sk\/pracoviska\/ustav-telesnej-vychovy\/konferencia-2026\/uvod-2026\/#primaryimage"},"thumbnailUrl":"https:\/\/www.upjs.sk\/app\/uploads\/sites\/14\/2026\/02\/UTVS-konferencia2026-MB-SK.jpg","datePublished":"2026-02-02T10:27:33+00:00","dateModified":"2026-02-14T15:17:16+00:00","breadcrumb":{"@id":"https:\/\/www.upjs.sk\/pracoviska\/ustav-telesnej-vychovy\/konferencia-2026\/uvod-2026\/#breadcrumb"},"inLanguage":"sk-SK","potentialAction":[{"@type":"ReadAction","target":["https:\/\/www.upjs.sk\/pracoviska\/ustav-telesnej-vychovy\/konferencia-2026\/uvod-2026\/"]}]},{"@type":"ImageObject","inLanguage":"sk-SK","@id":"https:\/\/www.upjs.sk\/pracoviska\/ustav-telesnej-vychovy\/konferencia-2026\/uvod-2026\/#primaryimage","url":"https:\/\/www.upjs.sk\/app\/uploads\/sites\/14\/2026\/02\/UTVS-konferencia2026-MB-SK.jpg","contentUrl":"https:\/\/www.upjs.sk\/app\/uploads\/sites\/14\/2026\/02\/UTVS-konferencia2026-MB-SK.jpg"},{"@type":"BreadcrumbList","@id":"https:\/\/www.upjs.sk\/pracoviska\/ustav-telesnej-vychovy\/konferencia-2026\/uvod-2026\/#breadcrumb","itemListElement":[{"@type":"ListItem","position":1,"name":"Home","item":"https:\/\/www.upjs.sk\/pracoviska\/ustav-telesnej-vychovy\/"},{"@type":"ListItem","position":2,"name":"Pohybov\u00e1 aktivita, zdravie a kvalita \u017eivota 2026","item":"https:\/\/www.upjs.sk\/pracoviska\/ustav-telesnej-vychovy\/konferencia-2026\/"},{"@type":"ListItem","position":3,"name":"\u00davod"}]},{"@type":"WebSite","@id":"https:\/\/www.upjs.sk\/pracoviska\/ustav-telesnej-vychovy\/#website","url":"https:\/\/www.upjs.sk\/pracoviska\/ustav-telesnej-vychovy\/","name":"\u00dastav telesnej v\u00fdchovy a \u0161portu | UPJ\u0160","description":"","publisher":{"@id":"https:\/\/www.upjs.sk\/pracoviska\/ustav-telesnej-vychovy\/#organization"},"potentialAction":[{"@type":"SearchAction","target":{"@type":"EntryPoint","urlTemplate":"https:\/\/www.upjs.sk\/pracoviska\/ustav-telesnej-vychovy\/?s={search_term_string}"},"query-input":{"@type":"PropertyValueSpecification","valueRequired":true,"valueName":"search_term_string"}}],"inLanguage":"sk-SK"},{"@type":"Organization","@id":"https:\/\/www.upjs.sk\/pracoviska\/ustav-telesnej-vychovy\/#organization","name":"\u00dastav telesnej v\u00fdchovy a \u0161portu | UPJ\u0160","url":"https:\/\/www.upjs.sk\/pracoviska\/ustav-telesnej-vychovy\/","logo":{"@type":"ImageObject","inLanguage":"sk-SK","@id":"https:\/\/www.upjs.sk\/pracoviska\/ustav-telesnej-vychovy\/#\/schema\/logo\/image\/","url":"https:\/\/www.upjs.sk\/app\/uploads\/sites\/14\/2023\/01\/UTVS.svg","contentUrl":"https:\/\/www.upjs.sk\/app\/uploads\/sites\/14\/2023\/01\/UTVS.svg","width":500,"height":138,"caption":"\u00dastav telesnej v\u00fdchovy a \u0161portu | UPJ\u0160"},"image":{"@id":"https:\/\/www.upjs.sk\/pracoviska\/ustav-telesnej-vychovy\/#\/schema\/logo\/image\/"}}]}},"_links":{"self":[{"href":"https:\/\/www.upjs.sk\/pracoviska\/ustav-telesnej-vychovy\/wp-json\/wp\/v2\/pages\/23349","targetHints":{"allow":["GET"]}}],"collection":[{"href":"https:\/\/www.upjs.sk\/pracoviska\/ustav-telesnej-vychovy\/wp-json\/wp\/v2\/pages"}],"about":[{"href":"https:\/\/www.upjs.sk\/pracoviska\/ustav-telesnej-vychovy\/wp-json\/wp\/v2\/types\/page"}],"author":[{"embeddable":true,"href":"https:\/\/www.upjs.sk\/pracoviska\/ustav-telesnej-vychovy\/wp-json\/wp\/v2\/users\/1"}],"replies":[{"embeddable":true,"href":"https:\/\/www.upjs.sk\/pracoviska\/ustav-telesnej-vychovy\/wp-json\/wp\/v2\/comments?post=23349"}],"version-history":[{"count":3,"href":"https:\/\/www.upjs.sk\/pracoviska\/ustav-telesnej-vychovy\/wp-json\/wp\/v2\/pages\/23349\/revisions"}],"predecessor-version":[{"id":23616,"href":"https:\/\/www.upjs.sk\/pracoviska\/ustav-telesnej-vychovy\/wp-json\/wp\/v2\/pages\/23349\/revisions\/23616"}],"up":[{"embeddable":true,"href":"https:\/\/www.upjs.sk\/pracoviska\/ustav-telesnej-vychovy\/wp-json\/wp\/v2\/pages\/23347"}],"wp:attachment":[{"href":"https:\/\/www.upjs.sk\/pracoviska\/ustav-telesnej-vychovy\/wp-json\/wp\/v2\/media?parent=23349"}],"wp:term":[{"taxonomy":"category","embeddable":true,"href":"https:\/\/www.upjs.sk\/pracoviska\/ustav-telesnej-vychovy\/wp-json\/wp\/v2\/categories?post=23349"},{"taxonomy":"post_tag","embeddable":true,"href":"https:\/\/www.upjs.sk\/pracoviska\/ustav-telesnej-vychovy\/wp-json\/wp\/v2\/tags?post=23349"}],"curies":[{"name":"wp","href":"https:\/\/api.w.org\/{rel}","templated":true}]}}