{"id":23352,"date":"2026-02-02T14:57:09","date_gmt":"2026-02-02T13:57:09","guid":{"rendered":"https:\/\/www.upjs.sk\/pracoviska\/ustav-telesnej-vychovy\/?page_id=23352"},"modified":"2026-02-19T10:59:21","modified_gmt":"2026-02-19T09:59:21","slug":"terminy-a-poplatky","status":"publish","type":"page","link":"https:\/\/www.upjs.sk\/pracoviska\/ustav-telesnej-vychovy\/konferencia-2026\/terminy-a-poplatky\/","title":{"rendered":"TERM\u00cdNY A POPLATKY"},"content":{"rendered":"<style>.kb-image23352_a72fae-e7.kb-image-is-ratio-size, .kb-image23352_a72fae-e7 .kb-image-is-ratio-size{max-width:881px;width:100%;}.wp-block-kadence-column > .kt-inside-inner-col > .kb-image23352_a72fae-e7.kb-image-is-ratio-size, .wp-block-kadence-column > .kt-inside-inner-col > .kb-image23352_a72fae-e7 .kb-image-is-ratio-size{align-self:unset;}.kb-image23352_a72fae-e7 figure{max-width:881px;}.kb-image23352_a72fae-e7 .image-is-svg, .kb-image23352_a72fae-e7 .image-is-svg img{width:100%;}.kb-image23352_a72fae-e7 .kb-image-has-overlay:after{opacity:0.3;border-top-left-radius:15px;border-top-right-radius:15px;border-bottom-right-radius:15px;border-bottom-left-radius:15px;}.kb-image23352_a72fae-e7 img.kb-img, .kb-image23352_a72fae-e7 .kb-img img{border-top-left-radius:15px;border-top-right-radius:15px;border-bottom-right-radius:15px;border-bottom-left-radius:15px;}<\/style>\n<div class=\"wp-block-kadence-image kb-image23352_a72fae-e7\"><figure class=\"aligncenter\"><img loading=\"lazy\" decoding=\"async\" width=\"1024\" height=\"201\" src=\"https:\/\/www.upjs.sk\/app\/uploads\/sites\/14\/2026\/02\/UTVS-konferencia2026-MB-SK.jpg\" alt=\"\" class=\"kb-img wp-image-23609\" srcset=\"https:\/\/www.upjs.sk\/app\/uploads\/sites\/14\/2026\/02\/UTVS-konferencia2026-MB-SK.jpg 1024w, https:\/\/www.upjs.sk\/app\/uploads\/sites\/14\/2026\/02\/UTVS-konferencia2026-MB-SK-300x59.jpg 300w, https:\/\/www.upjs.sk\/app\/uploads\/sites\/14\/2026\/02\/UTVS-konferencia2026-MB-SK-768x151.jpg 768w\" sizes=\"auto, (max-width: 1024px) 100vw, 1024px\" \/><\/figure><\/div>\n\n\n\n<p class=\"has-medium-font-size\"><strong><mark style=\"background-color:rgba(0, 0, 0, 0)\" class=\"has-inline-color has-zakladna-zlata-color\">Term\u00edny<\/mark><\/strong><\/p>\n\n\n\n<ul class=\"wp-block-list\">\n<li><strong><mark style=\"background-color:rgba(0, 0, 0, 0)\" class=\"has-inline-color has-zakladna-modra-color\"><strong><strong>Zaslanie z\u00e1v\u00e4znej prihl\u00e1\u0161ky<\/strong><mark style=\"background-color:rgba(0, 0, 0, 0)\" class=\"has-inline-color has-zakladna-modra-color\">:<\/mark><\/strong> <\/mark><\/strong><mark style=\"background-color:rgba(0, 0, 0, 0)\" class=\"has-inline-color has-cierna-color\">od\u00a0<\/mark>10. 2. 2026 \u2013 30.6.2026<br>\u25e6\u00a0<strong>konferen\u010dn\u00fd poplatok:<\/strong> \u00a0<strong>180,-\u20ac; <\/strong>PhD. \u0161tudenti: <strong>150,-\u20ac<\/strong><br>\u25e6 <strong>platba do:<\/strong>\u00a015.7.2026<br><br><\/li>\n\n\n\n<li><strong><mark style=\"background-color:rgba(0, 0, 0, 0)\" class=\"has-inline-color has-zakladna-modra-color\"><strong><strong><strong><mark style=\"background-color:rgba(0, 0, 0, 0)\" class=\"has-inline-color has-zakladna-modra-color\"><strong><strong>Zaslanie prihl\u00e1\u0161ky po term\u00edne<\/strong><\/strong>:<\/mark><\/strong><\/strong><\/strong> <\/mark><\/strong>30.6.2026 najnesk\u00f4r do 20.9.2026\u00a0\u00a0<br>\u25e6\u00a0<strong>konferen\u010dn\u00fd poplatok:<\/strong> \u00a0<strong>220,- \u20ac<\/strong>; PhD. \u0161tudenti: <strong>190,-\u20ac<\/strong><br>\u25e6 <strong>platba do:<\/strong>\u00a020.9.2026<br><br><\/li>\n\n\n\n<li><strong><mark style=\"background-color:rgba(0, 0, 0, 0)\" class=\"has-inline-color has-zakladna-modra-color\"><a href=\"https:\/\/docs.google.com\/forms\/d\/e\/1FAIpQLSc1OdT_JQwCCaHEvtialhkehJCAlie8jUFgSIsO8pBx7Ls46Q\/viewform\">Elektronick\u00e1 prihl\u00e1\u0161ka<\/a>&nbsp;<\/mark><\/strong><br><br><\/li>\n\n\n\n<li><mark style=\"background-color:rgba(0, 0, 0, 0)\" class=\"has-inline-color has-zakladna-modra-color\"><strong>Zaslanie abstraktu:<\/strong><\/mark><strong><mark style=\"background-color:rgba(0, 0, 0, 0)\" class=\"has-inline-color has-zakladna-modra-color\">&nbsp;<\/mark><\/strong>do&nbsp;30.8.2026 <em>(inform\u00e1cie o&nbsp;abstraktoch \u2013 v&nbsp;\u010dasti Registr\u00e1cia a&nbsp;abstrakty)<\/em><br><br><\/li>\n<\/ul>\n\n\n\n<p class=\"has-medium-font-size\"><strong><mark style=\"background-color:rgba(0, 0, 0, 0)\" class=\"has-inline-color has-zakladna-zlata-color\"><strong><mark style=\"background-color:rgba(0, 0, 0, 0)\" class=\"has-inline-color has-zakladna-zlata-color\">V&nbsp;konferen\u010dnom poplatku <a href=\"https:\/\/www.upjs.sk\/pracoviska\/ustav-telesnej-vychovy\/konferencia-2026\/terminy-a-poplatky\/konferencnz-poplatok\/\" target=\"_blank\" rel=\"noreferrer noopener\">je zahrnut\u00e9<\/a><\/mark><\/strong> &nbsp;<em> <\/em><\/mark><\/strong><br><sup><mark style=\"background-color:rgba(0, 0, 0, 0)\" class=\"has-inline-color has-f-verejnej-s-color\"><em><em>V <\/em><\/em> <em>konferen\u010dnom poplatku nie je zahrnut\u00e9 ubytovanie<\/em>.<\/mark><\/sup><\/p>\n\n\n\n<p class=\"has-medium-font-size\"><strong><mark style=\"background-color:rgba(0, 0, 0, 0)\" class=\"has-inline-color has-zakladna-zlata-color\">Konferen\u010dn\u00fd poplatok uhra\u010fte na \u00fa\u010det (EUR):<\/mark><\/strong><\/p>\n\n\n\n<figure class=\"wp-block-table is-style-stripes\"><table><tbody><tr><td><strong>IBAN:<\/strong><\/td><td>SK 6481800000007000074351<\/td><\/tr><tr><td><strong>SWIFT:<\/strong><\/td><td>SPSRSKBA<\/td><\/tr><tr><td><strong>Banka pr\u00edjemcu:<\/strong><\/td><td>\u0160t\u00e1tna pokladnica, Radlinsk\u00e9ho 32, 810 05 Bratislava, Slovakia<\/td><\/tr><tr><td><strong>N\u00e1zov \u00fa\u010dtu:<\/strong><\/td><td>UPJ\u0160 v Ko\u0161iciach, \u0160rob\u00e1rova 2, 041 80 Ko\u0161ice<\/td><\/tr><tr><td><strong>Variabiln\u00fd symbol:<\/strong><\/td><td>190 110<\/td><\/tr><tr><td><strong>Pozn\u00e1mka pre pr\u00edjemcu:<\/strong><\/td><td>Do pozn\u00e1mky uvies\u0165: Meno a&nbsp;priezvisko, univerzita (in\u0161tit\u00facia),&nbsp;v&nbsp;pr\u00edpade platieb za viac os\u00f4b uvies\u0165 aj men\u00e1 os\u00f4b<\/td><\/tr><\/tbody><\/table><\/figure>\n\n\n\n<p class=\"has-medium-font-size\"><\/p>\n\n\n\n<p class=\"has-medium-font-size\"><br><\/p>\n\n\n\n<p><\/p>\n","protected":false},"excerpt":{"rendered":"<p>Term\u00edny V&nbsp;konferen\u010dnom poplatku je zahrnut\u00e9 &nbsp; V konferen\u010dnom poplatku nie je zahrnut\u00e9 ubytovanie. Konferen\u010dn\u00fd poplatok uhra\u010fte na \u00fa\u010det (EUR): IBAN: SK 6481800000007000074351 SWIFT: SPSRSKBA Banka pr\u00edjemcu: \u0160t\u00e1tna pokladnica, Radlinsk\u00e9ho 32, 810 05 Bratislava, Slovakia N\u00e1zov \u00fa\u010dtu: UPJ\u0160 v Ko\u0161iciach, \u0160rob\u00e1rova 2, 041 80 Ko\u0161ice Variabiln\u00fd symbol: 190 110 Pozn\u00e1mka pre pr\u00edjemcu: Do pozn\u00e1mky uvies\u0165: Meno &hellip; <a href=\"https:\/\/www.upjs.sk\/pracoviska\/ustav-telesnej-vychovy\/konferencia-2026\/terminy-a-poplatky\/\">\u010c\u00edta\u0165 \u010falej<\/a><\/p>\n","protected":false},"author":1,"featured_media":0,"parent":23347,"menu_order":1,"comment_status":"closed","ping_status":"closed","template":"","meta":{"_acf_changed":false,"_editorskit_title_hidden":false,"_editorskit_reading_time":0,"_editorskit_is_block_options_detached":false,"_editorskit_block_options_position":"{}","footnotes":""},"categories":[],"tags":[],"class_list":["post-23352","page","type-page","status-publish","hentry"],"acf":{"acf_link_na_externy_obsah":""},"yoast_head":"<!-- This site is optimized with the Yoast SEO plugin v27.4 - https:\/\/yoast.com\/product\/yoast-seo-wordpress\/ -->\n<title>TERM\u00cdNY A POPLATKY - \u00dastav telesnej v\u00fdchovy a \u0161portu | UPJ\u0160<\/title>\n<meta name=\"robots\" content=\"index, follow, max-snippet:-1, max-image-preview:large, max-video-preview:-1\" \/>\n<link rel=\"canonical\" href=\"https:\/\/www.upjs.sk\/pracoviska\/ustav-telesnej-vychovy\/konferencia-2026\/terminy-a-poplatky\/\" \/>\n<meta property=\"og:locale\" content=\"sk_SK\" \/>\n<meta property=\"og:type\" content=\"article\" \/>\n<meta property=\"og:title\" content=\"TERM\u00cdNY A POPLATKY - \u00dastav telesnej v\u00fdchovy a \u0161portu | UPJ\u0160\" \/>\n<meta property=\"og:description\" content=\"Term\u00edny V&nbsp;konferen\u010dnom poplatku je zahrnut\u00e9 &nbsp; V konferen\u010dnom poplatku nie je zahrnut\u00e9 ubytovanie. Konferen\u010dn\u00fd poplatok uhra\u010fte na \u00fa\u010det (EUR): IBAN: SK 6481800000007000074351 SWIFT: SPSRSKBA Banka pr\u00edjemcu: \u0160t\u00e1tna pokladnica, Radlinsk\u00e9ho 32, 810 05 Bratislava, Slovakia N\u00e1zov \u00fa\u010dtu: UPJ\u0160 v Ko\u0161iciach, \u0160rob\u00e1rova 2, 041 80 Ko\u0161ice Variabiln\u00fd symbol: 190 110 Pozn\u00e1mka pre pr\u00edjemcu: Do pozn\u00e1mky uvies\u0165: Meno &hellip; \u010c\u00edta\u0165 \u010falej\" \/>\n<meta property=\"og:url\" content=\"https:\/\/www.upjs.sk\/pracoviska\/ustav-telesnej-vychovy\/konferencia-2026\/terminy-a-poplatky\/\" \/>\n<meta property=\"og:site_name\" content=\"\u00dastav telesnej v\u00fdchovy a \u0161portu | UPJ\u0160\" \/>\n<meta property=\"article:modified_time\" content=\"2026-02-19T09:59:21+00:00\" \/>\n<meta property=\"og:image\" content=\"https:\/\/www.upjs.sk\/app\/uploads\/sites\/14\/2026\/02\/UTVS-konferencia2026-MB-SK.jpg\" \/>\n\t<meta property=\"og:image:width\" content=\"1024\" \/>\n\t<meta property=\"og:image:height\" content=\"201\" \/>\n\t<meta property=\"og:image:type\" content=\"image\/jpeg\" \/>\n<meta name=\"twitter:card\" content=\"summary_large_image\" \/>\n<meta name=\"twitter:label1\" content=\"Predpokladan\u00fd \u010das \u010d\u00edtania\" \/>\n\t<meta name=\"twitter:data1\" content=\"1 min\u00fata\" \/>\n<script type=\"application\/ld+json\" class=\"yoast-schema-graph\">{\"@context\":\"https:\\\/\\\/schema.org\",\"@graph\":[{\"@type\":\"WebPage\",\"@id\":\"https:\\\/\\\/www.upjs.sk\\\/pracoviska\\\/ustav-telesnej-vychovy\\\/konferencia-2026\\\/terminy-a-poplatky\\\/\",\"url\":\"https:\\\/\\\/www.upjs.sk\\\/pracoviska\\\/ustav-telesnej-vychovy\\\/konferencia-2026\\\/terminy-a-poplatky\\\/\",\"name\":\"TERM\u00cdNY A POPLATKY - \u00dastav telesnej v\u00fdchovy a \u0161portu | UPJ\u0160\",\"isPartOf\":{\"@id\":\"https:\\\/\\\/www.upjs.sk\\\/pracoviska\\\/ustav-telesnej-vychovy\\\/#website\"},\"primaryImageOfPage\":{\"@id\":\"https:\\\/\\\/www.upjs.sk\\\/pracoviska\\\/ustav-telesnej-vychovy\\\/konferencia-2026\\\/terminy-a-poplatky\\\/#primaryimage\"},\"image\":{\"@id\":\"https:\\\/\\\/www.upjs.sk\\\/pracoviska\\\/ustav-telesnej-vychovy\\\/konferencia-2026\\\/terminy-a-poplatky\\\/#primaryimage\"},\"thumbnailUrl\":\"https:\\\/\\\/www.upjs.sk\\\/app\\\/uploads\\\/sites\\\/14\\\/2026\\\/02\\\/UTVS-konferencia2026-MB-SK.jpg\",\"datePublished\":\"2026-02-02T13:57:09+00:00\",\"dateModified\":\"2026-02-19T09:59:21+00:00\",\"breadcrumb\":{\"@id\":\"https:\\\/\\\/www.upjs.sk\\\/pracoviska\\\/ustav-telesnej-vychovy\\\/konferencia-2026\\\/terminy-a-poplatky\\\/#breadcrumb\"},\"inLanguage\":\"sk-SK\",\"potentialAction\":[{\"@type\":\"ReadAction\",\"target\":[\"https:\\\/\\\/www.upjs.sk\\\/pracoviska\\\/ustav-telesnej-vychovy\\\/konferencia-2026\\\/terminy-a-poplatky\\\/\"]}]},{\"@type\":\"ImageObject\",\"inLanguage\":\"sk-SK\",\"@id\":\"https:\\\/\\\/www.upjs.sk\\\/pracoviska\\\/ustav-telesnej-vychovy\\\/konferencia-2026\\\/terminy-a-poplatky\\\/#primaryimage\",\"url\":\"https:\\\/\\\/www.upjs.sk\\\/app\\\/uploads\\\/sites\\\/14\\\/2026\\\/02\\\/UTVS-konferencia2026-MB-SK.jpg\",\"contentUrl\":\"https:\\\/\\\/www.upjs.sk\\\/app\\\/uploads\\\/sites\\\/14\\\/2026\\\/02\\\/UTVS-konferencia2026-MB-SK.jpg\"},{\"@type\":\"BreadcrumbList\",\"@id\":\"https:\\\/\\\/www.upjs.sk\\\/pracoviska\\\/ustav-telesnej-vychovy\\\/konferencia-2026\\\/terminy-a-poplatky\\\/#breadcrumb\",\"itemListElement\":[{\"@type\":\"ListItem\",\"position\":1,\"name\":\"Home\",\"item\":\"https:\\\/\\\/www.upjs.sk\\\/pracoviska\\\/ustav-telesnej-vychovy\\\/\"},{\"@type\":\"ListItem\",\"position\":2,\"name\":\"Pohybov\u00e1 aktivita, zdravie a kvalita \u017eivota 2026\",\"item\":\"https:\\\/\\\/www.upjs.sk\\\/pracoviska\\\/ustav-telesnej-vychovy\\\/konferencia-2026\\\/\"},{\"@type\":\"ListItem\",\"position\":3,\"name\":\"TERM\u00cdNY A POPLATKY\"}]},{\"@type\":\"WebSite\",\"@id\":\"https:\\\/\\\/www.upjs.sk\\\/pracoviska\\\/ustav-telesnej-vychovy\\\/#website\",\"url\":\"https:\\\/\\\/www.upjs.sk\\\/pracoviska\\\/ustav-telesnej-vychovy\\\/\",\"name\":\"\u00dastav telesnej v\u00fdchovy a \u0161portu | UPJ\u0160\",\"description\":\"\",\"publisher\":{\"@id\":\"https:\\\/\\\/www.upjs.sk\\\/pracoviska\\\/ustav-telesnej-vychovy\\\/#organization\"},\"potentialAction\":[{\"@type\":\"SearchAction\",\"target\":{\"@type\":\"EntryPoint\",\"urlTemplate\":\"https:\\\/\\\/www.upjs.sk\\\/pracoviska\\\/ustav-telesnej-vychovy\\\/?s={search_term_string}\"},\"query-input\":{\"@type\":\"PropertyValueSpecification\",\"valueRequired\":true,\"valueName\":\"search_term_string\"}}],\"inLanguage\":\"sk-SK\"},{\"@type\":\"Organization\",\"@id\":\"https:\\\/\\\/www.upjs.sk\\\/pracoviska\\\/ustav-telesnej-vychovy\\\/#organization\",\"name\":\"\u00dastav telesnej v\u00fdchovy a \u0161portu | UPJ\u0160\",\"url\":\"https:\\\/\\\/www.upjs.sk\\\/pracoviska\\\/ustav-telesnej-vychovy\\\/\",\"logo\":{\"@type\":\"ImageObject\",\"inLanguage\":\"sk-SK\",\"@id\":\"https:\\\/\\\/www.upjs.sk\\\/pracoviska\\\/ustav-telesnej-vychovy\\\/#\\\/schema\\\/logo\\\/image\\\/\",\"url\":\"https:\\\/\\\/www.upjs.sk\\\/app\\\/uploads\\\/sites\\\/14\\\/2023\\\/01\\\/UTVS.svg\",\"contentUrl\":\"https:\\\/\\\/www.upjs.sk\\\/app\\\/uploads\\\/sites\\\/14\\\/2023\\\/01\\\/UTVS.svg\",\"width\":500,\"height\":138,\"caption\":\"\u00dastav telesnej v\u00fdchovy a \u0161portu | UPJ\u0160\"},\"image\":{\"@id\":\"https:\\\/\\\/www.upjs.sk\\\/pracoviska\\\/ustav-telesnej-vychovy\\\/#\\\/schema\\\/logo\\\/image\\\/\"}}]}<\/script>\n<!-- \/ Yoast SEO plugin. -->","yoast_head_json":{"title":"TERM\u00cdNY A POPLATKY - \u00dastav telesnej v\u00fdchovy a \u0161portu | UPJ\u0160","robots":{"index":"index","follow":"follow","max-snippet":"max-snippet:-1","max-image-preview":"max-image-preview:large","max-video-preview":"max-video-preview:-1"},"canonical":"https:\/\/www.upjs.sk\/pracoviska\/ustav-telesnej-vychovy\/konferencia-2026\/terminy-a-poplatky\/","og_locale":"sk_SK","og_type":"article","og_title":"TERM\u00cdNY A POPLATKY - \u00dastav telesnej v\u00fdchovy a \u0161portu | UPJ\u0160","og_description":"Term\u00edny V&nbsp;konferen\u010dnom poplatku je zahrnut\u00e9 &nbsp; V konferen\u010dnom poplatku nie je zahrnut\u00e9 ubytovanie. Konferen\u010dn\u00fd poplatok uhra\u010fte na \u00fa\u010det (EUR): IBAN: SK 6481800000007000074351 SWIFT: SPSRSKBA Banka pr\u00edjemcu: \u0160t\u00e1tna pokladnica, Radlinsk\u00e9ho 32, 810 05 Bratislava, Slovakia N\u00e1zov \u00fa\u010dtu: UPJ\u0160 v Ko\u0161iciach, \u0160rob\u00e1rova 2, 041 80 Ko\u0161ice Variabiln\u00fd symbol: 190 110 Pozn\u00e1mka pre pr\u00edjemcu: Do pozn\u00e1mky uvies\u0165: Meno &hellip; \u010c\u00edta\u0165 \u010falej","og_url":"https:\/\/www.upjs.sk\/pracoviska\/ustav-telesnej-vychovy\/konferencia-2026\/terminy-a-poplatky\/","og_site_name":"\u00dastav telesnej v\u00fdchovy a \u0161portu | UPJ\u0160","article_modified_time":"2026-02-19T09:59:21+00:00","og_image":[{"width":1024,"height":201,"url":"https:\/\/www.upjs.sk\/app\/uploads\/sites\/14\/2026\/02\/UTVS-konferencia2026-MB-SK.jpg","type":"image\/jpeg"}],"twitter_card":"summary_large_image","twitter_misc":{"Predpokladan\u00fd \u010das \u010d\u00edtania":"1 min\u00fata"},"schema":{"@context":"https:\/\/schema.org","@graph":[{"@type":"WebPage","@id":"https:\/\/www.upjs.sk\/pracoviska\/ustav-telesnej-vychovy\/konferencia-2026\/terminy-a-poplatky\/","url":"https:\/\/www.upjs.sk\/pracoviska\/ustav-telesnej-vychovy\/konferencia-2026\/terminy-a-poplatky\/","name":"TERM\u00cdNY A POPLATKY - \u00dastav telesnej v\u00fdchovy a \u0161portu | UPJ\u0160","isPartOf":{"@id":"https:\/\/www.upjs.sk\/pracoviska\/ustav-telesnej-vychovy\/#website"},"primaryImageOfPage":{"@id":"https:\/\/www.upjs.sk\/pracoviska\/ustav-telesnej-vychovy\/konferencia-2026\/terminy-a-poplatky\/#primaryimage"},"image":{"@id":"https:\/\/www.upjs.sk\/pracoviska\/ustav-telesnej-vychovy\/konferencia-2026\/terminy-a-poplatky\/#primaryimage"},"thumbnailUrl":"https:\/\/www.upjs.sk\/app\/uploads\/sites\/14\/2026\/02\/UTVS-konferencia2026-MB-SK.jpg","datePublished":"2026-02-02T13:57:09+00:00","dateModified":"2026-02-19T09:59:21+00:00","breadcrumb":{"@id":"https:\/\/www.upjs.sk\/pracoviska\/ustav-telesnej-vychovy\/konferencia-2026\/terminy-a-poplatky\/#breadcrumb"},"inLanguage":"sk-SK","potentialAction":[{"@type":"ReadAction","target":["https:\/\/www.upjs.sk\/pracoviska\/ustav-telesnej-vychovy\/konferencia-2026\/terminy-a-poplatky\/"]}]},{"@type":"ImageObject","inLanguage":"sk-SK","@id":"https:\/\/www.upjs.sk\/pracoviska\/ustav-telesnej-vychovy\/konferencia-2026\/terminy-a-poplatky\/#primaryimage","url":"https:\/\/www.upjs.sk\/app\/uploads\/sites\/14\/2026\/02\/UTVS-konferencia2026-MB-SK.jpg","contentUrl":"https:\/\/www.upjs.sk\/app\/uploads\/sites\/14\/2026\/02\/UTVS-konferencia2026-MB-SK.jpg"},{"@type":"BreadcrumbList","@id":"https:\/\/www.upjs.sk\/pracoviska\/ustav-telesnej-vychovy\/konferencia-2026\/terminy-a-poplatky\/#breadcrumb","itemListElement":[{"@type":"ListItem","position":1,"name":"Home","item":"https:\/\/www.upjs.sk\/pracoviska\/ustav-telesnej-vychovy\/"},{"@type":"ListItem","position":2,"name":"Pohybov\u00e1 aktivita, zdravie a kvalita \u017eivota 2026","item":"https:\/\/www.upjs.sk\/pracoviska\/ustav-telesnej-vychovy\/konferencia-2026\/"},{"@type":"ListItem","position":3,"name":"TERM\u00cdNY A POPLATKY"}]},{"@type":"WebSite","@id":"https:\/\/www.upjs.sk\/pracoviska\/ustav-telesnej-vychovy\/#website","url":"https:\/\/www.upjs.sk\/pracoviska\/ustav-telesnej-vychovy\/","name":"\u00dastav telesnej v\u00fdchovy a \u0161portu | UPJ\u0160","description":"","publisher":{"@id":"https:\/\/www.upjs.sk\/pracoviska\/ustav-telesnej-vychovy\/#organization"},"potentialAction":[{"@type":"SearchAction","target":{"@type":"EntryPoint","urlTemplate":"https:\/\/www.upjs.sk\/pracoviska\/ustav-telesnej-vychovy\/?s={search_term_string}"},"query-input":{"@type":"PropertyValueSpecification","valueRequired":true,"valueName":"search_term_string"}}],"inLanguage":"sk-SK"},{"@type":"Organization","@id":"https:\/\/www.upjs.sk\/pracoviska\/ustav-telesnej-vychovy\/#organization","name":"\u00dastav telesnej v\u00fdchovy a \u0161portu | UPJ\u0160","url":"https:\/\/www.upjs.sk\/pracoviska\/ustav-telesnej-vychovy\/","logo":{"@type":"ImageObject","inLanguage":"sk-SK","@id":"https:\/\/www.upjs.sk\/pracoviska\/ustav-telesnej-vychovy\/#\/schema\/logo\/image\/","url":"https:\/\/www.upjs.sk\/app\/uploads\/sites\/14\/2023\/01\/UTVS.svg","contentUrl":"https:\/\/www.upjs.sk\/app\/uploads\/sites\/14\/2023\/01\/UTVS.svg","width":500,"height":138,"caption":"\u00dastav telesnej v\u00fdchovy a \u0161portu | UPJ\u0160"},"image":{"@id":"https:\/\/www.upjs.sk\/pracoviska\/ustav-telesnej-vychovy\/#\/schema\/logo\/image\/"}}]}},"_links":{"self":[{"href":"https:\/\/www.upjs.sk\/pracoviska\/ustav-telesnej-vychovy\/wp-json\/wp\/v2\/pages\/23352","targetHints":{"allow":["GET"]}}],"collection":[{"href":"https:\/\/www.upjs.sk\/pracoviska\/ustav-telesnej-vychovy\/wp-json\/wp\/v2\/pages"}],"about":[{"href":"https:\/\/www.upjs.sk\/pracoviska\/ustav-telesnej-vychovy\/wp-json\/wp\/v2\/types\/page"}],"author":[{"embeddable":true,"href":"https:\/\/www.upjs.sk\/pracoviska\/ustav-telesnej-vychovy\/wp-json\/wp\/v2\/users\/1"}],"replies":[{"embeddable":true,"href":"https:\/\/www.upjs.sk\/pracoviska\/ustav-telesnej-vychovy\/wp-json\/wp\/v2\/comments?post=23352"}],"version-history":[{"count":20,"href":"https:\/\/www.upjs.sk\/pracoviska\/ustav-telesnej-vychovy\/wp-json\/wp\/v2\/pages\/23352\/revisions"}],"predecessor-version":[{"id":23742,"href":"https:\/\/www.upjs.sk\/pracoviska\/ustav-telesnej-vychovy\/wp-json\/wp\/v2\/pages\/23352\/revisions\/23742"}],"up":[{"embeddable":true,"href":"https:\/\/www.upjs.sk\/pracoviska\/ustav-telesnej-vychovy\/wp-json\/wp\/v2\/pages\/23347"}],"wp:attachment":[{"href":"https:\/\/www.upjs.sk\/pracoviska\/ustav-telesnej-vychovy\/wp-json\/wp\/v2\/media?parent=23352"}],"wp:term":[{"taxonomy":"category","embeddable":true,"href":"https:\/\/www.upjs.sk\/pracoviska\/ustav-telesnej-vychovy\/wp-json\/wp\/v2\/categories?post=23352"},{"taxonomy":"post_tag","embeddable":true,"href":"https:\/\/www.upjs.sk\/pracoviska\/ustav-telesnej-vychovy\/wp-json\/wp\/v2\/tags?post=23352"}],"curies":[{"name":"wp","href":"https:\/\/api.w.org\/{rel}","templated":true}]}}