{"id":23386,"date":"2026-02-03T09:33:29","date_gmt":"2026-02-03T08:33:29","guid":{"rendered":"https:\/\/www.upjs.sk\/pracoviska\/ustav-telesnej-vychovy\/konferencia-2024\/registracia-2\/"},"modified":"2026-02-14T16:21:17","modified_gmt":"2026-02-14T15:21:17","slug":"registracia-a-abstrakty","status":"publish","type":"page","link":"https:\/\/www.upjs.sk\/pracoviska\/ustav-telesnej-vychovy\/konferencia-2026\/registracia-a-abstrakty\/","title":{"rendered":"Registr\u00e1cia a abstrakty"},"content":{"rendered":"<style>.kb-image23386_1fb2aa-4f.kb-image-is-ratio-size, .kb-image23386_1fb2aa-4f .kb-image-is-ratio-size{max-width:882px;width:100%;}.wp-block-kadence-column > .kt-inside-inner-col > .kb-image23386_1fb2aa-4f.kb-image-is-ratio-size, .wp-block-kadence-column > .kt-inside-inner-col > .kb-image23386_1fb2aa-4f .kb-image-is-ratio-size{align-self:unset;}.kb-image23386_1fb2aa-4f figure{max-width:882px;}.kb-image23386_1fb2aa-4f .image-is-svg, .kb-image23386_1fb2aa-4f .image-is-svg img{width:100%;}.kb-image23386_1fb2aa-4f .kb-image-has-overlay:after{opacity:0.3;border-top-left-radius:15px;border-top-right-radius:15px;border-bottom-right-radius:15px;border-bottom-left-radius:15px;}.kb-image23386_1fb2aa-4f img.kb-img, .kb-image23386_1fb2aa-4f .kb-img img{border-top-left-radius:15px;border-top-right-radius:15px;border-bottom-right-radius:15px;border-bottom-left-radius:15px;}<\/style>\n<div class=\"wp-block-kadence-image kb-image23386_1fb2aa-4f\"><figure class=\"aligncenter\"><img loading=\"lazy\" decoding=\"async\" width=\"1024\" height=\"201\" src=\"https:\/\/www.upjs.sk\/app\/uploads\/sites\/14\/2026\/02\/UTVS-konferencia2026-MB-SK.jpg\" class=\"kb-img wp-image-23609\" srcset=\"https:\/\/www.upjs.sk\/app\/uploads\/sites\/14\/2026\/02\/UTVS-konferencia2026-MB-SK.jpg 1024w, https:\/\/www.upjs.sk\/app\/uploads\/sites\/14\/2026\/02\/UTVS-konferencia2026-MB-SK-300x59.jpg 300w, https:\/\/www.upjs.sk\/app\/uploads\/sites\/14\/2026\/02\/UTVS-konferencia2026-MB-SK-768x151.jpg 768w\" sizes=\"auto, (max-width: 1024px) 100vw, 1024px\" \/><\/figure><\/div>\n\n\n\n<p><strong><mark style=\"background-color:rgba(0, 0, 0, 0)\" class=\"has-inline-color has-zakladna-modra-color\"><a aria-label=\"Informa\u010dn\u00e1 povinnos\u0165 pri z\u00edskan\u00ed osobn\u00fdch \u00fadajov (opens in a new tab)\" href=\"https:\/\/www.upjs.sk\/app\/uploads\/sites\/14\/2024\/02\/Informacna-povinnost-UTVS.pdf\" target=\"_blank\" rel=\"noreferrer noopener\" class=\"ek-link\">Informa\u010dn\u00e1 povinnos\u0165 pri z\u00edskan\u00ed osobn\u00fdch \u00fadajov<\/a><\/mark><\/strong><\/p>\n\n\n\n<p><strong>Registr\u00e1cia:&nbsp;<mark style=\"background-color:rgba(0, 0, 0, 0)\" class=\"has-inline-color has-zakladna-modra-color\"><a href=\"https:\/\/docs.google.com\/forms\/d\/e\/1FAIpQLSc1OdT_JQwCCaHEvtialhkehJCAlie8jUFgSIsO8pBx7Ls46Q\/viewform\">Elektronick\u00e1 prihl\u00e1\u0161ka<\/a><\/mark><\/strong><\/p>\n\n\n\n<p><a aria-label=\"\u0160abl\u00f3na abstraktu (opens in a new tab)\" href=\"https:\/\/www.upjs.sk\/app\/uploads\/sites\/14\/2024\/02\/Abstract_example.docx\" target=\"_blank\" rel=\"noreferrer noopener\" class=\"ek-link\"><strong><mark style=\"background-color:rgba(0, 0, 0, 0)\" class=\"has-inline-color has-zakladna-modra-color\">\u0160abl\u00f3na<\/mark><\/strong> <strong><mark style=\"background-color:rgba(0, 0, 0, 0)\" class=\"has-inline-color has-zakladna-modra-color\">abstraktu<\/mark><\/strong><\/a><\/p>\n\n\n\n<p><strong><mark style=\"background-color:rgba(0, 0, 0, 0)\" class=\"has-inline-color has-zakladna-modra-color\"><a href=\"https:\/\/docs.google.com\/forms\/d\/e\/1FAIpQLSd-mehX_MYlOKWJa2iOaJHXjtCJQLNvoGy9j1J4Q9T6N8iDNg\/viewform?usp=header\">Zaslanie abstraktu<\/a><\/mark><\/strong><br><br><mark style=\"background-color:rgba(0, 0, 0, 0)\" class=\"has-inline-color has-utvas-color\"><strong>Abstrakty<\/strong> <\/mark>je potrebn\u00e9 zasla\u0165 do <strong>30.8.2026<\/strong><\/p>\n\n\n\n<p><strong><mark style=\"background-color:rgba(0, 0, 0, 0)\" class=\"has-inline-color has-utvas-color\">V\u0161eobecn\u00e1 \u0161trukt\u00fara abstraktu<\/mark> <\/strong>&#8211; editor MS Word (.doc alebo .docx), p\u00edsmo &#8211; Times New Roman, 12 &#8211; bodov\u00e9, v\u0161etky okraje &#8211; 2 cm, medzi riadkami &#8211; 1, zarovnanie textu &#8211; zarovnan\u00e9, delenie slov vypnut\u00e9, \u0161tandardn\u00e9 \u010dlenenie na odseky (ka\u017ed\u00fd nov\u00fd odsek by mal by\u0165 odsaden\u00fd), za koncom vety p\u00ed\u0161te len jednu medzeru. Pozost\u00e1va z mien autorov, afili\u00e1ci\u00ed, n\u00e1zvu (tu\u010dn\u00fdm p\u00edsmom), abstraktu a 3 &#8211; 5 k\u013e\u00fa\u010dov\u00fdch slov. Maxim\u00e1lne 350 slov.<\/p>\n\n\n\n<p><mark style=\"background-color:rgba(0, 0, 0, 0)\" class=\"has-inline-color has-utvas-color\"><strong>Kontaktn\u00e9 osoby:<\/strong>&nbsp; <\/mark><br>Mgr. J\u00falius Evelley, PhD.:&nbsp; <a href=\"mailto:julius.evelley@upjs.sk\">julius.evelley@upjs.sk<\/a>  <br>Mgr. Ag\u00e1ta Horbacz, PhD.: <a href=\"mailto:agata.horbacz@upjs.sk\">agata.horbacz@upjs.sk<\/a>&nbsp; (po\u013esk\u00fd jazyk)<\/p>\n\n\n\n<p><\/p>\n","protected":false},"excerpt":{"rendered":"<p>Informa\u010dn\u00e1 povinnos\u0165 pri z\u00edskan\u00ed osobn\u00fdch \u00fadajov Registr\u00e1cia:&nbsp;Elektronick\u00e1 prihl\u00e1\u0161ka \u0160abl\u00f3na abstraktu Zaslanie abstraktu Abstrakty je potrebn\u00e9 zasla\u0165 do 30.8.2026 V\u0161eobecn\u00e1 \u0161trukt\u00fara abstraktu &#8211; editor MS Word (.doc alebo .docx), p\u00edsmo &#8211; Times New Roman, 12 &#8211; bodov\u00e9, v\u0161etky okraje &#8211; 2 cm, medzi riadkami &#8211; 1, zarovnanie textu &#8211; zarovnan\u00e9, delenie slov vypnut\u00e9, \u0161tandardn\u00e9 \u010dlenenie na &hellip; <a href=\"https:\/\/www.upjs.sk\/pracoviska\/ustav-telesnej-vychovy\/konferencia-2026\/registracia-a-abstrakty\/\">\u010c\u00edta\u0165 \u010falej<\/a><\/p>\n","protected":false},"author":1,"featured_media":0,"parent":23347,"menu_order":2,"comment_status":"closed","ping_status":"closed","template":"","meta":{"_acf_changed":false,"_editorskit_title_hidden":false,"_editorskit_reading_time":0,"_editorskit_is_block_options_detached":false,"_editorskit_block_options_position":"{}","footnotes":""},"categories":[],"tags":[],"class_list":["post-23386","page","type-page","status-publish","hentry"],"acf":{"acf_link_na_externy_obsah":""},"yoast_head":"<!-- This site is optimized with the Yoast SEO plugin v27.2 - https:\/\/yoast.com\/product\/yoast-seo-wordpress\/ -->\n<title>Registr\u00e1cia a abstrakty - \u00dastav telesnej v\u00fdchovy a \u0161portu | UPJ\u0160<\/title>\n<meta name=\"robots\" content=\"index, follow, max-snippet:-1, max-image-preview:large, max-video-preview:-1\" \/>\n<link rel=\"canonical\" href=\"https:\/\/www.upjs.sk\/pracoviska\/ustav-telesnej-vychovy\/konferencia-2026\/registracia-a-abstrakty\/\" \/>\n<meta property=\"og:locale\" content=\"sk_SK\" \/>\n<meta property=\"og:type\" content=\"article\" \/>\n<meta property=\"og:title\" content=\"Registr\u00e1cia a abstrakty - \u00dastav telesnej v\u00fdchovy a \u0161portu | UPJ\u0160\" \/>\n<meta property=\"og:description\" content=\"Informa\u010dn\u00e1 povinnos\u0165 pri z\u00edskan\u00ed osobn\u00fdch \u00fadajov Registr\u00e1cia:&nbsp;Elektronick\u00e1 prihl\u00e1\u0161ka \u0160abl\u00f3na abstraktu Zaslanie abstraktu Abstrakty je potrebn\u00e9 zasla\u0165 do 30.8.2026 V\u0161eobecn\u00e1 \u0161trukt\u00fara abstraktu &#8211; editor MS Word (.doc alebo .docx), p\u00edsmo &#8211; Times New Roman, 12 &#8211; bodov\u00e9, v\u0161etky okraje &#8211; 2 cm, medzi riadkami &#8211; 1, zarovnanie textu &#8211; zarovnan\u00e9, delenie slov vypnut\u00e9, \u0161tandardn\u00e9 \u010dlenenie na &hellip; \u010c\u00edta\u0165 \u010falej\" \/>\n<meta property=\"og:url\" content=\"https:\/\/www.upjs.sk\/pracoviska\/ustav-telesnej-vychovy\/konferencia-2026\/registracia-a-abstrakty\/\" \/>\n<meta property=\"og:site_name\" content=\"\u00dastav telesnej v\u00fdchovy a \u0161portu | UPJ\u0160\" \/>\n<meta property=\"article:modified_time\" content=\"2026-02-14T15:21:17+00:00\" \/>\n<meta property=\"og:image\" content=\"https:\/\/www.upjs.sk\/app\/uploads\/sites\/14\/2026\/02\/UTVS-konferencia2026-MB-SK.jpg\" \/>\n\t<meta property=\"og:image:width\" content=\"1024\" \/>\n\t<meta property=\"og:image:height\" content=\"201\" \/>\n\t<meta property=\"og:image:type\" content=\"image\/jpeg\" \/>\n<meta name=\"twitter:card\" content=\"summary_large_image\" \/>\n<meta name=\"twitter:label1\" content=\"Predpokladan\u00fd \u010das \u010d\u00edtania\" \/>\n\t<meta name=\"twitter:data1\" content=\"1 min\u00fata\" \/>\n<script type=\"application\/ld+json\" class=\"yoast-schema-graph\">{\"@context\":\"https:\/\/schema.org\",\"@graph\":[{\"@type\":\"WebPage\",\"@id\":\"https:\/\/www.upjs.sk\/pracoviska\/ustav-telesnej-vychovy\/konferencia-2026\/registracia-a-abstrakty\/\",\"url\":\"https:\/\/www.upjs.sk\/pracoviska\/ustav-telesnej-vychovy\/konferencia-2026\/registracia-a-abstrakty\/\",\"name\":\"Registr\u00e1cia a abstrakty - \u00dastav telesnej v\u00fdchovy a \u0161portu | UPJ\u0160\",\"isPartOf\":{\"@id\":\"https:\/\/www.upjs.sk\/pracoviska\/ustav-telesnej-vychovy\/#website\"},\"primaryImageOfPage\":{\"@id\":\"https:\/\/www.upjs.sk\/pracoviska\/ustav-telesnej-vychovy\/konferencia-2026\/registracia-a-abstrakty\/#primaryimage\"},\"image\":{\"@id\":\"https:\/\/www.upjs.sk\/pracoviska\/ustav-telesnej-vychovy\/konferencia-2026\/registracia-a-abstrakty\/#primaryimage\"},\"thumbnailUrl\":\"https:\/\/www.upjs.sk\/app\/uploads\/sites\/14\/2026\/02\/UTVS-konferencia2026-MB-SK.jpg\",\"datePublished\":\"2026-02-03T08:33:29+00:00\",\"dateModified\":\"2026-02-14T15:21:17+00:00\",\"breadcrumb\":{\"@id\":\"https:\/\/www.upjs.sk\/pracoviska\/ustav-telesnej-vychovy\/konferencia-2026\/registracia-a-abstrakty\/#breadcrumb\"},\"inLanguage\":\"sk-SK\",\"potentialAction\":[{\"@type\":\"ReadAction\",\"target\":[\"https:\/\/www.upjs.sk\/pracoviska\/ustav-telesnej-vychovy\/konferencia-2026\/registracia-a-abstrakty\/\"]}]},{\"@type\":\"ImageObject\",\"inLanguage\":\"sk-SK\",\"@id\":\"https:\/\/www.upjs.sk\/pracoviska\/ustav-telesnej-vychovy\/konferencia-2026\/registracia-a-abstrakty\/#primaryimage\",\"url\":\"https:\/\/www.upjs.sk\/app\/uploads\/sites\/14\/2026\/02\/UTVS-konferencia2026-MB-SK.jpg\",\"contentUrl\":\"https:\/\/www.upjs.sk\/app\/uploads\/sites\/14\/2026\/02\/UTVS-konferencia2026-MB-SK.jpg\"},{\"@type\":\"BreadcrumbList\",\"@id\":\"https:\/\/www.upjs.sk\/pracoviska\/ustav-telesnej-vychovy\/konferencia-2026\/registracia-a-abstrakty\/#breadcrumb\",\"itemListElement\":[{\"@type\":\"ListItem\",\"position\":1,\"name\":\"Home\",\"item\":\"https:\/\/www.upjs.sk\/pracoviska\/ustav-telesnej-vychovy\/\"},{\"@type\":\"ListItem\",\"position\":2,\"name\":\"Pohybov\u00e1 aktivita, zdravie a kvalita \u017eivota 2026\",\"item\":\"https:\/\/www.upjs.sk\/pracoviska\/ustav-telesnej-vychovy\/konferencia-2026\/\"},{\"@type\":\"ListItem\",\"position\":3,\"name\":\"Registr\u00e1cia a abstrakty\"}]},{\"@type\":\"WebSite\",\"@id\":\"https:\/\/www.upjs.sk\/pracoviska\/ustav-telesnej-vychovy\/#website\",\"url\":\"https:\/\/www.upjs.sk\/pracoviska\/ustav-telesnej-vychovy\/\",\"name\":\"\u00dastav telesnej v\u00fdchovy a \u0161portu | UPJ\u0160\",\"description\":\"\",\"publisher\":{\"@id\":\"https:\/\/www.upjs.sk\/pracoviska\/ustav-telesnej-vychovy\/#organization\"},\"potentialAction\":[{\"@type\":\"SearchAction\",\"target\":{\"@type\":\"EntryPoint\",\"urlTemplate\":\"https:\/\/www.upjs.sk\/pracoviska\/ustav-telesnej-vychovy\/?s={search_term_string}\"},\"query-input\":{\"@type\":\"PropertyValueSpecification\",\"valueRequired\":true,\"valueName\":\"search_term_string\"}}],\"inLanguage\":\"sk-SK\"},{\"@type\":\"Organization\",\"@id\":\"https:\/\/www.upjs.sk\/pracoviska\/ustav-telesnej-vychovy\/#organization\",\"name\":\"\u00dastav telesnej v\u00fdchovy a \u0161portu | UPJ\u0160\",\"url\":\"https:\/\/www.upjs.sk\/pracoviska\/ustav-telesnej-vychovy\/\",\"logo\":{\"@type\":\"ImageObject\",\"inLanguage\":\"sk-SK\",\"@id\":\"https:\/\/www.upjs.sk\/pracoviska\/ustav-telesnej-vychovy\/#\/schema\/logo\/image\/\",\"url\":\"https:\/\/www.upjs.sk\/app\/uploads\/sites\/14\/2023\/01\/UTVS.svg\",\"contentUrl\":\"https:\/\/www.upjs.sk\/app\/uploads\/sites\/14\/2023\/01\/UTVS.svg\",\"width\":500,\"height\":138,\"caption\":\"\u00dastav telesnej v\u00fdchovy a \u0161portu | UPJ\u0160\"},\"image\":{\"@id\":\"https:\/\/www.upjs.sk\/pracoviska\/ustav-telesnej-vychovy\/#\/schema\/logo\/image\/\"}}]}<\/script>\n<!-- \/ Yoast SEO plugin. -->","yoast_head_json":{"title":"Registr\u00e1cia a abstrakty - \u00dastav telesnej v\u00fdchovy a \u0161portu | UPJ\u0160","robots":{"index":"index","follow":"follow","max-snippet":"max-snippet:-1","max-image-preview":"max-image-preview:large","max-video-preview":"max-video-preview:-1"},"canonical":"https:\/\/www.upjs.sk\/pracoviska\/ustav-telesnej-vychovy\/konferencia-2026\/registracia-a-abstrakty\/","og_locale":"sk_SK","og_type":"article","og_title":"Registr\u00e1cia a abstrakty - \u00dastav telesnej v\u00fdchovy a \u0161portu | UPJ\u0160","og_description":"Informa\u010dn\u00e1 povinnos\u0165 pri z\u00edskan\u00ed osobn\u00fdch \u00fadajov Registr\u00e1cia:&nbsp;Elektronick\u00e1 prihl\u00e1\u0161ka \u0160abl\u00f3na abstraktu Zaslanie abstraktu Abstrakty je potrebn\u00e9 zasla\u0165 do 30.8.2026 V\u0161eobecn\u00e1 \u0161trukt\u00fara abstraktu &#8211; editor MS Word (.doc alebo .docx), p\u00edsmo &#8211; Times New Roman, 12 &#8211; bodov\u00e9, v\u0161etky okraje &#8211; 2 cm, medzi riadkami &#8211; 1, zarovnanie textu &#8211; zarovnan\u00e9, delenie slov vypnut\u00e9, \u0161tandardn\u00e9 \u010dlenenie na &hellip; \u010c\u00edta\u0165 \u010falej","og_url":"https:\/\/www.upjs.sk\/pracoviska\/ustav-telesnej-vychovy\/konferencia-2026\/registracia-a-abstrakty\/","og_site_name":"\u00dastav telesnej v\u00fdchovy a \u0161portu | UPJ\u0160","article_modified_time":"2026-02-14T15:21:17+00:00","og_image":[{"width":1024,"height":201,"url":"https:\/\/www.upjs.sk\/app\/uploads\/sites\/14\/2026\/02\/UTVS-konferencia2026-MB-SK.jpg","type":"image\/jpeg"}],"twitter_card":"summary_large_image","twitter_misc":{"Predpokladan\u00fd \u010das \u010d\u00edtania":"1 min\u00fata"},"schema":{"@context":"https:\/\/schema.org","@graph":[{"@type":"WebPage","@id":"https:\/\/www.upjs.sk\/pracoviska\/ustav-telesnej-vychovy\/konferencia-2026\/registracia-a-abstrakty\/","url":"https:\/\/www.upjs.sk\/pracoviska\/ustav-telesnej-vychovy\/konferencia-2026\/registracia-a-abstrakty\/","name":"Registr\u00e1cia a abstrakty - \u00dastav telesnej v\u00fdchovy a \u0161portu | UPJ\u0160","isPartOf":{"@id":"https:\/\/www.upjs.sk\/pracoviska\/ustav-telesnej-vychovy\/#website"},"primaryImageOfPage":{"@id":"https:\/\/www.upjs.sk\/pracoviska\/ustav-telesnej-vychovy\/konferencia-2026\/registracia-a-abstrakty\/#primaryimage"},"image":{"@id":"https:\/\/www.upjs.sk\/pracoviska\/ustav-telesnej-vychovy\/konferencia-2026\/registracia-a-abstrakty\/#primaryimage"},"thumbnailUrl":"https:\/\/www.upjs.sk\/app\/uploads\/sites\/14\/2026\/02\/UTVS-konferencia2026-MB-SK.jpg","datePublished":"2026-02-03T08:33:29+00:00","dateModified":"2026-02-14T15:21:17+00:00","breadcrumb":{"@id":"https:\/\/www.upjs.sk\/pracoviska\/ustav-telesnej-vychovy\/konferencia-2026\/registracia-a-abstrakty\/#breadcrumb"},"inLanguage":"sk-SK","potentialAction":[{"@type":"ReadAction","target":["https:\/\/www.upjs.sk\/pracoviska\/ustav-telesnej-vychovy\/konferencia-2026\/registracia-a-abstrakty\/"]}]},{"@type":"ImageObject","inLanguage":"sk-SK","@id":"https:\/\/www.upjs.sk\/pracoviska\/ustav-telesnej-vychovy\/konferencia-2026\/registracia-a-abstrakty\/#primaryimage","url":"https:\/\/www.upjs.sk\/app\/uploads\/sites\/14\/2026\/02\/UTVS-konferencia2026-MB-SK.jpg","contentUrl":"https:\/\/www.upjs.sk\/app\/uploads\/sites\/14\/2026\/02\/UTVS-konferencia2026-MB-SK.jpg"},{"@type":"BreadcrumbList","@id":"https:\/\/www.upjs.sk\/pracoviska\/ustav-telesnej-vychovy\/konferencia-2026\/registracia-a-abstrakty\/#breadcrumb","itemListElement":[{"@type":"ListItem","position":1,"name":"Home","item":"https:\/\/www.upjs.sk\/pracoviska\/ustav-telesnej-vychovy\/"},{"@type":"ListItem","position":2,"name":"Pohybov\u00e1 aktivita, zdravie a kvalita \u017eivota 2026","item":"https:\/\/www.upjs.sk\/pracoviska\/ustav-telesnej-vychovy\/konferencia-2026\/"},{"@type":"ListItem","position":3,"name":"Registr\u00e1cia a abstrakty"}]},{"@type":"WebSite","@id":"https:\/\/www.upjs.sk\/pracoviska\/ustav-telesnej-vychovy\/#website","url":"https:\/\/www.upjs.sk\/pracoviska\/ustav-telesnej-vychovy\/","name":"\u00dastav telesnej v\u00fdchovy a \u0161portu | UPJ\u0160","description":"","publisher":{"@id":"https:\/\/www.upjs.sk\/pracoviska\/ustav-telesnej-vychovy\/#organization"},"potentialAction":[{"@type":"SearchAction","target":{"@type":"EntryPoint","urlTemplate":"https:\/\/www.upjs.sk\/pracoviska\/ustav-telesnej-vychovy\/?s={search_term_string}"},"query-input":{"@type":"PropertyValueSpecification","valueRequired":true,"valueName":"search_term_string"}}],"inLanguage":"sk-SK"},{"@type":"Organization","@id":"https:\/\/www.upjs.sk\/pracoviska\/ustav-telesnej-vychovy\/#organization","name":"\u00dastav telesnej v\u00fdchovy a \u0161portu | UPJ\u0160","url":"https:\/\/www.upjs.sk\/pracoviska\/ustav-telesnej-vychovy\/","logo":{"@type":"ImageObject","inLanguage":"sk-SK","@id":"https:\/\/www.upjs.sk\/pracoviska\/ustav-telesnej-vychovy\/#\/schema\/logo\/image\/","url":"https:\/\/www.upjs.sk\/app\/uploads\/sites\/14\/2023\/01\/UTVS.svg","contentUrl":"https:\/\/www.upjs.sk\/app\/uploads\/sites\/14\/2023\/01\/UTVS.svg","width":500,"height":138,"caption":"\u00dastav telesnej v\u00fdchovy a \u0161portu | UPJ\u0160"},"image":{"@id":"https:\/\/www.upjs.sk\/pracoviska\/ustav-telesnej-vychovy\/#\/schema\/logo\/image\/"}}]}},"_links":{"self":[{"href":"https:\/\/www.upjs.sk\/pracoviska\/ustav-telesnej-vychovy\/wp-json\/wp\/v2\/pages\/23386","targetHints":{"allow":["GET"]}}],"collection":[{"href":"https:\/\/www.upjs.sk\/pracoviska\/ustav-telesnej-vychovy\/wp-json\/wp\/v2\/pages"}],"about":[{"href":"https:\/\/www.upjs.sk\/pracoviska\/ustav-telesnej-vychovy\/wp-json\/wp\/v2\/types\/page"}],"author":[{"embeddable":true,"href":"https:\/\/www.upjs.sk\/pracoviska\/ustav-telesnej-vychovy\/wp-json\/wp\/v2\/users\/1"}],"replies":[{"embeddable":true,"href":"https:\/\/www.upjs.sk\/pracoviska\/ustav-telesnej-vychovy\/wp-json\/wp\/v2\/comments?post=23386"}],"version-history":[{"count":9,"href":"https:\/\/www.upjs.sk\/pracoviska\/ustav-telesnej-vychovy\/wp-json\/wp\/v2\/pages\/23386\/revisions"}],"predecessor-version":[{"id":23621,"href":"https:\/\/www.upjs.sk\/pracoviska\/ustav-telesnej-vychovy\/wp-json\/wp\/v2\/pages\/23386\/revisions\/23621"}],"up":[{"embeddable":true,"href":"https:\/\/www.upjs.sk\/pracoviska\/ustav-telesnej-vychovy\/wp-json\/wp\/v2\/pages\/23347"}],"wp:attachment":[{"href":"https:\/\/www.upjs.sk\/pracoviska\/ustav-telesnej-vychovy\/wp-json\/wp\/v2\/media?parent=23386"}],"wp:term":[{"taxonomy":"category","embeddable":true,"href":"https:\/\/www.upjs.sk\/pracoviska\/ustav-telesnej-vychovy\/wp-json\/wp\/v2\/categories?post=23386"},{"taxonomy":"post_tag","embeddable":true,"href":"https:\/\/www.upjs.sk\/pracoviska\/ustav-telesnej-vychovy\/wp-json\/wp\/v2\/tags?post=23386"}],"curies":[{"name":"wp","href":"https:\/\/api.w.org\/{rel}","templated":true}]}}