{"id":23410,"date":"2026-02-03T10:16:10","date_gmt":"2026-02-03T09:16:10","guid":{"rendered":"https:\/\/www.upjs.sk\/pracoviska\/ustav-telesnej-vychovy\/konferencia-2024\/pokyny-2\/"},"modified":"2026-02-14T16:24:21","modified_gmt":"2026-02-14T15:24:21","slug":"pokyny-2026","status":"publish","type":"page","link":"https:\/\/www.upjs.sk\/pracoviska\/ustav-telesnej-vychovy\/konferencia-2026\/pokyny-2026\/","title":{"rendered":"Pokyny k prezent\u00e1cii"},"content":{"rendered":"<style>.kb-image23410_c740ee-84.kb-image-is-ratio-size, .kb-image23410_c740ee-84 .kb-image-is-ratio-size{max-width:910px;width:100%;}.wp-block-kadence-column > .kt-inside-inner-col > .kb-image23410_c740ee-84.kb-image-is-ratio-size, .wp-block-kadence-column > .kt-inside-inner-col > .kb-image23410_c740ee-84 .kb-image-is-ratio-size{align-self:unset;}.kb-image23410_c740ee-84 figure{max-width:910px;}.kb-image23410_c740ee-84 .image-is-svg, .kb-image23410_c740ee-84 .image-is-svg img{width:100%;}.kb-image23410_c740ee-84 .kb-image-has-overlay:after{opacity:0.3;border-top-left-radius:15px;border-top-right-radius:15px;border-bottom-right-radius:15px;border-bottom-left-radius:15px;}.kb-image23410_c740ee-84 img.kb-img, .kb-image23410_c740ee-84 .kb-img img{border-top-left-radius:15px;border-top-right-radius:15px;border-bottom-right-radius:15px;border-bottom-left-radius:15px;}<\/style>\n<div class=\"wp-block-kadence-image kb-image23410_c740ee-84\"><figure class=\"aligncenter\"><img loading=\"lazy\" decoding=\"async\" width=\"1024\" height=\"201\" src=\"https:\/\/www.upjs.sk\/app\/uploads\/sites\/14\/2026\/02\/UTVS-konferencia2026-MB-SK.jpg\" class=\"kb-img wp-image-23609\" srcset=\"https:\/\/www.upjs.sk\/app\/uploads\/sites\/14\/2026\/02\/UTVS-konferencia2026-MB-SK.jpg 1024w, https:\/\/www.upjs.sk\/app\/uploads\/sites\/14\/2026\/02\/UTVS-konferencia2026-MB-SK-300x59.jpg 300w, https:\/\/www.upjs.sk\/app\/uploads\/sites\/14\/2026\/02\/UTVS-konferencia2026-MB-SK-768x151.jpg 768w\" sizes=\"auto, (max-width: 1024px) 100vw, 1024px\" \/><\/figure><\/div>\n\n\n\n<p><strong><mark style=\"background-color:rgba(0, 0, 0, 0)\" class=\"has-inline-color has-utvas-color\">\u00dastna prezent\u00e1cia<\/mark><\/strong><\/p>\n\n\n\n<ul class=\"wp-block-list\">\n<li>Prezent\u00e1cia vo form\u00e1te PowerPoint (.ppt alebo .pptx) alebo .pdf<\/li>\n\n\n\n<li>Jazyk \u00fastnej prezent\u00e1cie: angli\u010dtina (uprednost\u0148ovan\u00fd) a in\u00e9<\/li>\n\n\n\n<li>Prezent\u00e1cie musia by\u0165 v anglickom jazyku<\/li>\n\n\n\n<li>10 min\u00fat prezent\u00e1cia + 5 min\u00fat diskusia<\/li>\n<\/ul>\n\n\n\n<p><br><em>Prezentuj\u00faci autor by mal svoju prezent\u00e1ciu odovzda\u0165 po\u010das registr\u00e1cie technick\u00e9mu person\u00e1lu <strong>na USB<\/strong>.<\/em><\/p>\n\n\n\n<p><strong><mark style=\"background-color:rgba(0, 0, 0, 0)\" class=\"has-inline-color has-utvas-color\">Poster<\/mark><\/strong><\/p>\n\n\n\n<ul class=\"wp-block-list\">\n<li>Maxim\u00e1lna ve\u013ekos\u0165 posteru A1<\/li>\n\n\n\n<li>Jazyk posteru: Angli\u010dtina (uprednost\u0148ovan\u00e1) a in\u00e9<\/li>\n<\/ul>\n\n\n\n<p><\/p>\n","protected":false},"excerpt":{"rendered":"<p>\u00dastna prezent\u00e1cia Prezentuj\u00faci autor by mal svoju prezent\u00e1ciu odovzda\u0165 po\u010das registr\u00e1cie technick\u00e9mu person\u00e1lu na USB. Poster<\/p>\n","protected":false},"author":1,"featured_media":0,"parent":23347,"menu_order":5,"comment_status":"closed","ping_status":"closed","template":"","meta":{"_acf_changed":false,"_editorskit_title_hidden":false,"_editorskit_reading_time":0,"_editorskit_is_block_options_detached":false,"_editorskit_block_options_position":"{}","footnotes":""},"categories":[],"tags":[],"class_list":["post-23410","page","type-page","status-publish","hentry"],"acf":{"acf_link_na_externy_obsah":""},"yoast_head":"<!-- This site is optimized with the Yoast SEO plugin v27.2 - https:\/\/yoast.com\/product\/yoast-seo-wordpress\/ -->\n<title>Pokyny k prezent\u00e1cii - \u00dastav telesnej v\u00fdchovy a \u0161portu | UPJ\u0160<\/title>\n<meta name=\"robots\" content=\"index, follow, max-snippet:-1, max-image-preview:large, max-video-preview:-1\" \/>\n<link rel=\"canonical\" href=\"https:\/\/www.upjs.sk\/pracoviska\/ustav-telesnej-vychovy\/konferencia-2026\/pokyny-2026\/\" \/>\n<meta property=\"og:locale\" content=\"sk_SK\" \/>\n<meta property=\"og:type\" content=\"article\" \/>\n<meta property=\"og:title\" content=\"Pokyny k prezent\u00e1cii - \u00dastav telesnej v\u00fdchovy a \u0161portu | UPJ\u0160\" \/>\n<meta property=\"og:description\" content=\"\u00dastna prezent\u00e1cia Prezentuj\u00faci autor by mal svoju prezent\u00e1ciu odovzda\u0165 po\u010das registr\u00e1cie technick\u00e9mu person\u00e1lu na USB. Poster\" \/>\n<meta property=\"og:url\" content=\"https:\/\/www.upjs.sk\/pracoviska\/ustav-telesnej-vychovy\/konferencia-2026\/pokyny-2026\/\" \/>\n<meta property=\"og:site_name\" content=\"\u00dastav telesnej v\u00fdchovy a \u0161portu | UPJ\u0160\" \/>\n<meta property=\"article:modified_time\" content=\"2026-02-14T15:24:21+00:00\" \/>\n<meta property=\"og:image\" content=\"https:\/\/www.upjs.sk\/app\/uploads\/sites\/14\/2026\/02\/UTVS-konferencia2026-MB-SK.jpg\" \/>\n\t<meta property=\"og:image:width\" content=\"1024\" \/>\n\t<meta property=\"og:image:height\" content=\"201\" \/>\n\t<meta property=\"og:image:type\" content=\"image\/jpeg\" \/>\n<meta name=\"twitter:card\" content=\"summary_large_image\" \/>\n<meta name=\"twitter:label1\" content=\"Predpokladan\u00fd \u010das \u010d\u00edtania\" \/>\n\t<meta name=\"twitter:data1\" content=\"1 min\u00fata\" \/>\n<script type=\"application\/ld+json\" class=\"yoast-schema-graph\">{\"@context\":\"https:\/\/schema.org\",\"@graph\":[{\"@type\":\"WebPage\",\"@id\":\"https:\/\/www.upjs.sk\/pracoviska\/ustav-telesnej-vychovy\/konferencia-2026\/pokyny-2026\/\",\"url\":\"https:\/\/www.upjs.sk\/pracoviska\/ustav-telesnej-vychovy\/konferencia-2026\/pokyny-2026\/\",\"name\":\"Pokyny k prezent\u00e1cii - \u00dastav telesnej v\u00fdchovy a \u0161portu | UPJ\u0160\",\"isPartOf\":{\"@id\":\"https:\/\/www.upjs.sk\/pracoviska\/ustav-telesnej-vychovy\/#website\"},\"primaryImageOfPage\":{\"@id\":\"https:\/\/www.upjs.sk\/pracoviska\/ustav-telesnej-vychovy\/konferencia-2026\/pokyny-2026\/#primaryimage\"},\"image\":{\"@id\":\"https:\/\/www.upjs.sk\/pracoviska\/ustav-telesnej-vychovy\/konferencia-2026\/pokyny-2026\/#primaryimage\"},\"thumbnailUrl\":\"https:\/\/www.upjs.sk\/app\/uploads\/sites\/14\/2026\/02\/UTVS-konferencia2026-MB-SK.jpg\",\"datePublished\":\"2026-02-03T09:16:10+00:00\",\"dateModified\":\"2026-02-14T15:24:21+00:00\",\"breadcrumb\":{\"@id\":\"https:\/\/www.upjs.sk\/pracoviska\/ustav-telesnej-vychovy\/konferencia-2026\/pokyny-2026\/#breadcrumb\"},\"inLanguage\":\"sk-SK\",\"potentialAction\":[{\"@type\":\"ReadAction\",\"target\":[\"https:\/\/www.upjs.sk\/pracoviska\/ustav-telesnej-vychovy\/konferencia-2026\/pokyny-2026\/\"]}]},{\"@type\":\"ImageObject\",\"inLanguage\":\"sk-SK\",\"@id\":\"https:\/\/www.upjs.sk\/pracoviska\/ustav-telesnej-vychovy\/konferencia-2026\/pokyny-2026\/#primaryimage\",\"url\":\"https:\/\/www.upjs.sk\/app\/uploads\/sites\/14\/2026\/02\/UTVS-konferencia2026-MB-SK.jpg\",\"contentUrl\":\"https:\/\/www.upjs.sk\/app\/uploads\/sites\/14\/2026\/02\/UTVS-konferencia2026-MB-SK.jpg\"},{\"@type\":\"BreadcrumbList\",\"@id\":\"https:\/\/www.upjs.sk\/pracoviska\/ustav-telesnej-vychovy\/konferencia-2026\/pokyny-2026\/#breadcrumb\",\"itemListElement\":[{\"@type\":\"ListItem\",\"position\":1,\"name\":\"Home\",\"item\":\"https:\/\/www.upjs.sk\/pracoviska\/ustav-telesnej-vychovy\/\"},{\"@type\":\"ListItem\",\"position\":2,\"name\":\"Pohybov\u00e1 aktivita, zdravie a kvalita \u017eivota 2026\",\"item\":\"https:\/\/www.upjs.sk\/pracoviska\/ustav-telesnej-vychovy\/konferencia-2026\/\"},{\"@type\":\"ListItem\",\"position\":3,\"name\":\"Pokyny k prezent\u00e1cii\"}]},{\"@type\":\"WebSite\",\"@id\":\"https:\/\/www.upjs.sk\/pracoviska\/ustav-telesnej-vychovy\/#website\",\"url\":\"https:\/\/www.upjs.sk\/pracoviska\/ustav-telesnej-vychovy\/\",\"name\":\"\u00dastav telesnej v\u00fdchovy a \u0161portu | UPJ\u0160\",\"description\":\"\",\"publisher\":{\"@id\":\"https:\/\/www.upjs.sk\/pracoviska\/ustav-telesnej-vychovy\/#organization\"},\"potentialAction\":[{\"@type\":\"SearchAction\",\"target\":{\"@type\":\"EntryPoint\",\"urlTemplate\":\"https:\/\/www.upjs.sk\/pracoviska\/ustav-telesnej-vychovy\/?s={search_term_string}\"},\"query-input\":{\"@type\":\"PropertyValueSpecification\",\"valueRequired\":true,\"valueName\":\"search_term_string\"}}],\"inLanguage\":\"sk-SK\"},{\"@type\":\"Organization\",\"@id\":\"https:\/\/www.upjs.sk\/pracoviska\/ustav-telesnej-vychovy\/#organization\",\"name\":\"\u00dastav telesnej v\u00fdchovy a \u0161portu | UPJ\u0160\",\"url\":\"https:\/\/www.upjs.sk\/pracoviska\/ustav-telesnej-vychovy\/\",\"logo\":{\"@type\":\"ImageObject\",\"inLanguage\":\"sk-SK\",\"@id\":\"https:\/\/www.upjs.sk\/pracoviska\/ustav-telesnej-vychovy\/#\/schema\/logo\/image\/\",\"url\":\"https:\/\/www.upjs.sk\/app\/uploads\/sites\/14\/2023\/01\/UTVS.svg\",\"contentUrl\":\"https:\/\/www.upjs.sk\/app\/uploads\/sites\/14\/2023\/01\/UTVS.svg\",\"width\":500,\"height\":138,\"caption\":\"\u00dastav telesnej v\u00fdchovy a \u0161portu | UPJ\u0160\"},\"image\":{\"@id\":\"https:\/\/www.upjs.sk\/pracoviska\/ustav-telesnej-vychovy\/#\/schema\/logo\/image\/\"}}]}<\/script>\n<!-- \/ Yoast SEO plugin. -->","yoast_head_json":{"title":"Pokyny k prezent\u00e1cii - \u00dastav telesnej v\u00fdchovy a \u0161portu | UPJ\u0160","robots":{"index":"index","follow":"follow","max-snippet":"max-snippet:-1","max-image-preview":"max-image-preview:large","max-video-preview":"max-video-preview:-1"},"canonical":"https:\/\/www.upjs.sk\/pracoviska\/ustav-telesnej-vychovy\/konferencia-2026\/pokyny-2026\/","og_locale":"sk_SK","og_type":"article","og_title":"Pokyny k prezent\u00e1cii - \u00dastav telesnej v\u00fdchovy a \u0161portu | UPJ\u0160","og_description":"\u00dastna prezent\u00e1cia Prezentuj\u00faci autor by mal svoju prezent\u00e1ciu odovzda\u0165 po\u010das registr\u00e1cie technick\u00e9mu person\u00e1lu na USB. Poster","og_url":"https:\/\/www.upjs.sk\/pracoviska\/ustav-telesnej-vychovy\/konferencia-2026\/pokyny-2026\/","og_site_name":"\u00dastav telesnej v\u00fdchovy a \u0161portu | UPJ\u0160","article_modified_time":"2026-02-14T15:24:21+00:00","og_image":[{"width":1024,"height":201,"url":"https:\/\/www.upjs.sk\/app\/uploads\/sites\/14\/2026\/02\/UTVS-konferencia2026-MB-SK.jpg","type":"image\/jpeg"}],"twitter_card":"summary_large_image","twitter_misc":{"Predpokladan\u00fd \u010das \u010d\u00edtania":"1 min\u00fata"},"schema":{"@context":"https:\/\/schema.org","@graph":[{"@type":"WebPage","@id":"https:\/\/www.upjs.sk\/pracoviska\/ustav-telesnej-vychovy\/konferencia-2026\/pokyny-2026\/","url":"https:\/\/www.upjs.sk\/pracoviska\/ustav-telesnej-vychovy\/konferencia-2026\/pokyny-2026\/","name":"Pokyny k prezent\u00e1cii - \u00dastav telesnej v\u00fdchovy a \u0161portu | UPJ\u0160","isPartOf":{"@id":"https:\/\/www.upjs.sk\/pracoviska\/ustav-telesnej-vychovy\/#website"},"primaryImageOfPage":{"@id":"https:\/\/www.upjs.sk\/pracoviska\/ustav-telesnej-vychovy\/konferencia-2026\/pokyny-2026\/#primaryimage"},"image":{"@id":"https:\/\/www.upjs.sk\/pracoviska\/ustav-telesnej-vychovy\/konferencia-2026\/pokyny-2026\/#primaryimage"},"thumbnailUrl":"https:\/\/www.upjs.sk\/app\/uploads\/sites\/14\/2026\/02\/UTVS-konferencia2026-MB-SK.jpg","datePublished":"2026-02-03T09:16:10+00:00","dateModified":"2026-02-14T15:24:21+00:00","breadcrumb":{"@id":"https:\/\/www.upjs.sk\/pracoviska\/ustav-telesnej-vychovy\/konferencia-2026\/pokyny-2026\/#breadcrumb"},"inLanguage":"sk-SK","potentialAction":[{"@type":"ReadAction","target":["https:\/\/www.upjs.sk\/pracoviska\/ustav-telesnej-vychovy\/konferencia-2026\/pokyny-2026\/"]}]},{"@type":"ImageObject","inLanguage":"sk-SK","@id":"https:\/\/www.upjs.sk\/pracoviska\/ustav-telesnej-vychovy\/konferencia-2026\/pokyny-2026\/#primaryimage","url":"https:\/\/www.upjs.sk\/app\/uploads\/sites\/14\/2026\/02\/UTVS-konferencia2026-MB-SK.jpg","contentUrl":"https:\/\/www.upjs.sk\/app\/uploads\/sites\/14\/2026\/02\/UTVS-konferencia2026-MB-SK.jpg"},{"@type":"BreadcrumbList","@id":"https:\/\/www.upjs.sk\/pracoviska\/ustav-telesnej-vychovy\/konferencia-2026\/pokyny-2026\/#breadcrumb","itemListElement":[{"@type":"ListItem","position":1,"name":"Home","item":"https:\/\/www.upjs.sk\/pracoviska\/ustav-telesnej-vychovy\/"},{"@type":"ListItem","position":2,"name":"Pohybov\u00e1 aktivita, zdravie a kvalita \u017eivota 2026","item":"https:\/\/www.upjs.sk\/pracoviska\/ustav-telesnej-vychovy\/konferencia-2026\/"},{"@type":"ListItem","position":3,"name":"Pokyny k prezent\u00e1cii"}]},{"@type":"WebSite","@id":"https:\/\/www.upjs.sk\/pracoviska\/ustav-telesnej-vychovy\/#website","url":"https:\/\/www.upjs.sk\/pracoviska\/ustav-telesnej-vychovy\/","name":"\u00dastav telesnej v\u00fdchovy a \u0161portu | UPJ\u0160","description":"","publisher":{"@id":"https:\/\/www.upjs.sk\/pracoviska\/ustav-telesnej-vychovy\/#organization"},"potentialAction":[{"@type":"SearchAction","target":{"@type":"EntryPoint","urlTemplate":"https:\/\/www.upjs.sk\/pracoviska\/ustav-telesnej-vychovy\/?s={search_term_string}"},"query-input":{"@type":"PropertyValueSpecification","valueRequired":true,"valueName":"search_term_string"}}],"inLanguage":"sk-SK"},{"@type":"Organization","@id":"https:\/\/www.upjs.sk\/pracoviska\/ustav-telesnej-vychovy\/#organization","name":"\u00dastav telesnej v\u00fdchovy a \u0161portu | UPJ\u0160","url":"https:\/\/www.upjs.sk\/pracoviska\/ustav-telesnej-vychovy\/","logo":{"@type":"ImageObject","inLanguage":"sk-SK","@id":"https:\/\/www.upjs.sk\/pracoviska\/ustav-telesnej-vychovy\/#\/schema\/logo\/image\/","url":"https:\/\/www.upjs.sk\/app\/uploads\/sites\/14\/2023\/01\/UTVS.svg","contentUrl":"https:\/\/www.upjs.sk\/app\/uploads\/sites\/14\/2023\/01\/UTVS.svg","width":500,"height":138,"caption":"\u00dastav telesnej v\u00fdchovy a \u0161portu | UPJ\u0160"},"image":{"@id":"https:\/\/www.upjs.sk\/pracoviska\/ustav-telesnej-vychovy\/#\/schema\/logo\/image\/"}}]}},"_links":{"self":[{"href":"https:\/\/www.upjs.sk\/pracoviska\/ustav-telesnej-vychovy\/wp-json\/wp\/v2\/pages\/23410","targetHints":{"allow":["GET"]}}],"collection":[{"href":"https:\/\/www.upjs.sk\/pracoviska\/ustav-telesnej-vychovy\/wp-json\/wp\/v2\/pages"}],"about":[{"href":"https:\/\/www.upjs.sk\/pracoviska\/ustav-telesnej-vychovy\/wp-json\/wp\/v2\/types\/page"}],"author":[{"embeddable":true,"href":"https:\/\/www.upjs.sk\/pracoviska\/ustav-telesnej-vychovy\/wp-json\/wp\/v2\/users\/1"}],"replies":[{"embeddable":true,"href":"https:\/\/www.upjs.sk\/pracoviska\/ustav-telesnej-vychovy\/wp-json\/wp\/v2\/comments?post=23410"}],"version-history":[{"count":4,"href":"https:\/\/www.upjs.sk\/pracoviska\/ustav-telesnej-vychovy\/wp-json\/wp\/v2\/pages\/23410\/revisions"}],"predecessor-version":[{"id":23623,"href":"https:\/\/www.upjs.sk\/pracoviska\/ustav-telesnej-vychovy\/wp-json\/wp\/v2\/pages\/23410\/revisions\/23623"}],"up":[{"embeddable":true,"href":"https:\/\/www.upjs.sk\/pracoviska\/ustav-telesnej-vychovy\/wp-json\/wp\/v2\/pages\/23347"}],"wp:attachment":[{"href":"https:\/\/www.upjs.sk\/pracoviska\/ustav-telesnej-vychovy\/wp-json\/wp\/v2\/media?parent=23410"}],"wp:term":[{"taxonomy":"category","embeddable":true,"href":"https:\/\/www.upjs.sk\/pracoviska\/ustav-telesnej-vychovy\/wp-json\/wp\/v2\/categories?post=23410"},{"taxonomy":"post_tag","embeddable":true,"href":"https:\/\/www.upjs.sk\/pracoviska\/ustav-telesnej-vychovy\/wp-json\/wp\/v2\/tags?post=23410"}],"curies":[{"name":"wp","href":"https:\/\/api.w.org\/{rel}","templated":true}]}}