{"id":23422,"date":"2026-02-03T10:44:30","date_gmt":"2026-02-03T09:44:30","guid":{"rendered":"https:\/\/www.upjs.sk\/pracoviska\/ustav-telesnej-vychovy\/konferencia-2024\/poplatky\/bez-ubytovania-2\/"},"modified":"2026-02-09T13:57:49","modified_gmt":"2026-02-09T12:57:49","slug":"konferencnz-poplatok","status":"publish","type":"page","link":"https:\/\/www.upjs.sk\/pracoviska\/ustav-telesnej-vychovy\/konferencia-2026\/terminy-a-poplatky\/konferencnz-poplatok\/","title":{"rendered":"V\u00a0konferen\u010dnom poplatku je zahrnut\u00e9"},"content":{"rendered":"\n<p class=\"has-medium-font-size\"><strong><mark style=\"background-color:rgba(0, 0, 0, 0)\" class=\"has-inline-color has-zakladna-zlata-color\">V&nbsp;konferen\u010dnom poplatku je zahrnut\u00e9:<\/mark><\/strong><\/p>\n\n\n\n<ul class=\"wp-block-list\">\n<li>Strava<br>\u25e6&nbsp;1 x ve\u010dera (streda), 1 x obed (\u0161tvrtok)<br>\u25e6 raut &nbsp;(\u0161tvrtok), bufet po raute<br>\u25e6 prest\u00e1vky s&nbsp;ob\u010derstven\u00edm po\u010das konania konferencie<br><br><\/li>\n\n\n\n<li>Administrat\u00edvne a&nbsp;organiza\u010dn\u00e9 v\u00fddavky<\/li>\n\n\n\n<li>Zborn\u00edk abstraktov publikovan\u00fd online<\/li>\n\n\n\n<li>Potvrdenie o&nbsp;\u00fa\u010dasti<\/li>\n\n\n\n<li>Prehliadka mesta Ko\u0161\u00edc so sprievodcom<\/li>\n<\/ul>\n\n\n\n<p><br><strong><em>Pozn\u00e1mka: <\/em><\/strong><em>Ubytovanie nie je zahrnut\u00e9 v konferen\u010dnom poplatku. Ka\u017ed\u00fd \u00fa\u010dastn\u00edk si ho zabezpe\u010duje individu\u00e1lne.&nbsp;&nbsp;<\/em><\/p>\n\n\n\n<p><em>Odpor\u00fa\u010dan\u00e9 ubytovania v\u00a0bl\u00edzkosti konania konferencie <mark style=\"background-color:rgba(0, 0, 0, 0)\" class=\"has-inline-color has-f-verejnej-s-color\">UPJ\u0160 Ko\u0161ice, \u0160rob\u00e1rova 2:<\/mark><\/em><\/p>\n\n\n\n<p><em><a href=\"https:\/\/penzionhradbova.sk\/\" target=\"_blank\" rel=\"noreferrer noopener\">Penzi\u00f3n Hradbov\u00e1 <\/a><\/em><\/p>\n\n\n\n<p><em><a href=\"https:\/\/villaregia.sk\/penzion\/\" target=\"_blank\" rel=\"noreferrer noopener\">Penzi\u00f3n Villa Regia<\/a><\/em> <\/p>\n\n\n\n<p><em><a href=\"https:\/\/gloriapalac.sk\/\" target=\"_blank\" rel=\"noreferrer noopener\">Hotel Gloria Palace <\/a><\/em><\/p>\n\n\n\n<p><em><a href=\"https:\/\/www.hotelteledom.sk\/\">Hotel TeleDom <\/a><\/em><\/p>\n\n\n\n<p><\/p>\n","protected":false},"excerpt":{"rendered":"<p>V&nbsp;konferen\u010dnom poplatku je zahrnut\u00e9: Pozn\u00e1mka: Ubytovanie nie je zahrnut\u00e9 v konferen\u010dnom poplatku. Ka\u017ed\u00fd \u00fa\u010dastn\u00edk si ho zabezpe\u010duje individu\u00e1lne.&nbsp;&nbsp; Odpor\u00fa\u010dan\u00e9 ubytovania v\u00a0bl\u00edzkosti konania konferencie UPJ\u0160 Ko\u0161ice, \u0160rob\u00e1rova 2: Penzi\u00f3n Hradbov\u00e1 Penzi\u00f3n Villa Regia Hotel Gloria Palace Hotel TeleDom<\/p>\n","protected":false},"author":1,"featured_media":0,"parent":23352,"menu_order":0,"comment_status":"closed","ping_status":"closed","template":"","meta":{"_acf_changed":false,"_editorskit_title_hidden":false,"_editorskit_reading_time":0,"_editorskit_is_block_options_detached":false,"_editorskit_block_options_position":"{}","footnotes":""},"categories":[],"tags":[],"class_list":["post-23422","page","type-page","status-publish","hentry"],"acf":{"acf_link_na_externy_obsah":""},"yoast_head":"<!-- This site is optimized with the Yoast SEO plugin v27.2 - https:\/\/yoast.com\/product\/yoast-seo-wordpress\/ -->\n<title>V\u00a0konferen\u010dnom poplatku je zahrnut\u00e9 - \u00dastav telesnej v\u00fdchovy a \u0161portu | UPJ\u0160<\/title>\n<meta name=\"robots\" content=\"index, follow, max-snippet:-1, max-image-preview:large, max-video-preview:-1\" \/>\n<link rel=\"canonical\" href=\"https:\/\/www.upjs.sk\/pracoviska\/ustav-telesnej-vychovy\/konferencia-2026\/terminy-a-poplatky\/konferencnz-poplatok\/\" \/>\n<meta property=\"og:locale\" content=\"sk_SK\" \/>\n<meta property=\"og:type\" content=\"article\" \/>\n<meta property=\"og:title\" content=\"V\u00a0konferen\u010dnom poplatku je zahrnut\u00e9 - \u00dastav telesnej v\u00fdchovy a \u0161portu | UPJ\u0160\" \/>\n<meta property=\"og:description\" content=\"V&nbsp;konferen\u010dnom poplatku je zahrnut\u00e9: Pozn\u00e1mka: Ubytovanie nie je zahrnut\u00e9 v konferen\u010dnom poplatku. Ka\u017ed\u00fd \u00fa\u010dastn\u00edk si ho zabezpe\u010duje individu\u00e1lne.&nbsp;&nbsp; Odpor\u00fa\u010dan\u00e9 ubytovania v\u00a0bl\u00edzkosti konania konferencie UPJ\u0160 Ko\u0161ice, \u0160rob\u00e1rova 2: Penzi\u00f3n Hradbov\u00e1 Penzi\u00f3n Villa Regia Hotel Gloria Palace Hotel TeleDom\" \/>\n<meta property=\"og:url\" content=\"https:\/\/www.upjs.sk\/pracoviska\/ustav-telesnej-vychovy\/konferencia-2026\/terminy-a-poplatky\/konferencnz-poplatok\/\" \/>\n<meta property=\"og:site_name\" content=\"\u00dastav telesnej v\u00fdchovy a \u0161portu | UPJ\u0160\" \/>\n<meta property=\"article:modified_time\" content=\"2026-02-09T12:57:49+00:00\" \/>\n<meta name=\"twitter:card\" content=\"summary_large_image\" \/>\n<meta name=\"twitter:label1\" content=\"Predpokladan\u00fd \u010das \u010d\u00edtania\" \/>\n\t<meta name=\"twitter:data1\" content=\"1 min\u00fata\" \/>\n<script type=\"application\/ld+json\" class=\"yoast-schema-graph\">{\"@context\":\"https:\/\/schema.org\",\"@graph\":[{\"@type\":\"WebPage\",\"@id\":\"https:\/\/www.upjs.sk\/pracoviska\/ustav-telesnej-vychovy\/konferencia-2026\/terminy-a-poplatky\/konferencnz-poplatok\/\",\"url\":\"https:\/\/www.upjs.sk\/pracoviska\/ustav-telesnej-vychovy\/konferencia-2026\/terminy-a-poplatky\/konferencnz-poplatok\/\",\"name\":\"V\u00a0konferen\u010dnom poplatku je zahrnut\u00e9 - \u00dastav telesnej v\u00fdchovy a \u0161portu | UPJ\u0160\",\"isPartOf\":{\"@id\":\"https:\/\/www.upjs.sk\/pracoviska\/ustav-telesnej-vychovy\/#website\"},\"datePublished\":\"2026-02-03T09:44:30+00:00\",\"dateModified\":\"2026-02-09T12:57:49+00:00\",\"breadcrumb\":{\"@id\":\"https:\/\/www.upjs.sk\/pracoviska\/ustav-telesnej-vychovy\/konferencia-2026\/terminy-a-poplatky\/konferencnz-poplatok\/#breadcrumb\"},\"inLanguage\":\"sk-SK\",\"potentialAction\":[{\"@type\":\"ReadAction\",\"target\":[\"https:\/\/www.upjs.sk\/pracoviska\/ustav-telesnej-vychovy\/konferencia-2026\/terminy-a-poplatky\/konferencnz-poplatok\/\"]}]},{\"@type\":\"BreadcrumbList\",\"@id\":\"https:\/\/www.upjs.sk\/pracoviska\/ustav-telesnej-vychovy\/konferencia-2026\/terminy-a-poplatky\/konferencnz-poplatok\/#breadcrumb\",\"itemListElement\":[{\"@type\":\"ListItem\",\"position\":1,\"name\":\"Home\",\"item\":\"https:\/\/www.upjs.sk\/pracoviska\/ustav-telesnej-vychovy\/\"},{\"@type\":\"ListItem\",\"position\":2,\"name\":\"Pohybov\u00e1 aktivita, zdravie a kvalita \u017eivota 2026\",\"item\":\"https:\/\/www.upjs.sk\/pracoviska\/ustav-telesnej-vychovy\/konferencia-2026\/\"},{\"@type\":\"ListItem\",\"position\":3,\"name\":\"TERM\u00cdNY A POPLATKY\",\"item\":\"https:\/\/www.upjs.sk\/pracoviska\/ustav-telesnej-vychovy\/konferencia-2026\/terminy-a-poplatky\/\"},{\"@type\":\"ListItem\",\"position\":4,\"name\":\"V\u00a0konferen\u010dnom poplatku je zahrnut\u00e9\"}]},{\"@type\":\"WebSite\",\"@id\":\"https:\/\/www.upjs.sk\/pracoviska\/ustav-telesnej-vychovy\/#website\",\"url\":\"https:\/\/www.upjs.sk\/pracoviska\/ustav-telesnej-vychovy\/\",\"name\":\"\u00dastav telesnej v\u00fdchovy a \u0161portu | UPJ\u0160\",\"description\":\"\",\"publisher\":{\"@id\":\"https:\/\/www.upjs.sk\/pracoviska\/ustav-telesnej-vychovy\/#organization\"},\"potentialAction\":[{\"@type\":\"SearchAction\",\"target\":{\"@type\":\"EntryPoint\",\"urlTemplate\":\"https:\/\/www.upjs.sk\/pracoviska\/ustav-telesnej-vychovy\/?s={search_term_string}\"},\"query-input\":{\"@type\":\"PropertyValueSpecification\",\"valueRequired\":true,\"valueName\":\"search_term_string\"}}],\"inLanguage\":\"sk-SK\"},{\"@type\":\"Organization\",\"@id\":\"https:\/\/www.upjs.sk\/pracoviska\/ustav-telesnej-vychovy\/#organization\",\"name\":\"\u00dastav telesnej v\u00fdchovy a \u0161portu | UPJ\u0160\",\"url\":\"https:\/\/www.upjs.sk\/pracoviska\/ustav-telesnej-vychovy\/\",\"logo\":{\"@type\":\"ImageObject\",\"inLanguage\":\"sk-SK\",\"@id\":\"https:\/\/www.upjs.sk\/pracoviska\/ustav-telesnej-vychovy\/#\/schema\/logo\/image\/\",\"url\":\"https:\/\/www.upjs.sk\/app\/uploads\/sites\/14\/2023\/01\/UTVS.svg\",\"contentUrl\":\"https:\/\/www.upjs.sk\/app\/uploads\/sites\/14\/2023\/01\/UTVS.svg\",\"width\":500,\"height\":138,\"caption\":\"\u00dastav telesnej v\u00fdchovy a \u0161portu | UPJ\u0160\"},\"image\":{\"@id\":\"https:\/\/www.upjs.sk\/pracoviska\/ustav-telesnej-vychovy\/#\/schema\/logo\/image\/\"}}]}<\/script>\n<!-- \/ Yoast SEO plugin. -->","yoast_head_json":{"title":"V\u00a0konferen\u010dnom poplatku je zahrnut\u00e9 - \u00dastav telesnej v\u00fdchovy a \u0161portu | UPJ\u0160","robots":{"index":"index","follow":"follow","max-snippet":"max-snippet:-1","max-image-preview":"max-image-preview:large","max-video-preview":"max-video-preview:-1"},"canonical":"https:\/\/www.upjs.sk\/pracoviska\/ustav-telesnej-vychovy\/konferencia-2026\/terminy-a-poplatky\/konferencnz-poplatok\/","og_locale":"sk_SK","og_type":"article","og_title":"V\u00a0konferen\u010dnom poplatku je zahrnut\u00e9 - \u00dastav telesnej v\u00fdchovy a \u0161portu | UPJ\u0160","og_description":"V&nbsp;konferen\u010dnom poplatku je zahrnut\u00e9: Pozn\u00e1mka: Ubytovanie nie je zahrnut\u00e9 v konferen\u010dnom poplatku. Ka\u017ed\u00fd \u00fa\u010dastn\u00edk si ho zabezpe\u010duje individu\u00e1lne.&nbsp;&nbsp; Odpor\u00fa\u010dan\u00e9 ubytovania v\u00a0bl\u00edzkosti konania konferencie UPJ\u0160 Ko\u0161ice, \u0160rob\u00e1rova 2: Penzi\u00f3n Hradbov\u00e1 Penzi\u00f3n Villa Regia Hotel Gloria Palace Hotel TeleDom","og_url":"https:\/\/www.upjs.sk\/pracoviska\/ustav-telesnej-vychovy\/konferencia-2026\/terminy-a-poplatky\/konferencnz-poplatok\/","og_site_name":"\u00dastav telesnej v\u00fdchovy a \u0161portu | UPJ\u0160","article_modified_time":"2026-02-09T12:57:49+00:00","twitter_card":"summary_large_image","twitter_misc":{"Predpokladan\u00fd \u010das \u010d\u00edtania":"1 min\u00fata"},"schema":{"@context":"https:\/\/schema.org","@graph":[{"@type":"WebPage","@id":"https:\/\/www.upjs.sk\/pracoviska\/ustav-telesnej-vychovy\/konferencia-2026\/terminy-a-poplatky\/konferencnz-poplatok\/","url":"https:\/\/www.upjs.sk\/pracoviska\/ustav-telesnej-vychovy\/konferencia-2026\/terminy-a-poplatky\/konferencnz-poplatok\/","name":"V\u00a0konferen\u010dnom poplatku je zahrnut\u00e9 - \u00dastav telesnej v\u00fdchovy a \u0161portu | UPJ\u0160","isPartOf":{"@id":"https:\/\/www.upjs.sk\/pracoviska\/ustav-telesnej-vychovy\/#website"},"datePublished":"2026-02-03T09:44:30+00:00","dateModified":"2026-02-09T12:57:49+00:00","breadcrumb":{"@id":"https:\/\/www.upjs.sk\/pracoviska\/ustav-telesnej-vychovy\/konferencia-2026\/terminy-a-poplatky\/konferencnz-poplatok\/#breadcrumb"},"inLanguage":"sk-SK","potentialAction":[{"@type":"ReadAction","target":["https:\/\/www.upjs.sk\/pracoviska\/ustav-telesnej-vychovy\/konferencia-2026\/terminy-a-poplatky\/konferencnz-poplatok\/"]}]},{"@type":"BreadcrumbList","@id":"https:\/\/www.upjs.sk\/pracoviska\/ustav-telesnej-vychovy\/konferencia-2026\/terminy-a-poplatky\/konferencnz-poplatok\/#breadcrumb","itemListElement":[{"@type":"ListItem","position":1,"name":"Home","item":"https:\/\/www.upjs.sk\/pracoviska\/ustav-telesnej-vychovy\/"},{"@type":"ListItem","position":2,"name":"Pohybov\u00e1 aktivita, zdravie a kvalita \u017eivota 2026","item":"https:\/\/www.upjs.sk\/pracoviska\/ustav-telesnej-vychovy\/konferencia-2026\/"},{"@type":"ListItem","position":3,"name":"TERM\u00cdNY A POPLATKY","item":"https:\/\/www.upjs.sk\/pracoviska\/ustav-telesnej-vychovy\/konferencia-2026\/terminy-a-poplatky\/"},{"@type":"ListItem","position":4,"name":"V\u00a0konferen\u010dnom poplatku je zahrnut\u00e9"}]},{"@type":"WebSite","@id":"https:\/\/www.upjs.sk\/pracoviska\/ustav-telesnej-vychovy\/#website","url":"https:\/\/www.upjs.sk\/pracoviska\/ustav-telesnej-vychovy\/","name":"\u00dastav telesnej v\u00fdchovy a \u0161portu | UPJ\u0160","description":"","publisher":{"@id":"https:\/\/www.upjs.sk\/pracoviska\/ustav-telesnej-vychovy\/#organization"},"potentialAction":[{"@type":"SearchAction","target":{"@type":"EntryPoint","urlTemplate":"https:\/\/www.upjs.sk\/pracoviska\/ustav-telesnej-vychovy\/?s={search_term_string}"},"query-input":{"@type":"PropertyValueSpecification","valueRequired":true,"valueName":"search_term_string"}}],"inLanguage":"sk-SK"},{"@type":"Organization","@id":"https:\/\/www.upjs.sk\/pracoviska\/ustav-telesnej-vychovy\/#organization","name":"\u00dastav telesnej v\u00fdchovy a \u0161portu | UPJ\u0160","url":"https:\/\/www.upjs.sk\/pracoviska\/ustav-telesnej-vychovy\/","logo":{"@type":"ImageObject","inLanguage":"sk-SK","@id":"https:\/\/www.upjs.sk\/pracoviska\/ustav-telesnej-vychovy\/#\/schema\/logo\/image\/","url":"https:\/\/www.upjs.sk\/app\/uploads\/sites\/14\/2023\/01\/UTVS.svg","contentUrl":"https:\/\/www.upjs.sk\/app\/uploads\/sites\/14\/2023\/01\/UTVS.svg","width":500,"height":138,"caption":"\u00dastav telesnej v\u00fdchovy a \u0161portu | UPJ\u0160"},"image":{"@id":"https:\/\/www.upjs.sk\/pracoviska\/ustav-telesnej-vychovy\/#\/schema\/logo\/image\/"}}]}},"_links":{"self":[{"href":"https:\/\/www.upjs.sk\/pracoviska\/ustav-telesnej-vychovy\/wp-json\/wp\/v2\/pages\/23422","targetHints":{"allow":["GET"]}}],"collection":[{"href":"https:\/\/www.upjs.sk\/pracoviska\/ustav-telesnej-vychovy\/wp-json\/wp\/v2\/pages"}],"about":[{"href":"https:\/\/www.upjs.sk\/pracoviska\/ustav-telesnej-vychovy\/wp-json\/wp\/v2\/types\/page"}],"author":[{"embeddable":true,"href":"https:\/\/www.upjs.sk\/pracoviska\/ustav-telesnej-vychovy\/wp-json\/wp\/v2\/users\/1"}],"replies":[{"embeddable":true,"href":"https:\/\/www.upjs.sk\/pracoviska\/ustav-telesnej-vychovy\/wp-json\/wp\/v2\/comments?post=23422"}],"version-history":[{"count":10,"href":"https:\/\/www.upjs.sk\/pracoviska\/ustav-telesnej-vychovy\/wp-json\/wp\/v2\/pages\/23422\/revisions"}],"predecessor-version":[{"id":23561,"href":"https:\/\/www.upjs.sk\/pracoviska\/ustav-telesnej-vychovy\/wp-json\/wp\/v2\/pages\/23422\/revisions\/23561"}],"up":[{"embeddable":true,"href":"https:\/\/www.upjs.sk\/pracoviska\/ustav-telesnej-vychovy\/wp-json\/wp\/v2\/pages\/23352"}],"wp:attachment":[{"href":"https:\/\/www.upjs.sk\/pracoviska\/ustav-telesnej-vychovy\/wp-json\/wp\/v2\/media?parent=23422"}],"wp:term":[{"taxonomy":"category","embeddable":true,"href":"https:\/\/www.upjs.sk\/pracoviska\/ustav-telesnej-vychovy\/wp-json\/wp\/v2\/categories?post=23422"},{"taxonomy":"post_tag","embeddable":true,"href":"https:\/\/www.upjs.sk\/pracoviska\/ustav-telesnej-vychovy\/wp-json\/wp\/v2\/tags?post=23422"}],"curies":[{"name":"wp","href":"https:\/\/api.w.org\/{rel}","templated":true}]}}