{"id":13106,"date":"2016-10-04T13:49:25","date_gmt":"2016-10-04T13:49:25","guid":{"rendered":"https:\/\/www.upjs.sk\/pracoviska\/uvz-danisovce\/root\/informacie\/"},"modified":"2023-02-19T17:46:12","modified_gmt":"2023-02-19T17:46:12","slug":"informacie","status":"publish","type":"page","link":"https:\/\/www.upjs.sk\/pracoviska\/uvz-danisovce\/informacie\/","title":{"rendered":"Inform\u00e1cie"},"content":{"rendered":"\n<p>\u010ci u\u017e ste \u00a0k akt\u00edvnym turista , alebo V\u00e1s fascinuj\u00fa pam\u00e4tihodnosti bohatej slovenskej hist\u00f3rie, pobyt v UVZ Dani\u0161ovce si ur\u010dite vychutn\u00e1te na maximum. Pod touto skratkou sa ukr\u00fdva komfortne vybaven\u00e9 U\u010debno-v\u00fdcvikov\u00e9 zariadenie spadaj\u00face pod spr\u00e1vu Univerzity Pavla Jozefa \u0160af\u00e1rika v Ko\u0161iciach. V\u010faka svojej priestrannosti v\u00fdborne posl\u00fa\u017ei organizovan\u00fdm turistick\u00fdm skupin\u00e1m. Zariadenie je vhodn\u00e9 aj pre ubytovanie jednotlivcov, alebo rod\u00edn s de\u0165mi.<\/p>\n\n\n\n<p>Celkov\u00e1 kapacita predstavuje 62 os\u00f4b. Dostupn\u00e1 je dvojica apartm\u00e1nov s kuchynkou, ako aj \u00fatuln\u00e9 dvojl\u00f4\u017ekov\u00e9 izby. Ka\u017ed\u00e1 ubytovacia jednotka disponuje vlastnou k\u00fape\u013e\u0148ou i\u00a0toaletou. S\u00fa\u010das\u0165ou objektu je polyfunk\u010dn\u00e1 jed\u00e1lensk\u00e1 miestnos\u0165 a v pr\u00edpade z\u00e1ujmu sa d\u00e1 objedna\u0165 stravovanie.<\/p>\n\n\n\n<p>Nako\u013eko zariadenie nedisponuje st\u00e1lou recep\u010dnou slu\u017ebou, \u010das V\u00e1\u0161ho pr\u00edchodu je potrebn\u00e9 vopred dohodn\u00fa\u0165 telefonicky. Vzh\u013eadom k tomu, \u017ee objekt je umiestnen\u00fd medzi rodinn\u00fdmi domami v obci, je dodr\u017eiavanie no\u010dn\u00e9ho k\u013eudu nevyhnutnos\u0165ou.<\/p>\n\n\n<style>.wp-block-kadence-spacer.kt-block-spacer-_1f53e7-e7 .kt-block-spacer{height:10px;}.wp-block-kadence-spacer.kt-block-spacer-_1f53e7-e7 .kt-divider{border-top-width:1px;height:1px;border-top-color:#eee;width:100%;border-top-style:solid;}<\/style>\n<div class=\"wp-block-kadence-spacer aligncenter kt-block-spacer-_1f53e7-e7\"><div class=\"kt-block-spacer kt-block-spacer-halign-center\"><hr class=\"kt-divider\"\/><\/div><\/div>\n\n\n\n<p>UVZ Dani\u0161ovce, ako u\u017e jeho n\u00e1zov nazna\u010duje, sa nach\u00e1dza v obci Dani\u0161ovce, ne\u010faleko okresn\u00e9ho mesta Spi\u0161sk\u00e1 Nov\u00e1 Ves.<\/p>\n\n\n\n<p>Z\u00e1rukou kr\u00e1snych celodenn\u00fdch v\u00fdletov s\u00fa bl\u00edzke n\u00e1rodn\u00e9 parky Slovensk\u00fd Raj a Tatry, kde m\u00e1te na v\u00fdber turistick\u00e9 trasy &nbsp;pre za\u010diato\u010dn\u00edkov i pokro\u010dil\u00fdch. Okolie je vhodn\u00e9 aj na akt\u00edvnu MTB cykloturistiku.<\/p>\n\n\n\n<p>Spr\u00e1vna dovolenka v regi\u00f3ne Spi\u0161 sa nezaob\u00edde bez spoznania ve\u013ekolep\u00e9ho Spi\u0161sk\u00e9ho hradu, Spi\u0161skej kapituly, kr\u00e1\u013eovsk\u00fdch miest Levo\u010de a\u00a0Ke\u017emarku a\u00a0mnoh\u00fdch \u010fal\u0161\u00edch kult\u00farnych a\u00a0historick\u00fdch pamiatok v\u00a0regi\u00f3ne. <\/p>\n\n\n\n<p>Po\u010das zimy si m\u00f4\u017eete napl\u00e1nova\u0165 ly\u017eova\u010dku, m\u00f4\u017eete vyu\u017ei\u0165\u00a0 bl\u00edzke ly\u017eiarske strediska, pr\u00edpadne vybehn\u00fa\u0165 na be\u017eky do okolit\u00fdch be\u017eeck\u00fdch are\u00e1lov.<\/p>\n\n\n\n<p> <\/p>\n","protected":false},"excerpt":{"rendered":"<p>\u010ci u\u017e ste \u00a0k akt\u00edvnym turista , alebo V\u00e1s fascinuj\u00fa pam\u00e4tihodnosti bohatej slovenskej hist\u00f3rie, pobyt v UVZ Dani\u0161ovce si ur\u010dite vychutn\u00e1te na maximum. Pod touto skratkou sa ukr\u00fdva komfortne vybaven\u00e9 U\u010debno-v\u00fdcvikov\u00e9 zariadenie spadaj\u00face pod spr\u00e1vu Univerzity Pavla Jozefa \u0160af\u00e1rika v Ko\u0161iciach. V\u010faka svojej priestrannosti v\u00fdborne posl\u00fa\u017ei organizovan\u00fdm turistick\u00fdm skupin\u00e1m. Zariadenie je vhodn\u00e9 aj pre ubytovanie &hellip; <a href=\"https:\/\/www.upjs.sk\/pracoviska\/uvz-danisovce\/informacie\/\">\u010c\u00edta\u0165 \u010falej<\/a><\/p>\n","protected":false},"author":1,"featured_media":13107,"parent":0,"menu_order":0,"comment_status":"closed","ping_status":"closed","template":"","meta":{"_acf_changed":false,"_editorskit_title_hidden":false,"_editorskit_reading_time":1,"_editorskit_is_block_options_detached":false,"_editorskit_block_options_position":"{}","footnotes":""},"categories":[],"tags":[],"class_list":["post-13106","page","type-page","status-publish","has-post-thumbnail","hentry"],"acf":{"acf_link_na_externy_obsah":""},"yoast_head":"<!-- This site is optimized with the Yoast SEO plugin v27.5 - https:\/\/yoast.com\/product\/yoast-seo-wordpress\/ -->\n<title>Inform\u00e1cie - U\u010debno-v\u00fdcvikov\u00e9 zariadenie Dani\u0161ovce | UPJ\u0160<\/title>\n<meta name=\"robots\" content=\"index, follow, max-snippet:-1, max-image-preview:large, max-video-preview:-1\" \/>\n<link rel=\"canonical\" href=\"https:\/\/www.upjs.sk\/pracoviska\/uvz-danisovce\/informacie\/\" \/>\n<meta property=\"og:locale\" content=\"sk_SK\" \/>\n<meta property=\"og:type\" content=\"article\" \/>\n<meta property=\"og:title\" content=\"Inform\u00e1cie - U\u010debno-v\u00fdcvikov\u00e9 zariadenie Dani\u0161ovce | UPJ\u0160\" \/>\n<meta property=\"og:description\" content=\"\u010ci u\u017e ste \u00a0k akt\u00edvnym turista , alebo V\u00e1s fascinuj\u00fa pam\u00e4tihodnosti bohatej slovenskej hist\u00f3rie, pobyt v UVZ Dani\u0161ovce si ur\u010dite vychutn\u00e1te na maximum. Pod touto skratkou sa ukr\u00fdva komfortne vybaven\u00e9 U\u010debno-v\u00fdcvikov\u00e9 zariadenie spadaj\u00face pod spr\u00e1vu Univerzity Pavla Jozefa \u0160af\u00e1rika v Ko\u0161iciach. V\u010faka svojej priestrannosti v\u00fdborne posl\u00fa\u017ei organizovan\u00fdm turistick\u00fdm skupin\u00e1m. Zariadenie je vhodn\u00e9 aj pre ubytovanie &hellip; \u010c\u00edta\u0165 \u010falej\" \/>\n<meta property=\"og:url\" content=\"https:\/\/www.upjs.sk\/pracoviska\/uvz-danisovce\/informacie\/\" \/>\n<meta property=\"og:site_name\" content=\"U\u010debno-v\u00fdcvikov\u00e9 zariadenie Dani\u0161ovce | UPJ\u0160\" \/>\n<meta property=\"article:modified_time\" content=\"2023-02-19T17:46:12+00:00\" \/>\n<meta property=\"og:image\" content=\"https:\/\/www.upjs.sk\/app\/uploads\/sites\/19\/2022\/10\/danisovce-mapa-okolie.jpg\" \/>\n\t<meta property=\"og:image:width\" content=\"1037\" \/>\n\t<meta property=\"og:image:height\" content=\"674\" \/>\n\t<meta property=\"og:image:type\" content=\"image\/jpeg\" \/>\n<meta name=\"twitter:card\" content=\"summary_large_image\" \/>\n<meta name=\"twitter:label1\" content=\"Predpokladan\u00fd \u010das \u010d\u00edtania\" \/>\n\t<meta name=\"twitter:data1\" content=\"2 min\u00faty\" \/>\n<script type=\"application\/ld+json\" class=\"yoast-schema-graph\">{\"@context\":\"https:\\\/\\\/schema.org\",\"@graph\":[{\"@type\":\"WebPage\",\"@id\":\"https:\\\/\\\/www.upjs.sk\\\/pracoviska\\\/uvz-danisovce\\\/informacie\\\/\",\"url\":\"https:\\\/\\\/www.upjs.sk\\\/pracoviska\\\/uvz-danisovce\\\/informacie\\\/\",\"name\":\"Inform\u00e1cie - U\u010debno-v\u00fdcvikov\u00e9 zariadenie Dani\u0161ovce | UPJ\u0160\",\"isPartOf\":{\"@id\":\"https:\\\/\\\/www.upjs.sk\\\/pracoviska\\\/uvz-danisovce\\\/#website\"},\"primaryImageOfPage\":{\"@id\":\"https:\\\/\\\/www.upjs.sk\\\/pracoviska\\\/uvz-danisovce\\\/informacie\\\/#primaryimage\"},\"image\":{\"@id\":\"https:\\\/\\\/www.upjs.sk\\\/pracoviska\\\/uvz-danisovce\\\/informacie\\\/#primaryimage\"},\"thumbnailUrl\":\"https:\\\/\\\/www.upjs.sk\\\/app\\\/uploads\\\/sites\\\/19\\\/2022\\\/10\\\/danisovce-mapa-okolie.jpg\",\"datePublished\":\"2016-10-04T13:49:25+00:00\",\"dateModified\":\"2023-02-19T17:46:12+00:00\",\"breadcrumb\":{\"@id\":\"https:\\\/\\\/www.upjs.sk\\\/pracoviska\\\/uvz-danisovce\\\/informacie\\\/#breadcrumb\"},\"inLanguage\":\"sk-SK\",\"potentialAction\":[{\"@type\":\"ReadAction\",\"target\":[\"https:\\\/\\\/www.upjs.sk\\\/pracoviska\\\/uvz-danisovce\\\/informacie\\\/\"]}]},{\"@type\":\"ImageObject\",\"inLanguage\":\"sk-SK\",\"@id\":\"https:\\\/\\\/www.upjs.sk\\\/pracoviska\\\/uvz-danisovce\\\/informacie\\\/#primaryimage\",\"url\":\"https:\\\/\\\/www.upjs.sk\\\/app\\\/uploads\\\/sites\\\/19\\\/2022\\\/10\\\/danisovce-mapa-okolie.jpg\",\"contentUrl\":\"https:\\\/\\\/www.upjs.sk\\\/app\\\/uploads\\\/sites\\\/19\\\/2022\\\/10\\\/danisovce-mapa-okolie.jpg\",\"width\":1037,\"height\":674,\"caption\":\"informacie\"},{\"@type\":\"BreadcrumbList\",\"@id\":\"https:\\\/\\\/www.upjs.sk\\\/pracoviska\\\/uvz-danisovce\\\/informacie\\\/#breadcrumb\",\"itemListElement\":[{\"@type\":\"ListItem\",\"position\":1,\"name\":\"Home\",\"item\":\"https:\\\/\\\/www.upjs.sk\\\/pracoviska\\\/uvz-danisovce\\\/\"},{\"@type\":\"ListItem\",\"position\":2,\"name\":\"Inform\u00e1cie\"}]},{\"@type\":\"WebSite\",\"@id\":\"https:\\\/\\\/www.upjs.sk\\\/pracoviska\\\/uvz-danisovce\\\/#website\",\"url\":\"https:\\\/\\\/www.upjs.sk\\\/pracoviska\\\/uvz-danisovce\\\/\",\"name\":\"U\u010debno-v\u00fdcvikov\u00e9 zariadenie Dani\u0161ovce | UPJ\u0160\",\"description\":\"\",\"publisher\":{\"@id\":\"https:\\\/\\\/www.upjs.sk\\\/pracoviska\\\/uvz-danisovce\\\/#organization\"},\"potentialAction\":[{\"@type\":\"SearchAction\",\"target\":{\"@type\":\"EntryPoint\",\"urlTemplate\":\"https:\\\/\\\/www.upjs.sk\\\/pracoviska\\\/uvz-danisovce\\\/?s={search_term_string}\"},\"query-input\":{\"@type\":\"PropertyValueSpecification\",\"valueRequired\":true,\"valueName\":\"search_term_string\"}}],\"inLanguage\":\"sk-SK\"},{\"@type\":\"Organization\",\"@id\":\"https:\\\/\\\/www.upjs.sk\\\/pracoviska\\\/uvz-danisovce\\\/#organization\",\"name\":\"U\u010debno-v\u00fdcvikov\u00e9 zariadenie Dani\u0161ovce | UPJ\u0160\",\"url\":\"https:\\\/\\\/www.upjs.sk\\\/pracoviska\\\/uvz-danisovce\\\/\",\"logo\":{\"@type\":\"ImageObject\",\"inLanguage\":\"sk-SK\",\"@id\":\"https:\\\/\\\/www.upjs.sk\\\/pracoviska\\\/uvz-danisovce\\\/#\\\/schema\\\/logo\\\/image\\\/\",\"url\":\"https:\\\/\\\/www.upjs.sk\\\/app\\\/uploads\\\/sites\\\/19\\\/2023\\\/01\\\/DANISOVCE.svg\",\"contentUrl\":\"https:\\\/\\\/www.upjs.sk\\\/app\\\/uploads\\\/sites\\\/19\\\/2023\\\/01\\\/DANISOVCE.svg\",\"width\":500,\"height\":138,\"caption\":\"U\u010debno-v\u00fdcvikov\u00e9 zariadenie Dani\u0161ovce | UPJ\u0160\"},\"image\":{\"@id\":\"https:\\\/\\\/www.upjs.sk\\\/pracoviska\\\/uvz-danisovce\\\/#\\\/schema\\\/logo\\\/image\\\/\"}}]}<\/script>\n<!-- \/ Yoast SEO plugin. -->","yoast_head_json":{"title":"Inform\u00e1cie - U\u010debno-v\u00fdcvikov\u00e9 zariadenie Dani\u0161ovce | UPJ\u0160","robots":{"index":"index","follow":"follow","max-snippet":"max-snippet:-1","max-image-preview":"max-image-preview:large","max-video-preview":"max-video-preview:-1"},"canonical":"https:\/\/www.upjs.sk\/pracoviska\/uvz-danisovce\/informacie\/","og_locale":"sk_SK","og_type":"article","og_title":"Inform\u00e1cie - U\u010debno-v\u00fdcvikov\u00e9 zariadenie Dani\u0161ovce | UPJ\u0160","og_description":"\u010ci u\u017e ste \u00a0k akt\u00edvnym turista , alebo V\u00e1s fascinuj\u00fa pam\u00e4tihodnosti bohatej slovenskej hist\u00f3rie, pobyt v UVZ Dani\u0161ovce si ur\u010dite vychutn\u00e1te na maximum. Pod touto skratkou sa ukr\u00fdva komfortne vybaven\u00e9 U\u010debno-v\u00fdcvikov\u00e9 zariadenie spadaj\u00face pod spr\u00e1vu Univerzity Pavla Jozefa \u0160af\u00e1rika v Ko\u0161iciach. V\u010faka svojej priestrannosti v\u00fdborne posl\u00fa\u017ei organizovan\u00fdm turistick\u00fdm skupin\u00e1m. Zariadenie je vhodn\u00e9 aj pre ubytovanie &hellip; \u010c\u00edta\u0165 \u010falej","og_url":"https:\/\/www.upjs.sk\/pracoviska\/uvz-danisovce\/informacie\/","og_site_name":"U\u010debno-v\u00fdcvikov\u00e9 zariadenie Dani\u0161ovce | UPJ\u0160","article_modified_time":"2023-02-19T17:46:12+00:00","og_image":[{"width":1037,"height":674,"url":"https:\/\/www.upjs.sk\/app\/uploads\/sites\/19\/2022\/10\/danisovce-mapa-okolie.jpg","type":"image\/jpeg"}],"twitter_card":"summary_large_image","twitter_misc":{"Predpokladan\u00fd \u010das \u010d\u00edtania":"2 min\u00faty"},"schema":{"@context":"https:\/\/schema.org","@graph":[{"@type":"WebPage","@id":"https:\/\/www.upjs.sk\/pracoviska\/uvz-danisovce\/informacie\/","url":"https:\/\/www.upjs.sk\/pracoviska\/uvz-danisovce\/informacie\/","name":"Inform\u00e1cie - U\u010debno-v\u00fdcvikov\u00e9 zariadenie Dani\u0161ovce | UPJ\u0160","isPartOf":{"@id":"https:\/\/www.upjs.sk\/pracoviska\/uvz-danisovce\/#website"},"primaryImageOfPage":{"@id":"https:\/\/www.upjs.sk\/pracoviska\/uvz-danisovce\/informacie\/#primaryimage"},"image":{"@id":"https:\/\/www.upjs.sk\/pracoviska\/uvz-danisovce\/informacie\/#primaryimage"},"thumbnailUrl":"https:\/\/www.upjs.sk\/app\/uploads\/sites\/19\/2022\/10\/danisovce-mapa-okolie.jpg","datePublished":"2016-10-04T13:49:25+00:00","dateModified":"2023-02-19T17:46:12+00:00","breadcrumb":{"@id":"https:\/\/www.upjs.sk\/pracoviska\/uvz-danisovce\/informacie\/#breadcrumb"},"inLanguage":"sk-SK","potentialAction":[{"@type":"ReadAction","target":["https:\/\/www.upjs.sk\/pracoviska\/uvz-danisovce\/informacie\/"]}]},{"@type":"ImageObject","inLanguage":"sk-SK","@id":"https:\/\/www.upjs.sk\/pracoviska\/uvz-danisovce\/informacie\/#primaryimage","url":"https:\/\/www.upjs.sk\/app\/uploads\/sites\/19\/2022\/10\/danisovce-mapa-okolie.jpg","contentUrl":"https:\/\/www.upjs.sk\/app\/uploads\/sites\/19\/2022\/10\/danisovce-mapa-okolie.jpg","width":1037,"height":674,"caption":"informacie"},{"@type":"BreadcrumbList","@id":"https:\/\/www.upjs.sk\/pracoviska\/uvz-danisovce\/informacie\/#breadcrumb","itemListElement":[{"@type":"ListItem","position":1,"name":"Home","item":"https:\/\/www.upjs.sk\/pracoviska\/uvz-danisovce\/"},{"@type":"ListItem","position":2,"name":"Inform\u00e1cie"}]},{"@type":"WebSite","@id":"https:\/\/www.upjs.sk\/pracoviska\/uvz-danisovce\/#website","url":"https:\/\/www.upjs.sk\/pracoviska\/uvz-danisovce\/","name":"U\u010debno-v\u00fdcvikov\u00e9 zariadenie Dani\u0161ovce | UPJ\u0160","description":"","publisher":{"@id":"https:\/\/www.upjs.sk\/pracoviska\/uvz-danisovce\/#organization"},"potentialAction":[{"@type":"SearchAction","target":{"@type":"EntryPoint","urlTemplate":"https:\/\/www.upjs.sk\/pracoviska\/uvz-danisovce\/?s={search_term_string}"},"query-input":{"@type":"PropertyValueSpecification","valueRequired":true,"valueName":"search_term_string"}}],"inLanguage":"sk-SK"},{"@type":"Organization","@id":"https:\/\/www.upjs.sk\/pracoviska\/uvz-danisovce\/#organization","name":"U\u010debno-v\u00fdcvikov\u00e9 zariadenie Dani\u0161ovce | UPJ\u0160","url":"https:\/\/www.upjs.sk\/pracoviska\/uvz-danisovce\/","logo":{"@type":"ImageObject","inLanguage":"sk-SK","@id":"https:\/\/www.upjs.sk\/pracoviska\/uvz-danisovce\/#\/schema\/logo\/image\/","url":"https:\/\/www.upjs.sk\/app\/uploads\/sites\/19\/2023\/01\/DANISOVCE.svg","contentUrl":"https:\/\/www.upjs.sk\/app\/uploads\/sites\/19\/2023\/01\/DANISOVCE.svg","width":500,"height":138,"caption":"U\u010debno-v\u00fdcvikov\u00e9 zariadenie Dani\u0161ovce | UPJ\u0160"},"image":{"@id":"https:\/\/www.upjs.sk\/pracoviska\/uvz-danisovce\/#\/schema\/logo\/image\/"}}]}},"_links":{"self":[{"href":"https:\/\/www.upjs.sk\/pracoviska\/uvz-danisovce\/wp-json\/wp\/v2\/pages\/13106","targetHints":{"allow":["GET"]}}],"collection":[{"href":"https:\/\/www.upjs.sk\/pracoviska\/uvz-danisovce\/wp-json\/wp\/v2\/pages"}],"about":[{"href":"https:\/\/www.upjs.sk\/pracoviska\/uvz-danisovce\/wp-json\/wp\/v2\/types\/page"}],"author":[{"embeddable":true,"href":"https:\/\/www.upjs.sk\/pracoviska\/uvz-danisovce\/wp-json\/wp\/v2\/users\/1"}],"replies":[{"embeddable":true,"href":"https:\/\/www.upjs.sk\/pracoviska\/uvz-danisovce\/wp-json\/wp\/v2\/comments?post=13106"}],"version-history":[{"count":5,"href":"https:\/\/www.upjs.sk\/pracoviska\/uvz-danisovce\/wp-json\/wp\/v2\/pages\/13106\/revisions"}],"predecessor-version":[{"id":13339,"href":"https:\/\/www.upjs.sk\/pracoviska\/uvz-danisovce\/wp-json\/wp\/v2\/pages\/13106\/revisions\/13339"}],"wp:featuredmedia":[{"embeddable":true,"href":"https:\/\/www.upjs.sk\/pracoviska\/uvz-danisovce\/wp-json\/wp\/v2\/media\/13107"}],"wp:attachment":[{"href":"https:\/\/www.upjs.sk\/pracoviska\/uvz-danisovce\/wp-json\/wp\/v2\/media?parent=13106"}],"wp:term":[{"taxonomy":"category","embeddable":true,"href":"https:\/\/www.upjs.sk\/pracoviska\/uvz-danisovce\/wp-json\/wp\/v2\/categories?post=13106"},{"taxonomy":"post_tag","embeddable":true,"href":"https:\/\/www.upjs.sk\/pracoviska\/uvz-danisovce\/wp-json\/wp\/v2\/tags?post=13106"}],"curies":[{"name":"wp","href":"https:\/\/api.w.org\/{rel}","templated":true}]}}