{"id":13109,"date":"2022-04-28T08:49:20","date_gmt":"2022-04-28T08:49:20","guid":{"rendered":"https:\/\/www.upjs.sk\/pracoviska\/uvz-danisovce\/root\/cennik\/"},"modified":"2024-11-14T15:06:57","modified_gmt":"2024-11-14T15:06:57","slug":"cennik","status":"publish","type":"page","link":"https:\/\/www.upjs.sk\/pracoviska\/uvz-danisovce\/cennik\/","title":{"rendered":"Cenn\u00edk"},"content":{"rendered":"\n<p><\/p>\n\n\n\n<p><strong><mark style=\"background-color:rgba(0, 0, 0, 0)\" class=\"has-inline-color has-zakladna-modra-color\">Cena za ubytovanie:<\/mark><\/strong><\/p>\n\n\n\n<ul class=\"wp-block-list\">\n<li>izba 15 \u20ac\/osoba\/noc<\/li>\n\n\n\n<li>apartm\u00e1n 50 \u20ac\/noc<\/li>\n\n\n\n<li>miestny poplatok 1 \u20ac\/osoba\/noc<\/li>\n<\/ul>\n\n\n\n<p><\/p>\n\n\n\n<p><strong> <a href=\"https:\/\/www.upjs.sk\/app\/uploads\/sites\/19\/2024\/11\/CENNIK-UVZ-DANISOVCE-PLATNY-OD-01.01.2025.pdf\" target=\"_blank\" rel=\"noreferrer noopener\">Cenn\u00edk platn\u00fd od 01.01.2025<\/a><\/strong><\/p>\n\n\n\n<p><\/p>\n\n\n\n<p><strong><span style=\"color: #990000;\">Pozor!<br><\/span><\/strong><strong>Zamestnancom UPJ\u0160, ich rodinn\u00fdm pr\u00edslu\u0161n\u00edkom a \u0161tudentom UPJ\u0160 poskytujeme na ubytovanie z\u013eavu.<\/strong><\/p>\n\n\n\n<p><\/p>\n","protected":false},"excerpt":{"rendered":"<p>Cena za ubytovanie: Cenn\u00edk platn\u00fd od 01.01.2025 Pozor!Zamestnancom UPJ\u0160, ich rodinn\u00fdm pr\u00edslu\u0161n\u00edkom a \u0161tudentom UPJ\u0160 poskytujeme na ubytovanie z\u013eavu.<\/p>\n","protected":false},"author":1,"featured_media":0,"parent":0,"menu_order":1,"comment_status":"closed","ping_status":"closed","template":"","meta":{"_acf_changed":false,"_editorskit_title_hidden":false,"_editorskit_reading_time":1,"_editorskit_is_block_options_detached":false,"_editorskit_block_options_position":"{}","footnotes":""},"categories":[],"tags":[],"class_list":["post-13109","page","type-page","status-publish","hentry"],"acf":{"acf_link_na_externy_obsah":""},"yoast_head":"<!-- This site is optimized with the Yoast SEO plugin v27.2 - https:\/\/yoast.com\/product\/yoast-seo-wordpress\/ -->\n<title>Cenn\u00edk - U\u010debno-v\u00fdcvikov\u00e9 zariadenie Dani\u0161ovce | UPJ\u0160<\/title>\n<meta name=\"robots\" content=\"index, follow, max-snippet:-1, max-image-preview:large, max-video-preview:-1\" \/>\n<link rel=\"canonical\" href=\"https:\/\/www.upjs.sk\/pracoviska\/uvz-danisovce\/cennik\/\" \/>\n<meta property=\"og:locale\" content=\"sk_SK\" \/>\n<meta property=\"og:type\" content=\"article\" \/>\n<meta property=\"og:title\" content=\"Cenn\u00edk - U\u010debno-v\u00fdcvikov\u00e9 zariadenie Dani\u0161ovce | UPJ\u0160\" \/>\n<meta property=\"og:description\" content=\"Cena za ubytovanie: Cenn\u00edk platn\u00fd od 01.01.2025 Pozor!Zamestnancom UPJ\u0160, ich rodinn\u00fdm pr\u00edslu\u0161n\u00edkom a \u0161tudentom UPJ\u0160 poskytujeme na ubytovanie z\u013eavu.\" \/>\n<meta property=\"og:url\" content=\"https:\/\/www.upjs.sk\/pracoviska\/uvz-danisovce\/cennik\/\" \/>\n<meta property=\"og:site_name\" content=\"U\u010debno-v\u00fdcvikov\u00e9 zariadenie Dani\u0161ovce | UPJ\u0160\" \/>\n<meta property=\"article:modified_time\" content=\"2024-11-14T15:06:57+00:00\" \/>\n<meta name=\"twitter:card\" content=\"summary_large_image\" \/>\n<meta name=\"twitter:label1\" content=\"Predpokladan\u00fd \u010das \u010d\u00edtania\" \/>\n\t<meta name=\"twitter:data1\" content=\"1 min\u00fata\" \/>\n<script type=\"application\/ld+json\" class=\"yoast-schema-graph\">{\"@context\":\"https:\/\/schema.org\",\"@graph\":[{\"@type\":\"WebPage\",\"@id\":\"https:\/\/www.upjs.sk\/pracoviska\/uvz-danisovce\/cennik\/\",\"url\":\"https:\/\/www.upjs.sk\/pracoviska\/uvz-danisovce\/cennik\/\",\"name\":\"Cenn\u00edk - U\u010debno-v\u00fdcvikov\u00e9 zariadenie Dani\u0161ovce | UPJ\u0160\",\"isPartOf\":{\"@id\":\"https:\/\/www.upjs.sk\/pracoviska\/uvz-danisovce\/#website\"},\"datePublished\":\"2022-04-28T08:49:20+00:00\",\"dateModified\":\"2024-11-14T15:06:57+00:00\",\"breadcrumb\":{\"@id\":\"https:\/\/www.upjs.sk\/pracoviska\/uvz-danisovce\/cennik\/#breadcrumb\"},\"inLanguage\":\"sk-SK\",\"potentialAction\":[{\"@type\":\"ReadAction\",\"target\":[\"https:\/\/www.upjs.sk\/pracoviska\/uvz-danisovce\/cennik\/\"]}]},{\"@type\":\"BreadcrumbList\",\"@id\":\"https:\/\/www.upjs.sk\/pracoviska\/uvz-danisovce\/cennik\/#breadcrumb\",\"itemListElement\":[{\"@type\":\"ListItem\",\"position\":1,\"name\":\"Home\",\"item\":\"https:\/\/www.upjs.sk\/pracoviska\/uvz-danisovce\/\"},{\"@type\":\"ListItem\",\"position\":2,\"name\":\"Cenn\u00edk\"}]},{\"@type\":\"WebSite\",\"@id\":\"https:\/\/www.upjs.sk\/pracoviska\/uvz-danisovce\/#website\",\"url\":\"https:\/\/www.upjs.sk\/pracoviska\/uvz-danisovce\/\",\"name\":\"U\u010debno-v\u00fdcvikov\u00e9 zariadenie Dani\u0161ovce | UPJ\u0160\",\"description\":\"\",\"publisher\":{\"@id\":\"https:\/\/www.upjs.sk\/pracoviska\/uvz-danisovce\/#organization\"},\"potentialAction\":[{\"@type\":\"SearchAction\",\"target\":{\"@type\":\"EntryPoint\",\"urlTemplate\":\"https:\/\/www.upjs.sk\/pracoviska\/uvz-danisovce\/?s={search_term_string}\"},\"query-input\":{\"@type\":\"PropertyValueSpecification\",\"valueRequired\":true,\"valueName\":\"search_term_string\"}}],\"inLanguage\":\"sk-SK\"},{\"@type\":\"Organization\",\"@id\":\"https:\/\/www.upjs.sk\/pracoviska\/uvz-danisovce\/#organization\",\"name\":\"U\u010debno-v\u00fdcvikov\u00e9 zariadenie Dani\u0161ovce | UPJ\u0160\",\"url\":\"https:\/\/www.upjs.sk\/pracoviska\/uvz-danisovce\/\",\"logo\":{\"@type\":\"ImageObject\",\"inLanguage\":\"sk-SK\",\"@id\":\"https:\/\/www.upjs.sk\/pracoviska\/uvz-danisovce\/#\/schema\/logo\/image\/\",\"url\":\"https:\/\/www.upjs.sk\/app\/uploads\/sites\/19\/2023\/01\/DANISOVCE.svg\",\"contentUrl\":\"https:\/\/www.upjs.sk\/app\/uploads\/sites\/19\/2023\/01\/DANISOVCE.svg\",\"width\":500,\"height\":138,\"caption\":\"U\u010debno-v\u00fdcvikov\u00e9 zariadenie Dani\u0161ovce | UPJ\u0160\"},\"image\":{\"@id\":\"https:\/\/www.upjs.sk\/pracoviska\/uvz-danisovce\/#\/schema\/logo\/image\/\"}}]}<\/script>\n<!-- \/ Yoast SEO plugin. -->","yoast_head_json":{"title":"Cenn\u00edk - U\u010debno-v\u00fdcvikov\u00e9 zariadenie Dani\u0161ovce | UPJ\u0160","robots":{"index":"index","follow":"follow","max-snippet":"max-snippet:-1","max-image-preview":"max-image-preview:large","max-video-preview":"max-video-preview:-1"},"canonical":"https:\/\/www.upjs.sk\/pracoviska\/uvz-danisovce\/cennik\/","og_locale":"sk_SK","og_type":"article","og_title":"Cenn\u00edk - U\u010debno-v\u00fdcvikov\u00e9 zariadenie Dani\u0161ovce | UPJ\u0160","og_description":"Cena za ubytovanie: Cenn\u00edk platn\u00fd od 01.01.2025 Pozor!Zamestnancom UPJ\u0160, ich rodinn\u00fdm pr\u00edslu\u0161n\u00edkom a \u0161tudentom UPJ\u0160 poskytujeme na ubytovanie z\u013eavu.","og_url":"https:\/\/www.upjs.sk\/pracoviska\/uvz-danisovce\/cennik\/","og_site_name":"U\u010debno-v\u00fdcvikov\u00e9 zariadenie Dani\u0161ovce | UPJ\u0160","article_modified_time":"2024-11-14T15:06:57+00:00","twitter_card":"summary_large_image","twitter_misc":{"Predpokladan\u00fd \u010das \u010d\u00edtania":"1 min\u00fata"},"schema":{"@context":"https:\/\/schema.org","@graph":[{"@type":"WebPage","@id":"https:\/\/www.upjs.sk\/pracoviska\/uvz-danisovce\/cennik\/","url":"https:\/\/www.upjs.sk\/pracoviska\/uvz-danisovce\/cennik\/","name":"Cenn\u00edk - U\u010debno-v\u00fdcvikov\u00e9 zariadenie Dani\u0161ovce | UPJ\u0160","isPartOf":{"@id":"https:\/\/www.upjs.sk\/pracoviska\/uvz-danisovce\/#website"},"datePublished":"2022-04-28T08:49:20+00:00","dateModified":"2024-11-14T15:06:57+00:00","breadcrumb":{"@id":"https:\/\/www.upjs.sk\/pracoviska\/uvz-danisovce\/cennik\/#breadcrumb"},"inLanguage":"sk-SK","potentialAction":[{"@type":"ReadAction","target":["https:\/\/www.upjs.sk\/pracoviska\/uvz-danisovce\/cennik\/"]}]},{"@type":"BreadcrumbList","@id":"https:\/\/www.upjs.sk\/pracoviska\/uvz-danisovce\/cennik\/#breadcrumb","itemListElement":[{"@type":"ListItem","position":1,"name":"Home","item":"https:\/\/www.upjs.sk\/pracoviska\/uvz-danisovce\/"},{"@type":"ListItem","position":2,"name":"Cenn\u00edk"}]},{"@type":"WebSite","@id":"https:\/\/www.upjs.sk\/pracoviska\/uvz-danisovce\/#website","url":"https:\/\/www.upjs.sk\/pracoviska\/uvz-danisovce\/","name":"U\u010debno-v\u00fdcvikov\u00e9 zariadenie Dani\u0161ovce | UPJ\u0160","description":"","publisher":{"@id":"https:\/\/www.upjs.sk\/pracoviska\/uvz-danisovce\/#organization"},"potentialAction":[{"@type":"SearchAction","target":{"@type":"EntryPoint","urlTemplate":"https:\/\/www.upjs.sk\/pracoviska\/uvz-danisovce\/?s={search_term_string}"},"query-input":{"@type":"PropertyValueSpecification","valueRequired":true,"valueName":"search_term_string"}}],"inLanguage":"sk-SK"},{"@type":"Organization","@id":"https:\/\/www.upjs.sk\/pracoviska\/uvz-danisovce\/#organization","name":"U\u010debno-v\u00fdcvikov\u00e9 zariadenie Dani\u0161ovce | UPJ\u0160","url":"https:\/\/www.upjs.sk\/pracoviska\/uvz-danisovce\/","logo":{"@type":"ImageObject","inLanguage":"sk-SK","@id":"https:\/\/www.upjs.sk\/pracoviska\/uvz-danisovce\/#\/schema\/logo\/image\/","url":"https:\/\/www.upjs.sk\/app\/uploads\/sites\/19\/2023\/01\/DANISOVCE.svg","contentUrl":"https:\/\/www.upjs.sk\/app\/uploads\/sites\/19\/2023\/01\/DANISOVCE.svg","width":500,"height":138,"caption":"U\u010debno-v\u00fdcvikov\u00e9 zariadenie Dani\u0161ovce | UPJ\u0160"},"image":{"@id":"https:\/\/www.upjs.sk\/pracoviska\/uvz-danisovce\/#\/schema\/logo\/image\/"}}]}},"_links":{"self":[{"href":"https:\/\/www.upjs.sk\/pracoviska\/uvz-danisovce\/wp-json\/wp\/v2\/pages\/13109","targetHints":{"allow":["GET"]}}],"collection":[{"href":"https:\/\/www.upjs.sk\/pracoviska\/uvz-danisovce\/wp-json\/wp\/v2\/pages"}],"about":[{"href":"https:\/\/www.upjs.sk\/pracoviska\/uvz-danisovce\/wp-json\/wp\/v2\/types\/page"}],"author":[{"embeddable":true,"href":"https:\/\/www.upjs.sk\/pracoviska\/uvz-danisovce\/wp-json\/wp\/v2\/users\/1"}],"replies":[{"embeddable":true,"href":"https:\/\/www.upjs.sk\/pracoviska\/uvz-danisovce\/wp-json\/wp\/v2\/comments?post=13109"}],"version-history":[{"count":12,"href":"https:\/\/www.upjs.sk\/pracoviska\/uvz-danisovce\/wp-json\/wp\/v2\/pages\/13109\/revisions"}],"predecessor-version":[{"id":13443,"href":"https:\/\/www.upjs.sk\/pracoviska\/uvz-danisovce\/wp-json\/wp\/v2\/pages\/13109\/revisions\/13443"}],"wp:attachment":[{"href":"https:\/\/www.upjs.sk\/pracoviska\/uvz-danisovce\/wp-json\/wp\/v2\/media?parent=13109"}],"wp:term":[{"taxonomy":"category","embeddable":true,"href":"https:\/\/www.upjs.sk\/pracoviska\/uvz-danisovce\/wp-json\/wp\/v2\/categories?post=13109"},{"taxonomy":"post_tag","embeddable":true,"href":"https:\/\/www.upjs.sk\/pracoviska\/uvz-danisovce\/wp-json\/wp\/v2\/tags?post=13109"}],"curies":[{"name":"wp","href":"https:\/\/api.w.org\/{rel}","templated":true}]}}