{"id":13113,"date":"2018-01-11T08:31:24","date_gmt":"2018-01-11T08:31:15","guid":{"rendered":"https:\/\/www.upjs.sk\/pracoviska\/uvz-danisovce\/root\/obsadenost\/"},"modified":"2023-01-19T06:29:13","modified_gmt":"2023-01-19T06:29:13","slug":"obsadenost","status":"publish","type":"page","link":"https:\/\/www.upjs.sk\/pracoviska\/uvz-danisovce\/obsadenost\/","title":{"rendered":"Obsadenos\u0165"},"content":{"rendered":"\n<p><\/p>\n\n\n\n<iframe loading=\"lazy\" frameborder=\"0\" height=\"994\" scrolling=\"no\" src=\"https:\/\/www.ubytko.sk\/occupation_embeed.php?data=4f0f5c96ca8457ccd84c30f91c050157455bd7e615c81&amp;rows=4&amp;cols=3\" style=\"display:block;\" width=\"714\"><\/iframe>\n\n\n\n<div><a href=\"https:\/\/www.ubytko.sk\/penziony\/\"><img decoding=\"async\" alt=\"Penzi\u00f3ny na Slovensku\" src=\"https:\/\/www.ubytko.sk\/public\/img\/occupation_button.png\" style=\"float:left;height:48px;width:131px\"><\/a><\/div>\n\n\n","protected":false},"excerpt":{"rendered":"","protected":false},"author":1,"featured_media":13114,"parent":0,"menu_order":3,"comment_status":"closed","ping_status":"closed","template":"","meta":{"_acf_changed":false,"_editorskit_title_hidden":false,"_editorskit_reading_time":1,"_editorskit_is_block_options_detached":false,"_editorskit_block_options_position":"{}","footnotes":""},"categories":[],"tags":[],"class_list":["post-13113","page","type-page","status-publish","has-post-thumbnail","hentry"],"acf":{"acf_link_na_externy_obsah":""},"yoast_head":"<!-- This site is optimized with the Yoast SEO plugin v27.4 - https:\/\/yoast.com\/product\/yoast-seo-wordpress\/ -->\n<title>Obsadenos\u0165 - U\u010debno-v\u00fdcvikov\u00e9 zariadenie Dani\u0161ovce | UPJ\u0160<\/title>\n<meta name=\"robots\" content=\"index, follow, max-snippet:-1, max-image-preview:large, max-video-preview:-1\" \/>\n<link rel=\"canonical\" href=\"https:\/\/www.upjs.sk\/pracoviska\/uvz-danisovce\/obsadenost\/\" \/>\n<meta property=\"og:locale\" content=\"sk_SK\" \/>\n<meta property=\"og:type\" content=\"article\" \/>\n<meta property=\"og:title\" content=\"Obsadenos\u0165 - U\u010debno-v\u00fdcvikov\u00e9 zariadenie Dani\u0161ovce | UPJ\u0160\" \/>\n<meta property=\"og:url\" content=\"https:\/\/www.upjs.sk\/pracoviska\/uvz-danisovce\/obsadenost\/\" \/>\n<meta property=\"og:site_name\" content=\"U\u010debno-v\u00fdcvikov\u00e9 zariadenie Dani\u0161ovce | UPJ\u0160\" \/>\n<meta property=\"article:modified_time\" content=\"2023-01-19T06:29:13+00:00\" \/>\n<meta property=\"og:image\" content=\"https:\/\/www.upjs.sk\/app\/uploads\/sites\/19\/2022\/10\/occupation_button.png\" \/>\n\t<meta property=\"og:image:width\" content=\"131\" \/>\n\t<meta property=\"og:image:height\" content=\"48\" \/>\n\t<meta property=\"og:image:type\" content=\"image\/png\" \/>\n<meta name=\"twitter:card\" content=\"summary_large_image\" \/>\n<meta name=\"twitter:label1\" content=\"Predpokladan\u00fd \u010das \u010d\u00edtania\" \/>\n\t<meta name=\"twitter:data1\" content=\"1 min\u00fata\" \/>\n<script type=\"application\/ld+json\" class=\"yoast-schema-graph\">{\"@context\":\"https:\\\/\\\/schema.org\",\"@graph\":[{\"@type\":\"WebPage\",\"@id\":\"https:\\\/\\\/www.upjs.sk\\\/pracoviska\\\/uvz-danisovce\\\/obsadenost\\\/\",\"url\":\"https:\\\/\\\/www.upjs.sk\\\/pracoviska\\\/uvz-danisovce\\\/obsadenost\\\/\",\"name\":\"Obsadenos\u0165 - U\u010debno-v\u00fdcvikov\u00e9 zariadenie Dani\u0161ovce | UPJ\u0160\",\"isPartOf\":{\"@id\":\"https:\\\/\\\/www.upjs.sk\\\/pracoviska\\\/uvz-danisovce\\\/#website\"},\"primaryImageOfPage\":{\"@id\":\"https:\\\/\\\/www.upjs.sk\\\/pracoviska\\\/uvz-danisovce\\\/obsadenost\\\/#primaryimage\"},\"image\":{\"@id\":\"https:\\\/\\\/www.upjs.sk\\\/pracoviska\\\/uvz-danisovce\\\/obsadenost\\\/#primaryimage\"},\"thumbnailUrl\":\"https:\\\/\\\/www.upjs.sk\\\/app\\\/uploads\\\/sites\\\/19\\\/2022\\\/10\\\/occupation_button.png\",\"datePublished\":\"2018-01-11T08:31:15+00:00\",\"dateModified\":\"2023-01-19T06:29:13+00:00\",\"breadcrumb\":{\"@id\":\"https:\\\/\\\/www.upjs.sk\\\/pracoviska\\\/uvz-danisovce\\\/obsadenost\\\/#breadcrumb\"},\"inLanguage\":\"sk-SK\",\"potentialAction\":[{\"@type\":\"ReadAction\",\"target\":[\"https:\\\/\\\/www.upjs.sk\\\/pracoviska\\\/uvz-danisovce\\\/obsadenost\\\/\"]}]},{\"@type\":\"ImageObject\",\"inLanguage\":\"sk-SK\",\"@id\":\"https:\\\/\\\/www.upjs.sk\\\/pracoviska\\\/uvz-danisovce\\\/obsadenost\\\/#primaryimage\",\"url\":\"https:\\\/\\\/www.upjs.sk\\\/app\\\/uploads\\\/sites\\\/19\\\/2022\\\/10\\\/occupation_button.png\",\"contentUrl\":\"https:\\\/\\\/www.upjs.sk\\\/app\\\/uploads\\\/sites\\\/19\\\/2022\\\/10\\\/occupation_button.png\",\"width\":131,\"height\":48},{\"@type\":\"BreadcrumbList\",\"@id\":\"https:\\\/\\\/www.upjs.sk\\\/pracoviska\\\/uvz-danisovce\\\/obsadenost\\\/#breadcrumb\",\"itemListElement\":[{\"@type\":\"ListItem\",\"position\":1,\"name\":\"Home\",\"item\":\"https:\\\/\\\/www.upjs.sk\\\/pracoviska\\\/uvz-danisovce\\\/\"},{\"@type\":\"ListItem\",\"position\":2,\"name\":\"Obsadenos\u0165\"}]},{\"@type\":\"WebSite\",\"@id\":\"https:\\\/\\\/www.upjs.sk\\\/pracoviska\\\/uvz-danisovce\\\/#website\",\"url\":\"https:\\\/\\\/www.upjs.sk\\\/pracoviska\\\/uvz-danisovce\\\/\",\"name\":\"U\u010debno-v\u00fdcvikov\u00e9 zariadenie Dani\u0161ovce | UPJ\u0160\",\"description\":\"\",\"publisher\":{\"@id\":\"https:\\\/\\\/www.upjs.sk\\\/pracoviska\\\/uvz-danisovce\\\/#organization\"},\"potentialAction\":[{\"@type\":\"SearchAction\",\"target\":{\"@type\":\"EntryPoint\",\"urlTemplate\":\"https:\\\/\\\/www.upjs.sk\\\/pracoviska\\\/uvz-danisovce\\\/?s={search_term_string}\"},\"query-input\":{\"@type\":\"PropertyValueSpecification\",\"valueRequired\":true,\"valueName\":\"search_term_string\"}}],\"inLanguage\":\"sk-SK\"},{\"@type\":\"Organization\",\"@id\":\"https:\\\/\\\/www.upjs.sk\\\/pracoviska\\\/uvz-danisovce\\\/#organization\",\"name\":\"U\u010debno-v\u00fdcvikov\u00e9 zariadenie Dani\u0161ovce | UPJ\u0160\",\"url\":\"https:\\\/\\\/www.upjs.sk\\\/pracoviska\\\/uvz-danisovce\\\/\",\"logo\":{\"@type\":\"ImageObject\",\"inLanguage\":\"sk-SK\",\"@id\":\"https:\\\/\\\/www.upjs.sk\\\/pracoviska\\\/uvz-danisovce\\\/#\\\/schema\\\/logo\\\/image\\\/\",\"url\":\"https:\\\/\\\/www.upjs.sk\\\/app\\\/uploads\\\/sites\\\/19\\\/2023\\\/01\\\/DANISOVCE.svg\",\"contentUrl\":\"https:\\\/\\\/www.upjs.sk\\\/app\\\/uploads\\\/sites\\\/19\\\/2023\\\/01\\\/DANISOVCE.svg\",\"width\":500,\"height\":138,\"caption\":\"U\u010debno-v\u00fdcvikov\u00e9 zariadenie Dani\u0161ovce | UPJ\u0160\"},\"image\":{\"@id\":\"https:\\\/\\\/www.upjs.sk\\\/pracoviska\\\/uvz-danisovce\\\/#\\\/schema\\\/logo\\\/image\\\/\"}}]}<\/script>\n<!-- \/ Yoast SEO plugin. -->","yoast_head_json":{"title":"Obsadenos\u0165 - U\u010debno-v\u00fdcvikov\u00e9 zariadenie Dani\u0161ovce | UPJ\u0160","robots":{"index":"index","follow":"follow","max-snippet":"max-snippet:-1","max-image-preview":"max-image-preview:large","max-video-preview":"max-video-preview:-1"},"canonical":"https:\/\/www.upjs.sk\/pracoviska\/uvz-danisovce\/obsadenost\/","og_locale":"sk_SK","og_type":"article","og_title":"Obsadenos\u0165 - U\u010debno-v\u00fdcvikov\u00e9 zariadenie Dani\u0161ovce | UPJ\u0160","og_url":"https:\/\/www.upjs.sk\/pracoviska\/uvz-danisovce\/obsadenost\/","og_site_name":"U\u010debno-v\u00fdcvikov\u00e9 zariadenie Dani\u0161ovce | UPJ\u0160","article_modified_time":"2023-01-19T06:29:13+00:00","og_image":[{"width":131,"height":48,"url":"https:\/\/www.upjs.sk\/app\/uploads\/sites\/19\/2022\/10\/occupation_button.png","type":"image\/png"}],"twitter_card":"summary_large_image","twitter_misc":{"Predpokladan\u00fd \u010das \u010d\u00edtania":"1 min\u00fata"},"schema":{"@context":"https:\/\/schema.org","@graph":[{"@type":"WebPage","@id":"https:\/\/www.upjs.sk\/pracoviska\/uvz-danisovce\/obsadenost\/","url":"https:\/\/www.upjs.sk\/pracoviska\/uvz-danisovce\/obsadenost\/","name":"Obsadenos\u0165 - U\u010debno-v\u00fdcvikov\u00e9 zariadenie Dani\u0161ovce | UPJ\u0160","isPartOf":{"@id":"https:\/\/www.upjs.sk\/pracoviska\/uvz-danisovce\/#website"},"primaryImageOfPage":{"@id":"https:\/\/www.upjs.sk\/pracoviska\/uvz-danisovce\/obsadenost\/#primaryimage"},"image":{"@id":"https:\/\/www.upjs.sk\/pracoviska\/uvz-danisovce\/obsadenost\/#primaryimage"},"thumbnailUrl":"https:\/\/www.upjs.sk\/app\/uploads\/sites\/19\/2022\/10\/occupation_button.png","datePublished":"2018-01-11T08:31:15+00:00","dateModified":"2023-01-19T06:29:13+00:00","breadcrumb":{"@id":"https:\/\/www.upjs.sk\/pracoviska\/uvz-danisovce\/obsadenost\/#breadcrumb"},"inLanguage":"sk-SK","potentialAction":[{"@type":"ReadAction","target":["https:\/\/www.upjs.sk\/pracoviska\/uvz-danisovce\/obsadenost\/"]}]},{"@type":"ImageObject","inLanguage":"sk-SK","@id":"https:\/\/www.upjs.sk\/pracoviska\/uvz-danisovce\/obsadenost\/#primaryimage","url":"https:\/\/www.upjs.sk\/app\/uploads\/sites\/19\/2022\/10\/occupation_button.png","contentUrl":"https:\/\/www.upjs.sk\/app\/uploads\/sites\/19\/2022\/10\/occupation_button.png","width":131,"height":48},{"@type":"BreadcrumbList","@id":"https:\/\/www.upjs.sk\/pracoviska\/uvz-danisovce\/obsadenost\/#breadcrumb","itemListElement":[{"@type":"ListItem","position":1,"name":"Home","item":"https:\/\/www.upjs.sk\/pracoviska\/uvz-danisovce\/"},{"@type":"ListItem","position":2,"name":"Obsadenos\u0165"}]},{"@type":"WebSite","@id":"https:\/\/www.upjs.sk\/pracoviska\/uvz-danisovce\/#website","url":"https:\/\/www.upjs.sk\/pracoviska\/uvz-danisovce\/","name":"U\u010debno-v\u00fdcvikov\u00e9 zariadenie Dani\u0161ovce | UPJ\u0160","description":"","publisher":{"@id":"https:\/\/www.upjs.sk\/pracoviska\/uvz-danisovce\/#organization"},"potentialAction":[{"@type":"SearchAction","target":{"@type":"EntryPoint","urlTemplate":"https:\/\/www.upjs.sk\/pracoviska\/uvz-danisovce\/?s={search_term_string}"},"query-input":{"@type":"PropertyValueSpecification","valueRequired":true,"valueName":"search_term_string"}}],"inLanguage":"sk-SK"},{"@type":"Organization","@id":"https:\/\/www.upjs.sk\/pracoviska\/uvz-danisovce\/#organization","name":"U\u010debno-v\u00fdcvikov\u00e9 zariadenie Dani\u0161ovce | UPJ\u0160","url":"https:\/\/www.upjs.sk\/pracoviska\/uvz-danisovce\/","logo":{"@type":"ImageObject","inLanguage":"sk-SK","@id":"https:\/\/www.upjs.sk\/pracoviska\/uvz-danisovce\/#\/schema\/logo\/image\/","url":"https:\/\/www.upjs.sk\/app\/uploads\/sites\/19\/2023\/01\/DANISOVCE.svg","contentUrl":"https:\/\/www.upjs.sk\/app\/uploads\/sites\/19\/2023\/01\/DANISOVCE.svg","width":500,"height":138,"caption":"U\u010debno-v\u00fdcvikov\u00e9 zariadenie Dani\u0161ovce | UPJ\u0160"},"image":{"@id":"https:\/\/www.upjs.sk\/pracoviska\/uvz-danisovce\/#\/schema\/logo\/image\/"}}]}},"_links":{"self":[{"href":"https:\/\/www.upjs.sk\/pracoviska\/uvz-danisovce\/wp-json\/wp\/v2\/pages\/13113","targetHints":{"allow":["GET"]}}],"collection":[{"href":"https:\/\/www.upjs.sk\/pracoviska\/uvz-danisovce\/wp-json\/wp\/v2\/pages"}],"about":[{"href":"https:\/\/www.upjs.sk\/pracoviska\/uvz-danisovce\/wp-json\/wp\/v2\/types\/page"}],"author":[{"embeddable":true,"href":"https:\/\/www.upjs.sk\/pracoviska\/uvz-danisovce\/wp-json\/wp\/v2\/users\/1"}],"replies":[{"embeddable":true,"href":"https:\/\/www.upjs.sk\/pracoviska\/uvz-danisovce\/wp-json\/wp\/v2\/comments?post=13113"}],"version-history":[{"count":36,"href":"https:\/\/www.upjs.sk\/pracoviska\/uvz-danisovce\/wp-json\/wp\/v2\/pages\/13113\/revisions"}],"predecessor-version":[{"id":13318,"href":"https:\/\/www.upjs.sk\/pracoviska\/uvz-danisovce\/wp-json\/wp\/v2\/pages\/13113\/revisions\/13318"}],"wp:featuredmedia":[{"embeddable":true,"href":"https:\/\/www.upjs.sk\/pracoviska\/uvz-danisovce\/wp-json\/wp\/v2\/media\/13114"}],"wp:attachment":[{"href":"https:\/\/www.upjs.sk\/pracoviska\/uvz-danisovce\/wp-json\/wp\/v2\/media?parent=13113"}],"wp:term":[{"taxonomy":"category","embeddable":true,"href":"https:\/\/www.upjs.sk\/pracoviska\/uvz-danisovce\/wp-json\/wp\/v2\/categories?post=13113"},{"taxonomy":"post_tag","embeddable":true,"href":"https:\/\/www.upjs.sk\/pracoviska\/uvz-danisovce\/wp-json\/wp\/v2\/tags?post=13113"}],"curies":[{"name":"wp","href":"https:\/\/api.w.org\/{rel}","templated":true}]}}