{"id":13133,"date":"2019-06-28T09:07:24","date_gmt":"2019-06-28T09:07:24","guid":{"rendered":"https:\/\/www.upjs.sk\/pracoviska\/uvz-danisovce\/root\/kontakt\/"},"modified":"2025-07-01T13:46:15","modified_gmt":"2025-07-01T13:46:15","slug":"kontakt","status":"publish","type":"page","link":"https:\/\/www.upjs.sk\/pracoviska\/uvz-danisovce\/kontakt\/","title":{"rendered":"Kontakt"},"content":{"rendered":"<style>.kb-row-layout-id13133_0b2796-e1 > .kt-row-column-wrap{align-content:start;}:where(.kb-row-layout-id13133_0b2796-e1 > .kt-row-column-wrap) > .wp-block-kadence-column{justify-content:start;}.kb-row-layout-id13133_0b2796-e1 > .kt-row-column-wrap{column-gap:var(--global-kb-gap-md, 2rem);row-gap:var(--global-kb-gap-md, 2rem);padding-top:11px;padding-bottom:0px;}.kb-row-layout-id13133_0b2796-e1 > .kt-row-column-wrap > div:not(.added-for-specificity){grid-column:initial;}.kb-row-layout-id13133_0b2796-e1 > .kt-row-column-wrap{grid-template-columns:repeat(3, minmax(0, 1fr));}.kb-row-layout-id13133_0b2796-e1 > .kt-row-layout-overlay{opacity:0.30;}@media all and (max-width: 1024px){.kb-row-layout-id13133_0b2796-e1 > .kt-row-column-wrap > div:not(.added-for-specificity){grid-column:initial;}}@media all and (max-width: 1024px){.kb-row-layout-id13133_0b2796-e1 > .kt-row-column-wrap{grid-template-columns:repeat(3, minmax(0, 1fr));}}@media all and (max-width: 767px){.kb-row-layout-id13133_0b2796-e1 > .kt-row-column-wrap > div:not(.added-for-specificity){grid-column:initial;}.kb-row-layout-id13133_0b2796-e1 > .kt-row-column-wrap{grid-template-columns:minmax(0, 1fr);}}<\/style><div class=\"kb-row-layout-wrap kb-row-layout-id13133_0b2796-e1 alignnone wp-block-kadence-rowlayout\"><div class=\"kt-row-column-wrap kt-has-3-columns kt-row-layout-equal kt-tab-layout-inherit kt-mobile-layout-row kt-row-valign-top\">\n<style>.kadence-column13133_c76634-d8 > .kt-inside-inner-col,.kadence-column13133_c76634-d8 > .kt-inside-inner-col:before{border-top-left-radius:0px;border-top-right-radius:0px;border-bottom-right-radius:0px;border-bottom-left-radius:0px;}.kadence-column13133_c76634-d8 > .kt-inside-inner-col{column-gap:var(--global-kb-gap-sm, 1rem);}.kadence-column13133_c76634-d8 > .kt-inside-inner-col{flex-direction:column;}.kadence-column13133_c76634-d8 > .kt-inside-inner-col > .aligncenter{width:100%;}.kadence-column13133_c76634-d8 > .kt-inside-inner-col:before{opacity:0.3;}.kadence-column13133_c76634-d8{position:relative;}@media all and (max-width: 1024px){.kadence-column13133_c76634-d8 > .kt-inside-inner-col{flex-direction:column;justify-content:center;}}@media all and (max-width: 767px){.kadence-column13133_c76634-d8 > .kt-inside-inner-col{flex-direction:column;justify-content:center;}}<\/style>\n<div class=\"wp-block-kadence-column kadence-column13133_c76634-d8 inner-column-1\"><div class=\"kt-inside-inner-col\">\n<figure class=\"wp-block-image size-full\"><img loading=\"lazy\" decoding=\"async\" width=\"600\" height=\"399\" src=\"https:\/\/www.upjs.sk\/app\/uploads\/sites\/19\/2022\/10\/danisovce3_1.jpg\" alt=\"\" class=\"wp-image-13122\" srcset=\"https:\/\/www.upjs.sk\/app\/uploads\/sites\/19\/2022\/10\/danisovce3_1.jpg 600w, https:\/\/www.upjs.sk\/app\/uploads\/sites\/19\/2022\/10\/danisovce3_1-300x200.jpg 300w\" sizes=\"auto, (max-width: 600px) 100vw, 600px\" \/><\/figure>\n<\/div><\/div>\n\n\n<style>.kadence-column13133_a4b5a1-d7 > .kt-inside-inner-col,.kadence-column13133_a4b5a1-d7 > .kt-inside-inner-col:before{border-top-left-radius:0px;border-top-right-radius:0px;border-bottom-right-radius:0px;border-bottom-left-radius:0px;}.kadence-column13133_a4b5a1-d7 > .kt-inside-inner-col{column-gap:var(--global-kb-gap-sm, 1rem);}.kadence-column13133_a4b5a1-d7 > .kt-inside-inner-col{flex-direction:column;}.kadence-column13133_a4b5a1-d7 > .kt-inside-inner-col > .aligncenter{width:100%;}.kadence-column13133_a4b5a1-d7 > .kt-inside-inner-col:before{opacity:0.3;}.kadence-column13133_a4b5a1-d7{position:relative;}@media all and (max-width: 1024px){.kadence-column13133_a4b5a1-d7 > .kt-inside-inner-col{flex-direction:column;justify-content:center;}}@media all and (max-width: 767px){.kadence-column13133_a4b5a1-d7 > .kt-inside-inner-col{flex-direction:column;justify-content:center;}}<\/style>\n<div class=\"wp-block-kadence-column kadence-column13133_a4b5a1-d7 inner-column-2\"><div class=\"kt-inside-inner-col\">\n<p class=\"has-text-align-left has-zakladna-modra-color has-text-color\"><strong>U\u010debno-v\u00fdcvikov\u00e9 zariadenie<\/strong> <strong>Dani\u0161ovce<\/strong><\/p>\n\n\n\n<p>Dani\u0161ovce 73, 053 22 Dani\u0161ovce<\/p>\n\n\n\n<p><\/p>\n\n\n\n<p><\/p>\n\n\n\n<p><br>GPS&nbsp;s\u00faradnice:<br>N: 48.94911, E: 20.62150<br>N: 48.56.934, E: 20.37.295<\/p>\n<\/div><\/div>\n\n\n<style>.kadence-column13133_3c0e90-a9 > .kt-inside-inner-col,.kadence-column13133_3c0e90-a9 > .kt-inside-inner-col:before{border-top-left-radius:0px;border-top-right-radius:0px;border-bottom-right-radius:0px;border-bottom-left-radius:0px;}.kadence-column13133_3c0e90-a9 > .kt-inside-inner-col{column-gap:var(--global-kb-gap-sm, 1rem);}.kadence-column13133_3c0e90-a9 > .kt-inside-inner-col{flex-direction:column;}.kadence-column13133_3c0e90-a9 > .kt-inside-inner-col > .aligncenter{width:100%;}.kadence-column13133_3c0e90-a9 > .kt-inside-inner-col:before{opacity:0.3;}.kadence-column13133_3c0e90-a9{position:relative;}@media all and (max-width: 1024px){.kadence-column13133_3c0e90-a9 > .kt-inside-inner-col{flex-direction:column;justify-content:center;}}@media all and (max-width: 767px){.kadence-column13133_3c0e90-a9 > .kt-inside-inner-col{flex-direction:column;justify-content:center;}}<\/style>\n<div class=\"wp-block-kadence-column kadence-column13133_3c0e90-a9 inner-column-3\"><div class=\"kt-inside-inner-col\">\n<p class=\"has-cierna-color has-text-color\"><strong>Ing. Jozef Skokan<\/strong><br><strong>Ved\u00faci<\/strong> <strong>UVZ Dani\u0161ovce<\/strong><br><a href=\"mailto:dan@upjs.sk\" class=\"ek-link\">dan@upjs.sk<\/a><br>mobil:&nbsp;(+421)&nbsp;915&nbsp;995 371<\/p>\n\n\n\n<p><\/p>\n<\/div><\/div>\n\n<\/div><\/div>","protected":false},"excerpt":{"rendered":"<p>U\u010debno-v\u00fdcvikov\u00e9 zariadenie Dani\u0161ovce Dani\u0161ovce 73, 053 22 Dani\u0161ovce GPS&nbsp;s\u00faradnice:N: 48.94911, E: 20.62150N: 48.56.934, E: 20.37.295 Ing. Jozef SkokanVed\u00faci UVZ Dani\u0161ovcedan@upjs.skmobil:&nbsp;(+421)&nbsp;915&nbsp;995 371<\/p>\n","protected":false},"author":1,"featured_media":13136,"parent":0,"menu_order":7,"comment_status":"closed","ping_status":"closed","template":"","meta":{"_acf_changed":false,"_editorskit_title_hidden":false,"_editorskit_reading_time":0,"_editorskit_is_block_options_detached":false,"_editorskit_block_options_position":"{}","footnotes":""},"categories":[],"tags":[],"class_list":["post-13133","page","type-page","status-publish","has-post-thumbnail","hentry"],"acf":{"acf_link_na_externy_obsah":""},"yoast_head":"<!-- This site is optimized with the Yoast SEO plugin v27.5 - https:\/\/yoast.com\/product\/yoast-seo-wordpress\/ -->\n<title>Kontakt - U\u010debno-v\u00fdcvikov\u00e9 zariadenie Dani\u0161ovce | UPJ\u0160<\/title>\n<meta name=\"robots\" content=\"index, follow, max-snippet:-1, max-image-preview:large, max-video-preview:-1\" \/>\n<link rel=\"canonical\" href=\"https:\/\/www.upjs.sk\/pracoviska\/uvz-danisovce\/kontakt\/\" \/>\n<meta property=\"og:locale\" content=\"sk_SK\" \/>\n<meta property=\"og:type\" content=\"article\" \/>\n<meta property=\"og:title\" content=\"Kontakt - U\u010debno-v\u00fdcvikov\u00e9 zariadenie Dani\u0161ovce | UPJ\u0160\" \/>\n<meta property=\"og:description\" content=\"U\u010debno-v\u00fdcvikov\u00e9 zariadenie Dani\u0161ovce Dani\u0161ovce 73, 053 22 Dani\u0161ovce GPS&nbsp;s\u00faradnice:N: 48.94911, E: 20.62150N: 48.56.934, E: 20.37.295 Ing. Jozef SkokanVed\u00faci UVZ Dani\u0161ovcedan@upjs.skmobil:&nbsp;(+421)&nbsp;915&nbsp;995 371\" \/>\n<meta property=\"og:url\" content=\"https:\/\/www.upjs.sk\/pracoviska\/uvz-danisovce\/kontakt\/\" \/>\n<meta property=\"og:site_name\" content=\"U\u010debno-v\u00fdcvikov\u00e9 zariadenie Dani\u0161ovce | UPJ\u0160\" \/>\n<meta property=\"article:modified_time\" content=\"2025-07-01T13:46:15+00:00\" \/>\n<meta property=\"og:image\" content=\"https:\/\/www.upjs.sk\/app\/uploads\/sites\/19\/2022\/10\/kiskatravel-logo.jpg\" \/>\n\t<meta property=\"og:image:width\" content=\"300\" \/>\n\t<meta property=\"og:image:height\" content=\"86\" \/>\n\t<meta property=\"og:image:type\" content=\"image\/jpeg\" \/>\n<meta name=\"twitter:card\" content=\"summary_large_image\" \/>\n<meta name=\"twitter:label1\" content=\"Predpokladan\u00fd \u010das \u010d\u00edtania\" \/>\n\t<meta name=\"twitter:data1\" content=\"1 min\u00fata\" \/>\n<script type=\"application\/ld+json\" class=\"yoast-schema-graph\">{\"@context\":\"https:\\\/\\\/schema.org\",\"@graph\":[{\"@type\":\"WebPage\",\"@id\":\"https:\\\/\\\/www.upjs.sk\\\/pracoviska\\\/uvz-danisovce\\\/kontakt\\\/\",\"url\":\"https:\\\/\\\/www.upjs.sk\\\/pracoviska\\\/uvz-danisovce\\\/kontakt\\\/\",\"name\":\"Kontakt - U\u010debno-v\u00fdcvikov\u00e9 zariadenie Dani\u0161ovce | UPJ\u0160\",\"isPartOf\":{\"@id\":\"https:\\\/\\\/www.upjs.sk\\\/pracoviska\\\/uvz-danisovce\\\/#website\"},\"primaryImageOfPage\":{\"@id\":\"https:\\\/\\\/www.upjs.sk\\\/pracoviska\\\/uvz-danisovce\\\/kontakt\\\/#primaryimage\"},\"image\":{\"@id\":\"https:\\\/\\\/www.upjs.sk\\\/pracoviska\\\/uvz-danisovce\\\/kontakt\\\/#primaryimage\"},\"thumbnailUrl\":\"https:\\\/\\\/www.upjs.sk\\\/app\\\/uploads\\\/sites\\\/19\\\/2022\\\/10\\\/kiskatravel-logo.jpg\",\"datePublished\":\"2019-06-28T09:07:24+00:00\",\"dateModified\":\"2025-07-01T13:46:15+00:00\",\"breadcrumb\":{\"@id\":\"https:\\\/\\\/www.upjs.sk\\\/pracoviska\\\/uvz-danisovce\\\/kontakt\\\/#breadcrumb\"},\"inLanguage\":\"sk-SK\",\"potentialAction\":[{\"@type\":\"ReadAction\",\"target\":[\"https:\\\/\\\/www.upjs.sk\\\/pracoviska\\\/uvz-danisovce\\\/kontakt\\\/\"]}]},{\"@type\":\"ImageObject\",\"inLanguage\":\"sk-SK\",\"@id\":\"https:\\\/\\\/www.upjs.sk\\\/pracoviska\\\/uvz-danisovce\\\/kontakt\\\/#primaryimage\",\"url\":\"https:\\\/\\\/www.upjs.sk\\\/app\\\/uploads\\\/sites\\\/19\\\/2022\\\/10\\\/kiskatravel-logo.jpg\",\"contentUrl\":\"https:\\\/\\\/www.upjs.sk\\\/app\\\/uploads\\\/sites\\\/19\\\/2022\\\/10\\\/kiskatravel-logo.jpg\",\"width\":300,\"height\":86,\"caption\":\"kontakt\"},{\"@type\":\"BreadcrumbList\",\"@id\":\"https:\\\/\\\/www.upjs.sk\\\/pracoviska\\\/uvz-danisovce\\\/kontakt\\\/#breadcrumb\",\"itemListElement\":[{\"@type\":\"ListItem\",\"position\":1,\"name\":\"Home\",\"item\":\"https:\\\/\\\/www.upjs.sk\\\/pracoviska\\\/uvz-danisovce\\\/\"},{\"@type\":\"ListItem\",\"position\":2,\"name\":\"Kontakt\"}]},{\"@type\":\"WebSite\",\"@id\":\"https:\\\/\\\/www.upjs.sk\\\/pracoviska\\\/uvz-danisovce\\\/#website\",\"url\":\"https:\\\/\\\/www.upjs.sk\\\/pracoviska\\\/uvz-danisovce\\\/\",\"name\":\"U\u010debno-v\u00fdcvikov\u00e9 zariadenie Dani\u0161ovce | UPJ\u0160\",\"description\":\"\",\"publisher\":{\"@id\":\"https:\\\/\\\/www.upjs.sk\\\/pracoviska\\\/uvz-danisovce\\\/#organization\"},\"potentialAction\":[{\"@type\":\"SearchAction\",\"target\":{\"@type\":\"EntryPoint\",\"urlTemplate\":\"https:\\\/\\\/www.upjs.sk\\\/pracoviska\\\/uvz-danisovce\\\/?s={search_term_string}\"},\"query-input\":{\"@type\":\"PropertyValueSpecification\",\"valueRequired\":true,\"valueName\":\"search_term_string\"}}],\"inLanguage\":\"sk-SK\"},{\"@type\":\"Organization\",\"@id\":\"https:\\\/\\\/www.upjs.sk\\\/pracoviska\\\/uvz-danisovce\\\/#organization\",\"name\":\"U\u010debno-v\u00fdcvikov\u00e9 zariadenie Dani\u0161ovce | UPJ\u0160\",\"url\":\"https:\\\/\\\/www.upjs.sk\\\/pracoviska\\\/uvz-danisovce\\\/\",\"logo\":{\"@type\":\"ImageObject\",\"inLanguage\":\"sk-SK\",\"@id\":\"https:\\\/\\\/www.upjs.sk\\\/pracoviska\\\/uvz-danisovce\\\/#\\\/schema\\\/logo\\\/image\\\/\",\"url\":\"https:\\\/\\\/www.upjs.sk\\\/app\\\/uploads\\\/sites\\\/19\\\/2023\\\/01\\\/DANISOVCE.svg\",\"contentUrl\":\"https:\\\/\\\/www.upjs.sk\\\/app\\\/uploads\\\/sites\\\/19\\\/2023\\\/01\\\/DANISOVCE.svg\",\"width\":500,\"height\":138,\"caption\":\"U\u010debno-v\u00fdcvikov\u00e9 zariadenie Dani\u0161ovce | UPJ\u0160\"},\"image\":{\"@id\":\"https:\\\/\\\/www.upjs.sk\\\/pracoviska\\\/uvz-danisovce\\\/#\\\/schema\\\/logo\\\/image\\\/\"}}]}<\/script>\n<!-- \/ Yoast SEO plugin. -->","yoast_head_json":{"title":"Kontakt - U\u010debno-v\u00fdcvikov\u00e9 zariadenie Dani\u0161ovce | UPJ\u0160","robots":{"index":"index","follow":"follow","max-snippet":"max-snippet:-1","max-image-preview":"max-image-preview:large","max-video-preview":"max-video-preview:-1"},"canonical":"https:\/\/www.upjs.sk\/pracoviska\/uvz-danisovce\/kontakt\/","og_locale":"sk_SK","og_type":"article","og_title":"Kontakt - U\u010debno-v\u00fdcvikov\u00e9 zariadenie Dani\u0161ovce | UPJ\u0160","og_description":"U\u010debno-v\u00fdcvikov\u00e9 zariadenie Dani\u0161ovce Dani\u0161ovce 73, 053 22 Dani\u0161ovce GPS&nbsp;s\u00faradnice:N: 48.94911, E: 20.62150N: 48.56.934, E: 20.37.295 Ing. Jozef SkokanVed\u00faci UVZ Dani\u0161ovcedan@upjs.skmobil:&nbsp;(+421)&nbsp;915&nbsp;995 371","og_url":"https:\/\/www.upjs.sk\/pracoviska\/uvz-danisovce\/kontakt\/","og_site_name":"U\u010debno-v\u00fdcvikov\u00e9 zariadenie Dani\u0161ovce | UPJ\u0160","article_modified_time":"2025-07-01T13:46:15+00:00","og_image":[{"width":300,"height":86,"url":"https:\/\/www.upjs.sk\/app\/uploads\/sites\/19\/2022\/10\/kiskatravel-logo.jpg","type":"image\/jpeg"}],"twitter_card":"summary_large_image","twitter_misc":{"Predpokladan\u00fd \u010das \u010d\u00edtania":"1 min\u00fata"},"schema":{"@context":"https:\/\/schema.org","@graph":[{"@type":"WebPage","@id":"https:\/\/www.upjs.sk\/pracoviska\/uvz-danisovce\/kontakt\/","url":"https:\/\/www.upjs.sk\/pracoviska\/uvz-danisovce\/kontakt\/","name":"Kontakt - U\u010debno-v\u00fdcvikov\u00e9 zariadenie Dani\u0161ovce | UPJ\u0160","isPartOf":{"@id":"https:\/\/www.upjs.sk\/pracoviska\/uvz-danisovce\/#website"},"primaryImageOfPage":{"@id":"https:\/\/www.upjs.sk\/pracoviska\/uvz-danisovce\/kontakt\/#primaryimage"},"image":{"@id":"https:\/\/www.upjs.sk\/pracoviska\/uvz-danisovce\/kontakt\/#primaryimage"},"thumbnailUrl":"https:\/\/www.upjs.sk\/app\/uploads\/sites\/19\/2022\/10\/kiskatravel-logo.jpg","datePublished":"2019-06-28T09:07:24+00:00","dateModified":"2025-07-01T13:46:15+00:00","breadcrumb":{"@id":"https:\/\/www.upjs.sk\/pracoviska\/uvz-danisovce\/kontakt\/#breadcrumb"},"inLanguage":"sk-SK","potentialAction":[{"@type":"ReadAction","target":["https:\/\/www.upjs.sk\/pracoviska\/uvz-danisovce\/kontakt\/"]}]},{"@type":"ImageObject","inLanguage":"sk-SK","@id":"https:\/\/www.upjs.sk\/pracoviska\/uvz-danisovce\/kontakt\/#primaryimage","url":"https:\/\/www.upjs.sk\/app\/uploads\/sites\/19\/2022\/10\/kiskatravel-logo.jpg","contentUrl":"https:\/\/www.upjs.sk\/app\/uploads\/sites\/19\/2022\/10\/kiskatravel-logo.jpg","width":300,"height":86,"caption":"kontakt"},{"@type":"BreadcrumbList","@id":"https:\/\/www.upjs.sk\/pracoviska\/uvz-danisovce\/kontakt\/#breadcrumb","itemListElement":[{"@type":"ListItem","position":1,"name":"Home","item":"https:\/\/www.upjs.sk\/pracoviska\/uvz-danisovce\/"},{"@type":"ListItem","position":2,"name":"Kontakt"}]},{"@type":"WebSite","@id":"https:\/\/www.upjs.sk\/pracoviska\/uvz-danisovce\/#website","url":"https:\/\/www.upjs.sk\/pracoviska\/uvz-danisovce\/","name":"U\u010debno-v\u00fdcvikov\u00e9 zariadenie Dani\u0161ovce | UPJ\u0160","description":"","publisher":{"@id":"https:\/\/www.upjs.sk\/pracoviska\/uvz-danisovce\/#organization"},"potentialAction":[{"@type":"SearchAction","target":{"@type":"EntryPoint","urlTemplate":"https:\/\/www.upjs.sk\/pracoviska\/uvz-danisovce\/?s={search_term_string}"},"query-input":{"@type":"PropertyValueSpecification","valueRequired":true,"valueName":"search_term_string"}}],"inLanguage":"sk-SK"},{"@type":"Organization","@id":"https:\/\/www.upjs.sk\/pracoviska\/uvz-danisovce\/#organization","name":"U\u010debno-v\u00fdcvikov\u00e9 zariadenie Dani\u0161ovce | UPJ\u0160","url":"https:\/\/www.upjs.sk\/pracoviska\/uvz-danisovce\/","logo":{"@type":"ImageObject","inLanguage":"sk-SK","@id":"https:\/\/www.upjs.sk\/pracoviska\/uvz-danisovce\/#\/schema\/logo\/image\/","url":"https:\/\/www.upjs.sk\/app\/uploads\/sites\/19\/2023\/01\/DANISOVCE.svg","contentUrl":"https:\/\/www.upjs.sk\/app\/uploads\/sites\/19\/2023\/01\/DANISOVCE.svg","width":500,"height":138,"caption":"U\u010debno-v\u00fdcvikov\u00e9 zariadenie Dani\u0161ovce | UPJ\u0160"},"image":{"@id":"https:\/\/www.upjs.sk\/pracoviska\/uvz-danisovce\/#\/schema\/logo\/image\/"}}]}},"_links":{"self":[{"href":"https:\/\/www.upjs.sk\/pracoviska\/uvz-danisovce\/wp-json\/wp\/v2\/pages\/13133","targetHints":{"allow":["GET"]}}],"collection":[{"href":"https:\/\/www.upjs.sk\/pracoviska\/uvz-danisovce\/wp-json\/wp\/v2\/pages"}],"about":[{"href":"https:\/\/www.upjs.sk\/pracoviska\/uvz-danisovce\/wp-json\/wp\/v2\/types\/page"}],"author":[{"embeddable":true,"href":"https:\/\/www.upjs.sk\/pracoviska\/uvz-danisovce\/wp-json\/wp\/v2\/users\/1"}],"replies":[{"embeddable":true,"href":"https:\/\/www.upjs.sk\/pracoviska\/uvz-danisovce\/wp-json\/wp\/v2\/comments?post=13133"}],"version-history":[{"count":18,"href":"https:\/\/www.upjs.sk\/pracoviska\/uvz-danisovce\/wp-json\/wp\/v2\/pages\/13133\/revisions"}],"predecessor-version":[{"id":13453,"href":"https:\/\/www.upjs.sk\/pracoviska\/uvz-danisovce\/wp-json\/wp\/v2\/pages\/13133\/revisions\/13453"}],"wp:featuredmedia":[{"embeddable":true,"href":"https:\/\/www.upjs.sk\/pracoviska\/uvz-danisovce\/wp-json\/wp\/v2\/media\/13136"}],"wp:attachment":[{"href":"https:\/\/www.upjs.sk\/pracoviska\/uvz-danisovce\/wp-json\/wp\/v2\/media?parent=13133"}],"wp:term":[{"taxonomy":"category","embeddable":true,"href":"https:\/\/www.upjs.sk\/pracoviska\/uvz-danisovce\/wp-json\/wp\/v2\/categories?post=13133"},{"taxonomy":"post_tag","embeddable":true,"href":"https:\/\/www.upjs.sk\/pracoviska\/uvz-danisovce\/wp-json\/wp\/v2\/tags?post=13133"}],"curies":[{"name":"wp","href":"https:\/\/api.w.org\/{rel}","templated":true}]}}