{"id":13445,"date":"2025-07-01T13:18:46","date_gmt":"2025-07-01T13:18:46","guid":{"rendered":"https:\/\/www.upjs.sk\/pracoviska\/uvz-danisovce\/?page_id=13445"},"modified":"2025-07-01T13:20:24","modified_gmt":"2025-07-01T13:20:24","slug":"virtualna-prehliadka-objektu","status":"publish","type":"page","link":"https:\/\/www.upjs.sk\/pracoviska\/uvz-danisovce\/virtualna-prehliadka-objektu\/","title":{"rendered":"Virtu\u00e1lna prehliadka objektu"},"content":{"rendered":"\n<ul class=\"wp-block-list\">\n<li><a href=\"https:\/\/maps.app.goo.gl\/cfSdv9t27zUkk9uDA\"><strong>Poh\u013ead do spolo\u010denskej miestnosti<\/strong><\/a><\/li>\n<\/ul>\n\n\n\n<ul class=\"wp-block-list\">\n<li><a href=\"https:\/\/maps.app.goo.gl\/PhjQi46A6NCcf1JC9\"><strong>Poh\u013ead do izby<\/strong><\/a><\/li>\n<\/ul>\n\n\n\n<ul class=\"wp-block-list\">\n<li><strong><a href=\"https:\/\/maps.app.goo.gl\/4gLz23u6TV4oSvjM6\">Poh\u013ead do apartm\u00e1nu<\/a> <\/strong><\/li>\n<\/ul>\n\n\n\n<p><\/p>\n","protected":false},"excerpt":{"rendered":"","protected":false},"author":16,"featured_media":0,"parent":0,"menu_order":5,"comment_status":"closed","ping_status":"closed","template":"","meta":{"_acf_changed":false,"_editorskit_title_hidden":false,"_editorskit_reading_time":0,"_editorskit_is_block_options_detached":false,"_editorskit_block_options_position":"{}","footnotes":""},"categories":[],"tags":[],"class_list":["post-13445","page","type-page","status-publish","hentry"],"acf":{"acf_link_na_externy_obsah":""},"yoast_head":"<!-- This site is optimized with the Yoast SEO plugin v27.5 - https:\/\/yoast.com\/product\/yoast-seo-wordpress\/ -->\n<title>Virtu\u00e1lna prehliadka objektu - U\u010debno-v\u00fdcvikov\u00e9 zariadenie Dani\u0161ovce | UPJ\u0160<\/title>\n<meta name=\"robots\" content=\"index, follow, max-snippet:-1, max-image-preview:large, max-video-preview:-1\" \/>\n<link rel=\"canonical\" href=\"https:\/\/www.upjs.sk\/pracoviska\/uvz-danisovce\/virtualna-prehliadka-objektu\/\" \/>\n<meta property=\"og:locale\" content=\"sk_SK\" \/>\n<meta property=\"og:type\" content=\"article\" \/>\n<meta property=\"og:title\" content=\"Virtu\u00e1lna prehliadka objektu - U\u010debno-v\u00fdcvikov\u00e9 zariadenie Dani\u0161ovce | UPJ\u0160\" \/>\n<meta property=\"og:url\" content=\"https:\/\/www.upjs.sk\/pracoviska\/uvz-danisovce\/virtualna-prehliadka-objektu\/\" \/>\n<meta property=\"og:site_name\" content=\"U\u010debno-v\u00fdcvikov\u00e9 zariadenie Dani\u0161ovce | UPJ\u0160\" \/>\n<meta property=\"article:modified_time\" content=\"2025-07-01T13:20:24+00:00\" \/>\n<meta name=\"twitter:card\" content=\"summary_large_image\" \/>\n<meta name=\"twitter:label1\" content=\"Predpokladan\u00fd \u010das \u010d\u00edtania\" \/>\n\t<meta name=\"twitter:data1\" content=\"1 min\u00fata\" \/>\n<script type=\"application\/ld+json\" class=\"yoast-schema-graph\">{\"@context\":\"https:\\\/\\\/schema.org\",\"@graph\":[{\"@type\":\"WebPage\",\"@id\":\"https:\\\/\\\/www.upjs.sk\\\/pracoviska\\\/uvz-danisovce\\\/virtualna-prehliadka-objektu\\\/\",\"url\":\"https:\\\/\\\/www.upjs.sk\\\/pracoviska\\\/uvz-danisovce\\\/virtualna-prehliadka-objektu\\\/\",\"name\":\"Virtu\u00e1lna prehliadka objektu - U\u010debno-v\u00fdcvikov\u00e9 zariadenie Dani\u0161ovce | UPJ\u0160\",\"isPartOf\":{\"@id\":\"https:\\\/\\\/www.upjs.sk\\\/pracoviska\\\/uvz-danisovce\\\/#website\"},\"datePublished\":\"2025-07-01T13:18:46+00:00\",\"dateModified\":\"2025-07-01T13:20:24+00:00\",\"breadcrumb\":{\"@id\":\"https:\\\/\\\/www.upjs.sk\\\/pracoviska\\\/uvz-danisovce\\\/virtualna-prehliadka-objektu\\\/#breadcrumb\"},\"inLanguage\":\"sk-SK\",\"potentialAction\":[{\"@type\":\"ReadAction\",\"target\":[\"https:\\\/\\\/www.upjs.sk\\\/pracoviska\\\/uvz-danisovce\\\/virtualna-prehliadka-objektu\\\/\"]}]},{\"@type\":\"BreadcrumbList\",\"@id\":\"https:\\\/\\\/www.upjs.sk\\\/pracoviska\\\/uvz-danisovce\\\/virtualna-prehliadka-objektu\\\/#breadcrumb\",\"itemListElement\":[{\"@type\":\"ListItem\",\"position\":1,\"name\":\"Home\",\"item\":\"https:\\\/\\\/www.upjs.sk\\\/pracoviska\\\/uvz-danisovce\\\/\"},{\"@type\":\"ListItem\",\"position\":2,\"name\":\"Virtu\u00e1lna prehliadka objektu\"}]},{\"@type\":\"WebSite\",\"@id\":\"https:\\\/\\\/www.upjs.sk\\\/pracoviska\\\/uvz-danisovce\\\/#website\",\"url\":\"https:\\\/\\\/www.upjs.sk\\\/pracoviska\\\/uvz-danisovce\\\/\",\"name\":\"U\u010debno-v\u00fdcvikov\u00e9 zariadenie Dani\u0161ovce | UPJ\u0160\",\"description\":\"\",\"publisher\":{\"@id\":\"https:\\\/\\\/www.upjs.sk\\\/pracoviska\\\/uvz-danisovce\\\/#organization\"},\"potentialAction\":[{\"@type\":\"SearchAction\",\"target\":{\"@type\":\"EntryPoint\",\"urlTemplate\":\"https:\\\/\\\/www.upjs.sk\\\/pracoviska\\\/uvz-danisovce\\\/?s={search_term_string}\"},\"query-input\":{\"@type\":\"PropertyValueSpecification\",\"valueRequired\":true,\"valueName\":\"search_term_string\"}}],\"inLanguage\":\"sk-SK\"},{\"@type\":\"Organization\",\"@id\":\"https:\\\/\\\/www.upjs.sk\\\/pracoviska\\\/uvz-danisovce\\\/#organization\",\"name\":\"U\u010debno-v\u00fdcvikov\u00e9 zariadenie Dani\u0161ovce | UPJ\u0160\",\"url\":\"https:\\\/\\\/www.upjs.sk\\\/pracoviska\\\/uvz-danisovce\\\/\",\"logo\":{\"@type\":\"ImageObject\",\"inLanguage\":\"sk-SK\",\"@id\":\"https:\\\/\\\/www.upjs.sk\\\/pracoviska\\\/uvz-danisovce\\\/#\\\/schema\\\/logo\\\/image\\\/\",\"url\":\"https:\\\/\\\/www.upjs.sk\\\/app\\\/uploads\\\/sites\\\/19\\\/2023\\\/01\\\/DANISOVCE.svg\",\"contentUrl\":\"https:\\\/\\\/www.upjs.sk\\\/app\\\/uploads\\\/sites\\\/19\\\/2023\\\/01\\\/DANISOVCE.svg\",\"width\":500,\"height\":138,\"caption\":\"U\u010debno-v\u00fdcvikov\u00e9 zariadenie Dani\u0161ovce | UPJ\u0160\"},\"image\":{\"@id\":\"https:\\\/\\\/www.upjs.sk\\\/pracoviska\\\/uvz-danisovce\\\/#\\\/schema\\\/logo\\\/image\\\/\"}}]}<\/script>\n<!-- \/ Yoast SEO plugin. -->","yoast_head_json":{"title":"Virtu\u00e1lna prehliadka objektu - U\u010debno-v\u00fdcvikov\u00e9 zariadenie Dani\u0161ovce | UPJ\u0160","robots":{"index":"index","follow":"follow","max-snippet":"max-snippet:-1","max-image-preview":"max-image-preview:large","max-video-preview":"max-video-preview:-1"},"canonical":"https:\/\/www.upjs.sk\/pracoviska\/uvz-danisovce\/virtualna-prehliadka-objektu\/","og_locale":"sk_SK","og_type":"article","og_title":"Virtu\u00e1lna prehliadka objektu - U\u010debno-v\u00fdcvikov\u00e9 zariadenie Dani\u0161ovce | UPJ\u0160","og_url":"https:\/\/www.upjs.sk\/pracoviska\/uvz-danisovce\/virtualna-prehliadka-objektu\/","og_site_name":"U\u010debno-v\u00fdcvikov\u00e9 zariadenie Dani\u0161ovce | UPJ\u0160","article_modified_time":"2025-07-01T13:20:24+00:00","twitter_card":"summary_large_image","twitter_misc":{"Predpokladan\u00fd \u010das \u010d\u00edtania":"1 min\u00fata"},"schema":{"@context":"https:\/\/schema.org","@graph":[{"@type":"WebPage","@id":"https:\/\/www.upjs.sk\/pracoviska\/uvz-danisovce\/virtualna-prehliadka-objektu\/","url":"https:\/\/www.upjs.sk\/pracoviska\/uvz-danisovce\/virtualna-prehliadka-objektu\/","name":"Virtu\u00e1lna prehliadka objektu - U\u010debno-v\u00fdcvikov\u00e9 zariadenie Dani\u0161ovce | UPJ\u0160","isPartOf":{"@id":"https:\/\/www.upjs.sk\/pracoviska\/uvz-danisovce\/#website"},"datePublished":"2025-07-01T13:18:46+00:00","dateModified":"2025-07-01T13:20:24+00:00","breadcrumb":{"@id":"https:\/\/www.upjs.sk\/pracoviska\/uvz-danisovce\/virtualna-prehliadka-objektu\/#breadcrumb"},"inLanguage":"sk-SK","potentialAction":[{"@type":"ReadAction","target":["https:\/\/www.upjs.sk\/pracoviska\/uvz-danisovce\/virtualna-prehliadka-objektu\/"]}]},{"@type":"BreadcrumbList","@id":"https:\/\/www.upjs.sk\/pracoviska\/uvz-danisovce\/virtualna-prehliadka-objektu\/#breadcrumb","itemListElement":[{"@type":"ListItem","position":1,"name":"Home","item":"https:\/\/www.upjs.sk\/pracoviska\/uvz-danisovce\/"},{"@type":"ListItem","position":2,"name":"Virtu\u00e1lna prehliadka objektu"}]},{"@type":"WebSite","@id":"https:\/\/www.upjs.sk\/pracoviska\/uvz-danisovce\/#website","url":"https:\/\/www.upjs.sk\/pracoviska\/uvz-danisovce\/","name":"U\u010debno-v\u00fdcvikov\u00e9 zariadenie Dani\u0161ovce | UPJ\u0160","description":"","publisher":{"@id":"https:\/\/www.upjs.sk\/pracoviska\/uvz-danisovce\/#organization"},"potentialAction":[{"@type":"SearchAction","target":{"@type":"EntryPoint","urlTemplate":"https:\/\/www.upjs.sk\/pracoviska\/uvz-danisovce\/?s={search_term_string}"},"query-input":{"@type":"PropertyValueSpecification","valueRequired":true,"valueName":"search_term_string"}}],"inLanguage":"sk-SK"},{"@type":"Organization","@id":"https:\/\/www.upjs.sk\/pracoviska\/uvz-danisovce\/#organization","name":"U\u010debno-v\u00fdcvikov\u00e9 zariadenie Dani\u0161ovce | UPJ\u0160","url":"https:\/\/www.upjs.sk\/pracoviska\/uvz-danisovce\/","logo":{"@type":"ImageObject","inLanguage":"sk-SK","@id":"https:\/\/www.upjs.sk\/pracoviska\/uvz-danisovce\/#\/schema\/logo\/image\/","url":"https:\/\/www.upjs.sk\/app\/uploads\/sites\/19\/2023\/01\/DANISOVCE.svg","contentUrl":"https:\/\/www.upjs.sk\/app\/uploads\/sites\/19\/2023\/01\/DANISOVCE.svg","width":500,"height":138,"caption":"U\u010debno-v\u00fdcvikov\u00e9 zariadenie Dani\u0161ovce | UPJ\u0160"},"image":{"@id":"https:\/\/www.upjs.sk\/pracoviska\/uvz-danisovce\/#\/schema\/logo\/image\/"}}]}},"_links":{"self":[{"href":"https:\/\/www.upjs.sk\/pracoviska\/uvz-danisovce\/wp-json\/wp\/v2\/pages\/13445","targetHints":{"allow":["GET"]}}],"collection":[{"href":"https:\/\/www.upjs.sk\/pracoviska\/uvz-danisovce\/wp-json\/wp\/v2\/pages"}],"about":[{"href":"https:\/\/www.upjs.sk\/pracoviska\/uvz-danisovce\/wp-json\/wp\/v2\/types\/page"}],"author":[{"embeddable":true,"href":"https:\/\/www.upjs.sk\/pracoviska\/uvz-danisovce\/wp-json\/wp\/v2\/users\/16"}],"replies":[{"embeddable":true,"href":"https:\/\/www.upjs.sk\/pracoviska\/uvz-danisovce\/wp-json\/wp\/v2\/comments?post=13445"}],"version-history":[{"count":4,"href":"https:\/\/www.upjs.sk\/pracoviska\/uvz-danisovce\/wp-json\/wp\/v2\/pages\/13445\/revisions"}],"predecessor-version":[{"id":13449,"href":"https:\/\/www.upjs.sk\/pracoviska\/uvz-danisovce\/wp-json\/wp\/v2\/pages\/13445\/revisions\/13449"}],"wp:attachment":[{"href":"https:\/\/www.upjs.sk\/pracoviska\/uvz-danisovce\/wp-json\/wp\/v2\/media?parent=13445"}],"wp:term":[{"taxonomy":"category","embeddable":true,"href":"https:\/\/www.upjs.sk\/pracoviska\/uvz-danisovce\/wp-json\/wp\/v2\/categories?post=13445"},{"taxonomy":"post_tag","embeddable":true,"href":"https:\/\/www.upjs.sk\/pracoviska\/uvz-danisovce\/wp-json\/wp\/v2\/tags?post=13445"}],"curies":[{"name":"wp","href":"https:\/\/api.w.org\/{rel}","templated":true}]}}