{"id":46064,"date":"2019-04-09T14:10:06","date_gmt":"2019-04-09T14:10:06","guid":{"rendered":"https:\/\/www.upjs.sk\/pravnicka-fakulta\/about-faculty\/vedenie-fakulty\/"},"modified":"2025-04-01T06:21:18","modified_gmt":"2025-04-01T05:21:18","slug":"vedenie-fakulty","status":"publish","type":"page","link":"https:\/\/www.upjs.sk\/pravnicka-fakulta\/en\/about-faculty\/vedenie-fakulty\/","title":{"rendered":"Faculty Senior Management"},"content":{"rendered":"\n<div style=\"height:30px\" aria-hidden=\"true\" class=\"wp-block-spacer\"><\/div>\n\n\n\n<h2 class=\"wp-block-heading\">Dean<\/h2>\n\n\n\n<div style=\"height:30px\" aria-hidden=\"true\" class=\"wp-block-spacer\"><\/div>\n\n\n\n<div class=\"wp-block-columns is-layout-flex wp-container-core-columns-is-layout-9d6595d7 wp-block-columns-is-layout-flex\">\n<div class=\"wp-block-column is-layout-flow wp-block-column-is-layout-flow\" style=\"flex-basis:25%\"><style>.kb-image46064_51cae5-83 .kb-image-has-overlay:after{opacity:0.3;}.kb-image46064_51cae5-83 img.kb-img, .kb-image46064_51cae5-83 .kb-img img{box-shadow:0px 0px 14px 0px #832472;}<\/style>\n<figure class=\"wp-block-kadence-image kb-image46064_51cae5-83 size-full\"><img loading=\"lazy\" decoding=\"async\" width=\"190\" height=\"250\" src=\"https:\/\/www.upjs.sk\/app\/uploads\/sites\/11\/2023\/05\/01.jpg\" alt=\"\" class=\"kb-img wp-image-39929\"\/><\/figure>\n<\/div>\n\n\n\n<div class=\"wp-block-column is-vertically-aligned-center is-layout-flow wp-block-column-is-layout-flow\" style=\"flex-basis:50%\">\n<p class=\"has-medium-font-size\"><strong>Prof. JUDr. Miroslav \u0160trkolec, PhD.<\/strong><\/p>\n\n\n\n<p class=\"has-medium-font-size\">e-mail: <a href=\"mailto:miroslav.strkolec@upjs.sk\">miroslav.strkolec@upjs.sk<\/a><br>tel.: 055\/6227104, fax: 055\/6225365 &nbsp;<\/p>\n<\/div>\n\n\n\n<div class=\"wp-block-column is-layout-flow wp-block-column-is-layout-flow\" style=\"flex-basis:25%\"><\/div>\n<\/div>\n\n\n\n<div style=\"height:30px\" aria-hidden=\"true\" class=\"wp-block-spacer\"><\/div>\n\n\n\n<h2 class=\"wp-block-heading\"><strong>Vice-Deans<\/strong><\/h2>\n\n\n\n<div style=\"height:30px\" aria-hidden=\"true\" class=\"wp-block-spacer\"><\/div>\n\n\n\n<div class=\"wp-block-columns is-layout-flex wp-container-core-columns-is-layout-9d6595d7 wp-block-columns-is-layout-flex\">\n<div class=\"wp-block-column is-layout-flow wp-block-column-is-layout-flow\" style=\"flex-basis:25%\"><style>.kb-image46064_f1ebdf-01 .kb-image-has-overlay:after{opacity:0.3;}.kb-image46064_f1ebdf-01 img.kb-img, .kb-image46064_f1ebdf-01 .kb-img img{box-shadow:0px 0px 14px 0px #832472;}<\/style>\n<figure class=\"wp-block-kadence-image kb-image46064_f1ebdf-01 size-full\"><img loading=\"lazy\" decoding=\"async\" width=\"190\" height=\"250\" src=\"https:\/\/www.upjs.sk\/app\/uploads\/sites\/11\/2023\/05\/02.jpg\" alt=\"\" class=\"kb-img wp-image-39941\"\/><\/figure>\n<\/div>\n\n\n\n<div class=\"wp-block-column is-vertically-aligned-center is-layout-flow wp-block-column-is-layout-flow\" style=\"flex-basis:50%\">\n<p class=\"has-medium-font-size\"><strong>Assoc. Prof. JUDr. Marcel Dolob\u00e1\u010d, PhD.<\/strong><\/p>\n\n\n\n<p class=\"has-medium-font-size\">Vice-Dean for Development and International Relations<\/p>\n\n\n\n<p class=\"has-medium-font-size\">e-mail: <a href=\"mailto:marcel.dolobac@upjs.sk\">marcel.dolobac@upjs.sk<\/a><br>tel.: 055\/2344136, fax: 055\/6225365<\/p>\n<\/div>\n\n\n\n<div class=\"wp-block-column is-layout-flow wp-block-column-is-layout-flow\" style=\"flex-basis:25%\"><\/div>\n<\/div>\n\n\n\n<div style=\"height:30px\" aria-hidden=\"true\" class=\"wp-block-spacer\"><\/div>\n\n\n\n<div class=\"wp-block-columns is-layout-flex wp-container-core-columns-is-layout-9d6595d7 wp-block-columns-is-layout-flex\">\n<div class=\"wp-block-column is-layout-flow wp-block-column-is-layout-flow\" style=\"flex-basis:25%\"><style>.kb-image46064_0343c6-cd .kb-image-has-overlay:after{opacity:0.3;}.kb-image46064_0343c6-cd img.kb-img, .kb-image46064_0343c6-cd .kb-img img{box-shadow:0px 0px 14px 0px #832472;}<\/style>\n<figure class=\"wp-block-kadence-image kb-image46064_0343c6-cd size-full\"><img loading=\"lazy\" decoding=\"async\" width=\"190\" height=\"250\" src=\"https:\/\/www.upjs.sk\/app\/uploads\/sites\/11\/2023\/11\/Ferencikova.jpg\" alt=\"\" class=\"kb-img wp-image-42022\"\/><\/figure>\n<\/div>\n\n\n\n<div class=\"wp-block-column is-vertically-aligned-center is-layout-flow wp-block-column-is-layout-flow\" style=\"flex-basis:50%\">\n<p class=\"has-medium-font-size\"><strong>Assoc. Prof. JUDr. Simona Feren\u010d\u00edkov\u00e1, PhD.<\/strong><\/p>\n\n\n\n<p class=\"has-medium-font-size\">Vice-Dean for Education<\/p>\n\n\n\n<p class=\"has-medium-font-size\">e-mail: <a href=\"mailto:simona.ferencikova@upjs.sk\" class=\"ek-link\">simona.ferencikova<\/a><a href=\"mailto:ludmila.elbert@upjs.sk\" class=\"ek-link\">@upjs.sk<\/a><br>tel.: 055\/2344145, fax: 055\/6225365<\/p>\n<\/div>\n\n\n\n<div class=\"wp-block-column is-layout-flow wp-block-column-is-layout-flow\" style=\"flex-basis:25%\"><\/div>\n<\/div>\n\n\n\n<div style=\"height:30px\" aria-hidden=\"true\" class=\"wp-block-spacer\"><\/div>\n\n\n\n<div class=\"wp-block-columns is-layout-flex wp-container-core-columns-is-layout-9d6595d7 wp-block-columns-is-layout-flex\">\n<div class=\"wp-block-column is-layout-flow wp-block-column-is-layout-flow\" style=\"flex-basis:25%\"><style>.kb-image46064_5e837e-f2 .kb-image-has-overlay:after{opacity:0.3;}.kb-image46064_5e837e-f2 img.kb-img, .kb-image46064_5e837e-f2 .kb-img img{box-shadow:0px 0px 14px 0px #832472;}<\/style>\n<figure class=\"wp-block-kadence-image kb-image46064_5e837e-f2 size-full\"><img loading=\"lazy\" decoding=\"async\" width=\"190\" height=\"250\" src=\"https:\/\/www.upjs.sk\/app\/uploads\/sites\/11\/2023\/05\/04.jpg\" alt=\"\" class=\"kb-img wp-image-39947\"\/><\/figure>\n<\/div>\n\n\n\n<div class=\"wp-block-column is-vertically-aligned-center is-layout-flow wp-block-column-is-layout-flow\" style=\"flex-basis:50%\">\n<p class=\"has-medium-font-size\"><strong>Assoc. Prof. JUDr. Alena Krunkov\u00e1, PhD.<\/strong><\/p>\n\n\n\n<p class=\"has-medium-font-size\">Vice-Dean for Research, Doctoral Studies and Further Education<\/p>\n\n\n\n<p class=\"has-medium-font-size\">e-mail: <a href=\"mailto:alena.krunkova@upjs.sk\">alena.krunkova@upjs.sk<\/a><br>tel.: 055\/2344171, fax: 055\/6225365<\/p>\n<\/div>\n\n\n\n<div class=\"wp-block-column is-layout-flow wp-block-column-is-layout-flow\" style=\"flex-basis:25%\"><\/div>\n<\/div>\n\n\n\n<div style=\"height:30px\" aria-hidden=\"true\" class=\"wp-block-spacer\"><\/div>\n\n\n\n<h2 class=\"wp-block-heading\"><strong>Chairman of the Academic Senate<\/strong><\/h2>\n\n\n\n<div style=\"height:30px\" aria-hidden=\"true\" class=\"wp-block-spacer\"><\/div>\n\n\n\n<div class=\"wp-block-columns is-layout-flex wp-container-core-columns-is-layout-9d6595d7 wp-block-columns-is-layout-flex\">\n<div class=\"wp-block-column is-layout-flow wp-block-column-is-layout-flow\" style=\"flex-basis:25%\"><style>.kb-image46064_b74a96-87 .kb-image-has-overlay:after{opacity:0.3;}.kb-image46064_b74a96-87 img.kb-img, .kb-image46064_b74a96-87 .kb-img img{box-shadow:0px 0px 14px 0px #832472;}<\/style>\n<figure class=\"wp-block-kadence-image kb-image46064_b74a96-87 size-full\"><img loading=\"lazy\" decoding=\"async\" width=\"190\" height=\"250\" src=\"https:\/\/www.upjs.sk\/app\/uploads\/sites\/11\/2023\/11\/Dolny.jpg\" alt=\"\" class=\"kb-img wp-image-42025\"\/><\/figure>\n<\/div>\n\n\n\n<div class=\"wp-block-column is-vertically-aligned-center is-layout-flow wp-block-column-is-layout-flow\" style=\"flex-basis:50%\">\n<p class=\"has-medium-font-size\"><strong>Assoc. Prof. JUDr. Ing. Jaroslav Doln\u00fd, PhD.<\/strong><\/p>\n\n\n\n<p class=\"has-medium-font-size\">e-mail: <a href=\"mailto:jaroslav.dolny@upjs.sk\" class=\"ek-link\">jaroslav.dolny@upjs.sk<\/a><br>tel.: 055\/234 4153, fax: 055\/6225365<\/p>\n<\/div>\n\n\n\n<div class=\"wp-block-column is-layout-flow wp-block-column-is-layout-flow\" style=\"flex-basis:25%\"><\/div>\n<\/div>\n\n\n\n<div style=\"height:30px\" aria-hidden=\"true\" class=\"wp-block-spacer\"><\/div>\n\n\n\n<h2 class=\"wp-block-heading\"><strong>Bursar of the Faculty<\/strong><\/h2>\n\n\n\n<div style=\"height:30px\" aria-hidden=\"true\" class=\"wp-block-spacer\"><\/div>\n\n\n\n<div class=\"wp-block-columns is-layout-flex wp-container-core-columns-is-layout-9d6595d7 wp-block-columns-is-layout-flex\">\n<div class=\"wp-block-column is-layout-flow wp-block-column-is-layout-flow\" style=\"flex-basis:25%\"><style>.kb-image46064_876912-85 .kb-image-has-overlay:after{opacity:0.3;}.kb-image46064_876912-85 img.kb-img, .kb-image46064_876912-85 .kb-img img{box-shadow:0px 0px 14px 0px #832472;}<\/style>\n<figure class=\"wp-block-kadence-image kb-image46064_876912-85 size-full\"><img loading=\"lazy\" decoding=\"async\" width=\"190\" height=\"250\" src=\"https:\/\/www.upjs.sk\/app\/uploads\/sites\/11\/2023\/05\/06.jpg\" alt=\"\" class=\"kb-img wp-image-39953\"\/><\/figure>\n<\/div>\n\n\n\n<div class=\"wp-block-column is-vertically-aligned-center is-layout-flow wp-block-column-is-layout-flow\" style=\"flex-basis:50%\">\n<p class=\"has-medium-font-size\"><strong>Mgr. Adriana Sabolov\u00e1<\/strong><\/p>\n\n\n\n<p class=\"has-medium-font-size\">e-mail: <a href=\"mailto:adriana.sabolova@upjs.sk\">adriana.sabolova@upjs.sk<\/a><br>tel.: 055\/234 4103, fax: 055\/6225365<\/p>\n<\/div>\n\n\n\n<div class=\"wp-block-column is-layout-flow wp-block-column-is-layout-flow\" style=\"flex-basis:25%\"><\/div>\n<\/div>\n\n\n\n<div style=\"height:30px\" aria-hidden=\"true\" class=\"wp-block-spacer\"><\/div>\n","protected":false},"excerpt":{"rendered":"<p>Dean Prof. JUDr. Miroslav \u0160trkolec, PhD. e-mail: miroslav.strkolec@upjs.sktel.: 055\/6227104, fax: 055\/6225365 &nbsp; Vice-Deans Assoc. Prof. JUDr. Marcel Dolob\u00e1\u010d, PhD. Vice-Dean for Development and International Relations e-mail: marcel.dolobac@upjs.sktel.: 055\/2344136, fax: 055\/6225365 Assoc. Prof. JUDr. Simona Feren\u010d\u00edkov\u00e1, PhD. Vice-Dean for Education e-mail: simona.ferencikova@upjs.sktel.: 055\/2344145, fax: 055\/6225365 Assoc. Prof. JUDr. Alena Krunkov\u00e1, PhD. Vice-Dean for Research, Doctoral Studies &hellip; <a href=\"https:\/\/www.upjs.sk\/pravnicka-fakulta\/en\/about-faculty\/vedenie-fakulty\/\">Continued<\/a><\/p>\n","protected":false},"author":1,"featured_media":0,"parent":43201,"menu_order":2,"comment_status":"closed","ping_status":"closed","template":"","meta":{"_acf_changed":false,"_editorskit_title_hidden":false,"_editorskit_reading_time":0,"_editorskit_is_block_options_detached":false,"_editorskit_block_options_position":"{}","footnotes":""},"categories":[],"tags":[],"class_list":["post-46064","page","type-page","status-publish","hentry"],"acf":{"acf_link_na_externy_obsah":""},"yoast_head":"<!-- This site is optimized with the Yoast SEO plugin v27.2 - https:\/\/yoast.com\/product\/yoast-seo-wordpress\/ -->\n<title>Faculty Senior Management - Pr\u00e1vnick\u00e1 fakulta | UPJ\u0160<\/title>\n<meta name=\"robots\" content=\"index, follow, max-snippet:-1, max-image-preview:large, max-video-preview:-1\" \/>\n<link rel=\"canonical\" href=\"https:\/\/www.upjs.sk\/pravnicka-fakulta\/en\/about-faculty\/vedenie-fakulty\/\" \/>\n<meta property=\"og:locale\" content=\"en_US\" \/>\n<meta property=\"og:type\" content=\"article\" \/>\n<meta property=\"og:title\" content=\"Faculty Senior Management - Pr\u00e1vnick\u00e1 fakulta | UPJ\u0160\" \/>\n<meta property=\"og:description\" content=\"Dean Prof. JUDr. Miroslav \u0160trkolec, PhD. e-mail: miroslav.strkolec@upjs.sktel.: 055\/6227104, fax: 055\/6225365 &nbsp; Vice-Deans Assoc. Prof. JUDr. Marcel Dolob\u00e1\u010d, PhD. Vice-Dean for Development and International Relations e-mail: marcel.dolobac@upjs.sktel.: 055\/2344136, fax: 055\/6225365 Assoc. Prof. JUDr. Simona Feren\u010d\u00edkov\u00e1, PhD. Vice-Dean for Education e-mail: simona.ferencikova@upjs.sktel.: 055\/2344145, fax: 055\/6225365 Assoc. Prof. JUDr. Alena Krunkov\u00e1, PhD. Vice-Dean for Research, Doctoral Studies &hellip; Continued\" \/>\n<meta property=\"og:url\" content=\"https:\/\/www.upjs.sk\/pravnicka-fakulta\/en\/about-faculty\/vedenie-fakulty\/\" \/>\n<meta property=\"og:site_name\" content=\"Pr\u00e1vnick\u00e1 fakulta | UPJ\u0160\" \/>\n<meta property=\"article:modified_time\" content=\"2025-04-01T05:21:18+00:00\" \/>\n<meta property=\"og:image\" content=\"https:\/\/www.upjs.sk\/app\/uploads\/sites\/11\/2023\/05\/01.jpg\" \/>\n\t<meta property=\"og:image:width\" content=\"190\" \/>\n\t<meta property=\"og:image:height\" content=\"250\" \/>\n\t<meta property=\"og:image:type\" content=\"image\/jpeg\" \/>\n<meta name=\"twitter:card\" content=\"summary_large_image\" \/>\n<meta name=\"twitter:label1\" content=\"Est. reading time\" \/>\n\t<meta name=\"twitter:data1\" content=\"2 minutes\" \/>\n<script type=\"application\/ld+json\" class=\"yoast-schema-graph\">{\"@context\":\"https:\/\/schema.org\",\"@graph\":[{\"@type\":\"WebPage\",\"@id\":\"https:\/\/www.upjs.sk\/pravnicka-fakulta\/en\/about-faculty\/vedenie-fakulty\/\",\"url\":\"https:\/\/www.upjs.sk\/pravnicka-fakulta\/en\/about-faculty\/vedenie-fakulty\/\",\"name\":\"Faculty Senior Management - Pr\u00e1vnick\u00e1 fakulta | UPJ\u0160\",\"isPartOf\":{\"@id\":\"https:\/\/www.upjs.sk\/pravnicka-fakulta\/en\/#website\"},\"primaryImageOfPage\":{\"@id\":\"https:\/\/www.upjs.sk\/pravnicka-fakulta\/en\/about-faculty\/vedenie-fakulty\/#primaryimage\"},\"image\":{\"@id\":\"https:\/\/www.upjs.sk\/pravnicka-fakulta\/en\/about-faculty\/vedenie-fakulty\/#primaryimage\"},\"thumbnailUrl\":\"https:\/\/www.upjs.sk\/app\/uploads\/sites\/11\/2023\/05\/01.jpg\",\"datePublished\":\"2019-04-09T14:10:06+00:00\",\"dateModified\":\"2025-04-01T05:21:18+00:00\",\"breadcrumb\":{\"@id\":\"https:\/\/www.upjs.sk\/pravnicka-fakulta\/en\/about-faculty\/vedenie-fakulty\/#breadcrumb\"},\"inLanguage\":\"en-US\",\"potentialAction\":[{\"@type\":\"ReadAction\",\"target\":[\"https:\/\/www.upjs.sk\/pravnicka-fakulta\/en\/about-faculty\/vedenie-fakulty\/\"]}]},{\"@type\":\"ImageObject\",\"inLanguage\":\"en-US\",\"@id\":\"https:\/\/www.upjs.sk\/pravnicka-fakulta\/en\/about-faculty\/vedenie-fakulty\/#primaryimage\",\"url\":\"https:\/\/www.upjs.sk\/app\/uploads\/sites\/11\/2023\/05\/01.jpg\",\"contentUrl\":\"https:\/\/www.upjs.sk\/app\/uploads\/sites\/11\/2023\/05\/01.jpg\"},{\"@type\":\"BreadcrumbList\",\"@id\":\"https:\/\/www.upjs.sk\/pravnicka-fakulta\/en\/about-faculty\/vedenie-fakulty\/#breadcrumb\",\"itemListElement\":[{\"@type\":\"ListItem\",\"position\":1,\"name\":\"Home\",\"item\":\"https:\/\/www.upjs.sk\/pravnicka-fakulta\/en\/\"},{\"@type\":\"ListItem\",\"position\":2,\"name\":\"About Faculty\",\"item\":\"https:\/\/www.upjs.sk\/pravnicka-fakulta\/en\/about-faculty\/\"},{\"@type\":\"ListItem\",\"position\":3,\"name\":\"Faculty Senior Management\"}]},{\"@type\":\"WebSite\",\"@id\":\"https:\/\/www.upjs.sk\/pravnicka-fakulta\/en\/#website\",\"url\":\"https:\/\/www.upjs.sk\/pravnicka-fakulta\/en\/\",\"name\":\"Pr\u00e1vnick\u00e1 fakulta | UPJ\u0160\",\"description\":\"\",\"publisher\":{\"@id\":\"https:\/\/www.upjs.sk\/pravnicka-fakulta\/en\/#organization\"},\"potentialAction\":[{\"@type\":\"SearchAction\",\"target\":{\"@type\":\"EntryPoint\",\"urlTemplate\":\"https:\/\/www.upjs.sk\/pravnicka-fakulta\/en\/?s={search_term_string}\"},\"query-input\":{\"@type\":\"PropertyValueSpecification\",\"valueRequired\":true,\"valueName\":\"search_term_string\"}}],\"inLanguage\":\"en-US\"},{\"@type\":\"Organization\",\"@id\":\"https:\/\/www.upjs.sk\/pravnicka-fakulta\/en\/#organization\",\"name\":\"Pr\u00e1vnick\u00e1 fakulta | UPJ\u0160\",\"url\":\"https:\/\/www.upjs.sk\/pravnicka-fakulta\/en\/\",\"logo\":{\"@type\":\"ImageObject\",\"inLanguage\":\"en-US\",\"@id\":\"https:\/\/www.upjs.sk\/pravnicka-fakulta\/en\/#\/schema\/logo\/image\/\",\"url\":\"https:\/\/www.upjs.sk\/app\/uploads\/sites\/11\/2025\/01\/logo-pravnicka-fakulta-EN-1.png\",\"contentUrl\":\"https:\/\/www.upjs.sk\/app\/uploads\/sites\/11\/2025\/01\/logo-pravnicka-fakulta-EN-1.png\",\"width\":415,\"height\":87,\"caption\":\"Pr\u00e1vnick\u00e1 fakulta | UPJ\u0160\"},\"image\":{\"@id\":\"https:\/\/www.upjs.sk\/pravnicka-fakulta\/en\/#\/schema\/logo\/image\/\"}}]}<\/script>\n<!-- \/ Yoast SEO plugin. -->","yoast_head_json":{"title":"Faculty Senior Management - Pr\u00e1vnick\u00e1 fakulta | UPJ\u0160","robots":{"index":"index","follow":"follow","max-snippet":"max-snippet:-1","max-image-preview":"max-image-preview:large","max-video-preview":"max-video-preview:-1"},"canonical":"https:\/\/www.upjs.sk\/pravnicka-fakulta\/en\/about-faculty\/vedenie-fakulty\/","og_locale":"en_US","og_type":"article","og_title":"Faculty Senior Management - Pr\u00e1vnick\u00e1 fakulta | UPJ\u0160","og_description":"Dean Prof. JUDr. Miroslav \u0160trkolec, PhD. e-mail: miroslav.strkolec@upjs.sktel.: 055\/6227104, fax: 055\/6225365 &nbsp; Vice-Deans Assoc. Prof. JUDr. Marcel Dolob\u00e1\u010d, PhD. Vice-Dean for Development and International Relations e-mail: marcel.dolobac@upjs.sktel.: 055\/2344136, fax: 055\/6225365 Assoc. Prof. JUDr. Simona Feren\u010d\u00edkov\u00e1, PhD. Vice-Dean for Education e-mail: simona.ferencikova@upjs.sktel.: 055\/2344145, fax: 055\/6225365 Assoc. Prof. JUDr. Alena Krunkov\u00e1, PhD. Vice-Dean for Research, Doctoral Studies &hellip; Continued","og_url":"https:\/\/www.upjs.sk\/pravnicka-fakulta\/en\/about-faculty\/vedenie-fakulty\/","og_site_name":"Pr\u00e1vnick\u00e1 fakulta | UPJ\u0160","article_modified_time":"2025-04-01T05:21:18+00:00","og_image":[{"width":190,"height":250,"url":"https:\/\/www.upjs.sk\/app\/uploads\/sites\/11\/2023\/05\/01.jpg","type":"image\/jpeg"}],"twitter_card":"summary_large_image","twitter_misc":{"Est. reading time":"2 minutes"},"schema":{"@context":"https:\/\/schema.org","@graph":[{"@type":"WebPage","@id":"https:\/\/www.upjs.sk\/pravnicka-fakulta\/en\/about-faculty\/vedenie-fakulty\/","url":"https:\/\/www.upjs.sk\/pravnicka-fakulta\/en\/about-faculty\/vedenie-fakulty\/","name":"Faculty Senior Management - Pr\u00e1vnick\u00e1 fakulta | UPJ\u0160","isPartOf":{"@id":"https:\/\/www.upjs.sk\/pravnicka-fakulta\/en\/#website"},"primaryImageOfPage":{"@id":"https:\/\/www.upjs.sk\/pravnicka-fakulta\/en\/about-faculty\/vedenie-fakulty\/#primaryimage"},"image":{"@id":"https:\/\/www.upjs.sk\/pravnicka-fakulta\/en\/about-faculty\/vedenie-fakulty\/#primaryimage"},"thumbnailUrl":"https:\/\/www.upjs.sk\/app\/uploads\/sites\/11\/2023\/05\/01.jpg","datePublished":"2019-04-09T14:10:06+00:00","dateModified":"2025-04-01T05:21:18+00:00","breadcrumb":{"@id":"https:\/\/www.upjs.sk\/pravnicka-fakulta\/en\/about-faculty\/vedenie-fakulty\/#breadcrumb"},"inLanguage":"en-US","potentialAction":[{"@type":"ReadAction","target":["https:\/\/www.upjs.sk\/pravnicka-fakulta\/en\/about-faculty\/vedenie-fakulty\/"]}]},{"@type":"ImageObject","inLanguage":"en-US","@id":"https:\/\/www.upjs.sk\/pravnicka-fakulta\/en\/about-faculty\/vedenie-fakulty\/#primaryimage","url":"https:\/\/www.upjs.sk\/app\/uploads\/sites\/11\/2023\/05\/01.jpg","contentUrl":"https:\/\/www.upjs.sk\/app\/uploads\/sites\/11\/2023\/05\/01.jpg"},{"@type":"BreadcrumbList","@id":"https:\/\/www.upjs.sk\/pravnicka-fakulta\/en\/about-faculty\/vedenie-fakulty\/#breadcrumb","itemListElement":[{"@type":"ListItem","position":1,"name":"Home","item":"https:\/\/www.upjs.sk\/pravnicka-fakulta\/en\/"},{"@type":"ListItem","position":2,"name":"About Faculty","item":"https:\/\/www.upjs.sk\/pravnicka-fakulta\/en\/about-faculty\/"},{"@type":"ListItem","position":3,"name":"Faculty Senior Management"}]},{"@type":"WebSite","@id":"https:\/\/www.upjs.sk\/pravnicka-fakulta\/en\/#website","url":"https:\/\/www.upjs.sk\/pravnicka-fakulta\/en\/","name":"Pr\u00e1vnick\u00e1 fakulta | UPJ\u0160","description":"","publisher":{"@id":"https:\/\/www.upjs.sk\/pravnicka-fakulta\/en\/#organization"},"potentialAction":[{"@type":"SearchAction","target":{"@type":"EntryPoint","urlTemplate":"https:\/\/www.upjs.sk\/pravnicka-fakulta\/en\/?s={search_term_string}"},"query-input":{"@type":"PropertyValueSpecification","valueRequired":true,"valueName":"search_term_string"}}],"inLanguage":"en-US"},{"@type":"Organization","@id":"https:\/\/www.upjs.sk\/pravnicka-fakulta\/en\/#organization","name":"Pr\u00e1vnick\u00e1 fakulta | UPJ\u0160","url":"https:\/\/www.upjs.sk\/pravnicka-fakulta\/en\/","logo":{"@type":"ImageObject","inLanguage":"en-US","@id":"https:\/\/www.upjs.sk\/pravnicka-fakulta\/en\/#\/schema\/logo\/image\/","url":"https:\/\/www.upjs.sk\/app\/uploads\/sites\/11\/2025\/01\/logo-pravnicka-fakulta-EN-1.png","contentUrl":"https:\/\/www.upjs.sk\/app\/uploads\/sites\/11\/2025\/01\/logo-pravnicka-fakulta-EN-1.png","width":415,"height":87,"caption":"Pr\u00e1vnick\u00e1 fakulta | UPJ\u0160"},"image":{"@id":"https:\/\/www.upjs.sk\/pravnicka-fakulta\/en\/#\/schema\/logo\/image\/"}}]}},"_links":{"self":[{"href":"https:\/\/www.upjs.sk\/pravnicka-fakulta\/en\/wp-json\/wp\/v2\/pages\/46064","targetHints":{"allow":["GET"]}}],"collection":[{"href":"https:\/\/www.upjs.sk\/pravnicka-fakulta\/en\/wp-json\/wp\/v2\/pages"}],"about":[{"href":"https:\/\/www.upjs.sk\/pravnicka-fakulta\/en\/wp-json\/wp\/v2\/types\/page"}],"author":[{"embeddable":true,"href":"https:\/\/www.upjs.sk\/pravnicka-fakulta\/en\/wp-json\/wp\/v2\/users\/1"}],"replies":[{"embeddable":true,"href":"https:\/\/www.upjs.sk\/pravnicka-fakulta\/en\/wp-json\/wp\/v2\/comments?post=46064"}],"version-history":[{"count":4,"href":"https:\/\/www.upjs.sk\/pravnicka-fakulta\/en\/wp-json\/wp\/v2\/pages\/46064\/revisions"}],"predecessor-version":[{"id":47466,"href":"https:\/\/www.upjs.sk\/pravnicka-fakulta\/en\/wp-json\/wp\/v2\/pages\/46064\/revisions\/47466"}],"up":[{"embeddable":true,"href":"https:\/\/www.upjs.sk\/pravnicka-fakulta\/en\/wp-json\/wp\/v2\/pages\/43201"}],"wp:attachment":[{"href":"https:\/\/www.upjs.sk\/pravnicka-fakulta\/en\/wp-json\/wp\/v2\/media?parent=46064"}],"wp:term":[{"taxonomy":"category","embeddable":true,"href":"https:\/\/www.upjs.sk\/pravnicka-fakulta\/en\/wp-json\/wp\/v2\/categories?post=46064"},{"taxonomy":"post_tag","embeddable":true,"href":"https:\/\/www.upjs.sk\/pravnicka-fakulta\/en\/wp-json\/wp\/v2\/tags?post=46064"}],"curies":[{"name":"wp","href":"https:\/\/api.w.org\/{rel}","templated":true}]}}