{"id":46409,"date":"2022-02-04T13:16:20","date_gmt":"2022-02-04T13:16:58","guid":{"rendered":"https:\/\/www.upjs.sk\/pravnicka-fakulta\/about-faculty\/vedecka-rada\/"},"modified":"2025-01-02T11:17:50","modified_gmt":"2025-01-02T10:17:50","slug":"vedecka-rada","status":"publish","type":"page","link":"https:\/\/www.upjs.sk\/pravnicka-fakulta\/en\/about-faculty\/vedecka-rada\/","title":{"rendered":"Scientific Board"},"content":{"rendered":"<h4 style=\"text-align: center;\"><span style=\"color: #993366;\">Scientific Board for the term 2023 \u2013 2027<\/span><\/h4>\n\n<style>.kb-table-container46409_c53629-63{overflow-x:auto;}.kb-table-container .kb-table46409_c53629-63 th{padding-top:var(--global-kb-spacing-xxs, 0.5rem);padding-right:var(--global-kb-spacing-xxs, 0.5rem);padding-bottom:var(--global-kb-spacing-xxs, 0.5rem);padding-left:var(--global-kb-spacing-xxs, 0.5rem);text-align:center;}.kb-table-container .kb-table46409_c53629-63 td{padding-top:var(--global-kb-spacing-xxs, 0.5rem);padding-right:var(--global-kb-spacing-xxs, 0.5rem);padding-bottom:var(--global-kb-spacing-xxs, 0.5rem);padding-left:var(--global-kb-spacing-xxs, 0.5rem);text-align:left;}<\/style><div class=\"kb-table-container kb-table-container46409_c53629-63 wp-block-kadence-table\"><table class=\"kb-table kb-table46409_c53629-63\">\n<tr class=\"kb-table-row kb-table-row46409_99ac6c-1e\">\n<td class=\"kb-table-data kb-table-data46409_9363d0-18\">\n\n<p><strong>Chairman<\/strong>: <\/p>\n\n<\/46409_9363d0-18>\n\n<td class=\"kb-table-data kb-table-data46409_04b571-4d\">\n\n<p><\/p>\n\n<\/46409_04b571-4d>\n<\/tr>\n\n<tr class=\"kb-table-row kb-table-row46409_fae3a6-81\">\n<td class=\"kb-table-data kb-table-data46409_0cfcdf-8a\">\n\n<p>Prof. JUDr. Miroslav \u0160trkolec, PhD.,<br>Dean of the Faculty<\/p>\n\n<\/46409_0cfcdf-8a>\n\n<td class=\"kb-table-data kb-table-data46409_7d5f97-36\">\n\n<p>Commercial and Finance Law<\/p>\n\n<\/46409_7d5f97-36>\n<\/tr>\n\n<tr class=\"kb-table-row kb-table-row46409_9aacd9-3e\">\n<td class=\"kb-table-data kb-table-data46409_06b3d3-3a\">\n\n<p><\/p>\n\n<\/46409_06b3d3-3a>\n\n<td class=\"kb-table-data kb-table-data46409_befc7a-4e\">\n\n<p><\/p>\n\n<\/46409_befc7a-4e>\n<\/tr>\n\n<tr class=\"kb-table-row kb-table-row46409_565443-02\">\n<td class=\"kb-table-data kb-table-data46409_b4804c-31\">\n\n<p><strong>Members<\/strong>:<\/p>\n\n<\/46409_b4804c-31>\n\n<td class=\"kb-table-data kb-table-data46409_be177c-d5\">\n\n<p><\/p>\n\n<\/46409_be177c-d5>\n<\/tr>\n\n<tr class=\"kb-table-row kb-table-row46409_3f45d8-46\">\n<td class=\"kb-table-data kb-table-data46409_958ad4-c2\">\n\n<p>Assoc. Prof. JUDr. Karin Cakoci, PhD.<\/p>\n\n<\/46409_958ad4-c2>\n\n<td class=\"kb-table-data kb-table-data46409_9dbfae-81\">\n\n<p>Commercial and Finance Law<\/p>\n\n<\/46409_9dbfae-81>\n<\/tr>\n\n<tr class=\"kb-table-row kb-table-row46409_76aaa1-aa\">\n<td class=\"kb-table-data kb-table-data46409_87342a-52\">\n\n<p>Prof. JUDr. Gabriela Dobrovi\u010dov\u00e1, CSc.<\/p>\n\n<\/46409_87342a-52>\n\n<td class=\"kb-table-data kb-table-data46409_0289e7-96\">\n\n<p>Theory and History of State and Law<\/p>\n\n<\/46409_0289e7-96>\n<\/tr>\n\n<tr class=\"kb-table-row kb-table-row46409_a087fe-07\">\n<td class=\"kb-table-data kb-table-data46409_e622bf-5a\">\n\n<p>Assoc. Prof. JUDr. Marcel Dolob\u00e1\u010d, PhD.<\/p>\n\n<\/46409_e622bf-5a>\n\n<td class=\"kb-table-data kb-table-data46409_64a9e8-e7\">\n\n<p>Civil Law<\/p>\n\n<\/46409_64a9e8-e7>\n<\/tr>\n\n<tr class=\"kb-table-row kb-table-row46409_af7511-c4\">\n<td class=\"kb-table-data kb-table-data46409_376a7b-b9\">\n\n<p>Assoc. Prof. JUDr. Ing. Jaroslav Doln\u00fd, PhD.<\/p>\n\n<\/46409_376a7b-b9>\n\n<td class=\"kb-table-data kb-table-data46409_6d262b-8c\">\n\n<p>Commercial and Finance Law<\/p>\n\n<\/46409_6d262b-8c>\n<\/tr>\n\n<tr class=\"kb-table-row kb-table-row46409_a86efc-7d\">\n<td class=\"kb-table-data kb-table-data46409_14713b-d3\">\n\n<p>JUDr. \u013dudmila Elbert, PhD., Univ. Assoc. Prof.<\/p>\n\n<\/46409_14713b-d3>\n\n<td class=\"kb-table-data kb-table-data46409_953d80-09\">\n\n<p>Theory and History of State and Law<\/p>\n\n<\/46409_953d80-09>\n<\/tr>\n\n<tr class=\"kb-table-row kb-table-row46409_e1bde4-fb\">\n<td class=\"kb-table-data kb-table-data46409_d42a4b-8e\">\n\n<p>Assoc. Prof. JUDr. Miroslav Fico, PhD.<\/p>\n\n<\/46409_d42a4b-8e>\n\n<td class=\"kb-table-data kb-table-data46409_abad88-72\">\n\n<p>Theory and History of State and Law<\/p>\n\n<\/46409_abad88-72>\n<\/tr>\n\n<tr class=\"kb-table-row kb-table-row46409_3f18bc-6e\">\n<td class=\"kb-table-data kb-table-data46409_00e5c2-13\">\n\n<p>Assoc. Prof. JUDr. Simona Feren\u010d\u00edkov\u00e1, PhD.<\/p>\n\n<\/46409_00e5c2-13>\n\n<td class=\"kb-table-data kb-table-data46409_c54205-1b\">\n\n<p>Criminal Law<\/p>\n\n<\/46409_c54205-1b>\n<\/tr>\n\n<tr class=\"kb-table-row kb-table-row46409_d04acc-ae\">\n<td class=\"kb-table-data kb-table-data46409_15d950-16\">\n\n<p>Assoc. Prof. JUDr. Regina Hu\u010dkov\u00e1, PhD.<\/p>\n\n<\/46409_15d950-16>\n\n<td class=\"kb-table-data kb-table-data46409_cb7eb9-80\">\n\n<p>Commercial and Finance Law<\/p>\n\n<\/46409_cb7eb9-80>\n<\/tr>\n\n<tr class=\"kb-table-row kb-table-row46409_c105d9-51\">\n<td class=\"kb-table-data kb-table-data46409_917c54-98\">\n\n<p>Prof. JUDr. J\u00e1n Hus\u00e1r, CSc.<\/p>\n\n<\/46409_917c54-98>\n\n<td class=\"kb-table-data kb-table-data46409_490b71-e9\">\n\n<p>Commercial and Finance Law<\/p>\n\n<\/46409_490b71-e9>\n<\/tr>\n\n<tr class=\"kb-table-row kb-table-row46409_53583e-7d\">\n<td class=\"kb-table-data kb-table-data46409_c2514d-5a\">\n\n<p>Assoc. Prof. JUDr. Radom\u00edr Jakab, PhD.<\/p>\n\n<\/46409_c2514d-5a>\n\n<td class=\"kb-table-data kb-table-data46409_0bffc6-21\">\n\n<p>Administrative Law<\/p>\n\n<\/46409_0bffc6-21>\n<\/tr>\n\n<tr class=\"kb-table-row kb-table-row46409_242f21-9e\">\n<td class=\"kb-table-data kb-table-data46409_b69326-6b\">\n\n<p>Prof. JUDr. Juraj Jankuv, PhD.<\/p>\n\n<\/46409_b69326-6b>\n\n<td class=\"kb-table-data kb-table-data46409_27b086-93\">\n\n<p>International Law<\/p>\n\n<\/46409_27b086-93>\n<\/tr>\n\n<tr class=\"kb-table-row kb-table-row46409_e21008-59\">\n<td class=\"kb-table-data kb-table-data46409_b1745c-76\">\n\n<p>Prof. JUDr. Martina J\u00e1no\u0161\u00edkov\u00e1, Ph.D.<\/p>\n\n<\/46409_b1745c-76>\n\n<td class=\"kb-table-data kb-table-data46409_f634e2-af\">\n\n<p>Theory and History of State and Law<\/p>\n\n<\/46409_f634e2-af>\n<\/tr>\n\n<tr class=\"kb-table-row kb-table-row46409_883901-79\">\n<td class=\"kb-table-data kb-table-data46409_0aeef0-08\">\n\n<p>Assoc. Prof. JUDr. Alena Krunkov\u00e1, PhD.<\/p>\n\n<\/46409_0aeef0-08>\n\n<td class=\"kb-table-data kb-table-data46409_26bc7f-2f\">\n\n<p>Theory and History of State and Law<\/p>\n\n<\/46409_26bc7f-2f>\n<\/tr>\n\n<tr class=\"kb-table-row kb-table-row46409_850842-ef\">\n<td class=\"kb-table-data kb-table-data46409_efb8a8-87\">\n\n<p>Assoc. Prof. JUDr. Peter Moln\u00e1r, PhD., Univ. Prof.<\/p>\n\n<\/46409_efb8a8-87>\n\n<td class=\"kb-table-data kb-table-data46409_98ed3f-cc\">\n\n<p>Civil Law<\/p>\n\n<\/46409_98ed3f-cc>\n<\/tr>\n\n<tr class=\"kb-table-row kb-table-row46409_398478-37\">\n<td class=\"kb-table-data kb-table-data46409_c6dfb9-b5\">\n\n<p>Prof. JUDr. Ladislav Orosz, CSc.<\/p>\n\n<\/46409_c6dfb9-b5>\n\n<td class=\"kb-table-data kb-table-data46409_285753-ac\">\n\n<p>Constitutional Law<\/p>\n\n<\/46409_285753-ac>\n<\/tr>\n\n<tr class=\"kb-table-row kb-table-row46409_4566cd-df\">\n<td class=\"kb-table-data kb-table-data46409_4e986e-e3\">\n\n<p>Prof. JUDr. Sergej Rom\u017ea, PhD.<\/p>\n\n<\/46409_4e986e-e3>\n\n<td class=\"kb-table-data kb-table-data46409_a27a3c-3d\">\n\n<p>Criminal Law<\/p>\n\n<\/46409_a27a3c-3d>\n<\/tr>\n\n<tr class=\"kb-table-row kb-table-row46409_33532f-42\">\n<td class=\"kb-table-data kb-table-data46409_a29396-4d\">\n\n<p>Assoc. Prof. JUDr. Vladim\u00edr Vrana, PhD.<\/p>\n\n<\/46409_a29396-4d>\n\n<td class=\"kb-table-data kb-table-data46409_4d5702-f1\">\n\n<p>Theory and History of State and Law<\/p>\n\n<\/46409_4d5702-f1>\n<\/tr>\n\n<tr class=\"kb-table-row kb-table-row46409_9d7958-a9\">\n<td class=\"kb-table-data kb-table-data46409_ca760d-35\">\n\n<p>Assoc. Prof. JUDr. Jana \u017du\u013eov\u00e1, PhD.<\/p>\n\n<\/46409_ca760d-35>\n\n<td class=\"kb-table-data kb-table-data46409_d0a988-c1\">\n\n<p>Civil Law<\/p>\n\n<\/46409_d0a988-c1>\n<\/tr>\n\n<tr class=\"kb-table-row kb-table-row46409_a838ba-09\">\n<td class=\"kb-table-data kb-table-data46409_c9e6eb-4d\">\n\n<p><\/p>\n\n<\/46409_c9e6eb-4d>\n\n<td class=\"kb-table-data kb-table-data46409_99a564-22\">\n\n<p><\/p>\n\n<\/46409_99a564-22>\n<\/tr>\n\n<tr class=\"kb-table-row kb-table-row46409_739e4c-99\">\n<td class=\"kb-table-data kb-table-data46409_19f038-79\">\n\n<p><strong>External Members<\/strong>:<\/p>\n\n<\/46409_19f038-79>\n\n<td class=\"kb-table-data kb-table-data46409_4a41f9-7e\">\n\n<p><\/p>\n\n<\/46409_4a41f9-7e>\n<\/tr>\n\n<tr class=\"kb-table-row kb-table-row46409_5b4df3-86\">\n<td class=\"kb-table-data kb-table-data46409_e8dfce-ac\">\n\n<p>Prof. JUDr. Eduard Burda, PhD.<br>Comenius University in Bratislava<\/p>\n\n<\/46409_e8dfce-ac>\n\n<td class=\"kb-table-data kb-table-data46409_c17db5-12\">\n\n<p>Criminal Law<\/p>\n\n<\/46409_c17db5-12>\n<\/tr>\n\n<tr class=\"kb-table-row kb-table-row46409_a039ec-e0\">\n<td class=\"kb-table-data kb-table-data46409_46fda4-24\">\n\n<p>Prof. JUDr. Alexander Br\u00f6stl, CSc.<br>Pavol Jozef \u0160af\u00e1rik University in Ko\u0161ice<\/p>\n\n<\/46409_46fda4-24>\n\n<td class=\"kb-table-data kb-table-data46409_ffb73e-64\">\n\n<p>Theory and History of State and Law<\/p>\n\n<\/46409_ffb73e-64>\n<\/tr>\n\n<tr class=\"kb-table-row kb-table-row46409_960319-2b\">\n<td class=\"kb-table-data kb-table-data46409_ccc5dd-55\">\n\n<p>JUDr. Ivan Fia\u010dan, PhD.<br>Constitutional Court of the Slovak Republic, Ko\u0161ice<\/p>\n\n<\/46409_ccc5dd-55>\n\n<td class=\"kb-table-data kb-table-data46409_33e041-60\">\n\n<p>Theory and History of State and Law<\/p>\n\n<\/46409_33e041-60>\n<\/tr>\n\n<tr class=\"kb-table-row kb-table-row46409_77173f-21\">\n<td class=\"kb-table-data kb-table-data46409_b18e21-12\">\n\n<p>JUDr. Judita Gulbi\u0161ov\u00e1<br>Regional Prosecutor\u2019s Office, Ko\u0161ice                                           <\/p>\n\n<\/46409_b18e21-12>\n\n<td class=\"kb-table-data kb-table-data46409_fdaedf-f1\">\n\n<p>Law<\/p>\n\n<\/46409_fdaedf-f1>\n<\/tr>\n<\/table><\/div>","protected":false},"excerpt":{"rendered":"<p>Scientific Board for the term 2023 \u2013 2027<\/p>\n","protected":false},"author":1,"featured_media":0,"parent":43201,"menu_order":4,"comment_status":"closed","ping_status":"closed","template":"","meta":{"_acf_changed":false,"_editorskit_title_hidden":false,"_editorskit_reading_time":0,"_editorskit_is_block_options_detached":false,"_editorskit_block_options_position":"{}","footnotes":""},"categories":[],"tags":[],"class_list":["post-46409","page","type-page","status-publish","hentry"],"acf":{"acf_link_na_externy_obsah":""},"yoast_head":"<!-- This site is optimized with the Yoast SEO plugin v27.5 - https:\/\/yoast.com\/product\/yoast-seo-wordpress\/ -->\n<title>Scientific Board - Pr\u00e1vnick\u00e1 fakulta | UPJ\u0160<\/title>\n<meta name=\"robots\" content=\"index, follow, max-snippet:-1, max-image-preview:large, max-video-preview:-1\" \/>\n<link rel=\"canonical\" href=\"https:\/\/www.upjs.sk\/pravnicka-fakulta\/en\/about-faculty\/vedecka-rada\/\" \/>\n<meta property=\"og:locale\" content=\"en_US\" \/>\n<meta property=\"og:type\" content=\"article\" \/>\n<meta property=\"og:title\" content=\"Scientific Board - Pr\u00e1vnick\u00e1 fakulta | UPJ\u0160\" \/>\n<meta property=\"og:description\" content=\"Scientific Board for the term 2023 \u2013 2027\" \/>\n<meta property=\"og:url\" content=\"https:\/\/www.upjs.sk\/pravnicka-fakulta\/en\/about-faculty\/vedecka-rada\/\" \/>\n<meta property=\"og:site_name\" content=\"Pr\u00e1vnick\u00e1 fakulta | UPJ\u0160\" \/>\n<meta property=\"article:modified_time\" content=\"2025-01-02T10:17:50+00:00\" \/>\n<meta name=\"twitter:card\" content=\"summary_large_image\" \/>\n<meta name=\"twitter:label1\" content=\"Est. reading time\" \/>\n\t<meta name=\"twitter:data1\" content=\"2 minutes\" \/>\n<script type=\"application\/ld+json\" class=\"yoast-schema-graph\">{\"@context\":\"https:\\\/\\\/schema.org\",\"@graph\":[{\"@type\":\"WebPage\",\"@id\":\"https:\\\/\\\/www.upjs.sk\\\/pravnicka-fakulta\\\/en\\\/about-faculty\\\/vedecka-rada\\\/\",\"url\":\"https:\\\/\\\/www.upjs.sk\\\/pravnicka-fakulta\\\/en\\\/about-faculty\\\/vedecka-rada\\\/\",\"name\":\"Scientific Board - Pr\u00e1vnick\u00e1 fakulta | UPJ\u0160\",\"isPartOf\":{\"@id\":\"https:\\\/\\\/www.upjs.sk\\\/pravnicka-fakulta\\\/en\\\/#website\"},\"datePublished\":\"2022-02-04T13:16:58+00:00\",\"dateModified\":\"2025-01-02T10:17:50+00:00\",\"breadcrumb\":{\"@id\":\"https:\\\/\\\/www.upjs.sk\\\/pravnicka-fakulta\\\/en\\\/about-faculty\\\/vedecka-rada\\\/#breadcrumb\"},\"inLanguage\":\"en-US\",\"potentialAction\":[{\"@type\":\"ReadAction\",\"target\":[\"https:\\\/\\\/www.upjs.sk\\\/pravnicka-fakulta\\\/en\\\/about-faculty\\\/vedecka-rada\\\/\"]}]},{\"@type\":\"BreadcrumbList\",\"@id\":\"https:\\\/\\\/www.upjs.sk\\\/pravnicka-fakulta\\\/en\\\/about-faculty\\\/vedecka-rada\\\/#breadcrumb\",\"itemListElement\":[{\"@type\":\"ListItem\",\"position\":1,\"name\":\"Home\",\"item\":\"https:\\\/\\\/www.upjs.sk\\\/pravnicka-fakulta\\\/en\\\/\"},{\"@type\":\"ListItem\",\"position\":2,\"name\":\"About Faculty\",\"item\":\"https:\\\/\\\/www.upjs.sk\\\/pravnicka-fakulta\\\/en\\\/about-faculty\\\/\"},{\"@type\":\"ListItem\",\"position\":3,\"name\":\"Scientific Board\"}]},{\"@type\":\"WebSite\",\"@id\":\"https:\\\/\\\/www.upjs.sk\\\/pravnicka-fakulta\\\/en\\\/#website\",\"url\":\"https:\\\/\\\/www.upjs.sk\\\/pravnicka-fakulta\\\/en\\\/\",\"name\":\"Pr\u00e1vnick\u00e1 fakulta | UPJ\u0160\",\"description\":\"\",\"publisher\":{\"@id\":\"https:\\\/\\\/www.upjs.sk\\\/pravnicka-fakulta\\\/en\\\/#organization\"},\"potentialAction\":[{\"@type\":\"SearchAction\",\"target\":{\"@type\":\"EntryPoint\",\"urlTemplate\":\"https:\\\/\\\/www.upjs.sk\\\/pravnicka-fakulta\\\/en\\\/?s={search_term_string}\"},\"query-input\":{\"@type\":\"PropertyValueSpecification\",\"valueRequired\":true,\"valueName\":\"search_term_string\"}}],\"inLanguage\":\"en-US\"},{\"@type\":\"Organization\",\"@id\":\"https:\\\/\\\/www.upjs.sk\\\/pravnicka-fakulta\\\/en\\\/#organization\",\"name\":\"Pr\u00e1vnick\u00e1 fakulta | UPJ\u0160\",\"url\":\"https:\\\/\\\/www.upjs.sk\\\/pravnicka-fakulta\\\/en\\\/\",\"logo\":{\"@type\":\"ImageObject\",\"inLanguage\":\"en-US\",\"@id\":\"https:\\\/\\\/www.upjs.sk\\\/pravnicka-fakulta\\\/en\\\/#\\\/schema\\\/logo\\\/image\\\/\",\"url\":\"https:\\\/\\\/www.upjs.sk\\\/app\\\/uploads\\\/sites\\\/11\\\/2025\\\/01\\\/logo-pravnicka-fakulta-EN-1.png\",\"contentUrl\":\"https:\\\/\\\/www.upjs.sk\\\/app\\\/uploads\\\/sites\\\/11\\\/2025\\\/01\\\/logo-pravnicka-fakulta-EN-1.png\",\"width\":415,\"height\":87,\"caption\":\"Pr\u00e1vnick\u00e1 fakulta | UPJ\u0160\"},\"image\":{\"@id\":\"https:\\\/\\\/www.upjs.sk\\\/pravnicka-fakulta\\\/en\\\/#\\\/schema\\\/logo\\\/image\\\/\"}}]}<\/script>\n<!-- \/ Yoast SEO plugin. -->","yoast_head_json":{"title":"Scientific Board - Pr\u00e1vnick\u00e1 fakulta | UPJ\u0160","robots":{"index":"index","follow":"follow","max-snippet":"max-snippet:-1","max-image-preview":"max-image-preview:large","max-video-preview":"max-video-preview:-1"},"canonical":"https:\/\/www.upjs.sk\/pravnicka-fakulta\/en\/about-faculty\/vedecka-rada\/","og_locale":"en_US","og_type":"article","og_title":"Scientific Board - Pr\u00e1vnick\u00e1 fakulta | UPJ\u0160","og_description":"Scientific Board for the term 2023 \u2013 2027","og_url":"https:\/\/www.upjs.sk\/pravnicka-fakulta\/en\/about-faculty\/vedecka-rada\/","og_site_name":"Pr\u00e1vnick\u00e1 fakulta | UPJ\u0160","article_modified_time":"2025-01-02T10:17:50+00:00","twitter_card":"summary_large_image","twitter_misc":{"Est. reading time":"2 minutes"},"schema":{"@context":"https:\/\/schema.org","@graph":[{"@type":"WebPage","@id":"https:\/\/www.upjs.sk\/pravnicka-fakulta\/en\/about-faculty\/vedecka-rada\/","url":"https:\/\/www.upjs.sk\/pravnicka-fakulta\/en\/about-faculty\/vedecka-rada\/","name":"Scientific Board - Pr\u00e1vnick\u00e1 fakulta | UPJ\u0160","isPartOf":{"@id":"https:\/\/www.upjs.sk\/pravnicka-fakulta\/en\/#website"},"datePublished":"2022-02-04T13:16:58+00:00","dateModified":"2025-01-02T10:17:50+00:00","breadcrumb":{"@id":"https:\/\/www.upjs.sk\/pravnicka-fakulta\/en\/about-faculty\/vedecka-rada\/#breadcrumb"},"inLanguage":"en-US","potentialAction":[{"@type":"ReadAction","target":["https:\/\/www.upjs.sk\/pravnicka-fakulta\/en\/about-faculty\/vedecka-rada\/"]}]},{"@type":"BreadcrumbList","@id":"https:\/\/www.upjs.sk\/pravnicka-fakulta\/en\/about-faculty\/vedecka-rada\/#breadcrumb","itemListElement":[{"@type":"ListItem","position":1,"name":"Home","item":"https:\/\/www.upjs.sk\/pravnicka-fakulta\/en\/"},{"@type":"ListItem","position":2,"name":"About Faculty","item":"https:\/\/www.upjs.sk\/pravnicka-fakulta\/en\/about-faculty\/"},{"@type":"ListItem","position":3,"name":"Scientific Board"}]},{"@type":"WebSite","@id":"https:\/\/www.upjs.sk\/pravnicka-fakulta\/en\/#website","url":"https:\/\/www.upjs.sk\/pravnicka-fakulta\/en\/","name":"Pr\u00e1vnick\u00e1 fakulta | UPJ\u0160","description":"","publisher":{"@id":"https:\/\/www.upjs.sk\/pravnicka-fakulta\/en\/#organization"},"potentialAction":[{"@type":"SearchAction","target":{"@type":"EntryPoint","urlTemplate":"https:\/\/www.upjs.sk\/pravnicka-fakulta\/en\/?s={search_term_string}"},"query-input":{"@type":"PropertyValueSpecification","valueRequired":true,"valueName":"search_term_string"}}],"inLanguage":"en-US"},{"@type":"Organization","@id":"https:\/\/www.upjs.sk\/pravnicka-fakulta\/en\/#organization","name":"Pr\u00e1vnick\u00e1 fakulta | UPJ\u0160","url":"https:\/\/www.upjs.sk\/pravnicka-fakulta\/en\/","logo":{"@type":"ImageObject","inLanguage":"en-US","@id":"https:\/\/www.upjs.sk\/pravnicka-fakulta\/en\/#\/schema\/logo\/image\/","url":"https:\/\/www.upjs.sk\/app\/uploads\/sites\/11\/2025\/01\/logo-pravnicka-fakulta-EN-1.png","contentUrl":"https:\/\/www.upjs.sk\/app\/uploads\/sites\/11\/2025\/01\/logo-pravnicka-fakulta-EN-1.png","width":415,"height":87,"caption":"Pr\u00e1vnick\u00e1 fakulta | UPJ\u0160"},"image":{"@id":"https:\/\/www.upjs.sk\/pravnicka-fakulta\/en\/#\/schema\/logo\/image\/"}}]}},"_links":{"self":[{"href":"https:\/\/www.upjs.sk\/pravnicka-fakulta\/en\/wp-json\/wp\/v2\/pages\/46409","targetHints":{"allow":["GET"]}}],"collection":[{"href":"https:\/\/www.upjs.sk\/pravnicka-fakulta\/en\/wp-json\/wp\/v2\/pages"}],"about":[{"href":"https:\/\/www.upjs.sk\/pravnicka-fakulta\/en\/wp-json\/wp\/v2\/types\/page"}],"author":[{"embeddable":true,"href":"https:\/\/www.upjs.sk\/pravnicka-fakulta\/en\/wp-json\/wp\/v2\/users\/1"}],"replies":[{"embeddable":true,"href":"https:\/\/www.upjs.sk\/pravnicka-fakulta\/en\/wp-json\/wp\/v2\/comments?post=46409"}],"version-history":[{"count":12,"href":"https:\/\/www.upjs.sk\/pravnicka-fakulta\/en\/wp-json\/wp\/v2\/pages\/46409\/revisions"}],"predecessor-version":[{"id":46479,"href":"https:\/\/www.upjs.sk\/pravnicka-fakulta\/en\/wp-json\/wp\/v2\/pages\/46409\/revisions\/46479"}],"up":[{"embeddable":true,"href":"https:\/\/www.upjs.sk\/pravnicka-fakulta\/en\/wp-json\/wp\/v2\/pages\/43201"}],"wp:attachment":[{"href":"https:\/\/www.upjs.sk\/pravnicka-fakulta\/en\/wp-json\/wp\/v2\/media?parent=46409"}],"wp:term":[{"taxonomy":"category","embeddable":true,"href":"https:\/\/www.upjs.sk\/pravnicka-fakulta\/en\/wp-json\/wp\/v2\/categories?post=46409"},{"taxonomy":"post_tag","embeddable":true,"href":"https:\/\/www.upjs.sk\/pravnicka-fakulta\/en\/wp-json\/wp\/v2\/tags?post=46409"}],"curies":[{"name":"wp","href":"https:\/\/api.w.org\/{rel}","templated":true}]}}