{"id":46429,"date":"2024-12-18T08:13:49","date_gmt":"2024-12-18T07:13:49","guid":{"rendered":"https:\/\/www.upjs.sk\/pravnicka-fakulta\/?page_id=46429"},"modified":"2026-03-03T11:12:40","modified_gmt":"2026-03-03T10:12:40","slug":"department-of-science-research-and-doctoral-studies","status":"publish","type":"page","link":"https:\/\/www.upjs.sk\/pravnicka-fakulta\/en\/research\/department-of-science-research-and-doctoral-studies\/","title":{"rendered":"Department of Science, Research and Doctoral Studies"},"content":{"rendered":"\n<p><strong>Contact Persons:<\/strong> <\/p>\n\n\n<style>.kb-image46429_119af5-f7 .kb-image-has-overlay:after{opacity:0.3;}<\/style>\n<figure class=\"wp-block-kadence-image kb-image46429_119af5-f7 size-medium\"><img loading=\"lazy\" decoding=\"async\" width=\"225\" height=\"300\" src=\"https:\/\/www.upjs.sk\/app\/uploads\/sites\/11\/2024\/12\/Krunkova-225x300.jpg\" alt=\"\" class=\"kb-img wp-image-46453\" srcset=\"https:\/\/www.upjs.sk\/app\/uploads\/sites\/11\/2024\/12\/Krunkova-225x300.jpg 225w, https:\/\/www.upjs.sk\/app\/uploads\/sites\/11\/2024\/12\/Krunkova-768x1024.jpg 768w, https:\/\/www.upjs.sk\/app\/uploads\/sites\/11\/2024\/12\/Krunkova-1152x1536.jpg 1152w, https:\/\/www.upjs.sk\/app\/uploads\/sites\/11\/2024\/12\/Krunkova.jpg 1280w\" sizes=\"auto, (max-width: 225px) 100vw, 225px\" \/><\/figure>\n\n\n\n<p><strong>Assoc. Prof. JUDr. Alena Krunkov\u00e1, PhD.<\/strong><br>Vice-Dean for Research, Doctoral Studies and Further Education<br>Kov\u00e1\u010dska Street 26, 1<sup>st<\/sup> floor, Room No. LA1O10<br>e-mail: <a href=\"mailto:alena.krunkova@upjs.sk\">alena.krunkova@upjs.sk<\/a><br>tel.: 055\/2344171<br>fax: 055\/6225365<\/p>\n\n\n\n<p><strong>Ing. Aneta Gonosov\u00e1<\/strong><br>Kov\u00e1\u010dska Street 26, 1<sup>st<\/sup> floor, Room No. LA1O05<br>tel.: +421 55 234 4109<br>e-mail: <a href=\"mailto:aneta.gonosova@upjs.sk\">aneta.gonosova@upjs.sk<\/a><\/p>\n\n\n<p style=\"text-align: center;\"><strong>Office Hours<\/strong>:<\/p>\n\n<style>.kb-row-layout-id46429_aab1c1-ee > .kt-row-column-wrap{align-content:start;}:where(.kb-row-layout-id46429_aab1c1-ee > .kt-row-column-wrap) > .wp-block-kadence-column{justify-content:start;}.kb-row-layout-id46429_aab1c1-ee > .kt-row-column-wrap{column-gap:var(--global-kb-gap-md, 2rem);row-gap:var(--global-kb-gap-md, 2rem);padding-bottom:var(--global-kb-spacing-sm, 1.5rem);}.kb-row-layout-id46429_aab1c1-ee > .kt-row-column-wrap > div:not(.added-for-specificity){grid-column:initial;}.kb-row-layout-id46429_aab1c1-ee > .kt-row-column-wrap{grid-template-columns:repeat(4, minmax(0, 1fr));}.kb-row-layout-id46429_aab1c1-ee > .kt-row-layout-overlay{opacity:0.30;}@media all and (max-width: 1024px){.kb-row-layout-id46429_aab1c1-ee > .kt-row-column-wrap > div:not(.added-for-specificity){grid-column:initial;}}@media all and (max-width: 1024px){.kb-row-layout-id46429_aab1c1-ee > .kt-row-column-wrap{grid-template-columns:repeat(4, minmax(0, 1fr));}}@media all and (max-width: 767px){.kb-row-layout-id46429_aab1c1-ee > .kt-row-column-wrap > div:not(.added-for-specificity){grid-column:initial;}.kb-row-layout-id46429_aab1c1-ee > .kt-row-column-wrap{grid-template-columns:minmax(0, 1fr);}}<\/style><div class=\"kb-row-layout-wrap kb-row-layout-id46429_aab1c1-ee alignnone wp-block-kadence-rowlayout\"><div class=\"kt-row-column-wrap kt-has-4-columns kt-row-layout-equal kt-tab-layout-inherit kt-mobile-layout-row kt-row-valign-top\">\n<style>.kadence-column46429_7bef56-74 > .kt-inside-inner-col,.kadence-column46429_7bef56-74 > .kt-inside-inner-col:before{border-top-left-radius:0px;border-top-right-radius:0px;border-bottom-right-radius:0px;border-bottom-left-radius:0px;}.kadence-column46429_7bef56-74 > .kt-inside-inner-col{column-gap:var(--global-kb-gap-sm, 1rem);}.kadence-column46429_7bef56-74 > .kt-inside-inner-col{flex-direction:column;}.kadence-column46429_7bef56-74 > .kt-inside-inner-col > .aligncenter{width:100%;}.kadence-column46429_7bef56-74 > .kt-inside-inner-col:before{opacity:0.3;}.kadence-column46429_7bef56-74{position:relative;}@media all and (max-width: 1024px){.kadence-column46429_7bef56-74 > .kt-inside-inner-col{flex-direction:column;justify-content:center;}}@media all and (max-width: 767px){.kadence-column46429_7bef56-74 > .kt-inside-inner-col{flex-direction:column;justify-content:center;}}<\/style>\n<div class=\"wp-block-kadence-column kadence-column46429_7bef56-74\"><div class=\"kt-inside-inner-col\">\n<p style=\"text-align: center;\"><strong>Monday:<\/strong><br \/>09.00 \u2013 11.30 a.m.<\/p>\n<\/div><\/div>\n\n\n<style>.kadence-column46429_df9564-2d > .kt-inside-inner-col,.kadence-column46429_df9564-2d > .kt-inside-inner-col:before{border-top-left-radius:0px;border-top-right-radius:0px;border-bottom-right-radius:0px;border-bottom-left-radius:0px;}.kadence-column46429_df9564-2d > .kt-inside-inner-col{column-gap:var(--global-kb-gap-sm, 1rem);}.kadence-column46429_df9564-2d > .kt-inside-inner-col{flex-direction:column;}.kadence-column46429_df9564-2d > .kt-inside-inner-col > .aligncenter{width:100%;}.kadence-column46429_df9564-2d > .kt-inside-inner-col:before{opacity:0.3;}.kadence-column46429_df9564-2d{position:relative;}@media all and (max-width: 1024px){.kadence-column46429_df9564-2d > .kt-inside-inner-col{flex-direction:column;justify-content:center;}}@media all and (max-width: 767px){.kadence-column46429_df9564-2d > .kt-inside-inner-col{flex-direction:column;justify-content:center;}}<\/style>\n<div class=\"wp-block-kadence-column kadence-column46429_df9564-2d\"><div class=\"kt-inside-inner-col\">\n<p style=\"text-align: center;\"><strong>Tuesday:<\/strong><br \/>13.00 \u2013 15.00 p.m.<\/p>\n<\/div><\/div>\n\n\n<style>.kadence-column46429_c62723-0b > .kt-inside-inner-col,.kadence-column46429_c62723-0b > .kt-inside-inner-col:before{border-top-left-radius:0px;border-top-right-radius:0px;border-bottom-right-radius:0px;border-bottom-left-radius:0px;}.kadence-column46429_c62723-0b > .kt-inside-inner-col{column-gap:var(--global-kb-gap-sm, 1rem);}.kadence-column46429_c62723-0b > .kt-inside-inner-col{flex-direction:column;}.kadence-column46429_c62723-0b > .kt-inside-inner-col > .aligncenter{width:100%;}.kadence-column46429_c62723-0b > .kt-inside-inner-col:before{opacity:0.3;}.kadence-column46429_c62723-0b{position:relative;}@media all and (max-width: 1024px){.kadence-column46429_c62723-0b > .kt-inside-inner-col{flex-direction:column;justify-content:center;}}@media all and (max-width: 767px){.kadence-column46429_c62723-0b > .kt-inside-inner-col{flex-direction:column;justify-content:center;}}<\/style>\n<div class=\"wp-block-kadence-column kadence-column46429_c62723-0b\"><div class=\"kt-inside-inner-col\">\n<p style=\"text-align: center;\"><strong>Wednesday:<br \/><\/strong>09.00 \u2013 11.30 a.m.<\/p>\n<\/div><\/div>\n\n\n<style>.kadence-column46429_c305dc-48 > .kt-inside-inner-col,.kadence-column46429_c305dc-48 > .kt-inside-inner-col:before{border-top-left-radius:0px;border-top-right-radius:0px;border-bottom-right-radius:0px;border-bottom-left-radius:0px;}.kadence-column46429_c305dc-48 > .kt-inside-inner-col{column-gap:var(--global-kb-gap-sm, 1rem);}.kadence-column46429_c305dc-48 > .kt-inside-inner-col{flex-direction:column;}.kadence-column46429_c305dc-48 > .kt-inside-inner-col > .aligncenter{width:100%;}.kadence-column46429_c305dc-48 > .kt-inside-inner-col:before{opacity:0.3;}.kadence-column46429_c305dc-48{position:relative;}@media all and (max-width: 1024px){.kadence-column46429_c305dc-48 > .kt-inside-inner-col{flex-direction:column;justify-content:center;}}@media all and (max-width: 767px){.kadence-column46429_c305dc-48 > .kt-inside-inner-col{flex-direction:column;justify-content:center;}}<\/style>\n<div class=\"wp-block-kadence-column kadence-column46429_c305dc-48\"><div class=\"kt-inside-inner-col\">\n<p style=\"text-align: center;\"><strong>Thursday:<\/strong><br \/>13.00 \u2013 15.00 p.m.<\/p>\n<\/div><\/div>\n\n<\/div><\/div>\n\n\n<p><\/p>\n\n\n\n<p><strong>Projects and their support<\/strong><\/p>\n\n\n\n<p><strong>Mgr. Marianna V\u00e1vra Dr\u00e1\u010dov\u00e1<\/strong><br>Kov\u00e1\u010dska Street 26, 1<sup>st<\/sup> floor, Room No. LA1O07<br>tel.: +421 55 234 4172<br>e-mail: <a href=\"mailto:marianna.vavra.dracova@upjs.sk\">marianna.vavra.dracova@upjs.sk<\/a><\/p>\n","protected":false},"excerpt":{"rendered":"<p>Contact Persons: Assoc. Prof. JUDr. Alena Krunkov\u00e1, PhD.Vice-Dean for Research, Doctoral Studies and Further EducationKov\u00e1\u010dska Street 26, 1st floor, Room No. LA1O10e-mail: alena.krunkova@upjs.sktel.: 055\/2344171fax: 055\/6225365 Ing. Aneta Gonosov\u00e1Kov\u00e1\u010dska Street 26, 1st floor, Room No. LA1O05tel.: +421 55 234 4109e-mail: aneta.gonosova@upjs.sk Office Hours: Monday:09.00 \u2013 11.30 a.m. Tuesday:13.00 \u2013 15.00 p.m. Wednesday:09.00 \u2013 11.30 a.m. Thursday:13.00 &hellip; <a href=\"https:\/\/www.upjs.sk\/pravnicka-fakulta\/en\/research\/department-of-science-research-and-doctoral-studies\/\">Continued<\/a><\/p>\n","protected":false},"author":24,"featured_media":0,"parent":46427,"menu_order":0,"comment_status":"closed","ping_status":"closed","template":"","meta":{"_acf_changed":false,"_editorskit_title_hidden":false,"_editorskit_reading_time":0,"_editorskit_is_block_options_detached":false,"_editorskit_block_options_position":"{}","footnotes":""},"categories":[],"tags":[],"class_list":["post-46429","page","type-page","status-publish","hentry"],"acf":{"acf_link_na_externy_obsah":""},"yoast_head":"<!-- This site is optimized with the Yoast SEO plugin v27.4 - https:\/\/yoast.com\/product\/yoast-seo-wordpress\/ -->\n<title>Department of Science, Research and Doctoral Studies - Pr\u00e1vnick\u00e1 fakulta | UPJ\u0160<\/title>\n<meta name=\"robots\" content=\"index, follow, max-snippet:-1, max-image-preview:large, max-video-preview:-1\" \/>\n<link rel=\"canonical\" href=\"https:\/\/www.upjs.sk\/pravnicka-fakulta\/en\/research\/department-of-science-research-and-doctoral-studies\/\" \/>\n<meta property=\"og:locale\" content=\"en_US\" \/>\n<meta property=\"og:type\" content=\"article\" \/>\n<meta property=\"og:title\" content=\"Department of Science, Research and Doctoral Studies - Pr\u00e1vnick\u00e1 fakulta | UPJ\u0160\" \/>\n<meta property=\"og:description\" content=\"Contact Persons: Assoc. Prof. JUDr. Alena Krunkov\u00e1, PhD.Vice-Dean for Research, Doctoral Studies and Further EducationKov\u00e1\u010dska Street 26, 1st floor, Room No. LA1O10e-mail: alena.krunkova@upjs.sktel.: 055\/2344171fax: 055\/6225365 Ing. Aneta Gonosov\u00e1Kov\u00e1\u010dska Street 26, 1st floor, Room No. LA1O05tel.: +421 55 234 4109e-mail: aneta.gonosova@upjs.sk Office Hours: Monday:09.00 \u2013 11.30 a.m. Tuesday:13.00 \u2013 15.00 p.m. Wednesday:09.00 \u2013 11.30 a.m. Thursday:13.00 &hellip; Continued\" \/>\n<meta property=\"og:url\" content=\"https:\/\/www.upjs.sk\/pravnicka-fakulta\/en\/research\/department-of-science-research-and-doctoral-studies\/\" \/>\n<meta property=\"og:site_name\" content=\"Pr\u00e1vnick\u00e1 fakulta | UPJ\u0160\" \/>\n<meta property=\"article:modified_time\" content=\"2026-03-03T10:12:40+00:00\" \/>\n<meta property=\"og:image\" content=\"https:\/\/www.upjs.sk\/app\/uploads\/sites\/11\/2024\/12\/Krunkova.jpg\" \/>\n\t<meta property=\"og:image:width\" content=\"1280\" \/>\n\t<meta property=\"og:image:height\" content=\"1707\" \/>\n\t<meta property=\"og:image:type\" content=\"image\/jpeg\" \/>\n<meta name=\"twitter:card\" content=\"summary_large_image\" \/>\n<meta name=\"twitter:label1\" content=\"Est. reading time\" \/>\n\t<meta name=\"twitter:data1\" content=\"1 minute\" \/>\n<script type=\"application\/ld+json\" class=\"yoast-schema-graph\">{\"@context\":\"https:\\\/\\\/schema.org\",\"@graph\":[{\"@type\":\"WebPage\",\"@id\":\"https:\\\/\\\/www.upjs.sk\\\/pravnicka-fakulta\\\/en\\\/research\\\/department-of-science-research-and-doctoral-studies\\\/\",\"url\":\"https:\\\/\\\/www.upjs.sk\\\/pravnicka-fakulta\\\/en\\\/research\\\/department-of-science-research-and-doctoral-studies\\\/\",\"name\":\"Department of Science, Research and Doctoral Studies - Pr\u00e1vnick\u00e1 fakulta | UPJ\u0160\",\"isPartOf\":{\"@id\":\"https:\\\/\\\/www.upjs.sk\\\/pravnicka-fakulta\\\/en\\\/#website\"},\"primaryImageOfPage\":{\"@id\":\"https:\\\/\\\/www.upjs.sk\\\/pravnicka-fakulta\\\/en\\\/research\\\/department-of-science-research-and-doctoral-studies\\\/#primaryimage\"},\"image\":{\"@id\":\"https:\\\/\\\/www.upjs.sk\\\/pravnicka-fakulta\\\/en\\\/research\\\/department-of-science-research-and-doctoral-studies\\\/#primaryimage\"},\"thumbnailUrl\":\"https:\\\/\\\/www.upjs.sk\\\/app\\\/uploads\\\/sites\\\/11\\\/2024\\\/12\\\/Krunkova-225x300.jpg\",\"datePublished\":\"2024-12-18T07:13:49+00:00\",\"dateModified\":\"2026-03-03T10:12:40+00:00\",\"breadcrumb\":{\"@id\":\"https:\\\/\\\/www.upjs.sk\\\/pravnicka-fakulta\\\/en\\\/research\\\/department-of-science-research-and-doctoral-studies\\\/#breadcrumb\"},\"inLanguage\":\"en-US\",\"potentialAction\":[{\"@type\":\"ReadAction\",\"target\":[\"https:\\\/\\\/www.upjs.sk\\\/pravnicka-fakulta\\\/en\\\/research\\\/department-of-science-research-and-doctoral-studies\\\/\"]}]},{\"@type\":\"ImageObject\",\"inLanguage\":\"en-US\",\"@id\":\"https:\\\/\\\/www.upjs.sk\\\/pravnicka-fakulta\\\/en\\\/research\\\/department-of-science-research-and-doctoral-studies\\\/#primaryimage\",\"url\":\"https:\\\/\\\/www.upjs.sk\\\/app\\\/uploads\\\/sites\\\/11\\\/2024\\\/12\\\/Krunkova-225x300.jpg\",\"contentUrl\":\"https:\\\/\\\/www.upjs.sk\\\/app\\\/uploads\\\/sites\\\/11\\\/2024\\\/12\\\/Krunkova-225x300.jpg\"},{\"@type\":\"BreadcrumbList\",\"@id\":\"https:\\\/\\\/www.upjs.sk\\\/pravnicka-fakulta\\\/en\\\/research\\\/department-of-science-research-and-doctoral-studies\\\/#breadcrumb\",\"itemListElement\":[{\"@type\":\"ListItem\",\"position\":1,\"name\":\"Home\",\"item\":\"https:\\\/\\\/www.upjs.sk\\\/pravnicka-fakulta\\\/en\\\/\"},{\"@type\":\"ListItem\",\"position\":2,\"name\":\"Research\",\"item\":\"https:\\\/\\\/www.upjs.sk\\\/pravnicka-fakulta\\\/en\\\/research\\\/\"},{\"@type\":\"ListItem\",\"position\":3,\"name\":\"Department of Science, Research and Doctoral Studies\"}]},{\"@type\":\"WebSite\",\"@id\":\"https:\\\/\\\/www.upjs.sk\\\/pravnicka-fakulta\\\/en\\\/#website\",\"url\":\"https:\\\/\\\/www.upjs.sk\\\/pravnicka-fakulta\\\/en\\\/\",\"name\":\"Pr\u00e1vnick\u00e1 fakulta | UPJ\u0160\",\"description\":\"\",\"publisher\":{\"@id\":\"https:\\\/\\\/www.upjs.sk\\\/pravnicka-fakulta\\\/en\\\/#organization\"},\"potentialAction\":[{\"@type\":\"SearchAction\",\"target\":{\"@type\":\"EntryPoint\",\"urlTemplate\":\"https:\\\/\\\/www.upjs.sk\\\/pravnicka-fakulta\\\/en\\\/?s={search_term_string}\"},\"query-input\":{\"@type\":\"PropertyValueSpecification\",\"valueRequired\":true,\"valueName\":\"search_term_string\"}}],\"inLanguage\":\"en-US\"},{\"@type\":\"Organization\",\"@id\":\"https:\\\/\\\/www.upjs.sk\\\/pravnicka-fakulta\\\/en\\\/#organization\",\"name\":\"Pr\u00e1vnick\u00e1 fakulta | UPJ\u0160\",\"url\":\"https:\\\/\\\/www.upjs.sk\\\/pravnicka-fakulta\\\/en\\\/\",\"logo\":{\"@type\":\"ImageObject\",\"inLanguage\":\"en-US\",\"@id\":\"https:\\\/\\\/www.upjs.sk\\\/pravnicka-fakulta\\\/en\\\/#\\\/schema\\\/logo\\\/image\\\/\",\"url\":\"https:\\\/\\\/www.upjs.sk\\\/app\\\/uploads\\\/sites\\\/11\\\/2025\\\/01\\\/logo-pravnicka-fakulta-EN-1.png\",\"contentUrl\":\"https:\\\/\\\/www.upjs.sk\\\/app\\\/uploads\\\/sites\\\/11\\\/2025\\\/01\\\/logo-pravnicka-fakulta-EN-1.png\",\"width\":415,\"height\":87,\"caption\":\"Pr\u00e1vnick\u00e1 fakulta | UPJ\u0160\"},\"image\":{\"@id\":\"https:\\\/\\\/www.upjs.sk\\\/pravnicka-fakulta\\\/en\\\/#\\\/schema\\\/logo\\\/image\\\/\"}}]}<\/script>\n<!-- \/ Yoast SEO plugin. -->","yoast_head_json":{"title":"Department of Science, Research and Doctoral Studies - Pr\u00e1vnick\u00e1 fakulta | UPJ\u0160","robots":{"index":"index","follow":"follow","max-snippet":"max-snippet:-1","max-image-preview":"max-image-preview:large","max-video-preview":"max-video-preview:-1"},"canonical":"https:\/\/www.upjs.sk\/pravnicka-fakulta\/en\/research\/department-of-science-research-and-doctoral-studies\/","og_locale":"en_US","og_type":"article","og_title":"Department of Science, Research and Doctoral Studies - Pr\u00e1vnick\u00e1 fakulta | UPJ\u0160","og_description":"Contact Persons: Assoc. Prof. JUDr. Alena Krunkov\u00e1, PhD.Vice-Dean for Research, Doctoral Studies and Further EducationKov\u00e1\u010dska Street 26, 1st floor, Room No. LA1O10e-mail: alena.krunkova@upjs.sktel.: 055\/2344171fax: 055\/6225365 Ing. Aneta Gonosov\u00e1Kov\u00e1\u010dska Street 26, 1st floor, Room No. LA1O05tel.: +421 55 234 4109e-mail: aneta.gonosova@upjs.sk Office Hours: Monday:09.00 \u2013 11.30 a.m. Tuesday:13.00 \u2013 15.00 p.m. Wednesday:09.00 \u2013 11.30 a.m. Thursday:13.00 &hellip; Continued","og_url":"https:\/\/www.upjs.sk\/pravnicka-fakulta\/en\/research\/department-of-science-research-and-doctoral-studies\/","og_site_name":"Pr\u00e1vnick\u00e1 fakulta | UPJ\u0160","article_modified_time":"2026-03-03T10:12:40+00:00","og_image":[{"width":1280,"height":1707,"url":"https:\/\/www.upjs.sk\/app\/uploads\/sites\/11\/2024\/12\/Krunkova.jpg","type":"image\/jpeg"}],"twitter_card":"summary_large_image","twitter_misc":{"Est. reading time":"1 minute"},"schema":{"@context":"https:\/\/schema.org","@graph":[{"@type":"WebPage","@id":"https:\/\/www.upjs.sk\/pravnicka-fakulta\/en\/research\/department-of-science-research-and-doctoral-studies\/","url":"https:\/\/www.upjs.sk\/pravnicka-fakulta\/en\/research\/department-of-science-research-and-doctoral-studies\/","name":"Department of Science, Research and Doctoral Studies - Pr\u00e1vnick\u00e1 fakulta | UPJ\u0160","isPartOf":{"@id":"https:\/\/www.upjs.sk\/pravnicka-fakulta\/en\/#website"},"primaryImageOfPage":{"@id":"https:\/\/www.upjs.sk\/pravnicka-fakulta\/en\/research\/department-of-science-research-and-doctoral-studies\/#primaryimage"},"image":{"@id":"https:\/\/www.upjs.sk\/pravnicka-fakulta\/en\/research\/department-of-science-research-and-doctoral-studies\/#primaryimage"},"thumbnailUrl":"https:\/\/www.upjs.sk\/app\/uploads\/sites\/11\/2024\/12\/Krunkova-225x300.jpg","datePublished":"2024-12-18T07:13:49+00:00","dateModified":"2026-03-03T10:12:40+00:00","breadcrumb":{"@id":"https:\/\/www.upjs.sk\/pravnicka-fakulta\/en\/research\/department-of-science-research-and-doctoral-studies\/#breadcrumb"},"inLanguage":"en-US","potentialAction":[{"@type":"ReadAction","target":["https:\/\/www.upjs.sk\/pravnicka-fakulta\/en\/research\/department-of-science-research-and-doctoral-studies\/"]}]},{"@type":"ImageObject","inLanguage":"en-US","@id":"https:\/\/www.upjs.sk\/pravnicka-fakulta\/en\/research\/department-of-science-research-and-doctoral-studies\/#primaryimage","url":"https:\/\/www.upjs.sk\/app\/uploads\/sites\/11\/2024\/12\/Krunkova-225x300.jpg","contentUrl":"https:\/\/www.upjs.sk\/app\/uploads\/sites\/11\/2024\/12\/Krunkova-225x300.jpg"},{"@type":"BreadcrumbList","@id":"https:\/\/www.upjs.sk\/pravnicka-fakulta\/en\/research\/department-of-science-research-and-doctoral-studies\/#breadcrumb","itemListElement":[{"@type":"ListItem","position":1,"name":"Home","item":"https:\/\/www.upjs.sk\/pravnicka-fakulta\/en\/"},{"@type":"ListItem","position":2,"name":"Research","item":"https:\/\/www.upjs.sk\/pravnicka-fakulta\/en\/research\/"},{"@type":"ListItem","position":3,"name":"Department of Science, Research and Doctoral Studies"}]},{"@type":"WebSite","@id":"https:\/\/www.upjs.sk\/pravnicka-fakulta\/en\/#website","url":"https:\/\/www.upjs.sk\/pravnicka-fakulta\/en\/","name":"Pr\u00e1vnick\u00e1 fakulta | UPJ\u0160","description":"","publisher":{"@id":"https:\/\/www.upjs.sk\/pravnicka-fakulta\/en\/#organization"},"potentialAction":[{"@type":"SearchAction","target":{"@type":"EntryPoint","urlTemplate":"https:\/\/www.upjs.sk\/pravnicka-fakulta\/en\/?s={search_term_string}"},"query-input":{"@type":"PropertyValueSpecification","valueRequired":true,"valueName":"search_term_string"}}],"inLanguage":"en-US"},{"@type":"Organization","@id":"https:\/\/www.upjs.sk\/pravnicka-fakulta\/en\/#organization","name":"Pr\u00e1vnick\u00e1 fakulta | UPJ\u0160","url":"https:\/\/www.upjs.sk\/pravnicka-fakulta\/en\/","logo":{"@type":"ImageObject","inLanguage":"en-US","@id":"https:\/\/www.upjs.sk\/pravnicka-fakulta\/en\/#\/schema\/logo\/image\/","url":"https:\/\/www.upjs.sk\/app\/uploads\/sites\/11\/2025\/01\/logo-pravnicka-fakulta-EN-1.png","contentUrl":"https:\/\/www.upjs.sk\/app\/uploads\/sites\/11\/2025\/01\/logo-pravnicka-fakulta-EN-1.png","width":415,"height":87,"caption":"Pr\u00e1vnick\u00e1 fakulta | UPJ\u0160"},"image":{"@id":"https:\/\/www.upjs.sk\/pravnicka-fakulta\/en\/#\/schema\/logo\/image\/"}}]}},"_links":{"self":[{"href":"https:\/\/www.upjs.sk\/pravnicka-fakulta\/en\/wp-json\/wp\/v2\/pages\/46429","targetHints":{"allow":["GET"]}}],"collection":[{"href":"https:\/\/www.upjs.sk\/pravnicka-fakulta\/en\/wp-json\/wp\/v2\/pages"}],"about":[{"href":"https:\/\/www.upjs.sk\/pravnicka-fakulta\/en\/wp-json\/wp\/v2\/types\/page"}],"author":[{"embeddable":true,"href":"https:\/\/www.upjs.sk\/pravnicka-fakulta\/en\/wp-json\/wp\/v2\/users\/24"}],"replies":[{"embeddable":true,"href":"https:\/\/www.upjs.sk\/pravnicka-fakulta\/en\/wp-json\/wp\/v2\/comments?post=46429"}],"version-history":[{"count":9,"href":"https:\/\/www.upjs.sk\/pravnicka-fakulta\/en\/wp-json\/wp\/v2\/pages\/46429\/revisions"}],"predecessor-version":[{"id":51949,"href":"https:\/\/www.upjs.sk\/pravnicka-fakulta\/en\/wp-json\/wp\/v2\/pages\/46429\/revisions\/51949"}],"up":[{"embeddable":true,"href":"https:\/\/www.upjs.sk\/pravnicka-fakulta\/en\/wp-json\/wp\/v2\/pages\/46427"}],"wp:attachment":[{"href":"https:\/\/www.upjs.sk\/pravnicka-fakulta\/en\/wp-json\/wp\/v2\/media?parent=46429"}],"wp:term":[{"taxonomy":"category","embeddable":true,"href":"https:\/\/www.upjs.sk\/pravnicka-fakulta\/en\/wp-json\/wp\/v2\/categories?post=46429"},{"taxonomy":"post_tag","embeddable":true,"href":"https:\/\/www.upjs.sk\/pravnicka-fakulta\/en\/wp-json\/wp\/v2\/tags?post=46429"}],"curies":[{"name":"wp","href":"https:\/\/api.w.org\/{rel}","templated":true}]}}