{"id":46435,"date":"2024-12-18T07:55:36","date_gmt":"2024-12-18T06:55:36","guid":{"rendered":"https:\/\/www.upjs.sk\/pravnicka-fakulta\/?page_id=46435"},"modified":"2025-01-02T11:18:14","modified_gmt":"2025-01-02T10:18:14","slug":"international-relations-office","status":"publish","type":"page","link":"https:\/\/www.upjs.sk\/pravnicka-fakulta\/en\/about-faculty\/international-relations-office\/","title":{"rendered":"International Relations Office"},"content":{"rendered":"\n<p><strong>Contact Persons<\/strong>:<\/p>\n\n\n<style>.kb-image46435_559a04-3f .kb-image-has-overlay:after{opacity:0.3;}<\/style>\n<figure class=\"wp-block-kadence-image kb-image46435_559a04-3f size-medium\"><img loading=\"lazy\" decoding=\"async\" width=\"225\" height=\"300\" src=\"https:\/\/www.upjs.sk\/app\/uploads\/sites\/11\/2024\/12\/Dolobac-225x300.jpg\" alt=\"\" class=\"kb-img wp-image-46448\" srcset=\"https:\/\/www.upjs.sk\/app\/uploads\/sites\/11\/2024\/12\/Dolobac-225x300.jpg 225w, https:\/\/www.upjs.sk\/app\/uploads\/sites\/11\/2024\/12\/Dolobac.jpg 354w\" sizes=\"auto, (max-width: 225px) 100vw, 225px\" \/><\/figure>\n\n\n\n<p><strong>Assoc. Prof. JUDr. Marcel Dolob\u00e1\u010d, PhD.<\/strong> <br>Vice-Dean for Development and International Relations<br>Departmental Erasmus Co-ordinator<br>Kov\u00e1\u010dska Street 30, 1<sup>st <\/sup>floor, room No. LB1O25<br>e-mail: <a href=\"mailto:marcel.dolobac@upjs.sk\">marcel.dolobac@upjs.sk<\/a><br>tel.: 055\/2344136<br>fax: 055\/6225365<\/p>\n\n\n\n<p><strong>Department of International Relations and Further Education<\/strong><\/p>\n\n\n\n<p><strong>Mgr. Eva Tk\u00e1\u010dov\u00e1<\/strong><br>Kov\u00e1\u010dska 26, 1<sup>st<\/sup> floor, room No. LA1O04<br>tel.: +421 55 234 4108<br>fax: + 421 55 62 25 365<br>e-mail: <a href=\"mailto:eva.tkacova@upjs.sk\">eva.tkacova@upjs.sk<\/a><\/p>\n\n\n\n<p class=\"has-text-align-center\"><strong>Office Hours<\/strong>:<\/p>\n\n\n<style>.kb-row-layout-id46435_63cff3-2c > .kt-row-column-wrap{align-content:start;}:where(.kb-row-layout-id46435_63cff3-2c > .kt-row-column-wrap) > .wp-block-kadence-column{justify-content:start;}.kb-row-layout-id46435_63cff3-2c > .kt-row-column-wrap{column-gap:var(--global-kb-gap-md, 2rem);row-gap:var(--global-kb-gap-md, 2rem);padding-bottom:var(--global-kb-spacing-sm, 1.5rem);grid-template-columns:minmax(0, calc(25% - ((var(--global-kb-gap-md, 2rem) * 3 )\/4)))minmax(0, calc(25% - ((var(--global-kb-gap-md, 2rem) * 3 )\/4)))minmax(0, calc(25% - ((var(--global-kb-gap-md, 2rem) * 3 )\/4)))minmax(0, calc(25% - ((var(--global-kb-gap-md, 2rem) * 3 )\/4)));}.kb-row-layout-id46435_63cff3-2c > .kt-row-layout-overlay{opacity:0.30;}.kb-row-layout-id46435_63cff3-2c .kt-row-layout-bottom-sep{height:100px;}.kb-row-layout-id46435_63cff3-2c .kt-row-layout-bottom-sep svg{width:100%;}.kb-row-layout-id46435_63cff3-2c .kt-row-layout-bottom-sep svg{fill:#ffffff!important;}@media all and (max-width: 1024px){.kb-row-layout-id46435_63cff3-2c > .kt-row-column-wrap > div:not(.added-for-specificity){grid-column:initial;}}@media all and (max-width: 1024px){.kb-row-layout-id46435_63cff3-2c > .kt-row-column-wrap{grid-template-columns:repeat(4, minmax(0, 1fr));}}@media all and (max-width: 1024px){.kb-row-layout-id46435_63cff3-2c .kt-row-layout-bottom-sep{height:px;}}@media all and (max-width: 1024px){.kb-row-layout-id46435_63cff3-2c .kt-row-layout-bottom-sep svg{width:%;}}@media all and (max-width: 767px){.kb-row-layout-id46435_63cff3-2c > .kt-row-column-wrap > div:not(.added-for-specificity){grid-column:initial;}.kb-row-layout-id46435_63cff3-2c > .kt-row-column-wrap{grid-template-columns:minmax(0, 1fr);}.kb-row-layout-id46435_63cff3-2c .kt-row-layout-bottom-sep{height:px;}.kb-row-layout-id46435_63cff3-2c .kt-row-layout-bottom-sep svg{width:%;}}<\/style><div class=\"kb-row-layout-wrap kb-row-layout-id46435_63cff3-2c alignnone wp-block-kadence-rowlayout\"><div class=\"kt-row-column-wrap kt-has-4-columns kt-row-layout-equal kt-tab-layout-inherit kt-mobile-layout-row kt-row-valign-top\">\n<style>.kadence-column46435_e756af-a3 > .kt-inside-inner-col,.kadence-column46435_e756af-a3 > .kt-inside-inner-col:before{border-top-left-radius:0px;border-top-right-radius:0px;border-bottom-right-radius:0px;border-bottom-left-radius:0px;}.kadence-column46435_e756af-a3 > .kt-inside-inner-col{column-gap:var(--global-kb-gap-sm, 1rem);}.kadence-column46435_e756af-a3 > .kt-inside-inner-col{flex-direction:column;}.kadence-column46435_e756af-a3 > .kt-inside-inner-col > .aligncenter{width:100%;}.kadence-column46435_e756af-a3 > .kt-inside-inner-col:before{opacity:0.3;}.kadence-column46435_e756af-a3{position:relative;}@media all and (max-width: 1024px){.kadence-column46435_e756af-a3 > .kt-inside-inner-col{flex-direction:column;justify-content:center;}}@media all and (max-width: 767px){.kadence-column46435_e756af-a3 > .kt-inside-inner-col{flex-direction:column;justify-content:center;}}<\/style>\n<div class=\"wp-block-kadence-column kadence-column46435_e756af-a3\"><div class=\"kt-inside-inner-col\">\n<p style=\"text-align: center;\"><strong>Monday:<\/strong><br \/>09.00 \u2013 11.30 a.m.<\/p>\n<\/div><\/div>\n\n\n<style>.kadence-column46435_643efc-56 > .kt-inside-inner-col,.kadence-column46435_643efc-56 > .kt-inside-inner-col:before{border-top-left-radius:0px;border-top-right-radius:0px;border-bottom-right-radius:0px;border-bottom-left-radius:0px;}.kadence-column46435_643efc-56 > .kt-inside-inner-col{column-gap:var(--global-kb-gap-sm, 1rem);}.kadence-column46435_643efc-56 > .kt-inside-inner-col{flex-direction:column;}.kadence-column46435_643efc-56 > .kt-inside-inner-col > .aligncenter{width:100%;}.kadence-column46435_643efc-56 > .kt-inside-inner-col:before{opacity:0.3;}.kadence-column46435_643efc-56{position:relative;}@media all and (max-width: 1024px){.kadence-column46435_643efc-56 > .kt-inside-inner-col{flex-direction:column;justify-content:center;}}@media all and (max-width: 767px){.kadence-column46435_643efc-56 > .kt-inside-inner-col{flex-direction:column;justify-content:center;}}<\/style>\n<div class=\"wp-block-kadence-column kadence-column46435_643efc-56\"><div class=\"kt-inside-inner-col\">\n<p style=\"text-align: center;\"><strong>Tuesday:<\/strong><br \/>13.00 \u2013 15.00 p.m.<\/p>\n<\/div><\/div>\n\n\n<style>.kadence-column46435_fdb913-ec > .kt-inside-inner-col,.kadence-column46435_fdb913-ec > .kt-inside-inner-col:before{border-top-left-radius:0px;border-top-right-radius:0px;border-bottom-right-radius:0px;border-bottom-left-radius:0px;}.kadence-column46435_fdb913-ec > .kt-inside-inner-col{column-gap:var(--global-kb-gap-sm, 1rem);}.kadence-column46435_fdb913-ec > .kt-inside-inner-col{flex-direction:column;}.kadence-column46435_fdb913-ec > .kt-inside-inner-col > .aligncenter{width:100%;}.kadence-column46435_fdb913-ec > .kt-inside-inner-col:before{opacity:0.3;}.kadence-column46435_fdb913-ec{position:relative;}@media all and (max-width: 1024px){.kadence-column46435_fdb913-ec > .kt-inside-inner-col{flex-direction:column;justify-content:center;}}@media all and (max-width: 767px){.kadence-column46435_fdb913-ec > .kt-inside-inner-col{flex-direction:column;justify-content:center;}}<\/style>\n<div class=\"wp-block-kadence-column kadence-column46435_fdb913-ec\"><div class=\"kt-inside-inner-col\">\n<p style=\"text-align: center;\"><strong>Wednesday:<br \/><\/strong>09.00 \u2013 11.30 a.m.<\/p>\n<\/div><\/div>\n\n\n<style>.kadence-column46435_7e0d5f-d2 > .kt-inside-inner-col,.kadence-column46435_7e0d5f-d2 > .kt-inside-inner-col:before{border-top-left-radius:0px;border-top-right-radius:0px;border-bottom-right-radius:0px;border-bottom-left-radius:0px;}.kadence-column46435_7e0d5f-d2 > .kt-inside-inner-col{column-gap:var(--global-kb-gap-sm, 1rem);}.kadence-column46435_7e0d5f-d2 > .kt-inside-inner-col{flex-direction:column;}.kadence-column46435_7e0d5f-d2 > .kt-inside-inner-col > .aligncenter{width:100%;}.kadence-column46435_7e0d5f-d2 > .kt-inside-inner-col:before{opacity:0.3;}.kadence-column46435_7e0d5f-d2{position:relative;}@media all and (max-width: 1024px){.kadence-column46435_7e0d5f-d2 > .kt-inside-inner-col{flex-direction:column;justify-content:center;}}@media all and (max-width: 767px){.kadence-column46435_7e0d5f-d2 > .kt-inside-inner-col{flex-direction:column;justify-content:center;}}<\/style>\n<div class=\"wp-block-kadence-column kadence-column46435_7e0d5f-d2\"><div class=\"kt-inside-inner-col\">\n<p style=\"text-align: center;\"><strong>Thursday:<\/strong><br \/>13.00 \u2013 15.00 p.m.<\/p>\n<\/div><\/div>\n\n<\/div><\/div>","protected":false},"excerpt":{"rendered":"<p>Contact Persons: Assoc. Prof. JUDr. Marcel Dolob\u00e1\u010d, PhD. Vice-Dean for Development and International RelationsDepartmental Erasmus Co-ordinatorKov\u00e1\u010dska Street 30, 1st floor, room No. LB1O25e-mail: marcel.dolobac@upjs.sktel.: 055\/2344136fax: 055\/6225365 Department of International Relations and Further Education Mgr. Eva Tk\u00e1\u010dov\u00e1Kov\u00e1\u010dska 26, 1st floor, room No. LA1O04tel.: +421 55 234 4108fax: + 421 55 62 25 365e-mail: eva.tkacova@upjs.sk Office Hours: &hellip; <a href=\"https:\/\/www.upjs.sk\/pravnicka-fakulta\/en\/about-faculty\/international-relations-office\/\">Continued<\/a><\/p>\n","protected":false},"author":24,"featured_media":0,"parent":43201,"menu_order":5,"comment_status":"closed","ping_status":"closed","template":"","meta":{"_acf_changed":false,"_editorskit_title_hidden":false,"_editorskit_reading_time":0,"_editorskit_is_block_options_detached":false,"_editorskit_block_options_position":"{}","footnotes":""},"categories":[],"tags":[],"class_list":["post-46435","page","type-page","status-publish","hentry"],"acf":{"acf_link_na_externy_obsah":""},"yoast_head":"<!-- This site is optimized with the Yoast SEO plugin v27.4 - https:\/\/yoast.com\/product\/yoast-seo-wordpress\/ -->\n<title>International Relations Office - Pr\u00e1vnick\u00e1 fakulta | UPJ\u0160<\/title>\n<meta name=\"robots\" content=\"index, follow, max-snippet:-1, max-image-preview:large, max-video-preview:-1\" \/>\n<link rel=\"canonical\" href=\"https:\/\/www.upjs.sk\/pravnicka-fakulta\/en\/about-faculty\/international-relations-office\/\" \/>\n<meta property=\"og:locale\" content=\"en_US\" \/>\n<meta property=\"og:type\" content=\"article\" \/>\n<meta property=\"og:title\" content=\"International Relations Office - Pr\u00e1vnick\u00e1 fakulta | UPJ\u0160\" \/>\n<meta property=\"og:description\" content=\"Contact Persons: Assoc. Prof. JUDr. Marcel Dolob\u00e1\u010d, PhD. Vice-Dean for Development and International RelationsDepartmental Erasmus Co-ordinatorKov\u00e1\u010dska Street 30, 1st floor, room No. LB1O25e-mail: marcel.dolobac@upjs.sktel.: 055\/2344136fax: 055\/6225365 Department of International Relations and Further Education Mgr. Eva Tk\u00e1\u010dov\u00e1Kov\u00e1\u010dska 26, 1st floor, room No. LA1O04tel.: +421 55 234 4108fax: + 421 55 62 25 365e-mail: eva.tkacova@upjs.sk Office Hours: &hellip; Continued\" \/>\n<meta property=\"og:url\" content=\"https:\/\/www.upjs.sk\/pravnicka-fakulta\/en\/about-faculty\/international-relations-office\/\" \/>\n<meta property=\"og:site_name\" content=\"Pr\u00e1vnick\u00e1 fakulta | UPJ\u0160\" \/>\n<meta property=\"article:modified_time\" content=\"2025-01-02T10:18:14+00:00\" \/>\n<meta property=\"og:image\" content=\"https:\/\/www.upjs.sk\/app\/uploads\/sites\/11\/2024\/12\/Dolobac.jpg\" \/>\n\t<meta property=\"og:image:width\" content=\"354\" \/>\n\t<meta property=\"og:image:height\" content=\"472\" \/>\n\t<meta property=\"og:image:type\" content=\"image\/jpeg\" \/>\n<meta name=\"twitter:card\" content=\"summary_large_image\" \/>\n<meta name=\"twitter:label1\" content=\"Est. reading time\" \/>\n\t<meta name=\"twitter:data1\" content=\"1 minute\" \/>\n<script type=\"application\/ld+json\" class=\"yoast-schema-graph\">{\"@context\":\"https:\\\/\\\/schema.org\",\"@graph\":[{\"@type\":\"WebPage\",\"@id\":\"https:\\\/\\\/www.upjs.sk\\\/pravnicka-fakulta\\\/en\\\/about-faculty\\\/international-relations-office\\\/\",\"url\":\"https:\\\/\\\/www.upjs.sk\\\/pravnicka-fakulta\\\/en\\\/about-faculty\\\/international-relations-office\\\/\",\"name\":\"International Relations Office - Pr\u00e1vnick\u00e1 fakulta | UPJ\u0160\",\"isPartOf\":{\"@id\":\"https:\\\/\\\/www.upjs.sk\\\/pravnicka-fakulta\\\/en\\\/#website\"},\"primaryImageOfPage\":{\"@id\":\"https:\\\/\\\/www.upjs.sk\\\/pravnicka-fakulta\\\/en\\\/about-faculty\\\/international-relations-office\\\/#primaryimage\"},\"image\":{\"@id\":\"https:\\\/\\\/www.upjs.sk\\\/pravnicka-fakulta\\\/en\\\/about-faculty\\\/international-relations-office\\\/#primaryimage\"},\"thumbnailUrl\":\"https:\\\/\\\/www.upjs.sk\\\/app\\\/uploads\\\/sites\\\/11\\\/2024\\\/12\\\/Dolobac-225x300.jpg\",\"datePublished\":\"2024-12-18T06:55:36+00:00\",\"dateModified\":\"2025-01-02T10:18:14+00:00\",\"breadcrumb\":{\"@id\":\"https:\\\/\\\/www.upjs.sk\\\/pravnicka-fakulta\\\/en\\\/about-faculty\\\/international-relations-office\\\/#breadcrumb\"},\"inLanguage\":\"en-US\",\"potentialAction\":[{\"@type\":\"ReadAction\",\"target\":[\"https:\\\/\\\/www.upjs.sk\\\/pravnicka-fakulta\\\/en\\\/about-faculty\\\/international-relations-office\\\/\"]}]},{\"@type\":\"ImageObject\",\"inLanguage\":\"en-US\",\"@id\":\"https:\\\/\\\/www.upjs.sk\\\/pravnicka-fakulta\\\/en\\\/about-faculty\\\/international-relations-office\\\/#primaryimage\",\"url\":\"https:\\\/\\\/www.upjs.sk\\\/app\\\/uploads\\\/sites\\\/11\\\/2024\\\/12\\\/Dolobac-225x300.jpg\",\"contentUrl\":\"https:\\\/\\\/www.upjs.sk\\\/app\\\/uploads\\\/sites\\\/11\\\/2024\\\/12\\\/Dolobac-225x300.jpg\"},{\"@type\":\"BreadcrumbList\",\"@id\":\"https:\\\/\\\/www.upjs.sk\\\/pravnicka-fakulta\\\/en\\\/about-faculty\\\/international-relations-office\\\/#breadcrumb\",\"itemListElement\":[{\"@type\":\"ListItem\",\"position\":1,\"name\":\"Home\",\"item\":\"https:\\\/\\\/www.upjs.sk\\\/pravnicka-fakulta\\\/en\\\/\"},{\"@type\":\"ListItem\",\"position\":2,\"name\":\"About Faculty\",\"item\":\"https:\\\/\\\/www.upjs.sk\\\/pravnicka-fakulta\\\/en\\\/about-faculty\\\/\"},{\"@type\":\"ListItem\",\"position\":3,\"name\":\"International Relations Office\"}]},{\"@type\":\"WebSite\",\"@id\":\"https:\\\/\\\/www.upjs.sk\\\/pravnicka-fakulta\\\/en\\\/#website\",\"url\":\"https:\\\/\\\/www.upjs.sk\\\/pravnicka-fakulta\\\/en\\\/\",\"name\":\"Pr\u00e1vnick\u00e1 fakulta | UPJ\u0160\",\"description\":\"\",\"publisher\":{\"@id\":\"https:\\\/\\\/www.upjs.sk\\\/pravnicka-fakulta\\\/en\\\/#organization\"},\"potentialAction\":[{\"@type\":\"SearchAction\",\"target\":{\"@type\":\"EntryPoint\",\"urlTemplate\":\"https:\\\/\\\/www.upjs.sk\\\/pravnicka-fakulta\\\/en\\\/?s={search_term_string}\"},\"query-input\":{\"@type\":\"PropertyValueSpecification\",\"valueRequired\":true,\"valueName\":\"search_term_string\"}}],\"inLanguage\":\"en-US\"},{\"@type\":\"Organization\",\"@id\":\"https:\\\/\\\/www.upjs.sk\\\/pravnicka-fakulta\\\/en\\\/#organization\",\"name\":\"Pr\u00e1vnick\u00e1 fakulta | UPJ\u0160\",\"url\":\"https:\\\/\\\/www.upjs.sk\\\/pravnicka-fakulta\\\/en\\\/\",\"logo\":{\"@type\":\"ImageObject\",\"inLanguage\":\"en-US\",\"@id\":\"https:\\\/\\\/www.upjs.sk\\\/pravnicka-fakulta\\\/en\\\/#\\\/schema\\\/logo\\\/image\\\/\",\"url\":\"https:\\\/\\\/www.upjs.sk\\\/app\\\/uploads\\\/sites\\\/11\\\/2025\\\/01\\\/logo-pravnicka-fakulta-EN-1.png\",\"contentUrl\":\"https:\\\/\\\/www.upjs.sk\\\/app\\\/uploads\\\/sites\\\/11\\\/2025\\\/01\\\/logo-pravnicka-fakulta-EN-1.png\",\"width\":415,\"height\":87,\"caption\":\"Pr\u00e1vnick\u00e1 fakulta | UPJ\u0160\"},\"image\":{\"@id\":\"https:\\\/\\\/www.upjs.sk\\\/pravnicka-fakulta\\\/en\\\/#\\\/schema\\\/logo\\\/image\\\/\"}}]}<\/script>\n<!-- \/ Yoast SEO plugin. -->","yoast_head_json":{"title":"International Relations Office - Pr\u00e1vnick\u00e1 fakulta | UPJ\u0160","robots":{"index":"index","follow":"follow","max-snippet":"max-snippet:-1","max-image-preview":"max-image-preview:large","max-video-preview":"max-video-preview:-1"},"canonical":"https:\/\/www.upjs.sk\/pravnicka-fakulta\/en\/about-faculty\/international-relations-office\/","og_locale":"en_US","og_type":"article","og_title":"International Relations Office - Pr\u00e1vnick\u00e1 fakulta | UPJ\u0160","og_description":"Contact Persons: Assoc. Prof. JUDr. Marcel Dolob\u00e1\u010d, PhD. Vice-Dean for Development and International RelationsDepartmental Erasmus Co-ordinatorKov\u00e1\u010dska Street 30, 1st floor, room No. LB1O25e-mail: marcel.dolobac@upjs.sktel.: 055\/2344136fax: 055\/6225365 Department of International Relations and Further Education Mgr. Eva Tk\u00e1\u010dov\u00e1Kov\u00e1\u010dska 26, 1st floor, room No. LA1O04tel.: +421 55 234 4108fax: + 421 55 62 25 365e-mail: eva.tkacova@upjs.sk Office Hours: &hellip; Continued","og_url":"https:\/\/www.upjs.sk\/pravnicka-fakulta\/en\/about-faculty\/international-relations-office\/","og_site_name":"Pr\u00e1vnick\u00e1 fakulta | UPJ\u0160","article_modified_time":"2025-01-02T10:18:14+00:00","og_image":[{"width":354,"height":472,"url":"https:\/\/www.upjs.sk\/app\/uploads\/sites\/11\/2024\/12\/Dolobac.jpg","type":"image\/jpeg"}],"twitter_card":"summary_large_image","twitter_misc":{"Est. reading time":"1 minute"},"schema":{"@context":"https:\/\/schema.org","@graph":[{"@type":"WebPage","@id":"https:\/\/www.upjs.sk\/pravnicka-fakulta\/en\/about-faculty\/international-relations-office\/","url":"https:\/\/www.upjs.sk\/pravnicka-fakulta\/en\/about-faculty\/international-relations-office\/","name":"International Relations Office - Pr\u00e1vnick\u00e1 fakulta | UPJ\u0160","isPartOf":{"@id":"https:\/\/www.upjs.sk\/pravnicka-fakulta\/en\/#website"},"primaryImageOfPage":{"@id":"https:\/\/www.upjs.sk\/pravnicka-fakulta\/en\/about-faculty\/international-relations-office\/#primaryimage"},"image":{"@id":"https:\/\/www.upjs.sk\/pravnicka-fakulta\/en\/about-faculty\/international-relations-office\/#primaryimage"},"thumbnailUrl":"https:\/\/www.upjs.sk\/app\/uploads\/sites\/11\/2024\/12\/Dolobac-225x300.jpg","datePublished":"2024-12-18T06:55:36+00:00","dateModified":"2025-01-02T10:18:14+00:00","breadcrumb":{"@id":"https:\/\/www.upjs.sk\/pravnicka-fakulta\/en\/about-faculty\/international-relations-office\/#breadcrumb"},"inLanguage":"en-US","potentialAction":[{"@type":"ReadAction","target":["https:\/\/www.upjs.sk\/pravnicka-fakulta\/en\/about-faculty\/international-relations-office\/"]}]},{"@type":"ImageObject","inLanguage":"en-US","@id":"https:\/\/www.upjs.sk\/pravnicka-fakulta\/en\/about-faculty\/international-relations-office\/#primaryimage","url":"https:\/\/www.upjs.sk\/app\/uploads\/sites\/11\/2024\/12\/Dolobac-225x300.jpg","contentUrl":"https:\/\/www.upjs.sk\/app\/uploads\/sites\/11\/2024\/12\/Dolobac-225x300.jpg"},{"@type":"BreadcrumbList","@id":"https:\/\/www.upjs.sk\/pravnicka-fakulta\/en\/about-faculty\/international-relations-office\/#breadcrumb","itemListElement":[{"@type":"ListItem","position":1,"name":"Home","item":"https:\/\/www.upjs.sk\/pravnicka-fakulta\/en\/"},{"@type":"ListItem","position":2,"name":"About Faculty","item":"https:\/\/www.upjs.sk\/pravnicka-fakulta\/en\/about-faculty\/"},{"@type":"ListItem","position":3,"name":"International Relations Office"}]},{"@type":"WebSite","@id":"https:\/\/www.upjs.sk\/pravnicka-fakulta\/en\/#website","url":"https:\/\/www.upjs.sk\/pravnicka-fakulta\/en\/","name":"Pr\u00e1vnick\u00e1 fakulta | UPJ\u0160","description":"","publisher":{"@id":"https:\/\/www.upjs.sk\/pravnicka-fakulta\/en\/#organization"},"potentialAction":[{"@type":"SearchAction","target":{"@type":"EntryPoint","urlTemplate":"https:\/\/www.upjs.sk\/pravnicka-fakulta\/en\/?s={search_term_string}"},"query-input":{"@type":"PropertyValueSpecification","valueRequired":true,"valueName":"search_term_string"}}],"inLanguage":"en-US"},{"@type":"Organization","@id":"https:\/\/www.upjs.sk\/pravnicka-fakulta\/en\/#organization","name":"Pr\u00e1vnick\u00e1 fakulta | UPJ\u0160","url":"https:\/\/www.upjs.sk\/pravnicka-fakulta\/en\/","logo":{"@type":"ImageObject","inLanguage":"en-US","@id":"https:\/\/www.upjs.sk\/pravnicka-fakulta\/en\/#\/schema\/logo\/image\/","url":"https:\/\/www.upjs.sk\/app\/uploads\/sites\/11\/2025\/01\/logo-pravnicka-fakulta-EN-1.png","contentUrl":"https:\/\/www.upjs.sk\/app\/uploads\/sites\/11\/2025\/01\/logo-pravnicka-fakulta-EN-1.png","width":415,"height":87,"caption":"Pr\u00e1vnick\u00e1 fakulta | UPJ\u0160"},"image":{"@id":"https:\/\/www.upjs.sk\/pravnicka-fakulta\/en\/#\/schema\/logo\/image\/"}}]}},"_links":{"self":[{"href":"https:\/\/www.upjs.sk\/pravnicka-fakulta\/en\/wp-json\/wp\/v2\/pages\/46435","targetHints":{"allow":["GET"]}}],"collection":[{"href":"https:\/\/www.upjs.sk\/pravnicka-fakulta\/en\/wp-json\/wp\/v2\/pages"}],"about":[{"href":"https:\/\/www.upjs.sk\/pravnicka-fakulta\/en\/wp-json\/wp\/v2\/types\/page"}],"author":[{"embeddable":true,"href":"https:\/\/www.upjs.sk\/pravnicka-fakulta\/en\/wp-json\/wp\/v2\/users\/24"}],"replies":[{"embeddable":true,"href":"https:\/\/www.upjs.sk\/pravnicka-fakulta\/en\/wp-json\/wp\/v2\/comments?post=46435"}],"version-history":[{"count":13,"href":"https:\/\/www.upjs.sk\/pravnicka-fakulta\/en\/wp-json\/wp\/v2\/pages\/46435\/revisions"}],"predecessor-version":[{"id":46480,"href":"https:\/\/www.upjs.sk\/pravnicka-fakulta\/en\/wp-json\/wp\/v2\/pages\/46435\/revisions\/46480"}],"up":[{"embeddable":true,"href":"https:\/\/www.upjs.sk\/pravnicka-fakulta\/en\/wp-json\/wp\/v2\/pages\/43201"}],"wp:attachment":[{"href":"https:\/\/www.upjs.sk\/pravnicka-fakulta\/en\/wp-json\/wp\/v2\/media?parent=46435"}],"wp:term":[{"taxonomy":"category","embeddable":true,"href":"https:\/\/www.upjs.sk\/pravnicka-fakulta\/en\/wp-json\/wp\/v2\/categories?post=46435"},{"taxonomy":"post_tag","embeddable":true,"href":"https:\/\/www.upjs.sk\/pravnicka-fakulta\/en\/wp-json\/wp\/v2\/tags?post=46435"}],"curies":[{"name":"wp","href":"https:\/\/api.w.org\/{rel}","templated":true}]}}