{"id":13015,"date":"2021-03-03T17:18:29","date_gmt":"2021-03-03T17:18:29","guid":{"rendered":"https:\/\/www.upjs.sk\/pravnicka-fakulta\/veda-a-vyskum\/vedecky-vyskum\/"},"modified":"2023-01-12T13:08:57","modified_gmt":"2023-01-12T12:08:57","slug":"vedecky-vyskum","status":"publish","type":"page","link":"https:\/\/www.upjs.sk\/pravnicka-fakulta\/vedecky-vyskum\/","title":{"rendered":"Veda a v\u00fdskum"},"content":{"rendered":"<p><strong><a href=\"\/pravnicka-fakulta\/veda-a-vyskum-dalsie-vzdelavanie\/vedecky-vyskum\/17519\/\">Projekty a ich podpora <\/a><\/strong><br \/>\n<strong><a href=\"\/pravnicka-fakulta\/veda-a-vyskum-dalsie-vzdelavanie\/vedecky-vyskum\/17520\/\">Kvalifika\u010dn\u00fd rast<\/a>\u00a0<\/strong><br \/>\n<a href=\"\/pravnicka-fakulta\/veda-a-vyskum-dalsie-vzdelavanie\/vedecky-vyskum\/17521\/\"><strong>Vedeck\u00e9 podujatia<\/strong><\/a><br \/>\n<a href=\"https:\/\/www.upjs.sk\/pracoviska\/univerzitna-kniznica\/edicna-cinost\/\"><strong>Edi\u010dn\u00e1 \u010dinnos\u0165<\/strong><\/a><br \/>\n<strong><a href=\"https:\/\/www.upjs.sk\/pracoviska\/univerzitna-kniznica\/evidencia-publikacnej-cinnosti\/\">Publika\u010dn\u00e1 \u010dinnos\u0165<\/a><\/strong><br \/>\n<a href=\"\/public\/media\/1049\/RR_5_2021_zasady dobrej praxe vedeckeho publikovania.pdf\"><strong>Rozhodnutie rektora \u010d. 5\/2021, <\/strong><\/a>ktor\u00fdm sa vyd\u00e1vaj\u00fa z\u00e1sady dobrej praxe vedeck\u00e9ho publikovania na Univerzite Pavla Jozefa \u0160af\u00e1rika v Ko\u0161iciach a jej s\u00fa\u010dastiach \u00fa\u010dinn\u00e9 od 22.2. 2021<br \/>\n<strong><a href=\"\/pravnicka-fakulta\/veda-a-vyskum-dalsie-vzdelavanie\/vedecky-vyskum\/17524\/\">Ofici\u00e1lne dokumenty<\/a>\u00a0<\/strong><br \/>\n<a href=\"\/pravnicka-fakulta\/veda-a-vyskum-dalsie-vzdelavanie\/vedecky-vyskum\/17530\/\"><strong>Odpor\u00fa\u010dan\u00e9 linky<\/strong><\/a><\/p>\n<p><span id=\"cke_bm_373E\">\u00a0<\/span><span id=\"cke_bm_399E\">\u00a0<\/span><span id=\"cke_bm_398E\">\u00a0<\/span><span id=\"cke_bm_397E\">\u00a0<\/span><span id=\"cke_bm_396E\">\u00a0<\/span><span id=\"cke_bm_158E\">\u00a0<\/span><span id=\"cke_bm_157E\">\u00a0<\/span><span id=\"cke_bm_156E\">\u00a0<\/span><span id=\"cke_bm_375E\">\u00a0<\/span><span id=\"cke_bm_374E\">\u00a0<\/span><span id=\"cke_bm_373E\">\u00a0<\/span><span id=\"cke_bm_401E\">\u00a0<\/span><span id=\"cke_bm_400E\">\u00a0<\/span><span id=\"cke_bm_399E\">\u00a0<\/span><span id=\"cke_bm_398E\">\u00a0<\/span><span id=\"cke_bm_397E\">\u00a0<\/span><span id=\"cke_bm_396E\">\u00a0<span id=\"cke_bm_379E\">\u00a0<\/span><span id=\"cke_bm_376E\">\u00a0<\/span><span id=\"cke_bm_373E\">\u00a0<\/span><\/span><span id=\"cke_bm_383E\">\u00a0<\/span><span id=\"cke_bm_382E\">\u00a0<\/span><span id=\"cke_bm_381E\">\u00a0<\/span><span id=\"cke_bm_380E\">\u00a0<\/span><span id=\"cke_bm_377E\">\u00a0<\/span><span id=\"cke_bm_375E\">\u00a0<\/span><span id=\"cke_bm_374E\">\u00a0<\/span><\/p>\n<p><!-- Text --><\/p>\n","protected":false},"excerpt":{"rendered":"<p>Projekty a ich podpora Kvalifika\u010dn\u00fd rast\u00a0 Vedeck\u00e9 podujatia Edi\u010dn\u00e1 \u010dinnos\u0165 Publika\u010dn\u00e1 \u010dinnos\u0165 Rozhodnutie rektora \u010d. 5\/2021, ktor\u00fdm sa vyd\u00e1vaj\u00fa z\u00e1sady dobrej praxe vedeck\u00e9ho publikovania na Univerzite Pavla Jozefa \u0160af\u00e1rika v Ko\u0161iciach a jej s\u00fa\u010dastiach \u00fa\u010dinn\u00e9 od 22.2. 2021 Ofici\u00e1lne dokumenty\u00a0 Odpor\u00fa\u010dan\u00e9 linky \u00a0\u00a0\u00a0\u00a0\u00a0\u00a0\u00a0\u00a0\u00a0\u00a0\u00a0\u00a0\u00a0\u00a0\u00a0\u00a0\u00a0\u00a0\u00a0\u00a0\u00a0\u00a0\u00a0\u00a0\u00a0\u00a0\u00a0<\/p>\n","protected":false},"author":1,"featured_media":0,"parent":0,"menu_order":1,"comment_status":"closed","ping_status":"closed","template":"","meta":{"_acf_changed":false,"_editorskit_title_hidden":false,"_editorskit_reading_time":0,"_editorskit_is_block_options_detached":false,"_editorskit_block_options_position":"{}","footnotes":""},"categories":[],"tags":[],"class_list":["post-13015","page","type-page","status-publish","hentry"],"acf":{"acf_link_na_externy_obsah":""},"yoast_head":"<!-- This site is optimized with the Yoast SEO plugin v27.4 - https:\/\/yoast.com\/product\/yoast-seo-wordpress\/ -->\n<title>Veda a v\u00fdskum - Pr\u00e1vnick\u00e1 fakulta | UPJ\u0160<\/title>\n<meta name=\"robots\" content=\"index, follow, max-snippet:-1, max-image-preview:large, max-video-preview:-1\" \/>\n<link rel=\"canonical\" href=\"https:\/\/www.upjs.sk\/pravnicka-fakulta\/vedecky-vyskum\/\" \/>\n<meta property=\"og:locale\" content=\"sk_SK\" \/>\n<meta property=\"og:type\" content=\"article\" \/>\n<meta property=\"og:title\" content=\"Veda a v\u00fdskum - Pr\u00e1vnick\u00e1 fakulta | UPJ\u0160\" \/>\n<meta property=\"og:description\" content=\"Projekty a ich podpora Kvalifika\u010dn\u00fd rast\u00a0 Vedeck\u00e9 podujatia Edi\u010dn\u00e1 \u010dinnos\u0165 Publika\u010dn\u00e1 \u010dinnos\u0165 Rozhodnutie rektora \u010d. 5\/2021, ktor\u00fdm sa vyd\u00e1vaj\u00fa z\u00e1sady dobrej praxe vedeck\u00e9ho publikovania na Univerzite Pavla Jozefa \u0160af\u00e1rika v Ko\u0161iciach a jej s\u00fa\u010dastiach \u00fa\u010dinn\u00e9 od 22.2. 2021 Ofici\u00e1lne dokumenty\u00a0 Odpor\u00fa\u010dan\u00e9 linky \u00a0\u00a0\u00a0\u00a0\u00a0\u00a0\u00a0\u00a0\u00a0\u00a0\u00a0\u00a0\u00a0\u00a0\u00a0\u00a0\u00a0\u00a0\u00a0\u00a0\u00a0\u00a0\u00a0\u00a0\u00a0\u00a0\u00a0\" \/>\n<meta property=\"og:url\" content=\"https:\/\/www.upjs.sk\/pravnicka-fakulta\/vedecky-vyskum\/\" \/>\n<meta property=\"og:site_name\" content=\"Pr\u00e1vnick\u00e1 fakulta | UPJ\u0160\" \/>\n<meta property=\"article:modified_time\" content=\"2023-01-12T12:08:57+00:00\" \/>\n<meta name=\"twitter:card\" content=\"summary_large_image\" \/>\n<meta name=\"twitter:label1\" content=\"Predpokladan\u00fd \u010das \u010d\u00edtania\" \/>\n\t<meta name=\"twitter:data1\" content=\"1 min\u00fata\" \/>\n<script type=\"application\/ld+json\" class=\"yoast-schema-graph\">{\"@context\":\"https:\\\/\\\/schema.org\",\"@graph\":[{\"@type\":\"WebPage\",\"@id\":\"https:\\\/\\\/www.upjs.sk\\\/pravnicka-fakulta\\\/vedecky-vyskum\\\/\",\"url\":\"https:\\\/\\\/www.upjs.sk\\\/pravnicka-fakulta\\\/vedecky-vyskum\\\/\",\"name\":\"Veda a v\u00fdskum - Pr\u00e1vnick\u00e1 fakulta | UPJ\u0160\",\"isPartOf\":{\"@id\":\"https:\\\/\\\/www.upjs.sk\\\/pravnicka-fakulta\\\/#website\"},\"datePublished\":\"2021-03-03T17:18:29+00:00\",\"dateModified\":\"2023-01-12T12:08:57+00:00\",\"breadcrumb\":{\"@id\":\"https:\\\/\\\/www.upjs.sk\\\/pravnicka-fakulta\\\/vedecky-vyskum\\\/#breadcrumb\"},\"inLanguage\":\"sk-SK\",\"potentialAction\":[{\"@type\":\"ReadAction\",\"target\":[\"https:\\\/\\\/www.upjs.sk\\\/pravnicka-fakulta\\\/vedecky-vyskum\\\/\"]}]},{\"@type\":\"BreadcrumbList\",\"@id\":\"https:\\\/\\\/www.upjs.sk\\\/pravnicka-fakulta\\\/vedecky-vyskum\\\/#breadcrumb\",\"itemListElement\":[{\"@type\":\"ListItem\",\"position\":1,\"name\":\"Home\",\"item\":\"https:\\\/\\\/www.upjs.sk\\\/pravnicka-fakulta\\\/\"},{\"@type\":\"ListItem\",\"position\":2,\"name\":\"Veda a v\u00fdskum\"}]},{\"@type\":\"WebSite\",\"@id\":\"https:\\\/\\\/www.upjs.sk\\\/pravnicka-fakulta\\\/#website\",\"url\":\"https:\\\/\\\/www.upjs.sk\\\/pravnicka-fakulta\\\/\",\"name\":\"Pr\u00e1vnick\u00e1 fakulta | UPJ\u0160\",\"description\":\"\",\"publisher\":{\"@id\":\"https:\\\/\\\/www.upjs.sk\\\/pravnicka-fakulta\\\/#organization\"},\"potentialAction\":[{\"@type\":\"SearchAction\",\"target\":{\"@type\":\"EntryPoint\",\"urlTemplate\":\"https:\\\/\\\/www.upjs.sk\\\/pravnicka-fakulta\\\/?s={search_term_string}\"},\"query-input\":{\"@type\":\"PropertyValueSpecification\",\"valueRequired\":true,\"valueName\":\"search_term_string\"}}],\"inLanguage\":\"sk-SK\"},{\"@type\":\"Organization\",\"@id\":\"https:\\\/\\\/www.upjs.sk\\\/pravnicka-fakulta\\\/#organization\",\"name\":\"Pr\u00e1vnick\u00e1 fakulta | UPJ\u0160\",\"url\":\"https:\\\/\\\/www.upjs.sk\\\/pravnicka-fakulta\\\/\",\"logo\":{\"@type\":\"ImageObject\",\"inLanguage\":\"sk-SK\",\"@id\":\"https:\\\/\\\/www.upjs.sk\\\/pravnicka-fakulta\\\/#\\\/schema\\\/logo\\\/image\\\/\",\"url\":\"https:\\\/\\\/www.upjs.sk\\\/app\\\/uploads\\\/sites\\\/11\\\/2022\\\/09\\\/logo-pravnicka-fakulta.png\",\"contentUrl\":\"https:\\\/\\\/www.upjs.sk\\\/app\\\/uploads\\\/sites\\\/11\\\/2022\\\/09\\\/logo-pravnicka-fakulta.png\",\"width\":415,\"height\":87,\"caption\":\"Pr\u00e1vnick\u00e1 fakulta | UPJ\u0160\"},\"image\":{\"@id\":\"https:\\\/\\\/www.upjs.sk\\\/pravnicka-fakulta\\\/#\\\/schema\\\/logo\\\/image\\\/\"}}]}<\/script>\n<!-- \/ Yoast SEO plugin. -->","yoast_head_json":{"title":"Veda a v\u00fdskum - Pr\u00e1vnick\u00e1 fakulta | UPJ\u0160","robots":{"index":"index","follow":"follow","max-snippet":"max-snippet:-1","max-image-preview":"max-image-preview:large","max-video-preview":"max-video-preview:-1"},"canonical":"https:\/\/www.upjs.sk\/pravnicka-fakulta\/vedecky-vyskum\/","og_locale":"sk_SK","og_type":"article","og_title":"Veda a v\u00fdskum - Pr\u00e1vnick\u00e1 fakulta | UPJ\u0160","og_description":"Projekty a ich podpora Kvalifika\u010dn\u00fd rast\u00a0 Vedeck\u00e9 podujatia Edi\u010dn\u00e1 \u010dinnos\u0165 Publika\u010dn\u00e1 \u010dinnos\u0165 Rozhodnutie rektora \u010d. 5\/2021, ktor\u00fdm sa vyd\u00e1vaj\u00fa z\u00e1sady dobrej praxe vedeck\u00e9ho publikovania na Univerzite Pavla Jozefa \u0160af\u00e1rika v Ko\u0161iciach a jej s\u00fa\u010dastiach \u00fa\u010dinn\u00e9 od 22.2. 2021 Ofici\u00e1lne dokumenty\u00a0 Odpor\u00fa\u010dan\u00e9 linky \u00a0\u00a0\u00a0\u00a0\u00a0\u00a0\u00a0\u00a0\u00a0\u00a0\u00a0\u00a0\u00a0\u00a0\u00a0\u00a0\u00a0\u00a0\u00a0\u00a0\u00a0\u00a0\u00a0\u00a0\u00a0\u00a0\u00a0","og_url":"https:\/\/www.upjs.sk\/pravnicka-fakulta\/vedecky-vyskum\/","og_site_name":"Pr\u00e1vnick\u00e1 fakulta | UPJ\u0160","article_modified_time":"2023-01-12T12:08:57+00:00","twitter_card":"summary_large_image","twitter_misc":{"Predpokladan\u00fd \u010das \u010d\u00edtania":"1 min\u00fata"},"schema":{"@context":"https:\/\/schema.org","@graph":[{"@type":"WebPage","@id":"https:\/\/www.upjs.sk\/pravnicka-fakulta\/vedecky-vyskum\/","url":"https:\/\/www.upjs.sk\/pravnicka-fakulta\/vedecky-vyskum\/","name":"Veda a v\u00fdskum - Pr\u00e1vnick\u00e1 fakulta | UPJ\u0160","isPartOf":{"@id":"https:\/\/www.upjs.sk\/pravnicka-fakulta\/#website"},"datePublished":"2021-03-03T17:18:29+00:00","dateModified":"2023-01-12T12:08:57+00:00","breadcrumb":{"@id":"https:\/\/www.upjs.sk\/pravnicka-fakulta\/vedecky-vyskum\/#breadcrumb"},"inLanguage":"sk-SK","potentialAction":[{"@type":"ReadAction","target":["https:\/\/www.upjs.sk\/pravnicka-fakulta\/vedecky-vyskum\/"]}]},{"@type":"BreadcrumbList","@id":"https:\/\/www.upjs.sk\/pravnicka-fakulta\/vedecky-vyskum\/#breadcrumb","itemListElement":[{"@type":"ListItem","position":1,"name":"Home","item":"https:\/\/www.upjs.sk\/pravnicka-fakulta\/"},{"@type":"ListItem","position":2,"name":"Veda a v\u00fdskum"}]},{"@type":"WebSite","@id":"https:\/\/www.upjs.sk\/pravnicka-fakulta\/#website","url":"https:\/\/www.upjs.sk\/pravnicka-fakulta\/","name":"Pr\u00e1vnick\u00e1 fakulta | UPJ\u0160","description":"","publisher":{"@id":"https:\/\/www.upjs.sk\/pravnicka-fakulta\/#organization"},"potentialAction":[{"@type":"SearchAction","target":{"@type":"EntryPoint","urlTemplate":"https:\/\/www.upjs.sk\/pravnicka-fakulta\/?s={search_term_string}"},"query-input":{"@type":"PropertyValueSpecification","valueRequired":true,"valueName":"search_term_string"}}],"inLanguage":"sk-SK"},{"@type":"Organization","@id":"https:\/\/www.upjs.sk\/pravnicka-fakulta\/#organization","name":"Pr\u00e1vnick\u00e1 fakulta | UPJ\u0160","url":"https:\/\/www.upjs.sk\/pravnicka-fakulta\/","logo":{"@type":"ImageObject","inLanguage":"sk-SK","@id":"https:\/\/www.upjs.sk\/pravnicka-fakulta\/#\/schema\/logo\/image\/","url":"https:\/\/www.upjs.sk\/app\/uploads\/sites\/11\/2022\/09\/logo-pravnicka-fakulta.png","contentUrl":"https:\/\/www.upjs.sk\/app\/uploads\/sites\/11\/2022\/09\/logo-pravnicka-fakulta.png","width":415,"height":87,"caption":"Pr\u00e1vnick\u00e1 fakulta | UPJ\u0160"},"image":{"@id":"https:\/\/www.upjs.sk\/pravnicka-fakulta\/#\/schema\/logo\/image\/"}}]}},"_links":{"self":[{"href":"https:\/\/www.upjs.sk\/pravnicka-fakulta\/wp-json\/wp\/v2\/pages\/13015","targetHints":{"allow":["GET"]}}],"collection":[{"href":"https:\/\/www.upjs.sk\/pravnicka-fakulta\/wp-json\/wp\/v2\/pages"}],"about":[{"href":"https:\/\/www.upjs.sk\/pravnicka-fakulta\/wp-json\/wp\/v2\/types\/page"}],"author":[{"embeddable":true,"href":"https:\/\/www.upjs.sk\/pravnicka-fakulta\/wp-json\/wp\/v2\/users\/1"}],"replies":[{"embeddable":true,"href":"https:\/\/www.upjs.sk\/pravnicka-fakulta\/wp-json\/wp\/v2\/comments?post=13015"}],"version-history":[{"count":4,"href":"https:\/\/www.upjs.sk\/pravnicka-fakulta\/wp-json\/wp\/v2\/pages\/13015\/revisions"}],"predecessor-version":[{"id":36046,"href":"https:\/\/www.upjs.sk\/pravnicka-fakulta\/wp-json\/wp\/v2\/pages\/13015\/revisions\/36046"}],"wp:attachment":[{"href":"https:\/\/www.upjs.sk\/pravnicka-fakulta\/wp-json\/wp\/v2\/media?parent=13015"}],"wp:term":[{"taxonomy":"category","embeddable":true,"href":"https:\/\/www.upjs.sk\/pravnicka-fakulta\/wp-json\/wp\/v2\/categories?post=13015"},{"taxonomy":"post_tag","embeddable":true,"href":"https:\/\/www.upjs.sk\/pravnicka-fakulta\/wp-json\/wp\/v2\/tags?post=13015"}],"curies":[{"name":"wp","href":"https:\/\/api.w.org\/{rel}","templated":true}]}}