{"id":13087,"date":"2010-03-30T14:40:23","date_gmt":"2010-03-30T14:40:23","guid":{"rendered":"https:\/\/www.upjs.sk\/pravnicka-fakulta\/medzinarodne-vztahy\/dolezite-linky\/"},"modified":"2022-11-13T22:05:36","modified_gmt":"2022-11-13T21:05:36","slug":"dolezite-linky","status":"publish","type":"page","link":"https:\/\/www.upjs.sk\/pravnicka-fakulta\/medzinarodne-vztahy\/dolezite-linky\/","title":{"rendered":"D\u00f4le\u017eit\u00e9 linky"},"content":{"rendered":"<p>\u00a0<\/p>\n<p> <!-- Text --> <\/p>\n<p><font color=\"#000000\"><strong>Svetov\u00e9 linky<\/strong><\/font>\u00a0<br \/> \u00a0\u00a0\u00a0\u00a0&#8211; <a target=\"nove\" href=\"http:\/\/www.braintrack.com\/\" rel=\"noopener\"><font color=\"#880000\">http:\/\/www.braintrack.com<\/font><\/a> &#8211; (vy\u0161e 5 500 odkazov na vysoko\u0161kolsk\u00e9 in\u0161tit\u00facie v 161 krajin\u00e1ch sveta<br \/> \u00a0\u00a0\u00a0\u00a0&#8211; <a target=\"nove\" href=\"http:\/\/www.oecd.org\/\" rel=\"noopener\"><font color=\"#880000\">http:\/\/www.oecd.org<\/font><\/a> &#8211; Organisation for Economic Co-operation and Development<\/p>\n<p><strong>Eur\u00f3pske linky<br \/> \u00a0\u00a0\u00a0\u00a0&#8211; <\/strong><a target=\"nove\" href=\"http:\/\/www.europa.eu.int\/\" rel=\"noopener\"><font color=\"#880000\">http:\/\/www.europa.eu.int<\/font><\/a> &#8211; The European Union on-line<br \/> \u00a0\u00a0\u00a0\u00a0&#8211; <a target=\"nove\" href=\"http:\/\/www.eurydice.org\/\" rel=\"noopener\"><font color=\"#880000\">http:\/\/www.eurydice.org<\/font><\/a> &#8211; The Information Network on Education in Europe<br \/> \u00a0\u00a0\u00a0\u00a0&#8211; <a target=\"nove\" href=\"http:\/\/www.cordis.lu\/\" rel=\"noopener\"><font color=\"#880000\">http:\/\/www.cordis.lu<\/font><\/a> &#8211; Community Research &#038; Development Information Service<br \/> \u00a0\u00a0\u00a0\u00a0&#8211; <a target=\"nove\" href=\"http:\/\/www.nsf.gov\/\" rel=\"noopener\"><font color=\"#880000\">http:\/\/www.nsf.gov<\/font><\/a> &#8211; The National Science Foundation<br \/> \u00a0\u00a0\u00a0\u00a0&#8211; <a target=\"nove\" href=\"http:\/\/www.europa.sk\/\" rel=\"noopener\"><font color=\"#880000\">http:\/\/www.europa.sk<\/font><\/a> &#8211; Deleg\u00e1cia Eur\u00f3pskej Komisie v\u00a0SR<br \/> \u00a0\u00a0\u00a0\u00a0&#8211; <a target=\"nove\" href=\"http:\/\/www.radaeuropy.sk\/\" rel=\"noopener\"><font color=\"#880000\">http:\/\/www.radaeuropy.sk<\/font><\/a> &#8211; Rada Eur\u00f3py<br \/> \u00a0\u00a0\u00a0\u00a0&#8211; <a target=\"nove\" href=\"http:\/\/www.osce.org\/\" rel=\"noopener\"><font color=\"#880000\">http:\/\/www.osce.org<\/font><\/a> &#8211; Organisation for Security and Co-operation in Europe<br \/> \u00a0\u00a0\u00a0\u00a0&#8211; <a target=\"nove\" href=\"http:\/\/www.sarc.sk\/\" rel=\"noopener\"><font color=\"#880000\">http:\/\/www.sarc.sk<\/font><\/a> &#8211; Centrum pre rozvoj, vedu a technol\u00f3gie<br \/> \u00a0\u00a0\u00a0\u00a0&#8211; <a target=\"_blank\" href=\"http:\/\/www.siu.no\/iris\" rel=\"noopener\"><font color=\"#880000\">http:\/\/www.siu.no\/iris<\/font><\/a>\u00a0&#8211; Integrated Reporting for International Students<\/p>\n<p><strong>Slovensk\u00e9 linky<br \/> \u00a0\u00a0\u00a0\u00a0<\/strong><strong>Nad\u00e1cie a agent\u00fary<br \/> \u00a0\u00a0\u00a0\u00a0&#8211; <\/strong><a target=\"nove\" href=\"http:\/\/www.saaic.sk\/\" rel=\"noopener\"><font color=\"#880000\">http:\/\/www.saaic.sk<\/font><\/a> &#8211; Slovensk\u00e1 akademick\u00e1 asoci\u00e1cia pre medzin\u00e1rodn\u00fa spolupr\u00e1cu<br \/> \u00a0\u00a0\u00a0\u00a0&#8211; <a target=\"nove\" href=\"http:\/\/www.osf.sk\/\" rel=\"noopener\"><font color=\"#880000\">http:\/\/www.osf.sk<\/font><\/a> &#8211; Nad\u00e1ci a otvorenej spolo\u010dnosti<br \/> \u00a0\u00a0\u00a0\u00a0&#8211; <a target=\"nove\" href=\"http:\/\/www.saia.sk\/\" rel=\"noopener\"><font color=\"#880000\">http:\/\/www.saia.sk<\/font><\/a> &#8211; Slovensk\u00e1 akademick\u00e1 informa\u010dn\u00e1 agent\u00fara \u2013 servisn\u00e9 centrum pre tret\u00ed sektor<br \/> \u00a0\u00a0\u00a0\u00a0&#8211; <a target=\"nove\" href=\"http:\/\/www.britishcouncil.org\/\" rel=\"noopener\"><font color=\"#880000\">http:\/\/www.britishcouncil.org<\/font><\/a> &#8211; Britsk\u00e1 rada<br \/> \u00a0\u00a0\u00a0\u00a0&#8211; <a target=\"nove\" href=\"http:\/\/www.fulbright.co.uk\/\" rel=\"noopener\"><font color=\"#880000\">http:\/\/www.fulbright.co.uk<\/font><\/a> &#8211; Fulbrightova komisia<\/p>\n<p style=\"text-align: justify\"><strong>\u00a0\u00a0\u00a0\u00a0Ostatn\u00e9<br \/> \u00a0\u00a0\u00a0\u00a0&#8211; <\/strong><a target=\"nove\" href=\"http:\/\/www.foreign.gov.sk\/\" rel=\"noopener\"><font color=\"#880000\">http:\/\/www.foreign.gov.sk<\/font><\/a> &#8211; Ministerstvo zahrani\u010dn\u00fdch vec\u00ed SR<br \/> \u00a0\u00a0\u00a0\u00a0&#8211; <a target=\"nove\" href=\"http:\/\/szm.sk\/insamb\" rel=\"noopener\"><font color=\"#880000\">http:\/\/szm.sk\/insamb<\/font><\/a> &#8211; zahrani\u010dn\u00e9 ambas\u00e1dy, konzul\u00e1ty a in\u0161tit\u00faty<br \/> \u00a0\u00a0\u00a0\u00a0&#8211; <a target=\"nove\" href=\"http:\/\/www.superstudy.com\/\" rel=\"noopener\"><font color=\"#880000\">http:\/\/www.superstudy.com<\/font><\/a> &#8211; English courses \u2013 London &#8211; UK<br \/> \u00a0\u00a0\u00a0\u00a0&#8211; <a target=\"_blank\" href=\"http:\/\/www.career.edu\/\" rel=\"noopener\"><font color=\"#880000\">http:\/\/www.career.edu<\/font><\/a>\u00a0&#8211; Kariera<br \/> \u00a0\u00a0\u00a0\u00a0&#8211; <span style=\"color: #993300\"><a href=\"http:\/\/www.mladiinfo.com\">http:\/\/www.mladiinfo.com<\/a><\/span>\u00a0&#8211; informa\u010dn\u00fd port\u00e1l o \u0161tipendi\u00e1ch (BA, MA, PhD.), konferenci\u00e1ch, grantoch a s\u00fa\u0165a\u017eiach pre \u0161tudentov a mlad\u00fdch z eur\u00f3pskych kraj\u00edn<\/p>\n<p style=\"text-align: justify\">\u00a0<\/p>\n<p>\u00a0<\/p>\n","protected":false},"excerpt":{"rendered":"<p>\u00a0 Svetov\u00e9 linky\u00a0 \u00a0\u00a0\u00a0\u00a0&#8211; http:\/\/www.braintrack.com &#8211; (vy\u0161e 5 500 odkazov na vysoko\u0161kolsk\u00e9 in\u0161tit\u00facie v 161 krajin\u00e1ch sveta \u00a0\u00a0\u00a0\u00a0&#8211; http:\/\/www.oecd.org &#8211; Organisation for Economic Co-operation and Development Eur\u00f3pske linky \u00a0\u00a0\u00a0\u00a0&#8211; http:\/\/www.europa.eu.int &#8211; The European Union on-line \u00a0\u00a0\u00a0\u00a0&#8211; http:\/\/www.eurydice.org &#8211; The Information Network on Education in Europe \u00a0\u00a0\u00a0\u00a0&#8211; http:\/\/www.cordis.lu &#8211; Community Research &#038; Development Information Service \u00a0\u00a0\u00a0\u00a0&#8211; &hellip; <a href=\"https:\/\/www.upjs.sk\/pravnicka-fakulta\/medzinarodne-vztahy\/dolezite-linky\/\">\u010c\u00edta\u0165 \u010falej<\/a><\/p>\n","protected":false},"author":1,"featured_media":0,"parent":13036,"menu_order":2,"comment_status":"closed","ping_status":"closed","template":"","meta":{"_acf_changed":false,"_editorskit_title_hidden":false,"_editorskit_reading_time":0,"_editorskit_is_block_options_detached":false,"_editorskit_block_options_position":"{}","footnotes":""},"categories":[],"tags":[],"class_list":["post-13087","page","type-page","status-publish","hentry"],"acf":{"acf_link_na_externy_obsah":""},"yoast_head":"<!-- This site is optimized with the Yoast SEO plugin v27.4 - https:\/\/yoast.com\/product\/yoast-seo-wordpress\/ -->\n<title>D\u00f4le\u017eit\u00e9 linky - Pr\u00e1vnick\u00e1 fakulta | UPJ\u0160<\/title>\n<meta name=\"robots\" content=\"index, follow, max-snippet:-1, max-image-preview:large, max-video-preview:-1\" \/>\n<link rel=\"canonical\" href=\"https:\/\/www.upjs.sk\/pravnicka-fakulta\/medzinarodne-vztahy\/dolezite-linky\/\" \/>\n<meta property=\"og:locale\" content=\"sk_SK\" \/>\n<meta property=\"og:type\" content=\"article\" \/>\n<meta property=\"og:title\" content=\"D\u00f4le\u017eit\u00e9 linky - Pr\u00e1vnick\u00e1 fakulta | UPJ\u0160\" \/>\n<meta property=\"og:description\" content=\"\u00a0 Svetov\u00e9 linky\u00a0 \u00a0\u00a0\u00a0\u00a0&#8211; http:\/\/www.braintrack.com &#8211; (vy\u0161e 5 500 odkazov na vysoko\u0161kolsk\u00e9 in\u0161tit\u00facie v 161 krajin\u00e1ch sveta \u00a0\u00a0\u00a0\u00a0&#8211; http:\/\/www.oecd.org &#8211; Organisation for Economic Co-operation and Development Eur\u00f3pske linky \u00a0\u00a0\u00a0\u00a0&#8211; http:\/\/www.europa.eu.int &#8211; The European Union on-line \u00a0\u00a0\u00a0\u00a0&#8211; http:\/\/www.eurydice.org &#8211; The Information Network on Education in Europe \u00a0\u00a0\u00a0\u00a0&#8211; http:\/\/www.cordis.lu &#8211; Community Research &#038; Development Information Service \u00a0\u00a0\u00a0\u00a0&#8211; &hellip; \u010c\u00edta\u0165 \u010falej\" \/>\n<meta property=\"og:url\" content=\"https:\/\/www.upjs.sk\/pravnicka-fakulta\/medzinarodne-vztahy\/dolezite-linky\/\" \/>\n<meta property=\"og:site_name\" content=\"Pr\u00e1vnick\u00e1 fakulta | UPJ\u0160\" \/>\n<meta property=\"article:modified_time\" content=\"2022-11-13T21:05:36+00:00\" \/>\n<meta name=\"twitter:card\" content=\"summary_large_image\" \/>\n<meta name=\"twitter:label1\" content=\"Predpokladan\u00fd \u010das \u010d\u00edtania\" \/>\n\t<meta name=\"twitter:data1\" content=\"1 min\u00fata\" \/>\n<script type=\"application\/ld+json\" class=\"yoast-schema-graph\">{\"@context\":\"https:\\\/\\\/schema.org\",\"@graph\":[{\"@type\":\"WebPage\",\"@id\":\"https:\\\/\\\/www.upjs.sk\\\/pravnicka-fakulta\\\/medzinarodne-vztahy\\\/dolezite-linky\\\/\",\"url\":\"https:\\\/\\\/www.upjs.sk\\\/pravnicka-fakulta\\\/medzinarodne-vztahy\\\/dolezite-linky\\\/\",\"name\":\"D\u00f4le\u017eit\u00e9 linky - Pr\u00e1vnick\u00e1 fakulta | UPJ\u0160\",\"isPartOf\":{\"@id\":\"https:\\\/\\\/www.upjs.sk\\\/pravnicka-fakulta\\\/#website\"},\"datePublished\":\"2010-03-30T14:40:23+00:00\",\"dateModified\":\"2022-11-13T21:05:36+00:00\",\"breadcrumb\":{\"@id\":\"https:\\\/\\\/www.upjs.sk\\\/pravnicka-fakulta\\\/medzinarodne-vztahy\\\/dolezite-linky\\\/#breadcrumb\"},\"inLanguage\":\"sk-SK\",\"potentialAction\":[{\"@type\":\"ReadAction\",\"target\":[\"https:\\\/\\\/www.upjs.sk\\\/pravnicka-fakulta\\\/medzinarodne-vztahy\\\/dolezite-linky\\\/\"]}]},{\"@type\":\"BreadcrumbList\",\"@id\":\"https:\\\/\\\/www.upjs.sk\\\/pravnicka-fakulta\\\/medzinarodne-vztahy\\\/dolezite-linky\\\/#breadcrumb\",\"itemListElement\":[{\"@type\":\"ListItem\",\"position\":1,\"name\":\"Home\",\"item\":\"https:\\\/\\\/www.upjs.sk\\\/pravnicka-fakulta\\\/\"},{\"@type\":\"ListItem\",\"position\":2,\"name\":\"Medzin\u00e1rodn\u00e9 vz\u0165ahy\",\"item\":\"https:\\\/\\\/www.upjs.sk\\\/pravnicka-fakulta\\\/medzinarodne-vztahy\\\/\"},{\"@type\":\"ListItem\",\"position\":3,\"name\":\"D\u00f4le\u017eit\u00e9 linky\"}]},{\"@type\":\"WebSite\",\"@id\":\"https:\\\/\\\/www.upjs.sk\\\/pravnicka-fakulta\\\/#website\",\"url\":\"https:\\\/\\\/www.upjs.sk\\\/pravnicka-fakulta\\\/\",\"name\":\"Pr\u00e1vnick\u00e1 fakulta | UPJ\u0160\",\"description\":\"\",\"publisher\":{\"@id\":\"https:\\\/\\\/www.upjs.sk\\\/pravnicka-fakulta\\\/#organization\"},\"potentialAction\":[{\"@type\":\"SearchAction\",\"target\":{\"@type\":\"EntryPoint\",\"urlTemplate\":\"https:\\\/\\\/www.upjs.sk\\\/pravnicka-fakulta\\\/?s={search_term_string}\"},\"query-input\":{\"@type\":\"PropertyValueSpecification\",\"valueRequired\":true,\"valueName\":\"search_term_string\"}}],\"inLanguage\":\"sk-SK\"},{\"@type\":\"Organization\",\"@id\":\"https:\\\/\\\/www.upjs.sk\\\/pravnicka-fakulta\\\/#organization\",\"name\":\"Pr\u00e1vnick\u00e1 fakulta | UPJ\u0160\",\"url\":\"https:\\\/\\\/www.upjs.sk\\\/pravnicka-fakulta\\\/\",\"logo\":{\"@type\":\"ImageObject\",\"inLanguage\":\"sk-SK\",\"@id\":\"https:\\\/\\\/www.upjs.sk\\\/pravnicka-fakulta\\\/#\\\/schema\\\/logo\\\/image\\\/\",\"url\":\"https:\\\/\\\/www.upjs.sk\\\/app\\\/uploads\\\/sites\\\/11\\\/2022\\\/09\\\/logo-pravnicka-fakulta.png\",\"contentUrl\":\"https:\\\/\\\/www.upjs.sk\\\/app\\\/uploads\\\/sites\\\/11\\\/2022\\\/09\\\/logo-pravnicka-fakulta.png\",\"width\":415,\"height\":87,\"caption\":\"Pr\u00e1vnick\u00e1 fakulta | UPJ\u0160\"},\"image\":{\"@id\":\"https:\\\/\\\/www.upjs.sk\\\/pravnicka-fakulta\\\/#\\\/schema\\\/logo\\\/image\\\/\"}}]}<\/script>\n<!-- \/ Yoast SEO plugin. -->","yoast_head_json":{"title":"D\u00f4le\u017eit\u00e9 linky - Pr\u00e1vnick\u00e1 fakulta | UPJ\u0160","robots":{"index":"index","follow":"follow","max-snippet":"max-snippet:-1","max-image-preview":"max-image-preview:large","max-video-preview":"max-video-preview:-1"},"canonical":"https:\/\/www.upjs.sk\/pravnicka-fakulta\/medzinarodne-vztahy\/dolezite-linky\/","og_locale":"sk_SK","og_type":"article","og_title":"D\u00f4le\u017eit\u00e9 linky - Pr\u00e1vnick\u00e1 fakulta | UPJ\u0160","og_description":"\u00a0 Svetov\u00e9 linky\u00a0 \u00a0\u00a0\u00a0\u00a0&#8211; http:\/\/www.braintrack.com &#8211; (vy\u0161e 5 500 odkazov na vysoko\u0161kolsk\u00e9 in\u0161tit\u00facie v 161 krajin\u00e1ch sveta \u00a0\u00a0\u00a0\u00a0&#8211; http:\/\/www.oecd.org &#8211; Organisation for Economic Co-operation and Development Eur\u00f3pske linky \u00a0\u00a0\u00a0\u00a0&#8211; http:\/\/www.europa.eu.int &#8211; The European Union on-line \u00a0\u00a0\u00a0\u00a0&#8211; http:\/\/www.eurydice.org &#8211; The Information Network on Education in Europe \u00a0\u00a0\u00a0\u00a0&#8211; http:\/\/www.cordis.lu &#8211; Community Research &#038; Development Information Service \u00a0\u00a0\u00a0\u00a0&#8211; &hellip; \u010c\u00edta\u0165 \u010falej","og_url":"https:\/\/www.upjs.sk\/pravnicka-fakulta\/medzinarodne-vztahy\/dolezite-linky\/","og_site_name":"Pr\u00e1vnick\u00e1 fakulta | UPJ\u0160","article_modified_time":"2022-11-13T21:05:36+00:00","twitter_card":"summary_large_image","twitter_misc":{"Predpokladan\u00fd \u010das \u010d\u00edtania":"1 min\u00fata"},"schema":{"@context":"https:\/\/schema.org","@graph":[{"@type":"WebPage","@id":"https:\/\/www.upjs.sk\/pravnicka-fakulta\/medzinarodne-vztahy\/dolezite-linky\/","url":"https:\/\/www.upjs.sk\/pravnicka-fakulta\/medzinarodne-vztahy\/dolezite-linky\/","name":"D\u00f4le\u017eit\u00e9 linky - Pr\u00e1vnick\u00e1 fakulta | UPJ\u0160","isPartOf":{"@id":"https:\/\/www.upjs.sk\/pravnicka-fakulta\/#website"},"datePublished":"2010-03-30T14:40:23+00:00","dateModified":"2022-11-13T21:05:36+00:00","breadcrumb":{"@id":"https:\/\/www.upjs.sk\/pravnicka-fakulta\/medzinarodne-vztahy\/dolezite-linky\/#breadcrumb"},"inLanguage":"sk-SK","potentialAction":[{"@type":"ReadAction","target":["https:\/\/www.upjs.sk\/pravnicka-fakulta\/medzinarodne-vztahy\/dolezite-linky\/"]}]},{"@type":"BreadcrumbList","@id":"https:\/\/www.upjs.sk\/pravnicka-fakulta\/medzinarodne-vztahy\/dolezite-linky\/#breadcrumb","itemListElement":[{"@type":"ListItem","position":1,"name":"Home","item":"https:\/\/www.upjs.sk\/pravnicka-fakulta\/"},{"@type":"ListItem","position":2,"name":"Medzin\u00e1rodn\u00e9 vz\u0165ahy","item":"https:\/\/www.upjs.sk\/pravnicka-fakulta\/medzinarodne-vztahy\/"},{"@type":"ListItem","position":3,"name":"D\u00f4le\u017eit\u00e9 linky"}]},{"@type":"WebSite","@id":"https:\/\/www.upjs.sk\/pravnicka-fakulta\/#website","url":"https:\/\/www.upjs.sk\/pravnicka-fakulta\/","name":"Pr\u00e1vnick\u00e1 fakulta | UPJ\u0160","description":"","publisher":{"@id":"https:\/\/www.upjs.sk\/pravnicka-fakulta\/#organization"},"potentialAction":[{"@type":"SearchAction","target":{"@type":"EntryPoint","urlTemplate":"https:\/\/www.upjs.sk\/pravnicka-fakulta\/?s={search_term_string}"},"query-input":{"@type":"PropertyValueSpecification","valueRequired":true,"valueName":"search_term_string"}}],"inLanguage":"sk-SK"},{"@type":"Organization","@id":"https:\/\/www.upjs.sk\/pravnicka-fakulta\/#organization","name":"Pr\u00e1vnick\u00e1 fakulta | UPJ\u0160","url":"https:\/\/www.upjs.sk\/pravnicka-fakulta\/","logo":{"@type":"ImageObject","inLanguage":"sk-SK","@id":"https:\/\/www.upjs.sk\/pravnicka-fakulta\/#\/schema\/logo\/image\/","url":"https:\/\/www.upjs.sk\/app\/uploads\/sites\/11\/2022\/09\/logo-pravnicka-fakulta.png","contentUrl":"https:\/\/www.upjs.sk\/app\/uploads\/sites\/11\/2022\/09\/logo-pravnicka-fakulta.png","width":415,"height":87,"caption":"Pr\u00e1vnick\u00e1 fakulta | UPJ\u0160"},"image":{"@id":"https:\/\/www.upjs.sk\/pravnicka-fakulta\/#\/schema\/logo\/image\/"}}]}},"_links":{"self":[{"href":"https:\/\/www.upjs.sk\/pravnicka-fakulta\/wp-json\/wp\/v2\/pages\/13087","targetHints":{"allow":["GET"]}}],"collection":[{"href":"https:\/\/www.upjs.sk\/pravnicka-fakulta\/wp-json\/wp\/v2\/pages"}],"about":[{"href":"https:\/\/www.upjs.sk\/pravnicka-fakulta\/wp-json\/wp\/v2\/types\/page"}],"author":[{"embeddable":true,"href":"https:\/\/www.upjs.sk\/pravnicka-fakulta\/wp-json\/wp\/v2\/users\/1"}],"replies":[{"embeddable":true,"href":"https:\/\/www.upjs.sk\/pravnicka-fakulta\/wp-json\/wp\/v2\/comments?post=13087"}],"version-history":[{"count":2,"href":"https:\/\/www.upjs.sk\/pravnicka-fakulta\/wp-json\/wp\/v2\/pages\/13087\/revisions"}],"predecessor-version":[{"id":35254,"href":"https:\/\/www.upjs.sk\/pravnicka-fakulta\/wp-json\/wp\/v2\/pages\/13087\/revisions\/35254"}],"up":[{"embeddable":true,"href":"https:\/\/www.upjs.sk\/pravnicka-fakulta\/wp-json\/wp\/v2\/pages\/13036"}],"wp:attachment":[{"href":"https:\/\/www.upjs.sk\/pravnicka-fakulta\/wp-json\/wp\/v2\/media?parent=13087"}],"wp:term":[{"taxonomy":"category","embeddable":true,"href":"https:\/\/www.upjs.sk\/pravnicka-fakulta\/wp-json\/wp\/v2\/categories?post=13087"},{"taxonomy":"post_tag","embeddable":true,"href":"https:\/\/www.upjs.sk\/pravnicka-fakulta\/wp-json\/wp\/v2\/tags?post=13087"}],"curies":[{"name":"wp","href":"https:\/\/api.w.org\/{rel}","templated":true}]}}