{"id":13105,"date":"2022-02-04T13:16:11","date_gmt":"2022-02-04T13:16:58","guid":{"rendered":"https:\/\/www.upjs.sk\/pravnicka-fakulta\/fakulta\/vedecka-rada\/"},"modified":"2025-05-20T15:12:55","modified_gmt":"2025-05-20T14:12:55","slug":"vedecka-rada","status":"publish","type":"page","link":"https:\/\/www.upjs.sk\/pravnicka-fakulta\/fakulta\/vedecka-rada\/","title":{"rendered":"Vedeck\u00e1 rada"},"content":{"rendered":"<style>.kt-accordion-id13105_8550f4-8d .kt-accordion-inner-wrap{column-gap:var(--global-kb-gap-md, 2rem);row-gap:10px;}.kt-accordion-id13105_8550f4-8d .kt-accordion-panel-inner{background:#ffffff;padding-top:var(--global-kb-spacing-sm, 1.5rem);padding-right:var(--global-kb-spacing-sm, 1.5rem);padding-bottom:var(--global-kb-spacing-sm, 1.5rem);padding-left:var(--global-kb-spacing-sm, 1.5rem);}.kt-accordion-id13105_8550f4-8d .wp-block-kadence-pane .kt-accordion-header-wrap .kt-blocks-accordion-header{border-top-color:#eeeeee;border-top-style:solid;border-right-color:#eeeeee;border-right-style:solid;border-bottom-color:#eeeeee;border-bottom-style:solid;border-left-color:#eeeeee;border-left-style:solid;border-top-left-radius:0px;border-top-right-radius:0px;border-bottom-right-radius:0px;border-bottom-left-radius:0px;background:#D6D6D6;font-size:18px;line-height:24px;color:#832472;padding-top:14px;padding-right:16px;padding-bottom:14px;padding-left:16px;}.kt-accordion-id13105_8550f4-8d:not( .kt-accodion-icon-style-basiccircle ):not( .kt-accodion-icon-style-xclosecircle ):not( .kt-accodion-icon-style-arrowcircle ) .kt-blocks-accordion-icon-trigger:after, .kt-accordion-id13105_8550f4-8d:not( .kt-accodion-icon-style-basiccircle ):not( .kt-accodion-icon-style-xclosecircle ):not( .kt-accodion-icon-style-arrowcircle ) .kt-blocks-accordion-icon-trigger:before{background:#832472;}.kt-accordion-id13105_8550f4-8d:not( .kt-accodion-icon-style-basic ):not( .kt-accodion-icon-style-xclose ):not( .kt-accodion-icon-style-arrow ) .kt-blocks-accordion-icon-trigger{background:#832472;}.kt-accordion-id13105_8550f4-8d:not( .kt-accodion-icon-style-basic ):not( .kt-accodion-icon-style-xclose ):not( .kt-accodion-icon-style-arrow ) .kt-blocks-accordion-icon-trigger:after, .kt-accordion-id13105_8550f4-8d:not( .kt-accodion-icon-style-basic ):not( .kt-accodion-icon-style-xclose ):not( .kt-accodion-icon-style-arrow ) .kt-blocks-accordion-icon-trigger:before{background:#D6D6D6;}.kt-accordion-id13105_8550f4-8d .kt-accordion-header-wrap .kt-blocks-accordion-header:hover, body:not(.hide-focus-outline) .kt-accordion-id13105_8550f4-8d .kt-accordion-header-wrap .kt-blocks-accordion-header:focus-visible{color:#832472;background:#d6d6d6;border-top-color:#d4d4d4;border-top-style:solid;border-right-color:#d4d4d4;border-right-style:solid;border-bottom-color:#d4d4d4;border-bottom-style:solid;border-left-color:#d4d4d4;border-left-style:solid;}.kt-accordion-id13105_8550f4-8d:not( .kt-accodion-icon-style-basiccircle ):not( .kt-accodion-icon-style-xclosecircle ):not( .kt-accodion-icon-style-arrowcircle ) .kt-blocks-accordion-header:hover .kt-blocks-accordion-icon-trigger:after, .kt-accordion-id13105_8550f4-8d:not( .kt-accodion-icon-style-basiccircle ):not( .kt-accodion-icon-style-xclosecircle ):not( .kt-accodion-icon-style-arrowcircle ) .kt-blocks-accordion-header:hover .kt-blocks-accordion-icon-trigger:before, body:not(.hide-focus-outline) .kt-accordion-id13105_8550f4-8d:not( .kt-accodion-icon-style-basiccircle ):not( .kt-accodion-icon-style-xclosecircle ):not( .kt-accodion-icon-style-arrowcircle ) .kt-blocks-accordion--visible .kt-blocks-accordion-icon-trigger:after, body:not(.hide-focus-outline) .kt-accordion-id13105_8550f4-8d:not( .kt-accodion-icon-style-basiccircle ):not( .kt-accodion-icon-style-xclosecircle ):not( .kt-accodion-icon-style-arrowcircle ) .kt-blocks-accordion-header:focus-visible .kt-blocks-accordion-icon-trigger:before{background:#832472;}.kt-accordion-id13105_8550f4-8d:not( .kt-accodion-icon-style-basic ):not( .kt-accodion-icon-style-xclose ):not( .kt-accodion-icon-style-arrow ) .kt-blocks-accordion-header:hover .kt-blocks-accordion-icon-trigger, body:not(.hide-focus-outline) .kt-accordion-id13105_8550f4-8d:not( .kt-accodion-icon-style-basic ):not( .kt-accodion-icon-style-xclose ):not( .kt-accodion-icon-style-arrow ) .kt-blocks-accordion-header:focus-visible .kt-blocks-accordion-icon-trigger{background:#832472;}.kt-accordion-id13105_8550f4-8d:not( .kt-accodion-icon-style-basic ):not( .kt-accodion-icon-style-xclose ):not( .kt-accodion-icon-style-arrow ) .kt-blocks-accordion-header:hover .kt-blocks-accordion-icon-trigger:after, .kt-accordion-id13105_8550f4-8d:not( .kt-accodion-icon-style-basic ):not( .kt-accodion-icon-style-xclose ):not( .kt-accodion-icon-style-arrow ) .kt-blocks-accordion-header:hover .kt-blocks-accordion-icon-trigger:before, body:not(.hide-focus-outline) .kt-accordion-id13105_8550f4-8d:not( .kt-accodion-icon-style-basic ):not( .kt-accodion-icon-style-xclose ):not( .kt-accodion-icon-style-arrow ) .kt-blocks-accordion-header:focus-visible .kt-blocks-accordion-icon-trigger:after, body:not(.hide-focus-outline) .kt-accordion-id13105_8550f4-8d:not( .kt-accodion-icon-style-basic ):not( .kt-accodion-icon-style-xclose ):not( .kt-accodion-icon-style-arrow ) .kt-blocks-accordion-header:focus-visible .kt-blocks-accordion-icon-trigger:before{background:#d6d6d6;}.kt-accordion-id13105_8550f4-8d .kt-accordion-header-wrap .kt-blocks-accordion-header:focus-visible, .kt-accordion-id13105_8550f4-8d .kt-accordion-header-wrap .kt-blocks-accordion-header.kt-accordion-panel-active{color:#ffffff;background:#832472;border-top-color:#eeeeee;border-top-style:solid;border-right-color:#444444;border-right-style:solid;border-bottom-color:#444444;border-bottom-style:solid;border-left-color:#444444;border-left-style:solid;}.kt-accordion-id13105_8550f4-8d:not( .kt-accodion-icon-style-basiccircle ):not( .kt-accodion-icon-style-xclosecircle ):not( .kt-accodion-icon-style-arrowcircle ) .kt-blocks-accordion-header.kt-accordion-panel-active .kt-blocks-accordion-icon-trigger:after, .kt-accordion-id13105_8550f4-8d:not( .kt-accodion-icon-style-basiccircle ):not( .kt-accodion-icon-style-xclosecircle ):not( .kt-accodion-icon-style-arrowcircle ) .kt-blocks-accordion-header.kt-accordion-panel-active .kt-blocks-accordion-icon-trigger:before{background:#ffffff;}.kt-accordion-id13105_8550f4-8d:not( .kt-accodion-icon-style-basic ):not( .kt-accodion-icon-style-xclose ):not( .kt-accodion-icon-style-arrow ) .kt-blocks-accordion-header.kt-accordion-panel-active .kt-blocks-accordion-icon-trigger{background:#ffffff;}.kt-accordion-id13105_8550f4-8d:not( .kt-accodion-icon-style-basic ):not( .kt-accodion-icon-style-xclose ):not( .kt-accodion-icon-style-arrow ) .kt-blocks-accordion-header.kt-accordion-panel-active .kt-blocks-accordion-icon-trigger:after, .kt-accordion-id13105_8550f4-8d:not( .kt-accodion-icon-style-basic ):not( .kt-accodion-icon-style-xclose ):not( .kt-accodion-icon-style-arrow ) .kt-blocks-accordion-header.kt-accordion-panel-active .kt-blocks-accordion-icon-trigger:before{background:#832472;}@media all and (max-width: 1024px){.kt-accordion-id13105_8550f4-8d .wp-block-kadence-pane .kt-accordion-header-wrap .kt-blocks-accordion-header{border-top-color:#eeeeee;border-top-style:solid;border-right-color:#eeeeee;border-right-style:solid;border-bottom-color:#eeeeee;border-bottom-style:solid;border-left-color:#eeeeee;border-left-style:solid;}}@media all and (max-width: 1024px){.kt-accordion-id13105_8550f4-8d .kt-accordion-header-wrap .kt-blocks-accordion-header:hover, body:not(.hide-focus-outline) .kt-accordion-id13105_8550f4-8d .kt-accordion-header-wrap .kt-blocks-accordion-header:focus-visible{border-top-color:#d4d4d4;border-top-style:solid;border-right-color:#d4d4d4;border-right-style:solid;border-bottom-color:#d4d4d4;border-bottom-style:solid;border-left-color:#d4d4d4;border-left-style:solid;}}@media all and (max-width: 1024px){.kt-accordion-id13105_8550f4-8d .kt-accordion-header-wrap .kt-blocks-accordion-header:focus-visible, .kt-accordion-id13105_8550f4-8d .kt-accordion-header-wrap .kt-blocks-accordion-header.kt-accordion-panel-active{border-top-color:#eeeeee;border-top-style:solid;border-right-color:#444444;border-right-style:solid;border-bottom-color:#444444;border-bottom-style:solid;border-left-color:#444444;border-left-style:solid;}}@media all and (max-width: 767px){.kt-accordion-id13105_8550f4-8d .kt-accordion-inner-wrap{display:block;}.kt-accordion-id13105_8550f4-8d .kt-accordion-inner-wrap .kt-accordion-pane:not(:first-child){margin-top:10px;}.kt-accordion-id13105_8550f4-8d .wp-block-kadence-pane .kt-accordion-header-wrap .kt-blocks-accordion-header{border-top-color:#eeeeee;border-top-style:solid;border-right-color:#eeeeee;border-right-style:solid;border-bottom-color:#eeeeee;border-bottom-style:solid;border-left-color:#eeeeee;border-left-style:solid;}.kt-accordion-id13105_8550f4-8d .kt-accordion-header-wrap .kt-blocks-accordion-header:hover, body:not(.hide-focus-outline) .kt-accordion-id13105_8550f4-8d .kt-accordion-header-wrap .kt-blocks-accordion-header:focus-visible{border-top-color:#d4d4d4;border-top-style:solid;border-right-color:#d4d4d4;border-right-style:solid;border-bottom-color:#d4d4d4;border-bottom-style:solid;border-left-color:#d4d4d4;border-left-style:solid;}.kt-accordion-id13105_8550f4-8d .kt-accordion-header-wrap .kt-blocks-accordion-header:focus-visible, .kt-accordion-id13105_8550f4-8d .kt-accordion-header-wrap .kt-blocks-accordion-header.kt-accordion-panel-active{border-top-color:#eeeeee;border-top-style:solid;border-right-color:#444444;border-right-style:solid;border-bottom-color:#444444;border-bottom-style:solid;border-left-color:#444444;border-left-style:solid;}}<\/style>\n<div class=\"wp-block-kadence-accordion alignnone\"><div class=\"kt-accordion-wrap kt-accordion-id13105_8550f4-8d kt-accordion-has-3-panes kt-active-pane-0 kt-accordion-block kt-pane-header-alignment-left kt-accodion-icon-style-arrow kt-accodion-icon-side-left\" style=\"max-width:none\"><div class=\"kt-accordion-inner-wrap\" data-allow-multiple-open=\"false\" data-start-open=\"none\">\n<div class=\"wp-block-kadence-pane kt-accordion-pane kt-accordion-pane-1 kt-pane13105_c8c1ab-9a\"><div class=\"kt-accordion-header-wrap\"><button class=\"kt-blocks-accordion-header kt-acccordion-button-label-show\" type=\"button\"><span class=\"kt-blocks-accordion-title-wrap\"><span class=\"kt-blocks-accordion-title\"><strong>Zoznam \u010dlenov<\/strong><\/span><\/span><span class=\"kt-blocks-accordion-icon-trigger\"><\/span><\/button><\/div><div class=\"kt-accordion-panel kt-accordion-panel-hidden\"><div class=\"kt-accordion-panel-inner\">\n<p><strong>Predseda vedeckej rady:<\/strong><br \/>prof. JUDr. Miroslav \u0160trkolec, PhD.<br \/>dekan Pr\u00e1vF UPJ\u0160<\/p>\n<p><strong><a href=\"https:\/\/intranet.upjs.sk\/op\/op.Public.php?documentid=6172\">Zlo\u017eenie Vedeckej rady UPJ\u0160 v Ko\u0161iciach, Pr\u00e1vnickej fakulty s uveden\u00edm oblast\u00ed p\u00f4sobenia jej \u010dlenov<\/a><\/strong><\/p>\n<\/div><\/div><\/div>\n\n\n\n<div class=\"wp-block-kadence-pane kt-accordion-pane kt-accordion-pane-2 kt-pane13105_48ed3d-e9\"><div class=\"kt-accordion-header-wrap\"><button class=\"kt-blocks-accordion-header kt-acccordion-button-label-show\" type=\"button\"><span class=\"kt-blocks-accordion-title-wrap\"><span class=\"kt-blocks-accordion-title\"><strong>Rokovac\u00ed poriadok<\/strong><\/span><\/span><span class=\"kt-blocks-accordion-icon-trigger\"><\/span><\/button><\/div><div class=\"kt-accordion-panel kt-accordion-panel-hidden\"><div class=\"kt-accordion-panel-inner\">\n<p><a href=\"https:\/\/www.upjs.sk\/app\/uploads\/sites\/11\/2023\/07\/Rokovaci-poriadok-VR_2023.pdf\">Rokovac\u00ed poriadok&nbsp;<\/a><\/p>\n<\/div><\/div><\/div>\n\n\n\n<div class=\"wp-block-kadence-pane kt-accordion-pane kt-accordion-pane-3 kt-pane13105_fd62e0-66\"><div class=\"kt-accordion-header-wrap\"><button class=\"kt-blocks-accordion-header kt-acccordion-button-label-show\" type=\"button\"><span class=\"kt-blocks-accordion-title-wrap\"><span class=\"kt-blocks-accordion-title\"><strong>Harmonogram podujat\u00ed<\/strong><\/span><\/span><span class=\"kt-blocks-accordion-icon-trigger\"><\/span><\/button><\/div><div class=\"kt-accordion-panel kt-accordion-panel-hidden\"><div class=\"kt-accordion-panel-inner\">\n<p><strong>05.12. 2023 o 13,30 hod.<\/strong>\u00a0\u2013 prezen\u010dne v miestnosti LA1Z01 a online prostredn\u00edctvom aplik\u00e1cie MS TEAMS<br \/><strong>01.04. 2025 o 10,30 hod.<\/strong> \u2013 prezen\u010dne v miestnosti LA0P01 a online prostredn\u00edctvom aplik\u00e1cie MS TEAMS<\/p>\n<\/div><\/div><\/div>\n<\/div><\/div><\/div>\n\n\n\n<p><\/p>\n","protected":false},"excerpt":{"rendered":"","protected":false},"author":1,"featured_media":0,"parent":13089,"menu_order":4,"comment_status":"closed","ping_status":"closed","template":"","meta":{"_acf_changed":false,"_editorskit_title_hidden":false,"_editorskit_reading_time":1,"_editorskit_is_block_options_detached":false,"_editorskit_block_options_position":"{}","footnotes":""},"categories":[],"tags":[],"class_list":["post-13105","page","type-page","status-publish","hentry"],"acf":{"acf_link_na_externy_obsah":""},"yoast_head":"<!-- This site is optimized with the Yoast SEO plugin v27.2 - https:\/\/yoast.com\/product\/yoast-seo-wordpress\/ -->\n<title>Vedeck\u00e1 rada - Pr\u00e1vnick\u00e1 fakulta | UPJ\u0160<\/title>\n<meta name=\"robots\" content=\"index, follow, max-snippet:-1, max-image-preview:large, max-video-preview:-1\" \/>\n<link rel=\"canonical\" href=\"https:\/\/www.upjs.sk\/pravnicka-fakulta\/fakulta\/vedecka-rada\/\" \/>\n<meta property=\"og:locale\" content=\"sk_SK\" \/>\n<meta property=\"og:type\" content=\"article\" \/>\n<meta property=\"og:title\" content=\"Vedeck\u00e1 rada - Pr\u00e1vnick\u00e1 fakulta | UPJ\u0160\" \/>\n<meta property=\"og:url\" content=\"https:\/\/www.upjs.sk\/pravnicka-fakulta\/fakulta\/vedecka-rada\/\" \/>\n<meta property=\"og:site_name\" content=\"Pr\u00e1vnick\u00e1 fakulta | UPJ\u0160\" \/>\n<meta property=\"article:modified_time\" content=\"2025-05-20T14:12:55+00:00\" \/>\n<meta name=\"twitter:card\" content=\"summary_large_image\" \/>\n<meta name=\"twitter:label1\" content=\"Predpokladan\u00fd \u010das \u010d\u00edtania\" \/>\n\t<meta name=\"twitter:data1\" content=\"1 min\u00fata\" \/>\n<script type=\"application\/ld+json\" class=\"yoast-schema-graph\">{\"@context\":\"https:\/\/schema.org\",\"@graph\":[{\"@type\":\"WebPage\",\"@id\":\"https:\/\/www.upjs.sk\/pravnicka-fakulta\/fakulta\/vedecka-rada\/\",\"url\":\"https:\/\/www.upjs.sk\/pravnicka-fakulta\/fakulta\/vedecka-rada\/\",\"name\":\"Vedeck\u00e1 rada - Pr\u00e1vnick\u00e1 fakulta | UPJ\u0160\",\"isPartOf\":{\"@id\":\"https:\/\/www.upjs.sk\/pravnicka-fakulta\/#website\"},\"datePublished\":\"2022-02-04T13:16:58+00:00\",\"dateModified\":\"2025-05-20T14:12:55+00:00\",\"breadcrumb\":{\"@id\":\"https:\/\/www.upjs.sk\/pravnicka-fakulta\/fakulta\/vedecka-rada\/#breadcrumb\"},\"inLanguage\":\"sk-SK\",\"potentialAction\":[{\"@type\":\"ReadAction\",\"target\":[\"https:\/\/www.upjs.sk\/pravnicka-fakulta\/fakulta\/vedecka-rada\/\"]}]},{\"@type\":\"BreadcrumbList\",\"@id\":\"https:\/\/www.upjs.sk\/pravnicka-fakulta\/fakulta\/vedecka-rada\/#breadcrumb\",\"itemListElement\":[{\"@type\":\"ListItem\",\"position\":1,\"name\":\"Home\",\"item\":\"https:\/\/www.upjs.sk\/pravnicka-fakulta\/\"},{\"@type\":\"ListItem\",\"position\":2,\"name\":\"Fakulta\",\"item\":\"https:\/\/www.upjs.sk\/pravnicka-fakulta\/fakulta\/\"},{\"@type\":\"ListItem\",\"position\":3,\"name\":\"Vedeck\u00e1 rada\"}]},{\"@type\":\"WebSite\",\"@id\":\"https:\/\/www.upjs.sk\/pravnicka-fakulta\/#website\",\"url\":\"https:\/\/www.upjs.sk\/pravnicka-fakulta\/\",\"name\":\"Pr\u00e1vnick\u00e1 fakulta | UPJ\u0160\",\"description\":\"\",\"publisher\":{\"@id\":\"https:\/\/www.upjs.sk\/pravnicka-fakulta\/#organization\"},\"potentialAction\":[{\"@type\":\"SearchAction\",\"target\":{\"@type\":\"EntryPoint\",\"urlTemplate\":\"https:\/\/www.upjs.sk\/pravnicka-fakulta\/?s={search_term_string}\"},\"query-input\":{\"@type\":\"PropertyValueSpecification\",\"valueRequired\":true,\"valueName\":\"search_term_string\"}}],\"inLanguage\":\"sk-SK\"},{\"@type\":\"Organization\",\"@id\":\"https:\/\/www.upjs.sk\/pravnicka-fakulta\/#organization\",\"name\":\"Pr\u00e1vnick\u00e1 fakulta | UPJ\u0160\",\"url\":\"https:\/\/www.upjs.sk\/pravnicka-fakulta\/\",\"logo\":{\"@type\":\"ImageObject\",\"inLanguage\":\"sk-SK\",\"@id\":\"https:\/\/www.upjs.sk\/pravnicka-fakulta\/#\/schema\/logo\/image\/\",\"url\":\"https:\/\/www.upjs.sk\/app\/uploads\/sites\/11\/2022\/09\/logo-pravnicka-fakulta.png\",\"contentUrl\":\"https:\/\/www.upjs.sk\/app\/uploads\/sites\/11\/2022\/09\/logo-pravnicka-fakulta.png\",\"width\":415,\"height\":87,\"caption\":\"Pr\u00e1vnick\u00e1 fakulta | UPJ\u0160\"},\"image\":{\"@id\":\"https:\/\/www.upjs.sk\/pravnicka-fakulta\/#\/schema\/logo\/image\/\"}}]}<\/script>\n<!-- \/ Yoast SEO plugin. -->","yoast_head_json":{"title":"Vedeck\u00e1 rada - Pr\u00e1vnick\u00e1 fakulta | UPJ\u0160","robots":{"index":"index","follow":"follow","max-snippet":"max-snippet:-1","max-image-preview":"max-image-preview:large","max-video-preview":"max-video-preview:-1"},"canonical":"https:\/\/www.upjs.sk\/pravnicka-fakulta\/fakulta\/vedecka-rada\/","og_locale":"sk_SK","og_type":"article","og_title":"Vedeck\u00e1 rada - Pr\u00e1vnick\u00e1 fakulta | UPJ\u0160","og_url":"https:\/\/www.upjs.sk\/pravnicka-fakulta\/fakulta\/vedecka-rada\/","og_site_name":"Pr\u00e1vnick\u00e1 fakulta | UPJ\u0160","article_modified_time":"2025-05-20T14:12:55+00:00","twitter_card":"summary_large_image","twitter_misc":{"Predpokladan\u00fd \u010das \u010d\u00edtania":"1 min\u00fata"},"schema":{"@context":"https:\/\/schema.org","@graph":[{"@type":"WebPage","@id":"https:\/\/www.upjs.sk\/pravnicka-fakulta\/fakulta\/vedecka-rada\/","url":"https:\/\/www.upjs.sk\/pravnicka-fakulta\/fakulta\/vedecka-rada\/","name":"Vedeck\u00e1 rada - Pr\u00e1vnick\u00e1 fakulta | UPJ\u0160","isPartOf":{"@id":"https:\/\/www.upjs.sk\/pravnicka-fakulta\/#website"},"datePublished":"2022-02-04T13:16:58+00:00","dateModified":"2025-05-20T14:12:55+00:00","breadcrumb":{"@id":"https:\/\/www.upjs.sk\/pravnicka-fakulta\/fakulta\/vedecka-rada\/#breadcrumb"},"inLanguage":"sk-SK","potentialAction":[{"@type":"ReadAction","target":["https:\/\/www.upjs.sk\/pravnicka-fakulta\/fakulta\/vedecka-rada\/"]}]},{"@type":"BreadcrumbList","@id":"https:\/\/www.upjs.sk\/pravnicka-fakulta\/fakulta\/vedecka-rada\/#breadcrumb","itemListElement":[{"@type":"ListItem","position":1,"name":"Home","item":"https:\/\/www.upjs.sk\/pravnicka-fakulta\/"},{"@type":"ListItem","position":2,"name":"Fakulta","item":"https:\/\/www.upjs.sk\/pravnicka-fakulta\/fakulta\/"},{"@type":"ListItem","position":3,"name":"Vedeck\u00e1 rada"}]},{"@type":"WebSite","@id":"https:\/\/www.upjs.sk\/pravnicka-fakulta\/#website","url":"https:\/\/www.upjs.sk\/pravnicka-fakulta\/","name":"Pr\u00e1vnick\u00e1 fakulta | UPJ\u0160","description":"","publisher":{"@id":"https:\/\/www.upjs.sk\/pravnicka-fakulta\/#organization"},"potentialAction":[{"@type":"SearchAction","target":{"@type":"EntryPoint","urlTemplate":"https:\/\/www.upjs.sk\/pravnicka-fakulta\/?s={search_term_string}"},"query-input":{"@type":"PropertyValueSpecification","valueRequired":true,"valueName":"search_term_string"}}],"inLanguage":"sk-SK"},{"@type":"Organization","@id":"https:\/\/www.upjs.sk\/pravnicka-fakulta\/#organization","name":"Pr\u00e1vnick\u00e1 fakulta | UPJ\u0160","url":"https:\/\/www.upjs.sk\/pravnicka-fakulta\/","logo":{"@type":"ImageObject","inLanguage":"sk-SK","@id":"https:\/\/www.upjs.sk\/pravnicka-fakulta\/#\/schema\/logo\/image\/","url":"https:\/\/www.upjs.sk\/app\/uploads\/sites\/11\/2022\/09\/logo-pravnicka-fakulta.png","contentUrl":"https:\/\/www.upjs.sk\/app\/uploads\/sites\/11\/2022\/09\/logo-pravnicka-fakulta.png","width":415,"height":87,"caption":"Pr\u00e1vnick\u00e1 fakulta | UPJ\u0160"},"image":{"@id":"https:\/\/www.upjs.sk\/pravnicka-fakulta\/#\/schema\/logo\/image\/"}}]}},"_links":{"self":[{"href":"https:\/\/www.upjs.sk\/pravnicka-fakulta\/wp-json\/wp\/v2\/pages\/13105","targetHints":{"allow":["GET"]}}],"collection":[{"href":"https:\/\/www.upjs.sk\/pravnicka-fakulta\/wp-json\/wp\/v2\/pages"}],"about":[{"href":"https:\/\/www.upjs.sk\/pravnicka-fakulta\/wp-json\/wp\/v2\/types\/page"}],"author":[{"embeddable":true,"href":"https:\/\/www.upjs.sk\/pravnicka-fakulta\/wp-json\/wp\/v2\/users\/1"}],"replies":[{"embeddable":true,"href":"https:\/\/www.upjs.sk\/pravnicka-fakulta\/wp-json\/wp\/v2\/comments?post=13105"}],"version-history":[{"count":18,"href":"https:\/\/www.upjs.sk\/pravnicka-fakulta\/wp-json\/wp\/v2\/pages\/13105\/revisions"}],"predecessor-version":[{"id":48145,"href":"https:\/\/www.upjs.sk\/pravnicka-fakulta\/wp-json\/wp\/v2\/pages\/13105\/revisions\/48145"}],"up":[{"embeddable":true,"href":"https:\/\/www.upjs.sk\/pravnicka-fakulta\/wp-json\/wp\/v2\/pages\/13089"}],"wp:attachment":[{"href":"https:\/\/www.upjs.sk\/pravnicka-fakulta\/wp-json\/wp\/v2\/media?parent=13105"}],"wp:term":[{"taxonomy":"category","embeddable":true,"href":"https:\/\/www.upjs.sk\/pravnicka-fakulta\/wp-json\/wp\/v2\/categories?post=13105"},{"taxonomy":"post_tag","embeddable":true,"href":"https:\/\/www.upjs.sk\/pravnicka-fakulta\/wp-json\/wp\/v2\/tags?post=13105"}],"curies":[{"name":"wp","href":"https:\/\/api.w.org\/{rel}","templated":true}]}}