{"id":13110,"date":"2024-04-24T14:30:11","date_gmt":"2024-04-24T13:30:22","guid":{"rendered":"https:\/\/www.upjs.sk\/pravnicka-fakulta\/vshk\/"},"modified":"2026-02-27T12:54:57","modified_gmt":"2026-02-27T11:54:57","slug":"vshk","status":"publish","type":"page","link":"https:\/\/www.upjs.sk\/pravnicka-fakulta\/vshk\/","title":{"rendered":"Vn\u00fatorn\u00fd syst\u00e9m hodnotenia kvality na Pr\u00e1vF UPJ\u0160"},"content":{"rendered":"<ul>\n<li><a href=\"https:\/\/www.upjs.sk\/kvalita\/\" target=\"_blank\" rel=\"noopener\">Vn\u00fatorn\u00fd syst\u00e9m hodnotenia kvality na UPJ\u0160<\/a><\/li>\n<\/ul>\n<ul>\n<li><a href=\"\/public\/media\/18282\/Indikatory_kvality_PravF_udaje za 2018.pdf\" target=\"_blank\" rel=\"noopener\">I<\/a>ndik\u00e1tory hodnotenia kvality\n<ul>\n<li><a href=\"https:\/\/intranet.upjs.sk\/op\/op.Public.php?documentid=10298\" target=\"_blank\" rel=\"noopener\">AR 2014-2023<\/a><\/li>\n<\/ul>\n<\/li>\n<\/ul>\n<ul>\n<li><a href=\"https:\/\/www.upjs.sk\/univerzita\/kvalita\/spravy\/\" target=\"_blank\" rel=\"noopener\">Hodnotenie \u00farovne poskytovan\u00e9ho vzdel\u00e1vania na univerzite<\/a><\/li>\n<\/ul>\n<ul>\n<li>Hodnotenie \u00farovne poskytovan\u00e9ho vzdel\u00e1vania na fakulte\n<ul>\n<li><a href=\"\/public\/media\/18282\/HUPVnF-2014_2015.pdf\" target=\"_blank\" rel=\"noopener\">AR 2014\/2015<\/a><\/li>\n<li><a href=\"\/public\/media\/18282\/HUPVnF-2015_2016.pdf\" target=\"_blank\" rel=\"noopener\">AR 2015\/2016<\/a><\/li>\n<li><a href=\"\/public\/media\/18282\/HUPVnF-2016_2017.pdf\" target=\"_blank\" rel=\"noopener\">AR 2016\/2017<\/a><\/li>\n<li><a href=\"\/public\/media\/18282\/Sprava o vzdelavani 2017-2018.pdf\">AR 2017\/2018<\/a><\/li>\n<li><a href=\"\/public\/media\/18282\/Sprava o vzdelavani 2018-2019.pdf\">AR 2018\/2019<\/a><\/li>\n<li><a href=\"\/public\/media\/18282\/Bod 5_Hodnotenie urovne vo vzdelavani.pdf\">AR 2019\/2020<\/a><\/li>\n<li><a href=\"\/public\/media\/18282\/Sprava.o.vzdelavani.2020-2021.pdf\" target=\"_blank\" rel=\"noopener\">AR 2020\/2021<\/a><\/li>\n<li><a href=\"https:\/\/www.upjs.sk\/app\/uploads\/sites\/11\/2023\/05\/Sprava.o.vzdelavani.2021-2022.pdf\">AR 2021\/2022<\/a><\/li>\n<li><a href=\"https:\/\/www.upjs.sk\/app\/uploads\/sites\/11\/2024\/04\/Sprava.o.vzdelavani.2022-2023.pdf\">AR 2022\/2023<\/a><\/li>\n<li><a href=\"https:\/\/www.upjs.sk\/app\/uploads\/sites\/11\/2025\/01\/Sprava.o.vzdelavani.2023-2024.pdf\">AR 2023\/2024<\/a>\u00a0<\/li>\n<li><a href=\"https:\/\/www.upjs.sk\/app\/uploads\/sites\/11\/2025\/12\/Sprava.o.vzdelavani.2024-2025.pdf\">AR 2024\/2025<\/a><\/li>\n<\/ul>\n<\/li>\n<\/ul>\n<ul>\n<li>Hodnotenie \u00farovne poskytovan\u00e9ho vzdel\u00e1vania na fakulte &#8211; doktorandsk\u00e9 \u0161t\u00fadium\n<ul>\n<li><a href=\"\/public\/media\/18282\/HUPVnF-2014_2015.pdf\" target=\"_blank\" rel=\"noopener\">AR 2014\/2015<\/a><\/li>\n<li><a href=\"\/public\/media\/18282\/Hodnotenie urovne_PhD_15_16.pdf\" target=\"_blank\" rel=\"noopener\">AR 2015\/2016<\/a><\/li>\n<li><a href=\"\/public\/media\/18282\/Hodnotenie urovne_PhD_16_17.pdf\" target=\"_blank\" rel=\"noopener\">AR 2016\/2017<\/a><\/li>\n<li><a href=\"\/public\/media\/18282\/Hodnotenie urovne_PhD_17_18.pdf\" target=\"_blank\" rel=\"noopener\">AR 2017\/2018<\/a><\/li>\n<li><a href=\"\/public\/media\/18282\/Hodnotenie urovne_PhD_18_19.pdf\" target=\"_blank\" rel=\"noopener\">AR 2018\/2019<\/a><\/li>\n<li><a href=\"\/public\/media\/18282\/Hodnotenie urovne_PhD_19_20.pdf\" target=\"_blank\" rel=\"noopener\">AR 2019\/2020<\/a><\/li>\n<li><a href=\"\/public\/media\/18282\/Hodnotenie urovne_PhD_20_21.pdf\" target=\"_blank\" rel=\"noopener\">AR 2020\/2021<\/a><\/li>\n<li><a href=\"https:\/\/www.upjs.sk\/app\/uploads\/sites\/11\/2024\/04\/Hodnotenie_urovne_PhD_21_22.pdf\">AR 2021\/2022<\/a><\/li>\n<li><a href=\"https:\/\/www.upjs.sk\/app\/uploads\/sites\/11\/2024\/06\/Hodnotenie_urovne_PhD_22_23.pdf\">AR 2022\/2023<\/a><\/li>\n<li><a href=\"https:\/\/www.upjs.sk\/app\/uploads\/sites\/11\/2026\/01\/Vyrocna-sprava_PhD._FINALL-1.pdf\">AR 2023\/2024<\/a><\/li>\n<li><a href=\"https:\/\/www.upjs.sk\/app\/uploads\/sites\/11\/2026\/02\/Vyrocna-sprava_PhD_FINALL.pdf\">AR 2024\/2025<\/a><\/li>\n<\/ul>\n<\/li>\n<\/ul>\n<ul>\n<li><a href=\"https:\/\/www.upjs.sk\/univerzita\/kvalita\/overovanie\/prieskumy\/\" target=\"_blank\" rel=\"noopener\">Vyhodnotenie dotazn\u00edkov\u00fdch prieskumov spokojnosti \u0161tudentov s\u00a0v\u00fdu\u010dbou na univerzite<\/a><\/li>\n<\/ul>\n<ul>\n<li>Vyhodnotenie dotazn\u00edkov\u00fdch prieskumov spokojnosti \u0161tudentov s\u00a0v\u00fdu\u010dbou na fakulte\n<ul>\n<li><a href=\"\/public\/media\/18282\/vyhodnotenie-studenti-PravF-2015-16.pdf\" target=\"_blank\" rel=\"noopener\">AR 2015\/2016<\/a><\/li>\n<li><a href=\"\/public\/media\/18282\/vyhodnotenie-studenti-PravF-2016-17.pdf\" target=\"_blank\" rel=\"noopener\">AR 2016\/2017<\/a><\/li>\n<li><a href=\"\/public\/media\/18282\/dotazniky 2017-2018.pdf\">AR 2017\/2018<\/a><\/li>\n<li><a href=\"\/public\/media\/18282\/Vyhodnotenie studentskych dotaznikov pre akademicky rok 2018_2019_AIS_plus pisomne.pdf\">AR 2018\/2019<\/a><\/li>\n<li><a href=\"\/public\/media\/18282\/Vyhodnotenie.dotaznikov.2019.2020.pdf\">AR 2019\/2020<\/a><\/li>\n<li><a href=\"\/public\/media\/18282\/Vyhodnotenie.dotaznikov.2020.2021.pdf\" target=\"_blank\" rel=\"noopener\">AR 2020\/2021<\/a><\/li>\n<li><a href=\"\/public\/media\/18282\/Sprava.o.vzdelavani.2020-2021_PhD.pdf\">AR 2020\/2021 &#8211; doktorandsk\u00e9 \u0161t\u00fadium<\/a><\/li>\n<li><a href=\"https:\/\/www.upjs.sk\/app\/uploads\/sites\/11\/2023\/05\/dotazniky-2021-2022.pdf\">AR 2021\/2022<\/a><\/li>\n<li><a href=\"\/public\/media\/18282\/Sprava.o.vzdelavani.2021-2022_PhD.pdf\">AR 2021\/2022\u00a0&#8211; doktorandsk\u00e9 \u0161t\u00fadium<\/a><\/li>\n<li><a href=\"https:\/\/www.upjs.sk\/app\/uploads\/sites\/11\/2023\/09\/dotazniky-2022-2023.pdf\">AR 2022\/2023<\/a><\/li>\n<li><a href=\"https:\/\/www.upjs.sk\/app\/uploads\/sites\/11\/2023\/09\/Sprava.o.vzdelavani.2022-2023_PhD.pdf\">AR 2022\/2023 &#8211; doktorandsk\u00e9 \u0161t\u00fadium<\/a><\/li>\n<li><a href=\"https:\/\/www.upjs.sk\/app\/uploads\/sites\/11\/2024\/10\/dotazniky-2023-2024.pdf\">AR 2023\/2024<\/a><\/li>\n<li><a href=\"https:\/\/www.upjs.sk\/app\/uploads\/sites\/11\/2025\/11\/dotazniky-2024-2025.pdf\">AR 2024\/2025<\/a><\/li>\n<li><a href=\"https:\/\/www.upjs.sk\/app\/uploads\/sites\/11\/2025\/11\/Stanovisko-KVC-doktorandske-studium-ZS-a-LS-2024-2025.pdf\">AR 2024\/2025 &#8211; doktorandsk\u00e9 \u0161t\u00fadium<\/a><br \/><a href=\"https:\/\/www.upjs.sk\/app\/uploads\/sites\/11\/2025\/11\/Priloha1.pdf\">Pr\u00edloha 1 &#8211; Vyhodnotenie dotazn\u00edkov_ZS<\/a><br \/><a href=\"https:\/\/www.upjs.sk\/app\/uploads\/sites\/11\/2025\/11\/Priloha2.pdf\">Pr\u00edloha 2 &#8211; Vyhodnotenie dotazn\u00edkov_LS<\/a><\/li>\n<\/ul>\n<\/li>\n<\/ul>\n<ul>\n<li><a href=\"https:\/\/www.upjs.sk\/univerzita\/kvalita\/kultura\/eu-institucie-kvalita-vs-vzdelavania\/\" target=\"_blank\" rel=\"noopener\">Kvalita vysoko\u0161kolsk\u00e9ho vzdel\u00e1vania v eur\u00f3pskom priestore<\/a><\/li>\n<\/ul>\n\n\n<p><\/p>\n","protected":false},"excerpt":{"rendered":"<p>Vn\u00fatorn\u00fd syst\u00e9m hodnotenia kvality na UPJ\u0160 Indik\u00e1tory hodnotenia kvality AR 2014-2023 Hodnotenie \u00farovne poskytovan\u00e9ho vzdel\u00e1vania na univerzite Hodnotenie \u00farovne poskytovan\u00e9ho vzdel\u00e1vania na fakulte AR 2014\/2015 AR 2015\/2016 AR 2016\/2017 AR 2017\/2018 AR 2018\/2019 AR 2019\/2020 AR 2020\/2021 AR 2021\/2022 AR 2022\/2023 AR 2023\/2024\u00a0 AR 2024\/2025 Hodnotenie \u00farovne poskytovan\u00e9ho vzdel\u00e1vania na fakulte &#8211; doktorandsk\u00e9 \u0161t\u00fadium AR &hellip; <a href=\"https:\/\/www.upjs.sk\/pravnicka-fakulta\/vshk\/\">\u010c\u00edta\u0165 \u010falej<\/a><\/p>\n","protected":false},"author":1,"featured_media":0,"parent":0,"menu_order":12,"comment_status":"closed","ping_status":"closed","template":"","meta":{"_acf_changed":false,"_editorskit_title_hidden":false,"_editorskit_reading_time":1,"_editorskit_is_block_options_detached":false,"_editorskit_block_options_position":"{}","footnotes":""},"categories":[],"tags":[],"class_list":["post-13110","page","type-page","status-publish","hentry"],"acf":{"acf_link_na_externy_obsah":""},"yoast_head":"<!-- This site is optimized with the Yoast SEO plugin v27.4 - https:\/\/yoast.com\/product\/yoast-seo-wordpress\/ -->\n<title>Vn\u00fatorn\u00fd syst\u00e9m hodnotenia kvality na Pr\u00e1vF UPJ\u0160 - Pr\u00e1vnick\u00e1 fakulta | UPJ\u0160<\/title>\n<meta name=\"robots\" content=\"index, follow, max-snippet:-1, max-image-preview:large, max-video-preview:-1\" \/>\n<link rel=\"canonical\" href=\"https:\/\/www.upjs.sk\/pravnicka-fakulta\/vshk\/\" \/>\n<meta property=\"og:locale\" content=\"sk_SK\" \/>\n<meta property=\"og:type\" content=\"article\" \/>\n<meta property=\"og:title\" content=\"Vn\u00fatorn\u00fd syst\u00e9m hodnotenia kvality na Pr\u00e1vF UPJ\u0160 - Pr\u00e1vnick\u00e1 fakulta | UPJ\u0160\" \/>\n<meta property=\"og:description\" content=\"Vn\u00fatorn\u00fd syst\u00e9m hodnotenia kvality na UPJ\u0160 Indik\u00e1tory hodnotenia kvality AR 2014-2023 Hodnotenie \u00farovne poskytovan\u00e9ho vzdel\u00e1vania na univerzite Hodnotenie \u00farovne poskytovan\u00e9ho vzdel\u00e1vania na fakulte AR 2014\/2015 AR 2015\/2016 AR 2016\/2017 AR 2017\/2018 AR 2018\/2019 AR 2019\/2020 AR 2020\/2021 AR 2021\/2022 AR 2022\/2023 AR 2023\/2024\u00a0 AR 2024\/2025 Hodnotenie \u00farovne poskytovan\u00e9ho vzdel\u00e1vania na fakulte &#8211; doktorandsk\u00e9 \u0161t\u00fadium AR &hellip; \u010c\u00edta\u0165 \u010falej\" \/>\n<meta property=\"og:url\" content=\"https:\/\/www.upjs.sk\/pravnicka-fakulta\/vshk\/\" \/>\n<meta property=\"og:site_name\" content=\"Pr\u00e1vnick\u00e1 fakulta | UPJ\u0160\" \/>\n<meta property=\"article:modified_time\" content=\"2026-02-27T11:54:57+00:00\" \/>\n<meta name=\"twitter:card\" content=\"summary_large_image\" \/>\n<meta name=\"twitter:label1\" content=\"Predpokladan\u00fd \u010das \u010d\u00edtania\" \/>\n\t<meta name=\"twitter:data1\" content=\"1 min\u00fata\" \/>\n<script type=\"application\/ld+json\" class=\"yoast-schema-graph\">{\"@context\":\"https:\\\/\\\/schema.org\",\"@graph\":[{\"@type\":\"WebPage\",\"@id\":\"https:\\\/\\\/www.upjs.sk\\\/pravnicka-fakulta\\\/vshk\\\/\",\"url\":\"https:\\\/\\\/www.upjs.sk\\\/pravnicka-fakulta\\\/vshk\\\/\",\"name\":\"Vn\u00fatorn\u00fd syst\u00e9m hodnotenia kvality na Pr\u00e1vF UPJ\u0160 - Pr\u00e1vnick\u00e1 fakulta | UPJ\u0160\",\"isPartOf\":{\"@id\":\"https:\\\/\\\/www.upjs.sk\\\/pravnicka-fakulta\\\/#website\"},\"datePublished\":\"2024-04-24T13:30:22+00:00\",\"dateModified\":\"2026-02-27T11:54:57+00:00\",\"breadcrumb\":{\"@id\":\"https:\\\/\\\/www.upjs.sk\\\/pravnicka-fakulta\\\/vshk\\\/#breadcrumb\"},\"inLanguage\":\"sk-SK\",\"potentialAction\":[{\"@type\":\"ReadAction\",\"target\":[\"https:\\\/\\\/www.upjs.sk\\\/pravnicka-fakulta\\\/vshk\\\/\"]}]},{\"@type\":\"BreadcrumbList\",\"@id\":\"https:\\\/\\\/www.upjs.sk\\\/pravnicka-fakulta\\\/vshk\\\/#breadcrumb\",\"itemListElement\":[{\"@type\":\"ListItem\",\"position\":1,\"name\":\"Home\",\"item\":\"https:\\\/\\\/www.upjs.sk\\\/pravnicka-fakulta\\\/\"},{\"@type\":\"ListItem\",\"position\":2,\"name\":\"Vn\u00fatorn\u00fd syst\u00e9m hodnotenia kvality na Pr\u00e1vF UPJ\u0160\"}]},{\"@type\":\"WebSite\",\"@id\":\"https:\\\/\\\/www.upjs.sk\\\/pravnicka-fakulta\\\/#website\",\"url\":\"https:\\\/\\\/www.upjs.sk\\\/pravnicka-fakulta\\\/\",\"name\":\"Pr\u00e1vnick\u00e1 fakulta | UPJ\u0160\",\"description\":\"\",\"publisher\":{\"@id\":\"https:\\\/\\\/www.upjs.sk\\\/pravnicka-fakulta\\\/#organization\"},\"potentialAction\":[{\"@type\":\"SearchAction\",\"target\":{\"@type\":\"EntryPoint\",\"urlTemplate\":\"https:\\\/\\\/www.upjs.sk\\\/pravnicka-fakulta\\\/?s={search_term_string}\"},\"query-input\":{\"@type\":\"PropertyValueSpecification\",\"valueRequired\":true,\"valueName\":\"search_term_string\"}}],\"inLanguage\":\"sk-SK\"},{\"@type\":\"Organization\",\"@id\":\"https:\\\/\\\/www.upjs.sk\\\/pravnicka-fakulta\\\/#organization\",\"name\":\"Pr\u00e1vnick\u00e1 fakulta | UPJ\u0160\",\"url\":\"https:\\\/\\\/www.upjs.sk\\\/pravnicka-fakulta\\\/\",\"logo\":{\"@type\":\"ImageObject\",\"inLanguage\":\"sk-SK\",\"@id\":\"https:\\\/\\\/www.upjs.sk\\\/pravnicka-fakulta\\\/#\\\/schema\\\/logo\\\/image\\\/\",\"url\":\"https:\\\/\\\/www.upjs.sk\\\/app\\\/uploads\\\/sites\\\/11\\\/2022\\\/09\\\/logo-pravnicka-fakulta.png\",\"contentUrl\":\"https:\\\/\\\/www.upjs.sk\\\/app\\\/uploads\\\/sites\\\/11\\\/2022\\\/09\\\/logo-pravnicka-fakulta.png\",\"width\":415,\"height\":87,\"caption\":\"Pr\u00e1vnick\u00e1 fakulta | UPJ\u0160\"},\"image\":{\"@id\":\"https:\\\/\\\/www.upjs.sk\\\/pravnicka-fakulta\\\/#\\\/schema\\\/logo\\\/image\\\/\"}}]}<\/script>\n<!-- \/ Yoast SEO plugin. -->","yoast_head_json":{"title":"Vn\u00fatorn\u00fd syst\u00e9m hodnotenia kvality na Pr\u00e1vF UPJ\u0160 - Pr\u00e1vnick\u00e1 fakulta | UPJ\u0160","robots":{"index":"index","follow":"follow","max-snippet":"max-snippet:-1","max-image-preview":"max-image-preview:large","max-video-preview":"max-video-preview:-1"},"canonical":"https:\/\/www.upjs.sk\/pravnicka-fakulta\/vshk\/","og_locale":"sk_SK","og_type":"article","og_title":"Vn\u00fatorn\u00fd syst\u00e9m hodnotenia kvality na Pr\u00e1vF UPJ\u0160 - Pr\u00e1vnick\u00e1 fakulta | UPJ\u0160","og_description":"Vn\u00fatorn\u00fd syst\u00e9m hodnotenia kvality na UPJ\u0160 Indik\u00e1tory hodnotenia kvality AR 2014-2023 Hodnotenie \u00farovne poskytovan\u00e9ho vzdel\u00e1vania na univerzite Hodnotenie \u00farovne poskytovan\u00e9ho vzdel\u00e1vania na fakulte AR 2014\/2015 AR 2015\/2016 AR 2016\/2017 AR 2017\/2018 AR 2018\/2019 AR 2019\/2020 AR 2020\/2021 AR 2021\/2022 AR 2022\/2023 AR 2023\/2024\u00a0 AR 2024\/2025 Hodnotenie \u00farovne poskytovan\u00e9ho vzdel\u00e1vania na fakulte &#8211; doktorandsk\u00e9 \u0161t\u00fadium AR &hellip; \u010c\u00edta\u0165 \u010falej","og_url":"https:\/\/www.upjs.sk\/pravnicka-fakulta\/vshk\/","og_site_name":"Pr\u00e1vnick\u00e1 fakulta | UPJ\u0160","article_modified_time":"2026-02-27T11:54:57+00:00","twitter_card":"summary_large_image","twitter_misc":{"Predpokladan\u00fd \u010das \u010d\u00edtania":"1 min\u00fata"},"schema":{"@context":"https:\/\/schema.org","@graph":[{"@type":"WebPage","@id":"https:\/\/www.upjs.sk\/pravnicka-fakulta\/vshk\/","url":"https:\/\/www.upjs.sk\/pravnicka-fakulta\/vshk\/","name":"Vn\u00fatorn\u00fd syst\u00e9m hodnotenia kvality na Pr\u00e1vF UPJ\u0160 - Pr\u00e1vnick\u00e1 fakulta | UPJ\u0160","isPartOf":{"@id":"https:\/\/www.upjs.sk\/pravnicka-fakulta\/#website"},"datePublished":"2024-04-24T13:30:22+00:00","dateModified":"2026-02-27T11:54:57+00:00","breadcrumb":{"@id":"https:\/\/www.upjs.sk\/pravnicka-fakulta\/vshk\/#breadcrumb"},"inLanguage":"sk-SK","potentialAction":[{"@type":"ReadAction","target":["https:\/\/www.upjs.sk\/pravnicka-fakulta\/vshk\/"]}]},{"@type":"BreadcrumbList","@id":"https:\/\/www.upjs.sk\/pravnicka-fakulta\/vshk\/#breadcrumb","itemListElement":[{"@type":"ListItem","position":1,"name":"Home","item":"https:\/\/www.upjs.sk\/pravnicka-fakulta\/"},{"@type":"ListItem","position":2,"name":"Vn\u00fatorn\u00fd syst\u00e9m hodnotenia kvality na Pr\u00e1vF UPJ\u0160"}]},{"@type":"WebSite","@id":"https:\/\/www.upjs.sk\/pravnicka-fakulta\/#website","url":"https:\/\/www.upjs.sk\/pravnicka-fakulta\/","name":"Pr\u00e1vnick\u00e1 fakulta | UPJ\u0160","description":"","publisher":{"@id":"https:\/\/www.upjs.sk\/pravnicka-fakulta\/#organization"},"potentialAction":[{"@type":"SearchAction","target":{"@type":"EntryPoint","urlTemplate":"https:\/\/www.upjs.sk\/pravnicka-fakulta\/?s={search_term_string}"},"query-input":{"@type":"PropertyValueSpecification","valueRequired":true,"valueName":"search_term_string"}}],"inLanguage":"sk-SK"},{"@type":"Organization","@id":"https:\/\/www.upjs.sk\/pravnicka-fakulta\/#organization","name":"Pr\u00e1vnick\u00e1 fakulta | UPJ\u0160","url":"https:\/\/www.upjs.sk\/pravnicka-fakulta\/","logo":{"@type":"ImageObject","inLanguage":"sk-SK","@id":"https:\/\/www.upjs.sk\/pravnicka-fakulta\/#\/schema\/logo\/image\/","url":"https:\/\/www.upjs.sk\/app\/uploads\/sites\/11\/2022\/09\/logo-pravnicka-fakulta.png","contentUrl":"https:\/\/www.upjs.sk\/app\/uploads\/sites\/11\/2022\/09\/logo-pravnicka-fakulta.png","width":415,"height":87,"caption":"Pr\u00e1vnick\u00e1 fakulta | UPJ\u0160"},"image":{"@id":"https:\/\/www.upjs.sk\/pravnicka-fakulta\/#\/schema\/logo\/image\/"}}]}},"_links":{"self":[{"href":"https:\/\/www.upjs.sk\/pravnicka-fakulta\/wp-json\/wp\/v2\/pages\/13110","targetHints":{"allow":["GET"]}}],"collection":[{"href":"https:\/\/www.upjs.sk\/pravnicka-fakulta\/wp-json\/wp\/v2\/pages"}],"about":[{"href":"https:\/\/www.upjs.sk\/pravnicka-fakulta\/wp-json\/wp\/v2\/types\/page"}],"author":[{"embeddable":true,"href":"https:\/\/www.upjs.sk\/pravnicka-fakulta\/wp-json\/wp\/v2\/users\/1"}],"replies":[{"embeddable":true,"href":"https:\/\/www.upjs.sk\/pravnicka-fakulta\/wp-json\/wp\/v2\/comments?post=13110"}],"version-history":[{"count":19,"href":"https:\/\/www.upjs.sk\/pravnicka-fakulta\/wp-json\/wp\/v2\/pages\/13110\/revisions"}],"predecessor-version":[{"id":51907,"href":"https:\/\/www.upjs.sk\/pravnicka-fakulta\/wp-json\/wp\/v2\/pages\/13110\/revisions\/51907"}],"wp:attachment":[{"href":"https:\/\/www.upjs.sk\/pravnicka-fakulta\/wp-json\/wp\/v2\/media?parent=13110"}],"wp:term":[{"taxonomy":"category","embeddable":true,"href":"https:\/\/www.upjs.sk\/pravnicka-fakulta\/wp-json\/wp\/v2\/categories?post=13110"},{"taxonomy":"post_tag","embeddable":true,"href":"https:\/\/www.upjs.sk\/pravnicka-fakulta\/wp-json\/wp\/v2\/tags?post=13110"}],"curies":[{"name":"wp","href":"https:\/\/api.w.org\/{rel}","templated":true}]}}