{"id":13313,"date":"2021-07-16T12:51:47","date_gmt":"2021-07-16T12:51:51","guid":{"rendered":"https:\/\/www.upjs.sk\/pravnicka-fakulta\/vzdelavanie\/bakalarske-a-magisterske\/17538-2\/"},"modified":"2026-01-26T08:15:53","modified_gmt":"2026-01-26T07:15:53","slug":"pozicky","status":"publish","type":"page","link":"https:\/\/www.upjs.sk\/pravnicka-fakulta\/studium\/bakalarske-a-magisterske-studium\/pozicky\/","title":{"rendered":"P\u00f4\u017ei\u010dky"},"content":{"rendered":"<p><a href=\"http:\/\/www.fnpv.sk\/\"><span style=\"color: #800080;\"><strong>Fond na podporu vzdel\u00e1vania<\/strong><\/span><\/a><\/p>\n<p><strong>Term\u00edny na podanie \u017eiadost\u00ed:<\/strong><\/p>\n<ul>\n<li><strong>\u0161tudentsk\u00e9 a pedagogick\u00e9 p\u00f4\u017ei\u010dky:<\/strong> do <strong>28. 2. 2026<\/strong><\/li>\n<li><strong>stabiliza\u010dn\u00e1 p\u00f4\u017ei\u010dka:<\/strong> do <strong>31. 1. 2026<\/strong><\/li>\n<\/ul>\n<p><strong>\u0160tudentsk\u00e1 p\u00f4\u017ei\u010dka bez ru\u010dite\u013ea<\/strong><\/p>\n<ul>\n<li>ur\u010den\u00e1 pre <strong>\u0161tudentov v\u0161etk\u00fdch stup\u0148ov v dennej forme \u0161t\u00fadia<\/strong><\/li>\n<li><strong>v\u00fd\u0161ka p\u00f4\u017ei\u010dky:<\/strong> 1 000 \u20ac \u2013 3 500 \u20ac<\/li>\n<li><strong>bez\u00fa\u010delov\u00e1<\/strong>, bez potreby ru\u010dite\u013ea<\/li>\n<li><strong>fixn\u00fd \u00farok 4 % ro\u010dne<\/strong><\/li>\n<li>spl\u00e1canie <strong>po skon\u010den\u00ed \u0161t\u00fadia<\/strong><\/li>\n<\/ul>\n<p>Viac inform\u00e1ci\u00ed: <a href=\"https:\/\/www.fnpv.sk\/studentska-pozicka-bez-rucitela\">https:\/\/www.fnpv.sk\/studentska-pozicka-bez-rucitela<\/a><br \/>\nPodanie \u017eiadosti: <a href=\"https:\/\/www.fnpv.sk\/loan?type=1BR\">https:\/\/www.fnpv.sk\/loan?type=1BR<\/a><\/p>\n<p><strong>\u0160tudentsk\u00e1 p\u00f4\u017ei\u010dka s ru\u010dite\u013eom<\/strong><\/p>\n<ul>\n<li>pre <strong>\u0161tudentov v\u0161etk\u00fdch stup\u0148ov<\/strong> v dennej aj externej forme<\/li>\n<li><strong>v\u00fd\u0161ka p\u00f4\u017ei\u010dky:<\/strong> 2 000 \u20ac \u2013 7 500 \u20ac<\/li>\n<li><strong>bez\u00fa\u010delov\u00e1 p\u00f4\u017ei\u010dka<\/strong><\/li>\n<li>mo\u017enos\u0165 po\u017eiada\u0165 <strong>a\u017e 6\u00d7 po\u010das \u0161t\u00fadia<\/strong><\/li>\n<li><strong>fixn\u00fd \u00farok 4 % ro\u010dne<\/strong><\/li>\n<li>spl\u00e1canie po ukon\u010den\u00ed \u0161t\u00fadia<\/li>\n<\/ul>\n<p>Viac inform\u00e1ci\u00ed: <a href=\"https:\/\/www.fnpv.sk\/studentska-pozicka-s-rucitelom\">https:\/\/www.fnpv.sk\/studentska-pozicka-s-rucitelom<\/a><br \/>\nPodanie \u017eiadosti: <a href=\"https:\/\/www.fnpv.sk\/loan?type=2SR\">https:\/\/www.fnpv.sk\/loan?type=2SR<\/a><\/p>\n<p><a href=\"https:\/\/www.stipendia.sk\/\"><span style=\"color: #800080;\"><strong>N\u00e1rodn\u00fd \u0161tipendijn\u00fd program Slovenskej republiky<\/strong><\/span><\/a><\/p>\n","protected":false},"excerpt":{"rendered":"<p>Fond na podporu vzdel\u00e1vania Term\u00edny na podanie \u017eiadost\u00ed: \u0161tudentsk\u00e9 a pedagogick\u00e9 p\u00f4\u017ei\u010dky: do 28. 2. 2026 stabiliza\u010dn\u00e1 p\u00f4\u017ei\u010dka: do 31. 1. 2026 \u0160tudentsk\u00e1 p\u00f4\u017ei\u010dka bez ru\u010dite\u013ea ur\u010den\u00e1 pre \u0161tudentov v\u0161etk\u00fdch stup\u0148ov v dennej forme \u0161t\u00fadia v\u00fd\u0161ka p\u00f4\u017ei\u010dky: 1 000 \u20ac \u2013 3 500 \u20ac bez\u00fa\u010delov\u00e1, bez potreby ru\u010dite\u013ea fixn\u00fd \u00farok 4 % ro\u010dne spl\u00e1canie po &hellip; <a href=\"https:\/\/www.upjs.sk\/pravnicka-fakulta\/studium\/bakalarske-a-magisterske-studium\/pozicky\/\">\u010c\u00edta\u0165 \u010falej<\/a><\/p>\n","protected":false},"author":1,"featured_media":0,"parent":12763,"menu_order":5,"comment_status":"closed","ping_status":"closed","template":"","meta":{"_acf_changed":false,"_editorskit_title_hidden":false,"_editorskit_reading_time":0,"_editorskit_is_block_options_detached":false,"_editorskit_block_options_position":"{}","footnotes":""},"categories":[],"tags":[],"class_list":["post-13313","page","type-page","status-publish","hentry"],"acf":{"acf_link_na_externy_obsah":""},"yoast_head":"<!-- This site is optimized with the Yoast SEO plugin v27.2 - https:\/\/yoast.com\/product\/yoast-seo-wordpress\/ -->\n<title>P\u00f4\u017ei\u010dky - Pr\u00e1vnick\u00e1 fakulta | UPJ\u0160<\/title>\n<meta name=\"robots\" content=\"index, follow, max-snippet:-1, max-image-preview:large, max-video-preview:-1\" \/>\n<link rel=\"canonical\" href=\"https:\/\/www.upjs.sk\/pravnicka-fakulta\/studium\/bakalarske-a-magisterske-studium\/pozicky\/\" \/>\n<meta property=\"og:locale\" content=\"sk_SK\" \/>\n<meta property=\"og:type\" content=\"article\" \/>\n<meta property=\"og:title\" content=\"P\u00f4\u017ei\u010dky - Pr\u00e1vnick\u00e1 fakulta | UPJ\u0160\" \/>\n<meta property=\"og:description\" content=\"Fond na podporu vzdel\u00e1vania Term\u00edny na podanie \u017eiadost\u00ed: \u0161tudentsk\u00e9 a pedagogick\u00e9 p\u00f4\u017ei\u010dky: do 28. 2. 2026 stabiliza\u010dn\u00e1 p\u00f4\u017ei\u010dka: do 31. 1. 2026 \u0160tudentsk\u00e1 p\u00f4\u017ei\u010dka bez ru\u010dite\u013ea ur\u010den\u00e1 pre \u0161tudentov v\u0161etk\u00fdch stup\u0148ov v dennej forme \u0161t\u00fadia v\u00fd\u0161ka p\u00f4\u017ei\u010dky: 1 000 \u20ac \u2013 3 500 \u20ac bez\u00fa\u010delov\u00e1, bez potreby ru\u010dite\u013ea fixn\u00fd \u00farok 4 % ro\u010dne spl\u00e1canie po &hellip; \u010c\u00edta\u0165 \u010falej\" \/>\n<meta property=\"og:url\" content=\"https:\/\/www.upjs.sk\/pravnicka-fakulta\/studium\/bakalarske-a-magisterske-studium\/pozicky\/\" \/>\n<meta property=\"og:site_name\" content=\"Pr\u00e1vnick\u00e1 fakulta | UPJ\u0160\" \/>\n<meta property=\"article:modified_time\" content=\"2026-01-26T07:15:53+00:00\" \/>\n<meta name=\"twitter:card\" content=\"summary_large_image\" \/>\n<meta name=\"twitter:label1\" content=\"Predpokladan\u00fd \u010das \u010d\u00edtania\" \/>\n\t<meta name=\"twitter:data1\" content=\"1 min\u00fata\" \/>\n<script type=\"application\/ld+json\" class=\"yoast-schema-graph\">{\"@context\":\"https:\/\/schema.org\",\"@graph\":[{\"@type\":\"WebPage\",\"@id\":\"https:\/\/www.upjs.sk\/pravnicka-fakulta\/studium\/bakalarske-a-magisterske-studium\/pozicky\/\",\"url\":\"https:\/\/www.upjs.sk\/pravnicka-fakulta\/studium\/bakalarske-a-magisterske-studium\/pozicky\/\",\"name\":\"P\u00f4\u017ei\u010dky - Pr\u00e1vnick\u00e1 fakulta | UPJ\u0160\",\"isPartOf\":{\"@id\":\"https:\/\/www.upjs.sk\/pravnicka-fakulta\/#website\"},\"datePublished\":\"2021-07-16T12:51:51+00:00\",\"dateModified\":\"2026-01-26T07:15:53+00:00\",\"breadcrumb\":{\"@id\":\"https:\/\/www.upjs.sk\/pravnicka-fakulta\/studium\/bakalarske-a-magisterske-studium\/pozicky\/#breadcrumb\"},\"inLanguage\":\"sk-SK\",\"potentialAction\":[{\"@type\":\"ReadAction\",\"target\":[\"https:\/\/www.upjs.sk\/pravnicka-fakulta\/studium\/bakalarske-a-magisterske-studium\/pozicky\/\"]}]},{\"@type\":\"BreadcrumbList\",\"@id\":\"https:\/\/www.upjs.sk\/pravnicka-fakulta\/studium\/bakalarske-a-magisterske-studium\/pozicky\/#breadcrumb\",\"itemListElement\":[{\"@type\":\"ListItem\",\"position\":1,\"name\":\"Home\",\"item\":\"https:\/\/www.upjs.sk\/pravnicka-fakulta\/\"},{\"@type\":\"ListItem\",\"position\":2,\"name\":\"\u0160t\u00fadium\",\"item\":\"https:\/\/www.upjs.sk\/pravnicka-fakulta\/studium\/\"},{\"@type\":\"ListItem\",\"position\":3,\"name\":\"Bakal\u00e1rske a magistersk\u00e9\",\"item\":\"https:\/\/www.upjs.sk\/pravnicka-fakulta\/studium\/bakalarske-a-magisterske-studium\/\"},{\"@type\":\"ListItem\",\"position\":4,\"name\":\"P\u00f4\u017ei\u010dky\"}]},{\"@type\":\"WebSite\",\"@id\":\"https:\/\/www.upjs.sk\/pravnicka-fakulta\/#website\",\"url\":\"https:\/\/www.upjs.sk\/pravnicka-fakulta\/\",\"name\":\"Pr\u00e1vnick\u00e1 fakulta | UPJ\u0160\",\"description\":\"\",\"publisher\":{\"@id\":\"https:\/\/www.upjs.sk\/pravnicka-fakulta\/#organization\"},\"potentialAction\":[{\"@type\":\"SearchAction\",\"target\":{\"@type\":\"EntryPoint\",\"urlTemplate\":\"https:\/\/www.upjs.sk\/pravnicka-fakulta\/?s={search_term_string}\"},\"query-input\":{\"@type\":\"PropertyValueSpecification\",\"valueRequired\":true,\"valueName\":\"search_term_string\"}}],\"inLanguage\":\"sk-SK\"},{\"@type\":\"Organization\",\"@id\":\"https:\/\/www.upjs.sk\/pravnicka-fakulta\/#organization\",\"name\":\"Pr\u00e1vnick\u00e1 fakulta | UPJ\u0160\",\"url\":\"https:\/\/www.upjs.sk\/pravnicka-fakulta\/\",\"logo\":{\"@type\":\"ImageObject\",\"inLanguage\":\"sk-SK\",\"@id\":\"https:\/\/www.upjs.sk\/pravnicka-fakulta\/#\/schema\/logo\/image\/\",\"url\":\"https:\/\/www.upjs.sk\/app\/uploads\/sites\/11\/2022\/09\/logo-pravnicka-fakulta.png\",\"contentUrl\":\"https:\/\/www.upjs.sk\/app\/uploads\/sites\/11\/2022\/09\/logo-pravnicka-fakulta.png\",\"width\":415,\"height\":87,\"caption\":\"Pr\u00e1vnick\u00e1 fakulta | UPJ\u0160\"},\"image\":{\"@id\":\"https:\/\/www.upjs.sk\/pravnicka-fakulta\/#\/schema\/logo\/image\/\"}}]}<\/script>\n<!-- \/ Yoast SEO plugin. -->","yoast_head_json":{"title":"P\u00f4\u017ei\u010dky - Pr\u00e1vnick\u00e1 fakulta | UPJ\u0160","robots":{"index":"index","follow":"follow","max-snippet":"max-snippet:-1","max-image-preview":"max-image-preview:large","max-video-preview":"max-video-preview:-1"},"canonical":"https:\/\/www.upjs.sk\/pravnicka-fakulta\/studium\/bakalarske-a-magisterske-studium\/pozicky\/","og_locale":"sk_SK","og_type":"article","og_title":"P\u00f4\u017ei\u010dky - Pr\u00e1vnick\u00e1 fakulta | UPJ\u0160","og_description":"Fond na podporu vzdel\u00e1vania Term\u00edny na podanie \u017eiadost\u00ed: \u0161tudentsk\u00e9 a pedagogick\u00e9 p\u00f4\u017ei\u010dky: do 28. 2. 2026 stabiliza\u010dn\u00e1 p\u00f4\u017ei\u010dka: do 31. 1. 2026 \u0160tudentsk\u00e1 p\u00f4\u017ei\u010dka bez ru\u010dite\u013ea ur\u010den\u00e1 pre \u0161tudentov v\u0161etk\u00fdch stup\u0148ov v dennej forme \u0161t\u00fadia v\u00fd\u0161ka p\u00f4\u017ei\u010dky: 1 000 \u20ac \u2013 3 500 \u20ac bez\u00fa\u010delov\u00e1, bez potreby ru\u010dite\u013ea fixn\u00fd \u00farok 4 % ro\u010dne spl\u00e1canie po &hellip; \u010c\u00edta\u0165 \u010falej","og_url":"https:\/\/www.upjs.sk\/pravnicka-fakulta\/studium\/bakalarske-a-magisterske-studium\/pozicky\/","og_site_name":"Pr\u00e1vnick\u00e1 fakulta | UPJ\u0160","article_modified_time":"2026-01-26T07:15:53+00:00","twitter_card":"summary_large_image","twitter_misc":{"Predpokladan\u00fd \u010das \u010d\u00edtania":"1 min\u00fata"},"schema":{"@context":"https:\/\/schema.org","@graph":[{"@type":"WebPage","@id":"https:\/\/www.upjs.sk\/pravnicka-fakulta\/studium\/bakalarske-a-magisterske-studium\/pozicky\/","url":"https:\/\/www.upjs.sk\/pravnicka-fakulta\/studium\/bakalarske-a-magisterske-studium\/pozicky\/","name":"P\u00f4\u017ei\u010dky - Pr\u00e1vnick\u00e1 fakulta | UPJ\u0160","isPartOf":{"@id":"https:\/\/www.upjs.sk\/pravnicka-fakulta\/#website"},"datePublished":"2021-07-16T12:51:51+00:00","dateModified":"2026-01-26T07:15:53+00:00","breadcrumb":{"@id":"https:\/\/www.upjs.sk\/pravnicka-fakulta\/studium\/bakalarske-a-magisterske-studium\/pozicky\/#breadcrumb"},"inLanguage":"sk-SK","potentialAction":[{"@type":"ReadAction","target":["https:\/\/www.upjs.sk\/pravnicka-fakulta\/studium\/bakalarske-a-magisterske-studium\/pozicky\/"]}]},{"@type":"BreadcrumbList","@id":"https:\/\/www.upjs.sk\/pravnicka-fakulta\/studium\/bakalarske-a-magisterske-studium\/pozicky\/#breadcrumb","itemListElement":[{"@type":"ListItem","position":1,"name":"Home","item":"https:\/\/www.upjs.sk\/pravnicka-fakulta\/"},{"@type":"ListItem","position":2,"name":"\u0160t\u00fadium","item":"https:\/\/www.upjs.sk\/pravnicka-fakulta\/studium\/"},{"@type":"ListItem","position":3,"name":"Bakal\u00e1rske a magistersk\u00e9","item":"https:\/\/www.upjs.sk\/pravnicka-fakulta\/studium\/bakalarske-a-magisterske-studium\/"},{"@type":"ListItem","position":4,"name":"P\u00f4\u017ei\u010dky"}]},{"@type":"WebSite","@id":"https:\/\/www.upjs.sk\/pravnicka-fakulta\/#website","url":"https:\/\/www.upjs.sk\/pravnicka-fakulta\/","name":"Pr\u00e1vnick\u00e1 fakulta | UPJ\u0160","description":"","publisher":{"@id":"https:\/\/www.upjs.sk\/pravnicka-fakulta\/#organization"},"potentialAction":[{"@type":"SearchAction","target":{"@type":"EntryPoint","urlTemplate":"https:\/\/www.upjs.sk\/pravnicka-fakulta\/?s={search_term_string}"},"query-input":{"@type":"PropertyValueSpecification","valueRequired":true,"valueName":"search_term_string"}}],"inLanguage":"sk-SK"},{"@type":"Organization","@id":"https:\/\/www.upjs.sk\/pravnicka-fakulta\/#organization","name":"Pr\u00e1vnick\u00e1 fakulta | UPJ\u0160","url":"https:\/\/www.upjs.sk\/pravnicka-fakulta\/","logo":{"@type":"ImageObject","inLanguage":"sk-SK","@id":"https:\/\/www.upjs.sk\/pravnicka-fakulta\/#\/schema\/logo\/image\/","url":"https:\/\/www.upjs.sk\/app\/uploads\/sites\/11\/2022\/09\/logo-pravnicka-fakulta.png","contentUrl":"https:\/\/www.upjs.sk\/app\/uploads\/sites\/11\/2022\/09\/logo-pravnicka-fakulta.png","width":415,"height":87,"caption":"Pr\u00e1vnick\u00e1 fakulta | UPJ\u0160"},"image":{"@id":"https:\/\/www.upjs.sk\/pravnicka-fakulta\/#\/schema\/logo\/image\/"}}]}},"_links":{"self":[{"href":"https:\/\/www.upjs.sk\/pravnicka-fakulta\/wp-json\/wp\/v2\/pages\/13313","targetHints":{"allow":["GET"]}}],"collection":[{"href":"https:\/\/www.upjs.sk\/pravnicka-fakulta\/wp-json\/wp\/v2\/pages"}],"about":[{"href":"https:\/\/www.upjs.sk\/pravnicka-fakulta\/wp-json\/wp\/v2\/types\/page"}],"author":[{"embeddable":true,"href":"https:\/\/www.upjs.sk\/pravnicka-fakulta\/wp-json\/wp\/v2\/users\/1"}],"replies":[{"embeddable":true,"href":"https:\/\/www.upjs.sk\/pravnicka-fakulta\/wp-json\/wp\/v2\/comments?post=13313"}],"version-history":[{"count":5,"href":"https:\/\/www.upjs.sk\/pravnicka-fakulta\/wp-json\/wp\/v2\/pages\/13313\/revisions"}],"predecessor-version":[{"id":51079,"href":"https:\/\/www.upjs.sk\/pravnicka-fakulta\/wp-json\/wp\/v2\/pages\/13313\/revisions\/51079"}],"up":[{"embeddable":true,"href":"https:\/\/www.upjs.sk\/pravnicka-fakulta\/wp-json\/wp\/v2\/pages\/12763"}],"wp:attachment":[{"href":"https:\/\/www.upjs.sk\/pravnicka-fakulta\/wp-json\/wp\/v2\/media?parent=13313"}],"wp:term":[{"taxonomy":"category","embeddable":true,"href":"https:\/\/www.upjs.sk\/pravnicka-fakulta\/wp-json\/wp\/v2\/categories?post=13313"},{"taxonomy":"post_tag","embeddable":true,"href":"https:\/\/www.upjs.sk\/pravnicka-fakulta\/wp-json\/wp\/v2\/tags?post=13313"}],"curies":[{"name":"wp","href":"https:\/\/api.w.org\/{rel}","templated":true}]}}