{"id":13526,"date":"2022-05-17T08:44:47","date_gmt":"2022-05-17T08:44:50","guid":{"rendered":"https:\/\/www.upjs.sk\/pravnicka-fakulta\/veda-a-vyskum\/doktorandske-studium\/6470-2\/"},"modified":"2026-02-09T10:02:56","modified_gmt":"2026-02-09T09:02:56","slug":"obhajoba-dizertacnej-prace","status":"publish","type":"page","link":"https:\/\/www.upjs.sk\/pravnicka-fakulta\/studium\/doktorandske-studium\/statne-skusky\/obhajoba-dizertacnej-prace\/","title":{"rendered":"Obhajoba dizerta\u010dnej pr\u00e1ce"},"content":{"rendered":"<p>Doktorand m\u00f4\u017ee poda\u0165 \u017eiados\u0165 o povolenie obhajoby dizerta\u010dnej pr\u00e1ce ak (\u010dl.18 ods. 2 Poriadku doktorandsk\u00e9ho \u0161t\u00fadia na UPJ\u0160 v Ko\u0161iciach):<br \/>a) z\u00edskal <strong>najmenej 150 kreditov,<\/strong> bez zar\u00e1tania kreditov pride\u013eovan\u00fdch za obhajobu dizerta\u010dnej pr\u00e1ce,<br \/>b) sp\u013a\u0148a podmienky stanoven\u00e9 individu\u00e1lnym \u0161tudijn\u00fdm pl\u00e1nom,<br \/>c) sp\u013a\u0148a minim\u00e1lny po\u010det autorstiev alebo spoluautorstiev v\u00fdstupov tvorivej \u010dinnosti vz\u0165ahuj\u00facich sa na t\u00e9mu dizerta\u010dnej pr\u00e1ce v rozsahu podmienok stanoven\u00fdch<br \/>odborovou komisiou pre pr\u00edslu\u0161n\u00fd \u0161tudijn\u00fd program.<\/p>\n<p><span style=\"text-decoration: underline;\"><strong>MINIM\u00c1LNY PO\u010cET V\u00ddSTUPOV tvorivej \u010dinnosti &#8211; stanoven\u00fd odborov\u00fdmi komisiami doktorandsk\u00e9ho \u0161t\u00fadia platn\u00fd pre v\u0161etky \u0161tudijn\u00e9 programy v dennej a <br \/><\/strong><\/span><span style=\"text-decoration: underline;\"><strong>externej forme \u0161t\u00fadia):<\/strong><br \/><\/span>&#8211; <strong>minim\u00e1lne 5 publika\u010dn\u00fdch v\u00fdstupov<\/strong> orientovan\u00fdch k t\u00e9me dizerta\u010dnej pr\u00e1ce, z toho :\u00a0<br \/>a) <strong>2 publika\u010dn\u00e9 v\u00fdstupy vo vedeckom recenzovanom \u010dasopise<\/strong>, z toho minim\u00e1lne <strong>1 v\u00fdstup<\/strong>\u00a0 publikovan\u00fd v <strong>zahrani\u010dnom<\/strong> <strong>vedeckom \u010dasopise<\/strong> (alebo v\u00fdstup prijat\u00fd na publikovanie),<br \/>b) <strong>1 publika\u010dn\u00fd v\u00fdstup<\/strong> v <strong>recenzovanom zborn\u00edku zo zahrani\u010dnej vedeckej konferencie<\/strong>, <strong>na ktorej \u0161tudent akt\u00edvne vyst\u00fapi.<br \/><\/strong><span style=\"text-decoration: underline;\">Okrem t\u00fdchto podmienok \u0161tudent <strong>mus\u00ed sp\u013a\u0148a\u0165 aj kreditov\u00e9 podmienky uveden\u00e9 v \u010dl. 14 ods. 6 Poriadku doktorandsk\u00e9ho \u0161t\u00fadia na UPJ\u0160 v Ko\u0161iciach<\/strong> (min. 90 kreditov za samostatn\u00fa tvoriv\u00fa \u010dinnos\u0165 v oblasti vedy a min. 40 kreditov za absolvovanie \u0161tudijnej \u010dasti,&#8230; &#8211; bli\u017e\u0161ie vi\u010f poriadok doktorandsk\u00e9ho \u0161t\u00fadia)<\/span><\/p>\n<p><a href=\"https:\/\/www.upjs.sk\/app\/uploads\/sites\/11\/2026\/02\/ZIADOST-3.docx\"><strong>\u017dIADOS\u0164<\/strong><\/a>\u00a0doktorand pod\u00e1va <strong>najnesk\u00f4r 3 mesiace<\/strong> pred pl\u00e1novan\u00fdm skon\u010den\u00edm svojho doktorandsk\u00e9ho \u0161t\u00fadia na Refer\u00e1t vedeckov\u00fdskumnej \u010dinnosti a doktorandsk\u00e9ho \u0161t\u00fadia.<br \/>\/<strong>Pred podan\u00edm \u017eiadosti<\/strong> o povolenie obhajoby <strong>doktorand vlo\u017e\u00ed dizerta\u010dn\u00fa pr\u00e1cu do EZP AIS2,<\/strong> zaeviduje licen\u010dn\u00fa zmluvu, ktor\u00fa n\u00e1sledne vytla\u010d\u00ed a prilo\u017e\u00ed ju v 2 vyhotoveniach k pod\u00e1vanej \u017eiadosti\/<br \/><a href=\"https:\/\/ais2.upjs.sk\/manualy_UPJS\/ZP_manual_1_3.pdf\"><strong>MANU\u00c1L<\/strong><\/a> k vkladaniu dizerta\u010dnej pr\u00e1ce do EZP AIS2<br \/><strong>S\u00fa\u010das\u0165ou \u017eiadosti o povolenie obhajoby dizerta\u010dnej pr\u00e1ce je aj tabu\u013eka plnenia krit\u00e9ri\u00ed stanoven\u00fdch odborov\u00fdmi komisiami doktorandsk\u00e9ho \u0161t\u00fadia a vyjadrenie predsedu odborovej komisie, \u010di dizerta\u010dn\u00e1 pr\u00e1ca sp\u013a\u0148a po\u017eadovan\u00e9 obsahov\u00e9 a form\u00e1lne <\/strong><strong>po\u017eiadavky.\u00a0<\/strong><\/p>\n<p><strong>K \u017eiadosti o povolenie obhajoby dizerta\u010dnej pr\u00e1ce doktorand pripoj\u00ed:<br \/><\/strong>a) dizerta\u010dn\u00fa pr\u00e1cu v 1 vyhotoven\u00ed v pevnej v\u00e4zbe, spracovan\u00fa pod\u013ea smernice\u00a0<a href=\"https:\/\/www.upjs.sk\/app\/uploads\/sites\/16\/2023\/01\/smernica-1-2011.pdf\"><strong>\u010d. 1\/2011\u00a0<\/strong><\/a><br \/>b) zoznam publikovan\u00fdch pr\u00e1c s \u00fapln\u00fdmi bibliografick\u00fdmi \u00fadajmi a nepublikovan\u00fdch vedeck\u00fdch pr\u00e1c doktoranda, ako aj ich ohlasov, pr\u00edpadne aj posudky o nich<br \/>vypracovan\u00e9 pr\u00edslu\u0161n\u00fdmi in\u0161tit\u00faciami z oblasti vedy alebo techniky &#8211;<span style=\"background-color: #ffff00;\">\u00a0v\u00fdpis z UK UPJ\u0160<\/span><br \/>c) od\u00f4vodnenie rozdielov medzi p\u00f4vodnou a predkladanou dizerta\u010dnou pr\u00e1cou, ak doktorand po ne\u00faspe\u0161nej obhajobe predklad\u00e1 nov\u00fa dizerta\u010dn\u00fa pr\u00e1cu,<br \/>d) pracovn\u00fa charakteristiku doktoranda vypracovan\u00fa a podp\u00edsan\u00fa \u0161kolite\u013eom doktoranda s vyjadren\u00edm sa k v\u00fdsledku kontroly originality,<br \/>e) protokol o originalite dizerta\u010dnej pr\u00e1ce z CRZP v jednom vyhotoven\u00ed,<br \/>f) protokol z antiplagi\u00e1torsk\u00e9ho syst\u00e9mu UPJ\u0160 (vlo\u017eenie do syst\u00e9mu do\u010dasne zabezpe\u010d\u00ed refer\u00e1t VV\u010c),<br \/>g) licen\u010dn\u00e9 zmluvy v dvoch vyhotoveniach,<br \/>h) \u017eivotopis (\u0161trukt\u00farovan\u00fd),<br \/>i)\u00a0 <strong>AUTOREFER\u00c1T <\/strong>&#8211; vo form\u00e1te A5 v 1 vyhotoven\u00ed <br \/>j)\u00a0 Autorefer\u00e1t vo form\u00e1te WORD (zasla\u0165 na adresu: aneta.gonosova@upjs.sk).<\/p>\n<p><strong><a href=\"https:\/\/www.upjs.sk\/app\/uploads\/sites\/11\/2023\/01\/Titulna-strana-prace.pdf\">VZOR titulnej strany dizerta\u010dnej pr\u00e1ce<\/a><\/strong><\/p>\n\n\n<p><\/p>\n","protected":false},"excerpt":{"rendered":"<p>Doktorand m\u00f4\u017ee poda\u0165 \u017eiados\u0165 o povolenie obhajoby dizerta\u010dnej pr\u00e1ce ak (\u010dl.18 ods. 2 Poriadku doktorandsk\u00e9ho \u0161t\u00fadia na UPJ\u0160 v Ko\u0161iciach):a) z\u00edskal najmenej 150 kreditov, bez zar\u00e1tania kreditov pride\u013eovan\u00fdch za obhajobu dizerta\u010dnej pr\u00e1ce,b) sp\u013a\u0148a podmienky stanoven\u00e9 individu\u00e1lnym \u0161tudijn\u00fdm pl\u00e1nom,c) sp\u013a\u0148a minim\u00e1lny po\u010det autorstiev alebo spoluautorstiev v\u00fdstupov tvorivej \u010dinnosti vz\u0165ahuj\u00facich sa na t\u00e9mu dizerta\u010dnej pr\u00e1ce v rozsahu &hellip; <a href=\"https:\/\/www.upjs.sk\/pravnicka-fakulta\/studium\/doktorandske-studium\/statne-skusky\/obhajoba-dizertacnej-prace\/\">\u010c\u00edta\u0165 \u010falej<\/a><\/p>\n","protected":false},"author":1,"featured_media":0,"parent":13557,"menu_order":1,"comment_status":"closed","ping_status":"closed","template":"","meta":{"_acf_changed":false,"_editorskit_title_hidden":false,"_editorskit_reading_time":1,"_editorskit_is_block_options_detached":false,"_editorskit_block_options_position":"{}","footnotes":""},"categories":[],"tags":[],"class_list":["post-13526","page","type-page","status-publish","hentry"],"acf":{"acf_link_na_externy_obsah":""},"yoast_head":"<!-- This site is optimized with the Yoast SEO plugin v27.4 - https:\/\/yoast.com\/product\/yoast-seo-wordpress\/ -->\n<title>Obhajoba dizerta\u010dnej pr\u00e1ce - Pr\u00e1vnick\u00e1 fakulta | UPJ\u0160<\/title>\n<meta name=\"robots\" content=\"index, follow, max-snippet:-1, max-image-preview:large, max-video-preview:-1\" \/>\n<link rel=\"canonical\" href=\"https:\/\/www.upjs.sk\/pravnicka-fakulta\/studium\/doktorandske-studium\/statne-skusky\/obhajoba-dizertacnej-prace\/\" \/>\n<meta property=\"og:locale\" content=\"sk_SK\" \/>\n<meta property=\"og:type\" content=\"article\" \/>\n<meta property=\"og:title\" content=\"Obhajoba dizerta\u010dnej pr\u00e1ce - Pr\u00e1vnick\u00e1 fakulta | UPJ\u0160\" \/>\n<meta property=\"og:description\" content=\"Doktorand m\u00f4\u017ee poda\u0165 \u017eiados\u0165 o povolenie obhajoby dizerta\u010dnej pr\u00e1ce ak (\u010dl.18 ods. 2 Poriadku doktorandsk\u00e9ho \u0161t\u00fadia na UPJ\u0160 v Ko\u0161iciach):a) z\u00edskal najmenej 150 kreditov, bez zar\u00e1tania kreditov pride\u013eovan\u00fdch za obhajobu dizerta\u010dnej pr\u00e1ce,b) sp\u013a\u0148a podmienky stanoven\u00e9 individu\u00e1lnym \u0161tudijn\u00fdm pl\u00e1nom,c) sp\u013a\u0148a minim\u00e1lny po\u010det autorstiev alebo spoluautorstiev v\u00fdstupov tvorivej \u010dinnosti vz\u0165ahuj\u00facich sa na t\u00e9mu dizerta\u010dnej pr\u00e1ce v rozsahu &hellip; \u010c\u00edta\u0165 \u010falej\" \/>\n<meta property=\"og:url\" content=\"https:\/\/www.upjs.sk\/pravnicka-fakulta\/studium\/doktorandske-studium\/statne-skusky\/obhajoba-dizertacnej-prace\/\" \/>\n<meta property=\"og:site_name\" content=\"Pr\u00e1vnick\u00e1 fakulta | UPJ\u0160\" \/>\n<meta property=\"article:modified_time\" content=\"2026-02-09T09:02:56+00:00\" \/>\n<meta name=\"twitter:card\" content=\"summary_large_image\" \/>\n<meta name=\"twitter:label1\" content=\"Predpokladan\u00fd \u010das \u010d\u00edtania\" \/>\n\t<meta name=\"twitter:data1\" content=\"3 min\u00faty\" \/>\n<script type=\"application\/ld+json\" class=\"yoast-schema-graph\">{\"@context\":\"https:\\\/\\\/schema.org\",\"@graph\":[{\"@type\":\"WebPage\",\"@id\":\"https:\\\/\\\/www.upjs.sk\\\/pravnicka-fakulta\\\/studium\\\/doktorandske-studium\\\/statne-skusky\\\/obhajoba-dizertacnej-prace\\\/\",\"url\":\"https:\\\/\\\/www.upjs.sk\\\/pravnicka-fakulta\\\/studium\\\/doktorandske-studium\\\/statne-skusky\\\/obhajoba-dizertacnej-prace\\\/\",\"name\":\"Obhajoba dizerta\u010dnej pr\u00e1ce - Pr\u00e1vnick\u00e1 fakulta | UPJ\u0160\",\"isPartOf\":{\"@id\":\"https:\\\/\\\/www.upjs.sk\\\/pravnicka-fakulta\\\/#website\"},\"datePublished\":\"2022-05-17T08:44:50+00:00\",\"dateModified\":\"2026-02-09T09:02:56+00:00\",\"breadcrumb\":{\"@id\":\"https:\\\/\\\/www.upjs.sk\\\/pravnicka-fakulta\\\/studium\\\/doktorandske-studium\\\/statne-skusky\\\/obhajoba-dizertacnej-prace\\\/#breadcrumb\"},\"inLanguage\":\"sk-SK\",\"potentialAction\":[{\"@type\":\"ReadAction\",\"target\":[\"https:\\\/\\\/www.upjs.sk\\\/pravnicka-fakulta\\\/studium\\\/doktorandske-studium\\\/statne-skusky\\\/obhajoba-dizertacnej-prace\\\/\"]}]},{\"@type\":\"BreadcrumbList\",\"@id\":\"https:\\\/\\\/www.upjs.sk\\\/pravnicka-fakulta\\\/studium\\\/doktorandske-studium\\\/statne-skusky\\\/obhajoba-dizertacnej-prace\\\/#breadcrumb\",\"itemListElement\":[{\"@type\":\"ListItem\",\"position\":1,\"name\":\"Home\",\"item\":\"https:\\\/\\\/www.upjs.sk\\\/pravnicka-fakulta\\\/\"},{\"@type\":\"ListItem\",\"position\":2,\"name\":\"\u0160t\u00fadium\",\"item\":\"https:\\\/\\\/www.upjs.sk\\\/pravnicka-fakulta\\\/studium\\\/\"},{\"@type\":\"ListItem\",\"position\":3,\"name\":\"Doktorandsk\u00e9 \u0161t\u00fadium\",\"item\":\"https:\\\/\\\/www.upjs.sk\\\/pravnicka-fakulta\\\/studium\\\/doktorandske-studium\\\/\"},{\"@type\":\"ListItem\",\"position\":4,\"name\":\"\u0160t\u00e1tne sk\u00fa\u0161ky\",\"item\":\"https:\\\/\\\/www.upjs.sk\\\/pravnicka-fakulta\\\/studium\\\/doktorandske-studium\\\/statne-skusky\\\/\"},{\"@type\":\"ListItem\",\"position\":5,\"name\":\"Obhajoba dizerta\u010dnej pr\u00e1ce\"}]},{\"@type\":\"WebSite\",\"@id\":\"https:\\\/\\\/www.upjs.sk\\\/pravnicka-fakulta\\\/#website\",\"url\":\"https:\\\/\\\/www.upjs.sk\\\/pravnicka-fakulta\\\/\",\"name\":\"Pr\u00e1vnick\u00e1 fakulta | UPJ\u0160\",\"description\":\"\",\"publisher\":{\"@id\":\"https:\\\/\\\/www.upjs.sk\\\/pravnicka-fakulta\\\/#organization\"},\"potentialAction\":[{\"@type\":\"SearchAction\",\"target\":{\"@type\":\"EntryPoint\",\"urlTemplate\":\"https:\\\/\\\/www.upjs.sk\\\/pravnicka-fakulta\\\/?s={search_term_string}\"},\"query-input\":{\"@type\":\"PropertyValueSpecification\",\"valueRequired\":true,\"valueName\":\"search_term_string\"}}],\"inLanguage\":\"sk-SK\"},{\"@type\":\"Organization\",\"@id\":\"https:\\\/\\\/www.upjs.sk\\\/pravnicka-fakulta\\\/#organization\",\"name\":\"Pr\u00e1vnick\u00e1 fakulta | UPJ\u0160\",\"url\":\"https:\\\/\\\/www.upjs.sk\\\/pravnicka-fakulta\\\/\",\"logo\":{\"@type\":\"ImageObject\",\"inLanguage\":\"sk-SK\",\"@id\":\"https:\\\/\\\/www.upjs.sk\\\/pravnicka-fakulta\\\/#\\\/schema\\\/logo\\\/image\\\/\",\"url\":\"https:\\\/\\\/www.upjs.sk\\\/app\\\/uploads\\\/sites\\\/11\\\/2022\\\/09\\\/logo-pravnicka-fakulta.png\",\"contentUrl\":\"https:\\\/\\\/www.upjs.sk\\\/app\\\/uploads\\\/sites\\\/11\\\/2022\\\/09\\\/logo-pravnicka-fakulta.png\",\"width\":415,\"height\":87,\"caption\":\"Pr\u00e1vnick\u00e1 fakulta | UPJ\u0160\"},\"image\":{\"@id\":\"https:\\\/\\\/www.upjs.sk\\\/pravnicka-fakulta\\\/#\\\/schema\\\/logo\\\/image\\\/\"}}]}<\/script>\n<!-- \/ Yoast SEO plugin. -->","yoast_head_json":{"title":"Obhajoba dizerta\u010dnej pr\u00e1ce - Pr\u00e1vnick\u00e1 fakulta | UPJ\u0160","robots":{"index":"index","follow":"follow","max-snippet":"max-snippet:-1","max-image-preview":"max-image-preview:large","max-video-preview":"max-video-preview:-1"},"canonical":"https:\/\/www.upjs.sk\/pravnicka-fakulta\/studium\/doktorandske-studium\/statne-skusky\/obhajoba-dizertacnej-prace\/","og_locale":"sk_SK","og_type":"article","og_title":"Obhajoba dizerta\u010dnej pr\u00e1ce - Pr\u00e1vnick\u00e1 fakulta | UPJ\u0160","og_description":"Doktorand m\u00f4\u017ee poda\u0165 \u017eiados\u0165 o povolenie obhajoby dizerta\u010dnej pr\u00e1ce ak (\u010dl.18 ods. 2 Poriadku doktorandsk\u00e9ho \u0161t\u00fadia na UPJ\u0160 v Ko\u0161iciach):a) z\u00edskal najmenej 150 kreditov, bez zar\u00e1tania kreditov pride\u013eovan\u00fdch za obhajobu dizerta\u010dnej pr\u00e1ce,b) sp\u013a\u0148a podmienky stanoven\u00e9 individu\u00e1lnym \u0161tudijn\u00fdm pl\u00e1nom,c) sp\u013a\u0148a minim\u00e1lny po\u010det autorstiev alebo spoluautorstiev v\u00fdstupov tvorivej \u010dinnosti vz\u0165ahuj\u00facich sa na t\u00e9mu dizerta\u010dnej pr\u00e1ce v rozsahu &hellip; \u010c\u00edta\u0165 \u010falej","og_url":"https:\/\/www.upjs.sk\/pravnicka-fakulta\/studium\/doktorandske-studium\/statne-skusky\/obhajoba-dizertacnej-prace\/","og_site_name":"Pr\u00e1vnick\u00e1 fakulta | UPJ\u0160","article_modified_time":"2026-02-09T09:02:56+00:00","twitter_card":"summary_large_image","twitter_misc":{"Predpokladan\u00fd \u010das \u010d\u00edtania":"3 min\u00faty"},"schema":{"@context":"https:\/\/schema.org","@graph":[{"@type":"WebPage","@id":"https:\/\/www.upjs.sk\/pravnicka-fakulta\/studium\/doktorandske-studium\/statne-skusky\/obhajoba-dizertacnej-prace\/","url":"https:\/\/www.upjs.sk\/pravnicka-fakulta\/studium\/doktorandske-studium\/statne-skusky\/obhajoba-dizertacnej-prace\/","name":"Obhajoba dizerta\u010dnej pr\u00e1ce - Pr\u00e1vnick\u00e1 fakulta | UPJ\u0160","isPartOf":{"@id":"https:\/\/www.upjs.sk\/pravnicka-fakulta\/#website"},"datePublished":"2022-05-17T08:44:50+00:00","dateModified":"2026-02-09T09:02:56+00:00","breadcrumb":{"@id":"https:\/\/www.upjs.sk\/pravnicka-fakulta\/studium\/doktorandske-studium\/statne-skusky\/obhajoba-dizertacnej-prace\/#breadcrumb"},"inLanguage":"sk-SK","potentialAction":[{"@type":"ReadAction","target":["https:\/\/www.upjs.sk\/pravnicka-fakulta\/studium\/doktorandske-studium\/statne-skusky\/obhajoba-dizertacnej-prace\/"]}]},{"@type":"BreadcrumbList","@id":"https:\/\/www.upjs.sk\/pravnicka-fakulta\/studium\/doktorandske-studium\/statne-skusky\/obhajoba-dizertacnej-prace\/#breadcrumb","itemListElement":[{"@type":"ListItem","position":1,"name":"Home","item":"https:\/\/www.upjs.sk\/pravnicka-fakulta\/"},{"@type":"ListItem","position":2,"name":"\u0160t\u00fadium","item":"https:\/\/www.upjs.sk\/pravnicka-fakulta\/studium\/"},{"@type":"ListItem","position":3,"name":"Doktorandsk\u00e9 \u0161t\u00fadium","item":"https:\/\/www.upjs.sk\/pravnicka-fakulta\/studium\/doktorandske-studium\/"},{"@type":"ListItem","position":4,"name":"\u0160t\u00e1tne sk\u00fa\u0161ky","item":"https:\/\/www.upjs.sk\/pravnicka-fakulta\/studium\/doktorandske-studium\/statne-skusky\/"},{"@type":"ListItem","position":5,"name":"Obhajoba dizerta\u010dnej pr\u00e1ce"}]},{"@type":"WebSite","@id":"https:\/\/www.upjs.sk\/pravnicka-fakulta\/#website","url":"https:\/\/www.upjs.sk\/pravnicka-fakulta\/","name":"Pr\u00e1vnick\u00e1 fakulta | UPJ\u0160","description":"","publisher":{"@id":"https:\/\/www.upjs.sk\/pravnicka-fakulta\/#organization"},"potentialAction":[{"@type":"SearchAction","target":{"@type":"EntryPoint","urlTemplate":"https:\/\/www.upjs.sk\/pravnicka-fakulta\/?s={search_term_string}"},"query-input":{"@type":"PropertyValueSpecification","valueRequired":true,"valueName":"search_term_string"}}],"inLanguage":"sk-SK"},{"@type":"Organization","@id":"https:\/\/www.upjs.sk\/pravnicka-fakulta\/#organization","name":"Pr\u00e1vnick\u00e1 fakulta | UPJ\u0160","url":"https:\/\/www.upjs.sk\/pravnicka-fakulta\/","logo":{"@type":"ImageObject","inLanguage":"sk-SK","@id":"https:\/\/www.upjs.sk\/pravnicka-fakulta\/#\/schema\/logo\/image\/","url":"https:\/\/www.upjs.sk\/app\/uploads\/sites\/11\/2022\/09\/logo-pravnicka-fakulta.png","contentUrl":"https:\/\/www.upjs.sk\/app\/uploads\/sites\/11\/2022\/09\/logo-pravnicka-fakulta.png","width":415,"height":87,"caption":"Pr\u00e1vnick\u00e1 fakulta | UPJ\u0160"},"image":{"@id":"https:\/\/www.upjs.sk\/pravnicka-fakulta\/#\/schema\/logo\/image\/"}}]}},"_links":{"self":[{"href":"https:\/\/www.upjs.sk\/pravnicka-fakulta\/wp-json\/wp\/v2\/pages\/13526","targetHints":{"allow":["GET"]}}],"collection":[{"href":"https:\/\/www.upjs.sk\/pravnicka-fakulta\/wp-json\/wp\/v2\/pages"}],"about":[{"href":"https:\/\/www.upjs.sk\/pravnicka-fakulta\/wp-json\/wp\/v2\/types\/page"}],"author":[{"embeddable":true,"href":"https:\/\/www.upjs.sk\/pravnicka-fakulta\/wp-json\/wp\/v2\/users\/1"}],"replies":[{"embeddable":true,"href":"https:\/\/www.upjs.sk\/pravnicka-fakulta\/wp-json\/wp\/v2\/comments?post=13526"}],"version-history":[{"count":19,"href":"https:\/\/www.upjs.sk\/pravnicka-fakulta\/wp-json\/wp\/v2\/pages\/13526\/revisions"}],"predecessor-version":[{"id":51489,"href":"https:\/\/www.upjs.sk\/pravnicka-fakulta\/wp-json\/wp\/v2\/pages\/13526\/revisions\/51489"}],"up":[{"embeddable":true,"href":"https:\/\/www.upjs.sk\/pravnicka-fakulta\/wp-json\/wp\/v2\/pages\/13557"}],"wp:attachment":[{"href":"https:\/\/www.upjs.sk\/pravnicka-fakulta\/wp-json\/wp\/v2\/media?parent=13526"}],"wp:term":[{"taxonomy":"category","embeddable":true,"href":"https:\/\/www.upjs.sk\/pravnicka-fakulta\/wp-json\/wp\/v2\/categories?post=13526"},{"taxonomy":"post_tag","embeddable":true,"href":"https:\/\/www.upjs.sk\/pravnicka-fakulta\/wp-json\/wp\/v2\/tags?post=13526"}],"curies":[{"name":"wp","href":"https:\/\/api.w.org\/{rel}","templated":true}]}}