{"id":13573,"date":"2022-09-12T08:55:47","date_gmt":"2022-09-12T08:55:44","guid":{"rendered":"https:\/\/www.upjs.sk\/pravnicka-fakulta\/veda-a-vyskum\/doktorandske-studium\/27249-2\/"},"modified":"2024-09-06T13:24:08","modified_gmt":"2024-09-06T12:24:08","slug":"27249-2","status":"publish","type":"page","link":"https:\/\/www.upjs.sk\/pravnicka-fakulta\/studium\/doktorandske-studium\/zoznam-absolventov-a-temy\/27249-2\/","title":{"rendered":"2023"},"content":{"rendered":"<p><u><strong>Denn\u00e9 doktorandsk\u00e9 \u0161t\u00fadium<\/strong><\/u><\/p>\n<p><strong>1. JUDr. Katar\u00edna Le\u0161kov\u00e1, PhD. &#8211; Medzin\u00e1rodn\u00e9 pr\u00e1vo, <\/strong>T\u00e9ma: <em>&#8222;Medzin\u00e1rodn\u00e9 pr\u00e1vo v rozhodovacej \u010dinnosti \u00dastavn\u00e9ho s\u00fadu Slovenskej republiky&#8220;, <\/em>obhajoba dizerta\u010dnej pr\u00e1ce na UPJ\u0160 v Ko\u0161iciach, Pr\u00e1vnickej fakulte d\u0148a 02.06. 2023<br \/>\n<strong>2. Mgr. Michal Sokol, PhD. &#8211; Obchodn\u00e9 a finan\u010dn\u00e9 pr\u00e1vo,<\/strong> T\u00e9ma: <em>&#8222;Proces digit\u00e1lnej transform\u00e1cie obchodn\u00fdch spolo\u010dnost\u00ed&#8220;,<\/em> obhajoba dizerta\u010dnej pr\u00e1ce na UPJ\u0160 v Ko\u0161iciach, Pr\u00e1vnickej fakulte d\u0148a 21.08. 2023<br \/>\n<strong>3. Mgr. Ren\u00e1ta Pill\u00e1rov\u00e1, PhD. &#8211; Ob\u010dianske pr\u00e1vo,<\/strong> T\u00e9ma: <em>&#8222;Autorsk\u00e9 pr\u00e1vo v digit\u00e1lnom veku a syst\u00e9m licencovania autorsk\u00fdch diel&#8220;, <\/em>obhajoba dizerta\u010dnej pr\u00e1ce na UPJ\u0160 v Ko\u0161iciach, Pr\u00e1vnickej fakulte d\u0148a 22.08. 2023<br \/>\n<strong>4. JUDr. Luk\u00e1\u0161 Macko, PhD. &#8211; Ob\u010dianske pr\u00e1vo,<\/strong> T\u00e9ma: <em>&#8222;Autorsk\u00e9 pr\u00e1vo v digit\u00e1lnom veku &#8211; zodpovednos\u0165 za pou\u017eitie chr\u00e1nen\u00e9ho obsahu&#8220;, <\/em>obhajoba dizerta\u010dnej pr\u00e1ce na UPJ\u0160 v Ko\u0161iciach, Pr\u00e1vnickej fakulte d\u0148a 22.08. 2023<br \/>\n<strong>5. JUDr. Katar\u00edna Petr\u00e1\u0161ov\u00e1, PhD. &#8211; Trestn\u00e9 pr\u00e1vo,<\/strong> T\u00e9ma: <em>&#8222;Eur\u00f3pska prokurat\u00fara&#8220;<\/em>, obhajoba dizerta\u010dnej pr\u00e1ce na UPJ\u0160 v Ko\u0161iciach, Pr\u00e1vnickej fakulte d\u0148a 22.08. 2023<br \/>\n<strong>6. Mgr. Adam \u0160ev\u010dovi\u010d, PhD. &#8211; Trestn\u00e9 pr\u00e1vo,<\/strong> T\u00e9ma: <em>&#8222;Dovolanie v trestnom konan\u00ed&#8220;<\/em>, obhajoba dizerta\u010dnej pr\u00e1ce na UPJ\u0160 v Ko\u0161iciach, Pr\u00e1vnickej fakulte d\u0148a 22.08. 2023<br \/>\n<strong>7.<\/strong>\u00a0 <strong>JUDr. Mgr. Rebeka Puchalla, PhD. &#8211; Trestn\u00e9 pr\u00e1vo,<\/strong> T\u00e9ma: <em>&#8222;S\u00fabeh trestn\u00fdch \u010dinov a jeho trestanie&#8220;<\/em>, obhajoba dizerta\u010dnej pr\u00e1ce na UPJ\u0160 v Ko\u0161iciach, Pr\u00e1vnickej fakulte d\u0148a 22.08. 2023<br \/>\n<strong>8. Mgr. D\u00e1vid Pri\u0161\u010d\u00e1k, PhD. &#8211; Trestn\u00e9 pr\u00e1vo,<\/strong> T\u00e9ma: <em>&#8222;Limity s\u00fadnej intervencie do trestn\u00e9ho konania&#8220;<\/em>, obhajoba dizerta\u010dnej pr\u00e1ce na UPJ\u0160 v Ko\u0161iciach, Pr\u00e1vnickej fakulte d\u0148a 22.08. 2023<br \/>\n<strong>9. JUDr. Luk\u00e1\u0161 Toma\u0161, PhD. &#8211; Te\u00f3ria a dejiny \u0161t\u00e1tu a pr\u00e1va,<\/strong> T\u00e9ma: <em>&#8222;Konanie o s\u00falade pr\u00e1vnych predpisov v spr\u00e1vnom s\u00fadnictve&#8220;<\/em>, obhajoba dizerta\u010dnej pr\u00e1ce na UPJ\u0160 v Ko\u0161iciach, Pr\u00e1vnickej fakulte d\u0148a 22.08. 2023<br \/>\n<strong>10. JUDr. Dominika Kov\u00e1\u010dov\u00e1, PhD. &#8211; Te\u00f3ria a dejiny \u0161t\u00e1tu a pr\u00e1va,<\/strong> T\u00e9ma: <em>&#8222;Versaillsk\u00e1 zmluva a jej vplyv na formovanie hran\u00edc \u010ceskoslovenskej republiky&#8220;<\/em>, obhajoba dizerta\u010dnej pr\u00e1ce na UPJ\u0160 v Ko\u0161iciach, Pr\u00e1vnickej fakulte d\u0148a 22.08. 2023<br \/>\n<strong>11. JUDr. Ivan Va\u0148a, PhD. &#8211; Te\u00f3ria a dejiny \u0161t\u00e1tu a pr\u00e1va,<\/strong> T\u00e9ma: <em>&#8222;Formovanie slovensko-po\u013eskej hranice v prvej polovici 20. storo\u010dia&#8220;<\/em>, obhajoba dizerta\u010dnej pr\u00e1ce na UPJ\u0160 v Ko\u0161iciach, Pr\u00e1vnickej fakulte d\u0148a 22.08. 2023<br \/>\n<strong>12. JUDr. Radka \u0160tef\u00e1nov\u00e1, PhD. &#8211; Obchodn\u00e9 a finan\u010dn\u00e9 pr\u00e1vo,<\/strong> T\u00e9ma: <em>&#8222;Da\u0148ov\u00e9 \u00faniky a ich dokazovanie pri spr\u00e1ve dan\u00ed ako n\u00e1stroj ich elimin\u00e1cie&#8220;, <\/em>obhajoba dizerta\u010dnej pr\u00e1ce na UPJ\u0160 v Ko\u0161iciach, Pr\u00e1vnickej fakulte d\u0148a 28.08. 2023,<br \/>\n<strong>13. JUDr. So\u0148a Simi\u0107 Ballov\u00e1, PhD. <\/strong><strong>&#8211; Obchodn\u00e9 a finan\u010dn\u00e9 pr\u00e1vo,<\/strong> T\u00e9ma: <em>&#8222;Zda\u0148ovanie digit\u00e1lnych slu\u017eieb &#8211; iniciat\u00edvy, probl\u00e9my a mo\u017enosti smerovania ich da\u0148ovo-pr\u00e1vnej regul\u00e1cie&#8220;,<\/em> obhajoba dizerta\u010dnej pr\u00e1ce na UPJ\u0160 v Ko\u0161iciach, Pr\u00e1vnickej fakulte d\u0148a 28.08. 2023<\/p>\n<p><u><strong>Extern\u00e9 doktorandsk\u00e9 \u0161t\u00fadium<\/strong><\/u><\/p>\n<p><strong>1. JUDr. Peter Gabrik, PhD. &#8211; Ob\u010dianske pr\u00e1vo,<\/strong> T\u00e9ma: <em>&#8222;Pr\u00e1vne aspekty pozemkov nezn\u00e1mych vlastn\u00edkov na Slovensku&#8220;, <\/em>obhajoba dizerta\u010dnej pr\u00e1ce na UPJ\u0160 v Ko\u0161iciach, Pr\u00e1vnickej fakulte d\u0148a 21.08. 2023<br \/>\n<strong>2. JUDr. Martin Serf\u0151z\u0151, PhD. &#8211; Ob\u010dianske pr\u00e1vo,<\/strong> T\u00e9ma: <em>&#8222;Neodkladn\u00e9 opatrenia v civilnom procese&#8220;, <\/em>obhajoba dizerta\u010dnej pr\u00e1ce na UPJ\u0160 v Ko\u0161iciach, Pr\u00e1vnickej fakulte d\u0148a 22.08. 2023<br \/>\n<strong>3. JUDr. Anna Kova\u013eov\u00e1, PhD. &#8211; Ob\u010dianske pr\u00e1vo,<\/strong> T\u00e9ma: <em>&#8222;Konanie na odvolacom s\u00fade&#8220;, <\/em>obhajoba dizerta\u010dnej pr\u00e1ce na UPJ\u0160 v Ko\u0161iciach, Pr\u00e1vnickej fakulte d\u0148a 22.08. 2023<\/p>\n","protected":false},"excerpt":{"rendered":"<p>Denn\u00e9 doktorandsk\u00e9 \u0161t\u00fadium 1. JUDr. Katar\u00edna Le\u0161kov\u00e1, PhD. &#8211; Medzin\u00e1rodn\u00e9 pr\u00e1vo, T\u00e9ma: &#8222;Medzin\u00e1rodn\u00e9 pr\u00e1vo v rozhodovacej \u010dinnosti \u00dastavn\u00e9ho s\u00fadu Slovenskej republiky&#8220;, obhajoba dizerta\u010dnej pr\u00e1ce na UPJ\u0160 v Ko\u0161iciach, Pr\u00e1vnickej fakulte d\u0148a 02.06. 2023 2. Mgr. Michal Sokol, PhD. &#8211; Obchodn\u00e9 a finan\u010dn\u00e9 pr\u00e1vo, T\u00e9ma: &#8222;Proces digit\u00e1lnej transform\u00e1cie obchodn\u00fdch spolo\u010dnost\u00ed&#8220;, obhajoba dizerta\u010dnej pr\u00e1ce na UPJ\u0160 v &hellip; <a href=\"https:\/\/www.upjs.sk\/pravnicka-fakulta\/studium\/doktorandske-studium\/zoznam-absolventov-a-temy\/27249-2\/\">\u010c\u00edta\u0165 \u010falej<\/a><\/p>\n","protected":false},"author":1,"featured_media":0,"parent":13505,"menu_order":2,"comment_status":"closed","ping_status":"closed","template":"","meta":{"_acf_changed":false,"_editorskit_title_hidden":false,"_editorskit_reading_time":0,"_editorskit_is_block_options_detached":false,"_editorskit_block_options_position":"{}","footnotes":""},"categories":[],"tags":[],"class_list":["post-13573","page","type-page","status-publish","hentry"],"acf":{"acf_link_na_externy_obsah":""},"yoast_head":"<!-- This site is optimized with the Yoast SEO plugin v27.4 - https:\/\/yoast.com\/product\/yoast-seo-wordpress\/ -->\n<title>2023 - Pr\u00e1vnick\u00e1 fakulta | UPJ\u0160<\/title>\n<meta name=\"robots\" content=\"index, follow, max-snippet:-1, max-image-preview:large, max-video-preview:-1\" \/>\n<link rel=\"canonical\" href=\"https:\/\/www.upjs.sk\/pravnicka-fakulta\/studium\/doktorandske-studium\/zoznam-absolventov-a-temy\/27249-2\/\" \/>\n<meta property=\"og:locale\" content=\"sk_SK\" \/>\n<meta property=\"og:type\" content=\"article\" \/>\n<meta property=\"og:title\" content=\"2023 - Pr\u00e1vnick\u00e1 fakulta | UPJ\u0160\" \/>\n<meta property=\"og:description\" content=\"Denn\u00e9 doktorandsk\u00e9 \u0161t\u00fadium 1. JUDr. Katar\u00edna Le\u0161kov\u00e1, PhD. &#8211; Medzin\u00e1rodn\u00e9 pr\u00e1vo, T\u00e9ma: &#8222;Medzin\u00e1rodn\u00e9 pr\u00e1vo v rozhodovacej \u010dinnosti \u00dastavn\u00e9ho s\u00fadu Slovenskej republiky&#8220;, obhajoba dizerta\u010dnej pr\u00e1ce na UPJ\u0160 v Ko\u0161iciach, Pr\u00e1vnickej fakulte d\u0148a 02.06. 2023 2. Mgr. Michal Sokol, PhD. &#8211; Obchodn\u00e9 a finan\u010dn\u00e9 pr\u00e1vo, T\u00e9ma: &#8222;Proces digit\u00e1lnej transform\u00e1cie obchodn\u00fdch spolo\u010dnost\u00ed&#8220;, obhajoba dizerta\u010dnej pr\u00e1ce na UPJ\u0160 v &hellip; \u010c\u00edta\u0165 \u010falej\" \/>\n<meta property=\"og:url\" content=\"https:\/\/www.upjs.sk\/pravnicka-fakulta\/studium\/doktorandske-studium\/zoznam-absolventov-a-temy\/27249-2\/\" \/>\n<meta property=\"og:site_name\" content=\"Pr\u00e1vnick\u00e1 fakulta | UPJ\u0160\" \/>\n<meta property=\"article:modified_time\" content=\"2024-09-06T12:24:08+00:00\" \/>\n<meta name=\"twitter:card\" content=\"summary_large_image\" \/>\n<meta name=\"twitter:label1\" content=\"Predpokladan\u00fd \u010das \u010d\u00edtania\" \/>\n\t<meta name=\"twitter:data1\" content=\"3 min\u00faty\" \/>\n<script type=\"application\/ld+json\" class=\"yoast-schema-graph\">{\"@context\":\"https:\\\/\\\/schema.org\",\"@graph\":[{\"@type\":\"WebPage\",\"@id\":\"https:\\\/\\\/www.upjs.sk\\\/pravnicka-fakulta\\\/studium\\\/doktorandske-studium\\\/zoznam-absolventov-a-temy\\\/27249-2\\\/\",\"url\":\"https:\\\/\\\/www.upjs.sk\\\/pravnicka-fakulta\\\/studium\\\/doktorandske-studium\\\/zoznam-absolventov-a-temy\\\/27249-2\\\/\",\"name\":\"2023 - Pr\u00e1vnick\u00e1 fakulta | UPJ\u0160\",\"isPartOf\":{\"@id\":\"https:\\\/\\\/www.upjs.sk\\\/pravnicka-fakulta\\\/#website\"},\"datePublished\":\"2022-09-12T08:55:44+00:00\",\"dateModified\":\"2024-09-06T12:24:08+00:00\",\"breadcrumb\":{\"@id\":\"https:\\\/\\\/www.upjs.sk\\\/pravnicka-fakulta\\\/studium\\\/doktorandske-studium\\\/zoznam-absolventov-a-temy\\\/27249-2\\\/#breadcrumb\"},\"inLanguage\":\"sk-SK\",\"potentialAction\":[{\"@type\":\"ReadAction\",\"target\":[\"https:\\\/\\\/www.upjs.sk\\\/pravnicka-fakulta\\\/studium\\\/doktorandske-studium\\\/zoznam-absolventov-a-temy\\\/27249-2\\\/\"]}]},{\"@type\":\"BreadcrumbList\",\"@id\":\"https:\\\/\\\/www.upjs.sk\\\/pravnicka-fakulta\\\/studium\\\/doktorandske-studium\\\/zoznam-absolventov-a-temy\\\/27249-2\\\/#breadcrumb\",\"itemListElement\":[{\"@type\":\"ListItem\",\"position\":1,\"name\":\"Home\",\"item\":\"https:\\\/\\\/www.upjs.sk\\\/pravnicka-fakulta\\\/\"},{\"@type\":\"ListItem\",\"position\":2,\"name\":\"\u0160t\u00fadium\",\"item\":\"https:\\\/\\\/www.upjs.sk\\\/pravnicka-fakulta\\\/studium\\\/\"},{\"@type\":\"ListItem\",\"position\":3,\"name\":\"Doktorandsk\u00e9 \u0161t\u00fadium\",\"item\":\"https:\\\/\\\/www.upjs.sk\\\/pravnicka-fakulta\\\/studium\\\/doktorandske-studium\\\/\"},{\"@type\":\"ListItem\",\"position\":4,\"name\":\"Zoznam absolventov doktorandsk\u00e9ho \u0161t\u00fadia a t\u00e9my dizerta\u010dn\u00fdch pr\u00e1c\",\"item\":\"https:\\\/\\\/www.upjs.sk\\\/pravnicka-fakulta\\\/studium\\\/doktorandske-studium\\\/zoznam-absolventov-a-temy\\\/\"},{\"@type\":\"ListItem\",\"position\":5,\"name\":\"2023\"}]},{\"@type\":\"WebSite\",\"@id\":\"https:\\\/\\\/www.upjs.sk\\\/pravnicka-fakulta\\\/#website\",\"url\":\"https:\\\/\\\/www.upjs.sk\\\/pravnicka-fakulta\\\/\",\"name\":\"Pr\u00e1vnick\u00e1 fakulta | UPJ\u0160\",\"description\":\"\",\"publisher\":{\"@id\":\"https:\\\/\\\/www.upjs.sk\\\/pravnicka-fakulta\\\/#organization\"},\"potentialAction\":[{\"@type\":\"SearchAction\",\"target\":{\"@type\":\"EntryPoint\",\"urlTemplate\":\"https:\\\/\\\/www.upjs.sk\\\/pravnicka-fakulta\\\/?s={search_term_string}\"},\"query-input\":{\"@type\":\"PropertyValueSpecification\",\"valueRequired\":true,\"valueName\":\"search_term_string\"}}],\"inLanguage\":\"sk-SK\"},{\"@type\":\"Organization\",\"@id\":\"https:\\\/\\\/www.upjs.sk\\\/pravnicka-fakulta\\\/#organization\",\"name\":\"Pr\u00e1vnick\u00e1 fakulta | UPJ\u0160\",\"url\":\"https:\\\/\\\/www.upjs.sk\\\/pravnicka-fakulta\\\/\",\"logo\":{\"@type\":\"ImageObject\",\"inLanguage\":\"sk-SK\",\"@id\":\"https:\\\/\\\/www.upjs.sk\\\/pravnicka-fakulta\\\/#\\\/schema\\\/logo\\\/image\\\/\",\"url\":\"https:\\\/\\\/www.upjs.sk\\\/app\\\/uploads\\\/sites\\\/11\\\/2022\\\/09\\\/logo-pravnicka-fakulta.png\",\"contentUrl\":\"https:\\\/\\\/www.upjs.sk\\\/app\\\/uploads\\\/sites\\\/11\\\/2022\\\/09\\\/logo-pravnicka-fakulta.png\",\"width\":415,\"height\":87,\"caption\":\"Pr\u00e1vnick\u00e1 fakulta | UPJ\u0160\"},\"image\":{\"@id\":\"https:\\\/\\\/www.upjs.sk\\\/pravnicka-fakulta\\\/#\\\/schema\\\/logo\\\/image\\\/\"}}]}<\/script>\n<!-- \/ Yoast SEO plugin. -->","yoast_head_json":{"title":"2023 - Pr\u00e1vnick\u00e1 fakulta | UPJ\u0160","robots":{"index":"index","follow":"follow","max-snippet":"max-snippet:-1","max-image-preview":"max-image-preview:large","max-video-preview":"max-video-preview:-1"},"canonical":"https:\/\/www.upjs.sk\/pravnicka-fakulta\/studium\/doktorandske-studium\/zoznam-absolventov-a-temy\/27249-2\/","og_locale":"sk_SK","og_type":"article","og_title":"2023 - Pr\u00e1vnick\u00e1 fakulta | UPJ\u0160","og_description":"Denn\u00e9 doktorandsk\u00e9 \u0161t\u00fadium 1. JUDr. Katar\u00edna Le\u0161kov\u00e1, PhD. &#8211; Medzin\u00e1rodn\u00e9 pr\u00e1vo, T\u00e9ma: &#8222;Medzin\u00e1rodn\u00e9 pr\u00e1vo v rozhodovacej \u010dinnosti \u00dastavn\u00e9ho s\u00fadu Slovenskej republiky&#8220;, obhajoba dizerta\u010dnej pr\u00e1ce na UPJ\u0160 v Ko\u0161iciach, Pr\u00e1vnickej fakulte d\u0148a 02.06. 2023 2. Mgr. Michal Sokol, PhD. &#8211; Obchodn\u00e9 a finan\u010dn\u00e9 pr\u00e1vo, T\u00e9ma: &#8222;Proces digit\u00e1lnej transform\u00e1cie obchodn\u00fdch spolo\u010dnost\u00ed&#8220;, obhajoba dizerta\u010dnej pr\u00e1ce na UPJ\u0160 v &hellip; \u010c\u00edta\u0165 \u010falej","og_url":"https:\/\/www.upjs.sk\/pravnicka-fakulta\/studium\/doktorandske-studium\/zoznam-absolventov-a-temy\/27249-2\/","og_site_name":"Pr\u00e1vnick\u00e1 fakulta | UPJ\u0160","article_modified_time":"2024-09-06T12:24:08+00:00","twitter_card":"summary_large_image","twitter_misc":{"Predpokladan\u00fd \u010das \u010d\u00edtania":"3 min\u00faty"},"schema":{"@context":"https:\/\/schema.org","@graph":[{"@type":"WebPage","@id":"https:\/\/www.upjs.sk\/pravnicka-fakulta\/studium\/doktorandske-studium\/zoznam-absolventov-a-temy\/27249-2\/","url":"https:\/\/www.upjs.sk\/pravnicka-fakulta\/studium\/doktorandske-studium\/zoznam-absolventov-a-temy\/27249-2\/","name":"2023 - Pr\u00e1vnick\u00e1 fakulta | UPJ\u0160","isPartOf":{"@id":"https:\/\/www.upjs.sk\/pravnicka-fakulta\/#website"},"datePublished":"2022-09-12T08:55:44+00:00","dateModified":"2024-09-06T12:24:08+00:00","breadcrumb":{"@id":"https:\/\/www.upjs.sk\/pravnicka-fakulta\/studium\/doktorandske-studium\/zoznam-absolventov-a-temy\/27249-2\/#breadcrumb"},"inLanguage":"sk-SK","potentialAction":[{"@type":"ReadAction","target":["https:\/\/www.upjs.sk\/pravnicka-fakulta\/studium\/doktorandske-studium\/zoznam-absolventov-a-temy\/27249-2\/"]}]},{"@type":"BreadcrumbList","@id":"https:\/\/www.upjs.sk\/pravnicka-fakulta\/studium\/doktorandske-studium\/zoznam-absolventov-a-temy\/27249-2\/#breadcrumb","itemListElement":[{"@type":"ListItem","position":1,"name":"Home","item":"https:\/\/www.upjs.sk\/pravnicka-fakulta\/"},{"@type":"ListItem","position":2,"name":"\u0160t\u00fadium","item":"https:\/\/www.upjs.sk\/pravnicka-fakulta\/studium\/"},{"@type":"ListItem","position":3,"name":"Doktorandsk\u00e9 \u0161t\u00fadium","item":"https:\/\/www.upjs.sk\/pravnicka-fakulta\/studium\/doktorandske-studium\/"},{"@type":"ListItem","position":4,"name":"Zoznam absolventov doktorandsk\u00e9ho \u0161t\u00fadia a t\u00e9my dizerta\u010dn\u00fdch pr\u00e1c","item":"https:\/\/www.upjs.sk\/pravnicka-fakulta\/studium\/doktorandske-studium\/zoznam-absolventov-a-temy\/"},{"@type":"ListItem","position":5,"name":"2023"}]},{"@type":"WebSite","@id":"https:\/\/www.upjs.sk\/pravnicka-fakulta\/#website","url":"https:\/\/www.upjs.sk\/pravnicka-fakulta\/","name":"Pr\u00e1vnick\u00e1 fakulta | UPJ\u0160","description":"","publisher":{"@id":"https:\/\/www.upjs.sk\/pravnicka-fakulta\/#organization"},"potentialAction":[{"@type":"SearchAction","target":{"@type":"EntryPoint","urlTemplate":"https:\/\/www.upjs.sk\/pravnicka-fakulta\/?s={search_term_string}"},"query-input":{"@type":"PropertyValueSpecification","valueRequired":true,"valueName":"search_term_string"}}],"inLanguage":"sk-SK"},{"@type":"Organization","@id":"https:\/\/www.upjs.sk\/pravnicka-fakulta\/#organization","name":"Pr\u00e1vnick\u00e1 fakulta | UPJ\u0160","url":"https:\/\/www.upjs.sk\/pravnicka-fakulta\/","logo":{"@type":"ImageObject","inLanguage":"sk-SK","@id":"https:\/\/www.upjs.sk\/pravnicka-fakulta\/#\/schema\/logo\/image\/","url":"https:\/\/www.upjs.sk\/app\/uploads\/sites\/11\/2022\/09\/logo-pravnicka-fakulta.png","contentUrl":"https:\/\/www.upjs.sk\/app\/uploads\/sites\/11\/2022\/09\/logo-pravnicka-fakulta.png","width":415,"height":87,"caption":"Pr\u00e1vnick\u00e1 fakulta | UPJ\u0160"},"image":{"@id":"https:\/\/www.upjs.sk\/pravnicka-fakulta\/#\/schema\/logo\/image\/"}}]}},"_links":{"self":[{"href":"https:\/\/www.upjs.sk\/pravnicka-fakulta\/wp-json\/wp\/v2\/pages\/13573","targetHints":{"allow":["GET"]}}],"collection":[{"href":"https:\/\/www.upjs.sk\/pravnicka-fakulta\/wp-json\/wp\/v2\/pages"}],"about":[{"href":"https:\/\/www.upjs.sk\/pravnicka-fakulta\/wp-json\/wp\/v2\/types\/page"}],"author":[{"embeddable":true,"href":"https:\/\/www.upjs.sk\/pravnicka-fakulta\/wp-json\/wp\/v2\/users\/1"}],"replies":[{"embeddable":true,"href":"https:\/\/www.upjs.sk\/pravnicka-fakulta\/wp-json\/wp\/v2\/comments?post=13573"}],"version-history":[{"count":7,"href":"https:\/\/www.upjs.sk\/pravnicka-fakulta\/wp-json\/wp\/v2\/pages\/13573\/revisions"}],"predecessor-version":[{"id":44857,"href":"https:\/\/www.upjs.sk\/pravnicka-fakulta\/wp-json\/wp\/v2\/pages\/13573\/revisions\/44857"}],"up":[{"embeddable":true,"href":"https:\/\/www.upjs.sk\/pravnicka-fakulta\/wp-json\/wp\/v2\/pages\/13505"}],"wp:attachment":[{"href":"https:\/\/www.upjs.sk\/pravnicka-fakulta\/wp-json\/wp\/v2\/media?parent=13573"}],"wp:term":[{"taxonomy":"category","embeddable":true,"href":"https:\/\/www.upjs.sk\/pravnicka-fakulta\/wp-json\/wp\/v2\/categories?post=13573"},{"taxonomy":"post_tag","embeddable":true,"href":"https:\/\/www.upjs.sk\/pravnicka-fakulta\/wp-json\/wp\/v2\/tags?post=13573"}],"curies":[{"name":"wp","href":"https:\/\/api.w.org\/{rel}","templated":true}]}}