{"id":13577,"date":"2022-08-24T10:57:47","date_gmt":"2022-08-24T10:57:53","guid":{"rendered":"https:\/\/www.upjs.sk\/pravnicka-fakulta\/veda-a-vyskum\/doktorandske-studium\/27553-2\/"},"modified":"2025-11-10T09:34:47","modified_gmt":"2025-11-10T08:34:47","slug":"rada-studijnych-programov","status":"publish","type":"page","link":"https:\/\/www.upjs.sk\/pravnicka-fakulta\/studium\/doktorandske-studium\/rada-studijnych-programov\/","title":{"rendered":"Rada \u0161tudijn\u00fdch programov"},"content":{"rendered":"<style>.kt-accordion-id13577_20a1f2-a4 .kt-accordion-inner-wrap{column-gap:var(--global-kb-gap-md, 2rem);row-gap:10px;}.kt-accordion-id13577_20a1f2-a4 .kt-accordion-panel-inner{border-top:0px solid transparent;border-right:1px solid transparent;border-bottom:1px solid transparent;border-left:1px solid transparent;padding-top:var(--global-kb-spacing-sm, 1.5rem);padding-right:var(--global-kb-spacing-sm, 1.5rem);padding-bottom:var(--global-kb-spacing-sm, 1.5rem);padding-left:var(--global-kb-spacing-sm, 1.5rem);}.kt-accordion-id13577_20a1f2-a4 .wp-block-kadence-pane .kt-accordion-header-wrap .kt-blocks-accordion-header{border-top-color:#eeeeee;border-top-style:solid;border-right-color:#eeeeee;border-right-style:solid;border-bottom-color:#eeeeee;border-bottom-style:solid;border-left-color:#eeeeee;border-left-style:solid;border-top-left-radius:0px;border-top-right-radius:0px;border-bottom-right-radius:0px;border-bottom-left-radius:0px;background:#D6D6D6;font-size:18px;line-height:24px;color:#832472;padding-top:14px;padding-right:16px;padding-bottom:14px;padding-left:16px;}.kt-accordion-id13577_20a1f2-a4:not( .kt-accodion-icon-style-basiccircle ):not( .kt-accodion-icon-style-xclosecircle ):not( .kt-accodion-icon-style-arrowcircle ) .kt-blocks-accordion-icon-trigger:after, .kt-accordion-id13577_20a1f2-a4:not( .kt-accodion-icon-style-basiccircle ):not( .kt-accodion-icon-style-xclosecircle ):not( .kt-accodion-icon-style-arrowcircle ) .kt-blocks-accordion-icon-trigger:before{background:#832472;}.kt-accordion-id13577_20a1f2-a4:not( .kt-accodion-icon-style-basic ):not( .kt-accodion-icon-style-xclose ):not( .kt-accodion-icon-style-arrow ) .kt-blocks-accordion-icon-trigger{background:#832472;}.kt-accordion-id13577_20a1f2-a4:not( .kt-accodion-icon-style-basic ):not( .kt-accodion-icon-style-xclose ):not( .kt-accodion-icon-style-arrow ) .kt-blocks-accordion-icon-trigger:after, .kt-accordion-id13577_20a1f2-a4:not( .kt-accodion-icon-style-basic ):not( .kt-accodion-icon-style-xclose ):not( .kt-accodion-icon-style-arrow ) .kt-blocks-accordion-icon-trigger:before{background:#D6D6D6;}.kt-accordion-id13577_20a1f2-a4 .kt-accordion-header-wrap .kt-blocks-accordion-header:hover, body:not(.hide-focus-outline) .kt-accordion-id13577_20a1f2-a4 .kt-accordion-header-wrap .kt-blocks-accordion-header:focus-visible{color:#832472;background:#d6d6d6;border-top-color:#d4d4d4;border-top-style:solid;border-right-color:#d4d4d4;border-right-style:solid;border-bottom-color:#d4d4d4;border-bottom-style:solid;border-left-color:#d4d4d4;border-left-style:solid;}.kt-accordion-id13577_20a1f2-a4:not( .kt-accodion-icon-style-basiccircle ):not( .kt-accodion-icon-style-xclosecircle ):not( .kt-accodion-icon-style-arrowcircle ) .kt-blocks-accordion-header:hover .kt-blocks-accordion-icon-trigger:after, .kt-accordion-id13577_20a1f2-a4:not( .kt-accodion-icon-style-basiccircle ):not( .kt-accodion-icon-style-xclosecircle ):not( .kt-accodion-icon-style-arrowcircle ) .kt-blocks-accordion-header:hover .kt-blocks-accordion-icon-trigger:before, body:not(.hide-focus-outline) .kt-accordion-id13577_20a1f2-a4:not( .kt-accodion-icon-style-basiccircle ):not( .kt-accodion-icon-style-xclosecircle ):not( .kt-accodion-icon-style-arrowcircle ) .kt-blocks-accordion--visible .kt-blocks-accordion-icon-trigger:after, body:not(.hide-focus-outline) .kt-accordion-id13577_20a1f2-a4:not( .kt-accodion-icon-style-basiccircle ):not( .kt-accodion-icon-style-xclosecircle ):not( .kt-accodion-icon-style-arrowcircle ) .kt-blocks-accordion-header:focus-visible .kt-blocks-accordion-icon-trigger:before{background:#832472;}.kt-accordion-id13577_20a1f2-a4:not( .kt-accodion-icon-style-basic ):not( .kt-accodion-icon-style-xclose ):not( .kt-accodion-icon-style-arrow ) .kt-blocks-accordion-header:hover .kt-blocks-accordion-icon-trigger, body:not(.hide-focus-outline) .kt-accordion-id13577_20a1f2-a4:not( .kt-accodion-icon-style-basic ):not( .kt-accodion-icon-style-xclose ):not( .kt-accodion-icon-style-arrow ) .kt-blocks-accordion-header:focus-visible .kt-blocks-accordion-icon-trigger{background:#832472;}.kt-accordion-id13577_20a1f2-a4:not( .kt-accodion-icon-style-basic ):not( .kt-accodion-icon-style-xclose ):not( .kt-accodion-icon-style-arrow ) .kt-blocks-accordion-header:hover .kt-blocks-accordion-icon-trigger:after, .kt-accordion-id13577_20a1f2-a4:not( .kt-accodion-icon-style-basic ):not( .kt-accodion-icon-style-xclose ):not( .kt-accodion-icon-style-arrow ) .kt-blocks-accordion-header:hover .kt-blocks-accordion-icon-trigger:before, body:not(.hide-focus-outline) .kt-accordion-id13577_20a1f2-a4:not( .kt-accodion-icon-style-basic ):not( .kt-accodion-icon-style-xclose ):not( .kt-accodion-icon-style-arrow ) .kt-blocks-accordion-header:focus-visible .kt-blocks-accordion-icon-trigger:after, body:not(.hide-focus-outline) .kt-accordion-id13577_20a1f2-a4:not( .kt-accodion-icon-style-basic ):not( .kt-accodion-icon-style-xclose ):not( .kt-accodion-icon-style-arrow ) .kt-blocks-accordion-header:focus-visible .kt-blocks-accordion-icon-trigger:before{background:#d6d6d6;}.kt-accordion-id13577_20a1f2-a4 .kt-accordion-header-wrap .kt-blocks-accordion-header:focus-visible, .kt-accordion-id13577_20a1f2-a4 .kt-accordion-header-wrap .kt-blocks-accordion-header.kt-accordion-panel-active{color:#ffffff;background:#832472;border-top-color:#eeeeee;border-top-style:solid;border-right-color:#D6D6D6;border-right-style:solid;border-bottom-color:#D6D6D6;border-bottom-style:solid;border-left-color:#D6D6D6;border-left-style:solid;}.kt-accordion-id13577_20a1f2-a4:not( .kt-accodion-icon-style-basiccircle ):not( .kt-accodion-icon-style-xclosecircle ):not( .kt-accodion-icon-style-arrowcircle ) .kt-blocks-accordion-header.kt-accordion-panel-active .kt-blocks-accordion-icon-trigger:after, .kt-accordion-id13577_20a1f2-a4:not( .kt-accodion-icon-style-basiccircle ):not( .kt-accodion-icon-style-xclosecircle ):not( .kt-accodion-icon-style-arrowcircle ) .kt-blocks-accordion-header.kt-accordion-panel-active .kt-blocks-accordion-icon-trigger:before{background:#ffffff;}.kt-accordion-id13577_20a1f2-a4:not( .kt-accodion-icon-style-basic ):not( .kt-accodion-icon-style-xclose ):not( .kt-accodion-icon-style-arrow ) .kt-blocks-accordion-header.kt-accordion-panel-active .kt-blocks-accordion-icon-trigger{background:#ffffff;}.kt-accordion-id13577_20a1f2-a4:not( .kt-accodion-icon-style-basic ):not( .kt-accodion-icon-style-xclose ):not( .kt-accodion-icon-style-arrow ) .kt-blocks-accordion-header.kt-accordion-panel-active .kt-blocks-accordion-icon-trigger:after, .kt-accordion-id13577_20a1f2-a4:not( .kt-accodion-icon-style-basic ):not( .kt-accodion-icon-style-xclose ):not( .kt-accodion-icon-style-arrow ) .kt-blocks-accordion-header.kt-accordion-panel-active .kt-blocks-accordion-icon-trigger:before{background:#832472;}@media all and (max-width: 1024px){.kt-accordion-id13577_20a1f2-a4 .kt-accordion-panel-inner{border-top:0px solid transparent;border-right:1px solid transparent;border-bottom:1px solid transparent;border-left:1px solid transparent;}}@media all and (max-width: 1024px){.kt-accordion-id13577_20a1f2-a4 .wp-block-kadence-pane .kt-accordion-header-wrap .kt-blocks-accordion-header{border-top-color:#eeeeee;border-top-style:solid;border-right-color:#eeeeee;border-right-style:solid;border-bottom-color:#eeeeee;border-bottom-style:solid;border-left-color:#eeeeee;border-left-style:solid;}}@media all and (max-width: 1024px){.kt-accordion-id13577_20a1f2-a4 .kt-accordion-header-wrap .kt-blocks-accordion-header:hover, body:not(.hide-focus-outline) .kt-accordion-id13577_20a1f2-a4 .kt-accordion-header-wrap .kt-blocks-accordion-header:focus-visible{border-top-color:#d4d4d4;border-top-style:solid;border-right-color:#d4d4d4;border-right-style:solid;border-bottom-color:#d4d4d4;border-bottom-style:solid;border-left-color:#d4d4d4;border-left-style:solid;}}@media all and (max-width: 1024px){.kt-accordion-id13577_20a1f2-a4 .kt-accordion-header-wrap .kt-blocks-accordion-header:focus-visible, .kt-accordion-id13577_20a1f2-a4 .kt-accordion-header-wrap .kt-blocks-accordion-header.kt-accordion-panel-active{border-top-color:#eeeeee;border-top-style:solid;border-right-color:#D6D6D6;border-right-style:solid;border-bottom-color:#D6D6D6;border-bottom-style:solid;border-left-color:#D6D6D6;border-left-style:solid;}}@media all and (max-width: 767px){.kt-accordion-id13577_20a1f2-a4 .kt-accordion-inner-wrap{display:block;}.kt-accordion-id13577_20a1f2-a4 .kt-accordion-inner-wrap .kt-accordion-pane:not(:first-child){margin-top:10px;}.kt-accordion-id13577_20a1f2-a4 .kt-accordion-panel-inner{border-top:0px solid transparent;border-right:1px solid transparent;border-bottom:1px solid transparent;border-left:1px solid transparent;}.kt-accordion-id13577_20a1f2-a4 .wp-block-kadence-pane .kt-accordion-header-wrap .kt-blocks-accordion-header{border-top-color:#eeeeee;border-top-style:solid;border-right-color:#eeeeee;border-right-style:solid;border-bottom-color:#eeeeee;border-bottom-style:solid;border-left-color:#eeeeee;border-left-style:solid;}.kt-accordion-id13577_20a1f2-a4 .kt-accordion-header-wrap .kt-blocks-accordion-header:hover, body:not(.hide-focus-outline) .kt-accordion-id13577_20a1f2-a4 .kt-accordion-header-wrap .kt-blocks-accordion-header:focus-visible{border-top-color:#d4d4d4;border-top-style:solid;border-right-color:#d4d4d4;border-right-style:solid;border-bottom-color:#d4d4d4;border-bottom-style:solid;border-left-color:#d4d4d4;border-left-style:solid;}.kt-accordion-id13577_20a1f2-a4 .kt-accordion-header-wrap .kt-blocks-accordion-header:focus-visible, .kt-accordion-id13577_20a1f2-a4 .kt-accordion-header-wrap .kt-blocks-accordion-header.kt-accordion-panel-active{border-top-color:#eeeeee;border-top-style:solid;border-right-color:#D6D6D6;border-right-style:solid;border-bottom-color:#D6D6D6;border-bottom-style:solid;border-left-color:#D6D6D6;border-left-style:solid;}}<\/style>\n<div class=\"wp-block-kadence-accordion alignnone\"><div class=\"kt-accordion-wrap kt-accordion-id13577_20a1f2-a4 kt-accordion-has-5-panes kt-active-pane-0 kt-accordion-block kt-pane-header-alignment-left kt-accodion-icon-style-arrow kt-accodion-icon-side-left\" style=\"max-width:none\"><div class=\"kt-accordion-inner-wrap\" data-allow-multiple-open=\"false\" data-start-open=\"none\">\n<div class=\"wp-block-kadence-pane kt-accordion-pane kt-accordion-pane-1 kt-pane13577_7f1bbe-94\"><div class=\"kt-accordion-header-wrap\"><button class=\"kt-blocks-accordion-header kt-acccordion-button-label-show\" type=\"button\"><span class=\"kt-blocks-accordion-title-wrap\"><span class=\"kt-blocks-accordion-title\"><strong>Te\u00f3ria a dejiny \u0161t\u00e1tu a pr\u00e1va<\/strong><\/span><\/span><span class=\"kt-blocks-accordion-icon-trigger\"><\/span><\/button><\/div><div class=\"kt-accordion-panel kt-accordion-panel-hidden\"><div class=\"kt-accordion-panel-inner\">\n<p>Predseda rady:<br \/><strong>prof. JUDr. Gabriela Dobrovi\u010dov\u00e1, CSc.<\/strong>\u00a0\u2013 osoba zodpovedn\u00e1 za \u0161tudijn\u00fd program<\/p>\n<p>\u010clenovia rady:\u00a0<br \/>prof. JUDr. Ladislav Orosz, CSc. \u2013 u\u010dite\u013e zabezpe\u010duj\u00faci profilov\u00fd predmet<br \/>doc. JUDr. Marta Breichov\u00e1 Lap\u010d\u00e1kov\u00e1, PhD. \u2013 u\u010dite\u013e zabezpe\u010duj\u00faci profilov\u00fd predmet<br \/>doc. JUDr. Vladim\u00edr Vrana, PhD. \u2013\u00a0u\u010dite\u013e zabezpe\u010duj\u00faci profilov\u00fd predmet<br \/>JUDr. Branislav Buj\u0148\u00e1k \u2013 z\u00e1stupca zamestn\u00e1vate\u013eov (Krajsk\u00e1 prokurat\u00fara v Ko\u0161iciach)<br \/>Mgr. Dominik Urban \u2013 z\u00e1stupca \u0161tudentov\u00a0<\/p>\n<\/div><\/div><\/div>\n\n\n\n<div class=\"wp-block-kadence-pane kt-accordion-pane kt-accordion-pane-2 kt-pane13577_39b8d8-be\"><div class=\"kt-accordion-header-wrap\"><button class=\"kt-blocks-accordion-header kt-acccordion-button-label-show\" type=\"button\"><span class=\"kt-blocks-accordion-title-wrap\"><span class=\"kt-blocks-accordion-title\"><strong>Trestn\u00e9 pr\u00e1vo<\/strong><\/span><\/span><span class=\"kt-blocks-accordion-icon-trigger\"><\/span><\/button><\/div><div class=\"kt-accordion-panel kt-accordion-panel-hidden\"><div class=\"kt-accordion-panel-inner\">\n<p>Predseda rady:<br \/><strong>prof. JUDr. Sergej Rom\u017ea, PhD.<\/strong>\u00a0\u2013 osoba zodpovedn\u00e1 za \u0161tudijn\u00fd program<\/p>\n<p>\u010clenovia rady:\u00a0<br \/>prof. JUDr. Radom\u00edr Jakab, PhD. \u2013 u\u010dite\u013e zabezpe\u010duj\u00faci profilov\u00fd predmet<br \/>doc. JUDr. Simona Feren\u010d\u00edkov\u00e1, PhD. \u2013\u00a0u\u010dite\u013e zabezpe\u010duj\u00faci profilov\u00fd predmet<br \/>doc. JUDr. Miroslav Fico, PhD. \u2013\u00a0u\u010dite\u013e zabezpe\u010duj\u00faci profilov\u00fd predmet<br \/>JUDr. Branislav Buj\u0148\u00e1k \u2013 z\u00e1stupca zamestn\u00e1vate\u013eov (Krajsk\u00e1 prokurat\u00fara Ko\u0161ice)<br \/>Mgr. Alexander Pezlar \u2013 z\u00e1stupca \u0161tudentov\u00a0<\/p>\n<\/div><\/div><\/div>\n\n\n\n<div class=\"wp-block-kadence-pane kt-accordion-pane kt-accordion-pane-3 kt-pane13577_1a2ae5-36\"><div class=\"kt-accordion-header-wrap\"><button class=\"kt-blocks-accordion-header kt-acccordion-button-label-show\" type=\"button\"><span class=\"kt-blocks-accordion-title-wrap\"><span class=\"kt-blocks-accordion-title\"><strong>Medzin\u00e1rodn\u00e9 pr\u00e1vo<\/strong><\/span><\/span><span class=\"kt-blocks-accordion-icon-trigger\"><\/span><\/button><\/div><div class=\"kt-accordion-panel kt-accordion-panel-hidden\"><div class=\"kt-accordion-panel-inner\">\n<p>Predseda rady:<br \/><strong>prof. JUDr. Juraj Jankuv, PhD.<\/strong>\u00a0\u2013 osoba zodpovedn\u00e1 za \u0161tudijn\u00fd program<\/p>\n<p>\u010clenovia rady:\u00a0<br \/>prof. JUDr. Martina J\u00e1no\u0161\u00edkov\u00e1, Ph.D. \u2013 u\u010dite\u013e zabezpe\u010duj\u00faci profilov\u00fd predmet<br \/>doc. JUDr. Marta T\u00f3thov\u00e1, PhD. \u2013 u\u010dite\u013e zabezpe\u010duj\u00faci profilov\u00fd predmet<br \/>JUDr. \u013dudmila Elbert, PhD., univerzitn\u00e1 docentka \u2013 u\u010dite\u013e zabezpe\u010duj\u00faci profilov\u00fd predmet<br \/>JUDr. Branislav Buj\u0148\u00e1k \u2013 z\u00e1stupca zamestn\u00e1vate\u013eov (Krajsk\u00e1 prokurat\u00fara v Ko\u0161iciach)<br \/>Mgr. Laura Gazdagov\u00e1 \u2013 z\u00e1stupca \u0161tudentov\u00a0<\/p>\n<\/div><\/div><\/div>\n\n\n\n<div class=\"wp-block-kadence-pane kt-accordion-pane kt-accordion-pane-4 kt-pane13577_f45277-d7\"><div class=\"kt-accordion-header-wrap\"><button class=\"kt-blocks-accordion-header kt-acccordion-button-label-show\" type=\"button\"><span class=\"kt-blocks-accordion-title-wrap\"><span class=\"kt-blocks-accordion-title\"><strong>Obchodn\u00e9 a finan\u010dn\u00e9 pr\u00e1vo<\/strong><\/span><\/span><span class=\"kt-blocks-accordion-icon-trigger\"><\/span><\/button><\/div><div class=\"kt-accordion-panel kt-accordion-panel-hidden\"><div class=\"kt-accordion-panel-inner\">\n<p>Predseda rady:<br \/><strong>prof. JUDr. Miroslav \u0160trkolec, PhD.<\/strong>\u00a0\u2013 osoba zodpovedn\u00e1 za \u0161tudijn\u00fd program<\/p>\n<p>\u010clenovia rady:\u00a0<br \/>doc. JUDr. Karin Cakoci, PhD. \u2013 u\u010dite\u013e zabezpe\u010duj\u00faci profilov\u00fd predmet<br \/>doc. JUDr. Ing. Jaroslav Doln\u00fd, PhD. \u2013 u\u010dite\u013e zabezpe\u010duj\u00faci profilov\u00fd predmet<br \/>doc. JUDr. Regina Hu\u010dkov\u00e1, PhD. \u2013 u\u010dite\u013e zabezpe\u010duj\u00faci profilov\u00fd predmet<br \/>JUDr. Martin Puchalla, PhD. \u2013 z\u00e1stupca zamestn\u00e1vate\u013eov (Slovensk\u00e1 advok\u00e1tska komora)<br \/>JUDr. J\u00falia Hoffmanov\u00e1, LL.M. \u2013 z\u00e1stupky\u0148a \u0161tudentov\u00a0<\/p>\n<\/div><\/div><\/div>\n\n\n\n<div class=\"wp-block-kadence-pane kt-accordion-pane kt-accordion-pane-5 kt-pane13577_377545-50\"><div class=\"kt-accordion-header-wrap\"><button class=\"kt-blocks-accordion-header kt-acccordion-button-label-show\" type=\"button\"><span class=\"kt-blocks-accordion-title-wrap\"><span class=\"kt-blocks-accordion-title\"><strong>Ob\u010dianske pr\u00e1vo<\/strong><\/span><\/span><span class=\"kt-blocks-accordion-icon-trigger\"><\/span><\/button><\/div><div class=\"kt-accordion-panel kt-accordion-panel-hidden\"><div class=\"kt-accordion-panel-inner\">\n<p>Predseda rady:<br \/><strong>prof. JUDr. Peter Moln\u00e1r, PhD. <\/strong>\u2013 osoba zodpovedn\u00e1 za \u0161tudijn\u00fd program<\/p>\n<p>\u010clenovia rady:\u00a0<br \/>doc. JUDr. Marcel Dolob\u00e1\u010d, PhD., univerzitn\u00fd profesor \u2013 u\u010dite\u013e zabezpe\u010duj\u00faci profilov\u00fd predmet<br \/>doc. JUDr. Ren\u00e1ta Ba\u010d\u00e1rov\u00e1, PhD., LL.M. \u2013\u00a0u\u010dite\u013e zabezpe\u010duj\u00faci profilov\u00fd predmet<br \/>doc. JUDr. Milan Sudzina, PhD. \u2013 u\u010dite\u013e zabezpe\u010duj\u00faci profilov\u00fd predmet<br \/>JUDr. Martin Puchalla, PhD. \u2013 z\u00e1stupca zamestn\u00e1vate\u013eov (Slovensk\u00e1 advok\u00e1tska komora)<br \/>JUDr. Nat\u00e1lia Kalin\u00e1k \u2013 z\u00e1stupky\u0148a \u0161tudentov\u00a0<\/p>\n<\/div><\/div><\/div>\n<\/div><\/div><\/div>\n","protected":false},"excerpt":{"rendered":"","protected":false},"author":1,"featured_media":0,"parent":13010,"menu_order":1,"comment_status":"closed","ping_status":"closed","template":"","meta":{"_acf_changed":false,"_editorskit_title_hidden":false,"_editorskit_reading_time":1,"_editorskit_is_block_options_detached":false,"_editorskit_block_options_position":"{}","footnotes":""},"categories":[],"tags":[],"class_list":["post-13577","page","type-page","status-publish","hentry"],"acf":{"acf_link_na_externy_obsah":""},"yoast_head":"<!-- This site is optimized with the Yoast SEO plugin v27.2 - https:\/\/yoast.com\/product\/yoast-seo-wordpress\/ -->\n<title>Rada \u0161tudijn\u00fdch programov - Pr\u00e1vnick\u00e1 fakulta | UPJ\u0160<\/title>\n<meta name=\"robots\" content=\"index, follow, max-snippet:-1, max-image-preview:large, max-video-preview:-1\" \/>\n<link rel=\"canonical\" href=\"https:\/\/www.upjs.sk\/pravnicka-fakulta\/studium\/doktorandske-studium\/rada-studijnych-programov\/\" \/>\n<meta property=\"og:locale\" content=\"sk_SK\" \/>\n<meta property=\"og:type\" content=\"article\" \/>\n<meta property=\"og:title\" content=\"Rada \u0161tudijn\u00fdch programov - Pr\u00e1vnick\u00e1 fakulta | UPJ\u0160\" \/>\n<meta property=\"og:url\" content=\"https:\/\/www.upjs.sk\/pravnicka-fakulta\/studium\/doktorandske-studium\/rada-studijnych-programov\/\" \/>\n<meta property=\"og:site_name\" content=\"Pr\u00e1vnick\u00e1 fakulta | UPJ\u0160\" \/>\n<meta property=\"article:modified_time\" content=\"2025-11-10T08:34:47+00:00\" \/>\n<meta name=\"twitter:card\" content=\"summary_large_image\" \/>\n<meta name=\"twitter:label1\" content=\"Predpokladan\u00fd \u010das \u010d\u00edtania\" \/>\n\t<meta name=\"twitter:data1\" content=\"2 min\u00faty\" \/>\n<script type=\"application\/ld+json\" class=\"yoast-schema-graph\">{\"@context\":\"https:\/\/schema.org\",\"@graph\":[{\"@type\":\"WebPage\",\"@id\":\"https:\/\/www.upjs.sk\/pravnicka-fakulta\/studium\/doktorandske-studium\/rada-studijnych-programov\/\",\"url\":\"https:\/\/www.upjs.sk\/pravnicka-fakulta\/studium\/doktorandske-studium\/rada-studijnych-programov\/\",\"name\":\"Rada \u0161tudijn\u00fdch programov - Pr\u00e1vnick\u00e1 fakulta | UPJ\u0160\",\"isPartOf\":{\"@id\":\"https:\/\/www.upjs.sk\/pravnicka-fakulta\/#website\"},\"datePublished\":\"2022-08-24T10:57:53+00:00\",\"dateModified\":\"2025-11-10T08:34:47+00:00\",\"breadcrumb\":{\"@id\":\"https:\/\/www.upjs.sk\/pravnicka-fakulta\/studium\/doktorandske-studium\/rada-studijnych-programov\/#breadcrumb\"},\"inLanguage\":\"sk-SK\",\"potentialAction\":[{\"@type\":\"ReadAction\",\"target\":[\"https:\/\/www.upjs.sk\/pravnicka-fakulta\/studium\/doktorandske-studium\/rada-studijnych-programov\/\"]}]},{\"@type\":\"BreadcrumbList\",\"@id\":\"https:\/\/www.upjs.sk\/pravnicka-fakulta\/studium\/doktorandske-studium\/rada-studijnych-programov\/#breadcrumb\",\"itemListElement\":[{\"@type\":\"ListItem\",\"position\":1,\"name\":\"Home\",\"item\":\"https:\/\/www.upjs.sk\/pravnicka-fakulta\/\"},{\"@type\":\"ListItem\",\"position\":2,\"name\":\"\u0160t\u00fadium\",\"item\":\"https:\/\/www.upjs.sk\/pravnicka-fakulta\/studium\/\"},{\"@type\":\"ListItem\",\"position\":3,\"name\":\"Doktorandsk\u00e9 \u0161t\u00fadium\",\"item\":\"https:\/\/www.upjs.sk\/pravnicka-fakulta\/studium\/doktorandske-studium\/\"},{\"@type\":\"ListItem\",\"position\":4,\"name\":\"Rada \u0161tudijn\u00fdch programov\"}]},{\"@type\":\"WebSite\",\"@id\":\"https:\/\/www.upjs.sk\/pravnicka-fakulta\/#website\",\"url\":\"https:\/\/www.upjs.sk\/pravnicka-fakulta\/\",\"name\":\"Pr\u00e1vnick\u00e1 fakulta | UPJ\u0160\",\"description\":\"\",\"publisher\":{\"@id\":\"https:\/\/www.upjs.sk\/pravnicka-fakulta\/#organization\"},\"potentialAction\":[{\"@type\":\"SearchAction\",\"target\":{\"@type\":\"EntryPoint\",\"urlTemplate\":\"https:\/\/www.upjs.sk\/pravnicka-fakulta\/?s={search_term_string}\"},\"query-input\":{\"@type\":\"PropertyValueSpecification\",\"valueRequired\":true,\"valueName\":\"search_term_string\"}}],\"inLanguage\":\"sk-SK\"},{\"@type\":\"Organization\",\"@id\":\"https:\/\/www.upjs.sk\/pravnicka-fakulta\/#organization\",\"name\":\"Pr\u00e1vnick\u00e1 fakulta | UPJ\u0160\",\"url\":\"https:\/\/www.upjs.sk\/pravnicka-fakulta\/\",\"logo\":{\"@type\":\"ImageObject\",\"inLanguage\":\"sk-SK\",\"@id\":\"https:\/\/www.upjs.sk\/pravnicka-fakulta\/#\/schema\/logo\/image\/\",\"url\":\"https:\/\/www.upjs.sk\/app\/uploads\/sites\/11\/2022\/09\/logo-pravnicka-fakulta.png\",\"contentUrl\":\"https:\/\/www.upjs.sk\/app\/uploads\/sites\/11\/2022\/09\/logo-pravnicka-fakulta.png\",\"width\":415,\"height\":87,\"caption\":\"Pr\u00e1vnick\u00e1 fakulta | UPJ\u0160\"},\"image\":{\"@id\":\"https:\/\/www.upjs.sk\/pravnicka-fakulta\/#\/schema\/logo\/image\/\"}}]}<\/script>\n<!-- \/ Yoast SEO plugin. -->","yoast_head_json":{"title":"Rada \u0161tudijn\u00fdch programov - Pr\u00e1vnick\u00e1 fakulta | UPJ\u0160","robots":{"index":"index","follow":"follow","max-snippet":"max-snippet:-1","max-image-preview":"max-image-preview:large","max-video-preview":"max-video-preview:-1"},"canonical":"https:\/\/www.upjs.sk\/pravnicka-fakulta\/studium\/doktorandske-studium\/rada-studijnych-programov\/","og_locale":"sk_SK","og_type":"article","og_title":"Rada \u0161tudijn\u00fdch programov - Pr\u00e1vnick\u00e1 fakulta | UPJ\u0160","og_url":"https:\/\/www.upjs.sk\/pravnicka-fakulta\/studium\/doktorandske-studium\/rada-studijnych-programov\/","og_site_name":"Pr\u00e1vnick\u00e1 fakulta | UPJ\u0160","article_modified_time":"2025-11-10T08:34:47+00:00","twitter_card":"summary_large_image","twitter_misc":{"Predpokladan\u00fd \u010das \u010d\u00edtania":"2 min\u00faty"},"schema":{"@context":"https:\/\/schema.org","@graph":[{"@type":"WebPage","@id":"https:\/\/www.upjs.sk\/pravnicka-fakulta\/studium\/doktorandske-studium\/rada-studijnych-programov\/","url":"https:\/\/www.upjs.sk\/pravnicka-fakulta\/studium\/doktorandske-studium\/rada-studijnych-programov\/","name":"Rada \u0161tudijn\u00fdch programov - Pr\u00e1vnick\u00e1 fakulta | UPJ\u0160","isPartOf":{"@id":"https:\/\/www.upjs.sk\/pravnicka-fakulta\/#website"},"datePublished":"2022-08-24T10:57:53+00:00","dateModified":"2025-11-10T08:34:47+00:00","breadcrumb":{"@id":"https:\/\/www.upjs.sk\/pravnicka-fakulta\/studium\/doktorandske-studium\/rada-studijnych-programov\/#breadcrumb"},"inLanguage":"sk-SK","potentialAction":[{"@type":"ReadAction","target":["https:\/\/www.upjs.sk\/pravnicka-fakulta\/studium\/doktorandske-studium\/rada-studijnych-programov\/"]}]},{"@type":"BreadcrumbList","@id":"https:\/\/www.upjs.sk\/pravnicka-fakulta\/studium\/doktorandske-studium\/rada-studijnych-programov\/#breadcrumb","itemListElement":[{"@type":"ListItem","position":1,"name":"Home","item":"https:\/\/www.upjs.sk\/pravnicka-fakulta\/"},{"@type":"ListItem","position":2,"name":"\u0160t\u00fadium","item":"https:\/\/www.upjs.sk\/pravnicka-fakulta\/studium\/"},{"@type":"ListItem","position":3,"name":"Doktorandsk\u00e9 \u0161t\u00fadium","item":"https:\/\/www.upjs.sk\/pravnicka-fakulta\/studium\/doktorandske-studium\/"},{"@type":"ListItem","position":4,"name":"Rada \u0161tudijn\u00fdch programov"}]},{"@type":"WebSite","@id":"https:\/\/www.upjs.sk\/pravnicka-fakulta\/#website","url":"https:\/\/www.upjs.sk\/pravnicka-fakulta\/","name":"Pr\u00e1vnick\u00e1 fakulta | UPJ\u0160","description":"","publisher":{"@id":"https:\/\/www.upjs.sk\/pravnicka-fakulta\/#organization"},"potentialAction":[{"@type":"SearchAction","target":{"@type":"EntryPoint","urlTemplate":"https:\/\/www.upjs.sk\/pravnicka-fakulta\/?s={search_term_string}"},"query-input":{"@type":"PropertyValueSpecification","valueRequired":true,"valueName":"search_term_string"}}],"inLanguage":"sk-SK"},{"@type":"Organization","@id":"https:\/\/www.upjs.sk\/pravnicka-fakulta\/#organization","name":"Pr\u00e1vnick\u00e1 fakulta | UPJ\u0160","url":"https:\/\/www.upjs.sk\/pravnicka-fakulta\/","logo":{"@type":"ImageObject","inLanguage":"sk-SK","@id":"https:\/\/www.upjs.sk\/pravnicka-fakulta\/#\/schema\/logo\/image\/","url":"https:\/\/www.upjs.sk\/app\/uploads\/sites\/11\/2022\/09\/logo-pravnicka-fakulta.png","contentUrl":"https:\/\/www.upjs.sk\/app\/uploads\/sites\/11\/2022\/09\/logo-pravnicka-fakulta.png","width":415,"height":87,"caption":"Pr\u00e1vnick\u00e1 fakulta | UPJ\u0160"},"image":{"@id":"https:\/\/www.upjs.sk\/pravnicka-fakulta\/#\/schema\/logo\/image\/"}}]}},"_links":{"self":[{"href":"https:\/\/www.upjs.sk\/pravnicka-fakulta\/wp-json\/wp\/v2\/pages\/13577","targetHints":{"allow":["GET"]}}],"collection":[{"href":"https:\/\/www.upjs.sk\/pravnicka-fakulta\/wp-json\/wp\/v2\/pages"}],"about":[{"href":"https:\/\/www.upjs.sk\/pravnicka-fakulta\/wp-json\/wp\/v2\/types\/page"}],"author":[{"embeddable":true,"href":"https:\/\/www.upjs.sk\/pravnicka-fakulta\/wp-json\/wp\/v2\/users\/1"}],"replies":[{"embeddable":true,"href":"https:\/\/www.upjs.sk\/pravnicka-fakulta\/wp-json\/wp\/v2\/comments?post=13577"}],"version-history":[{"count":20,"href":"https:\/\/www.upjs.sk\/pravnicka-fakulta\/wp-json\/wp\/v2\/pages\/13577\/revisions"}],"predecessor-version":[{"id":50402,"href":"https:\/\/www.upjs.sk\/pravnicka-fakulta\/wp-json\/wp\/v2\/pages\/13577\/revisions\/50402"}],"up":[{"embeddable":true,"href":"https:\/\/www.upjs.sk\/pravnicka-fakulta\/wp-json\/wp\/v2\/pages\/13010"}],"wp:attachment":[{"href":"https:\/\/www.upjs.sk\/pravnicka-fakulta\/wp-json\/wp\/v2\/media?parent=13577"}],"wp:term":[{"taxonomy":"category","embeddable":true,"href":"https:\/\/www.upjs.sk\/pravnicka-fakulta\/wp-json\/wp\/v2\/categories?post=13577"},{"taxonomy":"post_tag","embeddable":true,"href":"https:\/\/www.upjs.sk\/pravnicka-fakulta\/wp-json\/wp\/v2\/tags?post=13577"}],"curies":[{"name":"wp","href":"https:\/\/api.w.org\/{rel}","templated":true}]}}