{"id":13649,"date":"2017-04-11T10:38:18","date_gmt":"2017-04-11T10:38:43","guid":{"rendered":"https:\/\/www.upjs.sk\/pravnicka-fakulta\/veda-a-vyskum\/vedecky-vyskum\/15781-2\/"},"modified":"2023-01-13T13:18:44","modified_gmt":"2023-01-13T12:18:44","slug":"anotacia-2","status":"publish","type":"page","link":"https:\/\/www.upjs.sk\/pravnicka-fakulta\/vedecky-vyskum\/vedecke-projekty\/14647-2\/anotacia-2\/","title":{"rendered":"VVGS-2016-306"},"content":{"rendered":"<p><strong>Anot\u00e1cia:<\/strong><\/p>\n<p align=\"LEFT\"><font face=\"LiberationSerif\" size=\"2\"><font face=\"LiberationSerif\" size=\"2\">I ke\u010f z glob\u00e1lneho h\u013eadiska nepatr\u00ed ekonomick\u00e1 kriminalita medzi kvantitat\u00edvne najroz\u0161\u00edrenej\u0161ie formy kriminality, jej<\/font><\/font><\/p>\n<p align=\"LEFT\"><font face=\"LiberationSerif\" size=\"2\"><font face=\"LiberationSerif\" size=\"2\">kvalitat\u00edvny progres je v naj\u0161ir\u0161ej rovine sp\u00f4soben\u00fd v\u00fdvojom spolo\u010densk\u00fdch vz\u0165ahov 21. storo\u010dia (dopady svetovej<\/font><\/font><\/p>\n<p align=\"LEFT\"><font face=\"LiberationSerif\" size=\"2\"><font face=\"LiberationSerif\" size=\"2\">hospod\u00e1rskej kr\u00edzy, liberaliz\u00e1cia trhov\u00e9ho hospod\u00e1rstva, n\u00edzka vymo\u017eite\u013enos\u0165 pr\u00e1va). Uveden\u00e1 skuto\u010dnos\u0165 je<\/font><\/font><\/p>\n<p align=\"LEFT\"><font face=\"LiberationSerif\" size=\"2\"><font face=\"LiberationSerif\" size=\"2\">deklarovan\u00e1 kon\u0161tantn\u00fdm zni\u017eovan\u00edm objasnenosti predmetn\u00e9ho druhu kriminality. Alarmuj\u00faco, ba a\u017e znepokojuj\u00faco<\/font><\/font><\/p>\n<p align=\"LEFT\"><font face=\"LiberationSerif\" size=\"2\"><font face=\"LiberationSerif\" size=\"2\">vyznieva taktie\u017e nepriazniv\u00fd pomer \u0161k\u00f4d sp\u00f4soben\u00fdch p\u00e1chan\u00edm ekonomickej kriminality ku \u0161kod\u00e1m poch\u00e1dzaj\u00facim z<\/font><\/font><\/p>\n<p align=\"LEFT\"><font face=\"LiberationSerif\" size=\"2\"><font face=\"LiberationSerif\" size=\"2\">inej trestnej \u010dinnosti. Aktu\u00e1lnos\u0165 predkladan\u00e9ho vedeck\u00e9ho projektu vypl\u00fdva aj z Programov\u00fdch vyhl\u00e1sen\u00ed vl\u00e1dy<\/font><\/font><\/p>\n<p align=\"LEFT\"><font face=\"LiberationSerif\" size=\"2\"><font face=\"LiberationSerif\" size=\"2\">Slovenskej republiky na roky 2006-2010 a 2012-2016. Z uveden\u00fdch d\u00f4vodov je podstatou pod\u00e1van\u00e9ho projektu<\/font><\/font><\/p>\n<p align=\"LEFT\"><font face=\"LiberationSerif\" size=\"2\"><font face=\"LiberationSerif\" size=\"2\">komplexn\u00e1 vedeck\u00e1 pr\u00edprava spracovania \u017eiadosti o nov\u00fd projekt APVV, ktor\u00fd chc\u00fa rie\u0161itelia predkladan\u00e9ho projektu za<\/font><\/font><\/p>\n<p align=\"LEFT\"><font face=\"LiberationSerif\" size=\"2\"><font face=\"LiberationSerif\" size=\"2\">s\u00fa\u010dasn\u00e9ho zapojenia \u010fal\u0161\u00edch odborn\u00edkov poch\u00e1dzaj\u00facich z akademick\u00e9ho prostredia, ako aj z aplika\u010dnej praxe poda\u0165 na<\/font><\/font><\/p>\n<p align=\"LEFT\"><font face=\"LiberationSerif\" size=\"2\"><font face=\"LiberationSerif\" size=\"2\">v\u00fdzvu Agent\u00fary na podporu v\u00fdskumu a v\u00fdvoja zverejnen\u00fa v akademickom roku 2017\/2018 (\u010falej len ,,pripravovan\u00fd<\/font><\/font><\/p>\n<p align=\"LEFT\"><font face=\"LiberationSerif\" size=\"2\"><font face=\"LiberationSerif\" size=\"2\">APVV projekt\u00e2\u20ac\u015b v pr\u00edslu\u0161nom gramatickom tvare). \u00dastrednou mat\u00e9riou pilotn\u00e9ho projektu cielene orientovan\u00e9ho<\/font><\/font><\/p>\n<p align=\"LEFT\"><font face=\"LiberationSerif\" size=\"2\"><font face=\"LiberationSerif\" size=\"2\">v\u00fdskumu (\u010falej len ,,pilotn\u00fd projekt\u00e2\u20ac\u015b v pr\u00edslu\u0161nom gramatickom tvare) je z\u00e1kladn\u00e9 sk\u00famanie spolo\u010densky<\/font><\/font><\/p>\n<p align=\"LEFT\"><font face=\"LiberationSerif\" size=\"2\"><font face=\"LiberationSerif\" size=\"2\">nepriazniv\u00e9ho fenom\u00e9nu -ekonomickej kriminality a jej juristick\u00fdch, kriminalistick\u00fdch a kriminologick\u00fdch aspektov.<\/font><\/font><\/p>\n<p align=\"LEFT\"><font face=\"LiberationSerif\" size=\"2\"><font face=\"LiberationSerif\" size=\"2\">Rie\u0161ite\u013esk\u00fd kolekt\u00edv sa v r\u00e1mci tohto pilotn\u00e9ho projektu pl\u00e1nuje zamera\u0165 na h\u013eadanie pr\u00ed\u010din, podmienok, n\u00e1strojov<\/font><\/font><\/p>\n<p align=\"LEFT\"><font face=\"LiberationSerif\" size=\"2\"><font face=\"LiberationSerif\" size=\"2\">prevencie a predch\u00e1dzania, ako aj in\u00fdch aspektov ekonomickej kriminality v podmienkach Slovenskej republiky.<\/font><\/font><\/p>\n<p align=\"LEFT\"><font face=\"LiberationSerif\" size=\"2\"><font face=\"LiberationSerif\" size=\"2\">Rie\u0161ite\u013esk\u00fd kolekt\u00edv sa v r\u00e1mci pilotn\u00e9ho projektu pl\u00e1nuje zamera\u0165 aj na h\u013eadanie vhodn\u00fdch spolurie\u0161ite\u013eov a in\u00fdch<\/font><\/font><\/p>\n<p><font face=\"LiberationSerif\" size=\"2\"><font face=\"LiberationSerif\" size=\"2\">spolupracovn\u00edkov pre pripravovan\u00fd APVV projekt.<\/font><\/font><\/p>\n<p><strong><font face=\"LiberationSerif\" size=\"2\"><font face=\"LiberationSerif\" size=\"2\">Annotation:<\/font><\/font><\/strong><\/p>\n<p align=\"LEFT\"><font face=\"LiberationSerif\" size=\"2\"><font face=\"LiberationSerif\" size=\"2\">Although globally the economic crime is not quantified the most prevalent form of crime, the qualitative progress is the<\/font><\/font><\/p>\n<p align=\"LEFT\"><font face=\"LiberationSerif\" size=\"2\"><font face=\"LiberationSerif\" size=\"2\">widest plane due to the development of social relations of the 21st century (effects of the global economic crisis,<\/font><\/font><\/p>\n<p align=\"LEFT\"><font face=\"LiberationSerif\" size=\"2\"><font face=\"LiberationSerif\" size=\"2\">liberalization of the market economy, poor law enforcement). This fact is declared by constant reduction of the number<\/font><\/font><\/p>\n<p align=\"LEFT\"><font face=\"LiberationSerif\" size=\"2\"><font face=\"LiberationSerif\" size=\"2\">of resolved cases of this type of crime. Alarmingly and even it sounds disturbingly well as unfavorable economic<\/font><\/font><\/p>\n<p align=\"LEFT\"><font face=\"LiberationSerif\" size=\"2\"><font face=\"LiberationSerif\" size=\"2\">damage caused by committing economic crime to damage resulting from other crimes. The timeliness of the scientific<\/font><\/font><\/p>\n<p align=\"LEFT\"><font face=\"LiberationSerif\" size=\"2\"><font face=\"LiberationSerif\" size=\"2\">project also follows from the Manifesto of the Government of the Slovak Republic for 2006-2010 and 2012-2016. For<\/font><\/font><\/p>\n<p align=\"LEFT\"><font face=\"LiberationSerif\" size=\"2\"><font face=\"LiberationSerif\" size=\"2\">these reasons, the ratio of this pilot project is complex scientific preparation for application for a new project APVV,<\/font><\/font><\/p>\n<p align=\"LEFT\"><font face=\"LiberationSerif\" size=\"2\"><font face=\"LiberationSerif\" size=\"2\">while the involvement of other professionals coming from academia, as well as practical application lodged at the<\/font><\/font><\/p>\n<p align=\"LEFT\"><font face=\"LiberationSerif\" size=\"2\"><font face=\"LiberationSerif\" size=\"2\">invitation of the Agency to support research and development, published in the academic year 2017\/2018 (hereinafter ,,<\/font><\/font><\/p>\n<p align=\"LEFT\"><font face=\"LiberationSerif\" size=\"2\"><font face=\"LiberationSerif\" size=\"2\">prepared APVV project &#8220; in the respective grammatical form). The central matter of a pilot project goal-oriented<\/font><\/font><\/p>\n<p align=\"LEFT\"><font face=\"LiberationSerif\" size=\"2\"><font face=\"LiberationSerif\" size=\"2\">research (the ,, pilot project &#8222;in the respective grammatical form) is under scrutiny unsociable-economic phenomenon of<\/font><\/font><\/p>\n<p align=\"LEFT\"><font face=\"LiberationSerif\" size=\"2\"><font face=\"LiberationSerif\" size=\"2\">crime and its juristic, forensic and criminological aspects. Research team in this pilot project plans to focus on finding<\/font><\/font><\/p>\n<p align=\"LEFT\"><font face=\"LiberationSerif\" size=\"2\"><font face=\"LiberationSerif\" size=\"2\">the causes, conditions, prevention tools, as well as other aspects of economic crime in the Slovak Republic. Our<\/font><\/font><\/p>\n<p align=\"LEFT\"><font face=\"LiberationSerif\" size=\"2\"><font face=\"LiberationSerif\" size=\"2\">research team plans as well to focus on finding suitable co-workers and other colleagues for the upcoming APVV<\/font><\/font><\/p>\n<p><font face=\"LiberationSerif\" size=\"2\"><font face=\"LiberationSerif\" size=\"2\">project.<\/font><\/font><\/p>\n","protected":false},"excerpt":{"rendered":"<p>Anot\u00e1cia: I ke\u010f z glob\u00e1lneho h\u013eadiska nepatr\u00ed ekonomick\u00e1 kriminalita medzi kvantitat\u00edvne najroz\u0161\u00edrenej\u0161ie formy kriminality, jej kvalitat\u00edvny progres je v naj\u0161ir\u0161ej rovine sp\u00f4soben\u00fd v\u00fdvojom spolo\u010densk\u00fdch vz\u0165ahov 21. storo\u010dia (dopady svetovej hospod\u00e1rskej kr\u00edzy, liberaliz\u00e1cia trhov\u00e9ho hospod\u00e1rstva, n\u00edzka vymo\u017eite\u013enos\u0165 pr\u00e1va). Uveden\u00e1 skuto\u010dnos\u0165 je deklarovan\u00e1 kon\u0161tantn\u00fdm zni\u017eovan\u00edm objasnenosti predmetn\u00e9ho druhu kriminality. Alarmuj\u00faco, ba a\u017e znepokojuj\u00faco vyznieva taktie\u017e nepriazniv\u00fd pomer &hellip; <a href=\"https:\/\/www.upjs.sk\/pravnicka-fakulta\/vedecky-vyskum\/vedecke-projekty\/14647-2\/anotacia-2\/\">\u010c\u00edta\u0165 \u010falej<\/a><\/p>\n","protected":false},"author":1,"featured_media":0,"parent":13645,"menu_order":1,"comment_status":"closed","ping_status":"closed","template":"","meta":{"_acf_changed":false,"_editorskit_title_hidden":false,"_editorskit_reading_time":0,"_editorskit_is_block_options_detached":false,"_editorskit_block_options_position":"{}","footnotes":""},"categories":[],"tags":[],"class_list":["post-13649","page","type-page","status-publish","hentry"],"acf":{"acf_link_na_externy_obsah":""},"yoast_head":"<!-- This site is optimized with the Yoast SEO plugin v27.2 - https:\/\/yoast.com\/product\/yoast-seo-wordpress\/ -->\n<title>VVGS-2016-306 - Pr\u00e1vnick\u00e1 fakulta | UPJ\u0160<\/title>\n<meta name=\"robots\" content=\"index, follow, max-snippet:-1, max-image-preview:large, max-video-preview:-1\" \/>\n<link rel=\"canonical\" href=\"https:\/\/www.upjs.sk\/pravnicka-fakulta\/vedecky-vyskum\/vedecke-projekty\/14647-2\/anotacia-2\/\" \/>\n<meta property=\"og:locale\" content=\"sk_SK\" \/>\n<meta property=\"og:type\" content=\"article\" \/>\n<meta property=\"og:title\" content=\"VVGS-2016-306 - Pr\u00e1vnick\u00e1 fakulta | UPJ\u0160\" \/>\n<meta property=\"og:description\" content=\"Anot\u00e1cia: I ke\u010f z glob\u00e1lneho h\u013eadiska nepatr\u00ed ekonomick\u00e1 kriminalita medzi kvantitat\u00edvne najroz\u0161\u00edrenej\u0161ie formy kriminality, jej kvalitat\u00edvny progres je v naj\u0161ir\u0161ej rovine sp\u00f4soben\u00fd v\u00fdvojom spolo\u010densk\u00fdch vz\u0165ahov 21. storo\u010dia (dopady svetovej hospod\u00e1rskej kr\u00edzy, liberaliz\u00e1cia trhov\u00e9ho hospod\u00e1rstva, n\u00edzka vymo\u017eite\u013enos\u0165 pr\u00e1va). Uveden\u00e1 skuto\u010dnos\u0165 je deklarovan\u00e1 kon\u0161tantn\u00fdm zni\u017eovan\u00edm objasnenosti predmetn\u00e9ho druhu kriminality. Alarmuj\u00faco, ba a\u017e znepokojuj\u00faco vyznieva taktie\u017e nepriazniv\u00fd pomer &hellip; \u010c\u00edta\u0165 \u010falej\" \/>\n<meta property=\"og:url\" content=\"https:\/\/www.upjs.sk\/pravnicka-fakulta\/vedecky-vyskum\/vedecke-projekty\/14647-2\/anotacia-2\/\" \/>\n<meta property=\"og:site_name\" content=\"Pr\u00e1vnick\u00e1 fakulta | UPJ\u0160\" \/>\n<meta property=\"article:modified_time\" content=\"2023-01-13T12:18:44+00:00\" \/>\n<meta name=\"twitter:card\" content=\"summary_large_image\" \/>\n<meta name=\"twitter:label1\" content=\"Predpokladan\u00fd \u010das \u010d\u00edtania\" \/>\n\t<meta name=\"twitter:data1\" content=\"3 min\u00faty\" \/>\n<script type=\"application\/ld+json\" class=\"yoast-schema-graph\">{\"@context\":\"https:\/\/schema.org\",\"@graph\":[{\"@type\":\"WebPage\",\"@id\":\"https:\/\/www.upjs.sk\/pravnicka-fakulta\/vedecky-vyskum\/vedecke-projekty\/14647-2\/anotacia-2\/\",\"url\":\"https:\/\/www.upjs.sk\/pravnicka-fakulta\/vedecky-vyskum\/vedecke-projekty\/14647-2\/anotacia-2\/\",\"name\":\"VVGS-2016-306 - Pr\u00e1vnick\u00e1 fakulta | UPJ\u0160\",\"isPartOf\":{\"@id\":\"https:\/\/www.upjs.sk\/pravnicka-fakulta\/#website\"},\"datePublished\":\"2017-04-11T10:38:43+00:00\",\"dateModified\":\"2023-01-13T12:18:44+00:00\",\"breadcrumb\":{\"@id\":\"https:\/\/www.upjs.sk\/pravnicka-fakulta\/vedecky-vyskum\/vedecke-projekty\/14647-2\/anotacia-2\/#breadcrumb\"},\"inLanguage\":\"sk-SK\",\"potentialAction\":[{\"@type\":\"ReadAction\",\"target\":[\"https:\/\/www.upjs.sk\/pravnicka-fakulta\/vedecky-vyskum\/vedecke-projekty\/14647-2\/anotacia-2\/\"]}]},{\"@type\":\"BreadcrumbList\",\"@id\":\"https:\/\/www.upjs.sk\/pravnicka-fakulta\/vedecky-vyskum\/vedecke-projekty\/14647-2\/anotacia-2\/#breadcrumb\",\"itemListElement\":[{\"@type\":\"ListItem\",\"position\":1,\"name\":\"Home\",\"item\":\"https:\/\/www.upjs.sk\/pravnicka-fakulta\/\"},{\"@type\":\"ListItem\",\"position\":2,\"name\":\"Veda a v\u00fdskum\",\"item\":\"https:\/\/www.upjs.sk\/pravnicka-fakulta\/veda-a-vyskum__trashed\/vedecky-vyskum\/\"},{\"@type\":\"ListItem\",\"position\":3,\"name\":\"Vedeck\u00e9 projekty\",\"item\":\"https:\/\/www.upjs.sk\/pravnicka-fakulta\/vedecky-vyskum\/vedecke-projekty\/\"},{\"@type\":\"ListItem\",\"position\":4,\"name\":\"Preh\u013ead rie\u0161en\u00fdch projektov VVGS\",\"item\":\"https:\/\/www.upjs.sk\/pravnicka-fakulta\/vedecky-vyskum\/vedecke-projekty\/14647-2\/\"},{\"@type\":\"ListItem\",\"position\":5,\"name\":\"VVGS-2016-306\"}]},{\"@type\":\"WebSite\",\"@id\":\"https:\/\/www.upjs.sk\/pravnicka-fakulta\/#website\",\"url\":\"https:\/\/www.upjs.sk\/pravnicka-fakulta\/\",\"name\":\"Pr\u00e1vnick\u00e1 fakulta | UPJ\u0160\",\"description\":\"\",\"publisher\":{\"@id\":\"https:\/\/www.upjs.sk\/pravnicka-fakulta\/#organization\"},\"potentialAction\":[{\"@type\":\"SearchAction\",\"target\":{\"@type\":\"EntryPoint\",\"urlTemplate\":\"https:\/\/www.upjs.sk\/pravnicka-fakulta\/?s={search_term_string}\"},\"query-input\":{\"@type\":\"PropertyValueSpecification\",\"valueRequired\":true,\"valueName\":\"search_term_string\"}}],\"inLanguage\":\"sk-SK\"},{\"@type\":\"Organization\",\"@id\":\"https:\/\/www.upjs.sk\/pravnicka-fakulta\/#organization\",\"name\":\"Pr\u00e1vnick\u00e1 fakulta | UPJ\u0160\",\"url\":\"https:\/\/www.upjs.sk\/pravnicka-fakulta\/\",\"logo\":{\"@type\":\"ImageObject\",\"inLanguage\":\"sk-SK\",\"@id\":\"https:\/\/www.upjs.sk\/pravnicka-fakulta\/#\/schema\/logo\/image\/\",\"url\":\"https:\/\/www.upjs.sk\/app\/uploads\/sites\/11\/2022\/09\/logo-pravnicka-fakulta.png\",\"contentUrl\":\"https:\/\/www.upjs.sk\/app\/uploads\/sites\/11\/2022\/09\/logo-pravnicka-fakulta.png\",\"width\":415,\"height\":87,\"caption\":\"Pr\u00e1vnick\u00e1 fakulta | UPJ\u0160\"},\"image\":{\"@id\":\"https:\/\/www.upjs.sk\/pravnicka-fakulta\/#\/schema\/logo\/image\/\"}}]}<\/script>\n<!-- \/ Yoast SEO plugin. -->","yoast_head_json":{"title":"VVGS-2016-306 - Pr\u00e1vnick\u00e1 fakulta | UPJ\u0160","robots":{"index":"index","follow":"follow","max-snippet":"max-snippet:-1","max-image-preview":"max-image-preview:large","max-video-preview":"max-video-preview:-1"},"canonical":"https:\/\/www.upjs.sk\/pravnicka-fakulta\/vedecky-vyskum\/vedecke-projekty\/14647-2\/anotacia-2\/","og_locale":"sk_SK","og_type":"article","og_title":"VVGS-2016-306 - Pr\u00e1vnick\u00e1 fakulta | UPJ\u0160","og_description":"Anot\u00e1cia: I ke\u010f z glob\u00e1lneho h\u013eadiska nepatr\u00ed ekonomick\u00e1 kriminalita medzi kvantitat\u00edvne najroz\u0161\u00edrenej\u0161ie formy kriminality, jej kvalitat\u00edvny progres je v naj\u0161ir\u0161ej rovine sp\u00f4soben\u00fd v\u00fdvojom spolo\u010densk\u00fdch vz\u0165ahov 21. storo\u010dia (dopady svetovej hospod\u00e1rskej kr\u00edzy, liberaliz\u00e1cia trhov\u00e9ho hospod\u00e1rstva, n\u00edzka vymo\u017eite\u013enos\u0165 pr\u00e1va). Uveden\u00e1 skuto\u010dnos\u0165 je deklarovan\u00e1 kon\u0161tantn\u00fdm zni\u017eovan\u00edm objasnenosti predmetn\u00e9ho druhu kriminality. Alarmuj\u00faco, ba a\u017e znepokojuj\u00faco vyznieva taktie\u017e nepriazniv\u00fd pomer &hellip; \u010c\u00edta\u0165 \u010falej","og_url":"https:\/\/www.upjs.sk\/pravnicka-fakulta\/vedecky-vyskum\/vedecke-projekty\/14647-2\/anotacia-2\/","og_site_name":"Pr\u00e1vnick\u00e1 fakulta | UPJ\u0160","article_modified_time":"2023-01-13T12:18:44+00:00","twitter_card":"summary_large_image","twitter_misc":{"Predpokladan\u00fd \u010das \u010d\u00edtania":"3 min\u00faty"},"schema":{"@context":"https:\/\/schema.org","@graph":[{"@type":"WebPage","@id":"https:\/\/www.upjs.sk\/pravnicka-fakulta\/vedecky-vyskum\/vedecke-projekty\/14647-2\/anotacia-2\/","url":"https:\/\/www.upjs.sk\/pravnicka-fakulta\/vedecky-vyskum\/vedecke-projekty\/14647-2\/anotacia-2\/","name":"VVGS-2016-306 - Pr\u00e1vnick\u00e1 fakulta | UPJ\u0160","isPartOf":{"@id":"https:\/\/www.upjs.sk\/pravnicka-fakulta\/#website"},"datePublished":"2017-04-11T10:38:43+00:00","dateModified":"2023-01-13T12:18:44+00:00","breadcrumb":{"@id":"https:\/\/www.upjs.sk\/pravnicka-fakulta\/vedecky-vyskum\/vedecke-projekty\/14647-2\/anotacia-2\/#breadcrumb"},"inLanguage":"sk-SK","potentialAction":[{"@type":"ReadAction","target":["https:\/\/www.upjs.sk\/pravnicka-fakulta\/vedecky-vyskum\/vedecke-projekty\/14647-2\/anotacia-2\/"]}]},{"@type":"BreadcrumbList","@id":"https:\/\/www.upjs.sk\/pravnicka-fakulta\/vedecky-vyskum\/vedecke-projekty\/14647-2\/anotacia-2\/#breadcrumb","itemListElement":[{"@type":"ListItem","position":1,"name":"Home","item":"https:\/\/www.upjs.sk\/pravnicka-fakulta\/"},{"@type":"ListItem","position":2,"name":"Veda a v\u00fdskum","item":"https:\/\/www.upjs.sk\/pravnicka-fakulta\/veda-a-vyskum__trashed\/vedecky-vyskum\/"},{"@type":"ListItem","position":3,"name":"Vedeck\u00e9 projekty","item":"https:\/\/www.upjs.sk\/pravnicka-fakulta\/vedecky-vyskum\/vedecke-projekty\/"},{"@type":"ListItem","position":4,"name":"Preh\u013ead rie\u0161en\u00fdch projektov VVGS","item":"https:\/\/www.upjs.sk\/pravnicka-fakulta\/vedecky-vyskum\/vedecke-projekty\/14647-2\/"},{"@type":"ListItem","position":5,"name":"VVGS-2016-306"}]},{"@type":"WebSite","@id":"https:\/\/www.upjs.sk\/pravnicka-fakulta\/#website","url":"https:\/\/www.upjs.sk\/pravnicka-fakulta\/","name":"Pr\u00e1vnick\u00e1 fakulta | UPJ\u0160","description":"","publisher":{"@id":"https:\/\/www.upjs.sk\/pravnicka-fakulta\/#organization"},"potentialAction":[{"@type":"SearchAction","target":{"@type":"EntryPoint","urlTemplate":"https:\/\/www.upjs.sk\/pravnicka-fakulta\/?s={search_term_string}"},"query-input":{"@type":"PropertyValueSpecification","valueRequired":true,"valueName":"search_term_string"}}],"inLanguage":"sk-SK"},{"@type":"Organization","@id":"https:\/\/www.upjs.sk\/pravnicka-fakulta\/#organization","name":"Pr\u00e1vnick\u00e1 fakulta | UPJ\u0160","url":"https:\/\/www.upjs.sk\/pravnicka-fakulta\/","logo":{"@type":"ImageObject","inLanguage":"sk-SK","@id":"https:\/\/www.upjs.sk\/pravnicka-fakulta\/#\/schema\/logo\/image\/","url":"https:\/\/www.upjs.sk\/app\/uploads\/sites\/11\/2022\/09\/logo-pravnicka-fakulta.png","contentUrl":"https:\/\/www.upjs.sk\/app\/uploads\/sites\/11\/2022\/09\/logo-pravnicka-fakulta.png","width":415,"height":87,"caption":"Pr\u00e1vnick\u00e1 fakulta | UPJ\u0160"},"image":{"@id":"https:\/\/www.upjs.sk\/pravnicka-fakulta\/#\/schema\/logo\/image\/"}}]}},"_links":{"self":[{"href":"https:\/\/www.upjs.sk\/pravnicka-fakulta\/wp-json\/wp\/v2\/pages\/13649","targetHints":{"allow":["GET"]}}],"collection":[{"href":"https:\/\/www.upjs.sk\/pravnicka-fakulta\/wp-json\/wp\/v2\/pages"}],"about":[{"href":"https:\/\/www.upjs.sk\/pravnicka-fakulta\/wp-json\/wp\/v2\/types\/page"}],"author":[{"embeddable":true,"href":"https:\/\/www.upjs.sk\/pravnicka-fakulta\/wp-json\/wp\/v2\/users\/1"}],"replies":[{"embeddable":true,"href":"https:\/\/www.upjs.sk\/pravnicka-fakulta\/wp-json\/wp\/v2\/comments?post=13649"}],"version-history":[{"count":1,"href":"https:\/\/www.upjs.sk\/pravnicka-fakulta\/wp-json\/wp\/v2\/pages\/13649\/revisions"}],"predecessor-version":[{"id":19495,"href":"https:\/\/www.upjs.sk\/pravnicka-fakulta\/wp-json\/wp\/v2\/pages\/13649\/revisions\/19495"}],"up":[{"embeddable":true,"href":"https:\/\/www.upjs.sk\/pravnicka-fakulta\/wp-json\/wp\/v2\/pages\/13645"}],"wp:attachment":[{"href":"https:\/\/www.upjs.sk\/pravnicka-fakulta\/wp-json\/wp\/v2\/media?parent=13649"}],"wp:term":[{"taxonomy":"category","embeddable":true,"href":"https:\/\/www.upjs.sk\/pravnicka-fakulta\/wp-json\/wp\/v2\/categories?post=13649"},{"taxonomy":"post_tag","embeddable":true,"href":"https:\/\/www.upjs.sk\/pravnicka-fakulta\/wp-json\/wp\/v2\/tags?post=13649"}],"curies":[{"name":"wp","href":"https:\/\/api.w.org\/{rel}","templated":true}]}}