{"id":13671,"date":"2021-05-31T11:07:47","date_gmt":"2021-05-31T11:07:12","guid":{"rendered":"https:\/\/www.upjs.sk\/pravnicka-fakulta\/veda-a-vyskum\/vedecky-vyskum\/22254-2\/"},"modified":"2024-06-04T18:15:55","modified_gmt":"2024-06-04T17:15:55","slug":"spravy-2011-2020","status":"publish","type":"page","link":"https:\/\/www.upjs.sk\/pravnicka-fakulta\/vedecky-vyskum\/spravy-o-vedecko-vyskumnej-cinnosti\/spravy-2011-2020\/","title":{"rendered":"2008-2020"},"content":{"rendered":"<p><strong>Spr\u00e1vy o vedeckov\u00fdskumnej \u010dinnosti 2008 &#8211; 2020:<\/strong><\/p>\n<ul>\n<li style=\"list-style-type: none;\">\n<ul>\n<li><strong><a href=\"https:\/\/www.upjs.sk\/app\/uploads\/sites\/11\/2024\/05\/SPRAVA-O-VVC-PrF-za-2020_FINALL-1.pdf\">2020<\/a><\/strong><\/li>\n<li><strong><a href=\"https:\/\/www.upjs.sk\/app\/uploads\/sites\/11\/2024\/05\/SPRAVA-O-VVC-PrF-za-2019.pdf\">2019<\/a><\/strong><\/li>\n<li><strong><a href=\"https:\/\/www.upjs.sk\/app\/uploads\/sites\/11\/2024\/05\/SPRAVA-O-VVC-PrF-za-2018_OPRAVENA.pdf\">2018<\/a><\/strong><\/li>\n<li><strong><a href=\"https:\/\/www.upjs.sk\/app\/uploads\/sites\/11\/2024\/05\/SPRAVA-O-VVC-PrF-za-2017_FINAL.pdf\">2017<\/a><\/strong><\/li>\n<li><strong><a href=\"https:\/\/www.upjs.sk\/app\/uploads\/sites\/11\/2024\/05\/SPRAVA-O-VVC-PrF-za-2016_FINAL.pdf\">2016<\/a><\/strong><\/li>\n<li><strong><a href=\"https:\/\/www.upjs.sk\/app\/uploads\/sites\/11\/2024\/05\/Sprava-o-VVC_2015.pdf\">2015<\/a>, <a href=\"https:\/\/www.upjs.sk\/app\/uploads\/sites\/11\/2024\/05\/Priloha-c.1_2015-1.pdf\">Pr\u00edloha \u010d.1<\/a>, <a href=\"https:\/\/www.upjs.sk\/app\/uploads\/sites\/11\/2024\/05\/Priloha-c.-2_2015-3.pdf\">Pr\u00edloha \u010d. 2<\/a><\/strong><\/li>\n<li><a href=\"https:\/\/www.upjs.sk\/app\/uploads\/sites\/11\/2024\/05\/Sprava-o-VVC_2014.pdf\"><strong>2014<\/strong><\/a><strong>, <a href=\"https:\/\/www.upjs.sk\/app\/uploads\/sites\/11\/2024\/05\/Priloha-c.1_2014.pdf\">Pr\u00edloha \u010d. 1<\/a>, <a href=\"https:\/\/www.upjs.sk\/app\/uploads\/sites\/11\/2024\/05\/Priloha-c.-2_2014.pdf\">Pr\u00edloha \u010d. 2<\/a><\/strong><\/li>\n<li><strong><a href=\"https:\/\/www.upjs.sk\/app\/uploads\/sites\/11\/2024\/05\/Sprava-o-VVC_2013.pdf\">2013<\/a>, <a href=\"https:\/\/www.upjs.sk\/app\/uploads\/sites\/11\/2024\/05\/Priloha-c.1_2013.pdf\">Pr\u00edloha \u010d.1<\/a>, <a href=\"https:\/\/www.upjs.sk\/app\/uploads\/sites\/11\/2024\/05\/Priloha-c.-2_2013.pdf\">Pr\u00edloha \u010d. 2<\/a><\/strong><\/li>\n<li><strong><a href=\"https:\/\/www.upjs.sk\/app\/uploads\/sites\/11\/2024\/05\/VVC_Sprava-za-PrF_12.pdf\">2012<\/a> , <a href=\"https:\/\/www.upjs.sk\/app\/uploads\/sites\/11\/2024\/05\/Priloha-c.1_2012.pdf\">Pr\u00edloha \u010d. 1<\/a>, <a href=\"https:\/\/www.upjs.sk\/app\/uploads\/sites\/11\/2024\/05\/Priloha-c.-2_2012.pdf\">Pr\u00edloha \u010d. 2<\/a><\/strong><\/li>\n<li><a style=\"font-size: revert;\" href=\"https:\/\/www.upjs.sk\/app\/uploads\/sites\/11\/2024\/05\/VVC_Sprava-za-PrF_11.pdf\"><strong>2011<\/strong><\/a><strong>, <a href=\"https:\/\/www.upjs.sk\/app\/uploads\/sites\/11\/2024\/05\/Priloha-c.1_2011.pdf\">Pr\u00edloha \u010d. 1<\/a><\/strong>, <strong><a href=\"https:\/\/www.upjs.sk\/app\/uploads\/sites\/11\/2024\/05\/Priloha-c.-2.pdf\">Pr\u00edloha \u010d. 2<\/a><\/strong><\/li>\n<li><strong><a href=\"https:\/\/www.upjs.sk\/app\/uploads\/sites\/11\/2024\/05\/Sprava_VVC_2010.pdf\">2010<\/a><\/strong><\/li>\n<li><strong><a href=\"https:\/\/www.upjs.sk\/app\/uploads\/sites\/11\/2024\/05\/Sprava_VVC_2009.pdf\">2009<\/a><\/strong><\/li>\n<li><strong><a href=\"https:\/\/www.upjs.sk\/app\/uploads\/sites\/11\/2024\/05\/Sprava_VVC_2008.pdf\">2008<\/a><\/strong><\/li>\n<\/ul>\n<\/li>\n<\/ul>\n","protected":false},"excerpt":{"rendered":"<p>Spr\u00e1vy o vedeckov\u00fdskumnej \u010dinnosti 2008 &#8211; 2020: 2020 2019 2018 2017 2016 2015, Pr\u00edloha \u010d.1, Pr\u00edloha \u010d. 2 2014, Pr\u00edloha \u010d. 1, Pr\u00edloha \u010d. 2 2013, Pr\u00edloha \u010d.1, Pr\u00edloha \u010d. 2 2012 , Pr\u00edloha \u010d. 1, Pr\u00edloha \u010d. 2 2011, Pr\u00edloha \u010d. 1, Pr\u00edloha \u010d. 2 2010 2009 2008<\/p>\n","protected":false},"author":1,"featured_media":0,"parent":13670,"menu_order":1,"comment_status":"closed","ping_status":"closed","template":"","meta":{"_acf_changed":false,"_editorskit_title_hidden":false,"_editorskit_reading_time":0,"_editorskit_is_block_options_detached":false,"_editorskit_block_options_position":"{}","footnotes":""},"categories":[],"tags":[],"class_list":["post-13671","page","type-page","status-publish","hentry"],"acf":{"acf_link_na_externy_obsah":""},"yoast_head":"<!-- This site is optimized with the Yoast SEO plugin v27.2 - https:\/\/yoast.com\/product\/yoast-seo-wordpress\/ -->\n<title>2008-2020 - Pr\u00e1vnick\u00e1 fakulta | UPJ\u0160<\/title>\n<meta name=\"robots\" content=\"index, follow, max-snippet:-1, max-image-preview:large, max-video-preview:-1\" \/>\n<link rel=\"canonical\" href=\"https:\/\/www.upjs.sk\/pravnicka-fakulta\/vedecky-vyskum\/spravy-o-vedecko-vyskumnej-cinnosti\/spravy-2011-2020\/\" \/>\n<meta property=\"og:locale\" content=\"sk_SK\" \/>\n<meta property=\"og:type\" content=\"article\" \/>\n<meta property=\"og:title\" content=\"2008-2020 - Pr\u00e1vnick\u00e1 fakulta | UPJ\u0160\" \/>\n<meta property=\"og:description\" content=\"Spr\u00e1vy o vedeckov\u00fdskumnej \u010dinnosti 2008 &#8211; 2020: 2020 2019 2018 2017 2016 2015, Pr\u00edloha \u010d.1, Pr\u00edloha \u010d. 2 2014, Pr\u00edloha \u010d. 1, Pr\u00edloha \u010d. 2 2013, Pr\u00edloha \u010d.1, Pr\u00edloha \u010d. 2 2012 , Pr\u00edloha \u010d. 1, Pr\u00edloha \u010d. 2 2011, Pr\u00edloha \u010d. 1, Pr\u00edloha \u010d. 2 2010 2009 2008\" \/>\n<meta property=\"og:url\" content=\"https:\/\/www.upjs.sk\/pravnicka-fakulta\/vedecky-vyskum\/spravy-o-vedecko-vyskumnej-cinnosti\/spravy-2011-2020\/\" \/>\n<meta property=\"og:site_name\" content=\"Pr\u00e1vnick\u00e1 fakulta | UPJ\u0160\" \/>\n<meta property=\"article:modified_time\" content=\"2024-06-04T17:15:55+00:00\" \/>\n<meta name=\"twitter:card\" content=\"summary_large_image\" \/>\n<meta name=\"twitter:label1\" content=\"Predpokladan\u00fd \u010das \u010d\u00edtania\" \/>\n\t<meta name=\"twitter:data1\" content=\"1 min\u00fata\" \/>\n<script type=\"application\/ld+json\" class=\"yoast-schema-graph\">{\"@context\":\"https:\/\/schema.org\",\"@graph\":[{\"@type\":\"WebPage\",\"@id\":\"https:\/\/www.upjs.sk\/pravnicka-fakulta\/vedecky-vyskum\/spravy-o-vedecko-vyskumnej-cinnosti\/spravy-2011-2020\/\",\"url\":\"https:\/\/www.upjs.sk\/pravnicka-fakulta\/vedecky-vyskum\/spravy-o-vedecko-vyskumnej-cinnosti\/spravy-2011-2020\/\",\"name\":\"2008-2020 - Pr\u00e1vnick\u00e1 fakulta | UPJ\u0160\",\"isPartOf\":{\"@id\":\"https:\/\/www.upjs.sk\/pravnicka-fakulta\/#website\"},\"datePublished\":\"2021-05-31T11:07:12+00:00\",\"dateModified\":\"2024-06-04T17:15:55+00:00\",\"breadcrumb\":{\"@id\":\"https:\/\/www.upjs.sk\/pravnicka-fakulta\/vedecky-vyskum\/spravy-o-vedecko-vyskumnej-cinnosti\/spravy-2011-2020\/#breadcrumb\"},\"inLanguage\":\"sk-SK\",\"potentialAction\":[{\"@type\":\"ReadAction\",\"target\":[\"https:\/\/www.upjs.sk\/pravnicka-fakulta\/vedecky-vyskum\/spravy-o-vedecko-vyskumnej-cinnosti\/spravy-2011-2020\/\"]}]},{\"@type\":\"BreadcrumbList\",\"@id\":\"https:\/\/www.upjs.sk\/pravnicka-fakulta\/vedecky-vyskum\/spravy-o-vedecko-vyskumnej-cinnosti\/spravy-2011-2020\/#breadcrumb\",\"itemListElement\":[{\"@type\":\"ListItem\",\"position\":1,\"name\":\"Home\",\"item\":\"https:\/\/www.upjs.sk\/pravnicka-fakulta\/\"},{\"@type\":\"ListItem\",\"position\":2,\"name\":\"Veda a v\u00fdskum\",\"item\":\"https:\/\/www.upjs.sk\/pravnicka-fakulta\/veda-a-vyskum__trashed\/vedecky-vyskum\/\"},{\"@type\":\"ListItem\",\"position\":3,\"name\":\"Spr\u00e1vy o kvalite tvorivej \u010dinnosti (o vedecko-v\u00fdskumnej \u010dinnosti)\",\"item\":\"https:\/\/www.upjs.sk\/pravnicka-fakulta\/vedecky-vyskum\/spravy-o-vedecko-vyskumnej-cinnosti\/\"},{\"@type\":\"ListItem\",\"position\":4,\"name\":\"2008-2020\"}]},{\"@type\":\"WebSite\",\"@id\":\"https:\/\/www.upjs.sk\/pravnicka-fakulta\/#website\",\"url\":\"https:\/\/www.upjs.sk\/pravnicka-fakulta\/\",\"name\":\"Pr\u00e1vnick\u00e1 fakulta | UPJ\u0160\",\"description\":\"\",\"publisher\":{\"@id\":\"https:\/\/www.upjs.sk\/pravnicka-fakulta\/#organization\"},\"potentialAction\":[{\"@type\":\"SearchAction\",\"target\":{\"@type\":\"EntryPoint\",\"urlTemplate\":\"https:\/\/www.upjs.sk\/pravnicka-fakulta\/?s={search_term_string}\"},\"query-input\":{\"@type\":\"PropertyValueSpecification\",\"valueRequired\":true,\"valueName\":\"search_term_string\"}}],\"inLanguage\":\"sk-SK\"},{\"@type\":\"Organization\",\"@id\":\"https:\/\/www.upjs.sk\/pravnicka-fakulta\/#organization\",\"name\":\"Pr\u00e1vnick\u00e1 fakulta | UPJ\u0160\",\"url\":\"https:\/\/www.upjs.sk\/pravnicka-fakulta\/\",\"logo\":{\"@type\":\"ImageObject\",\"inLanguage\":\"sk-SK\",\"@id\":\"https:\/\/www.upjs.sk\/pravnicka-fakulta\/#\/schema\/logo\/image\/\",\"url\":\"https:\/\/www.upjs.sk\/app\/uploads\/sites\/11\/2022\/09\/logo-pravnicka-fakulta.png\",\"contentUrl\":\"https:\/\/www.upjs.sk\/app\/uploads\/sites\/11\/2022\/09\/logo-pravnicka-fakulta.png\",\"width\":415,\"height\":87,\"caption\":\"Pr\u00e1vnick\u00e1 fakulta | UPJ\u0160\"},\"image\":{\"@id\":\"https:\/\/www.upjs.sk\/pravnicka-fakulta\/#\/schema\/logo\/image\/\"}}]}<\/script>\n<!-- \/ Yoast SEO plugin. -->","yoast_head_json":{"title":"2008-2020 - Pr\u00e1vnick\u00e1 fakulta | UPJ\u0160","robots":{"index":"index","follow":"follow","max-snippet":"max-snippet:-1","max-image-preview":"max-image-preview:large","max-video-preview":"max-video-preview:-1"},"canonical":"https:\/\/www.upjs.sk\/pravnicka-fakulta\/vedecky-vyskum\/spravy-o-vedecko-vyskumnej-cinnosti\/spravy-2011-2020\/","og_locale":"sk_SK","og_type":"article","og_title":"2008-2020 - Pr\u00e1vnick\u00e1 fakulta | UPJ\u0160","og_description":"Spr\u00e1vy o vedeckov\u00fdskumnej \u010dinnosti 2008 &#8211; 2020: 2020 2019 2018 2017 2016 2015, Pr\u00edloha \u010d.1, Pr\u00edloha \u010d. 2 2014, Pr\u00edloha \u010d. 1, Pr\u00edloha \u010d. 2 2013, Pr\u00edloha \u010d.1, Pr\u00edloha \u010d. 2 2012 , Pr\u00edloha \u010d. 1, Pr\u00edloha \u010d. 2 2011, Pr\u00edloha \u010d. 1, Pr\u00edloha \u010d. 2 2010 2009 2008","og_url":"https:\/\/www.upjs.sk\/pravnicka-fakulta\/vedecky-vyskum\/spravy-o-vedecko-vyskumnej-cinnosti\/spravy-2011-2020\/","og_site_name":"Pr\u00e1vnick\u00e1 fakulta | UPJ\u0160","article_modified_time":"2024-06-04T17:15:55+00:00","twitter_card":"summary_large_image","twitter_misc":{"Predpokladan\u00fd \u010das \u010d\u00edtania":"1 min\u00fata"},"schema":{"@context":"https:\/\/schema.org","@graph":[{"@type":"WebPage","@id":"https:\/\/www.upjs.sk\/pravnicka-fakulta\/vedecky-vyskum\/spravy-o-vedecko-vyskumnej-cinnosti\/spravy-2011-2020\/","url":"https:\/\/www.upjs.sk\/pravnicka-fakulta\/vedecky-vyskum\/spravy-o-vedecko-vyskumnej-cinnosti\/spravy-2011-2020\/","name":"2008-2020 - Pr\u00e1vnick\u00e1 fakulta | UPJ\u0160","isPartOf":{"@id":"https:\/\/www.upjs.sk\/pravnicka-fakulta\/#website"},"datePublished":"2021-05-31T11:07:12+00:00","dateModified":"2024-06-04T17:15:55+00:00","breadcrumb":{"@id":"https:\/\/www.upjs.sk\/pravnicka-fakulta\/vedecky-vyskum\/spravy-o-vedecko-vyskumnej-cinnosti\/spravy-2011-2020\/#breadcrumb"},"inLanguage":"sk-SK","potentialAction":[{"@type":"ReadAction","target":["https:\/\/www.upjs.sk\/pravnicka-fakulta\/vedecky-vyskum\/spravy-o-vedecko-vyskumnej-cinnosti\/spravy-2011-2020\/"]}]},{"@type":"BreadcrumbList","@id":"https:\/\/www.upjs.sk\/pravnicka-fakulta\/vedecky-vyskum\/spravy-o-vedecko-vyskumnej-cinnosti\/spravy-2011-2020\/#breadcrumb","itemListElement":[{"@type":"ListItem","position":1,"name":"Home","item":"https:\/\/www.upjs.sk\/pravnicka-fakulta\/"},{"@type":"ListItem","position":2,"name":"Veda a v\u00fdskum","item":"https:\/\/www.upjs.sk\/pravnicka-fakulta\/veda-a-vyskum__trashed\/vedecky-vyskum\/"},{"@type":"ListItem","position":3,"name":"Spr\u00e1vy o kvalite tvorivej \u010dinnosti (o vedecko-v\u00fdskumnej \u010dinnosti)","item":"https:\/\/www.upjs.sk\/pravnicka-fakulta\/vedecky-vyskum\/spravy-o-vedecko-vyskumnej-cinnosti\/"},{"@type":"ListItem","position":4,"name":"2008-2020"}]},{"@type":"WebSite","@id":"https:\/\/www.upjs.sk\/pravnicka-fakulta\/#website","url":"https:\/\/www.upjs.sk\/pravnicka-fakulta\/","name":"Pr\u00e1vnick\u00e1 fakulta | UPJ\u0160","description":"","publisher":{"@id":"https:\/\/www.upjs.sk\/pravnicka-fakulta\/#organization"},"potentialAction":[{"@type":"SearchAction","target":{"@type":"EntryPoint","urlTemplate":"https:\/\/www.upjs.sk\/pravnicka-fakulta\/?s={search_term_string}"},"query-input":{"@type":"PropertyValueSpecification","valueRequired":true,"valueName":"search_term_string"}}],"inLanguage":"sk-SK"},{"@type":"Organization","@id":"https:\/\/www.upjs.sk\/pravnicka-fakulta\/#organization","name":"Pr\u00e1vnick\u00e1 fakulta | UPJ\u0160","url":"https:\/\/www.upjs.sk\/pravnicka-fakulta\/","logo":{"@type":"ImageObject","inLanguage":"sk-SK","@id":"https:\/\/www.upjs.sk\/pravnicka-fakulta\/#\/schema\/logo\/image\/","url":"https:\/\/www.upjs.sk\/app\/uploads\/sites\/11\/2022\/09\/logo-pravnicka-fakulta.png","contentUrl":"https:\/\/www.upjs.sk\/app\/uploads\/sites\/11\/2022\/09\/logo-pravnicka-fakulta.png","width":415,"height":87,"caption":"Pr\u00e1vnick\u00e1 fakulta | UPJ\u0160"},"image":{"@id":"https:\/\/www.upjs.sk\/pravnicka-fakulta\/#\/schema\/logo\/image\/"}}]}},"_links":{"self":[{"href":"https:\/\/www.upjs.sk\/pravnicka-fakulta\/wp-json\/wp\/v2\/pages\/13671","targetHints":{"allow":["GET"]}}],"collection":[{"href":"https:\/\/www.upjs.sk\/pravnicka-fakulta\/wp-json\/wp\/v2\/pages"}],"about":[{"href":"https:\/\/www.upjs.sk\/pravnicka-fakulta\/wp-json\/wp\/v2\/types\/page"}],"author":[{"embeddable":true,"href":"https:\/\/www.upjs.sk\/pravnicka-fakulta\/wp-json\/wp\/v2\/users\/1"}],"replies":[{"embeddable":true,"href":"https:\/\/www.upjs.sk\/pravnicka-fakulta\/wp-json\/wp\/v2\/comments?post=13671"}],"version-history":[{"count":18,"href":"https:\/\/www.upjs.sk\/pravnicka-fakulta\/wp-json\/wp\/v2\/pages\/13671\/revisions"}],"predecessor-version":[{"id":44282,"href":"https:\/\/www.upjs.sk\/pravnicka-fakulta\/wp-json\/wp\/v2\/pages\/13671\/revisions\/44282"}],"up":[{"embeddable":true,"href":"https:\/\/www.upjs.sk\/pravnicka-fakulta\/wp-json\/wp\/v2\/pages\/13670"}],"wp:attachment":[{"href":"https:\/\/www.upjs.sk\/pravnicka-fakulta\/wp-json\/wp\/v2\/media?parent=13671"}],"wp:term":[{"taxonomy":"category","embeddable":true,"href":"https:\/\/www.upjs.sk\/pravnicka-fakulta\/wp-json\/wp\/v2\/categories?post=13671"},{"taxonomy":"post_tag","embeddable":true,"href":"https:\/\/www.upjs.sk\/pravnicka-fakulta\/wp-json\/wp\/v2\/tags?post=13671"}],"curies":[{"name":"wp","href":"https:\/\/api.w.org\/{rel}","templated":true}]}}