{"id":13677,"date":"2021-09-09T14:53:47","date_gmt":"2021-09-09T14:53:39","guid":{"rendered":"https:\/\/www.upjs.sk\/pravnicka-fakulta\/veda-a-vyskum\/vedecky-vyskum\/25536-2\/"},"modified":"2025-11-10T08:36:44","modified_gmt":"2025-11-10T07:36:44","slug":"rohik","status":"publish","type":"page","link":"https:\/\/www.upjs.sk\/pravnicka-fakulta\/vedecky-vyskum\/rohik\/","title":{"rendered":"ROHIK"},"content":{"rendered":"<p><strong>Rada odboru habilita\u010dn\u00e9ho konania a inaugura\u010dn\u00e9ho konania\u00a0Te\u00f3ria a dejiny \u0161t\u00e1tu a pr\u00e1va:<\/strong><br \/>\nPredseda:<br \/>\nprof. JUDr. Gabriela Dobrovi\u010dov\u00e1, CSc.<br \/>\n\u010clenovia:<br \/>\ndoc. JUDr. Marta Breichov\u00e1 Lap\u010d\u00e1kov\u00e1, PhD.<br \/>\nprof. JUDr. Ladislav Orosz, CSc.<br \/>\ndoc. JUDr. Erik \u0160tenpien, PhD.<br \/>\ndoc. JUDr. Vladim\u00edr Vrana, PhD.<\/p>\n<p><strong>Rada odboru habilita\u010dn\u00e9ho konania a inaugura\u010dn\u00e9ho konania Obchodn\u00e9 a finan\u010dn\u00e9 pr\u00e1vo:<\/strong><br \/>\nPredseda:<br \/>\nprof. JUDr. Miroslav \u0160trkolec, PhD.<br \/>\n\u010clenovia:<br \/>\ndoc. JUDr. Karin Cakoci, PhD.<br \/>\ndoc. JUDr. Regina Hu\u010dkov\u00e1, PhD.<br \/>\nprof. JUDr. Radom\u00edr Jakab, PhD.<br \/>\ndoc. JUDr. Diana Tre\u0161\u010d\u00e1kov\u00e1, PhD.<\/p>\n","protected":false},"excerpt":{"rendered":"<p>Rada odboru habilita\u010dn\u00e9ho konania a inaugura\u010dn\u00e9ho konania\u00a0Te\u00f3ria a dejiny \u0161t\u00e1tu a pr\u00e1va: Predseda: prof. JUDr. Gabriela Dobrovi\u010dov\u00e1, CSc. \u010clenovia: doc. JUDr. Marta Breichov\u00e1 Lap\u010d\u00e1kov\u00e1, PhD. prof. JUDr. Ladislav Orosz, CSc. doc. JUDr. Erik \u0160tenpien, PhD. doc. JUDr. Vladim\u00edr Vrana, PhD. Rada odboru habilita\u010dn\u00e9ho konania a inaugura\u010dn\u00e9ho konania Obchodn\u00e9 a finan\u010dn\u00e9 pr\u00e1vo: Predseda: prof. JUDr. Miroslav &hellip; <a href=\"https:\/\/www.upjs.sk\/pravnicka-fakulta\/vedecky-vyskum\/rohik\/\">\u010c\u00edta\u0165 \u010falej<\/a><\/p>\n","protected":false},"author":1,"featured_media":0,"parent":13015,"menu_order":6,"comment_status":"closed","ping_status":"closed","template":"","meta":{"_acf_changed":false,"_editorskit_title_hidden":true,"_editorskit_reading_time":0,"_editorskit_is_block_options_detached":false,"_editorskit_block_options_position":"{}","footnotes":""},"categories":[],"tags":[],"class_list":["post-13677","page","type-page","status-publish","hentry"],"acf":{"acf_link_na_externy_obsah":""},"yoast_head":"<!-- This site is optimized with the Yoast SEO plugin v27.4 - https:\/\/yoast.com\/product\/yoast-seo-wordpress\/ -->\n<title>ROHIK - Pr\u00e1vnick\u00e1 fakulta | UPJ\u0160<\/title>\n<meta name=\"robots\" content=\"index, follow, max-snippet:-1, max-image-preview:large, max-video-preview:-1\" \/>\n<link rel=\"canonical\" href=\"https:\/\/www.upjs.sk\/pravnicka-fakulta\/vedecky-vyskum\/rohik\/\" \/>\n<meta property=\"og:locale\" content=\"sk_SK\" \/>\n<meta property=\"og:type\" content=\"article\" \/>\n<meta property=\"og:title\" content=\"ROHIK - Pr\u00e1vnick\u00e1 fakulta | UPJ\u0160\" \/>\n<meta property=\"og:description\" content=\"Rada odboru habilita\u010dn\u00e9ho konania a inaugura\u010dn\u00e9ho konania\u00a0Te\u00f3ria a dejiny \u0161t\u00e1tu a pr\u00e1va: Predseda: prof. JUDr. Gabriela Dobrovi\u010dov\u00e1, CSc. \u010clenovia: doc. JUDr. Marta Breichov\u00e1 Lap\u010d\u00e1kov\u00e1, PhD. prof. JUDr. Ladislav Orosz, CSc. doc. JUDr. Erik \u0160tenpien, PhD. doc. JUDr. Vladim\u00edr Vrana, PhD. Rada odboru habilita\u010dn\u00e9ho konania a inaugura\u010dn\u00e9ho konania Obchodn\u00e9 a finan\u010dn\u00e9 pr\u00e1vo: Predseda: prof. JUDr. Miroslav &hellip; \u010c\u00edta\u0165 \u010falej\" \/>\n<meta property=\"og:url\" content=\"https:\/\/www.upjs.sk\/pravnicka-fakulta\/vedecky-vyskum\/rohik\/\" \/>\n<meta property=\"og:site_name\" content=\"Pr\u00e1vnick\u00e1 fakulta | UPJ\u0160\" \/>\n<meta property=\"article:modified_time\" content=\"2025-11-10T07:36:44+00:00\" \/>\n<meta name=\"twitter:card\" content=\"summary_large_image\" \/>\n<meta name=\"twitter:label1\" content=\"Predpokladan\u00fd \u010das \u010d\u00edtania\" \/>\n\t<meta name=\"twitter:data1\" content=\"1 min\u00fata\" \/>\n<script type=\"application\/ld+json\" class=\"yoast-schema-graph\">{\"@context\":\"https:\\\/\\\/schema.org\",\"@graph\":[{\"@type\":\"WebPage\",\"@id\":\"https:\\\/\\\/www.upjs.sk\\\/pravnicka-fakulta\\\/vedecky-vyskum\\\/rohik\\\/\",\"url\":\"https:\\\/\\\/www.upjs.sk\\\/pravnicka-fakulta\\\/vedecky-vyskum\\\/rohik\\\/\",\"name\":\"ROHIK - Pr\u00e1vnick\u00e1 fakulta | UPJ\u0160\",\"isPartOf\":{\"@id\":\"https:\\\/\\\/www.upjs.sk\\\/pravnicka-fakulta\\\/#website\"},\"datePublished\":\"2021-09-09T14:53:39+00:00\",\"dateModified\":\"2025-11-10T07:36:44+00:00\",\"breadcrumb\":{\"@id\":\"https:\\\/\\\/www.upjs.sk\\\/pravnicka-fakulta\\\/vedecky-vyskum\\\/rohik\\\/#breadcrumb\"},\"inLanguage\":\"sk-SK\",\"potentialAction\":[{\"@type\":\"ReadAction\",\"target\":[\"https:\\\/\\\/www.upjs.sk\\\/pravnicka-fakulta\\\/vedecky-vyskum\\\/rohik\\\/\"]}]},{\"@type\":\"BreadcrumbList\",\"@id\":\"https:\\\/\\\/www.upjs.sk\\\/pravnicka-fakulta\\\/vedecky-vyskum\\\/rohik\\\/#breadcrumb\",\"itemListElement\":[{\"@type\":\"ListItem\",\"position\":1,\"name\":\"Home\",\"item\":\"https:\\\/\\\/www.upjs.sk\\\/pravnicka-fakulta\\\/\"},{\"@type\":\"ListItem\",\"position\":2,\"name\":\"Veda a v\u00fdskum\",\"item\":\"https:\\\/\\\/www.upjs.sk\\\/pravnicka-fakulta\\\/veda-a-vyskum__trashed\\\/vedecky-vyskum\\\/\"},{\"@type\":\"ListItem\",\"position\":3,\"name\":\"ROHIK\"}]},{\"@type\":\"WebSite\",\"@id\":\"https:\\\/\\\/www.upjs.sk\\\/pravnicka-fakulta\\\/#website\",\"url\":\"https:\\\/\\\/www.upjs.sk\\\/pravnicka-fakulta\\\/\",\"name\":\"Pr\u00e1vnick\u00e1 fakulta | UPJ\u0160\",\"description\":\"\",\"publisher\":{\"@id\":\"https:\\\/\\\/www.upjs.sk\\\/pravnicka-fakulta\\\/#organization\"},\"potentialAction\":[{\"@type\":\"SearchAction\",\"target\":{\"@type\":\"EntryPoint\",\"urlTemplate\":\"https:\\\/\\\/www.upjs.sk\\\/pravnicka-fakulta\\\/?s={search_term_string}\"},\"query-input\":{\"@type\":\"PropertyValueSpecification\",\"valueRequired\":true,\"valueName\":\"search_term_string\"}}],\"inLanguage\":\"sk-SK\"},{\"@type\":\"Organization\",\"@id\":\"https:\\\/\\\/www.upjs.sk\\\/pravnicka-fakulta\\\/#organization\",\"name\":\"Pr\u00e1vnick\u00e1 fakulta | UPJ\u0160\",\"url\":\"https:\\\/\\\/www.upjs.sk\\\/pravnicka-fakulta\\\/\",\"logo\":{\"@type\":\"ImageObject\",\"inLanguage\":\"sk-SK\",\"@id\":\"https:\\\/\\\/www.upjs.sk\\\/pravnicka-fakulta\\\/#\\\/schema\\\/logo\\\/image\\\/\",\"url\":\"https:\\\/\\\/www.upjs.sk\\\/app\\\/uploads\\\/sites\\\/11\\\/2022\\\/09\\\/logo-pravnicka-fakulta.png\",\"contentUrl\":\"https:\\\/\\\/www.upjs.sk\\\/app\\\/uploads\\\/sites\\\/11\\\/2022\\\/09\\\/logo-pravnicka-fakulta.png\",\"width\":415,\"height\":87,\"caption\":\"Pr\u00e1vnick\u00e1 fakulta | UPJ\u0160\"},\"image\":{\"@id\":\"https:\\\/\\\/www.upjs.sk\\\/pravnicka-fakulta\\\/#\\\/schema\\\/logo\\\/image\\\/\"}}]}<\/script>\n<!-- \/ Yoast SEO plugin. -->","yoast_head_json":{"title":"ROHIK - Pr\u00e1vnick\u00e1 fakulta | UPJ\u0160","robots":{"index":"index","follow":"follow","max-snippet":"max-snippet:-1","max-image-preview":"max-image-preview:large","max-video-preview":"max-video-preview:-1"},"canonical":"https:\/\/www.upjs.sk\/pravnicka-fakulta\/vedecky-vyskum\/rohik\/","og_locale":"sk_SK","og_type":"article","og_title":"ROHIK - Pr\u00e1vnick\u00e1 fakulta | UPJ\u0160","og_description":"Rada odboru habilita\u010dn\u00e9ho konania a inaugura\u010dn\u00e9ho konania\u00a0Te\u00f3ria a dejiny \u0161t\u00e1tu a pr\u00e1va: Predseda: prof. JUDr. Gabriela Dobrovi\u010dov\u00e1, CSc. \u010clenovia: doc. JUDr. Marta Breichov\u00e1 Lap\u010d\u00e1kov\u00e1, PhD. prof. JUDr. Ladislav Orosz, CSc. doc. JUDr. Erik \u0160tenpien, PhD. doc. JUDr. Vladim\u00edr Vrana, PhD. Rada odboru habilita\u010dn\u00e9ho konania a inaugura\u010dn\u00e9ho konania Obchodn\u00e9 a finan\u010dn\u00e9 pr\u00e1vo: Predseda: prof. JUDr. Miroslav &hellip; \u010c\u00edta\u0165 \u010falej","og_url":"https:\/\/www.upjs.sk\/pravnicka-fakulta\/vedecky-vyskum\/rohik\/","og_site_name":"Pr\u00e1vnick\u00e1 fakulta | UPJ\u0160","article_modified_time":"2025-11-10T07:36:44+00:00","twitter_card":"summary_large_image","twitter_misc":{"Predpokladan\u00fd \u010das \u010d\u00edtania":"1 min\u00fata"},"schema":{"@context":"https:\/\/schema.org","@graph":[{"@type":"WebPage","@id":"https:\/\/www.upjs.sk\/pravnicka-fakulta\/vedecky-vyskum\/rohik\/","url":"https:\/\/www.upjs.sk\/pravnicka-fakulta\/vedecky-vyskum\/rohik\/","name":"ROHIK - Pr\u00e1vnick\u00e1 fakulta | UPJ\u0160","isPartOf":{"@id":"https:\/\/www.upjs.sk\/pravnicka-fakulta\/#website"},"datePublished":"2021-09-09T14:53:39+00:00","dateModified":"2025-11-10T07:36:44+00:00","breadcrumb":{"@id":"https:\/\/www.upjs.sk\/pravnicka-fakulta\/vedecky-vyskum\/rohik\/#breadcrumb"},"inLanguage":"sk-SK","potentialAction":[{"@type":"ReadAction","target":["https:\/\/www.upjs.sk\/pravnicka-fakulta\/vedecky-vyskum\/rohik\/"]}]},{"@type":"BreadcrumbList","@id":"https:\/\/www.upjs.sk\/pravnicka-fakulta\/vedecky-vyskum\/rohik\/#breadcrumb","itemListElement":[{"@type":"ListItem","position":1,"name":"Home","item":"https:\/\/www.upjs.sk\/pravnicka-fakulta\/"},{"@type":"ListItem","position":2,"name":"Veda a v\u00fdskum","item":"https:\/\/www.upjs.sk\/pravnicka-fakulta\/veda-a-vyskum__trashed\/vedecky-vyskum\/"},{"@type":"ListItem","position":3,"name":"ROHIK"}]},{"@type":"WebSite","@id":"https:\/\/www.upjs.sk\/pravnicka-fakulta\/#website","url":"https:\/\/www.upjs.sk\/pravnicka-fakulta\/","name":"Pr\u00e1vnick\u00e1 fakulta | UPJ\u0160","description":"","publisher":{"@id":"https:\/\/www.upjs.sk\/pravnicka-fakulta\/#organization"},"potentialAction":[{"@type":"SearchAction","target":{"@type":"EntryPoint","urlTemplate":"https:\/\/www.upjs.sk\/pravnicka-fakulta\/?s={search_term_string}"},"query-input":{"@type":"PropertyValueSpecification","valueRequired":true,"valueName":"search_term_string"}}],"inLanguage":"sk-SK"},{"@type":"Organization","@id":"https:\/\/www.upjs.sk\/pravnicka-fakulta\/#organization","name":"Pr\u00e1vnick\u00e1 fakulta | UPJ\u0160","url":"https:\/\/www.upjs.sk\/pravnicka-fakulta\/","logo":{"@type":"ImageObject","inLanguage":"sk-SK","@id":"https:\/\/www.upjs.sk\/pravnicka-fakulta\/#\/schema\/logo\/image\/","url":"https:\/\/www.upjs.sk\/app\/uploads\/sites\/11\/2022\/09\/logo-pravnicka-fakulta.png","contentUrl":"https:\/\/www.upjs.sk\/app\/uploads\/sites\/11\/2022\/09\/logo-pravnicka-fakulta.png","width":415,"height":87,"caption":"Pr\u00e1vnick\u00e1 fakulta | UPJ\u0160"},"image":{"@id":"https:\/\/www.upjs.sk\/pravnicka-fakulta\/#\/schema\/logo\/image\/"}}]}},"_links":{"self":[{"href":"https:\/\/www.upjs.sk\/pravnicka-fakulta\/wp-json\/wp\/v2\/pages\/13677","targetHints":{"allow":["GET"]}}],"collection":[{"href":"https:\/\/www.upjs.sk\/pravnicka-fakulta\/wp-json\/wp\/v2\/pages"}],"about":[{"href":"https:\/\/www.upjs.sk\/pravnicka-fakulta\/wp-json\/wp\/v2\/types\/page"}],"author":[{"embeddable":true,"href":"https:\/\/www.upjs.sk\/pravnicka-fakulta\/wp-json\/wp\/v2\/users\/1"}],"replies":[{"embeddable":true,"href":"https:\/\/www.upjs.sk\/pravnicka-fakulta\/wp-json\/wp\/v2\/comments?post=13677"}],"version-history":[{"count":8,"href":"https:\/\/www.upjs.sk\/pravnicka-fakulta\/wp-json\/wp\/v2\/pages\/13677\/revisions"}],"predecessor-version":[{"id":50375,"href":"https:\/\/www.upjs.sk\/pravnicka-fakulta\/wp-json\/wp\/v2\/pages\/13677\/revisions\/50375"}],"up":[{"embeddable":true,"href":"https:\/\/www.upjs.sk\/pravnicka-fakulta\/wp-json\/wp\/v2\/pages\/13015"}],"wp:attachment":[{"href":"https:\/\/www.upjs.sk\/pravnicka-fakulta\/wp-json\/wp\/v2\/media?parent=13677"}],"wp:term":[{"taxonomy":"category","embeddable":true,"href":"https:\/\/www.upjs.sk\/pravnicka-fakulta\/wp-json\/wp\/v2\/categories?post=13677"},{"taxonomy":"post_tag","embeddable":true,"href":"https:\/\/www.upjs.sk\/pravnicka-fakulta\/wp-json\/wp\/v2\/tags?post=13677"}],"curies":[{"name":"wp","href":"https:\/\/api.w.org\/{rel}","templated":true}]}}