{"id":13703,"date":"2022-09-09T13:54:18","date_gmt":"2022-09-09T13:54:36","guid":{"rendered":"https:\/\/www.upjs.sk\/pravnicka-fakulta\/medzinarodne-vztahy\/medzinarodne-vztahy\/5665-2\/"},"modified":"2025-12-11T09:46:56","modified_gmt":"2025-12-11T08:46:56","slug":"spravy-medzinarodne-vztahy","status":"publish","type":"page","link":"https:\/\/www.upjs.sk\/pravnicka-fakulta\/medzinarodne-vztahy\/medzinarodne-vztahy\/spravy-medzinarodne-vztahy\/","title":{"rendered":"Spr\u00e1vy o medzin\u00e1rodn\u00fdch vz\u0165ahoch"},"content":{"rendered":"<p><a href=\"\/files\/309ecbed44516578c9e97d804850ad18.doc\" target=\"_blank\" rel=\"noopener\"><span style=\"color: #832a7c;\">2000<\/span><\/a><\/p>\n<p><a href=\"\/files\/ce26558f3be4708b074a8b28e0176212.doc\" target=\"_blank\" rel=\"noopener\"><span style=\"color: #832a7c;\">2001<\/span><\/a><\/p>\n<p><a href=\"\/files\/70e26df1ecb11a4297796201a9075d4a.doc\" target=\"_blank\" rel=\"noopener\"><span style=\"color: #832a7c;\">2002<\/span><\/a><\/p>\n<p><a href=\"\/files\/8dd716276f0edd05353778fb67d44cd0.doc\" target=\"_blank\" rel=\"noopener\"><span style=\"color: #832a7c;\">2003<\/span><\/a><\/p>\n<p><a href=\"\/files\/50c8e399cddd9f83320b959dd0f5e39c.doc\" target=\"_blank\" rel=\"noopener\"><span style=\"color: #832a7c;\">2004<\/span><\/a><\/p>\n<p><a href=\"\/files\/5c00c60c1233e76d8c26b674a9e3d4fd.doc\" target=\"_blank\" rel=\"noopener\"><span style=\"color: #832a7c;\">2005<\/span><\/a><\/p>\n<p><a href=\"\/files\/1f3e34c91807e407fce06891f40ef348.doc\" target=\"_blank\" rel=\"noopener\"><span style=\"color: #832a7c;\">2006<\/span><\/a><\/p>\n<p><a href=\"\/files\/d10919c1b9bc8d789a86190f7a5d2d60.doc\" target=\"_blank\" rel=\"noopener\"><span style=\"color: #832a7c;\">2007<\/span><\/a><\/p>\n<p><a href=\"\/public\/media\/1059\/Spr\u00e1va%20ZS%202008.doc\"><span style=\"color: #832a7c;\">2008<\/span><\/a><\/p>\n<p><a href=\"\/public\/media\/1059\/Sprava_ZS_2009.docx\"><span style=\"color: #832a7c;\">2009<\/span><\/a><\/p>\n<p><a href=\"\/public\/media\/1059\/Sprava_ZS_2010.docx\"><span style=\"color: #832a7c;\">2010<\/span><\/a><\/p>\n<p><a href=\"\/public\/media\/5665\/Sprava_ZS_2011.docx\"><span style=\"color: #832a7c;\">2011<\/span><\/a><\/p>\n<p><a href=\"\/public\/media\/5665\/Sprava_ZS_2012.docx\"><span style=\"color: #832a7c;\">2012<\/span><\/a><\/p>\n<p><a href=\"\/public\/media\/5665\/Sprava_2013_FINAL.docx\"><span style=\"color: #832a7c;\">2013<\/span><\/a><\/p>\n<p><a href=\"\/public\/media\/5665\/Sprava_2014_FINAL.docx\"><span style=\"color: #832a7c;\">2014<\/span><\/a><\/p>\n<p><a href=\"\/public\/media\/5665\/Sprava_2015_ZAHRANICIE.docx\">2015<\/a><\/p>\n<p><a href=\"\/public\/media\/5665\/Sprava_2016_ZAHRANICIE.docx\">2016<\/a><\/p>\n<p><a href=\"\/public\/media\/5665\/Sprava_2017_ZAHRANICIE_FINAL.docx\">2017<\/a><\/p>\n<p><a href=\"\/public\/media\/5665\/Sprava_2018_ZAHRANICIE.docx\">2018<\/a><\/p>\n<p><a href=\"\/public\/media\/5665\/Sprava_2019_ZAHRANICIE.docx\">2019<\/a><\/p>\n<p><a href=\"\/public\/media\/5665\/Sprava_2020_ZAHRANICIE_FINAL.docx\">2020<\/a><\/p>\n<p><a href=\"\/public\/media\/5665\/Sprava_2021_ZAHRANICIE_FINAL.docx\">2021<\/a><\/p>\n<p><a href=\"https:\/\/www.upjs.sk\/app\/uploads\/sites\/11\/2023\/10\/Sprava_2022_ZAHRANICIE_FINAL.pdf\">2022<\/a><\/p>\n<p><a href=\"https:\/\/www.upjs.sk\/app\/uploads\/sites\/11\/2024\/04\/Sprava_2023_ZAHRANICIE_FINAL.pdf\">2023<\/a><\/p>\n<p><a href=\"https:\/\/www.upjs.sk\/app\/uploads\/sites\/11\/2025\/12\/Sprava_2024_ZAHRANICIE_FINAL.pdf\">2024<\/a><\/p>\n\n\n<p><\/p>\n","protected":false},"excerpt":{"rendered":"<p>2000 2001 2002 2003 2004 2005 2006 2007 2008 2009 2010 2011 2012 2013 2014 2015 2016 2017 2018 2019 2020 2021 2022 2023 2024<\/p>\n","protected":false},"author":1,"featured_media":0,"parent":13040,"menu_order":4,"comment_status":"closed","ping_status":"closed","template":"","meta":{"_acf_changed":false,"_editorskit_title_hidden":false,"_editorskit_reading_time":0,"_editorskit_is_block_options_detached":false,"_editorskit_block_options_position":"{}","footnotes":""},"categories":[],"tags":[],"class_list":["post-13703","page","type-page","status-publish","hentry"],"acf":{"acf_link_na_externy_obsah":""},"yoast_head":"<!-- This site is optimized with the Yoast SEO plugin v27.4 - https:\/\/yoast.com\/product\/yoast-seo-wordpress\/ -->\n<title>Spr\u00e1vy o medzin\u00e1rodn\u00fdch vz\u0165ahoch - Pr\u00e1vnick\u00e1 fakulta | UPJ\u0160<\/title>\n<meta name=\"robots\" content=\"index, follow, max-snippet:-1, max-image-preview:large, max-video-preview:-1\" \/>\n<link rel=\"canonical\" href=\"https:\/\/www.upjs.sk\/pravnicka-fakulta\/medzinarodne-vztahy\/medzinarodne-vztahy\/spravy-medzinarodne-vztahy\/\" \/>\n<meta property=\"og:locale\" content=\"sk_SK\" \/>\n<meta property=\"og:type\" content=\"article\" \/>\n<meta property=\"og:title\" content=\"Spr\u00e1vy o medzin\u00e1rodn\u00fdch vz\u0165ahoch - Pr\u00e1vnick\u00e1 fakulta | UPJ\u0160\" \/>\n<meta property=\"og:description\" content=\"2000 2001 2002 2003 2004 2005 2006 2007 2008 2009 2010 2011 2012 2013 2014 2015 2016 2017 2018 2019 2020 2021 2022 2023 2024\" \/>\n<meta property=\"og:url\" content=\"https:\/\/www.upjs.sk\/pravnicka-fakulta\/medzinarodne-vztahy\/medzinarodne-vztahy\/spravy-medzinarodne-vztahy\/\" \/>\n<meta property=\"og:site_name\" content=\"Pr\u00e1vnick\u00e1 fakulta | UPJ\u0160\" \/>\n<meta property=\"article:modified_time\" content=\"2025-12-11T08:46:56+00:00\" \/>\n<meta name=\"twitter:card\" content=\"summary_large_image\" \/>\n<meta name=\"twitter:label1\" content=\"Predpokladan\u00fd \u010das \u010d\u00edtania\" \/>\n\t<meta name=\"twitter:data1\" content=\"1 min\u00fata\" \/>\n<script type=\"application\/ld+json\" class=\"yoast-schema-graph\">{\"@context\":\"https:\\\/\\\/schema.org\",\"@graph\":[{\"@type\":\"WebPage\",\"@id\":\"https:\\\/\\\/www.upjs.sk\\\/pravnicka-fakulta\\\/medzinarodne-vztahy\\\/medzinarodne-vztahy\\\/spravy-medzinarodne-vztahy\\\/\",\"url\":\"https:\\\/\\\/www.upjs.sk\\\/pravnicka-fakulta\\\/medzinarodne-vztahy\\\/medzinarodne-vztahy\\\/spravy-medzinarodne-vztahy\\\/\",\"name\":\"Spr\u00e1vy o medzin\u00e1rodn\u00fdch vz\u0165ahoch - Pr\u00e1vnick\u00e1 fakulta | UPJ\u0160\",\"isPartOf\":{\"@id\":\"https:\\\/\\\/www.upjs.sk\\\/pravnicka-fakulta\\\/#website\"},\"datePublished\":\"2022-09-09T13:54:36+00:00\",\"dateModified\":\"2025-12-11T08:46:56+00:00\",\"breadcrumb\":{\"@id\":\"https:\\\/\\\/www.upjs.sk\\\/pravnicka-fakulta\\\/medzinarodne-vztahy\\\/medzinarodne-vztahy\\\/spravy-medzinarodne-vztahy\\\/#breadcrumb\"},\"inLanguage\":\"sk-SK\",\"potentialAction\":[{\"@type\":\"ReadAction\",\"target\":[\"https:\\\/\\\/www.upjs.sk\\\/pravnicka-fakulta\\\/medzinarodne-vztahy\\\/medzinarodne-vztahy\\\/spravy-medzinarodne-vztahy\\\/\"]}]},{\"@type\":\"BreadcrumbList\",\"@id\":\"https:\\\/\\\/www.upjs.sk\\\/pravnicka-fakulta\\\/medzinarodne-vztahy\\\/medzinarodne-vztahy\\\/spravy-medzinarodne-vztahy\\\/#breadcrumb\",\"itemListElement\":[{\"@type\":\"ListItem\",\"position\":1,\"name\":\"Home\",\"item\":\"https:\\\/\\\/www.upjs.sk\\\/pravnicka-fakulta\\\/\"},{\"@type\":\"ListItem\",\"position\":2,\"name\":\"Medzin\u00e1rodn\u00e9 vz\u0165ahy\",\"item\":\"https:\\\/\\\/www.upjs.sk\\\/pravnicka-fakulta\\\/medzinarodne-vztahy\\\/\"},{\"@type\":\"ListItem\",\"position\":3,\"name\":\"Medzin\u00e1rodn\u00e9 vz\u0165ahy\",\"item\":\"https:\\\/\\\/www.upjs.sk\\\/pravnicka-fakulta\\\/medzinarodne-vztahy\\\/medzinarodne-vztahy\\\/\"},{\"@type\":\"ListItem\",\"position\":4,\"name\":\"Spr\u00e1vy o medzin\u00e1rodn\u00fdch vz\u0165ahoch\"}]},{\"@type\":\"WebSite\",\"@id\":\"https:\\\/\\\/www.upjs.sk\\\/pravnicka-fakulta\\\/#website\",\"url\":\"https:\\\/\\\/www.upjs.sk\\\/pravnicka-fakulta\\\/\",\"name\":\"Pr\u00e1vnick\u00e1 fakulta | UPJ\u0160\",\"description\":\"\",\"publisher\":{\"@id\":\"https:\\\/\\\/www.upjs.sk\\\/pravnicka-fakulta\\\/#organization\"},\"potentialAction\":[{\"@type\":\"SearchAction\",\"target\":{\"@type\":\"EntryPoint\",\"urlTemplate\":\"https:\\\/\\\/www.upjs.sk\\\/pravnicka-fakulta\\\/?s={search_term_string}\"},\"query-input\":{\"@type\":\"PropertyValueSpecification\",\"valueRequired\":true,\"valueName\":\"search_term_string\"}}],\"inLanguage\":\"sk-SK\"},{\"@type\":\"Organization\",\"@id\":\"https:\\\/\\\/www.upjs.sk\\\/pravnicka-fakulta\\\/#organization\",\"name\":\"Pr\u00e1vnick\u00e1 fakulta | UPJ\u0160\",\"url\":\"https:\\\/\\\/www.upjs.sk\\\/pravnicka-fakulta\\\/\",\"logo\":{\"@type\":\"ImageObject\",\"inLanguage\":\"sk-SK\",\"@id\":\"https:\\\/\\\/www.upjs.sk\\\/pravnicka-fakulta\\\/#\\\/schema\\\/logo\\\/image\\\/\",\"url\":\"https:\\\/\\\/www.upjs.sk\\\/app\\\/uploads\\\/sites\\\/11\\\/2022\\\/09\\\/logo-pravnicka-fakulta.png\",\"contentUrl\":\"https:\\\/\\\/www.upjs.sk\\\/app\\\/uploads\\\/sites\\\/11\\\/2022\\\/09\\\/logo-pravnicka-fakulta.png\",\"width\":415,\"height\":87,\"caption\":\"Pr\u00e1vnick\u00e1 fakulta | UPJ\u0160\"},\"image\":{\"@id\":\"https:\\\/\\\/www.upjs.sk\\\/pravnicka-fakulta\\\/#\\\/schema\\\/logo\\\/image\\\/\"}}]}<\/script>\n<!-- \/ Yoast SEO plugin. -->","yoast_head_json":{"title":"Spr\u00e1vy o medzin\u00e1rodn\u00fdch vz\u0165ahoch - Pr\u00e1vnick\u00e1 fakulta | UPJ\u0160","robots":{"index":"index","follow":"follow","max-snippet":"max-snippet:-1","max-image-preview":"max-image-preview:large","max-video-preview":"max-video-preview:-1"},"canonical":"https:\/\/www.upjs.sk\/pravnicka-fakulta\/medzinarodne-vztahy\/medzinarodne-vztahy\/spravy-medzinarodne-vztahy\/","og_locale":"sk_SK","og_type":"article","og_title":"Spr\u00e1vy o medzin\u00e1rodn\u00fdch vz\u0165ahoch - Pr\u00e1vnick\u00e1 fakulta | UPJ\u0160","og_description":"2000 2001 2002 2003 2004 2005 2006 2007 2008 2009 2010 2011 2012 2013 2014 2015 2016 2017 2018 2019 2020 2021 2022 2023 2024","og_url":"https:\/\/www.upjs.sk\/pravnicka-fakulta\/medzinarodne-vztahy\/medzinarodne-vztahy\/spravy-medzinarodne-vztahy\/","og_site_name":"Pr\u00e1vnick\u00e1 fakulta | UPJ\u0160","article_modified_time":"2025-12-11T08:46:56+00:00","twitter_card":"summary_large_image","twitter_misc":{"Predpokladan\u00fd \u010das \u010d\u00edtania":"1 min\u00fata"},"schema":{"@context":"https:\/\/schema.org","@graph":[{"@type":"WebPage","@id":"https:\/\/www.upjs.sk\/pravnicka-fakulta\/medzinarodne-vztahy\/medzinarodne-vztahy\/spravy-medzinarodne-vztahy\/","url":"https:\/\/www.upjs.sk\/pravnicka-fakulta\/medzinarodne-vztahy\/medzinarodne-vztahy\/spravy-medzinarodne-vztahy\/","name":"Spr\u00e1vy o medzin\u00e1rodn\u00fdch vz\u0165ahoch - Pr\u00e1vnick\u00e1 fakulta | UPJ\u0160","isPartOf":{"@id":"https:\/\/www.upjs.sk\/pravnicka-fakulta\/#website"},"datePublished":"2022-09-09T13:54:36+00:00","dateModified":"2025-12-11T08:46:56+00:00","breadcrumb":{"@id":"https:\/\/www.upjs.sk\/pravnicka-fakulta\/medzinarodne-vztahy\/medzinarodne-vztahy\/spravy-medzinarodne-vztahy\/#breadcrumb"},"inLanguage":"sk-SK","potentialAction":[{"@type":"ReadAction","target":["https:\/\/www.upjs.sk\/pravnicka-fakulta\/medzinarodne-vztahy\/medzinarodne-vztahy\/spravy-medzinarodne-vztahy\/"]}]},{"@type":"BreadcrumbList","@id":"https:\/\/www.upjs.sk\/pravnicka-fakulta\/medzinarodne-vztahy\/medzinarodne-vztahy\/spravy-medzinarodne-vztahy\/#breadcrumb","itemListElement":[{"@type":"ListItem","position":1,"name":"Home","item":"https:\/\/www.upjs.sk\/pravnicka-fakulta\/"},{"@type":"ListItem","position":2,"name":"Medzin\u00e1rodn\u00e9 vz\u0165ahy","item":"https:\/\/www.upjs.sk\/pravnicka-fakulta\/medzinarodne-vztahy\/"},{"@type":"ListItem","position":3,"name":"Medzin\u00e1rodn\u00e9 vz\u0165ahy","item":"https:\/\/www.upjs.sk\/pravnicka-fakulta\/medzinarodne-vztahy\/medzinarodne-vztahy\/"},{"@type":"ListItem","position":4,"name":"Spr\u00e1vy o medzin\u00e1rodn\u00fdch vz\u0165ahoch"}]},{"@type":"WebSite","@id":"https:\/\/www.upjs.sk\/pravnicka-fakulta\/#website","url":"https:\/\/www.upjs.sk\/pravnicka-fakulta\/","name":"Pr\u00e1vnick\u00e1 fakulta | UPJ\u0160","description":"","publisher":{"@id":"https:\/\/www.upjs.sk\/pravnicka-fakulta\/#organization"},"potentialAction":[{"@type":"SearchAction","target":{"@type":"EntryPoint","urlTemplate":"https:\/\/www.upjs.sk\/pravnicka-fakulta\/?s={search_term_string}"},"query-input":{"@type":"PropertyValueSpecification","valueRequired":true,"valueName":"search_term_string"}}],"inLanguage":"sk-SK"},{"@type":"Organization","@id":"https:\/\/www.upjs.sk\/pravnicka-fakulta\/#organization","name":"Pr\u00e1vnick\u00e1 fakulta | UPJ\u0160","url":"https:\/\/www.upjs.sk\/pravnicka-fakulta\/","logo":{"@type":"ImageObject","inLanguage":"sk-SK","@id":"https:\/\/www.upjs.sk\/pravnicka-fakulta\/#\/schema\/logo\/image\/","url":"https:\/\/www.upjs.sk\/app\/uploads\/sites\/11\/2022\/09\/logo-pravnicka-fakulta.png","contentUrl":"https:\/\/www.upjs.sk\/app\/uploads\/sites\/11\/2022\/09\/logo-pravnicka-fakulta.png","width":415,"height":87,"caption":"Pr\u00e1vnick\u00e1 fakulta | UPJ\u0160"},"image":{"@id":"https:\/\/www.upjs.sk\/pravnicka-fakulta\/#\/schema\/logo\/image\/"}}]}},"_links":{"self":[{"href":"https:\/\/www.upjs.sk\/pravnicka-fakulta\/wp-json\/wp\/v2\/pages\/13703","targetHints":{"allow":["GET"]}}],"collection":[{"href":"https:\/\/www.upjs.sk\/pravnicka-fakulta\/wp-json\/wp\/v2\/pages"}],"about":[{"href":"https:\/\/www.upjs.sk\/pravnicka-fakulta\/wp-json\/wp\/v2\/types\/page"}],"author":[{"embeddable":true,"href":"https:\/\/www.upjs.sk\/pravnicka-fakulta\/wp-json\/wp\/v2\/users\/1"}],"replies":[{"embeddable":true,"href":"https:\/\/www.upjs.sk\/pravnicka-fakulta\/wp-json\/wp\/v2\/comments?post=13703"}],"version-history":[{"count":6,"href":"https:\/\/www.upjs.sk\/pravnicka-fakulta\/wp-json\/wp\/v2\/pages\/13703\/revisions"}],"predecessor-version":[{"id":50790,"href":"https:\/\/www.upjs.sk\/pravnicka-fakulta\/wp-json\/wp\/v2\/pages\/13703\/revisions\/50790"}],"up":[{"embeddable":true,"href":"https:\/\/www.upjs.sk\/pravnicka-fakulta\/wp-json\/wp\/v2\/pages\/13040"}],"wp:attachment":[{"href":"https:\/\/www.upjs.sk\/pravnicka-fakulta\/wp-json\/wp\/v2\/media?parent=13703"}],"wp:term":[{"taxonomy":"category","embeddable":true,"href":"https:\/\/www.upjs.sk\/pravnicka-fakulta\/wp-json\/wp\/v2\/categories?post=13703"},{"taxonomy":"post_tag","embeddable":true,"href":"https:\/\/www.upjs.sk\/pravnicka-fakulta\/wp-json\/wp\/v2\/tags?post=13703"}],"curies":[{"name":"wp","href":"https:\/\/api.w.org\/{rel}","templated":true}]}}