{"id":13719,"date":"2016-03-16T14:08:39","date_gmt":"2016-03-16T14:08:39","guid":{"rendered":"https:\/\/www.upjs.sk\/pravnicka-fakulta\/medzinarodne-vztahy\/llp-erasmus\/kriteria-sposobilosti-mobility-ucitelov\/"},"modified":"2022-10-24T16:54:58","modified_gmt":"2022-10-24T16:54:58","slug":"kriteria-sposobilosti-mobility-ucitelov","status":"publish","type":"page","link":"https:\/\/www.upjs.sk\/pravnicka-fakulta\/medzinarodne-vztahy\/erasmus\/kriteria-sposobilosti-mobility-ucitelov\/","title":{"rendered":"Krit\u00e9ria sp\u00f4sobilosti mobility u\u010dite\u013eov"},"content":{"rendered":"<p>\u00a0<\/p>\n<p><!-- Text --><\/p>\n<div><strong>1.\u00a0\u00a0\u00a0\u00a0\u00a0\u00a0\u00a0\u00a0 <u>Spravovanie prostriedkov vy\u010dlenen\u00fdch na mobility u\u010dite\u013eov<\/u><\/strong><\/div>\n<div>\u00a0<\/div>\n<div><strong>1.1\u00a0\u00a0 Vysielan\u00ed u\u010ditelia<\/strong><\/div>\n<div>\u00a0<\/div>\n<div>Finan\u010dn\u00e9 prostriedky, vy\u010dlenen\u00e9 v r\u00e1mci programu SOCRATES, podprogramu ERASMUS Akcia 2.2 \u2013 grant na mobilitu u\u010dite\u013eov, bud\u00fa poskytnut\u00e9 u\u010dite\u013eom, ktor\u00ed sa z\u00fa\u010dast\u0148uj\u00fa na mobilitnom programe na z\u00e1klade In\u0161titucion\u00e1lneho kontraktu vysielaj\u00facej in\u0161tit\u00facie. U\u010dite\u013e mus\u00ed by\u0165 zamestnancom vysielaj\u00facej in\u0161tit\u00facie.<\/div>\n<div>Pre ka\u017ed\u00fa mobilitu plat\u00ed: in\u0161tit\u00facia prij\u00edmaj\u00faca u\u010dite\u013eov sa mus\u00ed nach\u00e1dza\u0165 v\u00a0\u010dlenskom \u0161t\u00e1te Eur\u00f3pskej \u00fanie (v\u00fdmena v\u00a0r\u00e1mci in\u0161tit\u00facii z ne\u010dlensk\u00fdch \u0161t\u00e1tov nie je mo\u017en\u00e1).<\/div>\n<div>\u00a0<\/div>\n<div><strong>2.\u00a0\u00a0\u00a0\u00a0\u00a0\u00a0\u00a0\u00a0 <u>Sp\u00f4sobilos\u0165 a krit\u00e9ri\u00e1 v\u00fdberu<\/u><\/strong><\/div>\n<ul>\n<li>Grant je len <strong>pr\u00edspevkom<\/strong> k finan\u010dn\u00fdm n\u00e1kladom potrebn\u00fdm na vycestovanie u\u010dite\u013ea na mobilitu;<\/li>\n<li>Pre ka\u017ed\u00fa mobilitu plat\u00ed, \u017ee in\u0161tit\u00facia prij\u00edmaj\u00faca u\u010dite\u013ea sa mus\u00ed nach\u00e1dza\u0165 v \u010dlenskom \u0161t\u00e1te Eur\u00f3pskej \u00fanie a mus\u00ed ma\u0165 uzatvoren\u00fa bilater\u00e1lnu zmluvu v r\u00e1mci In\u0161titucion\u00e1lneho kontraktu medzi vysielaj\u00facou a\u00a0prij\u00edmaj\u00facou in\u0161tit\u00faciou;<\/li>\n<li>U\u010dite\u013e mus\u00ed by\u0165 zamestnancom vysielaj\u00facej in\u0161tit\u00facie na pln\u00fd \u00fav\u00e4zok;<\/li>\n<li>U\u010dite\u013e mus\u00ed by\u0165 ob\u010danom Slovenskej republiky, alebo ma\u0165 v krajine trval\u00fd pobyt, alebo mus\u00ed mu by\u0165 priznan\u00e9, \u017ee je bez \u0161t\u00e1tnej pr\u00edslu\u0161nosti, alebo m\u00e1 \u0161tat\u00fat ute\u010denca v Slovenskej republike;<\/li>\n<li>U\u010dite\u013esk\u00e1 mobilita je <strong>ur\u010den\u00e1 v\u00fdlu\u010dne na v\u00fdu\u010dbu na partnerskej prij\u00edmaj\u00facej in\u0161tit\u00facii<\/strong>, ktor\u00e1 mus\u00ed tvori\u0165 integr\u00e1lnu s\u00fa\u010das\u0165 \u0161tudijn\u00e9ho programu na prij\u00edmaj\u00facej in\u0161tit\u00facii;<\/li>\n<li>Prednos\u0165 maj\u00fa mobility, ktor\u00e9 bud\u00fa vies\u0165 aj:<br \/>\n\t&#8211;\u00a0\u00a0k pr\u00edprave nov\u00fdch u\u010debn\u00fdch materi\u00e1lov;<br \/>\n\t&#8211;\u00a0\u00a0k \u0161ir\u0161ej spolupr\u00e1ci medzi katedrami a fakultami a ktor\u00e9 pripravuj\u00fa bud\u00facu spolupr\u00e1cu;<\/li>\n<li>Minim\u00e1lna d\u013a\u017eka pobytu u\u010dite\u013ea v zahrani\u010d\u00ed je <strong>1 t\u00fd\u017ede\u0148 (alebo 8 odu\u010den\u00fdch hod\u00edn) a maxim\u00e1lna d\u013a\u017eka je cel\u00fd semester (6 mesiacov)<\/strong>;<\/li>\n<li>V r\u00e1mci vysielania \u010do najv\u00e4\u010d\u0161ieho po\u010dtu u\u010dite\u013eov, grant na mobilitu u\u010dite\u013ea sa m\u00f4\u017ee prideli\u0165 dvakr\u00e1t tomu ist\u00e9mu u\u010dite\u013eovi v jednom \u0161kolskom roku. Prednos\u0165 bud\u00fa ma\u0165 u\u010ditelia, ktor\u00ed po\u017eiadaj\u00fa o grant prv\u00fdkr\u00e1t.<\/li>\n<\/ul>\n<div><strong>3.\u00a0\u00a0\u00a0\u00a0\u00a0\u00a0\u00a0\u00a0 <u>V\u00fd\u0161ka grantu<\/u><\/strong><\/div>\n<ul>\n<li>Priemern\u00fd grant na 1\u00a0 t\u00fd\u017ede\u0148 je <strong>500 EUR<\/strong>;<\/li>\n<li>Maxim\u00e1lny grant na 1 t\u00fd\u017ede\u0148 je <strong>800 EUR<\/strong>;<\/li>\n<li>Maxim\u00e1lny mo\u017en\u00fd grant na cel\u00fd pobyt\u00a0 je <strong>2000 EUR<\/strong> (minim\u00e1lne 3 t\u00fd\u017edne);<br \/>\n\t\u00a0<\/li>\n<li>Maxim\u00e1lne granty m\u00f4\u017eu by\u0165 prekro\u010den\u00e9 len vo v\u00fdnimo\u010dn\u00fdch pr\u00edpadoch (napr. vysok\u00e9 cestovn\u00e9 n\u00e1klady, \u0161peci\u00e1lne potreby u\u010dite\u013ea, d\u013a\u017eka pobytu)\u00a0 a\u00a0ka\u017ed\u00fd pr\u00edpad mus\u00ed by\u0165 p\u00edsomne schv\u00e1len\u00fd n\u00e1rodnou kancel\u00e1riou.<\/li>\n<\/ul>\n<div><strong>4.\u00a0\u00a0\u00a0\u00a0\u00a0\u00a0\u00a0\u00a0 <u>Pou\u017eitie grantu<\/u><\/strong><\/div>\n<div>\u00a0<\/div>\n<div>Grant na u\u010dite\u013esk\u00fa mobilitu m\u00f4\u017ee by\u0165 pou\u017eit\u00fd na niektor\u00e9 z t\u00fdchto polo\u017eiek:<\/div>\n<ul>\n<li>cestovn\u00e9 n\u00e1klady do nav\u0161t\u00edvenej krajiny;<\/li>\n<li>ubytovanie v hostite\u013eskej krajine;<\/li>\n<li>poistenie;<\/li>\n<li>cestovn\u00e9 n\u00e1hrady.<\/li>\n<\/ul>\n<p>\u00a0\u00a0\u00a0\u00a0\u00a0\u00a0\u00a0\u00a0\u00a0\u00a0\u00a0\u00a0<\/p>\n","protected":false},"excerpt":{"rendered":"<p>\u00a0 1.\u00a0\u00a0\u00a0\u00a0\u00a0\u00a0\u00a0\u00a0 Spravovanie prostriedkov vy\u010dlenen\u00fdch na mobility u\u010dite\u013eov \u00a0 1.1\u00a0\u00a0 Vysielan\u00ed u\u010ditelia \u00a0 Finan\u010dn\u00e9 prostriedky, vy\u010dlenen\u00e9 v r\u00e1mci programu SOCRATES, podprogramu ERASMUS Akcia 2.2 \u2013 grant na mobilitu u\u010dite\u013eov, bud\u00fa poskytnut\u00e9 u\u010dite\u013eom, ktor\u00ed sa z\u00fa\u010dast\u0148uj\u00fa na mobilitnom programe na z\u00e1klade In\u0161titucion\u00e1lneho kontraktu vysielaj\u00facej in\u0161tit\u00facie. U\u010dite\u013e mus\u00ed by\u0165 zamestnancom vysielaj\u00facej in\u0161tit\u00facie. Pre ka\u017ed\u00fa mobilitu plat\u00ed: in\u0161tit\u00facia &hellip; <a href=\"https:\/\/www.upjs.sk\/pravnicka-fakulta\/medzinarodne-vztahy\/erasmus\/kriteria-sposobilosti-mobility-ucitelov\/\">\u010c\u00edta\u0165 \u010falej<\/a><\/p>\n","protected":false},"author":1,"featured_media":0,"parent":13068,"menu_order":1,"comment_status":"closed","ping_status":"closed","template":"","meta":{"_acf_changed":false,"_editorskit_title_hidden":false,"_editorskit_reading_time":0,"_editorskit_is_block_options_detached":false,"_editorskit_block_options_position":"{}","footnotes":""},"categories":[],"tags":[],"class_list":["post-13719","page","type-page","status-publish","hentry"],"acf":{"acf_link_na_externy_obsah":""},"yoast_head":"<!-- This site is optimized with the Yoast SEO plugin v27.2 - https:\/\/yoast.com\/product\/yoast-seo-wordpress\/ -->\n<title>Krit\u00e9ria sp\u00f4sobilosti mobility u\u010dite\u013eov - Pr\u00e1vnick\u00e1 fakulta | UPJ\u0160<\/title>\n<meta name=\"robots\" content=\"index, follow, max-snippet:-1, max-image-preview:large, max-video-preview:-1\" \/>\n<link rel=\"canonical\" href=\"https:\/\/www.upjs.sk\/pravnicka-fakulta\/medzinarodne-vztahy\/erasmus\/kriteria-sposobilosti-mobility-ucitelov\/\" \/>\n<meta property=\"og:locale\" content=\"sk_SK\" \/>\n<meta property=\"og:type\" content=\"article\" \/>\n<meta property=\"og:title\" content=\"Krit\u00e9ria sp\u00f4sobilosti mobility u\u010dite\u013eov - Pr\u00e1vnick\u00e1 fakulta | UPJ\u0160\" \/>\n<meta property=\"og:description\" content=\"\u00a0 1.\u00a0\u00a0\u00a0\u00a0\u00a0\u00a0\u00a0\u00a0 Spravovanie prostriedkov vy\u010dlenen\u00fdch na mobility u\u010dite\u013eov \u00a0 1.1\u00a0\u00a0 Vysielan\u00ed u\u010ditelia \u00a0 Finan\u010dn\u00e9 prostriedky, vy\u010dlenen\u00e9 v r\u00e1mci programu SOCRATES, podprogramu ERASMUS Akcia 2.2 \u2013 grant na mobilitu u\u010dite\u013eov, bud\u00fa poskytnut\u00e9 u\u010dite\u013eom, ktor\u00ed sa z\u00fa\u010dast\u0148uj\u00fa na mobilitnom programe na z\u00e1klade In\u0161titucion\u00e1lneho kontraktu vysielaj\u00facej in\u0161tit\u00facie. U\u010dite\u013e mus\u00ed by\u0165 zamestnancom vysielaj\u00facej in\u0161tit\u00facie. Pre ka\u017ed\u00fa mobilitu plat\u00ed: in\u0161tit\u00facia &hellip; \u010c\u00edta\u0165 \u010falej\" \/>\n<meta property=\"og:url\" content=\"https:\/\/www.upjs.sk\/pravnicka-fakulta\/medzinarodne-vztahy\/erasmus\/kriteria-sposobilosti-mobility-ucitelov\/\" \/>\n<meta property=\"og:site_name\" content=\"Pr\u00e1vnick\u00e1 fakulta | UPJ\u0160\" \/>\n<meta property=\"article:modified_time\" content=\"2022-10-24T16:54:58+00:00\" \/>\n<meta name=\"twitter:card\" content=\"summary_large_image\" \/>\n<meta name=\"twitter:label1\" content=\"Predpokladan\u00fd \u010das \u010d\u00edtania\" \/>\n\t<meta name=\"twitter:data1\" content=\"3 min\u00faty\" \/>\n<script type=\"application\/ld+json\" class=\"yoast-schema-graph\">{\"@context\":\"https:\/\/schema.org\",\"@graph\":[{\"@type\":\"WebPage\",\"@id\":\"https:\/\/www.upjs.sk\/pravnicka-fakulta\/medzinarodne-vztahy\/erasmus\/kriteria-sposobilosti-mobility-ucitelov\/\",\"url\":\"https:\/\/www.upjs.sk\/pravnicka-fakulta\/medzinarodne-vztahy\/erasmus\/kriteria-sposobilosti-mobility-ucitelov\/\",\"name\":\"Krit\u00e9ria sp\u00f4sobilosti mobility u\u010dite\u013eov - Pr\u00e1vnick\u00e1 fakulta | UPJ\u0160\",\"isPartOf\":{\"@id\":\"https:\/\/www.upjs.sk\/pravnicka-fakulta\/#website\"},\"datePublished\":\"2016-03-16T14:08:39+00:00\",\"dateModified\":\"2022-10-24T16:54:58+00:00\",\"breadcrumb\":{\"@id\":\"https:\/\/www.upjs.sk\/pravnicka-fakulta\/medzinarodne-vztahy\/erasmus\/kriteria-sposobilosti-mobility-ucitelov\/#breadcrumb\"},\"inLanguage\":\"sk-SK\",\"potentialAction\":[{\"@type\":\"ReadAction\",\"target\":[\"https:\/\/www.upjs.sk\/pravnicka-fakulta\/medzinarodne-vztahy\/erasmus\/kriteria-sposobilosti-mobility-ucitelov\/\"]}]},{\"@type\":\"BreadcrumbList\",\"@id\":\"https:\/\/www.upjs.sk\/pravnicka-fakulta\/medzinarodne-vztahy\/erasmus\/kriteria-sposobilosti-mobility-ucitelov\/#breadcrumb\",\"itemListElement\":[{\"@type\":\"ListItem\",\"position\":1,\"name\":\"Home\",\"item\":\"https:\/\/www.upjs.sk\/pravnicka-fakulta\/\"},{\"@type\":\"ListItem\",\"position\":2,\"name\":\"Medzin\u00e1rodn\u00e9 vz\u0165ahy\",\"item\":\"https:\/\/www.upjs.sk\/pravnicka-fakulta\/medzinarodne-vztahy\/\"},{\"@type\":\"ListItem\",\"position\":3,\"name\":\"Erasmus+ 2021-2027\",\"item\":\"https:\/\/www.upjs.sk\/pravnicka-fakulta\/medzinarodne-vztahy\/erasmus\/\"},{\"@type\":\"ListItem\",\"position\":4,\"name\":\"Krit\u00e9ria sp\u00f4sobilosti mobility u\u010dite\u013eov\"}]},{\"@type\":\"WebSite\",\"@id\":\"https:\/\/www.upjs.sk\/pravnicka-fakulta\/#website\",\"url\":\"https:\/\/www.upjs.sk\/pravnicka-fakulta\/\",\"name\":\"Pr\u00e1vnick\u00e1 fakulta | UPJ\u0160\",\"description\":\"\",\"publisher\":{\"@id\":\"https:\/\/www.upjs.sk\/pravnicka-fakulta\/#organization\"},\"potentialAction\":[{\"@type\":\"SearchAction\",\"target\":{\"@type\":\"EntryPoint\",\"urlTemplate\":\"https:\/\/www.upjs.sk\/pravnicka-fakulta\/?s={search_term_string}\"},\"query-input\":{\"@type\":\"PropertyValueSpecification\",\"valueRequired\":true,\"valueName\":\"search_term_string\"}}],\"inLanguage\":\"sk-SK\"},{\"@type\":\"Organization\",\"@id\":\"https:\/\/www.upjs.sk\/pravnicka-fakulta\/#organization\",\"name\":\"Pr\u00e1vnick\u00e1 fakulta | UPJ\u0160\",\"url\":\"https:\/\/www.upjs.sk\/pravnicka-fakulta\/\",\"logo\":{\"@type\":\"ImageObject\",\"inLanguage\":\"sk-SK\",\"@id\":\"https:\/\/www.upjs.sk\/pravnicka-fakulta\/#\/schema\/logo\/image\/\",\"url\":\"https:\/\/www.upjs.sk\/app\/uploads\/sites\/11\/2022\/09\/logo-pravnicka-fakulta.png\",\"contentUrl\":\"https:\/\/www.upjs.sk\/app\/uploads\/sites\/11\/2022\/09\/logo-pravnicka-fakulta.png\",\"width\":415,\"height\":87,\"caption\":\"Pr\u00e1vnick\u00e1 fakulta | UPJ\u0160\"},\"image\":{\"@id\":\"https:\/\/www.upjs.sk\/pravnicka-fakulta\/#\/schema\/logo\/image\/\"}}]}<\/script>\n<!-- \/ Yoast SEO plugin. -->","yoast_head_json":{"title":"Krit\u00e9ria sp\u00f4sobilosti mobility u\u010dite\u013eov - Pr\u00e1vnick\u00e1 fakulta | UPJ\u0160","robots":{"index":"index","follow":"follow","max-snippet":"max-snippet:-1","max-image-preview":"max-image-preview:large","max-video-preview":"max-video-preview:-1"},"canonical":"https:\/\/www.upjs.sk\/pravnicka-fakulta\/medzinarodne-vztahy\/erasmus\/kriteria-sposobilosti-mobility-ucitelov\/","og_locale":"sk_SK","og_type":"article","og_title":"Krit\u00e9ria sp\u00f4sobilosti mobility u\u010dite\u013eov - Pr\u00e1vnick\u00e1 fakulta | UPJ\u0160","og_description":"\u00a0 1.\u00a0\u00a0\u00a0\u00a0\u00a0\u00a0\u00a0\u00a0 Spravovanie prostriedkov vy\u010dlenen\u00fdch na mobility u\u010dite\u013eov \u00a0 1.1\u00a0\u00a0 Vysielan\u00ed u\u010ditelia \u00a0 Finan\u010dn\u00e9 prostriedky, vy\u010dlenen\u00e9 v r\u00e1mci programu SOCRATES, podprogramu ERASMUS Akcia 2.2 \u2013 grant na mobilitu u\u010dite\u013eov, bud\u00fa poskytnut\u00e9 u\u010dite\u013eom, ktor\u00ed sa z\u00fa\u010dast\u0148uj\u00fa na mobilitnom programe na z\u00e1klade In\u0161titucion\u00e1lneho kontraktu vysielaj\u00facej in\u0161tit\u00facie. U\u010dite\u013e mus\u00ed by\u0165 zamestnancom vysielaj\u00facej in\u0161tit\u00facie. Pre ka\u017ed\u00fa mobilitu plat\u00ed: in\u0161tit\u00facia &hellip; \u010c\u00edta\u0165 \u010falej","og_url":"https:\/\/www.upjs.sk\/pravnicka-fakulta\/medzinarodne-vztahy\/erasmus\/kriteria-sposobilosti-mobility-ucitelov\/","og_site_name":"Pr\u00e1vnick\u00e1 fakulta | UPJ\u0160","article_modified_time":"2022-10-24T16:54:58+00:00","twitter_card":"summary_large_image","twitter_misc":{"Predpokladan\u00fd \u010das \u010d\u00edtania":"3 min\u00faty"},"schema":{"@context":"https:\/\/schema.org","@graph":[{"@type":"WebPage","@id":"https:\/\/www.upjs.sk\/pravnicka-fakulta\/medzinarodne-vztahy\/erasmus\/kriteria-sposobilosti-mobility-ucitelov\/","url":"https:\/\/www.upjs.sk\/pravnicka-fakulta\/medzinarodne-vztahy\/erasmus\/kriteria-sposobilosti-mobility-ucitelov\/","name":"Krit\u00e9ria sp\u00f4sobilosti mobility u\u010dite\u013eov - Pr\u00e1vnick\u00e1 fakulta | UPJ\u0160","isPartOf":{"@id":"https:\/\/www.upjs.sk\/pravnicka-fakulta\/#website"},"datePublished":"2016-03-16T14:08:39+00:00","dateModified":"2022-10-24T16:54:58+00:00","breadcrumb":{"@id":"https:\/\/www.upjs.sk\/pravnicka-fakulta\/medzinarodne-vztahy\/erasmus\/kriteria-sposobilosti-mobility-ucitelov\/#breadcrumb"},"inLanguage":"sk-SK","potentialAction":[{"@type":"ReadAction","target":["https:\/\/www.upjs.sk\/pravnicka-fakulta\/medzinarodne-vztahy\/erasmus\/kriteria-sposobilosti-mobility-ucitelov\/"]}]},{"@type":"BreadcrumbList","@id":"https:\/\/www.upjs.sk\/pravnicka-fakulta\/medzinarodne-vztahy\/erasmus\/kriteria-sposobilosti-mobility-ucitelov\/#breadcrumb","itemListElement":[{"@type":"ListItem","position":1,"name":"Home","item":"https:\/\/www.upjs.sk\/pravnicka-fakulta\/"},{"@type":"ListItem","position":2,"name":"Medzin\u00e1rodn\u00e9 vz\u0165ahy","item":"https:\/\/www.upjs.sk\/pravnicka-fakulta\/medzinarodne-vztahy\/"},{"@type":"ListItem","position":3,"name":"Erasmus+ 2021-2027","item":"https:\/\/www.upjs.sk\/pravnicka-fakulta\/medzinarodne-vztahy\/erasmus\/"},{"@type":"ListItem","position":4,"name":"Krit\u00e9ria sp\u00f4sobilosti mobility u\u010dite\u013eov"}]},{"@type":"WebSite","@id":"https:\/\/www.upjs.sk\/pravnicka-fakulta\/#website","url":"https:\/\/www.upjs.sk\/pravnicka-fakulta\/","name":"Pr\u00e1vnick\u00e1 fakulta | UPJ\u0160","description":"","publisher":{"@id":"https:\/\/www.upjs.sk\/pravnicka-fakulta\/#organization"},"potentialAction":[{"@type":"SearchAction","target":{"@type":"EntryPoint","urlTemplate":"https:\/\/www.upjs.sk\/pravnicka-fakulta\/?s={search_term_string}"},"query-input":{"@type":"PropertyValueSpecification","valueRequired":true,"valueName":"search_term_string"}}],"inLanguage":"sk-SK"},{"@type":"Organization","@id":"https:\/\/www.upjs.sk\/pravnicka-fakulta\/#organization","name":"Pr\u00e1vnick\u00e1 fakulta | UPJ\u0160","url":"https:\/\/www.upjs.sk\/pravnicka-fakulta\/","logo":{"@type":"ImageObject","inLanguage":"sk-SK","@id":"https:\/\/www.upjs.sk\/pravnicka-fakulta\/#\/schema\/logo\/image\/","url":"https:\/\/www.upjs.sk\/app\/uploads\/sites\/11\/2022\/09\/logo-pravnicka-fakulta.png","contentUrl":"https:\/\/www.upjs.sk\/app\/uploads\/sites\/11\/2022\/09\/logo-pravnicka-fakulta.png","width":415,"height":87,"caption":"Pr\u00e1vnick\u00e1 fakulta | UPJ\u0160"},"image":{"@id":"https:\/\/www.upjs.sk\/pravnicka-fakulta\/#\/schema\/logo\/image\/"}}]}},"_links":{"self":[{"href":"https:\/\/www.upjs.sk\/pravnicka-fakulta\/wp-json\/wp\/v2\/pages\/13719","targetHints":{"allow":["GET"]}}],"collection":[{"href":"https:\/\/www.upjs.sk\/pravnicka-fakulta\/wp-json\/wp\/v2\/pages"}],"about":[{"href":"https:\/\/www.upjs.sk\/pravnicka-fakulta\/wp-json\/wp\/v2\/types\/page"}],"author":[{"embeddable":true,"href":"https:\/\/www.upjs.sk\/pravnicka-fakulta\/wp-json\/wp\/v2\/users\/1"}],"replies":[{"embeddable":true,"href":"https:\/\/www.upjs.sk\/pravnicka-fakulta\/wp-json\/wp\/v2\/comments?post=13719"}],"version-history":[{"count":1,"href":"https:\/\/www.upjs.sk\/pravnicka-fakulta\/wp-json\/wp\/v2\/pages\/13719\/revisions"}],"predecessor-version":[{"id":19522,"href":"https:\/\/www.upjs.sk\/pravnicka-fakulta\/wp-json\/wp\/v2\/pages\/13719\/revisions\/19522"}],"up":[{"embeddable":true,"href":"https:\/\/www.upjs.sk\/pravnicka-fakulta\/wp-json\/wp\/v2\/pages\/13068"}],"wp:attachment":[{"href":"https:\/\/www.upjs.sk\/pravnicka-fakulta\/wp-json\/wp\/v2\/media?parent=13719"}],"wp:term":[{"taxonomy":"category","embeddable":true,"href":"https:\/\/www.upjs.sk\/pravnicka-fakulta\/wp-json\/wp\/v2\/categories?post=13719"},{"taxonomy":"post_tag","embeddable":true,"href":"https:\/\/www.upjs.sk\/pravnicka-fakulta\/wp-json\/wp\/v2\/tags?post=13719"}],"curies":[{"name":"wp","href":"https:\/\/api.w.org\/{rel}","templated":true}]}}